{"id":39282,"date":"2024-02-13T17:09:46","date_gmt":"2024-02-13T15:09:46","guid":{"rendered":"https:\/\/balticoverlanders.eu\/product\/dometic-go-hydration-vesikannu-11l\/"},"modified":"2024-05-06T22:41:51","modified_gmt":"2024-05-06T19:41:51","slug":"dometic-go-hydration-vesikannu-11l","status":"publish","type":"product","link":"https:\/\/balticoverlanders.eu\/fi\/tuote\/dometic-go-hydration-vesikannu-11l\/","title":{"rendered":"Dometic GO Hydration vesikannu 11L"},"content":{"rendered":"<div class=\"w-full text-token-text-primary\" data-testid=\"conversation-turn-3\">\n<div class=\"px-4 py-2 justify-center text-base md:gap-6 m-auto\">\n<div class=\"flex flex-1 text-base mx-auto gap-3 md:px-5 lg:px-1 xl:px-5 md:max-w-3xl lg:max-w-[40rem] xl:max-w-[48rem] group final-completion\">\n<div class=\"relative flex w-full flex-col agent-turn\">\n<div class=\"flex-col gap-1 md:gap-3\">\n<div class=\"flex flex-grow flex-col max-w-full\">\n<div class=\"min-h-[20px] text-message flex flex-col items-start gap-3 whitespace-pre-wrap break-words [.text-message+&amp;]:mt-5 overflow-x-auto\" data-message-author-role=\"assistant\" data-message-id=\"1d1e59ca-7415-4ce4-ad6e-b742e75fc7e0\">\n<div class=\"markdown prose w-full break-words dark:prose-invert dark\">\n<p><strong>Esittelyss\u00e4 Dometic GO Hydration -vesikannu 11 litraa<\/strong><\/p>\n<p>Dometic HYD J11 Hydration Water Jug 11L -vesikannulla pysyt nesteytettyn\u00e4 miss\u00e4 tahansa seikkailusi viev\u00e4tkin sinut. T\u00e4m\u00e4 k\u00e4tev\u00e4ksi ja kest\u00e4v\u00e4ksi suunniteltu vesikannu on v\u00e4ltt\u00e4m\u00e4t\u00f6n kumppani retkeilyyn, ulkoilma-aktiviteetteihin tai ajoneuvossa pit\u00e4miseen h\u00e4t\u00e4tilanteita varten.<\/p>\n<p><strong>Ominaisuudet:<\/strong><\/p>\n<ul>\n<li><strong>Tilavuuden maksimointi:<\/strong> Toisin kuin tavallisissa 10 litran s\u00e4ili\u00f6iss\u00e4, vesikannuun mahtuu vaikuttava 11 litraa, mik\u00e4 takaa, ett\u00e4 sinulla on runsaasti vett\u00e4 aina ja kaikkialla.<\/li>\n<li><strong>Useita annosteluvaihtoehtoja:<\/strong> Varustettu kahdella aukolla vaivatonta t\u00e4ytt\u00f6\u00e4, annostelua ja puhdistusta varten, mik\u00e4 tekee nesteytyksest\u00e4 vaivatonta.<\/li>\n<li><strong>Helppo kuljettaa:<\/strong> Mukavat, irrotettavat kantokahvat mahdollistavat vaivattoman kuljetuksen autosta leirint\u00e4alueelle.<\/li>\n<li><strong>Vankka rakenne:<\/strong> BPA-vapaasta, elintarvikek\u00e4ytt\u00f6\u00f6n soveltuvasta LDPE:st\u00e4 turvallisuuden ja kest\u00e4vyyden takaamiseksi, jotta vesi pysyy puhtaana ja raikkaana.<\/li>\n<li><strong>Monipuolinen liitett\u00e4vyys:<\/strong> Sis\u00e4lt\u00e4\u00e4 hanan ja pikaliittimen lis\u00e4varusteiden kiinnitt\u00e4mist\u00e4 varten, joten voit mukauttaa nesteytyskokemustasi.<\/li>\n<li><strong>Yhteensopiva Hydration Water Faucet -vesihanan kanssa<\/strong>: Saumaton integrointi Hydration Water Faucet -vesihanan kanssa lis\u00e4\u00e4 mukavuutta ja toiminnallisuutta.<\/li>\n<\/ul>\n<p>Olitpa sitten retkeilem\u00e4ss\u00e4, vaeltamassa tai yksinkertaisesti liikkeell\u00e4, Dometic GO Hydration Water Jug 11L on luotettava ratkaisu, jolla pysyt nesteytettyn\u00e4 ja virke\u00e4n\u00e4.<\/p>\n<\/div>\n<\/div>\n<\/div>\n<div class=\"mt-1 flex justify-start gap-3 empty:hidden\">\n<div class=\"text-gray-400 flex self-end lg:self-center justify-center lg:justify-start mt-0 -ml-1 visible\">\n<p>&nbsp;<\/p>\n<div class=\"flex items-center gap-1.5 text-xs\"><\/div>\n<div class=\"flex\"><\/div>\n<\/div>\n<\/div>\n<\/div>\n<div class=\"absolute\">\n<div class=\"flex w-full gap-2 items-center justify-center\"><\/div>\n<\/div>\n<\/div>\n<\/div>\n<\/div>\n<\/div>\n<div class=\"mx-auto\">\n<div data-projection-id=\"53\">\n<div class=\"mx-auto mt-2 inline-flex rounded-xl border border-gray-100 dark:border-gray-700\"><\/div>\n<\/div>\n<\/div>\n","protected":false},"excerpt":{"rendered":"<p>Dometicin HYD J11 Hydration Water Jug 11L -vesikannun avulla voit helposti s\u00e4ilytt\u00e4\u00e4 ja kaataa tarvitsemasi veden. Pid\u00e4 sit\u00e4 ajoneuvossasi tai leirint\u00e4alueellasi, jotta saat k\u00e4tev\u00e4sti ja turvallisesti 11 litran vesivaraston. Vankka ja kest\u00e4v\u00e4 muotoilu tekee siit\u00e4 t\u00e4ydellisen vesikannun retkeilyyn tai muuhun ulkoiluun.<\/p>\n","protected":false},"featured_media":31312,"template":"","meta":[],"product_brand":[],"product_cat":[504,545],"product_tag":[],"class_list":{"0":"post-39282","1":"product","2":"type-product","3":"status-publish","4":"has-post-thumbnail","6":"product_cat-dometic-fi","7":"product_cat-hydratointi","9":"first","10":"onbackorder","11":"taxable","12":"shipping-taxable","13":"purchasable","14":"product-type-variable","15":"has-default-attributes"},"yoast_head":"<!-- This site is optimized with the Yoast SEO plugin v27.3 - https:\/\/yoast.com\/product\/yoast-seo-wordpress\/ -->\n<title>Dometic GO Hydration vesikannu 11L - BALTIC OVERLANDERS<\/title>\n<meta name=\"description\" content=\"Hanki Dometicin 11 litran vesikannu k\u00e4tev\u00e4\u00e4n veden s\u00e4ilytykseen ulkoilun aikana. Vankka rakenne takaa kest\u00e4vyyden nesteytystarpeisiin.\" \/>\n<meta name=\"robots\" content=\"index, follow, max-snippet:-1, max-image-preview:large, max-video-preview:-1\" \/>\n<link rel=\"canonical\" href=\"https:\/\/balticoverlanders.eu\/fi\/tuote\/dometic-go-hydration-vesikannu-11l\/\" \/>\n<meta property=\"og:locale\" content=\"fi_FI\" \/>\n<meta property=\"og:type\" content=\"article\" \/>\n<meta property=\"og:title\" content=\"Dometic GO Hydration vesikannu 11L - BALTIC OVERLANDERS\" \/>\n<meta property=\"og:description\" content=\"Hanki Dometicin 11 litran vesikannu k\u00e4tev\u00e4\u00e4n veden s\u00e4ilytykseen ulkoilun aikana. Vankka rakenne takaa kest\u00e4vyyden nesteytystarpeisiin.\" \/>\n<meta property=\"og:url\" content=\"https:\/\/balticoverlanders.eu\/fi\/tuote\/dometic-go-hydration-vesikannu-11l\/\" \/>\n<meta property=\"og:site_name\" content=\"BALTIC OVERLANDERS\" \/>\n<meta property=\"article:modified_time\" content=\"2024-05-06T19:41:51+00:00\" \/>\n<meta property=\"og:image\" content=\"https:\/\/balticoverlanders.eu\/wp-content\/uploads\/2024\/02\/wtan065-wtan067con.jpg\" \/>\n\t<meta property=\"og:image:width\" content=\"1242\" \/>\n\t<meta property=\"og:image:height\" content=\"1199\" \/>\n\t<meta property=\"og:image:type\" content=\"image\/jpeg\" \/>\n<meta name=\"twitter:card\" content=\"summary_large_image\" \/>\n<meta name=\"twitter:label1\" content=\"Arvioitu lukuaika\" \/>\n\t<meta name=\"twitter:data1\" content=\"1 minuutti\" \/>\n<script type=\"application\/ld+json\" class=\"yoast-schema-graph\">{\"@context\":\"https:\\\/\\\/schema.org\",\"@graph\":[{\"@type\":\"WebPage\",\"@id\":\"https:\\\/\\\/balticoverlanders.eu\\\/fi\\\/tuote\\\/dometic-go-hydration-vesikannu-11l\\\/\",\"url\":\"https:\\\/\\\/balticoverlanders.eu\\\/fi\\\/tuote\\\/dometic-go-hydration-vesikannu-11l\\\/\",\"name\":\"Dometic GO Hydration vesikannu 11L - BALTIC OVERLANDERS\",\"isPartOf\":{\"@id\":\"https:\\\/\\\/balticoverlanders.eu\\\/fi\\\/#website\"},\"primaryImageOfPage\":{\"@id\":\"https:\\\/\\\/balticoverlanders.eu\\\/fi\\\/tuote\\\/dometic-go-hydration-vesikannu-11l\\\/#primaryimage\"},\"image\":{\"@id\":\"https:\\\/\\\/balticoverlanders.eu\\\/fi\\\/tuote\\\/dometic-go-hydration-vesikannu-11l\\\/#primaryimage\"},\"thumbnailUrl\":\"https:\\\/\\\/balticoverlanders.eu\\\/wp-content\\\/uploads\\\/2024\\\/02\\\/wtan065-wtan067con.jpg\",\"datePublished\":\"2024-02-13T15:09:46+00:00\",\"dateModified\":\"2024-05-06T19:41:51+00:00\",\"description\":\"Hanki Dometicin 11 litran vesikannu k\u00e4tev\u00e4\u00e4n veden s\u00e4ilytykseen ulkoilun aikana. Vankka rakenne takaa kest\u00e4vyyden nesteytystarpeisiin.\",\"breadcrumb\":{\"@id\":\"https:\\\/\\\/balticoverlanders.eu\\\/fi\\\/tuote\\\/dometic-go-hydration-vesikannu-11l\\\/#breadcrumb\"},\"inLanguage\":\"fi\",\"potentialAction\":[{\"@type\":\"ReadAction\",\"target\":[\"https:\\\/\\\/balticoverlanders.eu\\\/fi\\\/tuote\\\/dometic-go-hydration-vesikannu-11l\\\/\"]}]},{\"@type\":\"ImageObject\",\"inLanguage\":\"fi\",\"@id\":\"https:\\\/\\\/balticoverlanders.eu\\\/fi\\\/tuote\\\/dometic-go-hydration-vesikannu-11l\\\/#primaryimage\",\"url\":\"https:\\\/\\\/balticoverlanders.eu\\\/wp-content\\\/uploads\\\/2024\\\/02\\\/wtan065-wtan067con.jpg\",\"contentUrl\":\"https:\\\/\\\/balticoverlanders.eu\\\/wp-content\\\/uploads\\\/2024\\\/02\\\/wtan065-wtan067con.jpg\",\"width\":1242,\"height\":1199},{\"@type\":\"BreadcrumbList\",\"@id\":\"https:\\\/\\\/balticoverlanders.eu\\\/fi\\\/tuote\\\/dometic-go-hydration-vesikannu-11l\\\/#breadcrumb\",\"itemListElement\":[{\"@type\":\"ListItem\",\"position\":1,\"name\":\"Home\",\"item\":\"https:\\\/\\\/balticoverlanders.eu\\\/fi\\\/?page_id=30138\"},{\"@type\":\"ListItem\",\"position\":2,\"name\":\"Kauppa\",\"item\":\"https:\\\/\\\/balticoverlanders.eu\\\/fi\\\/?page_id=30882\"},{\"@type\":\"ListItem\",\"position\":3,\"name\":\"Dometic GO Hydration vesikannu 11L\"}]},{\"@type\":\"WebSite\",\"@id\":\"https:\\\/\\\/balticoverlanders.eu\\\/fi\\\/#website\",\"url\":\"https:\\\/\\\/balticoverlanders.eu\\\/fi\\\/\",\"name\":\"BALTIC OVERLANDERS\",\"description\":\"Your one-stop shop in Latvia, Estonia, and Lithuania for all your car camping, rooftop tent and accessory needs.\",\"potentialAction\":[{\"@type\":\"SearchAction\",\"target\":{\"@type\":\"EntryPoint\",\"urlTemplate\":\"https:\\\/\\\/balticoverlanders.eu\\\/fi\\\/?s={search_term_string}\"},\"query-input\":{\"@type\":\"PropertyValueSpecification\",\"valueRequired\":true,\"valueName\":\"search_term_string\"}}],\"inLanguage\":\"fi\"}]}<\/script>\n<!-- \/ Yoast SEO plugin. -->","yoast_head_json":{"title":"Dometic GO Hydration vesikannu 11L - BALTIC OVERLANDERS","description":"Hanki Dometicin 11 litran vesikannu k\u00e4tev\u00e4\u00e4n veden s\u00e4ilytykseen ulkoilun aikana. Vankka rakenne takaa kest\u00e4vyyden nesteytystarpeisiin.","robots":{"index":"index","follow":"follow","max-snippet":"max-snippet:-1","max-image-preview":"max-image-preview:large","max-video-preview":"max-video-preview:-1"},"canonical":"https:\/\/balticoverlanders.eu\/fi\/tuote\/dometic-go-hydration-vesikannu-11l\/","og_locale":"fi_FI","og_type":"article","og_title":"Dometic GO Hydration vesikannu 11L - BALTIC OVERLANDERS","og_description":"Hanki Dometicin 11 litran vesikannu k\u00e4tev\u00e4\u00e4n veden s\u00e4ilytykseen ulkoilun aikana. Vankka rakenne takaa kest\u00e4vyyden nesteytystarpeisiin.","og_url":"https:\/\/balticoverlanders.eu\/fi\/tuote\/dometic-go-hydration-vesikannu-11l\/","og_site_name":"BALTIC OVERLANDERS","article_modified_time":"2024-05-06T19:41:51+00:00","og_image":[{"width":1242,"height":1199,"url":"https:\/\/balticoverlanders.eu\/wp-content\/uploads\/2024\/02\/wtan065-wtan067con.jpg","type":"image\/jpeg"}],"twitter_card":"summary_large_image","twitter_misc":{"Arvioitu lukuaika":"1 minuutti"},"schema":{"@context":"https:\/\/schema.org","@graph":[{"@type":"WebPage","@id":"https:\/\/balticoverlanders.eu\/fi\/tuote\/dometic-go-hydration-vesikannu-11l\/","url":"https:\/\/balticoverlanders.eu\/fi\/tuote\/dometic-go-hydration-vesikannu-11l\/","name":"Dometic GO Hydration vesikannu 11L - BALTIC OVERLANDERS","isPartOf":{"@id":"https:\/\/balticoverlanders.eu\/fi\/#website"},"primaryImageOfPage":{"@id":"https:\/\/balticoverlanders.eu\/fi\/tuote\/dometic-go-hydration-vesikannu-11l\/#primaryimage"},"image":{"@id":"https:\/\/balticoverlanders.eu\/fi\/tuote\/dometic-go-hydration-vesikannu-11l\/#primaryimage"},"thumbnailUrl":"https:\/\/balticoverlanders.eu\/wp-content\/uploads\/2024\/02\/wtan065-wtan067con.jpg","datePublished":"2024-02-13T15:09:46+00:00","dateModified":"2024-05-06T19:41:51+00:00","description":"Hanki Dometicin 11 litran vesikannu k\u00e4tev\u00e4\u00e4n veden s\u00e4ilytykseen ulkoilun aikana. Vankka rakenne takaa kest\u00e4vyyden nesteytystarpeisiin.","breadcrumb":{"@id":"https:\/\/balticoverlanders.eu\/fi\/tuote\/dometic-go-hydration-vesikannu-11l\/#breadcrumb"},"inLanguage":"fi","potentialAction":[{"@type":"ReadAction","target":["https:\/\/balticoverlanders.eu\/fi\/tuote\/dometic-go-hydration-vesikannu-11l\/"]}]},{"@type":"ImageObject","inLanguage":"fi","@id":"https:\/\/balticoverlanders.eu\/fi\/tuote\/dometic-go-hydration-vesikannu-11l\/#primaryimage","url":"https:\/\/balticoverlanders.eu\/wp-content\/uploads\/2024\/02\/wtan065-wtan067con.jpg","contentUrl":"https:\/\/balticoverlanders.eu\/wp-content\/uploads\/2024\/02\/wtan065-wtan067con.jpg","width":1242,"height":1199},{"@type":"BreadcrumbList","@id":"https:\/\/balticoverlanders.eu\/fi\/tuote\/dometic-go-hydration-vesikannu-11l\/#breadcrumb","itemListElement":[{"@type":"ListItem","position":1,"name":"Home","item":"https:\/\/balticoverlanders.eu\/fi\/?page_id=30138"},{"@type":"ListItem","position":2,"name":"Kauppa","item":"https:\/\/balticoverlanders.eu\/fi\/?page_id=30882"},{"@type":"ListItem","position":3,"name":"Dometic GO Hydration vesikannu 11L"}]},{"@type":"WebSite","@id":"https:\/\/balticoverlanders.eu\/fi\/#website","url":"https:\/\/balticoverlanders.eu\/fi\/","name":"BALTIC OVERLANDERS","description":"Your one-stop shop in Latvia, Estonia, and Lithuania for all your car camping, rooftop tent and accessory needs.","potentialAction":[{"@type":"SearchAction","target":{"@type":"EntryPoint","urlTemplate":"https:\/\/balticoverlanders.eu\/fi\/?s={search_term_string}"},"query-input":{"@type":"PropertyValueSpecification","valueRequired":true,"valueName":"search_term_string"}}],"inLanguage":"fi"}]}},"_links":{"self":[{"href":"https:\/\/balticoverlanders.eu\/fi\/wp-json\/wp\/v2\/product\/39282","targetHints":{"allow":["GET"]}}],"collection":[{"href":"https:\/\/balticoverlanders.eu\/fi\/wp-json\/wp\/v2\/product"}],"about":[{"href":"https:\/\/balticoverlanders.eu\/fi\/wp-json\/wp\/v2\/types\/product"}],"wp:featuredmedia":[{"embeddable":true,"href":"https:\/\/balticoverlanders.eu\/fi\/wp-json\/wp\/v2\/media\/31312"}],"wp:attachment":[{"href":"https:\/\/balticoverlanders.eu\/fi\/wp-json\/wp\/v2\/media?parent=39282"}],"wp:term":[{"taxonomy":"product_brand","embeddable":true,"href":"https:\/\/balticoverlanders.eu\/fi\/wp-json\/wp\/v2\/product_brand?post=39282"},{"taxonomy":"product_cat","embeddable":true,"href":"https:\/\/balticoverlanders.eu\/fi\/wp-json\/wp\/v2\/product_cat?post=39282"},{"taxonomy":"product_tag","embeddable":true,"href":"https:\/\/balticoverlanders.eu\/fi\/wp-json\/wp\/v2\/product_tag?post=39282"}],"curies":[{"name":"wp","href":"https:\/\/api.w.org\/{rel}","templated":true}]}}