{"id":39421,"date":"2024-02-13T16:33:02","date_gmt":"2024-02-13T14:33:02","guid":{"rendered":"https:\/\/balticoverlanders.eu\/product\/dometic-cfx3-kiinnityssarja-ci-ja-patrol-jaakaappeihin-ja-muihin-dometic-jaakaappeihin\/"},"modified":"2024-05-06T22:42:35","modified_gmt":"2024-05-06T19:42:35","slug":"dometic-cfx3-kiinnityssarja-ci-ja-patrol-jaakaappeihin-ja-muihin-dometic-jaakaappeihin","status":"publish","type":"product","link":"https:\/\/balticoverlanders.eu\/fi\/tuote\/dometic-cfx3-kiinnityssarja-ci-ja-patrol-jaakaappeihin-ja-muihin-dometic-jaakaappeihin\/","title":{"rendered":"Dometic CFX3 -kiinnityssarja CI- ja Patrol-j\u00e4\u00e4kaappeihin ja muihin Dometic-j\u00e4\u00e4kaappeihin."},"content":{"rendered":"<p>Varmista, ett\u00e4 Dometicin j\u00e4\u00e4kaappi pysyy tukevasti paikallaan Dometic CI Fixing Kit -kiinnityssarjan avulla. T\u00e4m\u00e4 vankka sarja on suunniteltu erityisesti pit\u00e4m\u00e4\u00e4n CI Icebox vakaasti paikallaan, olitpa sitten liikkeell\u00e4 tai paikallaan. Raskasraskaiden hihnojen ja matalaprofiilisten kiinnityspisteiden ansiosta voit luottaa siihen, ett\u00e4 j\u00e4\u00e4kaappi pysyy tukevasti kiinnitettyn\u00e4, mik\u00e4 takaa mielenrauhan ulkoiluseikkailuidesi aikana.<\/p>\n<p><strong>T\u00e4rkeimm\u00e4t ominaisuudet:<\/strong><\/p>\n<ul>\n<li><strong>Sopii CI-j\u00e4\u00e4kaappeihin:<\/strong> R\u00e4\u00e4t\u00e4l\u00f6ity sopimaan saumattomasti Dometic CI -j\u00e4\u00e4kaappeihin, mik\u00e4 takaa t\u00e4ydellisen istuvuuden ja maksimaalisen vakauden.<\/li>\n<li><strong>Raskaat hihnat:<\/strong> J\u00e4\u00e4kaappi pysyy tukevasti paikoillaan my\u00f6s kuoppaisilla matkoilla tai ep\u00e4tasaisessa maastossa.<\/li>\n<li><strong>Matalaprofiiliset kiinnityspisteet:<\/strong> Kiinnityspisteet on suunniteltu mukavuutta ja toimivuutta silm\u00e4ll\u00e4 pit\u00e4en, ja ne ovat huomaamattomia mutta tehokkaita, ja ne tarjoavat turvallisen kiinnitysratkaisun lis\u00e4\u00e4m\u00e4tt\u00e4 tilaa tai esteit\u00e4.<\/li>\n<\/ul>\n<p>\u00c4l\u00e4 tee kompromisseja Dometic-j\u00e4\u00e4kaapin turvallisuudesta. Investoi Dometic CI Fixing Kit -kiinnityssarjaan ja nauti huolettomista matkoista tiet\u00e4en, ett\u00e4 j\u00e4\u00e4kaappisi on tukevasti paikallaan ja valmis pit\u00e4m\u00e4\u00e4n tarvikkeesi viilein\u00e4 minne tahansa seikkailusi viev\u00e4tkin sinut.<\/p>\n","protected":false},"excerpt":{"rendered":"<p>Dometic CI -kiinnityssarja pit\u00e4\u00e4 Dometicin j\u00e4\u00e4kaapit tukevasti paikoillaan.<\/p>\n","protected":false},"featured_media":31305,"template":"","meta":[],"product_brand":[],"product_cat":[504,584,585],"product_tag":[],"class_list":{"0":"post-39421","1":"product","2":"type-product","3":"status-publish","4":"has-post-thumbnail","6":"product_cat-dometic-fi","7":"product_cat-jaahdyttimet","8":"product_cat-tarvikkeet","10":"first","11":"onbackorder","12":"taxable","13":"shipping-taxable","14":"purchasable","15":"product-type-simple"},"yoast_head":"<!-- This site is optimized with the Yoast SEO plugin v27.3 - https:\/\/yoast.com\/product\/yoast-seo-wordpress\/ -->\n<title>Dometic CFX3 -kiinnityssarja CI- ja Patrol-j\u00e4\u00e4kaappeihin ja muihin Dometic-j\u00e4\u00e4kaappeihin. - BALTIC OVERLANDERS<\/title>\n<meta name=\"description\" content=\"Dometic CI -kiinnityssarja pit\u00e4\u00e4 Dometicin j\u00e4\u00e4kaapit tukevasti paikoillaan.\" \/>\n<meta name=\"robots\" content=\"index, follow, max-snippet:-1, max-image-preview:large, max-video-preview:-1\" \/>\n<link rel=\"canonical\" href=\"https:\/\/balticoverlanders.eu\/fi\/tuote\/dometic-cfx3-kiinnityssarja-ci-ja-patrol-jaakaappeihin-ja-muihin-dometic-jaakaappeihin\/\" \/>\n<meta property=\"og:locale\" content=\"fi_FI\" \/>\n<meta property=\"og:type\" content=\"article\" \/>\n<meta property=\"og:title\" content=\"Dometic CFX3 -kiinnityssarja CI- ja Patrol-j\u00e4\u00e4kaappeihin ja muihin Dometic-j\u00e4\u00e4kaappeihin. - BALTIC OVERLANDERS\" \/>\n<meta property=\"og:description\" content=\"Dometic CI -kiinnityssarja pit\u00e4\u00e4 Dometicin j\u00e4\u00e4kaapit tukevasti paikoillaan.\" \/>\n<meta property=\"og:url\" content=\"https:\/\/balticoverlanders.eu\/fi\/tuote\/dometic-cfx3-kiinnityssarja-ci-ja-patrol-jaakaappeihin-ja-muihin-dometic-jaakaappeihin\/\" \/>\n<meta property=\"og:site_name\" content=\"BALTIC OVERLANDERS\" \/>\n<meta property=\"article:modified_time\" content=\"2024-05-06T19:42:35+00:00\" \/>\n<meta property=\"og:image\" content=\"https:\/\/balticoverlanders.eu\/wp-content\/uploads\/2024\/02\/wci-ci-accessories_9108400905_51499.png\" \/>\n\t<meta property=\"og:image:width\" content=\"640\" \/>\n\t<meta property=\"og:image:height\" content=\"640\" \/>\n\t<meta property=\"og:image:type\" content=\"image\/png\" \/>\n<meta name=\"twitter:card\" content=\"summary_large_image\" \/>\n<meta name=\"twitter:label1\" content=\"Arvioitu lukuaika\" \/>\n\t<meta name=\"twitter:data1\" content=\"1 minuutti\" \/>\n<script type=\"application\/ld+json\" class=\"yoast-schema-graph\">{\"@context\":\"https:\\\/\\\/schema.org\",\"@graph\":[{\"@type\":\"WebPage\",\"@id\":\"https:\\\/\\\/balticoverlanders.eu\\\/fi\\\/tuote\\\/dometic-cfx3-kiinnityssarja-ci-ja-patrol-jaakaappeihin-ja-muihin-dometic-jaakaappeihin\\\/\",\"url\":\"https:\\\/\\\/balticoverlanders.eu\\\/fi\\\/tuote\\\/dometic-cfx3-kiinnityssarja-ci-ja-patrol-jaakaappeihin-ja-muihin-dometic-jaakaappeihin\\\/\",\"name\":\"Dometic CFX3 -kiinnityssarja CI- ja Patrol-j\u00e4\u00e4kaappeihin ja muihin Dometic-j\u00e4\u00e4kaappeihin. - BALTIC OVERLANDERS\",\"isPartOf\":{\"@id\":\"https:\\\/\\\/balticoverlanders.eu\\\/fi\\\/#website\"},\"primaryImageOfPage\":{\"@id\":\"https:\\\/\\\/balticoverlanders.eu\\\/fi\\\/tuote\\\/dometic-cfx3-kiinnityssarja-ci-ja-patrol-jaakaappeihin-ja-muihin-dometic-jaakaappeihin\\\/#primaryimage\"},\"image\":{\"@id\":\"https:\\\/\\\/balticoverlanders.eu\\\/fi\\\/tuote\\\/dometic-cfx3-kiinnityssarja-ci-ja-patrol-jaakaappeihin-ja-muihin-dometic-jaakaappeihin\\\/#primaryimage\"},\"thumbnailUrl\":\"https:\\\/\\\/balticoverlanders.eu\\\/wp-content\\\/uploads\\\/2024\\\/02\\\/wci-ci-accessories_9108400905_51499.png\",\"datePublished\":\"2024-02-13T14:33:02+00:00\",\"dateModified\":\"2024-05-06T19:42:35+00:00\",\"description\":\"Dometic CI -kiinnityssarja pit\u00e4\u00e4 Dometicin j\u00e4\u00e4kaapit tukevasti paikoillaan.\",\"breadcrumb\":{\"@id\":\"https:\\\/\\\/balticoverlanders.eu\\\/fi\\\/tuote\\\/dometic-cfx3-kiinnityssarja-ci-ja-patrol-jaakaappeihin-ja-muihin-dometic-jaakaappeihin\\\/#breadcrumb\"},\"inLanguage\":\"fi\",\"potentialAction\":[{\"@type\":\"ReadAction\",\"target\":[\"https:\\\/\\\/balticoverlanders.eu\\\/fi\\\/tuote\\\/dometic-cfx3-kiinnityssarja-ci-ja-patrol-jaakaappeihin-ja-muihin-dometic-jaakaappeihin\\\/\"]}]},{\"@type\":\"ImageObject\",\"inLanguage\":\"fi\",\"@id\":\"https:\\\/\\\/balticoverlanders.eu\\\/fi\\\/tuote\\\/dometic-cfx3-kiinnityssarja-ci-ja-patrol-jaakaappeihin-ja-muihin-dometic-jaakaappeihin\\\/#primaryimage\",\"url\":\"https:\\\/\\\/balticoverlanders.eu\\\/wp-content\\\/uploads\\\/2024\\\/02\\\/wci-ci-accessories_9108400905_51499.png\",\"contentUrl\":\"https:\\\/\\\/balticoverlanders.eu\\\/wp-content\\\/uploads\\\/2024\\\/02\\\/wci-ci-accessories_9108400905_51499.png\",\"width\":640,\"height\":640},{\"@type\":\"BreadcrumbList\",\"@id\":\"https:\\\/\\\/balticoverlanders.eu\\\/fi\\\/tuote\\\/dometic-cfx3-kiinnityssarja-ci-ja-patrol-jaakaappeihin-ja-muihin-dometic-jaakaappeihin\\\/#breadcrumb\",\"itemListElement\":[{\"@type\":\"ListItem\",\"position\":1,\"name\":\"Home\",\"item\":\"https:\\\/\\\/balticoverlanders.eu\\\/fi\\\/?page_id=30138\"},{\"@type\":\"ListItem\",\"position\":2,\"name\":\"Kauppa\",\"item\":\"https:\\\/\\\/balticoverlanders.eu\\\/fi\\\/?page_id=30882\"},{\"@type\":\"ListItem\",\"position\":3,\"name\":\"Dometic CFX3 -kiinnityssarja CI- ja Patrol-j\u00e4\u00e4kaappeihin ja muihin Dometic-j\u00e4\u00e4kaappeihin.\"}]},{\"@type\":\"WebSite\",\"@id\":\"https:\\\/\\\/balticoverlanders.eu\\\/fi\\\/#website\",\"url\":\"https:\\\/\\\/balticoverlanders.eu\\\/fi\\\/\",\"name\":\"BALTIC OVERLANDERS\",\"description\":\"Your one-stop shop in Latvia, Estonia, and Lithuania for all your car camping, rooftop tent and accessory needs.\",\"potentialAction\":[{\"@type\":\"SearchAction\",\"target\":{\"@type\":\"EntryPoint\",\"urlTemplate\":\"https:\\\/\\\/balticoverlanders.eu\\\/fi\\\/?s={search_term_string}\"},\"query-input\":{\"@type\":\"PropertyValueSpecification\",\"valueRequired\":true,\"valueName\":\"search_term_string\"}}],\"inLanguage\":\"fi\"}]}<\/script>\n<!-- \/ Yoast SEO plugin. -->","yoast_head_json":{"title":"Dometic CFX3 -kiinnityssarja CI- ja Patrol-j\u00e4\u00e4kaappeihin ja muihin Dometic-j\u00e4\u00e4kaappeihin. - BALTIC OVERLANDERS","description":"Dometic CI -kiinnityssarja pit\u00e4\u00e4 Dometicin j\u00e4\u00e4kaapit tukevasti paikoillaan.","robots":{"index":"index","follow":"follow","max-snippet":"max-snippet:-1","max-image-preview":"max-image-preview:large","max-video-preview":"max-video-preview:-1"},"canonical":"https:\/\/balticoverlanders.eu\/fi\/tuote\/dometic-cfx3-kiinnityssarja-ci-ja-patrol-jaakaappeihin-ja-muihin-dometic-jaakaappeihin\/","og_locale":"fi_FI","og_type":"article","og_title":"Dometic CFX3 -kiinnityssarja CI- ja Patrol-j\u00e4\u00e4kaappeihin ja muihin Dometic-j\u00e4\u00e4kaappeihin. - BALTIC OVERLANDERS","og_description":"Dometic CI -kiinnityssarja pit\u00e4\u00e4 Dometicin j\u00e4\u00e4kaapit tukevasti paikoillaan.","og_url":"https:\/\/balticoverlanders.eu\/fi\/tuote\/dometic-cfx3-kiinnityssarja-ci-ja-patrol-jaakaappeihin-ja-muihin-dometic-jaakaappeihin\/","og_site_name":"BALTIC OVERLANDERS","article_modified_time":"2024-05-06T19:42:35+00:00","og_image":[{"width":640,"height":640,"url":"https:\/\/balticoverlanders.eu\/wp-content\/uploads\/2024\/02\/wci-ci-accessories_9108400905_51499.png","type":"image\/png"}],"twitter_card":"summary_large_image","twitter_misc":{"Arvioitu lukuaika":"1 minuutti"},"schema":{"@context":"https:\/\/schema.org","@graph":[{"@type":"WebPage","@id":"https:\/\/balticoverlanders.eu\/fi\/tuote\/dometic-cfx3-kiinnityssarja-ci-ja-patrol-jaakaappeihin-ja-muihin-dometic-jaakaappeihin\/","url":"https:\/\/balticoverlanders.eu\/fi\/tuote\/dometic-cfx3-kiinnityssarja-ci-ja-patrol-jaakaappeihin-ja-muihin-dometic-jaakaappeihin\/","name":"Dometic CFX3 -kiinnityssarja CI- ja Patrol-j\u00e4\u00e4kaappeihin ja muihin Dometic-j\u00e4\u00e4kaappeihin. - BALTIC OVERLANDERS","isPartOf":{"@id":"https:\/\/balticoverlanders.eu\/fi\/#website"},"primaryImageOfPage":{"@id":"https:\/\/balticoverlanders.eu\/fi\/tuote\/dometic-cfx3-kiinnityssarja-ci-ja-patrol-jaakaappeihin-ja-muihin-dometic-jaakaappeihin\/#primaryimage"},"image":{"@id":"https:\/\/balticoverlanders.eu\/fi\/tuote\/dometic-cfx3-kiinnityssarja-ci-ja-patrol-jaakaappeihin-ja-muihin-dometic-jaakaappeihin\/#primaryimage"},"thumbnailUrl":"https:\/\/balticoverlanders.eu\/wp-content\/uploads\/2024\/02\/wci-ci-accessories_9108400905_51499.png","datePublished":"2024-02-13T14:33:02+00:00","dateModified":"2024-05-06T19:42:35+00:00","description":"Dometic CI -kiinnityssarja pit\u00e4\u00e4 Dometicin j\u00e4\u00e4kaapit tukevasti paikoillaan.","breadcrumb":{"@id":"https:\/\/balticoverlanders.eu\/fi\/tuote\/dometic-cfx3-kiinnityssarja-ci-ja-patrol-jaakaappeihin-ja-muihin-dometic-jaakaappeihin\/#breadcrumb"},"inLanguage":"fi","potentialAction":[{"@type":"ReadAction","target":["https:\/\/balticoverlanders.eu\/fi\/tuote\/dometic-cfx3-kiinnityssarja-ci-ja-patrol-jaakaappeihin-ja-muihin-dometic-jaakaappeihin\/"]}]},{"@type":"ImageObject","inLanguage":"fi","@id":"https:\/\/balticoverlanders.eu\/fi\/tuote\/dometic-cfx3-kiinnityssarja-ci-ja-patrol-jaakaappeihin-ja-muihin-dometic-jaakaappeihin\/#primaryimage","url":"https:\/\/balticoverlanders.eu\/wp-content\/uploads\/2024\/02\/wci-ci-accessories_9108400905_51499.png","contentUrl":"https:\/\/balticoverlanders.eu\/wp-content\/uploads\/2024\/02\/wci-ci-accessories_9108400905_51499.png","width":640,"height":640},{"@type":"BreadcrumbList","@id":"https:\/\/balticoverlanders.eu\/fi\/tuote\/dometic-cfx3-kiinnityssarja-ci-ja-patrol-jaakaappeihin-ja-muihin-dometic-jaakaappeihin\/#breadcrumb","itemListElement":[{"@type":"ListItem","position":1,"name":"Home","item":"https:\/\/balticoverlanders.eu\/fi\/?page_id=30138"},{"@type":"ListItem","position":2,"name":"Kauppa","item":"https:\/\/balticoverlanders.eu\/fi\/?page_id=30882"},{"@type":"ListItem","position":3,"name":"Dometic CFX3 -kiinnityssarja CI- ja Patrol-j\u00e4\u00e4kaappeihin ja muihin Dometic-j\u00e4\u00e4kaappeihin."}]},{"@type":"WebSite","@id":"https:\/\/balticoverlanders.eu\/fi\/#website","url":"https:\/\/balticoverlanders.eu\/fi\/","name":"BALTIC OVERLANDERS","description":"Your one-stop shop in Latvia, Estonia, and Lithuania for all your car camping, rooftop tent and accessory needs.","potentialAction":[{"@type":"SearchAction","target":{"@type":"EntryPoint","urlTemplate":"https:\/\/balticoverlanders.eu\/fi\/?s={search_term_string}"},"query-input":{"@type":"PropertyValueSpecification","valueRequired":true,"valueName":"search_term_string"}}],"inLanguage":"fi"}]}},"_links":{"self":[{"href":"https:\/\/balticoverlanders.eu\/fi\/wp-json\/wp\/v2\/product\/39421","targetHints":{"allow":["GET"]}}],"collection":[{"href":"https:\/\/balticoverlanders.eu\/fi\/wp-json\/wp\/v2\/product"}],"about":[{"href":"https:\/\/balticoverlanders.eu\/fi\/wp-json\/wp\/v2\/types\/product"}],"wp:featuredmedia":[{"embeddable":true,"href":"https:\/\/balticoverlanders.eu\/fi\/wp-json\/wp\/v2\/media\/31305"}],"wp:attachment":[{"href":"https:\/\/balticoverlanders.eu\/fi\/wp-json\/wp\/v2\/media?parent=39421"}],"wp:term":[{"taxonomy":"product_brand","embeddable":true,"href":"https:\/\/balticoverlanders.eu\/fi\/wp-json\/wp\/v2\/product_brand?post=39421"},{"taxonomy":"product_cat","embeddable":true,"href":"https:\/\/balticoverlanders.eu\/fi\/wp-json\/wp\/v2\/product_cat?post=39421"},{"taxonomy":"product_tag","embeddable":true,"href":"https:\/\/balticoverlanders.eu\/fi\/wp-json\/wp\/v2\/product_tag?post=39421"}],"curies":[{"name":"wp","href":"https:\/\/api.w.org\/{rel}","templated":true}]}}