{"id":39426,"date":"2024-02-12T16:57:32","date_gmt":"2024-02-12T14:57:32","guid":{"rendered":"https:\/\/balticoverlanders.eu\/product\/dometic-cfx3-slide-35-45-jaakaapin-dia-cfx3-35-cfx3-45een\/"},"modified":"2024-05-06T22:42:37","modified_gmt":"2024-05-06T19:42:37","slug":"dometic-cfx3-slide-35-45-jaakaapin-dia-cfx3-35-cfx3-45een","status":"publish","type":"product","link":"https:\/\/balticoverlanders.eu\/fi\/tuote\/dometic-cfx3-slide-35-45-jaakaapin-dia-cfx3-35-cfx3-45een\/","title":{"rendered":"Dometic CFX3 Slide 35\/45 J\u00e4\u00e4kaapin dia CFX3 35 &amp; CFX3 45:een"},"content":{"rendered":"<p><strong>Esittelyss\u00e4 CFX-sarjan j\u00e4\u00e4hdyttimen perimm\u00e4inen j\u00e4\u00e4kaapin liukusarja<\/strong><\/p>\n<p>Paranna ulkoilmael\u00e4myksi\u00e4si ensiluokkaisella J\u00e4\u00e4kaappiliukum\u00e4ell\u00e4, joka on suunniteltu huolellisesti t\u00e4ydent\u00e4m\u00e4\u00e4n CFX3 35- ja CFX3 45 -mallia sek\u00e4 muita samankokoisia CFX-malleja. Kest\u00e4vyytt\u00e4 ja mukavuutta ajatellen muotoiltu J\u00e4\u00e4kaappislide on t\u00e4ydellinen kumppani, joka pit\u00e4\u00e4 kylm\u00e4laukun turvassa ja saatavilla mill\u00e4 tahansa matkalla.<\/p>\n<p><strong>T\u00e4rkeimm\u00e4t ominaisuudet:<\/strong><\/p>\n<ul>\n<li><strong>Suurin kantavuus:<\/strong> J\u00e4\u00e4kaappiliukum\u00e4ki takaa luotettavan tuen kylm\u00e4laukulle ja sen sis\u00e4ll\u00f6lle jopa vaikeissa maastoissa.<\/li>\n<li><strong>T\u00e4ysin laajennettava muotoilu:<\/strong> T\u00e4ysin ulosvedett\u00e4v\u00e4n liukukiskon ansiosta j\u00e4\u00e4kaapin sis\u00e4lt\u00f6\u00f6n p\u00e4\u00e4see vaivattomasti k\u00e4siksi, mik\u00e4 tekee tuotteiden hakemisesta vaivatonta ulkotilaisuuksissa tai retkeilymatkoilla.<\/li>\n<li><strong>Kest\u00e4v\u00e4 lukitusj\u00e4rjestelm\u00e4:<\/strong> Sano hyv\u00e4stit \u00e4rsytt\u00e4v\u00e4lle kolinalle ajon aikana. J\u00e4\u00e4kaapin liukus\u00e4\u00e4timess\u00e4 on kest\u00e4v\u00e4 lukitusj\u00e4rjestelm\u00e4, joka on suunniteltu minimoimaan t\u00e4rin\u00e4t ja varmistamaan hiljainen matka.<\/li>\n<li><strong>P\u00f6lypeite:<\/strong> Pid\u00e4 hiekka ja lika loitolla integroidun p\u00f6lysuojan avulla, joka suojaa liukukiskoja ja s\u00e4ilytt\u00e4\u00e4 sujuvan toiminnan koko matkasi ajan.<\/li>\n<li><strong>Optimoitu painojakauma:<\/strong> J\u00e4\u00e4kaappi Slide on suunniteltu t\u00e4ydellisesti, ja siin\u00e4 on optimoitu muotoilu, joka minimoi tarpeettoman painon ja parantaa ajoneuvosi suorituskyky\u00e4 tinkim\u00e4tt\u00e4 toiminnallisuudesta.<\/li>\n<li><strong>T\u00e4ydellinen asennussarja:<\/strong> T\u00e4m\u00e4 helpottaa vaivatonta asennusta ja varmistaa, ett\u00e4 kylm\u00e4laukku on varmasti paikallaan.<\/li>\n<\/ul>\n<p>Paranna ulkoilukokemustasi Fridge Slide -j\u00e4\u00e4kaapin avulla ja nauti vertaansa vailla olevasta mukavuudesta ja luotettavuudesta, minne tahansa seikkailusi viev\u00e4tkin sinut.<\/p>\n","protected":false},"excerpt":{"rendered":"<p>Vaeltaa huoletta. Dometic CFX3 -j\u00e4\u00e4kaapin liuku on suunniteltu siten, ett\u00e4 CFX3-j\u00e4\u00e4kaappiin p\u00e4\u00e4see helposti k\u00e4siksi asuntoauton, pakettiauton, kuorma-auton, maasturin, per\u00e4vaunun tai veneen takaosasta. Vahva rakenne, suuri maksimikuormituskapasiteetti ja kest\u00e4v\u00e4 lukitusj\u00e4rjestelm\u00e4 tekev\u00e4t CFX3-j\u00e4\u00e4kaappislideista v\u00e4ltt\u00e4m\u00e4tt\u00f6mi\u00e4 vakavan ulkoilmael\u00e4myksen harrastajalle.<\/p>\n","protected":false},"featured_media":31298,"template":"","meta":[],"product_brand":[],"product_cat":[504,584],"product_tag":[],"class_list":{"0":"post-39426","1":"product","2":"type-product","3":"status-publish","4":"has-post-thumbnail","6":"product_cat-dometic-fi","7":"product_cat-jaahdyttimet","9":"first","10":"onbackorder","11":"taxable","12":"shipping-taxable","13":"purchasable","14":"product-type-simple"},"yoast_head":"<!-- This site is optimized with the Yoast SEO plugin v27.3 - https:\/\/yoast.com\/product\/yoast-seo-wordpress\/ -->\n<title>Dometic CFX3 Slide 35\/45 J\u00e4\u00e4kaapin dia CFX3 35 &amp; CFX3 45:een - BALTIC OVERLANDERS<\/title>\n<meta name=\"description\" content=\"Tutustu Dometic CFX3 -j\u00e4\u00e4kaapin liukum\u00e4keen, josta p\u00e4\u00e4set helposti k\u00e4siksi s\u00e4hk\u00f6ll\u00e4 toimivaan kylm\u00e4laukkuun, joka on ihanteellinen mukavuutta ja kest\u00e4vyytt\u00e4 arvostaville seikkailijoille.\" \/>\n<meta name=\"robots\" content=\"index, follow, max-snippet:-1, max-image-preview:large, max-video-preview:-1\" \/>\n<link rel=\"canonical\" href=\"https:\/\/balticoverlanders.eu\/fi\/tuote\/dometic-cfx3-slide-35-45-jaakaapin-dia-cfx3-35-cfx3-45een\/\" \/>\n<meta property=\"og:locale\" content=\"fi_FI\" \/>\n<meta property=\"og:type\" content=\"article\" \/>\n<meta property=\"og:title\" content=\"Dometic CFX3 Slide 35\/45 J\u00e4\u00e4kaapin dia CFX3 35 &amp; CFX3 45:een - BALTIC OVERLANDERS\" \/>\n<meta property=\"og:description\" content=\"Tutustu Dometic CFX3 -j\u00e4\u00e4kaapin liukum\u00e4keen, josta p\u00e4\u00e4set helposti k\u00e4siksi s\u00e4hk\u00f6ll\u00e4 toimivaan kylm\u00e4laukkuun, joka on ihanteellinen mukavuutta ja kest\u00e4vyytt\u00e4 arvostaville seikkailijoille.\" \/>\n<meta property=\"og:url\" content=\"https:\/\/balticoverlanders.eu\/fi\/tuote\/dometic-cfx3-slide-35-45-jaakaapin-dia-cfx3-35-cfx3-45een\/\" \/>\n<meta property=\"og:site_name\" content=\"BALTIC OVERLANDERS\" \/>\n<meta property=\"article:modified_time\" content=\"2024-05-06T19:42:37+00:00\" \/>\n<meta property=\"og:image\" content=\"https:\/\/balticoverlanders.eu\/wp-content\/uploads\/2024\/02\/CFX3-Slide-55-1-1-scaled.jpg\" \/>\n\t<meta property=\"og:image:width\" content=\"2560\" \/>\n\t<meta property=\"og:image:height\" content=\"2560\" \/>\n\t<meta property=\"og:image:type\" content=\"image\/jpeg\" \/>\n<meta name=\"twitter:card\" content=\"summary_large_image\" \/>\n<meta name=\"twitter:label1\" content=\"Arvioitu lukuaika\" \/>\n\t<meta name=\"twitter:data1\" content=\"1 minuutti\" \/>\n<script type=\"application\/ld+json\" class=\"yoast-schema-graph\">{\"@context\":\"https:\\\/\\\/schema.org\",\"@graph\":[{\"@type\":\"WebPage\",\"@id\":\"https:\\\/\\\/balticoverlanders.eu\\\/fi\\\/tuote\\\/dometic-cfx3-slide-35-45-jaakaapin-dia-cfx3-35-cfx3-45een\\\/\",\"url\":\"https:\\\/\\\/balticoverlanders.eu\\\/fi\\\/tuote\\\/dometic-cfx3-slide-35-45-jaakaapin-dia-cfx3-35-cfx3-45een\\\/\",\"name\":\"Dometic CFX3 Slide 35\\\/45 J\u00e4\u00e4kaapin dia CFX3 35 &amp; CFX3 45:een - BALTIC OVERLANDERS\",\"isPartOf\":{\"@id\":\"https:\\\/\\\/balticoverlanders.eu\\\/fi\\\/#website\"},\"primaryImageOfPage\":{\"@id\":\"https:\\\/\\\/balticoverlanders.eu\\\/fi\\\/tuote\\\/dometic-cfx3-slide-35-45-jaakaapin-dia-cfx3-35-cfx3-45een\\\/#primaryimage\"},\"image\":{\"@id\":\"https:\\\/\\\/balticoverlanders.eu\\\/fi\\\/tuote\\\/dometic-cfx3-slide-35-45-jaakaapin-dia-cfx3-35-cfx3-45een\\\/#primaryimage\"},\"thumbnailUrl\":\"https:\\\/\\\/balticoverlanders.eu\\\/wp-content\\\/uploads\\\/2024\\\/02\\\/CFX3-Slide-55-1-1-scaled.jpg\",\"datePublished\":\"2024-02-12T14:57:32+00:00\",\"dateModified\":\"2024-05-06T19:42:37+00:00\",\"description\":\"Tutustu Dometic CFX3 -j\u00e4\u00e4kaapin liukum\u00e4keen, josta p\u00e4\u00e4set helposti k\u00e4siksi s\u00e4hk\u00f6ll\u00e4 toimivaan kylm\u00e4laukkuun, joka on ihanteellinen mukavuutta ja kest\u00e4vyytt\u00e4 arvostaville seikkailijoille.\",\"breadcrumb\":{\"@id\":\"https:\\\/\\\/balticoverlanders.eu\\\/fi\\\/tuote\\\/dometic-cfx3-slide-35-45-jaakaapin-dia-cfx3-35-cfx3-45een\\\/#breadcrumb\"},\"inLanguage\":\"fi\",\"potentialAction\":[{\"@type\":\"ReadAction\",\"target\":[\"https:\\\/\\\/balticoverlanders.eu\\\/fi\\\/tuote\\\/dometic-cfx3-slide-35-45-jaakaapin-dia-cfx3-35-cfx3-45een\\\/\"]}]},{\"@type\":\"ImageObject\",\"inLanguage\":\"fi\",\"@id\":\"https:\\\/\\\/balticoverlanders.eu\\\/fi\\\/tuote\\\/dometic-cfx3-slide-35-45-jaakaapin-dia-cfx3-35-cfx3-45een\\\/#primaryimage\",\"url\":\"https:\\\/\\\/balticoverlanders.eu\\\/wp-content\\\/uploads\\\/2024\\\/02\\\/CFX3-Slide-55-1-1-scaled.jpg\",\"contentUrl\":\"https:\\\/\\\/balticoverlanders.eu\\\/wp-content\\\/uploads\\\/2024\\\/02\\\/CFX3-Slide-55-1-1-scaled.jpg\",\"width\":2560,\"height\":2560},{\"@type\":\"BreadcrumbList\",\"@id\":\"https:\\\/\\\/balticoverlanders.eu\\\/fi\\\/tuote\\\/dometic-cfx3-slide-35-45-jaakaapin-dia-cfx3-35-cfx3-45een\\\/#breadcrumb\",\"itemListElement\":[{\"@type\":\"ListItem\",\"position\":1,\"name\":\"Home\",\"item\":\"https:\\\/\\\/balticoverlanders.eu\\\/fi\\\/?page_id=30138\"},{\"@type\":\"ListItem\",\"position\":2,\"name\":\"Kauppa\",\"item\":\"https:\\\/\\\/balticoverlanders.eu\\\/fi\\\/?page_id=30882\"},{\"@type\":\"ListItem\",\"position\":3,\"name\":\"Dometic CFX3 Slide 35\\\/45 J\u00e4\u00e4kaapin dia CFX3 35 &amp; CFX3 45:een\"}]},{\"@type\":\"WebSite\",\"@id\":\"https:\\\/\\\/balticoverlanders.eu\\\/fi\\\/#website\",\"url\":\"https:\\\/\\\/balticoverlanders.eu\\\/fi\\\/\",\"name\":\"BALTIC OVERLANDERS\",\"description\":\"Your one-stop shop in Latvia, Estonia, and Lithuania for all your car camping, rooftop tent and accessory needs.\",\"potentialAction\":[{\"@type\":\"SearchAction\",\"target\":{\"@type\":\"EntryPoint\",\"urlTemplate\":\"https:\\\/\\\/balticoverlanders.eu\\\/fi\\\/?s={search_term_string}\"},\"query-input\":{\"@type\":\"PropertyValueSpecification\",\"valueRequired\":true,\"valueName\":\"search_term_string\"}}],\"inLanguage\":\"fi\"}]}<\/script>\n<!-- \/ Yoast SEO plugin. -->","yoast_head_json":{"title":"Dometic CFX3 Slide 35\/45 J\u00e4\u00e4kaapin dia CFX3 35 &amp; CFX3 45:een - BALTIC OVERLANDERS","description":"Tutustu Dometic CFX3 -j\u00e4\u00e4kaapin liukum\u00e4keen, josta p\u00e4\u00e4set helposti k\u00e4siksi s\u00e4hk\u00f6ll\u00e4 toimivaan kylm\u00e4laukkuun, joka on ihanteellinen mukavuutta ja kest\u00e4vyytt\u00e4 arvostaville seikkailijoille.","robots":{"index":"index","follow":"follow","max-snippet":"max-snippet:-1","max-image-preview":"max-image-preview:large","max-video-preview":"max-video-preview:-1"},"canonical":"https:\/\/balticoverlanders.eu\/fi\/tuote\/dometic-cfx3-slide-35-45-jaakaapin-dia-cfx3-35-cfx3-45een\/","og_locale":"fi_FI","og_type":"article","og_title":"Dometic CFX3 Slide 35\/45 J\u00e4\u00e4kaapin dia CFX3 35 &amp; CFX3 45:een - BALTIC OVERLANDERS","og_description":"Tutustu Dometic CFX3 -j\u00e4\u00e4kaapin liukum\u00e4keen, josta p\u00e4\u00e4set helposti k\u00e4siksi s\u00e4hk\u00f6ll\u00e4 toimivaan kylm\u00e4laukkuun, joka on ihanteellinen mukavuutta ja kest\u00e4vyytt\u00e4 arvostaville seikkailijoille.","og_url":"https:\/\/balticoverlanders.eu\/fi\/tuote\/dometic-cfx3-slide-35-45-jaakaapin-dia-cfx3-35-cfx3-45een\/","og_site_name":"BALTIC OVERLANDERS","article_modified_time":"2024-05-06T19:42:37+00:00","og_image":[{"width":2560,"height":2560,"url":"https:\/\/balticoverlanders.eu\/wp-content\/uploads\/2024\/02\/CFX3-Slide-55-1-1-scaled.jpg","type":"image\/jpeg"}],"twitter_card":"summary_large_image","twitter_misc":{"Arvioitu lukuaika":"1 minuutti"},"schema":{"@context":"https:\/\/schema.org","@graph":[{"@type":"WebPage","@id":"https:\/\/balticoverlanders.eu\/fi\/tuote\/dometic-cfx3-slide-35-45-jaakaapin-dia-cfx3-35-cfx3-45een\/","url":"https:\/\/balticoverlanders.eu\/fi\/tuote\/dometic-cfx3-slide-35-45-jaakaapin-dia-cfx3-35-cfx3-45een\/","name":"Dometic CFX3 Slide 35\/45 J\u00e4\u00e4kaapin dia CFX3 35 &amp; CFX3 45:een - BALTIC OVERLANDERS","isPartOf":{"@id":"https:\/\/balticoverlanders.eu\/fi\/#website"},"primaryImageOfPage":{"@id":"https:\/\/balticoverlanders.eu\/fi\/tuote\/dometic-cfx3-slide-35-45-jaakaapin-dia-cfx3-35-cfx3-45een\/#primaryimage"},"image":{"@id":"https:\/\/balticoverlanders.eu\/fi\/tuote\/dometic-cfx3-slide-35-45-jaakaapin-dia-cfx3-35-cfx3-45een\/#primaryimage"},"thumbnailUrl":"https:\/\/balticoverlanders.eu\/wp-content\/uploads\/2024\/02\/CFX3-Slide-55-1-1-scaled.jpg","datePublished":"2024-02-12T14:57:32+00:00","dateModified":"2024-05-06T19:42:37+00:00","description":"Tutustu Dometic CFX3 -j\u00e4\u00e4kaapin liukum\u00e4keen, josta p\u00e4\u00e4set helposti k\u00e4siksi s\u00e4hk\u00f6ll\u00e4 toimivaan kylm\u00e4laukkuun, joka on ihanteellinen mukavuutta ja kest\u00e4vyytt\u00e4 arvostaville seikkailijoille.","breadcrumb":{"@id":"https:\/\/balticoverlanders.eu\/fi\/tuote\/dometic-cfx3-slide-35-45-jaakaapin-dia-cfx3-35-cfx3-45een\/#breadcrumb"},"inLanguage":"fi","potentialAction":[{"@type":"ReadAction","target":["https:\/\/balticoverlanders.eu\/fi\/tuote\/dometic-cfx3-slide-35-45-jaakaapin-dia-cfx3-35-cfx3-45een\/"]}]},{"@type":"ImageObject","inLanguage":"fi","@id":"https:\/\/balticoverlanders.eu\/fi\/tuote\/dometic-cfx3-slide-35-45-jaakaapin-dia-cfx3-35-cfx3-45een\/#primaryimage","url":"https:\/\/balticoverlanders.eu\/wp-content\/uploads\/2024\/02\/CFX3-Slide-55-1-1-scaled.jpg","contentUrl":"https:\/\/balticoverlanders.eu\/wp-content\/uploads\/2024\/02\/CFX3-Slide-55-1-1-scaled.jpg","width":2560,"height":2560},{"@type":"BreadcrumbList","@id":"https:\/\/balticoverlanders.eu\/fi\/tuote\/dometic-cfx3-slide-35-45-jaakaapin-dia-cfx3-35-cfx3-45een\/#breadcrumb","itemListElement":[{"@type":"ListItem","position":1,"name":"Home","item":"https:\/\/balticoverlanders.eu\/fi\/?page_id=30138"},{"@type":"ListItem","position":2,"name":"Kauppa","item":"https:\/\/balticoverlanders.eu\/fi\/?page_id=30882"},{"@type":"ListItem","position":3,"name":"Dometic CFX3 Slide 35\/45 J\u00e4\u00e4kaapin dia CFX3 35 &amp; CFX3 45:een"}]},{"@type":"WebSite","@id":"https:\/\/balticoverlanders.eu\/fi\/#website","url":"https:\/\/balticoverlanders.eu\/fi\/","name":"BALTIC OVERLANDERS","description":"Your one-stop shop in Latvia, Estonia, and Lithuania for all your car camping, rooftop tent and accessory needs.","potentialAction":[{"@type":"SearchAction","target":{"@type":"EntryPoint","urlTemplate":"https:\/\/balticoverlanders.eu\/fi\/?s={search_term_string}"},"query-input":{"@type":"PropertyValueSpecification","valueRequired":true,"valueName":"search_term_string"}}],"inLanguage":"fi"}]}},"_links":{"self":[{"href":"https:\/\/balticoverlanders.eu\/fi\/wp-json\/wp\/v2\/product\/39426","targetHints":{"allow":["GET"]}}],"collection":[{"href":"https:\/\/balticoverlanders.eu\/fi\/wp-json\/wp\/v2\/product"}],"about":[{"href":"https:\/\/balticoverlanders.eu\/fi\/wp-json\/wp\/v2\/types\/product"}],"wp:featuredmedia":[{"embeddable":true,"href":"https:\/\/balticoverlanders.eu\/fi\/wp-json\/wp\/v2\/media\/31298"}],"wp:attachment":[{"href":"https:\/\/balticoverlanders.eu\/fi\/wp-json\/wp\/v2\/media?parent=39426"}],"wp:term":[{"taxonomy":"product_brand","embeddable":true,"href":"https:\/\/balticoverlanders.eu\/fi\/wp-json\/wp\/v2\/product_brand?post=39426"},{"taxonomy":"product_cat","embeddable":true,"href":"https:\/\/balticoverlanders.eu\/fi\/wp-json\/wp\/v2\/product_cat?post=39426"},{"taxonomy":"product_tag","embeddable":true,"href":"https:\/\/balticoverlanders.eu\/fi\/wp-json\/wp\/v2\/product_tag?post=39426"}],"curies":[{"name":"wp","href":"https:\/\/api.w.org\/{rel}","templated":true}]}}