{"id":39443,"date":"2024-02-12T16:23:34","date_gmt":"2024-02-12T14:23:34","guid":{"rendered":"https:\/\/balticoverlanders.eu\/product\/dometic-cfx3-55-kannettava-kompressorijaahdytin-55-litraa\/"},"modified":"2024-05-06T22:42:42","modified_gmt":"2024-05-06T19:42:42","slug":"dometic-cfx3-55-kannettava-kompressorijaahdytin-55-litraa","status":"publish","type":"product","link":"https:\/\/balticoverlanders.eu\/fi\/tuote\/dometic-cfx3-55-kannettava-kompressorijaahdytin-55-litraa\/","title":{"rendered":"Dometic CFX3 55 Kannettava kompressorij\u00e4\u00e4hdytin, 55 litraa"},"content":{"rendered":"<p><strong>Esittelyss\u00e4 Dometic CFX3: Ultimate Powered Cooler -j\u00e4\u00e4hdytin<\/strong><\/p>\n<p><strong>1. Ylivoimainen kapasiteetti<\/strong><\/p>\n<ul>\n<li>Nauti runsaasta 55 litran kokonaistilavuudesta, joka tarjoaa runsaasti tilaa kaikille suosikkiruokillesi ja -juomillesi.<\/li>\n<\/ul>\n<p><strong>2. Vankka rakenne<\/strong><\/p>\n<ul>\n<li>Rakennettu vaativimpiin ulkoilmael\u00e4myksiin, ja siin\u00e4 on raskas ExoFrame-rakenne, jossa on suojattu reunat ja kevyet alumiiniseoksesta valmistetut kahvat.<\/li>\n<\/ul>\n<p><strong>3. Kehittynyt j\u00e4\u00e4hdytystekniikka<\/strong><\/p>\n<ul>\n<li>Koe tehokas VMSO3-kompressorij\u00e4\u00e4hdytysteknologia, joka j\u00e4\u00e4hdytt\u00e4\u00e4 tehokkaasti +20 \u00b0C:n ja -22 \u00b0C:n v\u00e4lill\u00e4 ja varmistaa, ett\u00e4 tuotteet pysyv\u00e4t tuoreina kaikissa ymp\u00e4rist\u00f6iss\u00e4.<\/li>\n<\/ul>\n<p><strong>4. Intuitiivinen ohjaus ja valvonta<\/strong><\/p>\n<ul>\n<li>Pysy hallinnassa helposti luettavan korkean resoluution v\u00e4rin\u00e4yt\u00f6n ja pehmeiden kosketuspainikkeiden avulla, jotka mahdollistavat saumattoman ohjauksen ja j\u00e4\u00e4hdyttimen suorituskyvyn valvonnan.<\/li>\n<\/ul>\n<p><strong>5. K\u00e4tev\u00e4 mobiilisovellus<\/strong><\/p>\n<ul>\n<li>CFX3-sovellus mahdollistaa l\u00e4mp\u00f6tilan s\u00e4\u00e4d\u00f6t WiFi- tai Bluetooth-yhteyden kautta ja tarjoaa p\u00e4\u00e4syn suorituskykyhistoriaan optimaalista hallintaa varten.<\/li>\n<\/ul>\n<p><strong>6. \u00c4lyk\u00e4s akun suojaus<\/strong><\/p>\n<ul>\n<li>Voit olla huoletta tiet\u00e4en, ett\u00e4 kolmivaiheinen dynaaminen akun suojausj\u00e4rjestelm\u00e4 est\u00e4\u00e4 auton akun tyhjenemisen tai sallii kaksoisakkujen syv\u00e4purkautumisen, mik\u00e4 takaa luotettavan suorituskyvyn miss\u00e4 tahansa liikutkin.<\/li>\n<\/ul>\n<p><strong>7. Parannettu tiivistys ja tehokkuus<\/strong><\/p>\n<ul>\n<li>Hy\u00f6dy Active Gasket Technology -teknologiasta, joka tarjoaa erinomaisen tiivisteen, joka s\u00e4ilytt\u00e4\u00e4 viile\u00e4n ilman ja minimoi virrankulutuksen, jolloin tavarasi pysyv\u00e4t viile\u00e4mpin\u00e4 pidemp\u00e4\u00e4n.<\/li>\n<\/ul>\n<p>Dometic CFX3:n avulla p\u00e4\u00e4set pidemm\u00e4lle, pysyt pidemp\u00e4\u00e4n ja koet enemm\u00e4n ulkoilmaseikkailuissasi.<\/p>\n","protected":false},"excerpt":{"rendered":"<p>T\u00e4m\u00e4n huipputehokkaan j\u00e4\u00e4hdyttimen avulla voit tuoda mukanasi enemm\u00e4n rakastamiasi ruokia ja juomia kaikkialle, minne ikin\u00e4 menetkin. Sen vankka rakenne on suunniteltu kovaan ulkok\u00e4ytt\u00f6\u00f6n. Nauti voimakkaasta ja tehokkaasta j\u00e4\u00e4hdytyksest\u00e4 k\u00e4tev\u00e4sti mobiilisovelluksen ansiosta, joka antaa Dometic CFX3 -laitteen hallinnan k\u00e4den ulottuville. Mene pidemm\u00e4lle, viivy pidemp\u00e4\u00e4n ja koe enemm\u00e4n.<\/p>\n","protected":false},"featured_media":31256,"template":"","meta":[],"product_brand":[],"product_cat":[504,584],"product_tag":[],"class_list":{"0":"post-39443","1":"product","2":"type-product","3":"status-publish","4":"has-post-thumbnail","6":"product_cat-dometic-fi","7":"product_cat-jaahdyttimet","9":"first","10":"onbackorder","11":"taxable","12":"shipping-taxable","13":"purchasable","14":"product-type-simple"},"yoast_head":"<!-- This site is optimized with the Yoast SEO plugin v27.3 - https:\/\/yoast.com\/product\/yoast-seo-wordpress\/ -->\n<title>Dometic CFX3 55 Kannettava kompressorij\u00e4\u00e4hdytin, 55 litraa - BALTIC OVERLANDERS<\/title>\n<meta name=\"description\" content=\"Matkusta ja pysy viile\u00e4n\u00e4 ulkona Dometic CFX3 55 litran s\u00e4hk\u00f6k\u00e4ytt\u00f6isell\u00e4 j\u00e4\u00e4hdyttimell\u00e4. Kova rakenne, tehokas j\u00e4\u00e4hdytys ja sovellusohjaus helpottavat k\u00e4ytt\u00f6\u00e4.\" \/>\n<meta name=\"robots\" content=\"index, follow, max-snippet:-1, max-image-preview:large, max-video-preview:-1\" \/>\n<link rel=\"canonical\" href=\"https:\/\/balticoverlanders.eu\/fi\/tuote\/dometic-cfx3-55-kannettava-kompressorijaahdytin-55-litraa\/\" \/>\n<meta property=\"og:locale\" content=\"fi_FI\" \/>\n<meta property=\"og:type\" content=\"article\" \/>\n<meta property=\"og:title\" content=\"Dometic CFX3 55 Kannettava kompressorij\u00e4\u00e4hdytin, 55 litraa - BALTIC OVERLANDERS\" \/>\n<meta property=\"og:description\" content=\"Matkusta ja pysy viile\u00e4n\u00e4 ulkona Dometic CFX3 55 litran s\u00e4hk\u00f6k\u00e4ytt\u00f6isell\u00e4 j\u00e4\u00e4hdyttimell\u00e4. Kova rakenne, tehokas j\u00e4\u00e4hdytys ja sovellusohjaus helpottavat k\u00e4ytt\u00f6\u00e4.\" \/>\n<meta property=\"og:url\" content=\"https:\/\/balticoverlanders.eu\/fi\/tuote\/dometic-cfx3-55-kannettava-kompressorijaahdytin-55-litraa\/\" \/>\n<meta property=\"og:site_name\" content=\"BALTIC OVERLANDERS\" \/>\n<meta property=\"article:modified_time\" content=\"2024-05-06T19:42:42+00:00\" \/>\n<meta property=\"og:image\" content=\"https:\/\/balticoverlanders.eu\/wp-content\/uploads\/2024\/02\/cfx3-55-c-9600025328-p401_lowres.jpg\" \/>\n\t<meta property=\"og:image:width\" content=\"650\" \/>\n\t<meta property=\"og:image:height\" content=\"488\" \/>\n\t<meta property=\"og:image:type\" content=\"image\/jpeg\" \/>\n<meta name=\"twitter:card\" content=\"summary_large_image\" \/>\n<meta name=\"twitter:label1\" content=\"Arvioitu lukuaika\" \/>\n\t<meta name=\"twitter:data1\" content=\"1 minuutti\" \/>\n<script type=\"application\/ld+json\" class=\"yoast-schema-graph\">{\"@context\":\"https:\\\/\\\/schema.org\",\"@graph\":[{\"@type\":\"WebPage\",\"@id\":\"https:\\\/\\\/balticoverlanders.eu\\\/fi\\\/tuote\\\/dometic-cfx3-55-kannettava-kompressorijaahdytin-55-litraa\\\/\",\"url\":\"https:\\\/\\\/balticoverlanders.eu\\\/fi\\\/tuote\\\/dometic-cfx3-55-kannettava-kompressorijaahdytin-55-litraa\\\/\",\"name\":\"Dometic CFX3 55 Kannettava kompressorij\u00e4\u00e4hdytin, 55 litraa - BALTIC OVERLANDERS\",\"isPartOf\":{\"@id\":\"https:\\\/\\\/balticoverlanders.eu\\\/fi\\\/#website\"},\"primaryImageOfPage\":{\"@id\":\"https:\\\/\\\/balticoverlanders.eu\\\/fi\\\/tuote\\\/dometic-cfx3-55-kannettava-kompressorijaahdytin-55-litraa\\\/#primaryimage\"},\"image\":{\"@id\":\"https:\\\/\\\/balticoverlanders.eu\\\/fi\\\/tuote\\\/dometic-cfx3-55-kannettava-kompressorijaahdytin-55-litraa\\\/#primaryimage\"},\"thumbnailUrl\":\"https:\\\/\\\/balticoverlanders.eu\\\/wp-content\\\/uploads\\\/2024\\\/02\\\/cfx3-55-c-9600025328-p401_lowres.jpg\",\"datePublished\":\"2024-02-12T14:23:34+00:00\",\"dateModified\":\"2024-05-06T19:42:42+00:00\",\"description\":\"Matkusta ja pysy viile\u00e4n\u00e4 ulkona Dometic CFX3 55 litran s\u00e4hk\u00f6k\u00e4ytt\u00f6isell\u00e4 j\u00e4\u00e4hdyttimell\u00e4. Kova rakenne, tehokas j\u00e4\u00e4hdytys ja sovellusohjaus helpottavat k\u00e4ytt\u00f6\u00e4.\",\"breadcrumb\":{\"@id\":\"https:\\\/\\\/balticoverlanders.eu\\\/fi\\\/tuote\\\/dometic-cfx3-55-kannettava-kompressorijaahdytin-55-litraa\\\/#breadcrumb\"},\"inLanguage\":\"fi\",\"potentialAction\":[{\"@type\":\"ReadAction\",\"target\":[\"https:\\\/\\\/balticoverlanders.eu\\\/fi\\\/tuote\\\/dometic-cfx3-55-kannettava-kompressorijaahdytin-55-litraa\\\/\"]}]},{\"@type\":\"ImageObject\",\"inLanguage\":\"fi\",\"@id\":\"https:\\\/\\\/balticoverlanders.eu\\\/fi\\\/tuote\\\/dometic-cfx3-55-kannettava-kompressorijaahdytin-55-litraa\\\/#primaryimage\",\"url\":\"https:\\\/\\\/balticoverlanders.eu\\\/wp-content\\\/uploads\\\/2024\\\/02\\\/cfx3-55-c-9600025328-p401_lowres.jpg\",\"contentUrl\":\"https:\\\/\\\/balticoverlanders.eu\\\/wp-content\\\/uploads\\\/2024\\\/02\\\/cfx3-55-c-9600025328-p401_lowres.jpg\",\"width\":650,\"height\":488},{\"@type\":\"BreadcrumbList\",\"@id\":\"https:\\\/\\\/balticoverlanders.eu\\\/fi\\\/tuote\\\/dometic-cfx3-55-kannettava-kompressorijaahdytin-55-litraa\\\/#breadcrumb\",\"itemListElement\":[{\"@type\":\"ListItem\",\"position\":1,\"name\":\"Home\",\"item\":\"https:\\\/\\\/balticoverlanders.eu\\\/fi\\\/?page_id=30138\"},{\"@type\":\"ListItem\",\"position\":2,\"name\":\"Kauppa\",\"item\":\"https:\\\/\\\/balticoverlanders.eu\\\/fi\\\/?page_id=30882\"},{\"@type\":\"ListItem\",\"position\":3,\"name\":\"Dometic CFX3 55 Kannettava kompressorij\u00e4\u00e4hdytin, 55 litraa\"}]},{\"@type\":\"WebSite\",\"@id\":\"https:\\\/\\\/balticoverlanders.eu\\\/fi\\\/#website\",\"url\":\"https:\\\/\\\/balticoverlanders.eu\\\/fi\\\/\",\"name\":\"BALTIC OVERLANDERS\",\"description\":\"Your one-stop shop in Latvia, Estonia, and Lithuania for all your car camping, rooftop tent and accessory needs.\",\"potentialAction\":[{\"@type\":\"SearchAction\",\"target\":{\"@type\":\"EntryPoint\",\"urlTemplate\":\"https:\\\/\\\/balticoverlanders.eu\\\/fi\\\/?s={search_term_string}\"},\"query-input\":{\"@type\":\"PropertyValueSpecification\",\"valueRequired\":true,\"valueName\":\"search_term_string\"}}],\"inLanguage\":\"fi\"}]}<\/script>\n<!-- \/ Yoast SEO plugin. -->","yoast_head_json":{"title":"Dometic CFX3 55 Kannettava kompressorij\u00e4\u00e4hdytin, 55 litraa - BALTIC OVERLANDERS","description":"Matkusta ja pysy viile\u00e4n\u00e4 ulkona Dometic CFX3 55 litran s\u00e4hk\u00f6k\u00e4ytt\u00f6isell\u00e4 j\u00e4\u00e4hdyttimell\u00e4. Kova rakenne, tehokas j\u00e4\u00e4hdytys ja sovellusohjaus helpottavat k\u00e4ytt\u00f6\u00e4.","robots":{"index":"index","follow":"follow","max-snippet":"max-snippet:-1","max-image-preview":"max-image-preview:large","max-video-preview":"max-video-preview:-1"},"canonical":"https:\/\/balticoverlanders.eu\/fi\/tuote\/dometic-cfx3-55-kannettava-kompressorijaahdytin-55-litraa\/","og_locale":"fi_FI","og_type":"article","og_title":"Dometic CFX3 55 Kannettava kompressorij\u00e4\u00e4hdytin, 55 litraa - BALTIC OVERLANDERS","og_description":"Matkusta ja pysy viile\u00e4n\u00e4 ulkona Dometic CFX3 55 litran s\u00e4hk\u00f6k\u00e4ytt\u00f6isell\u00e4 j\u00e4\u00e4hdyttimell\u00e4. Kova rakenne, tehokas j\u00e4\u00e4hdytys ja sovellusohjaus helpottavat k\u00e4ytt\u00f6\u00e4.","og_url":"https:\/\/balticoverlanders.eu\/fi\/tuote\/dometic-cfx3-55-kannettava-kompressorijaahdytin-55-litraa\/","og_site_name":"BALTIC OVERLANDERS","article_modified_time":"2024-05-06T19:42:42+00:00","og_image":[{"width":650,"height":488,"url":"https:\/\/balticoverlanders.eu\/wp-content\/uploads\/2024\/02\/cfx3-55-c-9600025328-p401_lowres.jpg","type":"image\/jpeg"}],"twitter_card":"summary_large_image","twitter_misc":{"Arvioitu lukuaika":"1 minuutti"},"schema":{"@context":"https:\/\/schema.org","@graph":[{"@type":"WebPage","@id":"https:\/\/balticoverlanders.eu\/fi\/tuote\/dometic-cfx3-55-kannettava-kompressorijaahdytin-55-litraa\/","url":"https:\/\/balticoverlanders.eu\/fi\/tuote\/dometic-cfx3-55-kannettava-kompressorijaahdytin-55-litraa\/","name":"Dometic CFX3 55 Kannettava kompressorij\u00e4\u00e4hdytin, 55 litraa - BALTIC OVERLANDERS","isPartOf":{"@id":"https:\/\/balticoverlanders.eu\/fi\/#website"},"primaryImageOfPage":{"@id":"https:\/\/balticoverlanders.eu\/fi\/tuote\/dometic-cfx3-55-kannettava-kompressorijaahdytin-55-litraa\/#primaryimage"},"image":{"@id":"https:\/\/balticoverlanders.eu\/fi\/tuote\/dometic-cfx3-55-kannettava-kompressorijaahdytin-55-litraa\/#primaryimage"},"thumbnailUrl":"https:\/\/balticoverlanders.eu\/wp-content\/uploads\/2024\/02\/cfx3-55-c-9600025328-p401_lowres.jpg","datePublished":"2024-02-12T14:23:34+00:00","dateModified":"2024-05-06T19:42:42+00:00","description":"Matkusta ja pysy viile\u00e4n\u00e4 ulkona Dometic CFX3 55 litran s\u00e4hk\u00f6k\u00e4ytt\u00f6isell\u00e4 j\u00e4\u00e4hdyttimell\u00e4. Kova rakenne, tehokas j\u00e4\u00e4hdytys ja sovellusohjaus helpottavat k\u00e4ytt\u00f6\u00e4.","breadcrumb":{"@id":"https:\/\/balticoverlanders.eu\/fi\/tuote\/dometic-cfx3-55-kannettava-kompressorijaahdytin-55-litraa\/#breadcrumb"},"inLanguage":"fi","potentialAction":[{"@type":"ReadAction","target":["https:\/\/balticoverlanders.eu\/fi\/tuote\/dometic-cfx3-55-kannettava-kompressorijaahdytin-55-litraa\/"]}]},{"@type":"ImageObject","inLanguage":"fi","@id":"https:\/\/balticoverlanders.eu\/fi\/tuote\/dometic-cfx3-55-kannettava-kompressorijaahdytin-55-litraa\/#primaryimage","url":"https:\/\/balticoverlanders.eu\/wp-content\/uploads\/2024\/02\/cfx3-55-c-9600025328-p401_lowres.jpg","contentUrl":"https:\/\/balticoverlanders.eu\/wp-content\/uploads\/2024\/02\/cfx3-55-c-9600025328-p401_lowres.jpg","width":650,"height":488},{"@type":"BreadcrumbList","@id":"https:\/\/balticoverlanders.eu\/fi\/tuote\/dometic-cfx3-55-kannettava-kompressorijaahdytin-55-litraa\/#breadcrumb","itemListElement":[{"@type":"ListItem","position":1,"name":"Home","item":"https:\/\/balticoverlanders.eu\/fi\/?page_id=30138"},{"@type":"ListItem","position":2,"name":"Kauppa","item":"https:\/\/balticoverlanders.eu\/fi\/?page_id=30882"},{"@type":"ListItem","position":3,"name":"Dometic CFX3 55 Kannettava kompressorij\u00e4\u00e4hdytin, 55 litraa"}]},{"@type":"WebSite","@id":"https:\/\/balticoverlanders.eu\/fi\/#website","url":"https:\/\/balticoverlanders.eu\/fi\/","name":"BALTIC OVERLANDERS","description":"Your one-stop shop in Latvia, Estonia, and Lithuania for all your car camping, rooftop tent and accessory needs.","potentialAction":[{"@type":"SearchAction","target":{"@type":"EntryPoint","urlTemplate":"https:\/\/balticoverlanders.eu\/fi\/?s={search_term_string}"},"query-input":{"@type":"PropertyValueSpecification","valueRequired":true,"valueName":"search_term_string"}}],"inLanguage":"fi"}]}},"_links":{"self":[{"href":"https:\/\/balticoverlanders.eu\/fi\/wp-json\/wp\/v2\/product\/39443","targetHints":{"allow":["GET"]}}],"collection":[{"href":"https:\/\/balticoverlanders.eu\/fi\/wp-json\/wp\/v2\/product"}],"about":[{"href":"https:\/\/balticoverlanders.eu\/fi\/wp-json\/wp\/v2\/types\/product"}],"wp:featuredmedia":[{"embeddable":true,"href":"https:\/\/balticoverlanders.eu\/fi\/wp-json\/wp\/v2\/media\/31256"}],"wp:attachment":[{"href":"https:\/\/balticoverlanders.eu\/fi\/wp-json\/wp\/v2\/media?parent=39443"}],"wp:term":[{"taxonomy":"product_brand","embeddable":true,"href":"https:\/\/balticoverlanders.eu\/fi\/wp-json\/wp\/v2\/product_brand?post=39443"},{"taxonomy":"product_cat","embeddable":true,"href":"https:\/\/balticoverlanders.eu\/fi\/wp-json\/wp\/v2\/product_cat?post=39443"},{"taxonomy":"product_tag","embeddable":true,"href":"https:\/\/balticoverlanders.eu\/fi\/wp-json\/wp\/v2\/product_tag?post=39443"}],"curies":[{"name":"wp","href":"https:\/\/api.w.org\/{rel}","templated":true}]}}