{"id":39452,"date":"2024-02-12T16:41:14","date_gmt":"2024-02-12T14:41:14","guid":{"rendered":"https:\/\/balticoverlanders.eu\/product\/dometic-cfx3-55im-kannettava-kompressorijaahdytin-jaapalakoneella-53-litraa\/"},"modified":"2024-05-06T22:42:48","modified_gmt":"2024-05-06T19:42:48","slug":"dometic-cfx3-55im-kannettava-kompressorijaahdytin-jaapalakoneella-53-litraa","status":"publish","type":"product","link":"https:\/\/balticoverlanders.eu\/fi\/tuote\/dometic-cfx3-55im-kannettava-kompressorijaahdytin-jaapalakoneella-53-litraa\/","title":{"rendered":"Dometic CFX3 55IM Kannettava kompressorij\u00e4\u00e4hdytin j\u00e4\u00e4palakoneella, 53 litraa"},"content":{"rendered":"<p><strong>Runsas kokonaiskapasiteetti<\/strong><\/p>\n<ul>\n<li>Tilava 53 litran tilavuus takaa, ett\u00e4 sinulla on runsaasti tilaa kaikille v\u00e4ltt\u00e4m\u00e4tt\u00f6mille tavaroille, olitpa sitten viikonlopun retkeilyreissulla tai pidemm\u00e4ll\u00e4 matkalla.<\/li>\n<\/ul>\n<p><strong>Nopea j\u00e4\u00e4n tuotanto<\/strong><\/p>\n<ul>\n<li>T\u00e4m\u00e4 kannettava kompressorij\u00e4\u00e4hdytin, jossa on j\u00e4\u00e4nvalmistustoiminto, on varustettu nopealla j\u00e4\u00e4levyll\u00e4 ja mukana toimitetuilla silikonij\u00e4\u00e4lokeroilla, ja se tuottaa j\u00e4\u00e4t\u00e4 muutamassa tunnissa pit\u00e4en juomasi virkist\u00e4v\u00e4n kylmin\u00e4, minne tahansa seikkailusi viev\u00e4tkin sinut.<\/li>\n<\/ul>\n<p><strong>Vankka rakenne<\/strong><\/p>\n<ul>\n<li>CFX3 on rakennettu kest\u00e4m\u00e4\u00e4n matkan kovia vaatimuksia, ja siin\u00e4 on raskas mutta kevyt ExoFrame-rakenne, jossa on suojattuja reunoja ja alumiiniseoksesta valmistetut kahvat, mik\u00e4 takaa kest\u00e4vyyden tinkim\u00e4tt\u00e4 siirrett\u00e4vyydest\u00e4.<\/li>\n<\/ul>\n<p><strong>Tehokas j\u00e4\u00e4hdytystekniikka<\/strong><\/p>\n<ul>\n<li>Kehittyneell\u00e4 VMSO3-kompressorij\u00e4\u00e4hdytystekniikalla varustettu CFX3 j\u00e4\u00e4hdytt\u00e4\u00e4 tehokkaasti +20 \u00b0C:n ja -22 \u00b0C:n v\u00e4lill\u00e4, mik\u00e4 takaa, ett\u00e4 ruoat ja juomat pysyv\u00e4t t\u00e4ydellisess\u00e4 l\u00e4mp\u00f6tilassa my\u00f6s vaikeimmissa olosuhteissa.<\/li>\n<\/ul>\n<p><strong>Intuitiivinen ohjaus ja valvonta<\/strong><\/p>\n<ul>\n<li>Pysy hallinnassa helppolukuisen korkean resoluution v\u00e4rin\u00e4yt\u00f6n ja pehme\u00e4sti koskettavien painikkeiden avulla, jotka mahdollistavat saumattoman ohjauksen ja j\u00e4\u00e4hdyttimen suorituskyvyn seurannan, mik\u00e4 lis\u00e4\u00e4 mukavuutta seikkailuissasi.<\/li>\n<\/ul>\n<p><strong>Akun suojausj\u00e4rjestelm\u00e4<\/strong><\/p>\n<ul>\n<li>CFX3:ssa on kolmivaiheinen dynaaminen akun suojausj\u00e4rjestelm\u00e4, joka est\u00e4\u00e4 auton akun tyhjentymisen tai sallii kaksoisakkujen syv\u00e4purkautumisen, mik\u00e4 antaa sinulle mielenrauhaa pitkill\u00e4 matkoilla.<\/li>\n<\/ul>\n<p><strong>\u00c4lyk\u00e4s liitett\u00e4vyys<\/strong><\/p>\n<ul>\n<li>Hallitse mist\u00e4 tahansa CFX3-sovelluksella, joka mahdollistaa l\u00e4mp\u00f6tilan hallinnan WiFi- tai Bluetooth-yhteyden kautta ja tarjoaa suorituskykyhistorian sormiesi ulottuvilla, jotta voit hallita j\u00e4\u00e4hdytint\u00e4si helposti.<\/li>\n<\/ul>\n<p><strong>Koe kannettavan j\u00e4\u00e4hdytyksen seuraava taso<\/strong><\/p>\n<ul>\n<li>Olitpa sitten retkeilem\u00e4ss\u00e4, matkalla tai ruokailemassa, CFX3-kannettava kompressorij\u00e4\u00e4hdytin, jossa on j\u00e4\u00e4nvalmistustoiminto, on \u00e4\u00e4rimm\u00e4inen matkakumppanisi, joka tarjoaa vertaansa vailla olevaa mukavuutta, kest\u00e4vyytt\u00e4 ja suorituskyky\u00e4 kaikkiin seikkailuihisi.<\/li>\n<\/ul>\n","protected":false},"excerpt":{"rendered":"<p>T\u00e4m\u00e4n vaikuttavan s\u00e4hk\u00f6ll\u00e4 toimivan j\u00e4\u00e4hdyttimen avulla voit tuoda mukanasi enemm\u00e4n rakastamiasi ruokia ja juomia kaikkialle, minne ikin\u00e4 menetkin. Sen vankka rakenne on suunniteltu kovaan ulkok\u00e4ytt\u00f6\u00f6n. Nauti tehokkaasta j\u00e4\u00e4hdytyksest\u00e4 k\u00e4tev\u00e4sti mobiilisovelluksen ansiosta, joka antaa Dometic CFX3:n hallinnan k\u00e4den ulottuville. Mene pidemm\u00e4lle, viivy pidemp\u00e4\u00e4n ja koe enemm\u00e4n.<\/p>\n","protected":false},"featured_media":31256,"template":"","meta":[],"product_brand":[],"product_cat":[504,584],"product_tag":[],"class_list":{"0":"post-39452","1":"product","2":"type-product","3":"status-publish","4":"has-post-thumbnail","6":"product_cat-dometic-fi","7":"product_cat-jaahdyttimet","9":"first","10":"onbackorder","11":"taxable","12":"shipping-taxable","13":"purchasable","14":"product-type-simple"},"yoast_head":"<!-- This site is optimized with the Yoast SEO plugin v27.3 - https:\/\/yoast.com\/product\/yoast-seo-wordpress\/ -->\n<title>Dometic CFX3 55IM Kannettava kompressorij\u00e4\u00e4hdytin j\u00e4\u00e4palakoneella, 53 litraa - BALTIC OVERLANDERS<\/title>\n<meta name=\"description\" content=\"Koe \u00e4\u00e4rimm\u00e4inen ulkoilman viilennys Dometic CFX3 -j\u00e4\u00e4palakoneella varustetulla j\u00e4\u00e4hdyttimell\u00e4. Kest\u00e4v\u00e4 rakenne, tehokas j\u00e4\u00e4hdytys ja sovellusohjaus helpottavat k\u00e4ytt\u00f6\u00e4.\" \/>\n<meta name=\"robots\" content=\"index, follow, max-snippet:-1, max-image-preview:large, max-video-preview:-1\" \/>\n<link rel=\"canonical\" href=\"https:\/\/balticoverlanders.eu\/fi\/tuote\/dometic-cfx3-55im-kannettava-kompressorijaahdytin-jaapalakoneella-53-litraa\/\" \/>\n<meta property=\"og:locale\" content=\"fi_FI\" \/>\n<meta property=\"og:type\" content=\"article\" \/>\n<meta property=\"og:title\" content=\"Dometic CFX3 55IM Kannettava kompressorij\u00e4\u00e4hdytin j\u00e4\u00e4palakoneella, 53 litraa - BALTIC OVERLANDERS\" \/>\n<meta property=\"og:description\" content=\"Koe \u00e4\u00e4rimm\u00e4inen ulkoilman viilennys Dometic CFX3 -j\u00e4\u00e4palakoneella varustetulla j\u00e4\u00e4hdyttimell\u00e4. Kest\u00e4v\u00e4 rakenne, tehokas j\u00e4\u00e4hdytys ja sovellusohjaus helpottavat k\u00e4ytt\u00f6\u00e4.\" \/>\n<meta property=\"og:url\" content=\"https:\/\/balticoverlanders.eu\/fi\/tuote\/dometic-cfx3-55im-kannettava-kompressorijaahdytin-jaapalakoneella-53-litraa\/\" \/>\n<meta property=\"og:site_name\" content=\"BALTIC OVERLANDERS\" \/>\n<meta property=\"article:modified_time\" content=\"2024-05-06T19:42:48+00:00\" \/>\n<meta property=\"og:image\" content=\"https:\/\/balticoverlanders.eu\/wp-content\/uploads\/2024\/02\/cfx3-55-c-9600025328-p401_lowres.jpg\" \/>\n\t<meta property=\"og:image:width\" content=\"650\" \/>\n\t<meta property=\"og:image:height\" content=\"488\" \/>\n\t<meta property=\"og:image:type\" content=\"image\/jpeg\" \/>\n<meta name=\"twitter:card\" content=\"summary_large_image\" \/>\n<meta name=\"twitter:label1\" content=\"Arvioitu lukuaika\" \/>\n\t<meta name=\"twitter:data1\" content=\"1 minuutti\" \/>\n<script type=\"application\/ld+json\" class=\"yoast-schema-graph\">{\"@context\":\"https:\\\/\\\/schema.org\",\"@graph\":[{\"@type\":\"WebPage\",\"@id\":\"https:\\\/\\\/balticoverlanders.eu\\\/fi\\\/tuote\\\/dometic-cfx3-55im-kannettava-kompressorijaahdytin-jaapalakoneella-53-litraa\\\/\",\"url\":\"https:\\\/\\\/balticoverlanders.eu\\\/fi\\\/tuote\\\/dometic-cfx3-55im-kannettava-kompressorijaahdytin-jaapalakoneella-53-litraa\\\/\",\"name\":\"Dometic CFX3 55IM Kannettava kompressorij\u00e4\u00e4hdytin j\u00e4\u00e4palakoneella, 53 litraa - BALTIC OVERLANDERS\",\"isPartOf\":{\"@id\":\"https:\\\/\\\/balticoverlanders.eu\\\/fi\\\/#website\"},\"primaryImageOfPage\":{\"@id\":\"https:\\\/\\\/balticoverlanders.eu\\\/fi\\\/tuote\\\/dometic-cfx3-55im-kannettava-kompressorijaahdytin-jaapalakoneella-53-litraa\\\/#primaryimage\"},\"image\":{\"@id\":\"https:\\\/\\\/balticoverlanders.eu\\\/fi\\\/tuote\\\/dometic-cfx3-55im-kannettava-kompressorijaahdytin-jaapalakoneella-53-litraa\\\/#primaryimage\"},\"thumbnailUrl\":\"https:\\\/\\\/balticoverlanders.eu\\\/wp-content\\\/uploads\\\/2024\\\/02\\\/cfx3-55-c-9600025328-p401_lowres.jpg\",\"datePublished\":\"2024-02-12T14:41:14+00:00\",\"dateModified\":\"2024-05-06T19:42:48+00:00\",\"description\":\"Koe \u00e4\u00e4rimm\u00e4inen ulkoilman viilennys Dometic CFX3 -j\u00e4\u00e4palakoneella varustetulla j\u00e4\u00e4hdyttimell\u00e4. Kest\u00e4v\u00e4 rakenne, tehokas j\u00e4\u00e4hdytys ja sovellusohjaus helpottavat k\u00e4ytt\u00f6\u00e4.\",\"breadcrumb\":{\"@id\":\"https:\\\/\\\/balticoverlanders.eu\\\/fi\\\/tuote\\\/dometic-cfx3-55im-kannettava-kompressorijaahdytin-jaapalakoneella-53-litraa\\\/#breadcrumb\"},\"inLanguage\":\"fi\",\"potentialAction\":[{\"@type\":\"ReadAction\",\"target\":[\"https:\\\/\\\/balticoverlanders.eu\\\/fi\\\/tuote\\\/dometic-cfx3-55im-kannettava-kompressorijaahdytin-jaapalakoneella-53-litraa\\\/\"]}]},{\"@type\":\"ImageObject\",\"inLanguage\":\"fi\",\"@id\":\"https:\\\/\\\/balticoverlanders.eu\\\/fi\\\/tuote\\\/dometic-cfx3-55im-kannettava-kompressorijaahdytin-jaapalakoneella-53-litraa\\\/#primaryimage\",\"url\":\"https:\\\/\\\/balticoverlanders.eu\\\/wp-content\\\/uploads\\\/2024\\\/02\\\/cfx3-55-c-9600025328-p401_lowres.jpg\",\"contentUrl\":\"https:\\\/\\\/balticoverlanders.eu\\\/wp-content\\\/uploads\\\/2024\\\/02\\\/cfx3-55-c-9600025328-p401_lowres.jpg\",\"width\":650,\"height\":488},{\"@type\":\"BreadcrumbList\",\"@id\":\"https:\\\/\\\/balticoverlanders.eu\\\/fi\\\/tuote\\\/dometic-cfx3-55im-kannettava-kompressorijaahdytin-jaapalakoneella-53-litraa\\\/#breadcrumb\",\"itemListElement\":[{\"@type\":\"ListItem\",\"position\":1,\"name\":\"Home\",\"item\":\"https:\\\/\\\/balticoverlanders.eu\\\/fi\\\/?page_id=30138\"},{\"@type\":\"ListItem\",\"position\":2,\"name\":\"Kauppa\",\"item\":\"https:\\\/\\\/balticoverlanders.eu\\\/fi\\\/?page_id=30882\"},{\"@type\":\"ListItem\",\"position\":3,\"name\":\"Dometic CFX3 55IM Kannettava kompressorij\u00e4\u00e4hdytin j\u00e4\u00e4palakoneella, 53 litraa\"}]},{\"@type\":\"WebSite\",\"@id\":\"https:\\\/\\\/balticoverlanders.eu\\\/fi\\\/#website\",\"url\":\"https:\\\/\\\/balticoverlanders.eu\\\/fi\\\/\",\"name\":\"BALTIC OVERLANDERS\",\"description\":\"Your one-stop shop in Latvia, Estonia, and Lithuania for all your car camping, rooftop tent and accessory needs.\",\"potentialAction\":[{\"@type\":\"SearchAction\",\"target\":{\"@type\":\"EntryPoint\",\"urlTemplate\":\"https:\\\/\\\/balticoverlanders.eu\\\/fi\\\/?s={search_term_string}\"},\"query-input\":{\"@type\":\"PropertyValueSpecification\",\"valueRequired\":true,\"valueName\":\"search_term_string\"}}],\"inLanguage\":\"fi\"}]}<\/script>\n<!-- \/ Yoast SEO plugin. -->","yoast_head_json":{"title":"Dometic CFX3 55IM Kannettava kompressorij\u00e4\u00e4hdytin j\u00e4\u00e4palakoneella, 53 litraa - BALTIC OVERLANDERS","description":"Koe \u00e4\u00e4rimm\u00e4inen ulkoilman viilennys Dometic CFX3 -j\u00e4\u00e4palakoneella varustetulla j\u00e4\u00e4hdyttimell\u00e4. Kest\u00e4v\u00e4 rakenne, tehokas j\u00e4\u00e4hdytys ja sovellusohjaus helpottavat k\u00e4ytt\u00f6\u00e4.","robots":{"index":"index","follow":"follow","max-snippet":"max-snippet:-1","max-image-preview":"max-image-preview:large","max-video-preview":"max-video-preview:-1"},"canonical":"https:\/\/balticoverlanders.eu\/fi\/tuote\/dometic-cfx3-55im-kannettava-kompressorijaahdytin-jaapalakoneella-53-litraa\/","og_locale":"fi_FI","og_type":"article","og_title":"Dometic CFX3 55IM Kannettava kompressorij\u00e4\u00e4hdytin j\u00e4\u00e4palakoneella, 53 litraa - BALTIC OVERLANDERS","og_description":"Koe \u00e4\u00e4rimm\u00e4inen ulkoilman viilennys Dometic CFX3 -j\u00e4\u00e4palakoneella varustetulla j\u00e4\u00e4hdyttimell\u00e4. Kest\u00e4v\u00e4 rakenne, tehokas j\u00e4\u00e4hdytys ja sovellusohjaus helpottavat k\u00e4ytt\u00f6\u00e4.","og_url":"https:\/\/balticoverlanders.eu\/fi\/tuote\/dometic-cfx3-55im-kannettava-kompressorijaahdytin-jaapalakoneella-53-litraa\/","og_site_name":"BALTIC OVERLANDERS","article_modified_time":"2024-05-06T19:42:48+00:00","og_image":[{"width":650,"height":488,"url":"https:\/\/balticoverlanders.eu\/wp-content\/uploads\/2024\/02\/cfx3-55-c-9600025328-p401_lowres.jpg","type":"image\/jpeg"}],"twitter_card":"summary_large_image","twitter_misc":{"Arvioitu lukuaika":"1 minuutti"},"schema":{"@context":"https:\/\/schema.org","@graph":[{"@type":"WebPage","@id":"https:\/\/balticoverlanders.eu\/fi\/tuote\/dometic-cfx3-55im-kannettava-kompressorijaahdytin-jaapalakoneella-53-litraa\/","url":"https:\/\/balticoverlanders.eu\/fi\/tuote\/dometic-cfx3-55im-kannettava-kompressorijaahdytin-jaapalakoneella-53-litraa\/","name":"Dometic CFX3 55IM Kannettava kompressorij\u00e4\u00e4hdytin j\u00e4\u00e4palakoneella, 53 litraa - BALTIC OVERLANDERS","isPartOf":{"@id":"https:\/\/balticoverlanders.eu\/fi\/#website"},"primaryImageOfPage":{"@id":"https:\/\/balticoverlanders.eu\/fi\/tuote\/dometic-cfx3-55im-kannettava-kompressorijaahdytin-jaapalakoneella-53-litraa\/#primaryimage"},"image":{"@id":"https:\/\/balticoverlanders.eu\/fi\/tuote\/dometic-cfx3-55im-kannettava-kompressorijaahdytin-jaapalakoneella-53-litraa\/#primaryimage"},"thumbnailUrl":"https:\/\/balticoverlanders.eu\/wp-content\/uploads\/2024\/02\/cfx3-55-c-9600025328-p401_lowres.jpg","datePublished":"2024-02-12T14:41:14+00:00","dateModified":"2024-05-06T19:42:48+00:00","description":"Koe \u00e4\u00e4rimm\u00e4inen ulkoilman viilennys Dometic CFX3 -j\u00e4\u00e4palakoneella varustetulla j\u00e4\u00e4hdyttimell\u00e4. Kest\u00e4v\u00e4 rakenne, tehokas j\u00e4\u00e4hdytys ja sovellusohjaus helpottavat k\u00e4ytt\u00f6\u00e4.","breadcrumb":{"@id":"https:\/\/balticoverlanders.eu\/fi\/tuote\/dometic-cfx3-55im-kannettava-kompressorijaahdytin-jaapalakoneella-53-litraa\/#breadcrumb"},"inLanguage":"fi","potentialAction":[{"@type":"ReadAction","target":["https:\/\/balticoverlanders.eu\/fi\/tuote\/dometic-cfx3-55im-kannettava-kompressorijaahdytin-jaapalakoneella-53-litraa\/"]}]},{"@type":"ImageObject","inLanguage":"fi","@id":"https:\/\/balticoverlanders.eu\/fi\/tuote\/dometic-cfx3-55im-kannettava-kompressorijaahdytin-jaapalakoneella-53-litraa\/#primaryimage","url":"https:\/\/balticoverlanders.eu\/wp-content\/uploads\/2024\/02\/cfx3-55-c-9600025328-p401_lowres.jpg","contentUrl":"https:\/\/balticoverlanders.eu\/wp-content\/uploads\/2024\/02\/cfx3-55-c-9600025328-p401_lowres.jpg","width":650,"height":488},{"@type":"BreadcrumbList","@id":"https:\/\/balticoverlanders.eu\/fi\/tuote\/dometic-cfx3-55im-kannettava-kompressorijaahdytin-jaapalakoneella-53-litraa\/#breadcrumb","itemListElement":[{"@type":"ListItem","position":1,"name":"Home","item":"https:\/\/balticoverlanders.eu\/fi\/?page_id=30138"},{"@type":"ListItem","position":2,"name":"Kauppa","item":"https:\/\/balticoverlanders.eu\/fi\/?page_id=30882"},{"@type":"ListItem","position":3,"name":"Dometic CFX3 55IM Kannettava kompressorij\u00e4\u00e4hdytin j\u00e4\u00e4palakoneella, 53 litraa"}]},{"@type":"WebSite","@id":"https:\/\/balticoverlanders.eu\/fi\/#website","url":"https:\/\/balticoverlanders.eu\/fi\/","name":"BALTIC OVERLANDERS","description":"Your one-stop shop in Latvia, Estonia, and Lithuania for all your car camping, rooftop tent and accessory needs.","potentialAction":[{"@type":"SearchAction","target":{"@type":"EntryPoint","urlTemplate":"https:\/\/balticoverlanders.eu\/fi\/?s={search_term_string}"},"query-input":{"@type":"PropertyValueSpecification","valueRequired":true,"valueName":"search_term_string"}}],"inLanguage":"fi"}]}},"_links":{"self":[{"href":"https:\/\/balticoverlanders.eu\/fi\/wp-json\/wp\/v2\/product\/39452","targetHints":{"allow":["GET"]}}],"collection":[{"href":"https:\/\/balticoverlanders.eu\/fi\/wp-json\/wp\/v2\/product"}],"about":[{"href":"https:\/\/balticoverlanders.eu\/fi\/wp-json\/wp\/v2\/types\/product"}],"wp:featuredmedia":[{"embeddable":true,"href":"https:\/\/balticoverlanders.eu\/fi\/wp-json\/wp\/v2\/media\/31256"}],"wp:attachment":[{"href":"https:\/\/balticoverlanders.eu\/fi\/wp-json\/wp\/v2\/media?parent=39452"}],"wp:term":[{"taxonomy":"product_brand","embeddable":true,"href":"https:\/\/balticoverlanders.eu\/fi\/wp-json\/wp\/v2\/product_brand?post=39452"},{"taxonomy":"product_cat","embeddable":true,"href":"https:\/\/balticoverlanders.eu\/fi\/wp-json\/wp\/v2\/product_cat?post=39452"},{"taxonomy":"product_tag","embeddable":true,"href":"https:\/\/balticoverlanders.eu\/fi\/wp-json\/wp\/v2\/product_tag?post=39452"}],"curies":[{"name":"wp","href":"https:\/\/api.w.org\/{rel}","templated":true}]}}