{"id":39473,"date":"2024-02-11T18:20:46","date_gmt":"2024-02-11T16:20:46","guid":{"rendered":"https:\/\/balticoverlanders.eu\/product\/dometic-cfx3-25-liikuteltava-kompressorijaahdytin-25-litraa\/"},"modified":"2024-05-06T22:43:04","modified_gmt":"2024-05-06T19:43:04","slug":"dometic-cfx3-25-liikuteltava-kompressorijaahdytin-25-litraa","status":"publish","type":"product","link":"https:\/\/balticoverlanders.eu\/fi\/tuote\/dometic-cfx3-25-liikuteltava-kompressorijaahdytin-25-litraa\/","title":{"rendered":"Dometic CFX3 25 Liikuteltava kompressorij\u00e4\u00e4hdytin, 25 litraa"},"content":{"rendered":"<p>Esittelyss\u00e4 Dometic CFX3, \u00e4\u00e4rimm\u00e4inen ulkoilmakylm\u00e4laite:<\/p>\n<ul>\n<li>25 litran kokonaistilavuuteen mahtuu 40 t\u00f6lkki\u00e4 tai viisi 1,5 litran pulloa.<\/li>\n<li>Raskas, mutta kevyt ExoFrame-rakenne, jossa on suojattu reunat ja alumiiniseoksesta valmistetut kahvat.<\/li>\n<li>Tehokas VMSO3-kompressorij\u00e4\u00e4hdytystekniikka j\u00e4\u00e4hdytt\u00e4\u00e4 tehokkaasti +20 \u00b0C:n ja -22 \u00b0C:n v\u00e4lill\u00e4.<\/li>\n<li>Helppolukuinen korkearesoluutioinen v\u00e4rin\u00e4ytt\u00f6 ja pehme\u00e4sti koskettavat painikkeet helpottavat ohjausta ja valvontaa.<\/li>\n<li>CFX3-sovellus mahdollistaa l\u00e4mp\u00f6tilan hallinnan WiFi- tai Bluetooth-yhteyden kautta ja antaa suorituskykyhistorian.<\/li>\n<li>Dynaaminen akun suojausj\u00e4rjestelm\u00e4 est\u00e4\u00e4 ajoneuvon akun tyhjentymisen tai sallii kaksoisakkujen syv\u00e4purkauksen.<\/li>\n<li>Vankka, kevyt ja kompakti rakenne takaa k\u00e4tev\u00e4n siirrett\u00e4vyyden.<\/li>\n<\/ul>\n<p>&nbsp;<\/p>\n","protected":false},"excerpt":{"rendered":"<p>T\u00e4m\u00e4n tehokkaan j\u00e4\u00e4hdyttimen avulla voit tuoda mukanasi enemm\u00e4n rakastamiasi ruokia ja juomia, minne ikin\u00e4 menetkin. Sen vankka rakenne on suunniteltu ulkok\u00e4ytt\u00f6\u00f6n, ja sen k\u00e4tev\u00e4 mobiilisovellus antaa Dometic CFX3:n hallinnan k\u00e4den ulottuville. Mene pidemm\u00e4lle, viivy pidemp\u00e4\u00e4n ja koe enemm\u00e4n.<\/p>\n","protected":false},"featured_media":31228,"template":"","meta":[],"product_brand":[],"product_cat":[504,584],"product_tag":[],"class_list":{"0":"post-39473","1":"product","2":"type-product","3":"status-publish","4":"has-post-thumbnail","6":"product_cat-dometic-fi","7":"product_cat-jaahdyttimet","9":"first","10":"onbackorder","11":"taxable","12":"shipping-taxable","13":"purchasable","14":"product-type-simple"},"yoast_head":"<!-- This site is optimized with the Yoast SEO plugin v27.3 - https:\/\/yoast.com\/product\/yoast-seo-wordpress\/ -->\n<title>Dometic CFX3 25 Liikuteltava kompressorij\u00e4\u00e4hdytin, 25 litraa - BALTIC OVERLANDERS<\/title>\n<meta name=\"description\" content=\"Dometic CFX3 -j\u00e4\u00e4hdyttimell\u00e4 otat ulkoiluseikkailusi haltuun. Vankka muotoilu, mobiilisovelluksen k\u00e4ytt\u00f6mukavuus. Paras matkakumppanisi.\" \/>\n<meta name=\"robots\" content=\"index, follow, max-snippet:-1, max-image-preview:large, max-video-preview:-1\" \/>\n<link rel=\"canonical\" href=\"https:\/\/balticoverlanders.eu\/fi\/tuote\/dometic-cfx3-25-liikuteltava-kompressorijaahdytin-25-litraa\/\" \/>\n<meta property=\"og:locale\" content=\"fi_FI\" \/>\n<meta property=\"og:type\" content=\"article\" \/>\n<meta property=\"og:title\" content=\"Dometic CFX3 25 Liikuteltava kompressorij\u00e4\u00e4hdytin, 25 litraa - BALTIC OVERLANDERS\" \/>\n<meta property=\"og:description\" content=\"Dometic CFX3 -j\u00e4\u00e4hdyttimell\u00e4 otat ulkoiluseikkailusi haltuun. Vankka muotoilu, mobiilisovelluksen k\u00e4ytt\u00f6mukavuus. Paras matkakumppanisi.\" \/>\n<meta property=\"og:url\" content=\"https:\/\/balticoverlanders.eu\/fi\/tuote\/dometic-cfx3-25-liikuteltava-kompressorijaahdytin-25-litraa\/\" \/>\n<meta property=\"og:site_name\" content=\"BALTIC OVERLANDERS\" \/>\n<meta property=\"article:modified_time\" content=\"2024-05-06T19:43:04+00:00\" \/>\n<meta property=\"og:image\" content=\"https:\/\/balticoverlanders.eu\/wp-content\/uploads\/2024\/02\/cfx3-45-9600025326-p401_lowres.jpg\" \/>\n\t<meta property=\"og:image:width\" content=\"1024\" \/>\n\t<meta property=\"og:image:height\" content=\"768\" \/>\n\t<meta property=\"og:image:type\" content=\"image\/jpeg\" \/>\n<meta name=\"twitter:card\" content=\"summary_large_image\" \/>\n<script type=\"application\/ld+json\" class=\"yoast-schema-graph\">{\"@context\":\"https:\\\/\\\/schema.org\",\"@graph\":[{\"@type\":\"WebPage\",\"@id\":\"https:\\\/\\\/balticoverlanders.eu\\\/fi\\\/tuote\\\/dometic-cfx3-25-liikuteltava-kompressorijaahdytin-25-litraa\\\/\",\"url\":\"https:\\\/\\\/balticoverlanders.eu\\\/fi\\\/tuote\\\/dometic-cfx3-25-liikuteltava-kompressorijaahdytin-25-litraa\\\/\",\"name\":\"Dometic CFX3 25 Liikuteltava kompressorij\u00e4\u00e4hdytin, 25 litraa - BALTIC OVERLANDERS\",\"isPartOf\":{\"@id\":\"https:\\\/\\\/balticoverlanders.eu\\\/fi\\\/#website\"},\"primaryImageOfPage\":{\"@id\":\"https:\\\/\\\/balticoverlanders.eu\\\/fi\\\/tuote\\\/dometic-cfx3-25-liikuteltava-kompressorijaahdytin-25-litraa\\\/#primaryimage\"},\"image\":{\"@id\":\"https:\\\/\\\/balticoverlanders.eu\\\/fi\\\/tuote\\\/dometic-cfx3-25-liikuteltava-kompressorijaahdytin-25-litraa\\\/#primaryimage\"},\"thumbnailUrl\":\"https:\\\/\\\/balticoverlanders.eu\\\/wp-content\\\/uploads\\\/2024\\\/02\\\/cfx3-45-9600025326-p401_lowres.jpg\",\"datePublished\":\"2024-02-11T16:20:46+00:00\",\"dateModified\":\"2024-05-06T19:43:04+00:00\",\"description\":\"Dometic CFX3 -j\u00e4\u00e4hdyttimell\u00e4 otat ulkoiluseikkailusi haltuun. Vankka muotoilu, mobiilisovelluksen k\u00e4ytt\u00f6mukavuus. Paras matkakumppanisi.\",\"breadcrumb\":{\"@id\":\"https:\\\/\\\/balticoverlanders.eu\\\/fi\\\/tuote\\\/dometic-cfx3-25-liikuteltava-kompressorijaahdytin-25-litraa\\\/#breadcrumb\"},\"inLanguage\":\"fi\",\"potentialAction\":[{\"@type\":\"ReadAction\",\"target\":[\"https:\\\/\\\/balticoverlanders.eu\\\/fi\\\/tuote\\\/dometic-cfx3-25-liikuteltava-kompressorijaahdytin-25-litraa\\\/\"]}]},{\"@type\":\"ImageObject\",\"inLanguage\":\"fi\",\"@id\":\"https:\\\/\\\/balticoverlanders.eu\\\/fi\\\/tuote\\\/dometic-cfx3-25-liikuteltava-kompressorijaahdytin-25-litraa\\\/#primaryimage\",\"url\":\"https:\\\/\\\/balticoverlanders.eu\\\/wp-content\\\/uploads\\\/2024\\\/02\\\/cfx3-45-9600025326-p401_lowres.jpg\",\"contentUrl\":\"https:\\\/\\\/balticoverlanders.eu\\\/wp-content\\\/uploads\\\/2024\\\/02\\\/cfx3-45-9600025326-p401_lowres.jpg\",\"width\":1024,\"height\":768},{\"@type\":\"BreadcrumbList\",\"@id\":\"https:\\\/\\\/balticoverlanders.eu\\\/fi\\\/tuote\\\/dometic-cfx3-25-liikuteltava-kompressorijaahdytin-25-litraa\\\/#breadcrumb\",\"itemListElement\":[{\"@type\":\"ListItem\",\"position\":1,\"name\":\"Home\",\"item\":\"https:\\\/\\\/balticoverlanders.eu\\\/fi\\\/?page_id=30138\"},{\"@type\":\"ListItem\",\"position\":2,\"name\":\"Kauppa\",\"item\":\"https:\\\/\\\/balticoverlanders.eu\\\/fi\\\/?page_id=30882\"},{\"@type\":\"ListItem\",\"position\":3,\"name\":\"Dometic CFX3 25 Liikuteltava kompressorij\u00e4\u00e4hdytin, 25 litraa\"}]},{\"@type\":\"WebSite\",\"@id\":\"https:\\\/\\\/balticoverlanders.eu\\\/fi\\\/#website\",\"url\":\"https:\\\/\\\/balticoverlanders.eu\\\/fi\\\/\",\"name\":\"BALTIC OVERLANDERS\",\"description\":\"Your one-stop shop in Latvia, Estonia, and Lithuania for all your car camping, rooftop tent and accessory needs.\",\"potentialAction\":[{\"@type\":\"SearchAction\",\"target\":{\"@type\":\"EntryPoint\",\"urlTemplate\":\"https:\\\/\\\/balticoverlanders.eu\\\/fi\\\/?s={search_term_string}\"},\"query-input\":{\"@type\":\"PropertyValueSpecification\",\"valueRequired\":true,\"valueName\":\"search_term_string\"}}],\"inLanguage\":\"fi\"}]}<\/script>\n<!-- \/ Yoast SEO plugin. -->","yoast_head_json":{"title":"Dometic CFX3 25 Liikuteltava kompressorij\u00e4\u00e4hdytin, 25 litraa - BALTIC OVERLANDERS","description":"Dometic CFX3 -j\u00e4\u00e4hdyttimell\u00e4 otat ulkoiluseikkailusi haltuun. Vankka muotoilu, mobiilisovelluksen k\u00e4ytt\u00f6mukavuus. Paras matkakumppanisi.","robots":{"index":"index","follow":"follow","max-snippet":"max-snippet:-1","max-image-preview":"max-image-preview:large","max-video-preview":"max-video-preview:-1"},"canonical":"https:\/\/balticoverlanders.eu\/fi\/tuote\/dometic-cfx3-25-liikuteltava-kompressorijaahdytin-25-litraa\/","og_locale":"fi_FI","og_type":"article","og_title":"Dometic CFX3 25 Liikuteltava kompressorij\u00e4\u00e4hdytin, 25 litraa - BALTIC OVERLANDERS","og_description":"Dometic CFX3 -j\u00e4\u00e4hdyttimell\u00e4 otat ulkoiluseikkailusi haltuun. Vankka muotoilu, mobiilisovelluksen k\u00e4ytt\u00f6mukavuus. Paras matkakumppanisi.","og_url":"https:\/\/balticoverlanders.eu\/fi\/tuote\/dometic-cfx3-25-liikuteltava-kompressorijaahdytin-25-litraa\/","og_site_name":"BALTIC OVERLANDERS","article_modified_time":"2024-05-06T19:43:04+00:00","og_image":[{"width":1024,"height":768,"url":"https:\/\/balticoverlanders.eu\/wp-content\/uploads\/2024\/02\/cfx3-45-9600025326-p401_lowres.jpg","type":"image\/jpeg"}],"twitter_card":"summary_large_image","schema":{"@context":"https:\/\/schema.org","@graph":[{"@type":"WebPage","@id":"https:\/\/balticoverlanders.eu\/fi\/tuote\/dometic-cfx3-25-liikuteltava-kompressorijaahdytin-25-litraa\/","url":"https:\/\/balticoverlanders.eu\/fi\/tuote\/dometic-cfx3-25-liikuteltava-kompressorijaahdytin-25-litraa\/","name":"Dometic CFX3 25 Liikuteltava kompressorij\u00e4\u00e4hdytin, 25 litraa - BALTIC OVERLANDERS","isPartOf":{"@id":"https:\/\/balticoverlanders.eu\/fi\/#website"},"primaryImageOfPage":{"@id":"https:\/\/balticoverlanders.eu\/fi\/tuote\/dometic-cfx3-25-liikuteltava-kompressorijaahdytin-25-litraa\/#primaryimage"},"image":{"@id":"https:\/\/balticoverlanders.eu\/fi\/tuote\/dometic-cfx3-25-liikuteltava-kompressorijaahdytin-25-litraa\/#primaryimage"},"thumbnailUrl":"https:\/\/balticoverlanders.eu\/wp-content\/uploads\/2024\/02\/cfx3-45-9600025326-p401_lowres.jpg","datePublished":"2024-02-11T16:20:46+00:00","dateModified":"2024-05-06T19:43:04+00:00","description":"Dometic CFX3 -j\u00e4\u00e4hdyttimell\u00e4 otat ulkoiluseikkailusi haltuun. Vankka muotoilu, mobiilisovelluksen k\u00e4ytt\u00f6mukavuus. Paras matkakumppanisi.","breadcrumb":{"@id":"https:\/\/balticoverlanders.eu\/fi\/tuote\/dometic-cfx3-25-liikuteltava-kompressorijaahdytin-25-litraa\/#breadcrumb"},"inLanguage":"fi","potentialAction":[{"@type":"ReadAction","target":["https:\/\/balticoverlanders.eu\/fi\/tuote\/dometic-cfx3-25-liikuteltava-kompressorijaahdytin-25-litraa\/"]}]},{"@type":"ImageObject","inLanguage":"fi","@id":"https:\/\/balticoverlanders.eu\/fi\/tuote\/dometic-cfx3-25-liikuteltava-kompressorijaahdytin-25-litraa\/#primaryimage","url":"https:\/\/balticoverlanders.eu\/wp-content\/uploads\/2024\/02\/cfx3-45-9600025326-p401_lowres.jpg","contentUrl":"https:\/\/balticoverlanders.eu\/wp-content\/uploads\/2024\/02\/cfx3-45-9600025326-p401_lowres.jpg","width":1024,"height":768},{"@type":"BreadcrumbList","@id":"https:\/\/balticoverlanders.eu\/fi\/tuote\/dometic-cfx3-25-liikuteltava-kompressorijaahdytin-25-litraa\/#breadcrumb","itemListElement":[{"@type":"ListItem","position":1,"name":"Home","item":"https:\/\/balticoverlanders.eu\/fi\/?page_id=30138"},{"@type":"ListItem","position":2,"name":"Kauppa","item":"https:\/\/balticoverlanders.eu\/fi\/?page_id=30882"},{"@type":"ListItem","position":3,"name":"Dometic CFX3 25 Liikuteltava kompressorij\u00e4\u00e4hdytin, 25 litraa"}]},{"@type":"WebSite","@id":"https:\/\/balticoverlanders.eu\/fi\/#website","url":"https:\/\/balticoverlanders.eu\/fi\/","name":"BALTIC OVERLANDERS","description":"Your one-stop shop in Latvia, Estonia, and Lithuania for all your car camping, rooftop tent and accessory needs.","potentialAction":[{"@type":"SearchAction","target":{"@type":"EntryPoint","urlTemplate":"https:\/\/balticoverlanders.eu\/fi\/?s={search_term_string}"},"query-input":{"@type":"PropertyValueSpecification","valueRequired":true,"valueName":"search_term_string"}}],"inLanguage":"fi"}]}},"_links":{"self":[{"href":"https:\/\/balticoverlanders.eu\/fi\/wp-json\/wp\/v2\/product\/39473","targetHints":{"allow":["GET"]}}],"collection":[{"href":"https:\/\/balticoverlanders.eu\/fi\/wp-json\/wp\/v2\/product"}],"about":[{"href":"https:\/\/balticoverlanders.eu\/fi\/wp-json\/wp\/v2\/types\/product"}],"wp:featuredmedia":[{"embeddable":true,"href":"https:\/\/balticoverlanders.eu\/fi\/wp-json\/wp\/v2\/media\/31228"}],"wp:attachment":[{"href":"https:\/\/balticoverlanders.eu\/fi\/wp-json\/wp\/v2\/media?parent=39473"}],"wp:term":[{"taxonomy":"product_brand","embeddable":true,"href":"https:\/\/balticoverlanders.eu\/fi\/wp-json\/wp\/v2\/product_brand?post=39473"},{"taxonomy":"product_cat","embeddable":true,"href":"https:\/\/balticoverlanders.eu\/fi\/wp-json\/wp\/v2\/product_cat?post=39473"},{"taxonomy":"product_tag","embeddable":true,"href":"https:\/\/balticoverlanders.eu\/fi\/wp-json\/wp\/v2\/product_tag?post=39473"}],"curies":[{"name":"wp","href":"https:\/\/api.w.org\/{rel}","templated":true}]}}