{"id":42838,"date":"2024-05-18T11:38:36","date_gmt":"2024-05-18T08:38:36","guid":{"rendered":"https:\/\/balticoverlanders.eu\/product\/wild-land-wild-cruiser-pro-250-kattoteltta\/"},"modified":"2024-05-20T15:31:01","modified_gmt":"2024-05-20T12:31:01","slug":"wild-land-wild-cruiser-pro-250-kattoteltta","status":"publish","type":"product","link":"https:\/\/balticoverlanders.eu\/fi\/tuote\/wild-land-wild-cruiser-pro-250-kattoteltta\/","title":{"rendered":"Wild Land Wild Cruiser PRO 250 kattoteltta"},"content":{"rendered":"<p><strong>Wild Land Wild Cruiser PRO 250 kattoteltta: Teltta: Perheesi perimm\u00e4inen leirint\u00e4ratkaisu<\/strong><\/p>\n<p><strong>Yleiskatsaus<\/strong><\/p>\n<p>Esittelyss\u00e4 Wild Cruiser PRO 250 -kattoteltta, mukavuuden, helppouden ja kest\u00e4vyyden ruumiillistuma perheen retkeilyseikkailuihin. T\u00e4m\u00e4 innovatiivinen teltta on suunniteltu jopa kuudelle hengelle, ja siin\u00e4 on tilava 250&#215;200 cm:n makuualue. Se on ihanteellinen isompiin ajoneuvoihin, ja se on t\u00e4ydellinen kumppani ymp\u00e4rivuotiseen matkustamiseen, sill\u00e4 se tarjoaa poikkeuksellista mukavuutta ja helppok\u00e4ytt\u00f6isyytt\u00e4.<\/p>\n<p><strong>T\u00e4rkeimm\u00e4t ominaisuudet<\/strong><\/p>\n<ul>\n<li><strong>Tilava ja k\u00e4tev\u00e4 muotoilu:<\/strong> Teltta ulottuu ajoneuvon \u00e4\u00e4riviivoja pidemm\u00e4lle, mik\u00e4 luo runsaasti tilaa nukkumiseen ja toimintaan. Koska asennusaika on alle minuutti, voit k\u00e4ytt\u00e4\u00e4 enemm\u00e4n aikaa seikkailusta nauttimiseen.<\/li>\n<li><strong>Panoraaman\u00e4kym\u00e4t:<\/strong> Suuret panoraamaikkunat kaikilla sivuilla mahdollistavat yhteyden luontoon ja tarjoavat upeat n\u00e4kym\u00e4t ja runsaasti luonnonvaloa.<\/li>\n<li><strong>Parannettu mukavuus:<\/strong> PRO-versiossa on eristetty kattoverhoilu, joka takaa erinomaisen l\u00e4mp\u00f6mukavuuden kaikissa s\u00e4\u00e4olosuhteissa, sek\u00e4 integroitu LED-valaistus viihtyis\u00e4\u00e4 tunnelmaa varten.<\/li>\n<li><strong>Mukavuus &amp; mukavuus<\/strong><\/li>\n<li><strong>Runsaasti s\u00e4ilytystilaa:<\/strong> Teltan sis\u00e4ll\u00e4 on lis\u00e4\u00e4 s\u00e4ilytystiloja ja taskuja, jotka auttavat pit\u00e4m\u00e4\u00e4n tavarasi j\u00e4rjestyksess\u00e4 ja helposti saatavilla.<\/li>\n<li><strong>Mukava nukkuminen:<\/strong> Teltassa on 8 cm paksu nivelet\u00f6n patja, joka tarjoaa vertaansa vailla olevaa mukavuutta levollisiin y\u00f6uniin.<\/li>\n<li><strong>Erinomainen ilmanvaihto:<\/strong> Teltan muotoilu takaa riitt\u00e4v\u00e4n ilmankierron, ja teltan p\u00e4\u00e4llisess\u00e4 ja etuosassa on ylim\u00e4\u00e4r\u00e4isi\u00e4 tuuletusreiki\u00e4 kondenssiveden muodostumisen est\u00e4miseksi.<\/li>\n<li><strong>S\u00e4\u00e4nkest\u00e4v\u00e4:<\/strong> Runkorakenne mahdollistaa tuuletuksen my\u00f6s silloin, kun teltta on suljettuna sateen aikana, mik\u00e4 takaa kuivan ja mukavan sis\u00e4tilan.<\/li>\n<\/ul>\n<p><strong>Lis\u00e4ominaisuudet<\/strong><\/p>\n<ul>\n<li><strong>Monik\u00e4ytt\u00f6tila:<\/strong> Teltan alla olevaa aluetta voidaan k\u00e4ytt\u00e4\u00e4 p\u00f6yd\u00e4n pystytt\u00e4miseen, ruoanlaittoon ja yhteisiin aktiviteetteihin, mik\u00e4 tekee siit\u00e4 monipuolisen retkeilyratkaisun.<\/li>\n<li><strong>Irrotettavat elementit:<\/strong> Teltan jokainen osa on t\u00e4ysin irrotettavissa, jotta teltta on helppo puhdistaa ja huoltaa. Patjanp\u00e4\u00e4llinen voidaan pest\u00e4, ja materiaali voidaan kyll\u00e4st\u00e4\u00e4 sen k\u00e4ytt\u00f6i\u00e4n pident\u00e4miseksi.<\/li>\n<li><strong>Takuun j\u00e4lkeinen huolto:<\/strong> Voit luottaa takuun j\u00e4lkeiseen huoltopalveluumme my\u00f6s 2 vuoden takuuajan j\u00e4lkeen, sill\u00e4 useimmat osat ovat helposti saatavilla.<\/li>\n<li><strong>Valinnaiset lis\u00e4varusteet:<\/strong> Paranna retkeilykokemustasi lis\u00e4varusteilla, kuten erityisell\u00e4 eristyksell\u00e4, auton \u00e4\u00e4riviivojen ulkopuolelle ulottuvalla eteisell\u00e4 tai yleisell\u00e4 eteisell\u00e4\/markiisilla.<\/li>\n<\/ul>\n<p><strong>Miksi valita Wild Land Wild Cruiser PRO 250?<\/strong><\/p>\n<p>Nauti ulkoilmasta Wild Cruiser PRO 250 -kattoteltan kanssa. Sen perheyst\u00e4v\u00e4llinen muotoilu, nopea pystytys ja vankat ominaisuudet tekev\u00e4t siit\u00e4 parhaan mahdollisen valinnan mihin tahansa retkeilyseikkailuun. Tutkitpa sitten aurinkoisia rantoja tai lumista vuoristoa, Wild Cruiser PRO 250 takaa mukavan ja ikimuistoisen kokemuksen koko perheelle.<\/p>\n<p><strong>L\u00e4hde seuraavaan seikkailuun Wild Cruiser PRO 250 -kattoteltassa &#8211; jossa perheen mukavuus kohtaa poikkeuksellisen kest\u00e4vyyden, mik\u00e4 tekee jokaisesta matkasta unohtumattoman.<\/strong><\/p>\n","protected":false},"excerpt":{"rendered":"<p>Edullinen perheen pehme\u00e4kuorinen kattoteltta. Uudessa PRO-versiossa on eristetty p\u00e4\u00e4llinen parempaan l\u00e4mp\u00f6mukavuuteen kuumina p\u00e4ivin\u00e4 ja kylmempin\u00e4 vuodenaikoina, LED-valo sis\u00e4puolella, Cordurasta valmistettu kansi paljon helpompaa taittamista varten T\u00e4ydellinen teleskooppitikkaat 230 cm:n pituuteen, patja, kenk\u00e4taskut, 2 lis\u00e4jalkaa teltan tukemiseen ja tasaamiseen, LED-valo sis\u00e4puolella, kiinnityssarja sek\u00e4 ohjeet.<\/p>\n","protected":false},"featured_media":42408,"template":"","meta":[],"product_brand":[],"product_cat":[376,492],"product_tag":[],"class_list":{"0":"post-42838","1":"product","2":"type-product","3":"status-publish","4":"has-post-thumbnail","6":"product_cat-kattoteltat","7":"product_cat-wild-land-fi","9":"first","10":"onbackorder","11":"taxable","12":"shipping-taxable","13":"purchasable","14":"product-type-simple"},"yoast_head":"<!-- This site is optimized with the Yoast SEO plugin v27.3 - https:\/\/yoast.com\/product\/yoast-seo-wordpress\/ -->\n<title>Wild Land Wild Cruiser PRO 250 kattoteltta - BALTIC OVERLANDERS<\/title>\n<meta name=\"description\" content=\"Edullinen perheen pehme\u00e4kuorinen kattoteltta, jossa on eristetty kattoverhoilu, LED-valo, kest\u00e4v\u00e4 Cordura-peite, teleskooppitikkaat, patja, kenk\u00e4taskut, tukijalat ja asennussarja.\" \/>\n<meta name=\"robots\" content=\"index, follow, max-snippet:-1, max-image-preview:large, max-video-preview:-1\" \/>\n<link rel=\"canonical\" href=\"https:\/\/balticoverlanders.eu\/fi\/tuote\/wild-land-wild-cruiser-pro-250-kattoteltta\/\" \/>\n<meta property=\"og:locale\" content=\"fi_FI\" \/>\n<meta property=\"og:type\" content=\"article\" \/>\n<meta property=\"og:title\" content=\"Wild Land Wild Cruiser PRO 250 kattoteltta - BALTIC OVERLANDERS\" \/>\n<meta property=\"og:description\" content=\"Edullinen perheen pehme\u00e4kuorinen kattoteltta, jossa on eristetty kattoverhoilu, LED-valo, kest\u00e4v\u00e4 Cordura-peite, teleskooppitikkaat, patja, kenk\u00e4taskut, tukijalat ja asennussarja.\" \/>\n<meta property=\"og:url\" content=\"https:\/\/balticoverlanders.eu\/fi\/tuote\/wild-land-wild-cruiser-pro-250-kattoteltta\/\" \/>\n<meta property=\"og:site_name\" content=\"BALTIC OVERLANDERS\" \/>\n<meta property=\"article:modified_time\" content=\"2024-05-20T12:31:01+00:00\" \/>\n<meta property=\"og:image\" content=\"https:\/\/balticoverlanders.eu\/wp-content\/uploads\/2024\/05\/namiot-dachowy-Wild-Cruiser-PRO-250-rozlozony-na-Wranglerze-widok-z-tylu-auta.jpg\" \/>\n\t<meta property=\"og:image:width\" content=\"1500\" \/>\n\t<meta property=\"og:image:height\" content=\"1000\" \/>\n\t<meta property=\"og:image:type\" content=\"image\/jpeg\" \/>\n<meta name=\"twitter:card\" content=\"summary_large_image\" \/>\n<meta name=\"twitter:label1\" content=\"Arvioitu lukuaika\" \/>\n\t<meta name=\"twitter:data1\" content=\"2 minuuttia\" \/>\n<script type=\"application\/ld+json\" class=\"yoast-schema-graph\">{\"@context\":\"https:\\\/\\\/schema.org\",\"@graph\":[{\"@type\":\"WebPage\",\"@id\":\"https:\\\/\\\/balticoverlanders.eu\\\/fi\\\/tuote\\\/wild-land-wild-cruiser-pro-250-kattoteltta\\\/\",\"url\":\"https:\\\/\\\/balticoverlanders.eu\\\/fi\\\/tuote\\\/wild-land-wild-cruiser-pro-250-kattoteltta\\\/\",\"name\":\"Wild Land Wild Cruiser PRO 250 kattoteltta - BALTIC OVERLANDERS\",\"isPartOf\":{\"@id\":\"https:\\\/\\\/balticoverlanders.eu\\\/fi\\\/#website\"},\"primaryImageOfPage\":{\"@id\":\"https:\\\/\\\/balticoverlanders.eu\\\/fi\\\/tuote\\\/wild-land-wild-cruiser-pro-250-kattoteltta\\\/#primaryimage\"},\"image\":{\"@id\":\"https:\\\/\\\/balticoverlanders.eu\\\/fi\\\/tuote\\\/wild-land-wild-cruiser-pro-250-kattoteltta\\\/#primaryimage\"},\"thumbnailUrl\":\"https:\\\/\\\/balticoverlanders.eu\\\/wp-content\\\/uploads\\\/2024\\\/05\\\/namiot-dachowy-Wild-Cruiser-PRO-250-rozlozony-na-Wranglerze-widok-z-tylu-auta.jpg\",\"datePublished\":\"2024-05-18T08:38:36+00:00\",\"dateModified\":\"2024-05-20T12:31:01+00:00\",\"description\":\"Edullinen perheen pehme\u00e4kuorinen kattoteltta, jossa on eristetty kattoverhoilu, LED-valo, kest\u00e4v\u00e4 Cordura-peite, teleskooppitikkaat, patja, kenk\u00e4taskut, tukijalat ja asennussarja.\",\"breadcrumb\":{\"@id\":\"https:\\\/\\\/balticoverlanders.eu\\\/fi\\\/tuote\\\/wild-land-wild-cruiser-pro-250-kattoteltta\\\/#breadcrumb\"},\"inLanguage\":\"fi\",\"potentialAction\":[{\"@type\":\"ReadAction\",\"target\":[\"https:\\\/\\\/balticoverlanders.eu\\\/fi\\\/tuote\\\/wild-land-wild-cruiser-pro-250-kattoteltta\\\/\"]}]},{\"@type\":\"ImageObject\",\"inLanguage\":\"fi\",\"@id\":\"https:\\\/\\\/balticoverlanders.eu\\\/fi\\\/tuote\\\/wild-land-wild-cruiser-pro-250-kattoteltta\\\/#primaryimage\",\"url\":\"https:\\\/\\\/balticoverlanders.eu\\\/wp-content\\\/uploads\\\/2024\\\/05\\\/namiot-dachowy-Wild-Cruiser-PRO-250-rozlozony-na-Wranglerze-widok-z-tylu-auta.jpg\",\"contentUrl\":\"https:\\\/\\\/balticoverlanders.eu\\\/wp-content\\\/uploads\\\/2024\\\/05\\\/namiot-dachowy-Wild-Cruiser-PRO-250-rozlozony-na-Wranglerze-widok-z-tylu-auta.jpg\",\"width\":1500,\"height\":1000},{\"@type\":\"BreadcrumbList\",\"@id\":\"https:\\\/\\\/balticoverlanders.eu\\\/fi\\\/tuote\\\/wild-land-wild-cruiser-pro-250-kattoteltta\\\/#breadcrumb\",\"itemListElement\":[{\"@type\":\"ListItem\",\"position\":1,\"name\":\"Home\",\"item\":\"https:\\\/\\\/balticoverlanders.eu\\\/fi\\\/?page_id=30138\"},{\"@type\":\"ListItem\",\"position\":2,\"name\":\"Kauppa\",\"item\":\"https:\\\/\\\/balticoverlanders.eu\\\/fi\\\/?page_id=30882\"},{\"@type\":\"ListItem\",\"position\":3,\"name\":\"Wild Land Wild Cruiser PRO 250 kattoteltta\"}]},{\"@type\":\"WebSite\",\"@id\":\"https:\\\/\\\/balticoverlanders.eu\\\/fi\\\/#website\",\"url\":\"https:\\\/\\\/balticoverlanders.eu\\\/fi\\\/\",\"name\":\"BALTIC OVERLANDERS\",\"description\":\"Your one-stop shop in Latvia, Estonia, and Lithuania for all your car camping, rooftop tent and accessory needs.\",\"potentialAction\":[{\"@type\":\"SearchAction\",\"target\":{\"@type\":\"EntryPoint\",\"urlTemplate\":\"https:\\\/\\\/balticoverlanders.eu\\\/fi\\\/?s={search_term_string}\"},\"query-input\":{\"@type\":\"PropertyValueSpecification\",\"valueRequired\":true,\"valueName\":\"search_term_string\"}}],\"inLanguage\":\"fi\"}]}<\/script>\n<!-- \/ Yoast SEO plugin. -->","yoast_head_json":{"title":"Wild Land Wild Cruiser PRO 250 kattoteltta - BALTIC OVERLANDERS","description":"Edullinen perheen pehme\u00e4kuorinen kattoteltta, jossa on eristetty kattoverhoilu, LED-valo, kest\u00e4v\u00e4 Cordura-peite, teleskooppitikkaat, patja, kenk\u00e4taskut, tukijalat ja asennussarja.","robots":{"index":"index","follow":"follow","max-snippet":"max-snippet:-1","max-image-preview":"max-image-preview:large","max-video-preview":"max-video-preview:-1"},"canonical":"https:\/\/balticoverlanders.eu\/fi\/tuote\/wild-land-wild-cruiser-pro-250-kattoteltta\/","og_locale":"fi_FI","og_type":"article","og_title":"Wild Land Wild Cruiser PRO 250 kattoteltta - BALTIC OVERLANDERS","og_description":"Edullinen perheen pehme\u00e4kuorinen kattoteltta, jossa on eristetty kattoverhoilu, LED-valo, kest\u00e4v\u00e4 Cordura-peite, teleskooppitikkaat, patja, kenk\u00e4taskut, tukijalat ja asennussarja.","og_url":"https:\/\/balticoverlanders.eu\/fi\/tuote\/wild-land-wild-cruiser-pro-250-kattoteltta\/","og_site_name":"BALTIC OVERLANDERS","article_modified_time":"2024-05-20T12:31:01+00:00","og_image":[{"width":1500,"height":1000,"url":"https:\/\/balticoverlanders.eu\/wp-content\/uploads\/2024\/05\/namiot-dachowy-Wild-Cruiser-PRO-250-rozlozony-na-Wranglerze-widok-z-tylu-auta.jpg","type":"image\/jpeg"}],"twitter_card":"summary_large_image","twitter_misc":{"Arvioitu lukuaika":"2 minuuttia"},"schema":{"@context":"https:\/\/schema.org","@graph":[{"@type":"WebPage","@id":"https:\/\/balticoverlanders.eu\/fi\/tuote\/wild-land-wild-cruiser-pro-250-kattoteltta\/","url":"https:\/\/balticoverlanders.eu\/fi\/tuote\/wild-land-wild-cruiser-pro-250-kattoteltta\/","name":"Wild Land Wild Cruiser PRO 250 kattoteltta - BALTIC OVERLANDERS","isPartOf":{"@id":"https:\/\/balticoverlanders.eu\/fi\/#website"},"primaryImageOfPage":{"@id":"https:\/\/balticoverlanders.eu\/fi\/tuote\/wild-land-wild-cruiser-pro-250-kattoteltta\/#primaryimage"},"image":{"@id":"https:\/\/balticoverlanders.eu\/fi\/tuote\/wild-land-wild-cruiser-pro-250-kattoteltta\/#primaryimage"},"thumbnailUrl":"https:\/\/balticoverlanders.eu\/wp-content\/uploads\/2024\/05\/namiot-dachowy-Wild-Cruiser-PRO-250-rozlozony-na-Wranglerze-widok-z-tylu-auta.jpg","datePublished":"2024-05-18T08:38:36+00:00","dateModified":"2024-05-20T12:31:01+00:00","description":"Edullinen perheen pehme\u00e4kuorinen kattoteltta, jossa on eristetty kattoverhoilu, LED-valo, kest\u00e4v\u00e4 Cordura-peite, teleskooppitikkaat, patja, kenk\u00e4taskut, tukijalat ja asennussarja.","breadcrumb":{"@id":"https:\/\/balticoverlanders.eu\/fi\/tuote\/wild-land-wild-cruiser-pro-250-kattoteltta\/#breadcrumb"},"inLanguage":"fi","potentialAction":[{"@type":"ReadAction","target":["https:\/\/balticoverlanders.eu\/fi\/tuote\/wild-land-wild-cruiser-pro-250-kattoteltta\/"]}]},{"@type":"ImageObject","inLanguage":"fi","@id":"https:\/\/balticoverlanders.eu\/fi\/tuote\/wild-land-wild-cruiser-pro-250-kattoteltta\/#primaryimage","url":"https:\/\/balticoverlanders.eu\/wp-content\/uploads\/2024\/05\/namiot-dachowy-Wild-Cruiser-PRO-250-rozlozony-na-Wranglerze-widok-z-tylu-auta.jpg","contentUrl":"https:\/\/balticoverlanders.eu\/wp-content\/uploads\/2024\/05\/namiot-dachowy-Wild-Cruiser-PRO-250-rozlozony-na-Wranglerze-widok-z-tylu-auta.jpg","width":1500,"height":1000},{"@type":"BreadcrumbList","@id":"https:\/\/balticoverlanders.eu\/fi\/tuote\/wild-land-wild-cruiser-pro-250-kattoteltta\/#breadcrumb","itemListElement":[{"@type":"ListItem","position":1,"name":"Home","item":"https:\/\/balticoverlanders.eu\/fi\/?page_id=30138"},{"@type":"ListItem","position":2,"name":"Kauppa","item":"https:\/\/balticoverlanders.eu\/fi\/?page_id=30882"},{"@type":"ListItem","position":3,"name":"Wild Land Wild Cruiser PRO 250 kattoteltta"}]},{"@type":"WebSite","@id":"https:\/\/balticoverlanders.eu\/fi\/#website","url":"https:\/\/balticoverlanders.eu\/fi\/","name":"BALTIC OVERLANDERS","description":"Your one-stop shop in Latvia, Estonia, and Lithuania for all your car camping, rooftop tent and accessory needs.","potentialAction":[{"@type":"SearchAction","target":{"@type":"EntryPoint","urlTemplate":"https:\/\/balticoverlanders.eu\/fi\/?s={search_term_string}"},"query-input":{"@type":"PropertyValueSpecification","valueRequired":true,"valueName":"search_term_string"}}],"inLanguage":"fi"}]}},"_links":{"self":[{"href":"https:\/\/balticoverlanders.eu\/fi\/wp-json\/wp\/v2\/product\/42838","targetHints":{"allow":["GET"]}}],"collection":[{"href":"https:\/\/balticoverlanders.eu\/fi\/wp-json\/wp\/v2\/product"}],"about":[{"href":"https:\/\/balticoverlanders.eu\/fi\/wp-json\/wp\/v2\/types\/product"}],"wp:featuredmedia":[{"embeddable":true,"href":"https:\/\/balticoverlanders.eu\/fi\/wp-json\/wp\/v2\/media\/42408"}],"wp:attachment":[{"href":"https:\/\/balticoverlanders.eu\/fi\/wp-json\/wp\/v2\/media?parent=42838"}],"wp:term":[{"taxonomy":"product_brand","embeddable":true,"href":"https:\/\/balticoverlanders.eu\/fi\/wp-json\/wp\/v2\/product_brand?post=42838"},{"taxonomy":"product_cat","embeddable":true,"href":"https:\/\/balticoverlanders.eu\/fi\/wp-json\/wp\/v2\/product_cat?post=42838"},{"taxonomy":"product_tag","embeddable":true,"href":"https:\/\/balticoverlanders.eu\/fi\/wp-json\/wp\/v2\/product_tag?post=42838"}],"curies":[{"name":"wp","href":"https:\/\/api.w.org\/{rel}","templated":true}]}}