{"id":42843,"date":"2024-05-18T11:25:32","date_gmt":"2024-05-18T08:25:32","guid":{"rendered":"https:\/\/balticoverlanders.eu\/product\/wild-land-lite-cruiser-120-kattoteltta\/"},"modified":"2024-05-20T15:31:09","modified_gmt":"2024-05-20T12:31:09","slug":"wild-land-lite-cruiser-120-kattoteltta","status":"publish","type":"product","link":"https:\/\/balticoverlanders.eu\/fi\/tuote\/wild-land-lite-cruiser-120-kattoteltta\/","title":{"rendered":"Wild Land Lite Cruiser 120 kattoteltta"},"content":{"rendered":"<h2>Wild Land Lite Cruiser 120 kattoteltta: Teltta: Ultimate Travel Companion<\/h2>\n<h3>Yleiskatsaus<\/h3>\n<p>Esittelyss\u00e4 Lite Cruiser 120 -kattoteltta, t\u00e4ydellinen ratkaisu niille, jotka etsiv\u00e4t seikkailua mukavuudesta tinkim\u00e4tt\u00e4. T\u00e4m\u00e4 innovatiivinen teltta on suunniteltu sopimaan pienimpiinkin autoihin, ja se on kokoontaitettuna kompakti mutta pystytettyn\u00e4 tilava ja kest\u00e4v\u00e4. Se on ihanteellinen kahdelle hengelle, ja se on oikea ratkaisu vaivatonta retkeily\u00e4 varten.<\/p>\n<h3>T\u00e4rkeimm\u00e4t ominaisuudet<\/h3>\n<p><strong>Kompakti ja kevyt muotoilu<\/strong>:<\/p>\n<ul>\n<li><strong>Mitat<\/strong>: Teltta on kokoontaitettuna vain 110 cm leve\u00e4, 125 cm pitk\u00e4 ja 30 cm korkea.<\/li>\n<li><strong>Paino<\/strong>: Paino: Kevyt alumiinirakenne, paino tikkaat mukaan lukien vain 39 kg.<\/li>\n<\/ul>\n<p><strong>Kest\u00e4v\u00e4 rakenne<\/strong>:<\/p>\n<ul>\n<li>Valmistettu 600D Rip-Stop Polycotton PU 2000mm sekoituksesta p\u00e4\u00e4osan osalta ja 210D Rip-Stop Polyoxford PU 3000mm flysheetist\u00e4, viimeistelty UPF50+ auringonvalolta suojaavalla kerroksella.<\/li>\n<\/ul>\n<p><strong>Pika-asennus<\/strong>:<\/p>\n<ul>\n<li>Avataan alle minuutissa, ja makuualue on 120\u00d7215 cm.<\/li>\n<li>Patja on yksi, jakamaton kappale, joka takaa maksimaalisen mukavuuden.<\/li>\n<\/ul>\n<h3>Mukavuus & mukavuus<\/h3>\n<p><strong>Panoraamaikkunat<\/strong>:<\/p>\n<ul>\n<li>Nauti luonnosta panoraamaikkunoilla, jotka voidaan sulkea sateen aikana veden p\u00e4\u00e4syn est\u00e4miseksi.<\/li>\n<li>Teipatut saumat ja uudelleen sijoitettu telttapeitteen vetoketju takaavat vedenpit\u00e4vyyden, ja erityisesti suunniteltu flysheet johtaa vett\u00e4 ulkoseini\u00e4 pitkin kourun tavoin.<\/li>\n<\/ul>\n<p><strong>Ilmanvaihto<\/strong>:<\/p>\n<ul>\n<li>Riitt\u00e4v\u00e4 ilmankierto ja ylim\u00e4\u00e4r\u00e4inen tuuletusreik\u00e4 sis\u00e4puolella kondensaation est\u00e4miseksi.<\/li>\n<li>Sis\u00e4taskut pienten esineiden, kuten silm\u00e4lasien tai k\u00e4nnyk\u00e4n, s\u00e4ilytt\u00e4miseen.<\/li>\n<\/ul>\n<p><strong>Mukava patja<\/strong>:<\/p>\n<ul>\n<li>Tarjoaa keskeytym\u00e4tt\u00f6m\u00e4n nukkumiskokemuksen yhdell\u00e4, jakamattomalla patjalla, joka lis\u00e4\u00e4 mukavuutta.<\/li>\n<\/ul>\n<h3>Lis\u00e4ominaisuudet<\/h3>\n<p><strong>S\u00e4\u00e4nkest\u00e4v\u00e4<\/strong>:<\/p>\n<ul>\n<li>Teltan materiaalit ja rakenne on suunniteltu kest\u00e4m\u00e4\u00e4n erilaisia s\u00e4\u00e4olosuhteita, mik\u00e4 takaa kest\u00e4vyyden ja mukavuuden ymp\u00e4ri vuoden.<\/li>\n<\/ul>\n<p><strong>Helppo varastointi ja huolto<\/strong>:<\/p>\n<ul>\n<li>Irrotettavat ja s\u00e4ilytett\u00e4v\u00e4t tikkaat teltan sis\u00e4ll\u00e4 tai autossa.<\/li>\n<li>Irrotettavat elementit helpottavat puhdistusta ja huoltoa.<\/li>\n<\/ul>\n<h3>Miksi valita Lite Cruiser 120?<\/h3>\n<p>Koe ulkoilma ennenn\u00e4kem\u00e4tt\u00f6m\u00e4ll\u00e4 tavalla Lite Cruiser 120 -kattoteltassa. Sen vankka rakenne, nopea asennus ja s\u00e4\u00e4nkest\u00e4v\u00e4t ominaisuudet tekev\u00e4t siit\u00e4 t\u00e4ydellisen kumppanin mihin tahansa seikkailuun. Lite Cruiser 120 takaa mukavan ja vaivattoman kokemuksen riippumatta siit\u00e4, retkeiletk\u00f6 kes\u00e4ll\u00e4 vai tutkitko lumisia maisemia.<\/p>\n<p>Ota seikkailun henki vastaan Lite Cruiser 120 -kattoteltassa \u2013 jossa mukavuus kohtaa kest\u00e4vyyden ja jokaisesta matkasta tulee ikimuistoinen.<\/p>\n","protected":false},"excerpt":{"rendered":"<p>Eritt\u00e4in kevyt ja edullinen pehme\u00e4kuorinen kattoteltta, kompakti koko kaikkiin pieniin autoihin, paino vain 39 kg, huippumyyj\u00e4 sinkuille ja nuorille pariskunnille T\u00e4ydellinen, jossa on teleskooppitikkaat 230 cm:n pituuteen asti, patja, kenk\u00e4taskut, LED-valo sis\u00e4ll\u00e4, kiinnityssarja ja ohjeet.<\/p>\n","protected":false},"featured_media":42371,"template":"","meta":[],"product_brand":[],"product_cat":[376,492],"product_tag":[],"class_list":{"0":"post-42843","1":"product","2":"type-product","3":"status-publish","4":"has-post-thumbnail","6":"product_cat-kattoteltat","7":"product_cat-wild-land-fi","9":"first","10":"onbackorder","11":"taxable","12":"shipping-taxable","13":"purchasable","14":"product-type-simple"},"yoast_head":"<!-- This site is optimized with the Yoast SEO plugin v27.5 - https:\/\/yoast.com\/product\/yoast-seo-wordpress\/ -->\n<title>Wild Land Lite Cruiser 120 kattoteltta - BALTIC OVERLANDERS<\/title>\n<meta name=\"description\" content=\"Tutustu ultrakevyeen, edulliseen, vain 39 kg painavaan pehme\u00e4kuoriseen kattotelttaamme pieniin autoihin. T\u00e4ydellinen sinkuille ja nuorille pariskunnille. Sis\u00e4lt\u00e4\u00e4 tikkaat, patjan, LED-valon ja asennussarjan.\" \/>\n<meta name=\"robots\" content=\"index, follow, max-snippet:-1, max-image-preview:large, max-video-preview:-1\" \/>\n<link rel=\"canonical\" href=\"https:\/\/balticoverlanders.eu\/fi\/tuote\/wild-land-lite-cruiser-120-kattoteltta\/\" \/>\n<meta property=\"og:locale\" content=\"fi_FI\" \/>\n<meta property=\"og:type\" content=\"article\" \/>\n<meta property=\"og:title\" content=\"Wild Land Lite Cruiser 120 kattoteltta - BALTIC OVERLANDERS\" \/>\n<meta property=\"og:description\" content=\"Tutustu ultrakevyeen, edulliseen, vain 39 kg painavaan pehme\u00e4kuoriseen kattotelttaamme pieniin autoihin. T\u00e4ydellinen sinkuille ja nuorille pariskunnille. Sis\u00e4lt\u00e4\u00e4 tikkaat, patjan, LED-valon ja asennussarjan.\" \/>\n<meta property=\"og:url\" content=\"https:\/\/balticoverlanders.eu\/fi\/tuote\/wild-land-lite-cruiser-120-kattoteltta\/\" \/>\n<meta property=\"og:site_name\" content=\"BALTIC OVERLANDERS\" \/>\n<meta property=\"article:modified_time\" content=\"2024-05-20T12:31:09+00:00\" \/>\n<meta property=\"og:image\" content=\"https:\/\/balticoverlanders.eu\/wp-content\/uploads\/2024\/05\/namiot-dachowy-Lite-Cruiser-rozlozony-z-otwartymi-oknami-rozlozony-stolik-i-krzesla-VW-Golf-Hatchback-poziom.jpg\" \/>\n\t<meta property=\"og:image:width\" content=\"1681\" \/>\n\t<meta property=\"og:image:height\" content=\"1000\" \/>\n\t<meta property=\"og:image:type\" content=\"image\/jpeg\" \/>\n<meta name=\"twitter:card\" content=\"summary_large_image\" \/>\n<meta name=\"twitter:label1\" content=\"Arvioitu lukuaika\" \/>\n\t<meta name=\"twitter:data1\" content=\"2 minuuttia\" \/>\n<script type=\"application\/ld+json\" class=\"yoast-schema-graph\">{\"@context\":\"https:\\\/\\\/schema.org\",\"@graph\":[{\"@type\":\"WebPage\",\"@id\":\"https:\\\/\\\/balticoverlanders.eu\\\/fi\\\/tuote\\\/wild-land-lite-cruiser-120-kattoteltta\\\/\",\"url\":\"https:\\\/\\\/balticoverlanders.eu\\\/fi\\\/tuote\\\/wild-land-lite-cruiser-120-kattoteltta\\\/\",\"name\":\"Wild Land Lite Cruiser 120 kattoteltta - BALTIC OVERLANDERS\",\"isPartOf\":{\"@id\":\"https:\\\/\\\/balticoverlanders.eu\\\/fi\\\/#website\"},\"primaryImageOfPage\":{\"@id\":\"https:\\\/\\\/balticoverlanders.eu\\\/fi\\\/tuote\\\/wild-land-lite-cruiser-120-kattoteltta\\\/#primaryimage\"},\"image\":{\"@id\":\"https:\\\/\\\/balticoverlanders.eu\\\/fi\\\/tuote\\\/wild-land-lite-cruiser-120-kattoteltta\\\/#primaryimage\"},\"thumbnailUrl\":\"https:\\\/\\\/balticoverlanders.eu\\\/wp-content\\\/uploads\\\/2024\\\/05\\\/namiot-dachowy-Lite-Cruiser-rozlozony-z-otwartymi-oknami-rozlozony-stolik-i-krzesla-VW-Golf-Hatchback-poziom.jpg\",\"datePublished\":\"2024-05-18T08:25:32+00:00\",\"dateModified\":\"2024-05-20T12:31:09+00:00\",\"description\":\"Tutustu ultrakevyeen, edulliseen, vain 39 kg painavaan pehme\u00e4kuoriseen kattotelttaamme pieniin autoihin. T\u00e4ydellinen sinkuille ja nuorille pariskunnille. Sis\u00e4lt\u00e4\u00e4 tikkaat, patjan, LED-valon ja asennussarjan.\",\"breadcrumb\":{\"@id\":\"https:\\\/\\\/balticoverlanders.eu\\\/fi\\\/tuote\\\/wild-land-lite-cruiser-120-kattoteltta\\\/#breadcrumb\"},\"inLanguage\":\"fi\",\"potentialAction\":[{\"@type\":\"ReadAction\",\"target\":[\"https:\\\/\\\/balticoverlanders.eu\\\/fi\\\/tuote\\\/wild-land-lite-cruiser-120-kattoteltta\\\/\"]}]},{\"@type\":\"ImageObject\",\"inLanguage\":\"fi\",\"@id\":\"https:\\\/\\\/balticoverlanders.eu\\\/fi\\\/tuote\\\/wild-land-lite-cruiser-120-kattoteltta\\\/#primaryimage\",\"url\":\"https:\\\/\\\/balticoverlanders.eu\\\/wp-content\\\/uploads\\\/2024\\\/05\\\/namiot-dachowy-Lite-Cruiser-rozlozony-z-otwartymi-oknami-rozlozony-stolik-i-krzesla-VW-Golf-Hatchback-poziom.jpg\",\"contentUrl\":\"https:\\\/\\\/balticoverlanders.eu\\\/wp-content\\\/uploads\\\/2024\\\/05\\\/namiot-dachowy-Lite-Cruiser-rozlozony-z-otwartymi-oknami-rozlozony-stolik-i-krzesla-VW-Golf-Hatchback-poziom.jpg\",\"width\":1681,\"height\":1000},{\"@type\":\"BreadcrumbList\",\"@id\":\"https:\\\/\\\/balticoverlanders.eu\\\/fi\\\/tuote\\\/wild-land-lite-cruiser-120-kattoteltta\\\/#breadcrumb\",\"itemListElement\":[{\"@type\":\"ListItem\",\"position\":1,\"name\":\"Home\",\"item\":\"https:\\\/\\\/balticoverlanders.eu\\\/fi\\\/?page_id=30138\"},{\"@type\":\"ListItem\",\"position\":2,\"name\":\"Kauppa\",\"item\":\"https:\\\/\\\/balticoverlanders.eu\\\/fi\\\/?page_id=30882\"},{\"@type\":\"ListItem\",\"position\":3,\"name\":\"Wild Land Lite Cruiser 120 kattoteltta\"}]},{\"@type\":\"WebSite\",\"@id\":\"https:\\\/\\\/balticoverlanders.eu\\\/fi\\\/#website\",\"url\":\"https:\\\/\\\/balticoverlanders.eu\\\/fi\\\/\",\"name\":\"BALTIC OVERLANDERS\",\"description\":\"Your one-stop shop in Latvia, Estonia, and Lithuania for all your car camping, rooftop tent and accessory needs.\",\"potentialAction\":[{\"@type\":\"SearchAction\",\"target\":{\"@type\":\"EntryPoint\",\"urlTemplate\":\"https:\\\/\\\/balticoverlanders.eu\\\/fi\\\/?s={search_term_string}\"},\"query-input\":{\"@type\":\"PropertyValueSpecification\",\"valueRequired\":true,\"valueName\":\"search_term_string\"}}],\"inLanguage\":\"fi\"}]}<\/script>\n<!-- \/ Yoast SEO plugin. -->","yoast_head_json":{"title":"Wild Land Lite Cruiser 120 kattoteltta - BALTIC OVERLANDERS","description":"Tutustu ultrakevyeen, edulliseen, vain 39 kg painavaan pehme\u00e4kuoriseen kattotelttaamme pieniin autoihin. T\u00e4ydellinen sinkuille ja nuorille pariskunnille. Sis\u00e4lt\u00e4\u00e4 tikkaat, patjan, LED-valon ja asennussarjan.","robots":{"index":"index","follow":"follow","max-snippet":"max-snippet:-1","max-image-preview":"max-image-preview:large","max-video-preview":"max-video-preview:-1"},"canonical":"https:\/\/balticoverlanders.eu\/fi\/tuote\/wild-land-lite-cruiser-120-kattoteltta\/","og_locale":"fi_FI","og_type":"article","og_title":"Wild Land Lite Cruiser 120 kattoteltta - BALTIC OVERLANDERS","og_description":"Tutustu ultrakevyeen, edulliseen, vain 39 kg painavaan pehme\u00e4kuoriseen kattotelttaamme pieniin autoihin. T\u00e4ydellinen sinkuille ja nuorille pariskunnille. Sis\u00e4lt\u00e4\u00e4 tikkaat, patjan, LED-valon ja asennussarjan.","og_url":"https:\/\/balticoverlanders.eu\/fi\/tuote\/wild-land-lite-cruiser-120-kattoteltta\/","og_site_name":"BALTIC OVERLANDERS","article_modified_time":"2024-05-20T12:31:09+00:00","og_image":[{"width":1681,"height":1000,"url":"https:\/\/balticoverlanders.eu\/wp-content\/uploads\/2024\/05\/namiot-dachowy-Lite-Cruiser-rozlozony-z-otwartymi-oknami-rozlozony-stolik-i-krzesla-VW-Golf-Hatchback-poziom.jpg","type":"image\/jpeg"}],"twitter_card":"summary_large_image","twitter_misc":{"Arvioitu lukuaika":"2 minuuttia"},"schema":{"@context":"https:\/\/schema.org","@graph":[{"@type":"WebPage","@id":"https:\/\/balticoverlanders.eu\/fi\/tuote\/wild-land-lite-cruiser-120-kattoteltta\/","url":"https:\/\/balticoverlanders.eu\/fi\/tuote\/wild-land-lite-cruiser-120-kattoteltta\/","name":"Wild Land Lite Cruiser 120 kattoteltta - BALTIC OVERLANDERS","isPartOf":{"@id":"https:\/\/balticoverlanders.eu\/fi\/#website"},"primaryImageOfPage":{"@id":"https:\/\/balticoverlanders.eu\/fi\/tuote\/wild-land-lite-cruiser-120-kattoteltta\/#primaryimage"},"image":{"@id":"https:\/\/balticoverlanders.eu\/fi\/tuote\/wild-land-lite-cruiser-120-kattoteltta\/#primaryimage"},"thumbnailUrl":"https:\/\/balticoverlanders.eu\/wp-content\/uploads\/2024\/05\/namiot-dachowy-Lite-Cruiser-rozlozony-z-otwartymi-oknami-rozlozony-stolik-i-krzesla-VW-Golf-Hatchback-poziom.jpg","datePublished":"2024-05-18T08:25:32+00:00","dateModified":"2024-05-20T12:31:09+00:00","description":"Tutustu ultrakevyeen, edulliseen, vain 39 kg painavaan pehme\u00e4kuoriseen kattotelttaamme pieniin autoihin. T\u00e4ydellinen sinkuille ja nuorille pariskunnille. Sis\u00e4lt\u00e4\u00e4 tikkaat, patjan, LED-valon ja asennussarjan.","breadcrumb":{"@id":"https:\/\/balticoverlanders.eu\/fi\/tuote\/wild-land-lite-cruiser-120-kattoteltta\/#breadcrumb"},"inLanguage":"fi","potentialAction":[{"@type":"ReadAction","target":["https:\/\/balticoverlanders.eu\/fi\/tuote\/wild-land-lite-cruiser-120-kattoteltta\/"]}]},{"@type":"ImageObject","inLanguage":"fi","@id":"https:\/\/balticoverlanders.eu\/fi\/tuote\/wild-land-lite-cruiser-120-kattoteltta\/#primaryimage","url":"https:\/\/balticoverlanders.eu\/wp-content\/uploads\/2024\/05\/namiot-dachowy-Lite-Cruiser-rozlozony-z-otwartymi-oknami-rozlozony-stolik-i-krzesla-VW-Golf-Hatchback-poziom.jpg","contentUrl":"https:\/\/balticoverlanders.eu\/wp-content\/uploads\/2024\/05\/namiot-dachowy-Lite-Cruiser-rozlozony-z-otwartymi-oknami-rozlozony-stolik-i-krzesla-VW-Golf-Hatchback-poziom.jpg","width":1681,"height":1000},{"@type":"BreadcrumbList","@id":"https:\/\/balticoverlanders.eu\/fi\/tuote\/wild-land-lite-cruiser-120-kattoteltta\/#breadcrumb","itemListElement":[{"@type":"ListItem","position":1,"name":"Home","item":"https:\/\/balticoverlanders.eu\/fi\/?page_id=30138"},{"@type":"ListItem","position":2,"name":"Kauppa","item":"https:\/\/balticoverlanders.eu\/fi\/?page_id=30882"},{"@type":"ListItem","position":3,"name":"Wild Land Lite Cruiser 120 kattoteltta"}]},{"@type":"WebSite","@id":"https:\/\/balticoverlanders.eu\/fi\/#website","url":"https:\/\/balticoverlanders.eu\/fi\/","name":"BALTIC OVERLANDERS","description":"Your one-stop shop in Latvia, Estonia, and Lithuania for all your car camping, rooftop tent and accessory needs.","potentialAction":[{"@type":"SearchAction","target":{"@type":"EntryPoint","urlTemplate":"https:\/\/balticoverlanders.eu\/fi\/?s={search_term_string}"},"query-input":{"@type":"PropertyValueSpecification","valueRequired":true,"valueName":"search_term_string"}}],"inLanguage":"fi"}]}},"_links":{"self":[{"href":"https:\/\/balticoverlanders.eu\/fi\/wp-json\/wp\/v2\/product\/42843","targetHints":{"allow":["GET"]}}],"collection":[{"href":"https:\/\/balticoverlanders.eu\/fi\/wp-json\/wp\/v2\/product"}],"about":[{"href":"https:\/\/balticoverlanders.eu\/fi\/wp-json\/wp\/v2\/types\/product"}],"wp:featuredmedia":[{"embeddable":true,"href":"https:\/\/balticoverlanders.eu\/fi\/wp-json\/wp\/v2\/media\/42371"}],"wp:attachment":[{"href":"https:\/\/balticoverlanders.eu\/fi\/wp-json\/wp\/v2\/media?parent=42843"}],"wp:term":[{"taxonomy":"product_brand","embeddable":true,"href":"https:\/\/balticoverlanders.eu\/fi\/wp-json\/wp\/v2\/product_brand?post=42843"},{"taxonomy":"product_cat","embeddable":true,"href":"https:\/\/balticoverlanders.eu\/fi\/wp-json\/wp\/v2\/product_cat?post=42843"},{"taxonomy":"product_tag","embeddable":true,"href":"https:\/\/balticoverlanders.eu\/fi\/wp-json\/wp\/v2\/product_tag?post=42843"}],"curies":[{"name":"wp","href":"https:\/\/api.w.org\/{rel}","templated":true}]}}