{"id":42848,"date":"2024-05-18T11:05:35","date_gmt":"2024-05-18T08:05:35","guid":{"rendered":"https:\/\/balticoverlanders.eu\/product\/wild-land-voyager-pro-160-kattoteltta\/"},"modified":"2024-05-20T15:40:15","modified_gmt":"2024-05-20T12:40:15","slug":"wild-land-voyager-pro-160-kattoteltta","status":"publish","type":"product","link":"https:\/\/balticoverlanders.eu\/fi\/tuote\/wild-land-voyager-pro-160-kattoteltta\/","title":{"rendered":"Wild Land Voyager PRO 160 kattoteltta"},"content":{"rendered":"<div class=\"flex flex-grow flex-col max-w-full\">\n<div class=\"min-h-[20px] text-message flex flex-col items-start whitespace-pre-wrap break-words [.text-message+&amp;]:mt-5 juice:w-full juice:items-end overflow-x-auto gap-2\" dir=\"auto\" data-message-author-role=\"assistant\" data-message-id=\"d6398d34-9458-4e61-8ae8-e520b81841d5\">\n<div class=\"flex w-full flex-col gap-1 juice:empty:hidden juice:first:pt-[3px]\">\n<div class=\"markdown prose w-full break-words dark:prose-invert dark\">\n<h3>Voyager PRO 160 kattoteltta: Teltta: Ultimate Camping Companion<\/h3>\n<h4>Yleiskatsaus<\/h4>\n<p>Esittelyss\u00e4 Voyager PRO 160 -kattoteltta, joka on mukavuuden, kest\u00e4vyyden ja mukavuuden perikuva. T\u00e4m\u00e4 innovatiivinen teltta on suunniteltu t\u00e4ydellisesti 3-4 hengelle, ja se on kokoontaitettuna kompakti, mutta pystytettyn\u00e4 tilava ja mukava. Se sopii erinomaisesti pieniin viistoper\u00e4isiin autoihin ja ymp\u00e4rivuotisesti liikkuviin matkustajiin, ja se on oikea ratkaisu kaikenlaisiin seikkailuihin.<\/p>\n<h4>T\u00e4rkeimm\u00e4t ominaisuudet<\/h4>\n<ul>\n<li><strong>Kompakti ja tilava muotoilu<\/strong>: Makuualue on 230&#215;160 cm. Kokoontaitettuna se on vain 174 x 124 cm:n kokoinen ja vain 29 cm korkea, joten se on pienempi kuin tyypillinen kattoboksi.<\/li>\n<li><strong>Kest\u00e4v\u00e4 rakenne<\/strong>: Teltta on vankka ja suunniteltu kest\u00e4m\u00e4\u00e4n erilaisia s\u00e4\u00e4olosuhteita.<\/li>\n<li><strong>S\u00e4\u00e4nkest\u00e4v\u00e4<\/strong>: Peitelevy on valmistettu WL-tech-materiaalista, joka on vedenpit\u00e4v\u00e4 PU 12000mm asti. T\u00e4m\u00e4 patentoitu materiaali takaa my\u00f6s hyv\u00e4n hengitt\u00e4vyyden ja kest\u00e4vyyden vaurioita ja muodonmuutoksia vastaan, ja teltan sis\u00e4ll\u00e4 on pime\u00e4\u00e4, jotta uni olisi keskeytym\u00e4t\u00f6nt\u00e4 jopa varhaisen auringonnousun aikana.<\/li>\n<li><strong>3-kerroksiset ikkunat<\/strong>: Kummallakin puolella on 3-kerroksiset ikkunat (teltan p\u00e4\u00e4materiaali, hyttysverkko ja l\u00e4pin\u00e4kyv\u00e4 materiaali), jotka takaavat optimaalisen mukavuuden kaikissa s\u00e4\u00e4olosuhteissa.<\/li>\n<li><strong>Pika-asennus<\/strong>: Muutamalla yksinkertaisella liikkeell\u00e4: Avaa ja taittaa kokoon alle minuutissa. Ei tarvita ylim\u00e4\u00e4r\u00e4isi\u00e4 tappeja tai ikkunan suojuksia.<\/li>\n<\/ul>\n<h4>Mukavuus &amp; mukavuus<\/h4>\n<ul>\n<li><strong>LED-valaistus<\/strong>: Sis\u00e4lt\u00e4\u00e4 joustavan LED-nauhan, jossa on USB-l\u00e4ht\u00f6, joka voidaan liitt\u00e4\u00e4 mihin tahansa verkkovirtapankkiin, mik\u00e4 takaa riitt\u00e4v\u00e4n valaistuksen teltan sis\u00e4ll\u00e4.<\/li>\n<li><strong>S\u00e4ilytystaskut<\/strong>: Teltan sis\u00e4ll\u00e4 on useita taskuja k\u00e4tevien esineiden s\u00e4ilytt\u00e4miseen, jotta tilasi pysyy j\u00e4rjestyksess\u00e4 ja ilman sotkua.<\/li>\n<li><strong>Mukava patja<\/strong>: 5 cm paksu patja, joka on valmistettu yhdest\u00e4 elementist\u00e4 mukavuuden parantamiseksi. Patjasuojus on miellytt\u00e4v\u00e4n tuntuinen, irrotettava ja pest\u00e4v\u00e4.<\/li>\n<li><strong>Ilmanvaihto<\/strong>: Ilmankierto: Riitt\u00e4v\u00e4 ilmankierto ja ylim\u00e4\u00e4r\u00e4iset tuuletusrei\u00e4t kondenssin est\u00e4miseksi my\u00f6s suurten l\u00e4mp\u00f6tilaerojen yhteydess\u00e4.<\/li>\n<li><strong>Eristetty kattoverhoilu<\/strong>: Pit\u00e4\u00e4 teltan sis\u00e4ll\u00e4 miellytt\u00e4v\u00e4n l\u00e4mp\u00f6tilan, v\u00e4hent\u00e4\u00e4 kondensaatiota ja est\u00e4\u00e4 liiallisen kuumuuden kes\u00e4ll\u00e4 ja nopean j\u00e4\u00e4htymisen alhaisemmissa l\u00e4mp\u00f6tiloissa.<\/li>\n<\/ul>\n<h4>Lis\u00e4ominaisuudet<\/h4>\n<ul>\n<li><strong>Alumiiniset teleskooppitikkaat<\/strong>: Se voidaan s\u00e4ilytt\u00e4\u00e4 teltan sis\u00e4ll\u00e4 tai autossa, kun sit\u00e4 ei k\u00e4ytet\u00e4.<\/li>\n<li><strong>Irrotettavat elementit<\/strong>: Teltan jokainen osa on t\u00e4ysin irrotettavissa helppoa puhdistusta ja huoltoa varten, mik\u00e4 takaa pitk\u00e4ik\u00e4isyyden ja hygienian.<\/li>\n<li><strong>Takuun j\u00e4lkeinen huolto<\/strong>: Voit luottaa takuun j\u00e4lkeiseen huoltoon ja helposti saatavilla oleviin varaosiin my\u00f6s 2 vuoden takuuajan j\u00e4lkeen.<\/li>\n<\/ul>\n<h4>Miksi valita Voyager PRO 160?<\/h4>\n<p>Koe ulkoilma ennenn\u00e4kem\u00e4tt\u00f6m\u00e4ll\u00e4 tavalla Voyager PRO 160 -kattoteltassa. Sen vankka rakenne, nopea asennus ja s\u00e4\u00e4nkest\u00e4v\u00e4t ominaisuudet tekev\u00e4t siit\u00e4 t\u00e4ydellisen kumppanin mihin tahansa seikkailuun. Voyager PRO 160 takaa mukavan ja vaivattoman kokemuksen riippumatta siit\u00e4, retkeiletk\u00f6 kes\u00e4ll\u00e4 vai tutkitko lumisia maisemia.<\/p>\n<p>Ota seikkailun henki vastaan Voyager PRO 160 -kattoteltassa &#8211; jossa mukavuus kohtaa kest\u00e4vyyden ja jokaisesta matkasta tulee ikimuistoinen.<\/p>\n<\/div>\n<\/div>\n<\/div>\n<\/div>\n","protected":false},"excerpt":{"rendered":"<p>Eritt\u00e4in kompakti ja samalla t\u00e4ydellinen 3-4 hengelle. Suljettu korkea vain 25 cm ja 28 cm alumiiniprofiililla alla, pehme\u00e4 kaulus paremman teltan ilmanvaihdon takaamiseksi, kun se on suljettu, PRO-sarja on suunniteltu ymp\u00e4rivuotiseen matkustamiseen, koko flysheet on valmistettu WL-tech-materiaalista, vedenpit\u00e4v\u00e4 PU 12000mm asti, 3-kerrosikkunat teltan kummallakin puolella, 360\u00b0panoraaman\u00e4kym\u00e4, T\u00e4ydellinen: teleskooppitikkaat 230 cm:n pituuteen, patja, kenk\u00e4taskut, LED-valo sis\u00e4puolella, 2 lis\u00e4jalkaa teltan tukemiseen ja tasoittamiseen, asennussarja sek\u00e4 ohjeet.<\/p>\n","protected":false},"featured_media":51227,"template":"","meta":[],"product_brand":[],"product_cat":[376,492],"product_tag":[],"class_list":{"0":"post-42848","1":"product","2":"type-product","3":"status-publish","4":"has-post-thumbnail","6":"product_cat-kattoteltat","7":"product_cat-wild-land-fi","9":"first","10":"onbackorder","11":"taxable","12":"shipping-taxable","13":"purchasable","14":"product-type-simple"},"yoast_head":"<!-- This site is optimized with the Yoast SEO plugin v27.3 - https:\/\/yoast.com\/product\/yoast-seo-wordpress\/ -->\n<title>Wild Land Voyager PRO 160 kattoteltta - BALTIC OVERLANDERS<\/title>\n<meta name=\"description\" content=\"Kompakti mutta t\u00e4ydellinen 3-4 hengelle, t\u00e4ss\u00e4 PRO-sarjan teltassa on 360\u00b0-n\u00e4kym\u00e4t, vedenpit\u00e4v\u00e4 WL-tech-materiaali ja t\u00e4ydelliset lis\u00e4varusteet ymp\u00e4rivuotiseen matkustamiseen.\" \/>\n<meta name=\"robots\" content=\"index, follow, max-snippet:-1, max-image-preview:large, max-video-preview:-1\" \/>\n<link rel=\"canonical\" href=\"https:\/\/balticoverlanders.eu\/fi\/tuote\/wild-land-voyager-pro-160-kattoteltta\/\" \/>\n<meta property=\"og:locale\" content=\"fi_FI\" \/>\n<meta property=\"og:type\" content=\"article\" \/>\n<meta property=\"og:title\" content=\"Wild Land Voyager PRO 160 kattoteltta - BALTIC OVERLANDERS\" \/>\n<meta property=\"og:description\" content=\"Kompakti mutta t\u00e4ydellinen 3-4 hengelle, t\u00e4ss\u00e4 PRO-sarjan teltassa on 360\u00b0-n\u00e4kym\u00e4t, vedenpit\u00e4v\u00e4 WL-tech-materiaali ja t\u00e4ydelliset lis\u00e4varusteet ymp\u00e4rivuotiseen matkustamiseen.\" \/>\n<meta property=\"og:url\" content=\"https:\/\/balticoverlanders.eu\/fi\/tuote\/wild-land-voyager-pro-160-kattoteltta\/\" \/>\n<meta property=\"og:site_name\" content=\"BALTIC OVERLANDERS\" \/>\n<meta property=\"article:modified_time\" content=\"2024-05-20T12:40:15+00:00\" \/>\n<meta property=\"og:image\" content=\"https:\/\/balticoverlanders.eu\/wp-content\/uploads\/2024\/05\/WhatsApp-Image-2024-05-18-at-1.28.27-PM.jpeg\" \/>\n\t<meta property=\"og:image:width\" content=\"1600\" \/>\n\t<meta property=\"og:image:height\" content=\"1200\" \/>\n\t<meta property=\"og:image:type\" content=\"image\/jpeg\" \/>\n<meta name=\"twitter:card\" content=\"summary_large_image\" \/>\n<meta name=\"twitter:label1\" content=\"Arvioitu lukuaika\" \/>\n\t<meta name=\"twitter:data1\" content=\"2 minuuttia\" \/>\n<script type=\"application\/ld+json\" class=\"yoast-schema-graph\">{\"@context\":\"https:\\\/\\\/schema.org\",\"@graph\":[{\"@type\":\"WebPage\",\"@id\":\"https:\\\/\\\/balticoverlanders.eu\\\/fi\\\/tuote\\\/wild-land-voyager-pro-160-kattoteltta\\\/\",\"url\":\"https:\\\/\\\/balticoverlanders.eu\\\/fi\\\/tuote\\\/wild-land-voyager-pro-160-kattoteltta\\\/\",\"name\":\"Wild Land Voyager PRO 160 kattoteltta - BALTIC OVERLANDERS\",\"isPartOf\":{\"@id\":\"https:\\\/\\\/balticoverlanders.eu\\\/fi\\\/#website\"},\"primaryImageOfPage\":{\"@id\":\"https:\\\/\\\/balticoverlanders.eu\\\/fi\\\/tuote\\\/wild-land-voyager-pro-160-kattoteltta\\\/#primaryimage\"},\"image\":{\"@id\":\"https:\\\/\\\/balticoverlanders.eu\\\/fi\\\/tuote\\\/wild-land-voyager-pro-160-kattoteltta\\\/#primaryimage\"},\"thumbnailUrl\":\"https:\\\/\\\/balticoverlanders.eu\\\/wp-content\\\/uploads\\\/2024\\\/05\\\/WhatsApp-Image-2024-06-30-at-7.47.12-PM.jpeg\",\"datePublished\":\"2024-05-18T08:05:35+00:00\",\"dateModified\":\"2024-05-20T12:40:15+00:00\",\"description\":\"Kompakti mutta t\u00e4ydellinen 3-4 hengelle, t\u00e4ss\u00e4 PRO-sarjan teltassa on 360\u00b0-n\u00e4kym\u00e4t, vedenpit\u00e4v\u00e4 WL-tech-materiaali ja t\u00e4ydelliset lis\u00e4varusteet ymp\u00e4rivuotiseen matkustamiseen.\",\"breadcrumb\":{\"@id\":\"https:\\\/\\\/balticoverlanders.eu\\\/fi\\\/tuote\\\/wild-land-voyager-pro-160-kattoteltta\\\/#breadcrumb\"},\"inLanguage\":\"fi\",\"potentialAction\":[{\"@type\":\"ReadAction\",\"target\":[\"https:\\\/\\\/balticoverlanders.eu\\\/fi\\\/tuote\\\/wild-land-voyager-pro-160-kattoteltta\\\/\"]}]},{\"@type\":\"ImageObject\",\"inLanguage\":\"fi\",\"@id\":\"https:\\\/\\\/balticoverlanders.eu\\\/fi\\\/tuote\\\/wild-land-voyager-pro-160-kattoteltta\\\/#primaryimage\",\"url\":\"https:\\\/\\\/balticoverlanders.eu\\\/wp-content\\\/uploads\\\/2024\\\/05\\\/WhatsApp-Image-2024-06-30-at-7.47.12-PM.jpeg\",\"contentUrl\":\"https:\\\/\\\/balticoverlanders.eu\\\/wp-content\\\/uploads\\\/2024\\\/05\\\/WhatsApp-Image-2024-06-30-at-7.47.12-PM.jpeg\",\"width\":800,\"height\":600},{\"@type\":\"BreadcrumbList\",\"@id\":\"https:\\\/\\\/balticoverlanders.eu\\\/fi\\\/tuote\\\/wild-land-voyager-pro-160-kattoteltta\\\/#breadcrumb\",\"itemListElement\":[{\"@type\":\"ListItem\",\"position\":1,\"name\":\"Home\",\"item\":\"https:\\\/\\\/balticoverlanders.eu\\\/fi\\\/?page_id=30138\"},{\"@type\":\"ListItem\",\"position\":2,\"name\":\"Kauppa\",\"item\":\"https:\\\/\\\/balticoverlanders.eu\\\/fi\\\/?page_id=30882\"},{\"@type\":\"ListItem\",\"position\":3,\"name\":\"Wild Land Voyager PRO 160 kattoteltta\"}]},{\"@type\":\"WebSite\",\"@id\":\"https:\\\/\\\/balticoverlanders.eu\\\/fi\\\/#website\",\"url\":\"https:\\\/\\\/balticoverlanders.eu\\\/fi\\\/\",\"name\":\"BALTIC OVERLANDERS\",\"description\":\"Your one-stop shop in Latvia, Estonia, and Lithuania for all your car camping, rooftop tent and accessory needs.\",\"potentialAction\":[{\"@type\":\"SearchAction\",\"target\":{\"@type\":\"EntryPoint\",\"urlTemplate\":\"https:\\\/\\\/balticoverlanders.eu\\\/fi\\\/?s={search_term_string}\"},\"query-input\":{\"@type\":\"PropertyValueSpecification\",\"valueRequired\":true,\"valueName\":\"search_term_string\"}}],\"inLanguage\":\"fi\"}]}<\/script>\n<!-- \/ Yoast SEO plugin. -->","yoast_head_json":{"title":"Wild Land Voyager PRO 160 kattoteltta - BALTIC OVERLANDERS","description":"Kompakti mutta t\u00e4ydellinen 3-4 hengelle, t\u00e4ss\u00e4 PRO-sarjan teltassa on 360\u00b0-n\u00e4kym\u00e4t, vedenpit\u00e4v\u00e4 WL-tech-materiaali ja t\u00e4ydelliset lis\u00e4varusteet ymp\u00e4rivuotiseen matkustamiseen.","robots":{"index":"index","follow":"follow","max-snippet":"max-snippet:-1","max-image-preview":"max-image-preview:large","max-video-preview":"max-video-preview:-1"},"canonical":"https:\/\/balticoverlanders.eu\/fi\/tuote\/wild-land-voyager-pro-160-kattoteltta\/","og_locale":"fi_FI","og_type":"article","og_title":"Wild Land Voyager PRO 160 kattoteltta - BALTIC OVERLANDERS","og_description":"Kompakti mutta t\u00e4ydellinen 3-4 hengelle, t\u00e4ss\u00e4 PRO-sarjan teltassa on 360\u00b0-n\u00e4kym\u00e4t, vedenpit\u00e4v\u00e4 WL-tech-materiaali ja t\u00e4ydelliset lis\u00e4varusteet ymp\u00e4rivuotiseen matkustamiseen.","og_url":"https:\/\/balticoverlanders.eu\/fi\/tuote\/wild-land-voyager-pro-160-kattoteltta\/","og_site_name":"BALTIC OVERLANDERS","article_modified_time":"2024-05-20T12:40:15+00:00","og_image":[{"width":1600,"height":1200,"url":"https:\/\/balticoverlanders.eu\/wp-content\/uploads\/2024\/05\/WhatsApp-Image-2024-05-18-at-1.28.27-PM.jpeg","type":"image\/jpeg"}],"twitter_card":"summary_large_image","twitter_misc":{"Arvioitu lukuaika":"2 minuuttia"},"schema":{"@context":"https:\/\/schema.org","@graph":[{"@type":"WebPage","@id":"https:\/\/balticoverlanders.eu\/fi\/tuote\/wild-land-voyager-pro-160-kattoteltta\/","url":"https:\/\/balticoverlanders.eu\/fi\/tuote\/wild-land-voyager-pro-160-kattoteltta\/","name":"Wild Land Voyager PRO 160 kattoteltta - BALTIC OVERLANDERS","isPartOf":{"@id":"https:\/\/balticoverlanders.eu\/fi\/#website"},"primaryImageOfPage":{"@id":"https:\/\/balticoverlanders.eu\/fi\/tuote\/wild-land-voyager-pro-160-kattoteltta\/#primaryimage"},"image":{"@id":"https:\/\/balticoverlanders.eu\/fi\/tuote\/wild-land-voyager-pro-160-kattoteltta\/#primaryimage"},"thumbnailUrl":"https:\/\/balticoverlanders.eu\/wp-content\/uploads\/2024\/05\/WhatsApp-Image-2024-06-30-at-7.47.12-PM.jpeg","datePublished":"2024-05-18T08:05:35+00:00","dateModified":"2024-05-20T12:40:15+00:00","description":"Kompakti mutta t\u00e4ydellinen 3-4 hengelle, t\u00e4ss\u00e4 PRO-sarjan teltassa on 360\u00b0-n\u00e4kym\u00e4t, vedenpit\u00e4v\u00e4 WL-tech-materiaali ja t\u00e4ydelliset lis\u00e4varusteet ymp\u00e4rivuotiseen matkustamiseen.","breadcrumb":{"@id":"https:\/\/balticoverlanders.eu\/fi\/tuote\/wild-land-voyager-pro-160-kattoteltta\/#breadcrumb"},"inLanguage":"fi","potentialAction":[{"@type":"ReadAction","target":["https:\/\/balticoverlanders.eu\/fi\/tuote\/wild-land-voyager-pro-160-kattoteltta\/"]}]},{"@type":"ImageObject","inLanguage":"fi","@id":"https:\/\/balticoverlanders.eu\/fi\/tuote\/wild-land-voyager-pro-160-kattoteltta\/#primaryimage","url":"https:\/\/balticoverlanders.eu\/wp-content\/uploads\/2024\/05\/WhatsApp-Image-2024-06-30-at-7.47.12-PM.jpeg","contentUrl":"https:\/\/balticoverlanders.eu\/wp-content\/uploads\/2024\/05\/WhatsApp-Image-2024-06-30-at-7.47.12-PM.jpeg","width":800,"height":600},{"@type":"BreadcrumbList","@id":"https:\/\/balticoverlanders.eu\/fi\/tuote\/wild-land-voyager-pro-160-kattoteltta\/#breadcrumb","itemListElement":[{"@type":"ListItem","position":1,"name":"Home","item":"https:\/\/balticoverlanders.eu\/fi\/?page_id=30138"},{"@type":"ListItem","position":2,"name":"Kauppa","item":"https:\/\/balticoverlanders.eu\/fi\/?page_id=30882"},{"@type":"ListItem","position":3,"name":"Wild Land Voyager PRO 160 kattoteltta"}]},{"@type":"WebSite","@id":"https:\/\/balticoverlanders.eu\/fi\/#website","url":"https:\/\/balticoverlanders.eu\/fi\/","name":"BALTIC OVERLANDERS","description":"Your one-stop shop in Latvia, Estonia, and Lithuania for all your car camping, rooftop tent and accessory needs.","potentialAction":[{"@type":"SearchAction","target":{"@type":"EntryPoint","urlTemplate":"https:\/\/balticoverlanders.eu\/fi\/?s={search_term_string}"},"query-input":{"@type":"PropertyValueSpecification","valueRequired":true,"valueName":"search_term_string"}}],"inLanguage":"fi"}]}},"_links":{"self":[{"href":"https:\/\/balticoverlanders.eu\/fi\/wp-json\/wp\/v2\/product\/42848","targetHints":{"allow":["GET"]}}],"collection":[{"href":"https:\/\/balticoverlanders.eu\/fi\/wp-json\/wp\/v2\/product"}],"about":[{"href":"https:\/\/balticoverlanders.eu\/fi\/wp-json\/wp\/v2\/types\/product"}],"wp:featuredmedia":[{"embeddable":true,"href":"https:\/\/balticoverlanders.eu\/fi\/wp-json\/wp\/v2\/media\/51227"}],"wp:attachment":[{"href":"https:\/\/balticoverlanders.eu\/fi\/wp-json\/wp\/v2\/media?parent=42848"}],"wp:term":[{"taxonomy":"product_brand","embeddable":true,"href":"https:\/\/balticoverlanders.eu\/fi\/wp-json\/wp\/v2\/product_brand?post=42848"},{"taxonomy":"product_cat","embeddable":true,"href":"https:\/\/balticoverlanders.eu\/fi\/wp-json\/wp\/v2\/product_cat?post=42848"},{"taxonomy":"product_tag","embeddable":true,"href":"https:\/\/balticoverlanders.eu\/fi\/wp-json\/wp\/v2\/product_tag?post=42848"}],"curies":[{"name":"wp","href":"https:\/\/api.w.org\/{rel}","templated":true}]}}