{"id":17375,"date":"2023-03-09T12:34:16","date_gmt":"2023-03-09T10:34:16","guid":{"rendered":"https:\/\/balticoverlanders.eu\/susisiekite-su-mumis\/"},"modified":"2023-06-13T22:42:14","modified_gmt":"2023-06-13T19:42:14","slug":"susisiekite-su-mumis","status":"publish","type":"page","link":"https:\/\/balticoverlanders.eu\/lt\/susisiekite-su-mumis\/","title":{"rendered":"Susisiekite su mumis"},"content":{"rendered":"\t\t<div data-elementor-type=\"wp-page\" data-elementor-id=\"17375\" class=\"elementor elementor-17375 elementor-5771\">\n\t\t\t\t\t\t\r\n\t\t<section\t\t class=\" elementor-section elementor-top-section elementor-element elementor-element-dd5d5e2 elementor-section-boxed elementor-section-height-default elementor-section-height-default\" data-id=\"dd5d5e2\" data-element_type=\"section\" data-e-type=\"section\">\r\n\t\t\r\n\t\t\t\t\t\t\t\t\t\t<div class=\"elementor-container elementor-column-gap-default\" >\r\n\r\n\t\t\t\t\r\n\t\t\t\t\t\t\t\t\t\t\t\t\t\t<div\t\t class=\" elementor-column elementor-col-33 elementor-top-column elementor-element elementor-element-2ec9422\" data-id=\"2ec9422\" data-element_type=\"column\" data-e-type=\"column\" data-settings=\"{&quot;background_background&quot;:&quot;classic&quot;}\">\r\n\t\t\t\r\n\t\t\t\r\n\t\t\t\r\n\t\t\t<div class=\"elementor-widget-wrap elementor-element-populated\">\r\n\t\t\t\t\t\t\t\t<div class=\" elementor-element elementor-element-eed5a26 elementor-widget elementor-widget-heading\" data-id=\"eed5a26\" data-element_type=\"widget\" data-e-type=\"widget\" data-widget_type=\"heading.default\">\n\t\t\t\t<div class=\"elementor-widget-container\">\n\t\t\t\t\t<h5 class=\"elementor-heading-title elementor-size-default\">Vietinis pa\u0117mimas<\/h5>\t\t\t\t<\/div>\n\t\t\t\t<\/div>\n\t\t\t\t<div class=\" elementor-element elementor-element-f9d12a9 elementor-widget elementor-widget-heading\" data-id=\"f9d12a9\" data-element_type=\"widget\" data-e-type=\"widget\" data-widget_type=\"heading.default\">\n\t\t\t\t<div class=\"elementor-widget-container\">\n\t\t\t\t\t<p class=\"elementor-heading-title elementor-size-default\">DIENA IR LAIKAS SUSITARINTI I\u0160 ANKSTO!<\/p>\t\t\t\t<\/div>\n\t\t\t\t<\/div>\n\t\t\t\t<div class=\" elementor-element elementor-element-20630ca elementor-widget elementor-widget-text-editor\" data-id=\"20630ca\" data-element_type=\"widget\" data-e-type=\"widget\" data-widget_type=\"text-editor.default\">\n\t\t\t\t<div class=\"elementor-widget-container\">\n\t\t\t\t\t\t\t\t\t<p>Matisa Street 8, Ryga, LV-1001, Latvija<\/p>\n\t\t\t\t\t\t\t\t<\/div>\n\t\t\t\t<\/div>\n\t\t\t\t<div class=\" elementor-element elementor-element-804674d elementor-widget elementor-widget-heading\" data-id=\"804674d\" data-element_type=\"widget\" data-e-type=\"widget\" data-widget_type=\"heading.default\">\n\t\t\t\t<div class=\"elementor-widget-container\">\n\t\t\t\t\t<h5 class=\"elementor-heading-title elementor-size-default\">Telefono numeris<\/h5>\t\t\t\t<\/div>\n\t\t\t\t<\/div>\n\t\t\t\t<div class=\" elementor-element elementor-element-1b8abbb elementor-widget elementor-widget-text-editor\" data-id=\"1b8abbb\" data-element_type=\"widget\" data-e-type=\"widget\" data-widget_type=\"text-editor.default\">\n\t\t\t\t<div class=\"elementor-widget-container\">\n\t\t\t\t\t\t\t\t\t<p>(+371) 2241-2653<\/p>\n\t\t\t\t\t\t\t\t<\/div>\n\t\t\t\t<\/div>\n\t\t\t\t<div class=\" elementor-element elementor-element-6c0c0da elementor-widget elementor-widget-heading\" data-id=\"6c0c0da\" data-element_type=\"widget\" data-e-type=\"widget\" data-widget_type=\"heading.default\">\n\t\t\t\t<div class=\"elementor-widget-container\">\n\t\t\t\t\t<h5 class=\"elementor-heading-title elementor-size-default\">Parama<\/h5>\t\t\t\t<\/div>\n\t\t\t\t<\/div>\n\t\t\t\t<div class=\" elementor-element elementor-element-1316bda elementor-widget elementor-widget-text-editor\" data-id=\"1316bda\" data-element_type=\"widget\" data-e-type=\"widget\" data-widget_type=\"text-editor.default\">\n\t\t\t\t<div class=\"elementor-widget-container\">\n\t\t\t\t\t\t\t\t\t<a href=\"mailto:info@balticoverlanders.eu\">info@balticoverlanders.eu<\/a>\t\t\t\t\t\t\t\t<\/div>\n\t\t\t\t<\/div>\n\t\t\t\t<div class=\" elementor-element elementor-element-46bbf00 elementor-widget elementor-widget-heading\" data-id=\"46bbf00\" data-element_type=\"widget\" data-e-type=\"widget\" data-widget_type=\"heading.default\">\n\t\t\t\t<div class=\"elementor-widget-container\">\n\t\t\t\t\t<h5 class=\"elementor-heading-title elementor-size-default\">Rekvizitas<\/h5>\t\t\t\t<\/div>\n\t\t\t\t<\/div>\n\t\t\t\t<div class=\" elementor-element elementor-element-1a6d64f elementor-widget elementor-widget-text-editor\" data-id=\"1a6d64f\" data-element_type=\"widget\" data-e-type=\"widget\" data-widget_type=\"text-editor.default\">\n\t\t\t\t<div class=\"elementor-widget-container\">\n\t\t\t\t\t\t\t\t\t<p><a href=\"https:\/\/company.lursoft.lv\/en\/overland-ready\/40203448240\">OVERLAND READY, SIA<\/a><br \/><strong>Reg. No.<\/strong> 40203448240<br \/><strong>VAT No.<\/strong>\u00a0LV40203448240<br \/><strong>Legal address:<\/strong> Iecavas iela 1-24, R\u012bga, LV-1083, Latvija<\/p>\t\t\t\t\t\t\t\t<\/div>\n\t\t\t\t<\/div>\n\t\t\t\t<div class=\" elementor-element elementor-element-aac8807 elementor-widget elementor-widget-heading\" data-id=\"aac8807\" data-element_type=\"widget\" data-e-type=\"widget\" data-widget_type=\"heading.default\">\n\t\t\t\t<div class=\"elementor-widget-container\">\n\t\t\t\t\t<h5 class=\"elementor-heading-title elementor-size-default\">Mok\u0117jimai<\/h5>\t\t\t\t<\/div>\n\t\t\t\t<\/div>\n\t\t\t\t<div class=\" elementor-element elementor-element-66ce610 elementor-widget elementor-widget-text-editor\" data-id=\"66ce610\" data-element_type=\"widget\" data-e-type=\"widget\" data-widget_type=\"text-editor.default\">\n\t\t\t\t<div class=\"elementor-widget-container\">\n\t\t\t\t\t\t\t\t\t<p>Bank: \u201cSwedbank\u201d AS<br \/>BIC\/S.W.I.F.T.: HABALV22<br \/>IBAN: LV31 HABA 055 105 382 7475<\/p>\t\t\t\t\t\t\t\t<\/div>\n\t\t\t\t<\/div>\n\t\t\r\n\t\t\r\n\t\t\t\t\t\t\t<\/div>\r\n\t\t\t\r\n\t\t<\/div>\r\n\t\t\t\t<div\t\t class=\" elementor-column elementor-col-66 elementor-top-column elementor-element elementor-element-e63fa0b\" data-id=\"e63fa0b\" data-element_type=\"column\" data-e-type=\"column\" data-settings=\"{&quot;background_background&quot;:&quot;classic&quot;}\">\r\n\t\t\t\r\n\t\t\t\r\n\t\t\t\r\n\t\t\t<div class=\"elementor-widget-wrap elementor-element-populated\">\r\n\t\t\t\t\t\t\t\t<div class=\" elementor-element elementor-element-2df71f0 elementor-widget elementor-widget-heading\" data-id=\"2df71f0\" data-element_type=\"widget\" data-e-type=\"widget\" data-widget_type=\"heading.default\">\n\t\t\t\t<div class=\"elementor-widget-container\">\n\t\t\t\t\t<h3 class=\"elementor-heading-title elementor-size-default\">Prisijunkime<\/h3>\t\t\t\t<\/div>\n\t\t\t\t<\/div>\n\t\t\t\t<div class=\" elementor-element elementor-element-d4efe4d elementor-widget elementor-widget-text-editor\" data-id=\"d4efe4d\" data-element_type=\"widget\" data-e-type=\"widget\" data-widget_type=\"text-editor.default\">\n\t\t\t\t<div class=\"elementor-widget-container\">\n\t\t\t\t\t\t\t\t\t<p>J\u016bs\u0173 el. pa\u0161to adresas nebus skelbiamas. Privalomi laukai pa\u017eym\u0117ti *<\/p>\n\t\t\t\t\t\t\t\t<\/div>\n\t\t\t\t<\/div>\n\t\t\t\t<div class=\" elementor-element elementor-element-a8f63ed elementor-widget elementor-widget-shortcode\" data-id=\"a8f63ed\" data-element_type=\"widget\" data-e-type=\"widget\" data-widget_type=\"shortcode.default\">\n\t\t\t\t<div class=\"elementor-widget-container\">\n\t\t\t\t\t\t\t<div class=\"elementor-shortcode\">\n<div class=\"wpcf7 no-js\" id=\"wpcf7-f17805-o1\" lang=\"lt-LT\" dir=\"ltr\" data-wpcf7-id=\"17805\">\n<div class=\"screen-reader-response\"><p role=\"status\" aria-live=\"polite\" aria-atomic=\"true\"><\/p> <ul><\/ul><\/div>\n<form action=\"\/lt\/wp-json\/wp\/v2\/pages\/17375#wpcf7-f17805-o1\" method=\"post\" class=\"wpcf7-form init\" aria-label=\"Kontakt\u0173 forma\" novalidate=\"novalidate\" data-status=\"init\">\n<fieldset class=\"hidden-fields-container\"><input type=\"hidden\" name=\"_wpcf7\" value=\"17805\" \/><input type=\"hidden\" name=\"_wpcf7_version\" value=\"6.1.5\" \/><input type=\"hidden\" name=\"_wpcf7_locale\" value=\"lt_LT\" \/><input type=\"hidden\" name=\"_wpcf7_unit_tag\" value=\"wpcf7-f17805-o1\" \/><input type=\"hidden\" name=\"_wpcf7_container_post\" value=\"0\" \/><input type=\"hidden\" name=\"_wpcf7_posted_data_hash\" value=\"\" \/><input type=\"hidden\" name=\"_wpcf7_recaptcha_response\" value=\"\" \/>\n<\/fieldset>\n<div class=\"row\">\n\t<div class=\"col-12\">\n\t\t<p><span class=\"wpcf7-form-control-wrap\" data-name=\"client-name\"><input size=\"40\" maxlength=\"400\" class=\"wpcf7-form-control wpcf7-text wpcf7-validates-as-required form-control\" aria-required=\"true\" aria-invalid=\"false\" placeholder=\"Pavadinimas *\" value=\"\" type=\"text\" name=\"client-name\" \/><\/span>\n\t\t<\/p>\n\t<\/div>\n\t<div class=\"col-md-6\">\n\t\t<p><span class=\"wpcf7-form-control-wrap\" data-name=\"phonenumber\"><input size=\"40\" maxlength=\"400\" class=\"wpcf7-form-control wpcf7-text form-control\" aria-invalid=\"false\" placeholder=\"Telefono Nr.\" value=\"\" type=\"text\" name=\"phonenumber\" \/><\/span>\n\t\t<\/p>\n\t<\/div>\n\t<div class=\"col-md-6\">\n\t\t<p><span class=\"wpcf7-form-control-wrap\" data-name=\"email\"><input size=\"40\" maxlength=\"400\" class=\"wpcf7-form-control wpcf7-email wpcf7-validates-as-required wpcf7-text wpcf7-validates-as-email form-control\" aria-required=\"true\" aria-invalid=\"false\" placeholder=\"El. pa\u0161tas *\" value=\"\" type=\"email\" name=\"email\" \/><\/span>\n\t\t<\/p>\n\t<\/div>\n\t<div class=\"col-12\">\n\t\t<p><span class=\"wpcf7-form-control-wrap\" data-name=\"message\"><textarea cols=\"40\" rows=\"10\" maxlength=\"2000\" class=\"wpcf7-form-control wpcf7-textarea wpcf7-validates-as-required form-control\" aria-required=\"true\" aria-invalid=\"false\" placeholder=\"Prane\u0161imas *\" name=\"message\"><\/textarea><\/span>\n\t\t<\/p>\n\t<\/div>\n\t<p><button class=\"btn btn-lg btn-dark\" style=\"padding: 1em 3.42em;\" type=\"submit\">Pateikti<\/button>\n\t<\/p>\n<\/div><div class=\"wpcf7-response-output\" aria-hidden=\"true\"><\/div>\n<\/form>\n<\/div>\n<\/div>\n\t\t\t\t\t\t<\/div>\n\t\t\t\t<\/div>\n\t\t\r\n\t\t\r\n\t\t\t\t\t\t\t<\/div>\r\n\t\t\t\r\n\t\t<\/div>\r\n\t\t\t\t\t\t\t\t\t\t\t\t\t\t\t\t\t<\/div>\r\n\t\t\t\t\t\t<\/section>\r\n\t\t\t\t\r\n\t\t<section\t\t class=\" elementor-section elementor-top-section elementor-element elementor-element-7861fac elementor-section-boxed elementor-section-height-default elementor-section-height-default\" data-id=\"7861fac\" data-element_type=\"section\" data-e-type=\"section\">\r\n\t\t\r\n\t\t\t\t\t\t\t\t\t\t<div class=\"elementor-container elementor-column-gap-default\" >\r\n\r\n\t\t\t\t\r\n\t\t\t\t\t\t\t\t\t\t\t\t\t\t<div\t\t class=\" elementor-column elementor-col-100 elementor-top-column elementor-element elementor-element-3a59c73\" data-id=\"3a59c73\" data-element_type=\"column\" data-e-type=\"column\">\r\n\t\t\t\r\n\t\t\t\r\n\t\t\t\r\n\t\t\t<div class=\"elementor-widget-wrap elementor-element-populated\">\r\n\t\t\t\t\t\t\t\t\r\n\t\t<section\t\t class=\" elementor-section elementor-inner-section elementor-element elementor-element-e7885d1 elementor-section-boxed elementor-section-height-default elementor-section-height-default\" data-id=\"e7885d1\" data-element_type=\"section\" data-e-type=\"section\">\r\n\t\t\r\n\t\t\t\t\t\t\t\t\t\t<div class=\"elementor-container elementor-column-gap-default\" >\r\n\r\n\t\t\t\t\r\n\t\t\t\t\t\t\t\t\t\t\t\t\t\t<div\t\t class=\" elementor-column elementor-col-100 elementor-inner-column elementor-element elementor-element-2340e78\" data-id=\"2340e78\" data-element_type=\"column\" data-e-type=\"column\">\r\n\t\t\t\r\n\t\t\t\r\n\t\t\t\r\n\t\t\t<div class=\"elementor-widget-wrap elementor-element-populated\">\r\n\t\t\t\t\t\t\t\t<div class=\" elementor-element elementor-element-e06d76d elementor-widget elementor-widget-heading\" data-id=\"e06d76d\" data-element_type=\"widget\" data-e-type=\"widget\" data-widget_type=\"heading.default\">\n\t\t\t\t<div class=\"elementor-widget-container\">\n\t\t\t\t\t<h2 class=\"elementor-heading-title elementor-size-default\">\u017dr. m\u016bs\u0173 palapines ant stogo...<\/h2>\t\t\t\t<\/div>\n\t\t\t\t<\/div>\n\t\t\r\n\t\t\r\n\t\t\t\t\t\t\t<\/div>\r\n\t\t\t\r\n\t\t<\/div>\r\n\t\t\t\t\t\t\t\t\t\t\t\t\t\t\t\t\t<\/div>\r\n\t\t\t\t\t\t<\/section>\r\n\t\t\t\t\r\n\t\t<section\t\t class=\" elementor-section elementor-inner-section elementor-element elementor-element-ee4b9c9 elementor-section-full_width elementor-section-height-default elementor-section-height-default\" data-id=\"ee4b9c9\" data-element_type=\"section\" data-e-type=\"section\">\r\n\t\t\r\n\t\t\t\t\t\t\t\t\t\t<div class=\"elementor-container elementor-column-gap-default\" >\r\n\r\n\t\t\t\t\r\n\t\t\t\t\t\t\t\t\t\t\t\t\t\t<div\t\t class=\" elementor-column elementor-col-100 elementor-inner-column elementor-element elementor-element-791478b\" data-id=\"791478b\" data-element_type=\"column\" data-e-type=\"column\">\r\n\t\t\t\r\n\t\t\t\r\n\t\t\t\r\n\t\t\t<div class=\" row cols-lg-2 cols-md-2 cols-sm-1 cols-1  owl-carousel owl-theme elementor-widget-wrap elementor-element-populated\" data-plugin=\"owl\" data-owl-options=\"{&quot;margin&quot;:20,&quot;nav&quot;:false,&quot;dots&quot;:false,&quot;responsive&quot;:{&quot;992&quot;:{&quot;items&quot;:2,&quot;nav&quot;:false,&quot;dots&quot;:false},&quot;768&quot;:{&quot;items&quot;:2,&quot;nav&quot;:false,&quot;dots&quot;:false},&quot;576&quot;:{&quot;items&quot;:1},&quot;0&quot;:{&quot;items&quot;:1}}}\">\r\n\t\t\t\t\t\t\t\t<div class=\" elementor-element elementor-element-4904252 elementor-widget elementor-widget-riode_widget_imagebox\" data-id=\"4904252\" data-element_type=\"widget\" data-e-type=\"widget\" data-widget_type=\"riode_widget_imagebox.default\">\n\t\t\t\t<div class=\"elementor-widget-container\">\n\t\t\t\t\t<div class=\"image-box inner\"><figure><img fetchpriority=\"high\" decoding=\"async\" width=\"710\" height=\"473\" src=\"https:\/\/balticoverlanders.eu\/wp-content\/uploads\/2023\/04\/amserv.png\" class=\"attachment-full size-full wp-image-17516\" alt=\"\" srcset=\"https:\/\/balticoverlanders.eu\/wp-content\/uploads\/2023\/04\/amserv.png 710w, https:\/\/balticoverlanders.eu\/wp-content\/uploads\/2023\/04\/amserv-300x200.png 300w, https:\/\/balticoverlanders.eu\/wp-content\/uploads\/2023\/04\/amserv-150x100.png 150w, https:\/\/balticoverlanders.eu\/wp-content\/uploads\/2023\/04\/amserv-600x400.png 600w\" sizes=\"(max-width: 710px) 100vw, 710px\" \/><div class=\"overlay-visible\"><h3 class=\"title\">Autobrava Motors<\/h3><h4 class=\"subtitle\">Krasta gatve 42, R\u012bga, LV-1003<\/h4><\/div><div class=\"overlay overlay-transparent\"><\/div><\/figure><\/div>\t\t\t\t<\/div>\n\t\t\t\t<\/div>\n\t\t\t\t<div class=\" elementor-element elementor-element-d18e8f1 elementor-widget elementor-widget-riode_widget_imagebox\" data-id=\"d18e8f1\" data-element_type=\"widget\" data-e-type=\"widget\" data-widget_type=\"riode_widget_imagebox.default\">\n\t\t\t\t<div class=\"elementor-widget-container\">\n\t\t\t\t\t<div class=\"image-box inner\"><figure><img decoding=\"async\" width=\"710\" height=\"473\" src=\"https:\/\/balticoverlanders.eu\/wp-content\/uploads\/2023\/04\/autobrava.png\" class=\"attachment-full size-full wp-image-17521\" alt=\"\" srcset=\"https:\/\/balticoverlanders.eu\/wp-content\/uploads\/2023\/04\/autobrava.png 710w, https:\/\/balticoverlanders.eu\/wp-content\/uploads\/2023\/04\/autobrava-300x200.png 300w, https:\/\/balticoverlanders.eu\/wp-content\/uploads\/2023\/04\/autobrava-150x100.png 150w, https:\/\/balticoverlanders.eu\/wp-content\/uploads\/2023\/04\/autobrava-600x400.png 600w\" sizes=\"(max-width: 710px) 100vw, 710px\" \/><div class=\"overlay-visible\"><h3 class=\"title\">AMSERV MOTORS<\/h3><h4 class=\"subtitle\">Toyota autocentras <br> Krasta gatve 3, R\u012bga, LV-1003<\/h4><\/div><div class=\"overlay overlay-transparent\"><\/div><\/figure><\/div>\t\t\t\t<\/div>\n\t\t\t\t<\/div>\n\t\t\r\n\t\t\r\n\t\t\t\t\t\t\t<\/div>\r\n\t\t\t\r\n\t\t<\/div>\r\n\t\t\t\t\t\t\t\t\t\t\t\t\t\t\t\t\t<\/div>\r\n\t\t\t\t\t\t<\/section>\r\n\t\t\r\n\t\t\r\n\t\t\t\t\t\t\t<\/div>\r\n\t\t\t\r\n\t\t<\/div>\r\n\t\t\t\t\t\t\t\t\t\t\t\t\t\t\t\t\t<\/div>\r\n\t\t\t\t\t\t<\/section>\r\n\t\t\t\t<\/div>\n\t\t","protected":false},"excerpt":{"rendered":"<p>Vietinis pa\u0117mimas DIENA IR LAIKAS SUSITARINTI I\u0160 ANKSTO! Matisa Street 8, Ryga, LV-1001, Latvija Telefono numeris (+371) 2241-2653 Parama info@balticoverlanders.eu Rekvizitas OVERLAND READY, SIAReg. No. 40203448240VAT No.\u00a0LV40203448240Legal address: Iecavas iela 1-24, R\u012bga, LV-1083, Latvija Mok\u0117jimai Bank: \u201cSwedbank\u201d ASBIC\/S.W.I.F.T.: HABALV22IBAN: LV31 HABA 055 105 382 7475 Prisijunkime J\u016bs\u0173 el. pa\u0161to adresas nebus skelbiamas. Privalomi laukai pa\u017eym\u0117ti [&hellip;]<\/p>\n","protected":false},"author":1,"featured_media":0,"parent":0,"menu_order":0,"comment_status":"closed","ping_status":"closed","template":"","meta":{"footnotes":""},"class_list":["post-17375","page","type-page","status-publish","hentry"],"yoast_head":"<!-- This site is optimized with the Yoast SEO plugin v27.3 - https:\/\/yoast.com\/product\/yoast-seo-wordpress\/ -->\n<title>Susisiekite su mumis - BALTIC OVERLANDERS<\/title>\n<meta name=\"robots\" content=\"index, follow, max-snippet:-1, max-image-preview:large, max-video-preview:-1\" \/>\n<link rel=\"canonical\" href=\"https:\/\/balticoverlanders.eu\/lt\/susisiekite-su-mumis\/\" \/>\n<meta property=\"og:locale\" content=\"lt_LT\" \/>\n<meta property=\"og:type\" content=\"article\" \/>\n<meta property=\"og:title\" content=\"Susisiekite su mumis - BALTIC OVERLANDERS\" \/>\n<meta property=\"og:description\" content=\"Vietinis pa\u0117mimas DIENA IR LAIKAS SUSITARINTI I\u0160 ANKSTO! Matisa Street 8, Ryga, LV-1001, Latvija Telefono numeris (+371) 2241-2653 Parama info@balticoverlanders.eu Rekvizitas OVERLAND READY, SIAReg. No. 40203448240VAT No.\u00a0LV40203448240Legal address: Iecavas iela 1-24, R\u012bga, LV-1083, Latvija Mok\u0117jimai Bank: \u201cSwedbank\u201d ASBIC\/S.W.I.F.T.: HABALV22IBAN: LV31 HABA 055 105 382 7475 Prisijunkime J\u016bs\u0173 el. pa\u0161to adresas nebus skelbiamas. Privalomi laukai pa\u017eym\u0117ti [&hellip;]\" \/>\n<meta property=\"og:url\" content=\"https:\/\/balticoverlanders.eu\/lt\/susisiekite-su-mumis\/\" \/>\n<meta property=\"og:site_name\" content=\"BALTIC OVERLANDERS\" \/>\n<meta property=\"article:modified_time\" content=\"2023-06-13T19:42:14+00:00\" \/>\n<meta property=\"og:image\" content=\"https:\/\/balticoverlanders.eu\/wp-content\/uploads\/2023\/04\/amserv.png\" \/>\n<meta name=\"twitter:card\" content=\"summary_large_image\" \/>\n<meta name=\"twitter:label1\" content=\"Est. reading time\" \/>\n\t<meta name=\"twitter:data1\" content=\"1 minut\u0117\" \/>\n<script type=\"application\/ld+json\" class=\"yoast-schema-graph\">{\"@context\":\"https:\\\/\\\/schema.org\",\"@graph\":[{\"@type\":\"WebPage\",\"@id\":\"https:\\\/\\\/balticoverlanders.eu\\\/lt\\\/susisiekite-su-mumis\\\/\",\"url\":\"https:\\\/\\\/balticoverlanders.eu\\\/lt\\\/susisiekite-su-mumis\\\/\",\"name\":\"Susisiekite su mumis - BALTIC OVERLANDERS\",\"isPartOf\":{\"@id\":\"https:\\\/\\\/balticoverlanders.eu\\\/lt\\\/#website\"},\"primaryImageOfPage\":{\"@id\":\"https:\\\/\\\/balticoverlanders.eu\\\/lt\\\/susisiekite-su-mumis\\\/#primaryimage\"},\"image\":{\"@id\":\"https:\\\/\\\/balticoverlanders.eu\\\/lt\\\/susisiekite-su-mumis\\\/#primaryimage\"},\"thumbnailUrl\":\"https:\\\/\\\/balticoverlanders.eu\\\/wp-content\\\/uploads\\\/2023\\\/04\\\/amserv.png\",\"datePublished\":\"2023-03-09T10:34:16+00:00\",\"dateModified\":\"2023-06-13T19:42:14+00:00\",\"breadcrumb\":{\"@id\":\"https:\\\/\\\/balticoverlanders.eu\\\/lt\\\/susisiekite-su-mumis\\\/#breadcrumb\"},\"inLanguage\":\"lt-LT\",\"potentialAction\":[{\"@type\":\"ReadAction\",\"target\":[\"https:\\\/\\\/balticoverlanders.eu\\\/lt\\\/susisiekite-su-mumis\\\/\"]}]},{\"@type\":\"ImageObject\",\"inLanguage\":\"lt-LT\",\"@id\":\"https:\\\/\\\/balticoverlanders.eu\\\/lt\\\/susisiekite-su-mumis\\\/#primaryimage\",\"url\":\"https:\\\/\\\/balticoverlanders.eu\\\/wp-content\\\/uploads\\\/2023\\\/04\\\/amserv.png\",\"contentUrl\":\"https:\\\/\\\/balticoverlanders.eu\\\/wp-content\\\/uploads\\\/2023\\\/04\\\/amserv.png\"},{\"@type\":\"BreadcrumbList\",\"@id\":\"https:\\\/\\\/balticoverlanders.eu\\\/lt\\\/susisiekite-su-mumis\\\/#breadcrumb\",\"itemListElement\":[{\"@type\":\"ListItem\",\"position\":1,\"name\":\"Home\",\"item\":\"https:\\\/\\\/balticoverlanders.eu\\\/lt\\\/home\\\/\"},{\"@type\":\"ListItem\",\"position\":2,\"name\":\"Susisiekite su mumis\"}]},{\"@type\":\"WebSite\",\"@id\":\"https:\\\/\\\/balticoverlanders.eu\\\/lt\\\/#website\",\"url\":\"https:\\\/\\\/balticoverlanders.eu\\\/lt\\\/\",\"name\":\"BALTIC OVERLANDERS\",\"description\":\"Your one-stop shop in Latvia, Estonia, and Lithuania for all your car camping, rooftop tent and accessory needs.\",\"publisher\":{\"@id\":\"https:\\\/\\\/balticoverlanders.eu\\\/lt\\\/#organization\"},\"potentialAction\":[{\"@type\":\"SearchAction\",\"target\":{\"@type\":\"EntryPoint\",\"urlTemplate\":\"https:\\\/\\\/balticoverlanders.eu\\\/lt\\\/?s={search_term_string}\"},\"query-input\":{\"@type\":\"PropertyValueSpecification\",\"valueRequired\":true,\"valueName\":\"search_term_string\"}}],\"inLanguage\":\"lt-LT\"},{\"@type\":\"Organization\",\"@id\":\"https:\\\/\\\/balticoverlanders.eu\\\/lt\\\/#organization\",\"name\":\"BALTIC OVERLANDERS\",\"url\":\"https:\\\/\\\/balticoverlanders.eu\\\/lt\\\/\",\"logo\":{\"@type\":\"ImageObject\",\"inLanguage\":\"lt-LT\",\"@id\":\"https:\\\/\\\/balticoverlanders.eu\\\/lt\\\/#\\\/schema\\\/logo\\\/image\\\/\",\"url\":\"https:\\\/\\\/balticoverlanders.eu\\\/wp-content\\\/uploads\\\/2023\\\/04\\\/BALTIC-OVERLANDERS-LOGO.jpg\",\"contentUrl\":\"https:\\\/\\\/balticoverlanders.eu\\\/wp-content\\\/uploads\\\/2023\\\/04\\\/BALTIC-OVERLANDERS-LOGO.jpg\",\"width\":1497,\"height\":310,\"caption\":\"BALTIC OVERLANDERS\"},\"image\":{\"@id\":\"https:\\\/\\\/balticoverlanders.eu\\\/lt\\\/#\\\/schema\\\/logo\\\/image\\\/\"},\"sameAs\":[\"https:\\\/\\\/www.instagram.com\\\/balticoverlanders\\\/\"]}]}<\/script>\n<!-- \/ Yoast SEO plugin. -->","yoast_head_json":{"title":"Susisiekite su mumis - BALTIC OVERLANDERS","robots":{"index":"index","follow":"follow","max-snippet":"max-snippet:-1","max-image-preview":"max-image-preview:large","max-video-preview":"max-video-preview:-1"},"canonical":"https:\/\/balticoverlanders.eu\/lt\/susisiekite-su-mumis\/","og_locale":"lt_LT","og_type":"article","og_title":"Susisiekite su mumis - BALTIC OVERLANDERS","og_description":"Vietinis pa\u0117mimas DIENA IR LAIKAS SUSITARINTI I\u0160 ANKSTO! Matisa Street 8, Ryga, LV-1001, Latvija Telefono numeris (+371) 2241-2653 Parama info@balticoverlanders.eu Rekvizitas OVERLAND READY, SIAReg. No. 40203448240VAT No.\u00a0LV40203448240Legal address: Iecavas iela 1-24, R\u012bga, LV-1083, Latvija Mok\u0117jimai Bank: \u201cSwedbank\u201d ASBIC\/S.W.I.F.T.: HABALV22IBAN: LV31 HABA 055 105 382 7475 Prisijunkime J\u016bs\u0173 el. pa\u0161to adresas nebus skelbiamas. Privalomi laukai pa\u017eym\u0117ti [&hellip;]","og_url":"https:\/\/balticoverlanders.eu\/lt\/susisiekite-su-mumis\/","og_site_name":"BALTIC OVERLANDERS","article_modified_time":"2023-06-13T19:42:14+00:00","og_image":[{"url":"https:\/\/balticoverlanders.eu\/wp-content\/uploads\/2023\/04\/amserv.png","type":"","width":"","height":""}],"twitter_card":"summary_large_image","twitter_misc":{"Est. reading time":"1 minut\u0117"},"schema":{"@context":"https:\/\/schema.org","@graph":[{"@type":"WebPage","@id":"https:\/\/balticoverlanders.eu\/lt\/susisiekite-su-mumis\/","url":"https:\/\/balticoverlanders.eu\/lt\/susisiekite-su-mumis\/","name":"Susisiekite su mumis - BALTIC OVERLANDERS","isPartOf":{"@id":"https:\/\/balticoverlanders.eu\/lt\/#website"},"primaryImageOfPage":{"@id":"https:\/\/balticoverlanders.eu\/lt\/susisiekite-su-mumis\/#primaryimage"},"image":{"@id":"https:\/\/balticoverlanders.eu\/lt\/susisiekite-su-mumis\/#primaryimage"},"thumbnailUrl":"https:\/\/balticoverlanders.eu\/wp-content\/uploads\/2023\/04\/amserv.png","datePublished":"2023-03-09T10:34:16+00:00","dateModified":"2023-06-13T19:42:14+00:00","breadcrumb":{"@id":"https:\/\/balticoverlanders.eu\/lt\/susisiekite-su-mumis\/#breadcrumb"},"inLanguage":"lt-LT","potentialAction":[{"@type":"ReadAction","target":["https:\/\/balticoverlanders.eu\/lt\/susisiekite-su-mumis\/"]}]},{"@type":"ImageObject","inLanguage":"lt-LT","@id":"https:\/\/balticoverlanders.eu\/lt\/susisiekite-su-mumis\/#primaryimage","url":"https:\/\/balticoverlanders.eu\/wp-content\/uploads\/2023\/04\/amserv.png","contentUrl":"https:\/\/balticoverlanders.eu\/wp-content\/uploads\/2023\/04\/amserv.png"},{"@type":"BreadcrumbList","@id":"https:\/\/balticoverlanders.eu\/lt\/susisiekite-su-mumis\/#breadcrumb","itemListElement":[{"@type":"ListItem","position":1,"name":"Home","item":"https:\/\/balticoverlanders.eu\/lt\/home\/"},{"@type":"ListItem","position":2,"name":"Susisiekite su mumis"}]},{"@type":"WebSite","@id":"https:\/\/balticoverlanders.eu\/lt\/#website","url":"https:\/\/balticoverlanders.eu\/lt\/","name":"BALTIC OVERLANDERS","description":"Your one-stop shop in Latvia, Estonia, and Lithuania for all your car camping, rooftop tent and accessory needs.","publisher":{"@id":"https:\/\/balticoverlanders.eu\/lt\/#organization"},"potentialAction":[{"@type":"SearchAction","target":{"@type":"EntryPoint","urlTemplate":"https:\/\/balticoverlanders.eu\/lt\/?s={search_term_string}"},"query-input":{"@type":"PropertyValueSpecification","valueRequired":true,"valueName":"search_term_string"}}],"inLanguage":"lt-LT"},{"@type":"Organization","@id":"https:\/\/balticoverlanders.eu\/lt\/#organization","name":"BALTIC OVERLANDERS","url":"https:\/\/balticoverlanders.eu\/lt\/","logo":{"@type":"ImageObject","inLanguage":"lt-LT","@id":"https:\/\/balticoverlanders.eu\/lt\/#\/schema\/logo\/image\/","url":"https:\/\/balticoverlanders.eu\/wp-content\/uploads\/2023\/04\/BALTIC-OVERLANDERS-LOGO.jpg","contentUrl":"https:\/\/balticoverlanders.eu\/wp-content\/uploads\/2023\/04\/BALTIC-OVERLANDERS-LOGO.jpg","width":1497,"height":310,"caption":"BALTIC OVERLANDERS"},"image":{"@id":"https:\/\/balticoverlanders.eu\/lt\/#\/schema\/logo\/image\/"},"sameAs":["https:\/\/www.instagram.com\/balticoverlanders\/"]}]}},"_links":{"self":[{"href":"https:\/\/balticoverlanders.eu\/lt\/wp-json\/wp\/v2\/pages\/17375","targetHints":{"allow":["GET"]}}],"collection":[{"href":"https:\/\/balticoverlanders.eu\/lt\/wp-json\/wp\/v2\/pages"}],"about":[{"href":"https:\/\/balticoverlanders.eu\/lt\/wp-json\/wp\/v2\/types\/page"}],"author":[{"embeddable":true,"href":"https:\/\/balticoverlanders.eu\/lt\/wp-json\/wp\/v2\/users\/1"}],"replies":[{"embeddable":true,"href":"https:\/\/balticoverlanders.eu\/lt\/wp-json\/wp\/v2\/comments?post=17375"}],"version-history":[{"count":13,"href":"https:\/\/balticoverlanders.eu\/lt\/wp-json\/wp\/v2\/pages\/17375\/revisions"}],"predecessor-version":[{"id":27385,"href":"https:\/\/balticoverlanders.eu\/lt\/wp-json\/wp\/v2\/pages\/17375\/revisions\/27385"}],"wp:attachment":[{"href":"https:\/\/balticoverlanders.eu\/lt\/wp-json\/wp\/v2\/media?parent=17375"}],"curies":[{"name":"wp","href":"https:\/\/api.w.org\/{rel}","templated":true}]}}