{"id":17627,"date":"2023-04-11T14:15:26","date_gmt":"2023-04-11T11:15:26","guid":{"rendered":"https:\/\/balticoverlanders.eu\/alu-cab\/"},"modified":"2023-04-15T23:42:50","modified_gmt":"2023-04-15T20:42:50","slug":"alu-cab","status":"publish","type":"page","link":"https:\/\/balticoverlanders.eu\/lt\/alu-cab\/","title":{"rendered":"&#8222;Alu-Cab&#8221;"},"content":{"rendered":"\t\t<div data-elementor-type=\"wp-page\" data-elementor-id=\"17627\" class=\"elementor elementor-17627 elementor-17612\">\n\t\t\t\t\t\t\r\n\t\t<section\t\t class=\" elementor-section elementor-top-section elementor-element elementor-element-1c538dd elementor-section-boxed elementor-section-height-default elementor-section-height-default\" data-id=\"1c538dd\" data-element_type=\"section\" data-e-type=\"section\">\r\n\t\t\r\n\t\t\t\t\t\t\t\t\t\t<div class=\"elementor-container elementor-column-gap-default\" >\r\n\r\n\t\t\t\t\r\n\t\t\t\t\t\t\t\t\t\t\t\t\t\t<div\t\t class=\" elementor-column elementor-col-50 elementor-top-column elementor-element elementor-element-0f8277c\" data-id=\"0f8277c\" data-element_type=\"column\" data-e-type=\"column\">\r\n\t\t\t\r\n\t\t\t\r\n\t\t\t\r\n\t\t\t<div class=\"elementor-widget-wrap elementor-element-populated\">\r\n\t\t\t\t\t\t\t\t<div class=\" elementor-element elementor-element-e920da4 elementor-widget__width-initial elementor-widget elementor-widget-image\" data-id=\"e920da4\" data-element_type=\"widget\" data-e-type=\"widget\" data-widget_type=\"image.default\">\n\t\t\t\t<div class=\"elementor-widget-container\">\n\t\t\t\t\t\t\t\t\t\t\t\t\t\t\t<img fetchpriority=\"high\" decoding=\"async\" width=\"1000\" height=\"459\" src=\"https:\/\/balticoverlanders.eu\/wp-content\/uploads\/2023\/04\/Alu-Cab1500x688-TB.png\" class=\"attachment-large size-large wp-image-19472\" alt=\"Alu-cab\" srcset=\"https:\/\/balticoverlanders.eu\/wp-content\/uploads\/2023\/04\/Alu-Cab1500x688-TB.png 1000w, https:\/\/balticoverlanders.eu\/wp-content\/uploads\/2023\/04\/Alu-Cab1500x688-TB-300x138.png 300w, https:\/\/balticoverlanders.eu\/wp-content\/uploads\/2023\/04\/Alu-Cab1500x688-TB-768x353.png 768w, https:\/\/balticoverlanders.eu\/wp-content\/uploads\/2023\/04\/Alu-Cab1500x688-TB-150x69.png 150w, https:\/\/balticoverlanders.eu\/wp-content\/uploads\/2023\/04\/Alu-Cab1500x688-TB-600x275.png 600w\" sizes=\"(max-width: 1000px) 100vw, 1000px\" \/>\t\t\t\t\t\t\t\t\t\t\t\t\t\t\t<\/div>\n\t\t\t\t<\/div>\n\t\t\r\n\t\t\r\n\t\t\t\t\t\t\t<\/div>\r\n\t\t\t\r\n\t\t<\/div>\r\n\t\t\t\t<div\t\t class=\" elementor-column elementor-col-50 elementor-top-column elementor-element elementor-element-0aa9fc6\" data-id=\"0aa9fc6\" data-element_type=\"column\" data-e-type=\"column\">\r\n\t\t\t\r\n\t\t\t\r\n\t\t\t\r\n\t\t\t<div class=\"elementor-widget-wrap\">\r\n\t\t\t\t\t\t\r\n\t\t\r\n\t\t\t\t\t\t\t<\/div>\r\n\t\t\t\r\n\t\t<\/div>\r\n\t\t\t\t\t\t\t\t\t\t\t\t\t\t\t\t\t<\/div>\r\n\t\t\t\t\t\t<\/section>\r\n\t\t\t\t\r\n\t\t<section\t\t class=\" elementor-section elementor-top-section elementor-element elementor-element-cd2f871 elementor-section-boxed elementor-section-height-default elementor-section-height-default\" data-id=\"cd2f871\" data-element_type=\"section\" data-e-type=\"section\">\r\n\t\t\r\n\t\t\t\t\t\t\t\t\t\t<div class=\"elementor-container elementor-column-gap-default\" >\r\n\r\n\t\t\t\t\r\n\t\t\t\t\t\t\t\t\t\t\t\t\t\t<div\t\t class=\" elementor-column elementor-col-50 elementor-top-column elementor-element elementor-element-a16e848\" data-id=\"a16e848\" data-element_type=\"column\" data-e-type=\"column\">\r\n\t\t\t\r\n\t\t\t\r\n\t\t\t\r\n\t\t\t<div class=\"elementor-widget-wrap elementor-element-populated\">\r\n\t\t\t\t\t\t\t\t<div class=\" elementor-element elementor-element-e2a1496 elementor-widget elementor-widget-text-editor\" data-id=\"e2a1496\" data-element_type=\"widget\" data-e-type=\"widget\" data-widget_type=\"text-editor.default\">\n\t\t\t\t<div class=\"elementor-widget-container\">\n\t\t\t\t\t\t\t\t\t<p>&#8222;Baltic Overlander&#8221; did\u017eiuojasi gal\u0117dama pasi\u016blyti <span style=\"text-decoration: underline;\"><br \/>\n  <a href=\"https:\/\/www.alu-cab.com\/\">Alu kabina<\/a><br \/>\n<\/span> produktus Baltijos \u0161alyse &#8211; Estijoje, Latvijoje ir Lietuvoje &#8211; keliautojams, ie\u0161kantiems patvari\u0173 ir auk\u0161tos kokyb\u0117s aliuminio gamini\u0173. &#8222;Alu-Cab Cape Town&#8221; (H\/O) duris atv\u0117r\u0117 2000 m. ir nuo to laiko \u012fmon\u0117 i\u0161augo nuo pirmojo aliumininio stoglangio iki pasaulinei rinkai skirtos gamyklos.<\/p>\n<p>\u0160iandien &#8222;Alu-Cab&#8221; si\u016blo \u012fvairius aliuminio gaminius, skirtus automobili\u0173, laisvalaikio ir komercinei pramonei. J\u0173 gamykl\u0105 sudaro 14 gamykl\u0173, kuriose dirba daugiau kaip 400 darbuotoj\u0173, o j\u0173 &#8222;Alu-Cab&#8221; gamini\u0173 asortimentas platinamas 73 \u0161alyse.<\/p>\n<p>&#8222;Alu-Cab&#8221; yra Piet\u0173 Afrikos \u012fmon\u0117, kurios visa gamybos \u012fmon\u0117 \u012fsik\u016brusi Otteryje, Keiptaune, tod\u0117l ji yra \u012fsipareigojusi tiekti kokybi\u0161kus gaminius, kurie pranoksta j\u016bs\u0173 l\u016bkes\u010dius. Tur\u0117dama in\u017einerijos ir dizaino patirties, &#8222;Alu-Cab&#8221; si\u016blo keliautojams, keliaujantiems sausuma, novatori\u0161kus sprendimus, kaip patenkinti j\u0173 stovyklavimo poreikius.<\/p>\n<p>Nesvarbu, ar jums reikia stogo palapin\u0117s, aliuminio stogin\u0117s, aliuminio stogelio, ar kito aliuminio gaminio, &#8222;Alu-Cab&#8221; jums pad\u0117s. D\u0117l j\u0173 \u012fsipareigojimo u\u017etikrinti ilgaam\u017ei\u0161kum\u0105 ir kokyb\u0119 galite pasitik\u0117ti, kad &#8222;Alu-Cab&#8221; gaminiai suteiks jums patikim\u0105 ir patogi\u0105 kelion\u0119 sausuma.<\/p>\n\t\t\t\t\t\t\t\t<\/div>\n\t\t\t\t<\/div>\n\t\t\t\t<div class=\" elementor-element elementor-element-74eed73 elementor-widget elementor-widget-riode_widget_button\" data-id=\"74eed73\" data-element_type=\"widget\" data-e-type=\"widget\" data-widget_type=\"riode_widget_button.default\">\n\t\t\t\t<div class=\"elementor-widget-container\">\n\t\t\t\t\t<a class=\"btn btn-primary\" href=\"https:\/\/balticoverlanders.eu\/product-category\/brands\/alu-cab\/\" >SEE All Alu-Cab Products<\/a>\t\t\t\t<\/div>\n\t\t\t\t<\/div>\n\t\t\r\n\t\t\r\n\t\t\t\t\t\t\t<\/div>\r\n\t\t\t\r\n\t\t<\/div>\r\n\t\t\t\t<div\t\t class=\" elementor-column elementor-col-50 elementor-top-column elementor-element elementor-element-c506b36\" data-id=\"c506b36\" data-element_type=\"column\" data-e-type=\"column\">\r\n\t\t\t\r\n\t\t\t\r\n\t\t\t\r\n\t\t\t<div class=\"elementor-widget-wrap elementor-element-populated\">\r\n\t\t\t\t\t\t\t\t\r\n\t\t<section\t\t class=\" elementor-section elementor-inner-section elementor-element elementor-element-c9d410f elementor-section-boxed elementor-section-height-default elementor-section-height-default\" data-id=\"c9d410f\" data-element_type=\"section\" data-e-type=\"section\">\r\n\t\t\r\n\t\t\t\t\t\t\t\t\t\t<div class=\"elementor-container elementor-column-gap-default\" >\r\n\r\n\t\t\t\t\r\n\t\t\t\t\t\t\t\t\t\t\t\t\t\t<div\t\t class=\" elementor-column elementor-col-50 elementor-inner-column elementor-element elementor-element-a119951\" data-id=\"a119951\" data-element_type=\"column\" data-e-type=\"column\">\r\n\t\t\t\r\n\t\t\t\r\n\t\t\t\r\n\t\t\t<div class=\"elementor-widget-wrap elementor-element-populated\">\r\n\t\t\t\t\t\t\t\t<div class=\" elementor-element elementor-element-31960cb elementor-widget elementor-widget-image\" data-id=\"31960cb\" data-element_type=\"widget\" data-e-type=\"widget\" data-widget_type=\"image.default\">\n\t\t\t\t<div class=\"elementor-widget-container\">\n\t\t\t\t\t\t\t\t\t\t\t\t\t\t\t<img decoding=\"async\" width=\"1024\" height=\"431\" src=\"https:\/\/balticoverlanders.eu\/wp-content\/uploads\/2023\/04\/slider2-1024x431.webp\" class=\"attachment-large size-large wp-image-19477\" alt=\"\" srcset=\"https:\/\/balticoverlanders.eu\/wp-content\/uploads\/2023\/04\/slider2-1024x431.webp 1024w, https:\/\/balticoverlanders.eu\/wp-content\/uploads\/2023\/04\/slider2-300x126.webp 300w, https:\/\/balticoverlanders.eu\/wp-content\/uploads\/2023\/04\/slider2-768x323.webp 768w, https:\/\/balticoverlanders.eu\/wp-content\/uploads\/2023\/04\/slider2-1536x647.webp 1536w, https:\/\/balticoverlanders.eu\/wp-content\/uploads\/2023\/04\/slider2-150x63.webp 150w, https:\/\/balticoverlanders.eu\/wp-content\/uploads\/2023\/04\/slider2-600x253.webp 600w, https:\/\/balticoverlanders.eu\/wp-content\/uploads\/2023\/04\/slider2.webp 1900w\" sizes=\"(max-width: 1024px) 100vw, 1024px\" \/>\t\t\t\t\t\t\t\t\t\t\t\t\t\t\t<\/div>\n\t\t\t\t<\/div>\n\t\t\r\n\t\t\r\n\t\t\t\t\t\t\t<\/div>\r\n\t\t\t\r\n\t\t<\/div>\r\n\t\t\t\t<div\t\t class=\" elementor-column elementor-col-50 elementor-inner-column elementor-element elementor-element-67bd267\" data-id=\"67bd267\" data-element_type=\"column\" data-e-type=\"column\">\r\n\t\t\t\r\n\t\t\t\r\n\t\t\t\r\n\t\t\t<div class=\"elementor-widget-wrap elementor-element-populated\">\r\n\t\t\t\t\t\t\t\t<div class=\" elementor-element elementor-element-f4fcfba elementor-widget elementor-widget-image\" data-id=\"f4fcfba\" data-element_type=\"widget\" data-e-type=\"widget\" data-widget_type=\"image.default\">\n\t\t\t\t<div class=\"elementor-widget-container\">\n\t\t\t\t\t\t\t\t\t\t\t\t\t\t\t<img decoding=\"async\" width=\"1024\" height=\"431\" src=\"https:\/\/balticoverlanders.eu\/wp-content\/uploads\/2023\/04\/slider1-2-1024x431.webp\" class=\"attachment-large size-large wp-image-19482\" alt=\"\" srcset=\"https:\/\/balticoverlanders.eu\/wp-content\/uploads\/2023\/04\/slider1-2-1024x431.webp 1024w, https:\/\/balticoverlanders.eu\/wp-content\/uploads\/2023\/04\/slider1-2-300x126.webp 300w, https:\/\/balticoverlanders.eu\/wp-content\/uploads\/2023\/04\/slider1-2-768x323.webp 768w, https:\/\/balticoverlanders.eu\/wp-content\/uploads\/2023\/04\/slider1-2-1536x647.webp 1536w, https:\/\/balticoverlanders.eu\/wp-content\/uploads\/2023\/04\/slider1-2-150x63.webp 150w, https:\/\/balticoverlanders.eu\/wp-content\/uploads\/2023\/04\/slider1-2-600x253.webp 600w, https:\/\/balticoverlanders.eu\/wp-content\/uploads\/2023\/04\/slider1-2.webp 1900w\" sizes=\"(max-width: 1024px) 100vw, 1024px\" \/>\t\t\t\t\t\t\t\t\t\t\t\t\t\t\t<\/div>\n\t\t\t\t<\/div>\n\t\t\r\n\t\t\r\n\t\t\t\t\t\t\t<\/div>\r\n\t\t\t\r\n\t\t<\/div>\r\n\t\t\t\t\t\t\t\t\t\t\t\t\t\t\t\t\t<\/div>\r\n\t\t\t\t\t\t<\/section>\r\n\t\t\t\t\r\n\t\t<section\t\t class=\" elementor-section elementor-inner-section elementor-element elementor-element-bef5310 elementor-section-boxed elementor-section-height-default elementor-section-height-default\" data-id=\"bef5310\" data-element_type=\"section\" data-e-type=\"section\">\r\n\t\t\r\n\t\t\t\t\t\t\t\t\t\t<div class=\"elementor-container elementor-column-gap-default\" >\r\n\r\n\t\t\t\t\r\n\t\t\t\t\t\t\t\t\t\t\t\t\t\t<div\t\t class=\" elementor-column elementor-col-50 elementor-inner-column elementor-element elementor-element-8d1f0e7\" data-id=\"8d1f0e7\" data-element_type=\"column\" data-e-type=\"column\">\r\n\t\t\t\r\n\t\t\t\r\n\t\t\t\r\n\t\t\t<div class=\"elementor-widget-wrap elementor-element-populated\">\r\n\t\t\t\t\t\t\t\t<div class=\" elementor-element elementor-element-604c06a elementor-widget elementor-widget-image\" data-id=\"604c06a\" data-element_type=\"widget\" data-e-type=\"widget\" data-widget_type=\"image.default\">\n\t\t\t\t<div class=\"elementor-widget-container\">\n\t\t\t\t\t\t\t\t\t\t\t\t\t\t\t<img loading=\"lazy\" decoding=\"async\" width=\"1024\" height=\"683\" src=\"https:\/\/balticoverlanders.eu\/wp-content\/uploads\/2023\/04\/5-1024x683.jpg\" class=\"attachment-large size-large wp-image-19158\" alt=\"\" srcset=\"https:\/\/balticoverlanders.eu\/wp-content\/uploads\/2023\/04\/5-1024x683.jpg 1024w, https:\/\/balticoverlanders.eu\/wp-content\/uploads\/2023\/04\/5-300x200.jpg 300w, https:\/\/balticoverlanders.eu\/wp-content\/uploads\/2023\/04\/5-768x512.jpg 768w, https:\/\/balticoverlanders.eu\/wp-content\/uploads\/2023\/04\/5-150x100.jpg 150w, https:\/\/balticoverlanders.eu\/wp-content\/uploads\/2023\/04\/5-600x400.jpg 600w, https:\/\/balticoverlanders.eu\/wp-content\/uploads\/2023\/04\/5.jpg 1200w\" sizes=\"(max-width: 1024px) 100vw, 1024px\" \/>\t\t\t\t\t\t\t\t\t\t\t\t\t\t\t<\/div>\n\t\t\t\t<\/div>\n\t\t\r\n\t\t\r\n\t\t\t\t\t\t\t<\/div>\r\n\t\t\t\r\n\t\t<\/div>\r\n\t\t\t\t<div\t\t class=\" elementor-column elementor-col-50 elementor-inner-column elementor-element elementor-element-2da0473\" data-id=\"2da0473\" data-element_type=\"column\" data-e-type=\"column\">\r\n\t\t\t\r\n\t\t\t\r\n\t\t\t\r\n\t\t\t<div class=\"elementor-widget-wrap elementor-element-populated\">\r\n\t\t\t\t\t\t\t\t<div class=\" elementor-element elementor-element-d6a4413 elementor-widget elementor-widget-image\" data-id=\"d6a4413\" data-element_type=\"widget\" data-e-type=\"widget\" data-widget_type=\"image.default\">\n\t\t\t\t<div class=\"elementor-widget-container\">\n\t\t\t\t\t\t\t\t\t\t\t\t\t\t\t<img loading=\"lazy\" decoding=\"async\" width=\"1024\" height=\"683\" src=\"https:\/\/balticoverlanders.eu\/wp-content\/uploads\/2023\/04\/17-1024x683.jpg\" class=\"attachment-large size-large wp-image-19153\" alt=\"\" srcset=\"https:\/\/balticoverlanders.eu\/wp-content\/uploads\/2023\/04\/17-1024x683.jpg 1024w, https:\/\/balticoverlanders.eu\/wp-content\/uploads\/2023\/04\/17-300x200.jpg 300w, https:\/\/balticoverlanders.eu\/wp-content\/uploads\/2023\/04\/17-768x512.jpg 768w, https:\/\/balticoverlanders.eu\/wp-content\/uploads\/2023\/04\/17-150x100.jpg 150w, https:\/\/balticoverlanders.eu\/wp-content\/uploads\/2023\/04\/17-600x400.jpg 600w, https:\/\/balticoverlanders.eu\/wp-content\/uploads\/2023\/04\/17.jpg 1200w\" sizes=\"(max-width: 1024px) 100vw, 1024px\" \/>\t\t\t\t\t\t\t\t\t\t\t\t\t\t\t<\/div>\n\t\t\t\t<\/div>\n\t\t\r\n\t\t\r\n\t\t\t\t\t\t\t<\/div>\r\n\t\t\t\r\n\t\t<\/div>\r\n\t\t\t\t\t\t\t\t\t\t\t\t\t\t\t\t\t<\/div>\r\n\t\t\t\t\t\t<\/section>\r\n\t\t\r\n\t\t\r\n\t\t\t\t\t\t\t<\/div>\r\n\t\t\t\r\n\t\t<\/div>\r\n\t\t\t\t\t\t\t\t\t\t\t\t\t\t\t\t\t<\/div>\r\n\t\t\t\t\t\t<\/section>\r\n\t\t\t\t<\/div>\n\t\t","protected":false},"excerpt":{"rendered":"<p>&#8222;Baltic Overlander&#8221; did\u017eiuojasi gal\u0117dama pasi\u016blyti Alu kabina produktus Baltijos \u0161alyse &#8211; Estijoje, Latvijoje ir Lietuvoje &#8211; keliautojams, ie\u0161kantiems patvari\u0173 ir auk\u0161tos kokyb\u0117s aliuminio gamini\u0173. &#8222;Alu-Cab Cape Town&#8221; (H\/O) duris atv\u0117r\u0117 2000 m. ir nuo to laiko \u012fmon\u0117 i\u0161augo nuo pirmojo aliumininio stoglangio iki pasaulinei rinkai skirtos gamyklos. \u0160iandien &#8222;Alu-Cab&#8221; si\u016blo \u012fvairius aliuminio gaminius, skirtus automobili\u0173, [&hellip;]<\/p>\n","protected":false},"author":1,"featured_media":0,"parent":0,"menu_order":0,"comment_status":"closed","ping_status":"closed","template":"","meta":{"footnotes":""},"class_list":["post-17627","page","type-page","status-publish","hentry"],"yoast_head":"<!-- This site is optimized with the Yoast SEO plugin v27.3 - https:\/\/yoast.com\/product\/yoast-seo-wordpress\/ -->\n<title>&quot;Alu-Cab&quot; - BALTIC OVERLANDERS<\/title>\n<meta name=\"robots\" content=\"index, follow, max-snippet:-1, max-image-preview:large, max-video-preview:-1\" \/>\n<link rel=\"canonical\" href=\"https:\/\/balticoverlanders.eu\/lt\/alu-cab\/\" \/>\n<meta property=\"og:locale\" content=\"lt_LT\" \/>\n<meta property=\"og:type\" content=\"article\" \/>\n<meta property=\"og:title\" content=\"&quot;Alu-Cab&quot; - BALTIC OVERLANDERS\" \/>\n<meta property=\"og:description\" content=\"&#8222;Baltic Overlander&#8221; did\u017eiuojasi gal\u0117dama pasi\u016blyti Alu kabina produktus Baltijos \u0161alyse &#8211; Estijoje, Latvijoje ir Lietuvoje &#8211; keliautojams, ie\u0161kantiems patvari\u0173 ir auk\u0161tos kokyb\u0117s aliuminio gamini\u0173. &#8222;Alu-Cab Cape Town&#8221; (H\/O) duris atv\u0117r\u0117 2000 m. ir nuo to laiko \u012fmon\u0117 i\u0161augo nuo pirmojo aliumininio stoglangio iki pasaulinei rinkai skirtos gamyklos. \u0160iandien &#8222;Alu-Cab&#8221; si\u016blo \u012fvairius aliuminio gaminius, skirtus automobili\u0173, [&hellip;]\" \/>\n<meta property=\"og:url\" content=\"https:\/\/balticoverlanders.eu\/lt\/alu-cab\/\" \/>\n<meta property=\"og:site_name\" content=\"BALTIC OVERLANDERS\" \/>\n<meta property=\"article:modified_time\" content=\"2023-04-15T20:42:50+00:00\" \/>\n<meta property=\"og:image\" content=\"https:\/\/balticoverlanders.eu\/wp-content\/uploads\/2023\/04\/Alu-Cab1500x688-TB.png\" \/>\n<meta name=\"twitter:card\" content=\"summary_large_image\" \/>\n<meta name=\"twitter:label1\" content=\"Est. reading time\" \/>\n\t<meta name=\"twitter:data1\" content=\"1 minut\u0117\" \/>\n<script type=\"application\/ld+json\" class=\"yoast-schema-graph\">{\"@context\":\"https:\\\/\\\/schema.org\",\"@graph\":[{\"@type\":\"WebPage\",\"@id\":\"https:\\\/\\\/balticoverlanders.eu\\\/lt\\\/alu-cab\\\/\",\"url\":\"https:\\\/\\\/balticoverlanders.eu\\\/lt\\\/alu-cab\\\/\",\"name\":\"\\\"Alu-Cab\\\" - BALTIC OVERLANDERS\",\"isPartOf\":{\"@id\":\"https:\\\/\\\/balticoverlanders.eu\\\/lt\\\/#website\"},\"primaryImageOfPage\":{\"@id\":\"https:\\\/\\\/balticoverlanders.eu\\\/lt\\\/alu-cab\\\/#primaryimage\"},\"image\":{\"@id\":\"https:\\\/\\\/balticoverlanders.eu\\\/lt\\\/alu-cab\\\/#primaryimage\"},\"thumbnailUrl\":\"https:\\\/\\\/balticoverlanders.eu\\\/wp-content\\\/uploads\\\/2023\\\/04\\\/Alu-Cab1500x688-TB.png\",\"datePublished\":\"2023-04-11T11:15:26+00:00\",\"dateModified\":\"2023-04-15T20:42:50+00:00\",\"breadcrumb\":{\"@id\":\"https:\\\/\\\/balticoverlanders.eu\\\/lt\\\/alu-cab\\\/#breadcrumb\"},\"inLanguage\":\"lt-LT\",\"potentialAction\":[{\"@type\":\"ReadAction\",\"target\":[\"https:\\\/\\\/balticoverlanders.eu\\\/lt\\\/alu-cab\\\/\"]}]},{\"@type\":\"ImageObject\",\"inLanguage\":\"lt-LT\",\"@id\":\"https:\\\/\\\/balticoverlanders.eu\\\/lt\\\/alu-cab\\\/#primaryimage\",\"url\":\"https:\\\/\\\/balticoverlanders.eu\\\/wp-content\\\/uploads\\\/2023\\\/04\\\/Alu-Cab1500x688-TB.png\",\"contentUrl\":\"https:\\\/\\\/balticoverlanders.eu\\\/wp-content\\\/uploads\\\/2023\\\/04\\\/Alu-Cab1500x688-TB.png\"},{\"@type\":\"BreadcrumbList\",\"@id\":\"https:\\\/\\\/balticoverlanders.eu\\\/lt\\\/alu-cab\\\/#breadcrumb\",\"itemListElement\":[{\"@type\":\"ListItem\",\"position\":1,\"name\":\"Home\",\"item\":\"https:\\\/\\\/balticoverlanders.eu\\\/lt\\\/home\\\/\"},{\"@type\":\"ListItem\",\"position\":2,\"name\":\"&#8222;Alu-Cab&#8221;\"}]},{\"@type\":\"WebSite\",\"@id\":\"https:\\\/\\\/balticoverlanders.eu\\\/lt\\\/#website\",\"url\":\"https:\\\/\\\/balticoverlanders.eu\\\/lt\\\/\",\"name\":\"BALTIC OVERLANDERS\",\"description\":\"Your one-stop shop in Latvia, Estonia, and Lithuania for all your car camping, rooftop tent and accessory needs.\",\"publisher\":{\"@id\":\"https:\\\/\\\/balticoverlanders.eu\\\/lt\\\/#organization\"},\"potentialAction\":[{\"@type\":\"SearchAction\",\"target\":{\"@type\":\"EntryPoint\",\"urlTemplate\":\"https:\\\/\\\/balticoverlanders.eu\\\/lt\\\/?s={search_term_string}\"},\"query-input\":{\"@type\":\"PropertyValueSpecification\",\"valueRequired\":true,\"valueName\":\"search_term_string\"}}],\"inLanguage\":\"lt-LT\"},{\"@type\":\"Organization\",\"@id\":\"https:\\\/\\\/balticoverlanders.eu\\\/lt\\\/#organization\",\"name\":\"BALTIC OVERLANDERS\",\"url\":\"https:\\\/\\\/balticoverlanders.eu\\\/lt\\\/\",\"logo\":{\"@type\":\"ImageObject\",\"inLanguage\":\"lt-LT\",\"@id\":\"https:\\\/\\\/balticoverlanders.eu\\\/lt\\\/#\\\/schema\\\/logo\\\/image\\\/\",\"url\":\"https:\\\/\\\/balticoverlanders.eu\\\/wp-content\\\/uploads\\\/2023\\\/04\\\/BALTIC-OVERLANDERS-LOGO.jpg\",\"contentUrl\":\"https:\\\/\\\/balticoverlanders.eu\\\/wp-content\\\/uploads\\\/2023\\\/04\\\/BALTIC-OVERLANDERS-LOGO.jpg\",\"width\":1497,\"height\":310,\"caption\":\"BALTIC OVERLANDERS\"},\"image\":{\"@id\":\"https:\\\/\\\/balticoverlanders.eu\\\/lt\\\/#\\\/schema\\\/logo\\\/image\\\/\"},\"sameAs\":[\"https:\\\/\\\/www.instagram.com\\\/balticoverlanders\\\/\"]}]}<\/script>\n<!-- \/ Yoast SEO plugin. -->","yoast_head_json":{"title":"\"Alu-Cab\" - BALTIC OVERLANDERS","robots":{"index":"index","follow":"follow","max-snippet":"max-snippet:-1","max-image-preview":"max-image-preview:large","max-video-preview":"max-video-preview:-1"},"canonical":"https:\/\/balticoverlanders.eu\/lt\/alu-cab\/","og_locale":"lt_LT","og_type":"article","og_title":"\"Alu-Cab\" - BALTIC OVERLANDERS","og_description":"&#8222;Baltic Overlander&#8221; did\u017eiuojasi gal\u0117dama pasi\u016blyti Alu kabina produktus Baltijos \u0161alyse &#8211; Estijoje, Latvijoje ir Lietuvoje &#8211; keliautojams, ie\u0161kantiems patvari\u0173 ir auk\u0161tos kokyb\u0117s aliuminio gamini\u0173. &#8222;Alu-Cab Cape Town&#8221; (H\/O) duris atv\u0117r\u0117 2000 m. ir nuo to laiko \u012fmon\u0117 i\u0161augo nuo pirmojo aliumininio stoglangio iki pasaulinei rinkai skirtos gamyklos. \u0160iandien &#8222;Alu-Cab&#8221; si\u016blo \u012fvairius aliuminio gaminius, skirtus automobili\u0173, [&hellip;]","og_url":"https:\/\/balticoverlanders.eu\/lt\/alu-cab\/","og_site_name":"BALTIC OVERLANDERS","article_modified_time":"2023-04-15T20:42:50+00:00","og_image":[{"url":"https:\/\/balticoverlanders.eu\/wp-content\/uploads\/2023\/04\/Alu-Cab1500x688-TB.png","type":"","width":"","height":""}],"twitter_card":"summary_large_image","twitter_misc":{"Est. reading time":"1 minut\u0117"},"schema":{"@context":"https:\/\/schema.org","@graph":[{"@type":"WebPage","@id":"https:\/\/balticoverlanders.eu\/lt\/alu-cab\/","url":"https:\/\/balticoverlanders.eu\/lt\/alu-cab\/","name":"\"Alu-Cab\" - BALTIC OVERLANDERS","isPartOf":{"@id":"https:\/\/balticoverlanders.eu\/lt\/#website"},"primaryImageOfPage":{"@id":"https:\/\/balticoverlanders.eu\/lt\/alu-cab\/#primaryimage"},"image":{"@id":"https:\/\/balticoverlanders.eu\/lt\/alu-cab\/#primaryimage"},"thumbnailUrl":"https:\/\/balticoverlanders.eu\/wp-content\/uploads\/2023\/04\/Alu-Cab1500x688-TB.png","datePublished":"2023-04-11T11:15:26+00:00","dateModified":"2023-04-15T20:42:50+00:00","breadcrumb":{"@id":"https:\/\/balticoverlanders.eu\/lt\/alu-cab\/#breadcrumb"},"inLanguage":"lt-LT","potentialAction":[{"@type":"ReadAction","target":["https:\/\/balticoverlanders.eu\/lt\/alu-cab\/"]}]},{"@type":"ImageObject","inLanguage":"lt-LT","@id":"https:\/\/balticoverlanders.eu\/lt\/alu-cab\/#primaryimage","url":"https:\/\/balticoverlanders.eu\/wp-content\/uploads\/2023\/04\/Alu-Cab1500x688-TB.png","contentUrl":"https:\/\/balticoverlanders.eu\/wp-content\/uploads\/2023\/04\/Alu-Cab1500x688-TB.png"},{"@type":"BreadcrumbList","@id":"https:\/\/balticoverlanders.eu\/lt\/alu-cab\/#breadcrumb","itemListElement":[{"@type":"ListItem","position":1,"name":"Home","item":"https:\/\/balticoverlanders.eu\/lt\/home\/"},{"@type":"ListItem","position":2,"name":"&#8222;Alu-Cab&#8221;"}]},{"@type":"WebSite","@id":"https:\/\/balticoverlanders.eu\/lt\/#website","url":"https:\/\/balticoverlanders.eu\/lt\/","name":"BALTIC OVERLANDERS","description":"Your one-stop shop in Latvia, Estonia, and Lithuania for all your car camping, rooftop tent and accessory needs.","publisher":{"@id":"https:\/\/balticoverlanders.eu\/lt\/#organization"},"potentialAction":[{"@type":"SearchAction","target":{"@type":"EntryPoint","urlTemplate":"https:\/\/balticoverlanders.eu\/lt\/?s={search_term_string}"},"query-input":{"@type":"PropertyValueSpecification","valueRequired":true,"valueName":"search_term_string"}}],"inLanguage":"lt-LT"},{"@type":"Organization","@id":"https:\/\/balticoverlanders.eu\/lt\/#organization","name":"BALTIC OVERLANDERS","url":"https:\/\/balticoverlanders.eu\/lt\/","logo":{"@type":"ImageObject","inLanguage":"lt-LT","@id":"https:\/\/balticoverlanders.eu\/lt\/#\/schema\/logo\/image\/","url":"https:\/\/balticoverlanders.eu\/wp-content\/uploads\/2023\/04\/BALTIC-OVERLANDERS-LOGO.jpg","contentUrl":"https:\/\/balticoverlanders.eu\/wp-content\/uploads\/2023\/04\/BALTIC-OVERLANDERS-LOGO.jpg","width":1497,"height":310,"caption":"BALTIC OVERLANDERS"},"image":{"@id":"https:\/\/balticoverlanders.eu\/lt\/#\/schema\/logo\/image\/"},"sameAs":["https:\/\/www.instagram.com\/balticoverlanders\/"]}]}},"_links":{"self":[{"href":"https:\/\/balticoverlanders.eu\/lt\/wp-json\/wp\/v2\/pages\/17627","targetHints":{"allow":["GET"]}}],"collection":[{"href":"https:\/\/balticoverlanders.eu\/lt\/wp-json\/wp\/v2\/pages"}],"about":[{"href":"https:\/\/balticoverlanders.eu\/lt\/wp-json\/wp\/v2\/types\/page"}],"author":[{"embeddable":true,"href":"https:\/\/balticoverlanders.eu\/lt\/wp-json\/wp\/v2\/users\/1"}],"replies":[{"embeddable":true,"href":"https:\/\/balticoverlanders.eu\/lt\/wp-json\/wp\/v2\/comments?post=17627"}],"version-history":[{"count":2,"href":"https:\/\/balticoverlanders.eu\/lt\/wp-json\/wp\/v2\/pages\/17627\/revisions"}],"predecessor-version":[{"id":20765,"href":"https:\/\/balticoverlanders.eu\/lt\/wp-json\/wp\/v2\/pages\/17627\/revisions\/20765"}],"wp:attachment":[{"href":"https:\/\/balticoverlanders.eu\/lt\/wp-json\/wp\/v2\/media?parent=17627"}],"curies":[{"name":"wp","href":"https:\/\/api.w.org\/{rel}","templated":true}]}}