{"id":26043,"date":"2023-05-17T16:38:01","date_gmt":"2023-05-17T13:38:01","guid":{"rendered":"https:\/\/balticoverlanders.eu\/hire-purchase\/"},"modified":"2024-05-06T22:43:11","modified_gmt":"2024-05-06T19:43:11","slug":"lizingas","status":"publish","type":"page","link":"https:\/\/balticoverlanders.eu\/lt\/lizingas\/","title":{"rendered":"Hire purchase"},"content":{"rendered":"\t\t<div data-elementor-type=\"wp-page\" data-elementor-id=\"26043\" class=\"elementor elementor-26043 elementor-26022\">\n\t\t\t\t\t\t\r\n\t\t<section\t\t class=\" elementor-section elementor-top-section elementor-element elementor-element-28841b3 elementor-section-boxed elementor-section-height-default elementor-section-height-default\" data-id=\"28841b3\" data-element_type=\"section\" data-e-type=\"section\">\r\n\t\t\r\n\t\t\t\t\t\t\t\t\t\t<div class=\"elementor-container elementor-column-gap-default\" >\r\n\r\n\t\t\t\t\r\n\t\t\t\t\t\t\t\t\t\t\t\t\t\t<div\t\t class=\" elementor-column elementor-col-100 elementor-top-column elementor-element elementor-element-e102bdd\" data-id=\"e102bdd\" data-element_type=\"column\" data-e-type=\"column\">\r\n\t\t\t\r\n\t\t\t\r\n\t\t\t\r\n\t\t\t<div class=\"elementor-widget-wrap elementor-element-populated\">\r\n\t\t\t\t\t\t\t\t\r\n\t\t<section\t\t class=\" elementor-section elementor-inner-section elementor-element elementor-element-c11b98a elementor-section-boxed elementor-section-height-default elementor-section-height-default\" data-id=\"c11b98a\" data-element_type=\"section\" data-e-type=\"section\">\r\n\t\t\r\n\t\t\t\t\t\t\t\t\t\t<div class=\"elementor-container elementor-column-gap-default\" >\r\n\r\n\t\t\t\t\r\n\t\t\t\t\t\t\t\t\t\t\t\t\t\t<div\t\t class=\" elementor-column elementor-col-50 elementor-inner-column elementor-element elementor-element-c3cf41d\" data-id=\"c3cf41d\" data-element_type=\"column\" data-e-type=\"column\">\r\n\t\t\t\r\n\t\t\t\r\n\t\t\t\r\n\t\t\t<div class=\"elementor-widget-wrap elementor-element-populated\">\r\n\t\t\t\t\t\t\t\t<div class=\" elementor-element elementor-element-75a5b15 elementor-widget elementor-widget-image\" data-id=\"75a5b15\" data-element_type=\"widget\" data-e-type=\"widget\" data-widget_type=\"image.default\">\n\t\t\t\t<div class=\"elementor-widget-container\">\n\t\t\t\t\t\t\t\t\t\t\t\t\t\t\t<img fetchpriority=\"high\" decoding=\"async\" width=\"1024\" height=\"576\" src=\"https:\/\/balticoverlanders.eu\/wp-content\/uploads\/2023\/07\/NJraUeYS-1024x576.jpeg\" class=\"attachment-large size-large wp-image-29385\" alt=\"InBank x Baltic Overlanders (English)\" srcset=\"https:\/\/balticoverlanders.eu\/wp-content\/uploads\/2023\/07\/NJraUeYS-1024x576.jpeg 1024w, https:\/\/balticoverlanders.eu\/wp-content\/uploads\/2023\/07\/NJraUeYS-300x169.jpeg 300w, https:\/\/balticoverlanders.eu\/wp-content\/uploads\/2023\/07\/NJraUeYS-768x432.jpeg 768w, https:\/\/balticoverlanders.eu\/wp-content\/uploads\/2023\/07\/NJraUeYS-1536x864.jpeg 1536w, https:\/\/balticoverlanders.eu\/wp-content\/uploads\/2023\/07\/NJraUeYS-2048x1152.jpeg 2048w, https:\/\/balticoverlanders.eu\/wp-content\/uploads\/2023\/07\/NJraUeYS-150x84.jpeg 150w, https:\/\/balticoverlanders.eu\/wp-content\/uploads\/2023\/07\/NJraUeYS-600x338.jpeg 600w\" sizes=\"(max-width: 1024px) 100vw, 1024px\" \/>\t\t\t\t\t\t\t\t\t\t\t\t\t\t\t<\/div>\n\t\t\t\t<\/div>\n\t\t\r\n\t\t\r\n\t\t\t\t\t\t\t<\/div>\r\n\t\t\t\r\n\t\t<\/div>\r\n\t\t\t\t<div\t\t class=\" elementor-column elementor-col-50 elementor-inner-column elementor-element elementor-element-9d73670\" data-id=\"9d73670\" data-element_type=\"column\" data-e-type=\"column\">\r\n\t\t\t\r\n\t\t\t\r\n\t\t\t\r\n\t\t\t<div class=\"elementor-widget-wrap elementor-element-populated\">\r\n\t\t\t\t\t\t\t\t<div class=\" elementor-element elementor-element-e7ca170 elementor-widget elementor-widget-text-editor\" data-id=\"e7ca170\" data-element_type=\"widget\" data-e-type=\"widget\" data-widget_type=\"text-editor.default\">\n\t\t\t\t<div class=\"elementor-widget-container\">\n\t\t\t\t\t\t\t\t\t<p><a href=\"https:\/\/www.inbank.lv\/en\">Pirkimas i\u0161simok\u0117tinai banke<\/a> leid\u017eia dideles vienkartines i\u0161laidas paversti ma\u017eesn\u0117mis m\u0117nesin\u0117mis i\u0161laidomis ir u\u017e produktus bei paslaugas mok\u0117ti dalimis. Skirkite daugiau laiko mok\u0117jimui ir paskirstykite i\u0161laidas iki 2 met\u0173. Pirmasis mok\u0117jimas po m\u0117nesio.<\/p>\n<h5>Banko pirkimo i\u0161simok\u0117tinai privalumai:<\/h5>\n<p>&#8211; Lankstus sprendimas didel\u0117ms i\u0161laidoms<br \/>&#8211; J\u016bs pasirenkate \u012fmokos dyd\u012f<br \/>&#8211; J\u016bs pasirenkate \u012fmok\u0173 mok\u0117jimo laikotarp\u012f<br \/>&#8211; J\u016bs pasirenkate mok\u0117jimo dat\u0105<br \/>&#8211; Atsakymas \u012f parai\u0161k\u0105 per minut\u0119<\/p>\n<h5>Finansavimo s\u0105lygos:<\/h5>\n<p>&#8211; Finansavimo suma: 100 &#8211; 10 000 \u20ac<br \/>&#8211; Laikotarpis: 3 &#8211; 24 m\u0117n.<br \/>&#8211; Pal\u016bkan\u0173 norma: 0%<br \/>&#8211; Pradinis \u012fna\u0161as: 0 \u20ac<br \/>&#8211; Sutarties valdymo mokestis: 0 \u20ac<br \/>&#8211; Sutarties mokestis: 0 \u20ac<\/p>\n\t\t\t\t\t\t\t\t<\/div>\n\t\t\t\t<\/div>\n\t\t\r\n\t\t\r\n\t\t\t\t\t\t\t<\/div>\r\n\t\t\t\r\n\t\t<\/div>\r\n\t\t\t\t\t\t\t\t\t\t\t\t\t\t\t\t\t<\/div>\r\n\t\t\t\t\t\t<\/section>\r\n\t\t\r\n\t\t\r\n\t\t\t\t\t\t\t<\/div>\r\n\t\t\t\r\n\t\t<\/div>\r\n\t\t\t\t\t\t\t\t\t\t\t\t\t\t\t\t\t<\/div>\r\n\t\t\t\t\t\t<\/section>\r\n\t\t\t\t\r\n\t\t<section\t\t class=\" elementor-section elementor-top-section elementor-element elementor-element-3b1a420 elementor-section-boxed elementor-section-height-default elementor-section-height-default\" data-id=\"3b1a420\" data-element_type=\"section\" data-e-type=\"section\">\r\n\t\t\r\n\t\t\t\t\t\t\t\t\t\t<div class=\"elementor-container elementor-column-gap-default\" >\r\n\r\n\t\t\t\t\r\n\t\t\t\t\t\t\t\t\t\t\t\t\t\t<div\t\t class=\" elementor-column elementor-col-100 elementor-top-column elementor-element elementor-element-a2f5172\" data-id=\"a2f5172\" data-element_type=\"column\" data-e-type=\"column\">\r\n\t\t\t\r\n\t\t\t\r\n\t\t\t\r\n\t\t\t<div class=\"elementor-widget-wrap elementor-element-populated\">\r\n\t\t\t\t\t\t\t\t<div class=\" elementor-element elementor-element-4af19dc elementor-widget elementor-widget-html\" data-id=\"4af19dc\" data-element_type=\"widget\" data-e-type=\"widget\" data-widget_type=\"html.default\">\n\t\t\t\t<div class=\"elementor-widget-container\">\n\t\t\t\t\t<iframe frameborder=\"0\" scrolling=\"no\" height=\"230\" width=\"1200\" src=\"https:\/\/calculator.inbank.ee\/calculator\/indivy\/plan?amount=3700&amp;shop_uuid=0a21aa40-ce62-443d-b1e3-8150ec2c6b35&amp;product_code=hp_epos_0_interest_balticoverlanders&amp;currency=eur&amp;lang=en&amp;template=editable_amount&amp;mode=white&amp;logo=true&amp;show_sample=false&amp;start_session=true&amp;secondary_color=black\"><\/iframe>\t\t\t\t<\/div>\n\t\t\t\t<\/div>\n\t\t\r\n\t\t\r\n\t\t\t\t\t\t\t<\/div>\r\n\t\t\t\r\n\t\t<\/div>\r\n\t\t\t\t\t\t\t\t\t\t\t\t\t\t\t\t\t<\/div>\r\n\t\t\t\t\t\t<\/section>\r\n\t\t\t\t\r\n\t\t<section\t\t class=\" elementor-section elementor-top-section elementor-element elementor-element-725bd7c elementor-section-boxed elementor-section-height-default elementor-section-height-default\" data-id=\"725bd7c\" data-element_type=\"section\" data-e-type=\"section\">\r\n\t\t\r\n\t\t\t\t\t\t\t\t\t\t<div class=\"elementor-container elementor-column-gap-default\" >\r\n\r\n\t\t\t\t\r\n\t\t\t\t\t\t\t\t\t\t\t\t\t\t<div\t\t class=\" elementor-column elementor-col-100 elementor-top-column elementor-element elementor-element-7a050f7\" data-id=\"7a050f7\" data-element_type=\"column\" data-e-type=\"column\">\r\n\t\t\t\r\n\t\t\t\r\n\t\t\t\r\n\t\t\t<div class=\"elementor-widget-wrap elementor-element-populated\">\r\n\t\t\t\t\t\t\t\t<div class=\" elementor-element elementor-element-89748c1 elementor-widget elementor-widget-text-editor\" data-id=\"89748c1\" data-element_type=\"widget\" data-e-type=\"widget\" data-widget_type=\"text-editor.default\">\n\t\t\t\t<div class=\"elementor-widget-container\">\n\t\t\t\t\t\t\t\t\t<p>&#8222;Inbank&#8221; pirkimo i\u0161simok\u0117tinai pal\u016bkan\u0173 norma yra 0 % per metus, esant \u0161ioms pavyzdin\u0117ms s\u0105lygoms: sutarties objekto kaina, kai mokama i\u0161 karto (grynoji kaina), 3000 eur\u0173, paskolos suma 3000 eur\u0173, pradinis \u012fna\u0161as 0 eur\u0173, sutarties laikotarpis 24 m\u0117nesiai, metin\u0117 fiksuota pal\u016bkan\u0173 norma 0 % nuo pirkimo sumos, sutarties mokestis 0 eur\u0173, m\u0117nesinis valdymo mokestis 0 eur\u0173. M\u0117nesinis mokestis i\u0161 viso 125 eurai. Visa gr\u0105\u017eintina paskolos suma yra 3000 eur\u0173. Finansines paslaugas teikia <a href=\"https:\/\/www.inbank.lv\/en\">AS Inbank Finance<\/a>. Prie\u0161 sudarydami sutart\u012f perskaitykite finansin\u0117s paslaugos s\u0105lygas ir, jei reikia, pasikonsultuokite su specialistu.<\/p>\n<p>Jei turite klausim\u0173 arba norite gauti daugiau informacijos apie &#8222;InBank&#8221; produktus, kreipkit\u0117s.<\/p>\n<p>+37166939000<br \/>info@inbank.lv<\/p>\n\t\t\t\t\t\t\t\t<\/div>\n\t\t\t\t<\/div>\n\t\t\r\n\t\t\r\n\t\t\t\t\t\t\t<\/div>\r\n\t\t\t\r\n\t\t<\/div>\r\n\t\t\t\t\t\t\t\t\t\t\t\t\t\t\t\t\t<\/div>\r\n\t\t\t\t\t\t<\/section>\r\n\t\t\t\t<\/div>\n\t\t","protected":false},"excerpt":{"rendered":"<p>Pirkimas i\u0161simok\u0117tinai banke leid\u017eia dideles vienkartines i\u0161laidas paversti ma\u017eesn\u0117mis m\u0117nesin\u0117mis i\u0161laidomis ir u\u017e produktus bei paslaugas mok\u0117ti dalimis. Skirkite daugiau laiko mok\u0117jimui ir paskirstykite i\u0161laidas iki 2 met\u0173. Pirmasis mok\u0117jimas po m\u0117nesio. Banko pirkimo i\u0161simok\u0117tinai privalumai: &#8211; Lankstus sprendimas didel\u0117ms i\u0161laidoms&#8211; J\u016bs pasirenkate \u012fmokos dyd\u012f&#8211; J\u016bs pasirenkate \u012fmok\u0173 mok\u0117jimo laikotarp\u012f&#8211; J\u016bs pasirenkate mok\u0117jimo dat\u0105&#8211; Atsakymas [&hellip;]<\/p>\n","protected":false},"author":1,"featured_media":0,"parent":0,"menu_order":0,"comment_status":"closed","ping_status":"closed","template":"","meta":{"footnotes":""},"class_list":["post-26043","page","type-page","status-publish","hentry"],"yoast_head":"<!-- This site is optimized with the Yoast SEO plugin v27.3 - https:\/\/yoast.com\/product\/yoast-seo-wordpress\/ -->\n<title>Hire Purchase | Affordable Car Rooftop Tents | James Baroud<\/title>\n<meta name=\"description\" content=\"Affordable car rooftop tents for hire purchase. Experience adventure camping with James Baroud. Perfect for car camping and overlanding.\" \/>\n<meta name=\"robots\" content=\"index, follow, max-snippet:-1, max-image-preview:large, max-video-preview:-1\" \/>\n<link rel=\"canonical\" href=\"https:\/\/balticoverlanders.eu\/lt\/lizingas\/\" \/>\n<meta property=\"og:locale\" content=\"lt_LT\" \/>\n<meta property=\"og:type\" content=\"article\" \/>\n<meta property=\"og:title\" content=\"Hire Purchase | Affordable Car Rooftop Tents | James Baroud\" \/>\n<meta property=\"og:description\" content=\"Affordable car rooftop tents for hire purchase. Experience adventure camping with James Baroud. Perfect for car camping and overlanding.\" \/>\n<meta property=\"og:url\" content=\"https:\/\/balticoverlanders.eu\/lt\/lizingas\/\" \/>\n<meta property=\"og:site_name\" content=\"BALTIC OVERLANDERS\" \/>\n<meta property=\"article:modified_time\" content=\"2024-05-06T19:43:11+00:00\" \/>\n<meta property=\"og:image\" content=\"https:\/\/balticoverlanders.eu\/wp-content\/uploads\/2023\/07\/NJraUeYS-1024x576.jpeg\" \/>\n<meta name=\"twitter:card\" content=\"summary_large_image\" \/>\n<meta name=\"twitter:label1\" content=\"Est. reading time\" \/>\n\t<meta name=\"twitter:data1\" content=\"1 minut\u0117\" \/>\n<script type=\"application\/ld+json\" class=\"yoast-schema-graph\">{\"@context\":\"https:\\\/\\\/schema.org\",\"@graph\":[{\"@type\":\"WebPage\",\"@id\":\"https:\\\/\\\/balticoverlanders.eu\\\/lt\\\/lizingas\\\/\",\"url\":\"https:\\\/\\\/balticoverlanders.eu\\\/lt\\\/lizingas\\\/\",\"name\":\"Hire Purchase | Affordable Car Rooftop Tents | James Baroud\",\"isPartOf\":{\"@id\":\"https:\\\/\\\/balticoverlanders.eu\\\/lt\\\/#website\"},\"primaryImageOfPage\":{\"@id\":\"https:\\\/\\\/balticoverlanders.eu\\\/lt\\\/lizingas\\\/#primaryimage\"},\"image\":{\"@id\":\"https:\\\/\\\/balticoverlanders.eu\\\/lt\\\/lizingas\\\/#primaryimage\"},\"thumbnailUrl\":\"https:\\\/\\\/balticoverlanders.eu\\\/wp-content\\\/uploads\\\/2023\\\/07\\\/NJraUeYS-1024x576.jpeg\",\"datePublished\":\"2023-05-17T13:38:01+00:00\",\"dateModified\":\"2024-05-06T19:43:11+00:00\",\"description\":\"Affordable car rooftop tents for hire purchase. Experience adventure camping with James Baroud. Perfect for car camping and overlanding.\",\"breadcrumb\":{\"@id\":\"https:\\\/\\\/balticoverlanders.eu\\\/lt\\\/lizingas\\\/#breadcrumb\"},\"inLanguage\":\"lt-LT\",\"potentialAction\":[{\"@type\":\"ReadAction\",\"target\":[\"https:\\\/\\\/balticoverlanders.eu\\\/lt\\\/lizingas\\\/\"]}]},{\"@type\":\"ImageObject\",\"inLanguage\":\"lt-LT\",\"@id\":\"https:\\\/\\\/balticoverlanders.eu\\\/lt\\\/lizingas\\\/#primaryimage\",\"url\":\"https:\\\/\\\/balticoverlanders.eu\\\/wp-content\\\/uploads\\\/2023\\\/07\\\/NJraUeYS-1024x576.jpeg\",\"contentUrl\":\"https:\\\/\\\/balticoverlanders.eu\\\/wp-content\\\/uploads\\\/2023\\\/07\\\/NJraUeYS-1024x576.jpeg\"},{\"@type\":\"BreadcrumbList\",\"@id\":\"https:\\\/\\\/balticoverlanders.eu\\\/lt\\\/lizingas\\\/#breadcrumb\",\"itemListElement\":[{\"@type\":\"ListItem\",\"position\":1,\"name\":\"Home\",\"item\":\"https:\\\/\\\/balticoverlanders.eu\\\/lt\\\/home\\\/\"},{\"@type\":\"ListItem\",\"position\":2,\"name\":\"Hire purchase\"}]},{\"@type\":\"WebSite\",\"@id\":\"https:\\\/\\\/balticoverlanders.eu\\\/lt\\\/#website\",\"url\":\"https:\\\/\\\/balticoverlanders.eu\\\/lt\\\/\",\"name\":\"BALTIC OVERLANDERS\",\"description\":\"Your one-stop shop in Latvia, Estonia, and Lithuania for all your car camping, rooftop tent and accessory needs.\",\"publisher\":{\"@id\":\"https:\\\/\\\/balticoverlanders.eu\\\/lt\\\/#organization\"},\"potentialAction\":[{\"@type\":\"SearchAction\",\"target\":{\"@type\":\"EntryPoint\",\"urlTemplate\":\"https:\\\/\\\/balticoverlanders.eu\\\/lt\\\/?s={search_term_string}\"},\"query-input\":{\"@type\":\"PropertyValueSpecification\",\"valueRequired\":true,\"valueName\":\"search_term_string\"}}],\"inLanguage\":\"lt-LT\"},{\"@type\":\"Organization\",\"@id\":\"https:\\\/\\\/balticoverlanders.eu\\\/lt\\\/#organization\",\"name\":\"BALTIC OVERLANDERS\",\"url\":\"https:\\\/\\\/balticoverlanders.eu\\\/lt\\\/\",\"logo\":{\"@type\":\"ImageObject\",\"inLanguage\":\"lt-LT\",\"@id\":\"https:\\\/\\\/balticoverlanders.eu\\\/lt\\\/#\\\/schema\\\/logo\\\/image\\\/\",\"url\":\"https:\\\/\\\/balticoverlanders.eu\\\/wp-content\\\/uploads\\\/2023\\\/04\\\/BALTIC-OVERLANDERS-LOGO.jpg\",\"contentUrl\":\"https:\\\/\\\/balticoverlanders.eu\\\/wp-content\\\/uploads\\\/2023\\\/04\\\/BALTIC-OVERLANDERS-LOGO.jpg\",\"width\":1497,\"height\":310,\"caption\":\"BALTIC OVERLANDERS\"},\"image\":{\"@id\":\"https:\\\/\\\/balticoverlanders.eu\\\/lt\\\/#\\\/schema\\\/logo\\\/image\\\/\"},\"sameAs\":[\"https:\\\/\\\/www.instagram.com\\\/balticoverlanders\\\/\"]}]}<\/script>\n<!-- \/ Yoast SEO plugin. -->","yoast_head_json":{"title":"Hire Purchase | Affordable Car Rooftop Tents | James Baroud","description":"Affordable car rooftop tents for hire purchase. Experience adventure camping with James Baroud. Perfect for car camping and overlanding.","robots":{"index":"index","follow":"follow","max-snippet":"max-snippet:-1","max-image-preview":"max-image-preview:large","max-video-preview":"max-video-preview:-1"},"canonical":"https:\/\/balticoverlanders.eu\/lt\/lizingas\/","og_locale":"lt_LT","og_type":"article","og_title":"Hire Purchase | Affordable Car Rooftop Tents | James Baroud","og_description":"Affordable car rooftop tents for hire purchase. Experience adventure camping with James Baroud. Perfect for car camping and overlanding.","og_url":"https:\/\/balticoverlanders.eu\/lt\/lizingas\/","og_site_name":"BALTIC OVERLANDERS","article_modified_time":"2024-05-06T19:43:11+00:00","og_image":[{"url":"https:\/\/balticoverlanders.eu\/wp-content\/uploads\/2023\/07\/NJraUeYS-1024x576.jpeg","type":"","width":"","height":""}],"twitter_card":"summary_large_image","twitter_misc":{"Est. reading time":"1 minut\u0117"},"schema":{"@context":"https:\/\/schema.org","@graph":[{"@type":"WebPage","@id":"https:\/\/balticoverlanders.eu\/lt\/lizingas\/","url":"https:\/\/balticoverlanders.eu\/lt\/lizingas\/","name":"Hire Purchase | Affordable Car Rooftop Tents | James Baroud","isPartOf":{"@id":"https:\/\/balticoverlanders.eu\/lt\/#website"},"primaryImageOfPage":{"@id":"https:\/\/balticoverlanders.eu\/lt\/lizingas\/#primaryimage"},"image":{"@id":"https:\/\/balticoverlanders.eu\/lt\/lizingas\/#primaryimage"},"thumbnailUrl":"https:\/\/balticoverlanders.eu\/wp-content\/uploads\/2023\/07\/NJraUeYS-1024x576.jpeg","datePublished":"2023-05-17T13:38:01+00:00","dateModified":"2024-05-06T19:43:11+00:00","description":"Affordable car rooftop tents for hire purchase. Experience adventure camping with James Baroud. Perfect for car camping and overlanding.","breadcrumb":{"@id":"https:\/\/balticoverlanders.eu\/lt\/lizingas\/#breadcrumb"},"inLanguage":"lt-LT","potentialAction":[{"@type":"ReadAction","target":["https:\/\/balticoverlanders.eu\/lt\/lizingas\/"]}]},{"@type":"ImageObject","inLanguage":"lt-LT","@id":"https:\/\/balticoverlanders.eu\/lt\/lizingas\/#primaryimage","url":"https:\/\/balticoverlanders.eu\/wp-content\/uploads\/2023\/07\/NJraUeYS-1024x576.jpeg","contentUrl":"https:\/\/balticoverlanders.eu\/wp-content\/uploads\/2023\/07\/NJraUeYS-1024x576.jpeg"},{"@type":"BreadcrumbList","@id":"https:\/\/balticoverlanders.eu\/lt\/lizingas\/#breadcrumb","itemListElement":[{"@type":"ListItem","position":1,"name":"Home","item":"https:\/\/balticoverlanders.eu\/lt\/home\/"},{"@type":"ListItem","position":2,"name":"Hire purchase"}]},{"@type":"WebSite","@id":"https:\/\/balticoverlanders.eu\/lt\/#website","url":"https:\/\/balticoverlanders.eu\/lt\/","name":"BALTIC OVERLANDERS","description":"Your one-stop shop in Latvia, Estonia, and Lithuania for all your car camping, rooftop tent and accessory needs.","publisher":{"@id":"https:\/\/balticoverlanders.eu\/lt\/#organization"},"potentialAction":[{"@type":"SearchAction","target":{"@type":"EntryPoint","urlTemplate":"https:\/\/balticoverlanders.eu\/lt\/?s={search_term_string}"},"query-input":{"@type":"PropertyValueSpecification","valueRequired":true,"valueName":"search_term_string"}}],"inLanguage":"lt-LT"},{"@type":"Organization","@id":"https:\/\/balticoverlanders.eu\/lt\/#organization","name":"BALTIC OVERLANDERS","url":"https:\/\/balticoverlanders.eu\/lt\/","logo":{"@type":"ImageObject","inLanguage":"lt-LT","@id":"https:\/\/balticoverlanders.eu\/lt\/#\/schema\/logo\/image\/","url":"https:\/\/balticoverlanders.eu\/wp-content\/uploads\/2023\/04\/BALTIC-OVERLANDERS-LOGO.jpg","contentUrl":"https:\/\/balticoverlanders.eu\/wp-content\/uploads\/2023\/04\/BALTIC-OVERLANDERS-LOGO.jpg","width":1497,"height":310,"caption":"BALTIC OVERLANDERS"},"image":{"@id":"https:\/\/balticoverlanders.eu\/lt\/#\/schema\/logo\/image\/"},"sameAs":["https:\/\/www.instagram.com\/balticoverlanders\/"]}]}},"_links":{"self":[{"href":"https:\/\/balticoverlanders.eu\/lt\/wp-json\/wp\/v2\/pages\/26043","targetHints":{"allow":["GET"]}}],"collection":[{"href":"https:\/\/balticoverlanders.eu\/lt\/wp-json\/wp\/v2\/pages"}],"about":[{"href":"https:\/\/balticoverlanders.eu\/lt\/wp-json\/wp\/v2\/types\/page"}],"author":[{"embeddable":true,"href":"https:\/\/balticoverlanders.eu\/lt\/wp-json\/wp\/v2\/users\/1"}],"replies":[{"embeddable":true,"href":"https:\/\/balticoverlanders.eu\/lt\/wp-json\/wp\/v2\/comments?post=26043"}],"version-history":[{"count":3,"href":"https:\/\/balticoverlanders.eu\/lt\/wp-json\/wp\/v2\/pages\/26043\/revisions"}],"predecessor-version":[{"id":39479,"href":"https:\/\/balticoverlanders.eu\/lt\/wp-json\/wp\/v2\/pages\/26043\/revisions\/39479"}],"wp:attachment":[{"href":"https:\/\/balticoverlanders.eu\/lt\/wp-json\/wp\/v2\/media?parent=26043"}],"curies":[{"name":"wp","href":"https:\/\/api.w.org\/{rel}","templated":true}]}}