{"id":16939,"date":"2023-03-18T21:08:30","date_gmt":"2023-03-18T19:08:30","guid":{"rendered":"https:\/\/balticoverlanders.eu\/product\/nestboard-2-0-600\/"},"modified":"2023-06-30T18:39:34","modified_gmt":"2023-06-30T15:39:34","slug":"egoe-nest-nestboard-2-0-600","status":"publish","type":"product","link":"https:\/\/balticoverlanders.eu\/lt\/produktas\/egoe-nest-nestboard-2-0-600\/","title":{"rendered":"Egoe Nest Nestboard 2.0\/600"},"content":{"rendered":"<p><img fetchpriority=\"high\" decoding=\"async\" class=\"alignnone size-medium wp-image-6650\" src=\"https:\/\/balticoverlanders.eu\/wp-content\/uploads\/2023\/03\/Vrstva_11-300x169.png\" alt=\"\" width=\"300\" height=\"169\" srcset=\"https:\/\/balticoverlanders.eu\/wp-content\/uploads\/2023\/03\/Vrstva_11-300x169.png 300w, https:\/\/balticoverlanders.eu\/wp-content\/uploads\/2023\/03\/Vrstva_11-150x84.png 150w, https:\/\/balticoverlanders.eu\/wp-content\/uploads\/2023\/03\/Vrstva_11-600x338.png 600w, https:\/\/balticoverlanders.eu\/wp-content\/uploads\/2023\/03\/Vrstva_11.png 656w\" sizes=\"(max-width: 300px) 100vw, 300px\" \/><\/p>\n","protected":false},"excerpt":{"rendered":"<h4 class=\"pricing-table__title\">Pilnas rinkinys+<\/h4>\n<p class=\"pricing-table__subtitle\">k\u0117bulas, nuimamas vandens modulis ir virykl\u0117s modulis, \u0161aldytuvui skirta laikymo vieta, lova (lovos pagrindas su \u0161oniniais tur\u0117klais, lovos pagrindo atrama, \u010diu\u017einys su \u0161onin\u0117mis dalimis)<\/p>\n<h4 class=\"pricing-table__title\">Virtuv\u0117s rinkinys<\/h4>\n<p class=\"pricing-table__subtitle\">korpusas su nuolat integruotu vandens moduliu ir laikymo skyriumi, nuimamas virykl\u0117s modulis (Combi 600 versija)<\/p>\n","protected":false},"featured_media":6651,"template":"","meta":[],"product_brand":[],"product_cat":[231,232],"product_tag":[],"class_list":{"0":"post-16939","1":"product","2":"type-product","3":"status-publish","4":"has-post-thumbnail","6":"product_cat-campingbox-lt","7":"product_cat-egoe-nest-lt","9":"first","10":"onbackorder","11":"taxable","12":"shipping-taxable","13":"purchasable","14":"product-type-variable"},"yoast_head":"<!-- This site is optimized with the Yoast SEO plugin v27.2 - https:\/\/yoast.com\/product\/yoast-seo-wordpress\/ -->\n<title>Egoe Nest Nestboard 2.0\/600 - BALTIC OVERLANDERS<\/title>\n<meta name=\"robots\" content=\"index, follow, max-snippet:-1, max-image-preview:large, max-video-preview:-1\" \/>\n<link rel=\"canonical\" href=\"https:\/\/balticoverlanders.eu\/lt\/produktas\/egoe-nest-nestboard-2-0-600\/\" \/>\n<meta property=\"og:locale\" content=\"lt_LT\" \/>\n<meta property=\"og:type\" content=\"article\" \/>\n<meta property=\"og:title\" content=\"Egoe Nest Nestboard 2.0\/600 - BALTIC OVERLANDERS\" \/>\n<meta property=\"og:description\" content=\"Pilnas rinkinys+ k\u0117bulas, nuimamas vandens modulis ir virykl\u0117s modulis, \u0161aldytuvui skirta laikymo vieta, lova (lovos pagrindas su \u0161oniniais tur\u0117klais, lovos pagrindo atrama, \u010diu\u017einys su \u0161onin\u0117mis dalimis)  Virtuv\u0117s rinkinys korpusas su nuolat integruotu vandens moduliu ir laikymo skyriumi, nuimamas virykl\u0117s modulis (Combi 600 versija)\" \/>\n<meta property=\"og:url\" content=\"https:\/\/balticoverlanders.eu\/lt\/produktas\/egoe-nest-nestboard-2-0-600\/\" \/>\n<meta property=\"og:site_name\" content=\"BALTIC OVERLANDERS\" \/>\n<meta property=\"article:modified_time\" content=\"2023-06-30T15:39:34+00:00\" \/>\n<meta property=\"og:image\" content=\"https:\/\/balticoverlanders.eu\/wp-content\/uploads\/2023\/03\/img-1-scaled.webp\" \/>\n\t<meta property=\"og:image:width\" content=\"2560\" \/>\n\t<meta property=\"og:image:height\" content=\"2099\" \/>\n\t<meta property=\"og:image:type\" content=\"image\/webp\" \/>\n<meta name=\"twitter:card\" content=\"summary_large_image\" \/>\n<meta name=\"twitter:label1\" content=\"Est. reading time\" \/>\n\t<meta name=\"twitter:data1\" content=\"1 minut\u0117\" \/>\n<script type=\"application\/ld+json\" class=\"yoast-schema-graph\">{\"@context\":\"https:\/\/schema.org\",\"@graph\":[{\"@type\":\"WebPage\",\"@id\":\"https:\/\/balticoverlanders.eu\/lt\/produktas\/egoe-nest-nestboard-2-0-600\/\",\"url\":\"https:\/\/balticoverlanders.eu\/lt\/produktas\/egoe-nest-nestboard-2-0-600\/\",\"name\":\"Egoe Nest Nestboard 2.0\/600 - BALTIC OVERLANDERS\",\"isPartOf\":{\"@id\":\"https:\/\/balticoverlanders.eu\/lt\/#website\"},\"primaryImageOfPage\":{\"@id\":\"https:\/\/balticoverlanders.eu\/lt\/produktas\/egoe-nest-nestboard-2-0-600\/#primaryimage\"},\"image\":{\"@id\":\"https:\/\/balticoverlanders.eu\/lt\/produktas\/egoe-nest-nestboard-2-0-600\/#primaryimage\"},\"thumbnailUrl\":\"https:\/\/balticoverlanders.eu\/wp-content\/uploads\/2023\/03\/img-1-scaled.webp\",\"datePublished\":\"2023-03-18T19:08:30+00:00\",\"dateModified\":\"2023-06-30T15:39:34+00:00\",\"breadcrumb\":{\"@id\":\"https:\/\/balticoverlanders.eu\/lt\/produktas\/egoe-nest-nestboard-2-0-600\/#breadcrumb\"},\"inLanguage\":\"lt-LT\",\"potentialAction\":[{\"@type\":\"ReadAction\",\"target\":[\"https:\/\/balticoverlanders.eu\/lt\/produktas\/egoe-nest-nestboard-2-0-600\/\"]}]},{\"@type\":\"ImageObject\",\"inLanguage\":\"lt-LT\",\"@id\":\"https:\/\/balticoverlanders.eu\/lt\/produktas\/egoe-nest-nestboard-2-0-600\/#primaryimage\",\"url\":\"https:\/\/balticoverlanders.eu\/wp-content\/uploads\/2023\/03\/img-1-scaled.webp\",\"contentUrl\":\"https:\/\/balticoverlanders.eu\/wp-content\/uploads\/2023\/03\/img-1-scaled.webp\",\"width\":2560,\"height\":2099},{\"@type\":\"BreadcrumbList\",\"@id\":\"https:\/\/balticoverlanders.eu\/lt\/produktas\/egoe-nest-nestboard-2-0-600\/#breadcrumb\",\"itemListElement\":[{\"@type\":\"ListItem\",\"position\":1,\"name\":\"Home\",\"item\":\"https:\/\/balticoverlanders.eu\/lt\/home\/\"},{\"@type\":\"ListItem\",\"position\":2,\"name\":\"Parduotuv\u0117\",\"item\":\"https:\/\/balticoverlanders.eu\/lt\/parduotuve\/\"},{\"@type\":\"ListItem\",\"position\":3,\"name\":\"Egoe Nest Nestboard 2.0\/600\"}]},{\"@type\":\"WebSite\",\"@id\":\"https:\/\/balticoverlanders.eu\/lt\/#website\",\"url\":\"https:\/\/balticoverlanders.eu\/lt\/\",\"name\":\"BALTIC OVERLANDERS\",\"description\":\"Your one-stop shop in Latvia, Estonia, and Lithuania for all your car camping, rooftop tent and accessory needs.\",\"publisher\":{\"@id\":\"https:\/\/balticoverlanders.eu\/lt\/#organization\"},\"potentialAction\":[{\"@type\":\"SearchAction\",\"target\":{\"@type\":\"EntryPoint\",\"urlTemplate\":\"https:\/\/balticoverlanders.eu\/lt\/?s={search_term_string}\"},\"query-input\":{\"@type\":\"PropertyValueSpecification\",\"valueRequired\":true,\"valueName\":\"search_term_string\"}}],\"inLanguage\":\"lt-LT\"},{\"@type\":\"Organization\",\"@id\":\"https:\/\/balticoverlanders.eu\/lt\/#organization\",\"name\":\"BALTIC OVERLANDERS\",\"url\":\"https:\/\/balticoverlanders.eu\/lt\/\",\"logo\":{\"@type\":\"ImageObject\",\"inLanguage\":\"lt-LT\",\"@id\":\"https:\/\/balticoverlanders.eu\/lt\/#\/schema\/logo\/image\/\",\"url\":\"https:\/\/balticoverlanders.eu\/wp-content\/uploads\/2023\/04\/BALTIC-OVERLANDERS-LOGO.jpg\",\"contentUrl\":\"https:\/\/balticoverlanders.eu\/wp-content\/uploads\/2023\/04\/BALTIC-OVERLANDERS-LOGO.jpg\",\"width\":1497,\"height\":310,\"caption\":\"BALTIC OVERLANDERS\"},\"image\":{\"@id\":\"https:\/\/balticoverlanders.eu\/lt\/#\/schema\/logo\/image\/\"},\"sameAs\":[\"https:\/\/www.instagram.com\/balticoverlanders\/\"]}]}<\/script>\n<!-- \/ Yoast SEO plugin. -->","yoast_head_json":{"title":"Egoe Nest Nestboard 2.0\/600 - BALTIC OVERLANDERS","robots":{"index":"index","follow":"follow","max-snippet":"max-snippet:-1","max-image-preview":"max-image-preview:large","max-video-preview":"max-video-preview:-1"},"canonical":"https:\/\/balticoverlanders.eu\/lt\/produktas\/egoe-nest-nestboard-2-0-600\/","og_locale":"lt_LT","og_type":"article","og_title":"Egoe Nest Nestboard 2.0\/600 - BALTIC OVERLANDERS","og_description":"Pilnas rinkinys+ k\u0117bulas, nuimamas vandens modulis ir virykl\u0117s modulis, \u0161aldytuvui skirta laikymo vieta, lova (lovos pagrindas su \u0161oniniais tur\u0117klais, lovos pagrindo atrama, \u010diu\u017einys su \u0161onin\u0117mis dalimis)  Virtuv\u0117s rinkinys korpusas su nuolat integruotu vandens moduliu ir laikymo skyriumi, nuimamas virykl\u0117s modulis (Combi 600 versija)","og_url":"https:\/\/balticoverlanders.eu\/lt\/produktas\/egoe-nest-nestboard-2-0-600\/","og_site_name":"BALTIC OVERLANDERS","article_modified_time":"2023-06-30T15:39:34+00:00","og_image":[{"width":2560,"height":2099,"url":"https:\/\/balticoverlanders.eu\/wp-content\/uploads\/2023\/03\/img-1-scaled.webp","type":"image\/webp"}],"twitter_card":"summary_large_image","twitter_misc":{"Est. reading time":"1 minut\u0117"},"schema":{"@context":"https:\/\/schema.org","@graph":[{"@type":"WebPage","@id":"https:\/\/balticoverlanders.eu\/lt\/produktas\/egoe-nest-nestboard-2-0-600\/","url":"https:\/\/balticoverlanders.eu\/lt\/produktas\/egoe-nest-nestboard-2-0-600\/","name":"Egoe Nest Nestboard 2.0\/600 - BALTIC OVERLANDERS","isPartOf":{"@id":"https:\/\/balticoverlanders.eu\/lt\/#website"},"primaryImageOfPage":{"@id":"https:\/\/balticoverlanders.eu\/lt\/produktas\/egoe-nest-nestboard-2-0-600\/#primaryimage"},"image":{"@id":"https:\/\/balticoverlanders.eu\/lt\/produktas\/egoe-nest-nestboard-2-0-600\/#primaryimage"},"thumbnailUrl":"https:\/\/balticoverlanders.eu\/wp-content\/uploads\/2023\/03\/img-1-scaled.webp","datePublished":"2023-03-18T19:08:30+00:00","dateModified":"2023-06-30T15:39:34+00:00","breadcrumb":{"@id":"https:\/\/balticoverlanders.eu\/lt\/produktas\/egoe-nest-nestboard-2-0-600\/#breadcrumb"},"inLanguage":"lt-LT","potentialAction":[{"@type":"ReadAction","target":["https:\/\/balticoverlanders.eu\/lt\/produktas\/egoe-nest-nestboard-2-0-600\/"]}]},{"@type":"ImageObject","inLanguage":"lt-LT","@id":"https:\/\/balticoverlanders.eu\/lt\/produktas\/egoe-nest-nestboard-2-0-600\/#primaryimage","url":"https:\/\/balticoverlanders.eu\/wp-content\/uploads\/2023\/03\/img-1-scaled.webp","contentUrl":"https:\/\/balticoverlanders.eu\/wp-content\/uploads\/2023\/03\/img-1-scaled.webp","width":2560,"height":2099},{"@type":"BreadcrumbList","@id":"https:\/\/balticoverlanders.eu\/lt\/produktas\/egoe-nest-nestboard-2-0-600\/#breadcrumb","itemListElement":[{"@type":"ListItem","position":1,"name":"Home","item":"https:\/\/balticoverlanders.eu\/lt\/home\/"},{"@type":"ListItem","position":2,"name":"Parduotuv\u0117","item":"https:\/\/balticoverlanders.eu\/lt\/parduotuve\/"},{"@type":"ListItem","position":3,"name":"Egoe Nest Nestboard 2.0\/600"}]},{"@type":"WebSite","@id":"https:\/\/balticoverlanders.eu\/lt\/#website","url":"https:\/\/balticoverlanders.eu\/lt\/","name":"BALTIC OVERLANDERS","description":"Your one-stop shop in Latvia, Estonia, and Lithuania for all your car camping, rooftop tent and accessory needs.","publisher":{"@id":"https:\/\/balticoverlanders.eu\/lt\/#organization"},"potentialAction":[{"@type":"SearchAction","target":{"@type":"EntryPoint","urlTemplate":"https:\/\/balticoverlanders.eu\/lt\/?s={search_term_string}"},"query-input":{"@type":"PropertyValueSpecification","valueRequired":true,"valueName":"search_term_string"}}],"inLanguage":"lt-LT"},{"@type":"Organization","@id":"https:\/\/balticoverlanders.eu\/lt\/#organization","name":"BALTIC OVERLANDERS","url":"https:\/\/balticoverlanders.eu\/lt\/","logo":{"@type":"ImageObject","inLanguage":"lt-LT","@id":"https:\/\/balticoverlanders.eu\/lt\/#\/schema\/logo\/image\/","url":"https:\/\/balticoverlanders.eu\/wp-content\/uploads\/2023\/04\/BALTIC-OVERLANDERS-LOGO.jpg","contentUrl":"https:\/\/balticoverlanders.eu\/wp-content\/uploads\/2023\/04\/BALTIC-OVERLANDERS-LOGO.jpg","width":1497,"height":310,"caption":"BALTIC OVERLANDERS"},"image":{"@id":"https:\/\/balticoverlanders.eu\/lt\/#\/schema\/logo\/image\/"},"sameAs":["https:\/\/www.instagram.com\/balticoverlanders\/"]}]}},"_links":{"self":[{"href":"https:\/\/balticoverlanders.eu\/lt\/wp-json\/wp\/v2\/product\/16939","targetHints":{"allow":["GET"]}}],"collection":[{"href":"https:\/\/balticoverlanders.eu\/lt\/wp-json\/wp\/v2\/product"}],"about":[{"href":"https:\/\/balticoverlanders.eu\/lt\/wp-json\/wp\/v2\/types\/product"}],"wp:featuredmedia":[{"embeddable":true,"href":"https:\/\/balticoverlanders.eu\/lt\/wp-json\/wp\/v2\/media\/6651"}],"wp:attachment":[{"href":"https:\/\/balticoverlanders.eu\/lt\/wp-json\/wp\/v2\/media?parent=16939"}],"wp:term":[{"taxonomy":"product_brand","embeddable":true,"href":"https:\/\/balticoverlanders.eu\/lt\/wp-json\/wp\/v2\/product_brand?post=16939"},{"taxonomy":"product_cat","embeddable":true,"href":"https:\/\/balticoverlanders.eu\/lt\/wp-json\/wp\/v2\/product_cat?post=16939"},{"taxonomy":"product_tag","embeddable":true,"href":"https:\/\/balticoverlanders.eu\/lt\/wp-json\/wp\/v2\/product_tag?post=16939"}],"curies":[{"name":"wp","href":"https:\/\/api.w.org\/{rel}","templated":true}]}}