{"id":16985,"date":"2023-03-12T12:02:58","date_gmt":"2023-03-12T10:02:58","guid":{"rendered":"https:\/\/balticoverlanders.eu\/product\/grand-raid-m\/"},"modified":"2023-06-30T17:39:00","modified_gmt":"2023-06-30T14:39:00","slug":"james-baroud-grand-raid-m-stogo-palapine","status":"publish","type":"product","link":"https:\/\/balticoverlanders.eu\/lt\/produktas\/james-baroud-grand-raid-m-stogo-palapine\/","title":{"rendered":"James Baroud Grand Raid M"},"content":{"rendered":"<p class=\"preFade fadeIn disable-executed-animation\"><strong>James Baroud Grand Raid M &#8211; 360\u00ba vaizdas su baga\u017eo laikikliu.<br \/>\n<\/strong><\/p>\n<ul>\n<li class=\"preFade fadeIn disable-executed-animation\">2 suaugusiems ir 1 vaikui<\/li>\n<li class=\"preFade fadeIn disable-executed-animation\">\u010diu\u017einio dydis 140 cm x 200 cm<\/li>\n<li class=\"preFade fadeIn disable-executed-animation\">atviras auk\u0161tis 100 cm<\/li>\n<\/ul>\n<p>James Baroud Grand Raid stogo palapin\u0117 sukurta pagal t\u0105 pa\u010di\u0105 koncepcij\u0105 kaip ir &#8222;Evasion&#8221; su horizontaliu atidarymu ir 360\u00ba panoraminiu vaizdu, ta\u010diau ji i\u0161siskiria baga\u017eo laikikliu, kuriuo galima lengvai ve\u017eti 25 kg krovin\u012f. &#8222;James Baroud Grand Raid&#8221; yra erdviausia XL versijos palapin\u0117, kuri\u0105 galima greitai sumontuoti, ji pasi\u017eymi optimaliu komfortu, 360\u00ba panoraminiu vaizdu, saul\u0117s energija varoma v\u0117dinimo sistema, skirta ekstremalioms klimato s\u0105lygoms, ir daiktad\u0117\u017ee su priri\u0161imo ta\u0161kais vir\u0161uje.<\/p>\n<p>Galima \u012fsigyti M dyd\u017eio 140&#215;200 cm, X dyd\u017eio 160&#215;200 cm ir XL dyd\u017eio 160&#215;224 cm.<\/p>\n<p><img fetchpriority=\"high\" decoding=\"async\" class=\"alignnone size-medium wp-image-6159\" src=\"https:\/\/balticoverlanders.eu\/wp-content\/uploads\/2023\/03\/GrandRaidM_1-300x300.png\" alt=\"\" width=\"300\" height=\"300\" srcset=\"https:\/\/balticoverlanders.eu\/wp-content\/uploads\/2023\/03\/GrandRaidM_1-300x300.png 300w, https:\/\/balticoverlanders.eu\/wp-content\/uploads\/2023\/03\/GrandRaidM_1-150x150.png 150w, https:\/\/balticoverlanders.eu\/wp-content\/uploads\/2023\/03\/GrandRaidM_1.png 500w\" sizes=\"(max-width: 300px) 100vw, 300px\" \/><img decoding=\"async\" class=\"alignnone size-medium wp-image-6158\" src=\"https:\/\/balticoverlanders.eu\/wp-content\/uploads\/2023\/03\/GrandRaidM_2-300x300.png\" alt=\"\" width=\"300\" height=\"300\" srcset=\"https:\/\/balticoverlanders.eu\/wp-content\/uploads\/2023\/03\/GrandRaidM_2-300x300.png 300w, https:\/\/balticoverlanders.eu\/wp-content\/uploads\/2023\/03\/GrandRaidM_2-150x150.png 150w, https:\/\/balticoverlanders.eu\/wp-content\/uploads\/2023\/03\/GrandRaidM_2.png 500w\" sizes=\"(max-width: 300px) 100vw, 300px\" \/> <img decoding=\"async\" class=\"alignnone size-medium wp-image-6157\" src=\"https:\/\/balticoverlanders.eu\/wp-content\/uploads\/2023\/03\/GrandRaidM_3-300x300.png\" alt=\"\" width=\"300\" height=\"300\" srcset=\"https:\/\/balticoverlanders.eu\/wp-content\/uploads\/2023\/03\/GrandRaidM_3-300x300.png 300w, https:\/\/balticoverlanders.eu\/wp-content\/uploads\/2023\/03\/GrandRaidM_3-150x150.png 150w, https:\/\/balticoverlanders.eu\/wp-content\/uploads\/2023\/03\/GrandRaidM_3.png 500w\" sizes=\"(max-width: 300px) 100vw, 300px\" \/> <img loading=\"lazy\" decoding=\"async\" class=\"alignnone size-medium wp-image-6156\" src=\"https:\/\/balticoverlanders.eu\/wp-content\/uploads\/2023\/03\/GrandRaidM_4-300x300.png\" alt=\"\" width=\"300\" height=\"300\" srcset=\"https:\/\/balticoverlanders.eu\/wp-content\/uploads\/2023\/03\/GrandRaidM_4-300x300.png 300w, https:\/\/balticoverlanders.eu\/wp-content\/uploads\/2023\/03\/GrandRaidM_4-150x150.png 150w, https:\/\/balticoverlanders.eu\/wp-content\/uploads\/2023\/03\/GrandRaidM_4.png 500w\" sizes=\"(max-width: 300px) 100vw, 300px\" \/><\/p>\n","protected":false},"excerpt":{"rendered":"<p>GRAND RAID M &#8211; 360\u00ba vaizdas su baga\u017eo laikikliu.<\/p>\n<ul>\n<li class=\"preFade fadeIn disable-executed-animation\">2 suaugusiems ir 1 vaikui<\/li>\n<li class=\"preFade fadeIn disable-executed-animation\">\u010diu\u017einio dydis 140 cm x 200 cm<\/li>\n<li class=\"preFade fadeIn disable-executed-animation\">atviras auk\u0161tis 100 cm<\/li>\n<\/ul>\n<p>NAUJOV\u0116S, PATOGUMAS, J\u0116GA IR GREITUMAS<\/p>\n<p>Tai pagrindiniai elementai, d\u0117l kuri\u0173 James Baroud stogo palapin\u0117s i\u0161gars\u0117jo visame pasaulyje<\/p>\n","protected":false},"featured_media":6165,"template":"","meta":[],"product_brand":[],"product_cat":[254,253],"product_tag":[],"class_list":{"0":"post-16985","1":"product","2":"type-product","3":"status-publish","4":"has-post-thumbnail","6":"product_cat-palapines-ant-stogo","7":"product_cat-james-baroud-lt","9":"first","10":"instock","11":"taxable","12":"shipping-taxable","13":"purchasable","14":"product-type-variable"},"yoast_head":"<!-- This site is optimized with the Yoast SEO plugin v27.2 - https:\/\/yoast.com\/product\/yoast-seo-wordpress\/ -->\n<title>James Baroud Grand Raid M - BALTIC OVERLANDERS<\/title>\n<meta name=\"robots\" content=\"index, follow, max-snippet:-1, max-image-preview:large, max-video-preview:-1\" \/>\n<link rel=\"canonical\" href=\"https:\/\/balticoverlanders.eu\/lt\/produktas\/james-baroud-grand-raid-m-stogo-palapine\/\" \/>\n<meta property=\"og:locale\" content=\"lt_LT\" \/>\n<meta property=\"og:type\" content=\"article\" \/>\n<meta property=\"og:title\" content=\"James Baroud Grand Raid M - BALTIC OVERLANDERS\" \/>\n<meta property=\"og:description\" content=\"GRAND RAID M - 360\u00ba vaizdas su baga\u017eo laikikliu.   2 suaugusiems ir 1 vaikui  \u010diu\u017einio dydis 140 cm x 200 cm  atviras auk\u0161tis 100 cm  NAUJOV\u0116S, PATOGUMAS, J\u0116GA IR GREITUMAS  Tai pagrindiniai elementai, d\u0117l kuri\u0173 James Baroud stogo palapin\u0117s i\u0161gars\u0117jo visame pasaulyje\" \/>\n<meta property=\"og:url\" content=\"https:\/\/balticoverlanders.eu\/lt\/produktas\/james-baroud-grand-raid-m-stogo-palapine\/\" \/>\n<meta property=\"og:site_name\" content=\"BALTIC OVERLANDERS\" \/>\n<meta property=\"article:modified_time\" content=\"2023-06-30T14:39:00+00:00\" \/>\n<meta property=\"og:image\" content=\"https:\/\/balticoverlanders.eu\/wp-content\/uploads\/2023\/03\/ExplorerSTD-White18.png\" \/>\n\t<meta property=\"og:image:width\" content=\"1000\" \/>\n\t<meta property=\"og:image:height\" content=\"667\" \/>\n\t<meta property=\"og:image:type\" content=\"image\/png\" \/>\n<meta name=\"twitter:card\" content=\"summary_large_image\" \/>\n<meta name=\"twitter:label1\" content=\"Est. reading time\" \/>\n\t<meta name=\"twitter:data1\" content=\"2 minut\u0117s\" \/>\n<script type=\"application\/ld+json\" class=\"yoast-schema-graph\">{\"@context\":\"https:\/\/schema.org\",\"@graph\":[{\"@type\":\"WebPage\",\"@id\":\"https:\/\/balticoverlanders.eu\/lt\/produktas\/james-baroud-grand-raid-m-stogo-palapine\/\",\"url\":\"https:\/\/balticoverlanders.eu\/lt\/produktas\/james-baroud-grand-raid-m-stogo-palapine\/\",\"name\":\"James Baroud Grand Raid M - BALTIC OVERLANDERS\",\"isPartOf\":{\"@id\":\"https:\/\/balticoverlanders.eu\/lt\/#website\"},\"primaryImageOfPage\":{\"@id\":\"https:\/\/balticoverlanders.eu\/lt\/produktas\/james-baroud-grand-raid-m-stogo-palapine\/#primaryimage\"},\"image\":{\"@id\":\"https:\/\/balticoverlanders.eu\/lt\/produktas\/james-baroud-grand-raid-m-stogo-palapine\/#primaryimage\"},\"thumbnailUrl\":\"https:\/\/balticoverlanders.eu\/wp-content\/uploads\/2023\/03\/ExplorerSTD-White18.png\",\"datePublished\":\"2023-03-12T10:02:58+00:00\",\"dateModified\":\"2023-06-30T14:39:00+00:00\",\"breadcrumb\":{\"@id\":\"https:\/\/balticoverlanders.eu\/lt\/produktas\/james-baroud-grand-raid-m-stogo-palapine\/#breadcrumb\"},\"inLanguage\":\"lt-LT\",\"potentialAction\":[{\"@type\":\"ReadAction\",\"target\":[\"https:\/\/balticoverlanders.eu\/lt\/produktas\/james-baroud-grand-raid-m-stogo-palapine\/\"]}]},{\"@type\":\"ImageObject\",\"inLanguage\":\"lt-LT\",\"@id\":\"https:\/\/balticoverlanders.eu\/lt\/produktas\/james-baroud-grand-raid-m-stogo-palapine\/#primaryimage\",\"url\":\"https:\/\/balticoverlanders.eu\/wp-content\/uploads\/2023\/03\/ExplorerSTD-White18.png\",\"contentUrl\":\"https:\/\/balticoverlanders.eu\/wp-content\/uploads\/2023\/03\/ExplorerSTD-White18.png\",\"width\":1000,\"height\":667},{\"@type\":\"BreadcrumbList\",\"@id\":\"https:\/\/balticoverlanders.eu\/lt\/produktas\/james-baroud-grand-raid-m-stogo-palapine\/#breadcrumb\",\"itemListElement\":[{\"@type\":\"ListItem\",\"position\":1,\"name\":\"Home\",\"item\":\"https:\/\/balticoverlanders.eu\/lt\/home\/\"},{\"@type\":\"ListItem\",\"position\":2,\"name\":\"Parduotuv\u0117\",\"item\":\"https:\/\/balticoverlanders.eu\/lt\/parduotuve\/\"},{\"@type\":\"ListItem\",\"position\":3,\"name\":\"James Baroud Grand Raid M\"}]},{\"@type\":\"WebSite\",\"@id\":\"https:\/\/balticoverlanders.eu\/lt\/#website\",\"url\":\"https:\/\/balticoverlanders.eu\/lt\/\",\"name\":\"BALTIC OVERLANDERS\",\"description\":\"Your one-stop shop in Latvia, Estonia, and Lithuania for all your car camping, rooftop tent and accessory needs.\",\"publisher\":{\"@id\":\"https:\/\/balticoverlanders.eu\/lt\/#organization\"},\"potentialAction\":[{\"@type\":\"SearchAction\",\"target\":{\"@type\":\"EntryPoint\",\"urlTemplate\":\"https:\/\/balticoverlanders.eu\/lt\/?s={search_term_string}\"},\"query-input\":{\"@type\":\"PropertyValueSpecification\",\"valueRequired\":true,\"valueName\":\"search_term_string\"}}],\"inLanguage\":\"lt-LT\"},{\"@type\":\"Organization\",\"@id\":\"https:\/\/balticoverlanders.eu\/lt\/#organization\",\"name\":\"BALTIC OVERLANDERS\",\"url\":\"https:\/\/balticoverlanders.eu\/lt\/\",\"logo\":{\"@type\":\"ImageObject\",\"inLanguage\":\"lt-LT\",\"@id\":\"https:\/\/balticoverlanders.eu\/lt\/#\/schema\/logo\/image\/\",\"url\":\"https:\/\/balticoverlanders.eu\/wp-content\/uploads\/2023\/04\/BALTIC-OVERLANDERS-LOGO.jpg\",\"contentUrl\":\"https:\/\/balticoverlanders.eu\/wp-content\/uploads\/2023\/04\/BALTIC-OVERLANDERS-LOGO.jpg\",\"width\":1497,\"height\":310,\"caption\":\"BALTIC OVERLANDERS\"},\"image\":{\"@id\":\"https:\/\/balticoverlanders.eu\/lt\/#\/schema\/logo\/image\/\"},\"sameAs\":[\"https:\/\/www.instagram.com\/balticoverlanders\/\"]}]}<\/script>\n<!-- \/ Yoast SEO plugin. -->","yoast_head_json":{"title":"James Baroud Grand Raid M - BALTIC OVERLANDERS","robots":{"index":"index","follow":"follow","max-snippet":"max-snippet:-1","max-image-preview":"max-image-preview:large","max-video-preview":"max-video-preview:-1"},"canonical":"https:\/\/balticoverlanders.eu\/lt\/produktas\/james-baroud-grand-raid-m-stogo-palapine\/","og_locale":"lt_LT","og_type":"article","og_title":"James Baroud Grand Raid M - BALTIC OVERLANDERS","og_description":"GRAND RAID M - 360\u00ba vaizdas su baga\u017eo laikikliu.   2 suaugusiems ir 1 vaikui  \u010diu\u017einio dydis 140 cm x 200 cm  atviras auk\u0161tis 100 cm  NAUJOV\u0116S, PATOGUMAS, J\u0116GA IR GREITUMAS  Tai pagrindiniai elementai, d\u0117l kuri\u0173 James Baroud stogo palapin\u0117s i\u0161gars\u0117jo visame pasaulyje","og_url":"https:\/\/balticoverlanders.eu\/lt\/produktas\/james-baroud-grand-raid-m-stogo-palapine\/","og_site_name":"BALTIC OVERLANDERS","article_modified_time":"2023-06-30T14:39:00+00:00","og_image":[{"width":1000,"height":667,"url":"https:\/\/balticoverlanders.eu\/wp-content\/uploads\/2023\/03\/ExplorerSTD-White18.png","type":"image\/png"}],"twitter_card":"summary_large_image","twitter_misc":{"Est. reading time":"2 minut\u0117s"},"schema":{"@context":"https:\/\/schema.org","@graph":[{"@type":"WebPage","@id":"https:\/\/balticoverlanders.eu\/lt\/produktas\/james-baroud-grand-raid-m-stogo-palapine\/","url":"https:\/\/balticoverlanders.eu\/lt\/produktas\/james-baroud-grand-raid-m-stogo-palapine\/","name":"James Baroud Grand Raid M - BALTIC OVERLANDERS","isPartOf":{"@id":"https:\/\/balticoverlanders.eu\/lt\/#website"},"primaryImageOfPage":{"@id":"https:\/\/balticoverlanders.eu\/lt\/produktas\/james-baroud-grand-raid-m-stogo-palapine\/#primaryimage"},"image":{"@id":"https:\/\/balticoverlanders.eu\/lt\/produktas\/james-baroud-grand-raid-m-stogo-palapine\/#primaryimage"},"thumbnailUrl":"https:\/\/balticoverlanders.eu\/wp-content\/uploads\/2023\/03\/ExplorerSTD-White18.png","datePublished":"2023-03-12T10:02:58+00:00","dateModified":"2023-06-30T14:39:00+00:00","breadcrumb":{"@id":"https:\/\/balticoverlanders.eu\/lt\/produktas\/james-baroud-grand-raid-m-stogo-palapine\/#breadcrumb"},"inLanguage":"lt-LT","potentialAction":[{"@type":"ReadAction","target":["https:\/\/balticoverlanders.eu\/lt\/produktas\/james-baroud-grand-raid-m-stogo-palapine\/"]}]},{"@type":"ImageObject","inLanguage":"lt-LT","@id":"https:\/\/balticoverlanders.eu\/lt\/produktas\/james-baroud-grand-raid-m-stogo-palapine\/#primaryimage","url":"https:\/\/balticoverlanders.eu\/wp-content\/uploads\/2023\/03\/ExplorerSTD-White18.png","contentUrl":"https:\/\/balticoverlanders.eu\/wp-content\/uploads\/2023\/03\/ExplorerSTD-White18.png","width":1000,"height":667},{"@type":"BreadcrumbList","@id":"https:\/\/balticoverlanders.eu\/lt\/produktas\/james-baroud-grand-raid-m-stogo-palapine\/#breadcrumb","itemListElement":[{"@type":"ListItem","position":1,"name":"Home","item":"https:\/\/balticoverlanders.eu\/lt\/home\/"},{"@type":"ListItem","position":2,"name":"Parduotuv\u0117","item":"https:\/\/balticoverlanders.eu\/lt\/parduotuve\/"},{"@type":"ListItem","position":3,"name":"James Baroud Grand Raid M"}]},{"@type":"WebSite","@id":"https:\/\/balticoverlanders.eu\/lt\/#website","url":"https:\/\/balticoverlanders.eu\/lt\/","name":"BALTIC OVERLANDERS","description":"Your one-stop shop in Latvia, Estonia, and Lithuania for all your car camping, rooftop tent and accessory needs.","publisher":{"@id":"https:\/\/balticoverlanders.eu\/lt\/#organization"},"potentialAction":[{"@type":"SearchAction","target":{"@type":"EntryPoint","urlTemplate":"https:\/\/balticoverlanders.eu\/lt\/?s={search_term_string}"},"query-input":{"@type":"PropertyValueSpecification","valueRequired":true,"valueName":"search_term_string"}}],"inLanguage":"lt-LT"},{"@type":"Organization","@id":"https:\/\/balticoverlanders.eu\/lt\/#organization","name":"BALTIC OVERLANDERS","url":"https:\/\/balticoverlanders.eu\/lt\/","logo":{"@type":"ImageObject","inLanguage":"lt-LT","@id":"https:\/\/balticoverlanders.eu\/lt\/#\/schema\/logo\/image\/","url":"https:\/\/balticoverlanders.eu\/wp-content\/uploads\/2023\/04\/BALTIC-OVERLANDERS-LOGO.jpg","contentUrl":"https:\/\/balticoverlanders.eu\/wp-content\/uploads\/2023\/04\/BALTIC-OVERLANDERS-LOGO.jpg","width":1497,"height":310,"caption":"BALTIC OVERLANDERS"},"image":{"@id":"https:\/\/balticoverlanders.eu\/lt\/#\/schema\/logo\/image\/"},"sameAs":["https:\/\/www.instagram.com\/balticoverlanders\/"]}]}},"_links":{"self":[{"href":"https:\/\/balticoverlanders.eu\/lt\/wp-json\/wp\/v2\/product\/16985","targetHints":{"allow":["GET"]}}],"collection":[{"href":"https:\/\/balticoverlanders.eu\/lt\/wp-json\/wp\/v2\/product"}],"about":[{"href":"https:\/\/balticoverlanders.eu\/lt\/wp-json\/wp\/v2\/types\/product"}],"wp:featuredmedia":[{"embeddable":true,"href":"https:\/\/balticoverlanders.eu\/lt\/wp-json\/wp\/v2\/media\/6165"}],"wp:attachment":[{"href":"https:\/\/balticoverlanders.eu\/lt\/wp-json\/wp\/v2\/media?parent=16985"}],"wp:term":[{"taxonomy":"product_brand","embeddable":true,"href":"https:\/\/balticoverlanders.eu\/lt\/wp-json\/wp\/v2\/product_brand?post=16985"},{"taxonomy":"product_cat","embeddable":true,"href":"https:\/\/balticoverlanders.eu\/lt\/wp-json\/wp\/v2\/product_cat?post=16985"},{"taxonomy":"product_tag","embeddable":true,"href":"https:\/\/balticoverlanders.eu\/lt\/wp-json\/wp\/v2\/product_tag?post=16985"}],"curies":[{"name":"wp","href":"https:\/\/api.w.org\/{rel}","templated":true}]}}