{"id":16995,"date":"2023-03-12T11:51:26","date_gmt":"2023-03-12T09:51:26","guid":{"rendered":"https:\/\/balticoverlanders.eu\/product\/evasion-xl\/"},"modified":"2023-06-30T17:38:52","modified_gmt":"2023-06-30T14:38:52","slug":"james-baroud-evasion-xl-stogo-palapine","status":"publish","type":"product","link":"https:\/\/balticoverlanders.eu\/lt\/produktas\/james-baroud-evasion-xl-stogo-palapine\/","title":{"rendered":"James Baroud Evasion XL"},"content":{"rendered":"<p class=\"preFade fadeIn disable-executed-animation\"><strong>James Baroud Evasion XL &#8211; \u012esp\u016bdingas 360\u00ba vaizdas.<br \/>\n<\/strong><\/p>\n<ul>\n<li class=\"preFade fadeIn disable-executed-animation\">2 suaugusiems ir 2 vaikams<\/li>\n<li class=\"preFade fadeIn disable-executed-animation\">\u010diu\u017einio dydis 160 cm x 224 cm<\/li>\n<li class=\"preFade fadeIn disable-executed-animation\">atviras auk\u0161tis 100 cm<\/li>\n<\/ul>\n<p>I\u0161 vis\u0173 rinkoje esan\u010di\u0173 horizontaliai atsidaran\u010di\u0173 palapini\u0173 &#8222;James Baroud Evasion&#8221; stogo palapin\u0117s vidinis t\u016bris yra did\u017eiausias. D\u0117l didesnio vidinio ploto &#8222;Evasion&#8221; palapin\u0117je yra patogios vietos suaugusiesiems s\u0117d\u0117ti abiejuose palapin\u0117s galuose. D\u0117l 360\u00ba panoramini\u0173 lang\u0173 \u0161iltuoju met\u0173 laiku palapin\u0117je laisvai cirkuliuoja oras ir atsiveria \u012fsp\u016bdingi vaizdai.<\/p>\n<p>Galima \u012fsigyti S dyd\u017eio (130&#215;200 cm), M dyd\u017eio (140&#215;200 cm) ir XL dyd\u017eio (160&#215;224 cm).<\/p>\n<p><img fetchpriority=\"high\" decoding=\"async\" class=\"alignnone size-medium wp-image-6135\" src=\"https:\/\/balticoverlanders.eu\/wp-content\/uploads\/2023\/03\/EvasionXL_11-300x300.png\" alt=\"\" width=\"300\" height=\"300\" srcset=\"https:\/\/balticoverlanders.eu\/wp-content\/uploads\/2023\/03\/EvasionXL_11-300x300.png 300w, https:\/\/balticoverlanders.eu\/wp-content\/uploads\/2023\/03\/EvasionXL_11-150x150.png 150w, https:\/\/balticoverlanders.eu\/wp-content\/uploads\/2023\/03\/EvasionXL_11.png 500w\" sizes=\"(max-width: 300px) 100vw, 300px\" \/><img decoding=\"async\" class=\"alignnone size-medium wp-image-6134\" src=\"https:\/\/balticoverlanders.eu\/wp-content\/uploads\/2023\/03\/EvasionXL_21-300x300.png\" alt=\"\" width=\"300\" height=\"300\" srcset=\"https:\/\/balticoverlanders.eu\/wp-content\/uploads\/2023\/03\/EvasionXL_21-300x300.png 300w, https:\/\/balticoverlanders.eu\/wp-content\/uploads\/2023\/03\/EvasionXL_21-150x150.png 150w, https:\/\/balticoverlanders.eu\/wp-content\/uploads\/2023\/03\/EvasionXL_21.png 500w\" sizes=\"(max-width: 300px) 100vw, 300px\" \/> <img decoding=\"async\" class=\"alignnone size-medium wp-image-6133\" src=\"https:\/\/balticoverlanders.eu\/wp-content\/uploads\/2023\/03\/EvasionXL_31-300x300.png\" alt=\"\" width=\"300\" height=\"300\" srcset=\"https:\/\/balticoverlanders.eu\/wp-content\/uploads\/2023\/03\/EvasionXL_31-300x300.png 300w, https:\/\/balticoverlanders.eu\/wp-content\/uploads\/2023\/03\/EvasionXL_31-150x150.png 150w, https:\/\/balticoverlanders.eu\/wp-content\/uploads\/2023\/03\/EvasionXL_31.png 500w\" sizes=\"(max-width: 300px) 100vw, 300px\" \/> <img loading=\"lazy\" decoding=\"async\" class=\"alignnone size-medium wp-image-6132\" src=\"https:\/\/balticoverlanders.eu\/wp-content\/uploads\/2023\/03\/EvasionXL_41-300x300.png\" alt=\"\" width=\"300\" height=\"300\" srcset=\"https:\/\/balticoverlanders.eu\/wp-content\/uploads\/2023\/03\/EvasionXL_41-300x300.png 300w, https:\/\/balticoverlanders.eu\/wp-content\/uploads\/2023\/03\/EvasionXL_41-150x150.png 150w, https:\/\/balticoverlanders.eu\/wp-content\/uploads\/2023\/03\/EvasionXL_41.png 500w\" sizes=\"(max-width: 300px) 100vw, 300px\" \/><\/p>\n","protected":false},"excerpt":{"rendered":"<p>EVASION XL &#8211; \u012esp\u016bdingas 360\u00ba vaizdas.<\/p>\n<ul>\n<li class=\"preFade fadeIn disable-executed-animation\">2 suaugusiems ir 2 vaikams<\/li>\n<li class=\"preFade fadeIn disable-executed-animation\">\u010diu\u017einio dydis 160 cm x 224 cm<\/li>\n<li class=\"preFade fadeIn disable-executed-animation\">atviras auk\u0161tis 100 cm<\/li>\n<\/ul>\n<p>NAUJOV\u0116S, PATOGUMAS, J\u0116GA IR GREITUMAS<\/p>\n<p>Tai pagrindiniai elementai, d\u0117l kuri\u0173 James Baroud stogo palapin\u0117s i\u0161gars\u0117jo visame pasaulyje<\/p>\n","protected":false},"featured_media":6145,"template":"","meta":[],"product_brand":[],"product_cat":[254,253],"product_tag":[],"class_list":{"0":"post-16995","1":"product","2":"type-product","3":"status-publish","4":"has-post-thumbnail","6":"product_cat-palapines-ant-stogo","7":"product_cat-james-baroud-lt","9":"first","10":"instock","11":"taxable","12":"shipping-taxable","13":"purchasable","14":"product-type-variable"},"yoast_head":"<!-- This site is optimized with the Yoast SEO plugin v27.3 - https:\/\/yoast.com\/product\/yoast-seo-wordpress\/ -->\n<title>James Baroud Evasion XL - BALTIC OVERLANDERS<\/title>\n<meta name=\"robots\" content=\"index, follow, max-snippet:-1, max-image-preview:large, max-video-preview:-1\" \/>\n<link rel=\"canonical\" href=\"https:\/\/balticoverlanders.eu\/lt\/produktas\/james-baroud-evasion-xl-stogo-palapine\/\" \/>\n<meta property=\"og:locale\" content=\"lt_LT\" \/>\n<meta property=\"og:type\" content=\"article\" \/>\n<meta property=\"og:title\" content=\"James Baroud Evasion XL - BALTIC OVERLANDERS\" \/>\n<meta property=\"og:description\" content=\"EVASION XL - \u012esp\u016bdingas 360\u00ba vaizdas.   2 suaugusiems ir 2 vaikams  \u010diu\u017einio dydis 160 cm x 224 cm  atviras auk\u0161tis 100 cm  NAUJOV\u0116S, PATOGUMAS, J\u0116GA IR GREITUMAS  Tai pagrindiniai elementai, d\u0117l kuri\u0173 James Baroud stogo palapin\u0117s i\u0161gars\u0117jo visame pasaulyje\" \/>\n<meta property=\"og:url\" content=\"https:\/\/balticoverlanders.eu\/lt\/produktas\/james-baroud-evasion-xl-stogo-palapine\/\" \/>\n<meta property=\"og:site_name\" content=\"BALTIC OVERLANDERS\" \/>\n<meta property=\"article:modified_time\" content=\"2023-06-30T14:38:52+00:00\" \/>\n<meta property=\"og:image\" content=\"https:\/\/balticoverlanders.eu\/wp-content\/uploads\/2023\/03\/EvasionSTD-Grey20-1.png\" \/>\n\t<meta property=\"og:image:width\" content=\"1000\" \/>\n\t<meta property=\"og:image:height\" content=\"667\" \/>\n\t<meta property=\"og:image:type\" content=\"image\/png\" \/>\n<meta name=\"twitter:card\" content=\"summary_large_image\" \/>\n<meta name=\"twitter:label1\" content=\"Est. reading time\" \/>\n\t<meta name=\"twitter:data1\" content=\"2 minut\u0117s\" \/>\n<script type=\"application\/ld+json\" class=\"yoast-schema-graph\">{\"@context\":\"https:\\\/\\\/schema.org\",\"@graph\":[{\"@type\":\"WebPage\",\"@id\":\"https:\\\/\\\/balticoverlanders.eu\\\/lt\\\/produktas\\\/james-baroud-evasion-xl-stogo-palapine\\\/\",\"url\":\"https:\\\/\\\/balticoverlanders.eu\\\/lt\\\/produktas\\\/james-baroud-evasion-xl-stogo-palapine\\\/\",\"name\":\"James Baroud Evasion XL - BALTIC OVERLANDERS\",\"isPartOf\":{\"@id\":\"https:\\\/\\\/balticoverlanders.eu\\\/lt\\\/#website\"},\"primaryImageOfPage\":{\"@id\":\"https:\\\/\\\/balticoverlanders.eu\\\/lt\\\/produktas\\\/james-baroud-evasion-xl-stogo-palapine\\\/#primaryimage\"},\"image\":{\"@id\":\"https:\\\/\\\/balticoverlanders.eu\\\/lt\\\/produktas\\\/james-baroud-evasion-xl-stogo-palapine\\\/#primaryimage\"},\"thumbnailUrl\":\"https:\\\/\\\/balticoverlanders.eu\\\/wp-content\\\/uploads\\\/2023\\\/03\\\/EvasionSTD-Grey20-1.png\",\"datePublished\":\"2023-03-12T09:51:26+00:00\",\"dateModified\":\"2023-06-30T14:38:52+00:00\",\"breadcrumb\":{\"@id\":\"https:\\\/\\\/balticoverlanders.eu\\\/lt\\\/produktas\\\/james-baroud-evasion-xl-stogo-palapine\\\/#breadcrumb\"},\"inLanguage\":\"lt-LT\",\"potentialAction\":[{\"@type\":\"ReadAction\",\"target\":[\"https:\\\/\\\/balticoverlanders.eu\\\/lt\\\/produktas\\\/james-baroud-evasion-xl-stogo-palapine\\\/\"]}]},{\"@type\":\"ImageObject\",\"inLanguage\":\"lt-LT\",\"@id\":\"https:\\\/\\\/balticoverlanders.eu\\\/lt\\\/produktas\\\/james-baroud-evasion-xl-stogo-palapine\\\/#primaryimage\",\"url\":\"https:\\\/\\\/balticoverlanders.eu\\\/wp-content\\\/uploads\\\/2023\\\/03\\\/EvasionSTD-Grey20-1.png\",\"contentUrl\":\"https:\\\/\\\/balticoverlanders.eu\\\/wp-content\\\/uploads\\\/2023\\\/03\\\/EvasionSTD-Grey20-1.png\",\"width\":1000,\"height\":667},{\"@type\":\"BreadcrumbList\",\"@id\":\"https:\\\/\\\/balticoverlanders.eu\\\/lt\\\/produktas\\\/james-baroud-evasion-xl-stogo-palapine\\\/#breadcrumb\",\"itemListElement\":[{\"@type\":\"ListItem\",\"position\":1,\"name\":\"Home\",\"item\":\"https:\\\/\\\/balticoverlanders.eu\\\/lt\\\/home\\\/\"},{\"@type\":\"ListItem\",\"position\":2,\"name\":\"Parduotuv\u0117\",\"item\":\"https:\\\/\\\/balticoverlanders.eu\\\/lt\\\/parduotuve\\\/\"},{\"@type\":\"ListItem\",\"position\":3,\"name\":\"James Baroud Evasion XL\"}]},{\"@type\":\"WebSite\",\"@id\":\"https:\\\/\\\/balticoverlanders.eu\\\/lt\\\/#website\",\"url\":\"https:\\\/\\\/balticoverlanders.eu\\\/lt\\\/\",\"name\":\"BALTIC OVERLANDERS\",\"description\":\"Your one-stop shop in Latvia, Estonia, and Lithuania for all your car camping, rooftop tent and accessory needs.\",\"publisher\":{\"@id\":\"https:\\\/\\\/balticoverlanders.eu\\\/lt\\\/#organization\"},\"potentialAction\":[{\"@type\":\"SearchAction\",\"target\":{\"@type\":\"EntryPoint\",\"urlTemplate\":\"https:\\\/\\\/balticoverlanders.eu\\\/lt\\\/?s={search_term_string}\"},\"query-input\":{\"@type\":\"PropertyValueSpecification\",\"valueRequired\":true,\"valueName\":\"search_term_string\"}}],\"inLanguage\":\"lt-LT\"},{\"@type\":\"Organization\",\"@id\":\"https:\\\/\\\/balticoverlanders.eu\\\/lt\\\/#organization\",\"name\":\"BALTIC OVERLANDERS\",\"url\":\"https:\\\/\\\/balticoverlanders.eu\\\/lt\\\/\",\"logo\":{\"@type\":\"ImageObject\",\"inLanguage\":\"lt-LT\",\"@id\":\"https:\\\/\\\/balticoverlanders.eu\\\/lt\\\/#\\\/schema\\\/logo\\\/image\\\/\",\"url\":\"https:\\\/\\\/balticoverlanders.eu\\\/wp-content\\\/uploads\\\/2023\\\/04\\\/BALTIC-OVERLANDERS-LOGO.jpg\",\"contentUrl\":\"https:\\\/\\\/balticoverlanders.eu\\\/wp-content\\\/uploads\\\/2023\\\/04\\\/BALTIC-OVERLANDERS-LOGO.jpg\",\"width\":1497,\"height\":310,\"caption\":\"BALTIC OVERLANDERS\"},\"image\":{\"@id\":\"https:\\\/\\\/balticoverlanders.eu\\\/lt\\\/#\\\/schema\\\/logo\\\/image\\\/\"},\"sameAs\":[\"https:\\\/\\\/www.instagram.com\\\/balticoverlanders\\\/\"]}]}<\/script>\n<!-- \/ Yoast SEO plugin. -->","yoast_head_json":{"title":"James Baroud Evasion XL - BALTIC OVERLANDERS","robots":{"index":"index","follow":"follow","max-snippet":"max-snippet:-1","max-image-preview":"max-image-preview:large","max-video-preview":"max-video-preview:-1"},"canonical":"https:\/\/balticoverlanders.eu\/lt\/produktas\/james-baroud-evasion-xl-stogo-palapine\/","og_locale":"lt_LT","og_type":"article","og_title":"James Baroud Evasion XL - BALTIC OVERLANDERS","og_description":"EVASION XL - \u012esp\u016bdingas 360\u00ba vaizdas.   2 suaugusiems ir 2 vaikams  \u010diu\u017einio dydis 160 cm x 224 cm  atviras auk\u0161tis 100 cm  NAUJOV\u0116S, PATOGUMAS, J\u0116GA IR GREITUMAS  Tai pagrindiniai elementai, d\u0117l kuri\u0173 James Baroud stogo palapin\u0117s i\u0161gars\u0117jo visame pasaulyje","og_url":"https:\/\/balticoverlanders.eu\/lt\/produktas\/james-baroud-evasion-xl-stogo-palapine\/","og_site_name":"BALTIC OVERLANDERS","article_modified_time":"2023-06-30T14:38:52+00:00","og_image":[{"width":1000,"height":667,"url":"https:\/\/balticoverlanders.eu\/wp-content\/uploads\/2023\/03\/EvasionSTD-Grey20-1.png","type":"image\/png"}],"twitter_card":"summary_large_image","twitter_misc":{"Est. reading time":"2 minut\u0117s"},"schema":{"@context":"https:\/\/schema.org","@graph":[{"@type":"WebPage","@id":"https:\/\/balticoverlanders.eu\/lt\/produktas\/james-baroud-evasion-xl-stogo-palapine\/","url":"https:\/\/balticoverlanders.eu\/lt\/produktas\/james-baroud-evasion-xl-stogo-palapine\/","name":"James Baroud Evasion XL - BALTIC OVERLANDERS","isPartOf":{"@id":"https:\/\/balticoverlanders.eu\/lt\/#website"},"primaryImageOfPage":{"@id":"https:\/\/balticoverlanders.eu\/lt\/produktas\/james-baroud-evasion-xl-stogo-palapine\/#primaryimage"},"image":{"@id":"https:\/\/balticoverlanders.eu\/lt\/produktas\/james-baroud-evasion-xl-stogo-palapine\/#primaryimage"},"thumbnailUrl":"https:\/\/balticoverlanders.eu\/wp-content\/uploads\/2023\/03\/EvasionSTD-Grey20-1.png","datePublished":"2023-03-12T09:51:26+00:00","dateModified":"2023-06-30T14:38:52+00:00","breadcrumb":{"@id":"https:\/\/balticoverlanders.eu\/lt\/produktas\/james-baroud-evasion-xl-stogo-palapine\/#breadcrumb"},"inLanguage":"lt-LT","potentialAction":[{"@type":"ReadAction","target":["https:\/\/balticoverlanders.eu\/lt\/produktas\/james-baroud-evasion-xl-stogo-palapine\/"]}]},{"@type":"ImageObject","inLanguage":"lt-LT","@id":"https:\/\/balticoverlanders.eu\/lt\/produktas\/james-baroud-evasion-xl-stogo-palapine\/#primaryimage","url":"https:\/\/balticoverlanders.eu\/wp-content\/uploads\/2023\/03\/EvasionSTD-Grey20-1.png","contentUrl":"https:\/\/balticoverlanders.eu\/wp-content\/uploads\/2023\/03\/EvasionSTD-Grey20-1.png","width":1000,"height":667},{"@type":"BreadcrumbList","@id":"https:\/\/balticoverlanders.eu\/lt\/produktas\/james-baroud-evasion-xl-stogo-palapine\/#breadcrumb","itemListElement":[{"@type":"ListItem","position":1,"name":"Home","item":"https:\/\/balticoverlanders.eu\/lt\/home\/"},{"@type":"ListItem","position":2,"name":"Parduotuv\u0117","item":"https:\/\/balticoverlanders.eu\/lt\/parduotuve\/"},{"@type":"ListItem","position":3,"name":"James Baroud Evasion XL"}]},{"@type":"WebSite","@id":"https:\/\/balticoverlanders.eu\/lt\/#website","url":"https:\/\/balticoverlanders.eu\/lt\/","name":"BALTIC OVERLANDERS","description":"Your one-stop shop in Latvia, Estonia, and Lithuania for all your car camping, rooftop tent and accessory needs.","publisher":{"@id":"https:\/\/balticoverlanders.eu\/lt\/#organization"},"potentialAction":[{"@type":"SearchAction","target":{"@type":"EntryPoint","urlTemplate":"https:\/\/balticoverlanders.eu\/lt\/?s={search_term_string}"},"query-input":{"@type":"PropertyValueSpecification","valueRequired":true,"valueName":"search_term_string"}}],"inLanguage":"lt-LT"},{"@type":"Organization","@id":"https:\/\/balticoverlanders.eu\/lt\/#organization","name":"BALTIC OVERLANDERS","url":"https:\/\/balticoverlanders.eu\/lt\/","logo":{"@type":"ImageObject","inLanguage":"lt-LT","@id":"https:\/\/balticoverlanders.eu\/lt\/#\/schema\/logo\/image\/","url":"https:\/\/balticoverlanders.eu\/wp-content\/uploads\/2023\/04\/BALTIC-OVERLANDERS-LOGO.jpg","contentUrl":"https:\/\/balticoverlanders.eu\/wp-content\/uploads\/2023\/04\/BALTIC-OVERLANDERS-LOGO.jpg","width":1497,"height":310,"caption":"BALTIC OVERLANDERS"},"image":{"@id":"https:\/\/balticoverlanders.eu\/lt\/#\/schema\/logo\/image\/"},"sameAs":["https:\/\/www.instagram.com\/balticoverlanders\/"]}]}},"_links":{"self":[{"href":"https:\/\/balticoverlanders.eu\/lt\/wp-json\/wp\/v2\/product\/16995","targetHints":{"allow":["GET"]}}],"collection":[{"href":"https:\/\/balticoverlanders.eu\/lt\/wp-json\/wp\/v2\/product"}],"about":[{"href":"https:\/\/balticoverlanders.eu\/lt\/wp-json\/wp\/v2\/types\/product"}],"wp:featuredmedia":[{"embeddable":true,"href":"https:\/\/balticoverlanders.eu\/lt\/wp-json\/wp\/v2\/media\/6145"}],"wp:attachment":[{"href":"https:\/\/balticoverlanders.eu\/lt\/wp-json\/wp\/v2\/media?parent=16995"}],"wp:term":[{"taxonomy":"product_brand","embeddable":true,"href":"https:\/\/balticoverlanders.eu\/lt\/wp-json\/wp\/v2\/product_brand?post=16995"},{"taxonomy":"product_cat","embeddable":true,"href":"https:\/\/balticoverlanders.eu\/lt\/wp-json\/wp\/v2\/product_cat?post=16995"},{"taxonomy":"product_tag","embeddable":true,"href":"https:\/\/balticoverlanders.eu\/lt\/wp-json\/wp\/v2\/product_tag?post=16995"}],"curies":[{"name":"wp","href":"https:\/\/api.w.org\/{rel}","templated":true}]}}