{"id":17040,"date":"2023-03-12T11:30:04","date_gmt":"2023-03-12T09:30:04","guid":{"rendered":"https:\/\/balticoverlanders.eu\/product\/space-xl\/"},"modified":"2023-06-30T17:37:36","modified_gmt":"2023-06-30T14:37:36","slug":"james-baroud-space-xl-stogo-palapine","status":"publish","type":"product","link":"https:\/\/balticoverlanders.eu\/lt\/produktas\/james-baroud-space-xl-stogo-palapine\/","title":{"rendered":"James Baroud Space XL"},"content":{"rendered":"<p>James Baroud Space XL stogo palapin\u0117 puikiai tinka keturi\u0173 asmen\u0173 \u0161eimoms, norin\u010dioms daugiau erdv\u0117s ir erdv\u0117s stovyklaujant. \u0160ios naujovi\u0161kos palapin\u0117s \u010diu\u017einio dydis yra 160 cm x 224 cm, o atviras auk\u0161tis &#8211; 155 cm, tod\u0117l joje pakankamai vietos gali rasti du suaugusieji ir du vaikai.<\/p>\n<p>D\u0117l palapin\u0117s priekinio kompaso konstrukcijos auk\u0161tesniems naudotojams suteikiama papildomos erdv\u0117s &#8211; 40 cm kojoms ir 145 cm galvai. D\u0117l nuo\u017eulnaus stogo profilio pager\u0117ja oro cirkuliacija palapin\u0117je, o kylantis \u0161iltesnis oras nat\u016braliai i\u0161leid\u017eiamas \u012f vir\u0161\u0173.<\/p>\n<p>Palapin\u0117je yra didel\u0117s durys ir langai, pro kuriuos v\u0117dinama kry\u017eminiu srautu, tod\u0117l viduje yra v\u0117su ir patogu. I\u0161 palapin\u0117s taip pat atsiveria 180\u00ba vaizdas \u012f apylinkes, tod\u0117l galite m\u0117gautis gamta patogiai \u012fsitais\u0119 savo palapin\u0117je.<\/p>\n<p>Galima \u012fsigyti S dyd\u017eio (130&#215;200 cm), M dyd\u017eio (140&#215;200 cm) ir XL dyd\u017eio (160&#215;224 cm).<\/p>\n<p><img fetchpriority=\"high\" decoding=\"async\" class=\"alignnone size-medium wp-image-6080\" src=\"https:\/\/balticoverlanders.eu\/wp-content\/uploads\/2023\/03\/SpaceXL_1-300x300.png\" alt=\"\" width=\"300\" height=\"300\" srcset=\"https:\/\/balticoverlanders.eu\/wp-content\/uploads\/2023\/03\/SpaceXL_1-300x300.png 300w, https:\/\/balticoverlanders.eu\/wp-content\/uploads\/2023\/03\/SpaceXL_1-150x150.png 150w, https:\/\/balticoverlanders.eu\/wp-content\/uploads\/2023\/03\/SpaceXL_1.png 500w\" sizes=\"(max-width: 300px) 100vw, 300px\" \/><img decoding=\"async\" class=\"alignnone size-medium wp-image-6079\" src=\"https:\/\/balticoverlanders.eu\/wp-content\/uploads\/2023\/03\/SpaceXL_2-300x300.png\" alt=\"\" width=\"300\" height=\"300\" srcset=\"https:\/\/balticoverlanders.eu\/wp-content\/uploads\/2023\/03\/SpaceXL_2-300x300.png 300w, https:\/\/balticoverlanders.eu\/wp-content\/uploads\/2023\/03\/SpaceXL_2-150x150.png 150w, https:\/\/balticoverlanders.eu\/wp-content\/uploads\/2023\/03\/SpaceXL_2.png 500w\" sizes=\"(max-width: 300px) 100vw, 300px\" \/><img decoding=\"async\" class=\"alignnone size-medium wp-image-6078\" src=\"https:\/\/balticoverlanders.eu\/wp-content\/uploads\/2023\/03\/SpaceXL_3-300x300.png\" alt=\"\" width=\"300\" height=\"300\" srcset=\"https:\/\/balticoverlanders.eu\/wp-content\/uploads\/2023\/03\/SpaceXL_3-300x300.png 300w, https:\/\/balticoverlanders.eu\/wp-content\/uploads\/2023\/03\/SpaceXL_3-150x150.png 150w, https:\/\/balticoverlanders.eu\/wp-content\/uploads\/2023\/03\/SpaceXL_3.png 500w\" sizes=\"(max-width: 300px) 100vw, 300px\" \/><img loading=\"lazy\" decoding=\"async\" class=\"alignnone size-medium wp-image-6077\" src=\"https:\/\/balticoverlanders.eu\/wp-content\/uploads\/2023\/03\/SpaceXL_4-300x300.png\" alt=\"\" width=\"300\" height=\"300\" srcset=\"https:\/\/balticoverlanders.eu\/wp-content\/uploads\/2023\/03\/SpaceXL_4-300x300.png 300w, https:\/\/balticoverlanders.eu\/wp-content\/uploads\/2023\/03\/SpaceXL_4-150x150.png 150w, https:\/\/balticoverlanders.eu\/wp-content\/uploads\/2023\/03\/SpaceXL_4.png 500w\" sizes=\"(max-width: 300px) 100vw, 300px\" \/><\/p>\n","protected":false},"excerpt":{"rendered":"<p>&#8222;SPACE XL&#8221; &#8211; daugiau vietos vir\u0161 galvos, daugiau komforto.<\/p>\n<ul>\n<li class=\"preFade fadeIn disable-executed-animation\">2 suaugusiems ir 2 vaikams<\/li>\n<li class=\"preFade fadeIn disable-executed-animation\">\u010diu\u017einio dydis 160 cm x 224 cm<\/li>\n<li class=\"preFade fadeIn disable-executed-animation\">atviras auk\u0161tis 155 cm<\/li>\n<\/ul>\n<p>NAUJOV\u0116S, PATOGUMAS, J\u0116GA IR GREITUMAS<\/p>\n<p>Tai pagrindiniai elementai, d\u0117l kuri\u0173 James Baroud stogo palapin\u0117s i\u0161gars\u0117jo visame pasaulyje<\/p>\n","protected":false},"featured_media":6087,"template":"","meta":[],"product_brand":[],"product_cat":[254,253],"product_tag":[],"class_list":{"0":"post-17040","1":"product","2":"type-product","3":"status-publish","4":"has-post-thumbnail","6":"product_cat-palapines-ant-stogo","7":"product_cat-james-baroud-lt","9":"first","10":"instock","11":"taxable","12":"shipping-taxable","13":"purchasable","14":"product-type-variable"},"yoast_head":"<!-- This site is optimized with the Yoast SEO plugin v27.2 - https:\/\/yoast.com\/product\/yoast-seo-wordpress\/ -->\n<title>James Baroud Space XL - BALTIC OVERLANDERS<\/title>\n<meta name=\"description\" content=\"James Baroud Space XL stogo palapin\u0117je yra pakankamai vietos 2 suaugusiesiems ir 2 vaikams. Novatori\u0161kas dizainas ir funkcijos u\u017etikrina patogi\u0105 stovyklavimo patirt\u012f.\" \/>\n<meta name=\"robots\" content=\"index, follow, max-snippet:-1, max-image-preview:large, max-video-preview:-1\" \/>\n<link rel=\"canonical\" href=\"https:\/\/balticoverlanders.eu\/lt\/produktas\/james-baroud-space-xl-stogo-palapine\/\" \/>\n<meta property=\"og:locale\" content=\"lt_LT\" \/>\n<meta property=\"og:type\" content=\"article\" \/>\n<meta property=\"og:title\" content=\"James Baroud Space XL - BALTIC OVERLANDERS\" \/>\n<meta property=\"og:description\" content=\"James Baroud Space XL stogo palapin\u0117je yra pakankamai vietos 2 suaugusiesiems ir 2 vaikams. Novatori\u0161kas dizainas ir funkcijos u\u017etikrina patogi\u0105 stovyklavimo patirt\u012f.\" \/>\n<meta property=\"og:url\" content=\"https:\/\/balticoverlanders.eu\/lt\/produktas\/james-baroud-space-xl-stogo-palapine\/\" \/>\n<meta property=\"og:site_name\" content=\"BALTIC OVERLANDERS\" \/>\n<meta property=\"article:modified_time\" content=\"2023-06-30T14:37:36+00:00\" \/>\n<meta property=\"og:image\" content=\"https:\/\/balticoverlanders.eu\/wp-content\/uploads\/2023\/03\/SpaceSTD-Black18-1.png\" \/>\n\t<meta property=\"og:image:width\" content=\"1000\" \/>\n\t<meta property=\"og:image:height\" content=\"667\" \/>\n\t<meta property=\"og:image:type\" content=\"image\/png\" \/>\n<meta name=\"twitter:card\" content=\"summary_large_image\" \/>\n<meta name=\"twitter:label1\" content=\"Est. reading time\" \/>\n\t<meta name=\"twitter:data1\" content=\"2 minut\u0117s\" \/>\n<script type=\"application\/ld+json\" class=\"yoast-schema-graph\">{\"@context\":\"https:\/\/schema.org\",\"@graph\":[{\"@type\":\"WebPage\",\"@id\":\"https:\/\/balticoverlanders.eu\/lt\/produktas\/james-baroud-space-xl-stogo-palapine\/\",\"url\":\"https:\/\/balticoverlanders.eu\/lt\/produktas\/james-baroud-space-xl-stogo-palapine\/\",\"name\":\"James Baroud Space XL - BALTIC OVERLANDERS\",\"isPartOf\":{\"@id\":\"https:\/\/balticoverlanders.eu\/lt\/#website\"},\"primaryImageOfPage\":{\"@id\":\"https:\/\/balticoverlanders.eu\/lt\/produktas\/james-baroud-space-xl-stogo-palapine\/#primaryimage\"},\"image\":{\"@id\":\"https:\/\/balticoverlanders.eu\/lt\/produktas\/james-baroud-space-xl-stogo-palapine\/#primaryimage\"},\"thumbnailUrl\":\"https:\/\/balticoverlanders.eu\/wp-content\/uploads\/2023\/03\/SpaceSTD-Black18-1.png\",\"datePublished\":\"2023-03-12T09:30:04+00:00\",\"dateModified\":\"2023-06-30T14:37:36+00:00\",\"description\":\"James Baroud Space XL stogo palapin\u0117je yra pakankamai vietos 2 suaugusiesiems ir 2 vaikams. Novatori\u0161kas dizainas ir funkcijos u\u017etikrina patogi\u0105 stovyklavimo patirt\u012f.\",\"breadcrumb\":{\"@id\":\"https:\/\/balticoverlanders.eu\/lt\/produktas\/james-baroud-space-xl-stogo-palapine\/#breadcrumb\"},\"inLanguage\":\"lt-LT\",\"potentialAction\":[{\"@type\":\"ReadAction\",\"target\":[\"https:\/\/balticoverlanders.eu\/lt\/produktas\/james-baroud-space-xl-stogo-palapine\/\"]}]},{\"@type\":\"ImageObject\",\"inLanguage\":\"lt-LT\",\"@id\":\"https:\/\/balticoverlanders.eu\/lt\/produktas\/james-baroud-space-xl-stogo-palapine\/#primaryimage\",\"url\":\"https:\/\/balticoverlanders.eu\/wp-content\/uploads\/2023\/03\/SpaceSTD-Black18-1.png\",\"contentUrl\":\"https:\/\/balticoverlanders.eu\/wp-content\/uploads\/2023\/03\/SpaceSTD-Black18-1.png\",\"width\":1000,\"height\":667,\"caption\":\"Experience comfortable camping with the spacious James Baroud Space XL rooftop tent for a car, perfect for families of four.\"},{\"@type\":\"BreadcrumbList\",\"@id\":\"https:\/\/balticoverlanders.eu\/lt\/produktas\/james-baroud-space-xl-stogo-palapine\/#breadcrumb\",\"itemListElement\":[{\"@type\":\"ListItem\",\"position\":1,\"name\":\"Home\",\"item\":\"https:\/\/balticoverlanders.eu\/lt\/home\/\"},{\"@type\":\"ListItem\",\"position\":2,\"name\":\"Parduotuv\u0117\",\"item\":\"https:\/\/balticoverlanders.eu\/lt\/parduotuve\/\"},{\"@type\":\"ListItem\",\"position\":3,\"name\":\"James Baroud Space XL\"}]},{\"@type\":\"WebSite\",\"@id\":\"https:\/\/balticoverlanders.eu\/lt\/#website\",\"url\":\"https:\/\/balticoverlanders.eu\/lt\/\",\"name\":\"BALTIC OVERLANDERS\",\"description\":\"Your one-stop shop in Latvia, Estonia, and Lithuania for all your car camping, rooftop tent and accessory needs.\",\"publisher\":{\"@id\":\"https:\/\/balticoverlanders.eu\/lt\/#organization\"},\"potentialAction\":[{\"@type\":\"SearchAction\",\"target\":{\"@type\":\"EntryPoint\",\"urlTemplate\":\"https:\/\/balticoverlanders.eu\/lt\/?s={search_term_string}\"},\"query-input\":{\"@type\":\"PropertyValueSpecification\",\"valueRequired\":true,\"valueName\":\"search_term_string\"}}],\"inLanguage\":\"lt-LT\"},{\"@type\":\"Organization\",\"@id\":\"https:\/\/balticoverlanders.eu\/lt\/#organization\",\"name\":\"BALTIC OVERLANDERS\",\"url\":\"https:\/\/balticoverlanders.eu\/lt\/\",\"logo\":{\"@type\":\"ImageObject\",\"inLanguage\":\"lt-LT\",\"@id\":\"https:\/\/balticoverlanders.eu\/lt\/#\/schema\/logo\/image\/\",\"url\":\"https:\/\/balticoverlanders.eu\/wp-content\/uploads\/2023\/04\/BALTIC-OVERLANDERS-LOGO.jpg\",\"contentUrl\":\"https:\/\/balticoverlanders.eu\/wp-content\/uploads\/2023\/04\/BALTIC-OVERLANDERS-LOGO.jpg\",\"width\":1497,\"height\":310,\"caption\":\"BALTIC OVERLANDERS\"},\"image\":{\"@id\":\"https:\/\/balticoverlanders.eu\/lt\/#\/schema\/logo\/image\/\"},\"sameAs\":[\"https:\/\/www.instagram.com\/balticoverlanders\/\"]}]}<\/script>\n<!-- \/ Yoast SEO plugin. -->","yoast_head_json":{"title":"James Baroud Space XL - BALTIC OVERLANDERS","description":"James Baroud Space XL stogo palapin\u0117je yra pakankamai vietos 2 suaugusiesiems ir 2 vaikams. Novatori\u0161kas dizainas ir funkcijos u\u017etikrina patogi\u0105 stovyklavimo patirt\u012f.","robots":{"index":"index","follow":"follow","max-snippet":"max-snippet:-1","max-image-preview":"max-image-preview:large","max-video-preview":"max-video-preview:-1"},"canonical":"https:\/\/balticoverlanders.eu\/lt\/produktas\/james-baroud-space-xl-stogo-palapine\/","og_locale":"lt_LT","og_type":"article","og_title":"James Baroud Space XL - BALTIC OVERLANDERS","og_description":"James Baroud Space XL stogo palapin\u0117je yra pakankamai vietos 2 suaugusiesiems ir 2 vaikams. Novatori\u0161kas dizainas ir funkcijos u\u017etikrina patogi\u0105 stovyklavimo patirt\u012f.","og_url":"https:\/\/balticoverlanders.eu\/lt\/produktas\/james-baroud-space-xl-stogo-palapine\/","og_site_name":"BALTIC OVERLANDERS","article_modified_time":"2023-06-30T14:37:36+00:00","og_image":[{"width":1000,"height":667,"url":"https:\/\/balticoverlanders.eu\/wp-content\/uploads\/2023\/03\/SpaceSTD-Black18-1.png","type":"image\/png"}],"twitter_card":"summary_large_image","twitter_misc":{"Est. reading time":"2 minut\u0117s"},"schema":{"@context":"https:\/\/schema.org","@graph":[{"@type":"WebPage","@id":"https:\/\/balticoverlanders.eu\/lt\/produktas\/james-baroud-space-xl-stogo-palapine\/","url":"https:\/\/balticoverlanders.eu\/lt\/produktas\/james-baroud-space-xl-stogo-palapine\/","name":"James Baroud Space XL - BALTIC OVERLANDERS","isPartOf":{"@id":"https:\/\/balticoverlanders.eu\/lt\/#website"},"primaryImageOfPage":{"@id":"https:\/\/balticoverlanders.eu\/lt\/produktas\/james-baroud-space-xl-stogo-palapine\/#primaryimage"},"image":{"@id":"https:\/\/balticoverlanders.eu\/lt\/produktas\/james-baroud-space-xl-stogo-palapine\/#primaryimage"},"thumbnailUrl":"https:\/\/balticoverlanders.eu\/wp-content\/uploads\/2023\/03\/SpaceSTD-Black18-1.png","datePublished":"2023-03-12T09:30:04+00:00","dateModified":"2023-06-30T14:37:36+00:00","description":"James Baroud Space XL stogo palapin\u0117je yra pakankamai vietos 2 suaugusiesiems ir 2 vaikams. Novatori\u0161kas dizainas ir funkcijos u\u017etikrina patogi\u0105 stovyklavimo patirt\u012f.","breadcrumb":{"@id":"https:\/\/balticoverlanders.eu\/lt\/produktas\/james-baroud-space-xl-stogo-palapine\/#breadcrumb"},"inLanguage":"lt-LT","potentialAction":[{"@type":"ReadAction","target":["https:\/\/balticoverlanders.eu\/lt\/produktas\/james-baroud-space-xl-stogo-palapine\/"]}]},{"@type":"ImageObject","inLanguage":"lt-LT","@id":"https:\/\/balticoverlanders.eu\/lt\/produktas\/james-baroud-space-xl-stogo-palapine\/#primaryimage","url":"https:\/\/balticoverlanders.eu\/wp-content\/uploads\/2023\/03\/SpaceSTD-Black18-1.png","contentUrl":"https:\/\/balticoverlanders.eu\/wp-content\/uploads\/2023\/03\/SpaceSTD-Black18-1.png","width":1000,"height":667,"caption":"Experience comfortable camping with the spacious James Baroud Space XL rooftop tent for a car, perfect for families of four."},{"@type":"BreadcrumbList","@id":"https:\/\/balticoverlanders.eu\/lt\/produktas\/james-baroud-space-xl-stogo-palapine\/#breadcrumb","itemListElement":[{"@type":"ListItem","position":1,"name":"Home","item":"https:\/\/balticoverlanders.eu\/lt\/home\/"},{"@type":"ListItem","position":2,"name":"Parduotuv\u0117","item":"https:\/\/balticoverlanders.eu\/lt\/parduotuve\/"},{"@type":"ListItem","position":3,"name":"James Baroud Space XL"}]},{"@type":"WebSite","@id":"https:\/\/balticoverlanders.eu\/lt\/#website","url":"https:\/\/balticoverlanders.eu\/lt\/","name":"BALTIC OVERLANDERS","description":"Your one-stop shop in Latvia, Estonia, and Lithuania for all your car camping, rooftop tent and accessory needs.","publisher":{"@id":"https:\/\/balticoverlanders.eu\/lt\/#organization"},"potentialAction":[{"@type":"SearchAction","target":{"@type":"EntryPoint","urlTemplate":"https:\/\/balticoverlanders.eu\/lt\/?s={search_term_string}"},"query-input":{"@type":"PropertyValueSpecification","valueRequired":true,"valueName":"search_term_string"}}],"inLanguage":"lt-LT"},{"@type":"Organization","@id":"https:\/\/balticoverlanders.eu\/lt\/#organization","name":"BALTIC OVERLANDERS","url":"https:\/\/balticoverlanders.eu\/lt\/","logo":{"@type":"ImageObject","inLanguage":"lt-LT","@id":"https:\/\/balticoverlanders.eu\/lt\/#\/schema\/logo\/image\/","url":"https:\/\/balticoverlanders.eu\/wp-content\/uploads\/2023\/04\/BALTIC-OVERLANDERS-LOGO.jpg","contentUrl":"https:\/\/balticoverlanders.eu\/wp-content\/uploads\/2023\/04\/BALTIC-OVERLANDERS-LOGO.jpg","width":1497,"height":310,"caption":"BALTIC OVERLANDERS"},"image":{"@id":"https:\/\/balticoverlanders.eu\/lt\/#\/schema\/logo\/image\/"},"sameAs":["https:\/\/www.instagram.com\/balticoverlanders\/"]}]}},"_links":{"self":[{"href":"https:\/\/balticoverlanders.eu\/lt\/wp-json\/wp\/v2\/product\/17040","targetHints":{"allow":["GET"]}}],"collection":[{"href":"https:\/\/balticoverlanders.eu\/lt\/wp-json\/wp\/v2\/product"}],"about":[{"href":"https:\/\/balticoverlanders.eu\/lt\/wp-json\/wp\/v2\/types\/product"}],"wp:featuredmedia":[{"embeddable":true,"href":"https:\/\/balticoverlanders.eu\/lt\/wp-json\/wp\/v2\/media\/6087"}],"wp:attachment":[{"href":"https:\/\/balticoverlanders.eu\/lt\/wp-json\/wp\/v2\/media?parent=17040"}],"wp:term":[{"taxonomy":"product_brand","embeddable":true,"href":"https:\/\/balticoverlanders.eu\/lt\/wp-json\/wp\/v2\/product_brand?post=17040"},{"taxonomy":"product_cat","embeddable":true,"href":"https:\/\/balticoverlanders.eu\/lt\/wp-json\/wp\/v2\/product_cat?post=17040"},{"taxonomy":"product_tag","embeddable":true,"href":"https:\/\/balticoverlanders.eu\/lt\/wp-json\/wp\/v2\/product_tag?post=17040"}],"curies":[{"name":"wp","href":"https:\/\/api.w.org\/{rel}","templated":true}]}}