{"id":17060,"date":"2023-03-12T11:00:40","date_gmt":"2023-03-12T09:00:40","guid":{"rendered":"https:\/\/balticoverlanders.eu\/product\/discovery-xl\/"},"modified":"2023-06-30T17:53:49","modified_gmt":"2023-06-30T14:53:49","slug":"james-baroud-discovery-xl-stogo-palapine","status":"publish","type":"product","link":"https:\/\/balticoverlanders.eu\/lt\/produktas\/james-baroud-discovery-xl-stogo-palapine\/","title":{"rendered":"James Baroud Discovery XL"},"content":{"rendered":"<p class=\"preFade fadeIn disable-executed-animation\"><strong>James Baroud Discovery XL &#8211; Grei\u010diausiai atidaromas ir lengviausiai u\u017edaromas.<\/strong><\/p>\n<ul>\n<li class=\"preFade fadeIn disable-executed-animation\">2 suaugusiems ir 2 vaikams<\/li>\n<li class=\"preFade fadeIn disable-executed-animation\">\u010diu\u017einio dydis 160 cm x 224 cm<\/li>\n<li class=\"preFade fadeIn disable-executed-animation\">atviras auk\u0161tis 140 cm<\/li>\n<\/ul>\n<p>&#8222;James Baroud Discovery&#8221;, sukurtas pagal korpuso atidarymo koncepcij\u0105, yra grei\u010diausiai atsidarantis ir lengviausiai u\u017esidarantis m\u016bs\u0173 modelis. Palyginti su kitomis rinkoje esan\u010diomis palapin\u0117mis, ji pasi\u017eymi geriausiu atsparumu vandeniui ir v\u0117jui. Palapin\u0117 atsidaro grei\u010diau nei per 15 sekund\u017ei\u0173, naudojant du hidraulinius cilindrus. J\u012f gali u\u017edaryti tik vienas \u017emogus ir grei\u010diau nei per 1 minut\u0119. Dideli langai aplink palapin\u0119 padidina oro sraut\u0105 ir suteikia 180\u00ba vaizd\u0105.<\/p>\n<p>Galima \u012fsigyti M dyd\u017eio 140&#215;200 cm ir XL dyd\u017eio 160&#215;224 cm.<\/p>\n<p><img fetchpriority=\"high\" decoding=\"async\" class=\"alignnone size-medium wp-image-6049\" src=\"https:\/\/balticoverlanders.eu\/wp-content\/uploads\/2023\/03\/DiscoveryXL_1-300x300.png\" alt=\"\" width=\"300\" height=\"300\" srcset=\"https:\/\/balticoverlanders.eu\/wp-content\/uploads\/2023\/03\/DiscoveryXL_1-300x300.png 300w, https:\/\/balticoverlanders.eu\/wp-content\/uploads\/2023\/03\/DiscoveryXL_1-150x150.png 150w, https:\/\/balticoverlanders.eu\/wp-content\/uploads\/2023\/03\/DiscoveryXL_1-600x600.png 600w, https:\/\/balticoverlanders.eu\/wp-content\/uploads\/2023\/03\/DiscoveryXL_1.png 750w\" sizes=\"(max-width: 300px) 100vw, 300px\" \/><img decoding=\"async\" class=\"alignnone size-medium wp-image-6038\" src=\"https:\/\/balticoverlanders.eu\/wp-content\/uploads\/2023\/03\/DiscoveryXL_2-300x300.png\" alt=\"\" width=\"300\" height=\"300\" srcset=\"https:\/\/balticoverlanders.eu\/wp-content\/uploads\/2023\/03\/DiscoveryXL_2-300x300.png 300w, https:\/\/balticoverlanders.eu\/wp-content\/uploads\/2023\/03\/DiscoveryXL_2-150x150.png 150w, https:\/\/balticoverlanders.eu\/wp-content\/uploads\/2023\/03\/DiscoveryXL_2-600x600.png 600w, https:\/\/balticoverlanders.eu\/wp-content\/uploads\/2023\/03\/DiscoveryXL_2.png 750w\" sizes=\"(max-width: 300px) 100vw, 300px\" \/><img decoding=\"async\" class=\"alignnone size-medium wp-image-6051\" src=\"https:\/\/balticoverlanders.eu\/wp-content\/uploads\/2023\/03\/DiscoveryXL_3-300x300.png\" alt=\"\" width=\"300\" height=\"300\" srcset=\"https:\/\/balticoverlanders.eu\/wp-content\/uploads\/2023\/03\/DiscoveryXL_3-300x300.png 300w, https:\/\/balticoverlanders.eu\/wp-content\/uploads\/2023\/03\/DiscoveryXL_3-150x150.png 150w, https:\/\/balticoverlanders.eu\/wp-content\/uploads\/2023\/03\/DiscoveryXL_3-600x600.png 600w, https:\/\/balticoverlanders.eu\/wp-content\/uploads\/2023\/03\/DiscoveryXL_3.png 750w\" sizes=\"(max-width: 300px) 100vw, 300px\" \/><img loading=\"lazy\" decoding=\"async\" class=\"alignnone size-medium wp-image-6050\" src=\"https:\/\/balticoverlanders.eu\/wp-content\/uploads\/2023\/03\/DiscoveryXL_4-300x300.png\" alt=\"\" width=\"300\" height=\"300\" srcset=\"https:\/\/balticoverlanders.eu\/wp-content\/uploads\/2023\/03\/DiscoveryXL_4-300x300.png 300w, https:\/\/balticoverlanders.eu\/wp-content\/uploads\/2023\/03\/DiscoveryXL_4-150x150.png 150w, https:\/\/balticoverlanders.eu\/wp-content\/uploads\/2023\/03\/DiscoveryXL_4-600x600.png 600w, https:\/\/balticoverlanders.eu\/wp-content\/uploads\/2023\/03\/DiscoveryXL_4.png 750w\" sizes=\"(max-width: 300px) 100vw, 300px\" \/><\/p>\n","protected":false},"excerpt":{"rendered":"<p>DISCOVERY XL &#8211; Grei\u010diausiai atidaromas ir lengviausiai u\u017edaromas.<\/p>\n<ul>\n<li class=\"preFade fadeIn disable-executed-animation\">2 suaugusiems ir 2 vaikams<\/li>\n<li class=\"preFade fadeIn disable-executed-animation\">\u010diu\u017einio dydis 160 cm x 224 cm<\/li>\n<li class=\"preFade fadeIn disable-executed-animation\">atviras auk\u0161tis 140 cm<\/li>\n<\/ul>\n<p>NAUJOV\u0116S, PATOGUMAS, J\u0116GA IR GREITUMAS<\/p>\n<p>Tai pagrindiniai elementai, d\u0117l kuri\u0173 James Baroud stogo palapin\u0117s i\u0161gars\u0117jo visame pasaulyje<\/p>\n","protected":false},"featured_media":6043,"template":"","meta":[],"product_brand":[],"product_cat":[254,253],"product_tag":[],"class_list":{"0":"post-17060","1":"product","2":"type-product","3":"status-publish","4":"has-post-thumbnail","6":"product_cat-palapines-ant-stogo","7":"product_cat-james-baroud-lt","9":"first","10":"instock","11":"taxable","12":"shipping-taxable","13":"purchasable","14":"product-type-variable"},"yoast_head":"<!-- This site is optimized with the Yoast SEO plugin v27.3 - https:\/\/yoast.com\/product\/yoast-seo-wordpress\/ -->\n<title>James Baroud Discovery XL - BALTIC OVERLANDERS<\/title>\n<meta name=\"robots\" content=\"index, follow, max-snippet:-1, max-image-preview:large, max-video-preview:-1\" \/>\n<link rel=\"canonical\" href=\"https:\/\/balticoverlanders.eu\/lt\/produktas\/james-baroud-discovery-xl-stogo-palapine\/\" \/>\n<meta property=\"og:locale\" content=\"lt_LT\" \/>\n<meta property=\"og:type\" content=\"article\" \/>\n<meta property=\"og:title\" content=\"James Baroud Discovery XL - BALTIC OVERLANDERS\" \/>\n<meta property=\"og:description\" content=\"DISCOVERY XL - Grei\u010diausiai atidaromas ir lengviausiai u\u017edaromas.   2 suaugusiems ir 2 vaikams  \u010diu\u017einio dydis 160 cm x 224 cm  atviras auk\u0161tis 140 cm  NAUJOV\u0116S, PATOGUMAS, J\u0116GA IR GREITUMAS  Tai pagrindiniai elementai, d\u0117l kuri\u0173 James Baroud stogo palapin\u0117s i\u0161gars\u0117jo visame pasaulyje\" \/>\n<meta property=\"og:url\" content=\"https:\/\/balticoverlanders.eu\/lt\/produktas\/james-baroud-discovery-xl-stogo-palapine\/\" \/>\n<meta property=\"og:site_name\" content=\"BALTIC OVERLANDERS\" \/>\n<meta property=\"article:modified_time\" content=\"2023-06-30T14:53:49+00:00\" \/>\n<meta property=\"og:image\" content=\"https:\/\/balticoverlanders.eu\/wp-content\/uploads\/2023\/03\/DiscoverySTD-Grey12-1.png\" \/>\n\t<meta property=\"og:image:width\" content=\"1000\" \/>\n\t<meta property=\"og:image:height\" content=\"763\" \/>\n\t<meta property=\"og:image:type\" content=\"image\/png\" \/>\n<meta name=\"twitter:card\" content=\"summary_large_image\" \/>\n<meta name=\"twitter:label1\" content=\"Est. reading time\" \/>\n\t<meta name=\"twitter:data1\" content=\"2 minut\u0117s\" \/>\n<script type=\"application\/ld+json\" class=\"yoast-schema-graph\">{\"@context\":\"https:\\\/\\\/schema.org\",\"@graph\":[{\"@type\":\"WebPage\",\"@id\":\"https:\\\/\\\/balticoverlanders.eu\\\/lt\\\/produktas\\\/james-baroud-discovery-xl-stogo-palapine\\\/\",\"url\":\"https:\\\/\\\/balticoverlanders.eu\\\/lt\\\/produktas\\\/james-baroud-discovery-xl-stogo-palapine\\\/\",\"name\":\"James Baroud Discovery XL - BALTIC OVERLANDERS\",\"isPartOf\":{\"@id\":\"https:\\\/\\\/balticoverlanders.eu\\\/lt\\\/#website\"},\"primaryImageOfPage\":{\"@id\":\"https:\\\/\\\/balticoverlanders.eu\\\/lt\\\/produktas\\\/james-baroud-discovery-xl-stogo-palapine\\\/#primaryimage\"},\"image\":{\"@id\":\"https:\\\/\\\/balticoverlanders.eu\\\/lt\\\/produktas\\\/james-baroud-discovery-xl-stogo-palapine\\\/#primaryimage\"},\"thumbnailUrl\":\"https:\\\/\\\/balticoverlanders.eu\\\/wp-content\\\/uploads\\\/2023\\\/03\\\/DiscoverySTD-Grey12-1.png\",\"datePublished\":\"2023-03-12T09:00:40+00:00\",\"dateModified\":\"2023-06-30T14:53:49+00:00\",\"breadcrumb\":{\"@id\":\"https:\\\/\\\/balticoverlanders.eu\\\/lt\\\/produktas\\\/james-baroud-discovery-xl-stogo-palapine\\\/#breadcrumb\"},\"inLanguage\":\"lt-LT\",\"potentialAction\":[{\"@type\":\"ReadAction\",\"target\":[\"https:\\\/\\\/balticoverlanders.eu\\\/lt\\\/produktas\\\/james-baroud-discovery-xl-stogo-palapine\\\/\"]}]},{\"@type\":\"ImageObject\",\"inLanguage\":\"lt-LT\",\"@id\":\"https:\\\/\\\/balticoverlanders.eu\\\/lt\\\/produktas\\\/james-baroud-discovery-xl-stogo-palapine\\\/#primaryimage\",\"url\":\"https:\\\/\\\/balticoverlanders.eu\\\/wp-content\\\/uploads\\\/2023\\\/03\\\/DiscoverySTD-Grey12-1.png\",\"contentUrl\":\"https:\\\/\\\/balticoverlanders.eu\\\/wp-content\\\/uploads\\\/2023\\\/03\\\/DiscoverySTD-Grey12-1.png\",\"width\":1000,\"height\":763},{\"@type\":\"BreadcrumbList\",\"@id\":\"https:\\\/\\\/balticoverlanders.eu\\\/lt\\\/produktas\\\/james-baroud-discovery-xl-stogo-palapine\\\/#breadcrumb\",\"itemListElement\":[{\"@type\":\"ListItem\",\"position\":1,\"name\":\"Home\",\"item\":\"https:\\\/\\\/balticoverlanders.eu\\\/lt\\\/home\\\/\"},{\"@type\":\"ListItem\",\"position\":2,\"name\":\"Parduotuv\u0117\",\"item\":\"https:\\\/\\\/balticoverlanders.eu\\\/lt\\\/parduotuve\\\/\"},{\"@type\":\"ListItem\",\"position\":3,\"name\":\"James Baroud Discovery XL\"}]},{\"@type\":\"WebSite\",\"@id\":\"https:\\\/\\\/balticoverlanders.eu\\\/lt\\\/#website\",\"url\":\"https:\\\/\\\/balticoverlanders.eu\\\/lt\\\/\",\"name\":\"BALTIC OVERLANDERS\",\"description\":\"Your one-stop shop in Latvia, Estonia, and Lithuania for all your car camping, rooftop tent and accessory needs.\",\"publisher\":{\"@id\":\"https:\\\/\\\/balticoverlanders.eu\\\/lt\\\/#organization\"},\"potentialAction\":[{\"@type\":\"SearchAction\",\"target\":{\"@type\":\"EntryPoint\",\"urlTemplate\":\"https:\\\/\\\/balticoverlanders.eu\\\/lt\\\/?s={search_term_string}\"},\"query-input\":{\"@type\":\"PropertyValueSpecification\",\"valueRequired\":true,\"valueName\":\"search_term_string\"}}],\"inLanguage\":\"lt-LT\"},{\"@type\":\"Organization\",\"@id\":\"https:\\\/\\\/balticoverlanders.eu\\\/lt\\\/#organization\",\"name\":\"BALTIC OVERLANDERS\",\"url\":\"https:\\\/\\\/balticoverlanders.eu\\\/lt\\\/\",\"logo\":{\"@type\":\"ImageObject\",\"inLanguage\":\"lt-LT\",\"@id\":\"https:\\\/\\\/balticoverlanders.eu\\\/lt\\\/#\\\/schema\\\/logo\\\/image\\\/\",\"url\":\"https:\\\/\\\/balticoverlanders.eu\\\/wp-content\\\/uploads\\\/2023\\\/04\\\/BALTIC-OVERLANDERS-LOGO.jpg\",\"contentUrl\":\"https:\\\/\\\/balticoverlanders.eu\\\/wp-content\\\/uploads\\\/2023\\\/04\\\/BALTIC-OVERLANDERS-LOGO.jpg\",\"width\":1497,\"height\":310,\"caption\":\"BALTIC OVERLANDERS\"},\"image\":{\"@id\":\"https:\\\/\\\/balticoverlanders.eu\\\/lt\\\/#\\\/schema\\\/logo\\\/image\\\/\"},\"sameAs\":[\"https:\\\/\\\/www.instagram.com\\\/balticoverlanders\\\/\"]}]}<\/script>\n<!-- \/ Yoast SEO plugin. -->","yoast_head_json":{"title":"James Baroud Discovery XL - BALTIC OVERLANDERS","robots":{"index":"index","follow":"follow","max-snippet":"max-snippet:-1","max-image-preview":"max-image-preview:large","max-video-preview":"max-video-preview:-1"},"canonical":"https:\/\/balticoverlanders.eu\/lt\/produktas\/james-baroud-discovery-xl-stogo-palapine\/","og_locale":"lt_LT","og_type":"article","og_title":"James Baroud Discovery XL - BALTIC OVERLANDERS","og_description":"DISCOVERY XL - Grei\u010diausiai atidaromas ir lengviausiai u\u017edaromas.   2 suaugusiems ir 2 vaikams  \u010diu\u017einio dydis 160 cm x 224 cm  atviras auk\u0161tis 140 cm  NAUJOV\u0116S, PATOGUMAS, J\u0116GA IR GREITUMAS  Tai pagrindiniai elementai, d\u0117l kuri\u0173 James Baroud stogo palapin\u0117s i\u0161gars\u0117jo visame pasaulyje","og_url":"https:\/\/balticoverlanders.eu\/lt\/produktas\/james-baroud-discovery-xl-stogo-palapine\/","og_site_name":"BALTIC OVERLANDERS","article_modified_time":"2023-06-30T14:53:49+00:00","og_image":[{"width":1000,"height":763,"url":"https:\/\/balticoverlanders.eu\/wp-content\/uploads\/2023\/03\/DiscoverySTD-Grey12-1.png","type":"image\/png"}],"twitter_card":"summary_large_image","twitter_misc":{"Est. reading time":"2 minut\u0117s"},"schema":{"@context":"https:\/\/schema.org","@graph":[{"@type":"WebPage","@id":"https:\/\/balticoverlanders.eu\/lt\/produktas\/james-baroud-discovery-xl-stogo-palapine\/","url":"https:\/\/balticoverlanders.eu\/lt\/produktas\/james-baroud-discovery-xl-stogo-palapine\/","name":"James Baroud Discovery XL - BALTIC OVERLANDERS","isPartOf":{"@id":"https:\/\/balticoverlanders.eu\/lt\/#website"},"primaryImageOfPage":{"@id":"https:\/\/balticoverlanders.eu\/lt\/produktas\/james-baroud-discovery-xl-stogo-palapine\/#primaryimage"},"image":{"@id":"https:\/\/balticoverlanders.eu\/lt\/produktas\/james-baroud-discovery-xl-stogo-palapine\/#primaryimage"},"thumbnailUrl":"https:\/\/balticoverlanders.eu\/wp-content\/uploads\/2023\/03\/DiscoverySTD-Grey12-1.png","datePublished":"2023-03-12T09:00:40+00:00","dateModified":"2023-06-30T14:53:49+00:00","breadcrumb":{"@id":"https:\/\/balticoverlanders.eu\/lt\/produktas\/james-baroud-discovery-xl-stogo-palapine\/#breadcrumb"},"inLanguage":"lt-LT","potentialAction":[{"@type":"ReadAction","target":["https:\/\/balticoverlanders.eu\/lt\/produktas\/james-baroud-discovery-xl-stogo-palapine\/"]}]},{"@type":"ImageObject","inLanguage":"lt-LT","@id":"https:\/\/balticoverlanders.eu\/lt\/produktas\/james-baroud-discovery-xl-stogo-palapine\/#primaryimage","url":"https:\/\/balticoverlanders.eu\/wp-content\/uploads\/2023\/03\/DiscoverySTD-Grey12-1.png","contentUrl":"https:\/\/balticoverlanders.eu\/wp-content\/uploads\/2023\/03\/DiscoverySTD-Grey12-1.png","width":1000,"height":763},{"@type":"BreadcrumbList","@id":"https:\/\/balticoverlanders.eu\/lt\/produktas\/james-baroud-discovery-xl-stogo-palapine\/#breadcrumb","itemListElement":[{"@type":"ListItem","position":1,"name":"Home","item":"https:\/\/balticoverlanders.eu\/lt\/home\/"},{"@type":"ListItem","position":2,"name":"Parduotuv\u0117","item":"https:\/\/balticoverlanders.eu\/lt\/parduotuve\/"},{"@type":"ListItem","position":3,"name":"James Baroud Discovery XL"}]},{"@type":"WebSite","@id":"https:\/\/balticoverlanders.eu\/lt\/#website","url":"https:\/\/balticoverlanders.eu\/lt\/","name":"BALTIC OVERLANDERS","description":"Your one-stop shop in Latvia, Estonia, and Lithuania for all your car camping, rooftop tent and accessory needs.","publisher":{"@id":"https:\/\/balticoverlanders.eu\/lt\/#organization"},"potentialAction":[{"@type":"SearchAction","target":{"@type":"EntryPoint","urlTemplate":"https:\/\/balticoverlanders.eu\/lt\/?s={search_term_string}"},"query-input":{"@type":"PropertyValueSpecification","valueRequired":true,"valueName":"search_term_string"}}],"inLanguage":"lt-LT"},{"@type":"Organization","@id":"https:\/\/balticoverlanders.eu\/lt\/#organization","name":"BALTIC OVERLANDERS","url":"https:\/\/balticoverlanders.eu\/lt\/","logo":{"@type":"ImageObject","inLanguage":"lt-LT","@id":"https:\/\/balticoverlanders.eu\/lt\/#\/schema\/logo\/image\/","url":"https:\/\/balticoverlanders.eu\/wp-content\/uploads\/2023\/04\/BALTIC-OVERLANDERS-LOGO.jpg","contentUrl":"https:\/\/balticoverlanders.eu\/wp-content\/uploads\/2023\/04\/BALTIC-OVERLANDERS-LOGO.jpg","width":1497,"height":310,"caption":"BALTIC OVERLANDERS"},"image":{"@id":"https:\/\/balticoverlanders.eu\/lt\/#\/schema\/logo\/image\/"},"sameAs":["https:\/\/www.instagram.com\/balticoverlanders\/"]}]}},"_links":{"self":[{"href":"https:\/\/balticoverlanders.eu\/lt\/wp-json\/wp\/v2\/product\/17060","targetHints":{"allow":["GET"]}}],"collection":[{"href":"https:\/\/balticoverlanders.eu\/lt\/wp-json\/wp\/v2\/product"}],"about":[{"href":"https:\/\/balticoverlanders.eu\/lt\/wp-json\/wp\/v2\/types\/product"}],"wp:featuredmedia":[{"embeddable":true,"href":"https:\/\/balticoverlanders.eu\/lt\/wp-json\/wp\/v2\/media\/6043"}],"wp:attachment":[{"href":"https:\/\/balticoverlanders.eu\/lt\/wp-json\/wp\/v2\/media?parent=17060"}],"wp:term":[{"taxonomy":"product_brand","embeddable":true,"href":"https:\/\/balticoverlanders.eu\/lt\/wp-json\/wp\/v2\/product_brand?post=17060"},{"taxonomy":"product_cat","embeddable":true,"href":"https:\/\/balticoverlanders.eu\/lt\/wp-json\/wp\/v2\/product_cat?post=17060"},{"taxonomy":"product_tag","embeddable":true,"href":"https:\/\/balticoverlanders.eu\/lt\/wp-json\/wp\/v2\/product_tag?post=17060"}],"curies":[{"name":"wp","href":"https:\/\/api.w.org\/{rel}","templated":true}]}}