{"id":39194,"date":"2024-03-17T14:14:46","date_gmt":"2024-03-17T12:14:46","guid":{"rendered":"https:\/\/balticoverlanders.eu\/product\/wild-land-desert-cruiser-140\/"},"modified":"2024-05-06T22:40:21","modified_gmt":"2024-05-06T19:40:21","slug":"wild-land-desert-cruiser-140","status":"publish","type":"product","link":"https:\/\/balticoverlanders.eu\/lt\/produktas\/wild-land-desert-cruiser-140\/","title":{"rendered":"&#8222;Wild Land Desert Cruiser&#8221; 140"},"content":{"rendered":"<p><em>Patvarumas, dizainas ir neprilygstamas patogumas<\/em><\/p>\n<p><strong>Unikalios savyb\u0117s:<\/strong><\/p>\n<ul>\n<li><strong>I\u0161skirtinis plonas dizainas:<\/strong> U\u017edara palapin\u0117 yra tik 18 cm storio, \u012fskaitant aliuminio profilius po palapine.<\/li>\n<li><strong>Patogus pakavimas:<\/strong> Galima u\u017edaryti miegmai\u0161\u012f su viduje esan\u010dia pagalve.<\/li>\n<li><strong>Universalus naudojimas:<\/strong> Aliuminio korpusas ir \u012ftraukti b\u0117geliai leid\u017eia papildomai i\u0161naudoti erdv\u0119.<\/li>\n<li><strong>Pritaikomi b\u0117giai:<\/strong> T formos lizdai ilgesn\u0117se pus\u0117se, skirti i\u0161oriniam ap\u0161vietimui, \u0161onin\u0117ms \u017ealiuz\u0117ms ar kitai \u012frangai \u012frengti.<\/li>\n<li><strong>Hidraulin\u0117 atidarymo sistema:<\/strong> Sukuriama grei\u010diau nei per minut\u0119, kad b\u016bt\u0173 galima greitai ir be r\u016bpes\u010di\u0173 stovyklauti.<\/li>\n<li><strong>Integruotas ap\u0161vietimas:<\/strong> Ap\u0161vietimas: LED juostel\u0117s viduje.<\/li>\n<li><strong>Erdvus interjeras:<\/strong> Dideli langai \u0161onuose sukuria atviro ir erdvaus interjero \u012fsp\u016bd\u012f.<\/li>\n<li><strong>Apsauga nuo oro s\u0105lyg\u0173:<\/strong> Slepiamos si\u016bl\u0117s ir strategi\u0161kai suprojektuotas u\u017evalkalas apsaugo nuo vandens patekimo.<\/li>\n<li><strong>Optimizuotas v\u0117dinimas:<\/strong> Papildoma ventiliacijos anga apsaugo nuo kondensato susidarymo ir u\u017etikrina komfort\u0105 bet kokiame klimate.<\/li>\n<li><strong>Lengva prie\u017ei\u016bra:<\/strong> Visi\u0161kai nuimami elementai, kad b\u016bt\u0173 patogu plauti ir pri\u017ei\u016br\u0117ti.<\/li>\n<li><strong>Pogarantinis aptarnavimas:<\/strong> Galimyb\u0117 gauti atsargini\u0173 dali\u0173 net ir pasibaigus garantiniam laikotarpiui.<\/li>\n<\/ul>\n<p><strong>Naujiena II versijoje:<\/strong><\/p>\n<ul>\n<li><strong>Eleganti\u0161kas dizainas:<\/strong> Sidabriniai aliuminio elementai pakeisti stilingais juodais.<\/li>\n<li><strong>Patobulintas ap\u0161vietimas:<\/strong> Reguliuojama LED juostel\u0117 su jungikliu, leid\u017eian\u010diu keisti ry\u0161kum\u0105.<\/li>\n<li><strong>Patobulinta apr\u0117ptis:<\/strong> Pagrindin\u0117 palapin\u0117s danga dabar t\u0119siasi nuo vir\u0161aus iki apa\u010dios.<\/li>\n<li><strong>Papildomas patogumas:<\/strong> Vidin\u0117s ki\u0161en\u0117s smulkiems daiktams laikyti apatin\u0117je dalyje.<\/li>\n<\/ul>\n<p><strong>Galimi papildomi priedai:<\/strong><\/p>\n<ul>\n<li><strong>Speciali izoliacija:<\/strong> Padidinkite \u0161ilumin\u012f komfort\u0105 \u012fvairiomis oro s\u0105lygomis.<\/li>\n<li><strong>Universalus prieangio stogas:<\/strong> I\u0161pl\u0117skite apsaugot\u0105 erdv\u0119, kad gal\u0117tum\u0117te \u012fvairiapusi\u0161kai \u012frengti stovyklaviet\u0119.<\/li>\n<li><strong>Stogin\u0117s ir priestatai:<\/strong> I\u0161pl\u0117skite gyvenam\u0105j\u0105 erdv\u0119 ir apsisaugokite nuo gamtos stichij\u0173.<\/li>\n<\/ul>\n<p><strong>Patirkite pakyl\u0117t\u0105 stovyklavimo patirt\u012f su &#8222;Desert Cruiser 140&#8221; stogine palapine II versija. U\u017esisakykite \u0161iandien!<\/strong><\/p>\n","protected":false},"excerpt":{"rendered":"<p>Vir\u0161utinis kietas korpusas i\u0161 aliuminio korio juodos spalvos, u\u017edaras auk\u0161tis tik 15 cm ir 18 cm su aliuminio profiliu apa\u010dioje, T formos eilut\u0117 ilgojoje pus\u0117je papildomiems priedams tvirtinti, 2 nuimami strypai papildomai \u012frangai pritvirtinti ir t. t., metaliniai u\u017eraktai palapinei u\u017edaryti.<\/p>\n<p>Komplektacija: teleskopin\u0117s kop\u0117\u010dios iki 230 cm ilgio, reikalingi daiktai, ki\u0161en\u0117s batams, vidin\u0117 LED lemput\u0117 su \u0161viesos intensyvumo reguliavimu ir \u012fjungimu \/ i\u0161jungimu, 2 vnt. nuimam\u0173 stryp\u0173, montavimo rinkinys ir instrukcija.<\/p>\n","protected":false},"featured_media":33900,"template":"","meta":[],"product_brand":[],"product_cat":[254,489],"product_tag":[],"class_list":{"0":"post-39194","1":"product","2":"type-product","3":"status-publish","4":"has-post-thumbnail","6":"product_cat-palapines-ant-stogo","7":"product_cat-laukine-zeme","9":"first","10":"onbackorder","11":"taxable","12":"shipping-taxable","13":"purchasable","14":"product-type-simple"},"yoast_head":"<!-- This site is optimized with the Yoast SEO plugin v27.3 - https:\/\/yoast.com\/product\/yoast-seo-wordpress\/ -->\n<title>&quot;Wild Land Desert Cruiser&quot; 140 - BALTIC OVERLANDERS<\/title>\n<meta name=\"description\" content=\"Auk\u0161\u010diausios kokyb\u0117s juodo aliuminio kieto korpuso palapin\u0117 su nuimamais strypais, LED \u017eibintu, teleskopin\u0117mis kop\u0117\u010diomis ir pried\u0173 rinkiniu. Auk\u0161tos kokyb\u0117s stovyklavimo sprendimas.\" \/>\n<meta name=\"robots\" content=\"index, follow, max-snippet:-1, max-image-preview:large, max-video-preview:-1\" \/>\n<link rel=\"canonical\" href=\"https:\/\/balticoverlanders.eu\/lt\/produktas\/wild-land-desert-cruiser-140\/\" \/>\n<meta property=\"og:locale\" content=\"lt_LT\" \/>\n<meta property=\"og:type\" content=\"article\" \/>\n<meta property=\"og:title\" content=\"&quot;Wild Land Desert Cruiser&quot; 140 - BALTIC OVERLANDERS\" \/>\n<meta property=\"og:description\" content=\"Auk\u0161\u010diausios kokyb\u0117s juodo aliuminio kieto korpuso palapin\u0117 su nuimamais strypais, LED \u017eibintu, teleskopin\u0117mis kop\u0117\u010diomis ir pried\u0173 rinkiniu. Auk\u0161tos kokyb\u0117s stovyklavimo sprendimas.\" \/>\n<meta property=\"og:url\" content=\"https:\/\/balticoverlanders.eu\/lt\/produktas\/wild-land-desert-cruiser-140\/\" \/>\n<meta property=\"og:site_name\" content=\"BALTIC OVERLANDERS\" \/>\n<meta property=\"article:modified_time\" content=\"2024-05-06T19:40:21+00:00\" \/>\n<meta property=\"og:image\" content=\"https:\/\/balticoverlanders.eu\/wp-content\/uploads\/2024\/03\/namiot-dachowy-Desert-Cruiser-II-rozlozony-duza-kubatura-w-srodu-wysokosc-110-cm-bardzo-wygodnie-i-komfortowo-idealny-dla-2-osob.jpg\" \/>\n\t<meta property=\"og:image:width\" content=\"740\" \/>\n\t<meta property=\"og:image:height\" content=\"770\" \/>\n\t<meta property=\"og:image:type\" content=\"image\/jpeg\" \/>\n<meta name=\"twitter:card\" content=\"summary_large_image\" \/>\n<meta name=\"twitter:label1\" content=\"Est. reading time\" \/>\n\t<meta name=\"twitter:data1\" content=\"1 minut\u0117\" \/>\n<script type=\"application\/ld+json\" class=\"yoast-schema-graph\">{\"@context\":\"https:\\\/\\\/schema.org\",\"@graph\":[{\"@type\":\"WebPage\",\"@id\":\"https:\\\/\\\/balticoverlanders.eu\\\/lt\\\/produktas\\\/wild-land-desert-cruiser-140\\\/\",\"url\":\"https:\\\/\\\/balticoverlanders.eu\\\/lt\\\/produktas\\\/wild-land-desert-cruiser-140\\\/\",\"name\":\"\\\"Wild Land Desert Cruiser\\\" 140 - BALTIC OVERLANDERS\",\"isPartOf\":{\"@id\":\"https:\\\/\\\/balticoverlanders.eu\\\/lt\\\/#website\"},\"primaryImageOfPage\":{\"@id\":\"https:\\\/\\\/balticoverlanders.eu\\\/lt\\\/produktas\\\/wild-land-desert-cruiser-140\\\/#primaryimage\"},\"image\":{\"@id\":\"https:\\\/\\\/balticoverlanders.eu\\\/lt\\\/produktas\\\/wild-land-desert-cruiser-140\\\/#primaryimage\"},\"thumbnailUrl\":\"https:\\\/\\\/balticoverlanders.eu\\\/wp-content\\\/uploads\\\/2024\\\/03\\\/namiot-dachowy-Desert-Cruiser-II-rozlozony-duza-kubatura-w-srodu-wysokosc-110-cm-bardzo-wygodnie-i-komfortowo-idealny-dla-2-osob.jpg\",\"datePublished\":\"2024-03-17T12:14:46+00:00\",\"dateModified\":\"2024-05-06T19:40:21+00:00\",\"description\":\"Auk\u0161\u010diausios kokyb\u0117s juodo aliuminio kieto korpuso palapin\u0117 su nuimamais strypais, LED \u017eibintu, teleskopin\u0117mis kop\u0117\u010diomis ir pried\u0173 rinkiniu. Auk\u0161tos kokyb\u0117s stovyklavimo sprendimas.\",\"breadcrumb\":{\"@id\":\"https:\\\/\\\/balticoverlanders.eu\\\/lt\\\/produktas\\\/wild-land-desert-cruiser-140\\\/#breadcrumb\"},\"inLanguage\":\"lt-LT\",\"potentialAction\":[{\"@type\":\"ReadAction\",\"target\":[\"https:\\\/\\\/balticoverlanders.eu\\\/lt\\\/produktas\\\/wild-land-desert-cruiser-140\\\/\"]}]},{\"@type\":\"ImageObject\",\"inLanguage\":\"lt-LT\",\"@id\":\"https:\\\/\\\/balticoverlanders.eu\\\/lt\\\/produktas\\\/wild-land-desert-cruiser-140\\\/#primaryimage\",\"url\":\"https:\\\/\\\/balticoverlanders.eu\\\/wp-content\\\/uploads\\\/2024\\\/03\\\/namiot-dachowy-Desert-Cruiser-II-rozlozony-duza-kubatura-w-srodu-wysokosc-110-cm-bardzo-wygodnie-i-komfortowo-idealny-dla-2-osob.jpg\",\"contentUrl\":\"https:\\\/\\\/balticoverlanders.eu\\\/wp-content\\\/uploads\\\/2024\\\/03\\\/namiot-dachowy-Desert-Cruiser-II-rozlozony-duza-kubatura-w-srodu-wysokosc-110-cm-bardzo-wygodnie-i-komfortowo-idealny-dla-2-osob.jpg\",\"width\":740,\"height\":770},{\"@type\":\"BreadcrumbList\",\"@id\":\"https:\\\/\\\/balticoverlanders.eu\\\/lt\\\/produktas\\\/wild-land-desert-cruiser-140\\\/#breadcrumb\",\"itemListElement\":[{\"@type\":\"ListItem\",\"position\":1,\"name\":\"Home\",\"item\":\"https:\\\/\\\/balticoverlanders.eu\\\/lt\\\/home\\\/\"},{\"@type\":\"ListItem\",\"position\":2,\"name\":\"Parduotuv\u0117\",\"item\":\"https:\\\/\\\/balticoverlanders.eu\\\/lt\\\/parduotuve\\\/\"},{\"@type\":\"ListItem\",\"position\":3,\"name\":\"&#8222;Wild Land Desert Cruiser&#8221; 140\"}]},{\"@type\":\"WebSite\",\"@id\":\"https:\\\/\\\/balticoverlanders.eu\\\/lt\\\/#website\",\"url\":\"https:\\\/\\\/balticoverlanders.eu\\\/lt\\\/\",\"name\":\"BALTIC OVERLANDERS\",\"description\":\"Your one-stop shop in Latvia, Estonia, and Lithuania for all your car camping, rooftop tent and accessory needs.\",\"publisher\":{\"@id\":\"https:\\\/\\\/balticoverlanders.eu\\\/lt\\\/#organization\"},\"potentialAction\":[{\"@type\":\"SearchAction\",\"target\":{\"@type\":\"EntryPoint\",\"urlTemplate\":\"https:\\\/\\\/balticoverlanders.eu\\\/lt\\\/?s={search_term_string}\"},\"query-input\":{\"@type\":\"PropertyValueSpecification\",\"valueRequired\":true,\"valueName\":\"search_term_string\"}}],\"inLanguage\":\"lt-LT\"},{\"@type\":\"Organization\",\"@id\":\"https:\\\/\\\/balticoverlanders.eu\\\/lt\\\/#organization\",\"name\":\"BALTIC OVERLANDERS\",\"url\":\"https:\\\/\\\/balticoverlanders.eu\\\/lt\\\/\",\"logo\":{\"@type\":\"ImageObject\",\"inLanguage\":\"lt-LT\",\"@id\":\"https:\\\/\\\/balticoverlanders.eu\\\/lt\\\/#\\\/schema\\\/logo\\\/image\\\/\",\"url\":\"https:\\\/\\\/balticoverlanders.eu\\\/wp-content\\\/uploads\\\/2023\\\/04\\\/BALTIC-OVERLANDERS-LOGO.jpg\",\"contentUrl\":\"https:\\\/\\\/balticoverlanders.eu\\\/wp-content\\\/uploads\\\/2023\\\/04\\\/BALTIC-OVERLANDERS-LOGO.jpg\",\"width\":1497,\"height\":310,\"caption\":\"BALTIC OVERLANDERS\"},\"image\":{\"@id\":\"https:\\\/\\\/balticoverlanders.eu\\\/lt\\\/#\\\/schema\\\/logo\\\/image\\\/\"},\"sameAs\":[\"https:\\\/\\\/www.instagram.com\\\/balticoverlanders\\\/\"]}]}<\/script>\n<!-- \/ Yoast SEO plugin. -->","yoast_head_json":{"title":"\"Wild Land Desert Cruiser\" 140 - BALTIC OVERLANDERS","description":"Auk\u0161\u010diausios kokyb\u0117s juodo aliuminio kieto korpuso palapin\u0117 su nuimamais strypais, LED \u017eibintu, teleskopin\u0117mis kop\u0117\u010diomis ir pried\u0173 rinkiniu. Auk\u0161tos kokyb\u0117s stovyklavimo sprendimas.","robots":{"index":"index","follow":"follow","max-snippet":"max-snippet:-1","max-image-preview":"max-image-preview:large","max-video-preview":"max-video-preview:-1"},"canonical":"https:\/\/balticoverlanders.eu\/lt\/produktas\/wild-land-desert-cruiser-140\/","og_locale":"lt_LT","og_type":"article","og_title":"\"Wild Land Desert Cruiser\" 140 - BALTIC OVERLANDERS","og_description":"Auk\u0161\u010diausios kokyb\u0117s juodo aliuminio kieto korpuso palapin\u0117 su nuimamais strypais, LED \u017eibintu, teleskopin\u0117mis kop\u0117\u010diomis ir pried\u0173 rinkiniu. Auk\u0161tos kokyb\u0117s stovyklavimo sprendimas.","og_url":"https:\/\/balticoverlanders.eu\/lt\/produktas\/wild-land-desert-cruiser-140\/","og_site_name":"BALTIC OVERLANDERS","article_modified_time":"2024-05-06T19:40:21+00:00","og_image":[{"width":740,"height":770,"url":"https:\/\/balticoverlanders.eu\/wp-content\/uploads\/2024\/03\/namiot-dachowy-Desert-Cruiser-II-rozlozony-duza-kubatura-w-srodu-wysokosc-110-cm-bardzo-wygodnie-i-komfortowo-idealny-dla-2-osob.jpg","type":"image\/jpeg"}],"twitter_card":"summary_large_image","twitter_misc":{"Est. reading time":"1 minut\u0117"},"schema":{"@context":"https:\/\/schema.org","@graph":[{"@type":"WebPage","@id":"https:\/\/balticoverlanders.eu\/lt\/produktas\/wild-land-desert-cruiser-140\/","url":"https:\/\/balticoverlanders.eu\/lt\/produktas\/wild-land-desert-cruiser-140\/","name":"\"Wild Land Desert Cruiser\" 140 - BALTIC OVERLANDERS","isPartOf":{"@id":"https:\/\/balticoverlanders.eu\/lt\/#website"},"primaryImageOfPage":{"@id":"https:\/\/balticoverlanders.eu\/lt\/produktas\/wild-land-desert-cruiser-140\/#primaryimage"},"image":{"@id":"https:\/\/balticoverlanders.eu\/lt\/produktas\/wild-land-desert-cruiser-140\/#primaryimage"},"thumbnailUrl":"https:\/\/balticoverlanders.eu\/wp-content\/uploads\/2024\/03\/namiot-dachowy-Desert-Cruiser-II-rozlozony-duza-kubatura-w-srodu-wysokosc-110-cm-bardzo-wygodnie-i-komfortowo-idealny-dla-2-osob.jpg","datePublished":"2024-03-17T12:14:46+00:00","dateModified":"2024-05-06T19:40:21+00:00","description":"Auk\u0161\u010diausios kokyb\u0117s juodo aliuminio kieto korpuso palapin\u0117 su nuimamais strypais, LED \u017eibintu, teleskopin\u0117mis kop\u0117\u010diomis ir pried\u0173 rinkiniu. Auk\u0161tos kokyb\u0117s stovyklavimo sprendimas.","breadcrumb":{"@id":"https:\/\/balticoverlanders.eu\/lt\/produktas\/wild-land-desert-cruiser-140\/#breadcrumb"},"inLanguage":"lt-LT","potentialAction":[{"@type":"ReadAction","target":["https:\/\/balticoverlanders.eu\/lt\/produktas\/wild-land-desert-cruiser-140\/"]}]},{"@type":"ImageObject","inLanguage":"lt-LT","@id":"https:\/\/balticoverlanders.eu\/lt\/produktas\/wild-land-desert-cruiser-140\/#primaryimage","url":"https:\/\/balticoverlanders.eu\/wp-content\/uploads\/2024\/03\/namiot-dachowy-Desert-Cruiser-II-rozlozony-duza-kubatura-w-srodu-wysokosc-110-cm-bardzo-wygodnie-i-komfortowo-idealny-dla-2-osob.jpg","contentUrl":"https:\/\/balticoverlanders.eu\/wp-content\/uploads\/2024\/03\/namiot-dachowy-Desert-Cruiser-II-rozlozony-duza-kubatura-w-srodu-wysokosc-110-cm-bardzo-wygodnie-i-komfortowo-idealny-dla-2-osob.jpg","width":740,"height":770},{"@type":"BreadcrumbList","@id":"https:\/\/balticoverlanders.eu\/lt\/produktas\/wild-land-desert-cruiser-140\/#breadcrumb","itemListElement":[{"@type":"ListItem","position":1,"name":"Home","item":"https:\/\/balticoverlanders.eu\/lt\/home\/"},{"@type":"ListItem","position":2,"name":"Parduotuv\u0117","item":"https:\/\/balticoverlanders.eu\/lt\/parduotuve\/"},{"@type":"ListItem","position":3,"name":"&#8222;Wild Land Desert Cruiser&#8221; 140"}]},{"@type":"WebSite","@id":"https:\/\/balticoverlanders.eu\/lt\/#website","url":"https:\/\/balticoverlanders.eu\/lt\/","name":"BALTIC OVERLANDERS","description":"Your one-stop shop in Latvia, Estonia, and Lithuania for all your car camping, rooftop tent and accessory needs.","publisher":{"@id":"https:\/\/balticoverlanders.eu\/lt\/#organization"},"potentialAction":[{"@type":"SearchAction","target":{"@type":"EntryPoint","urlTemplate":"https:\/\/balticoverlanders.eu\/lt\/?s={search_term_string}"},"query-input":{"@type":"PropertyValueSpecification","valueRequired":true,"valueName":"search_term_string"}}],"inLanguage":"lt-LT"},{"@type":"Organization","@id":"https:\/\/balticoverlanders.eu\/lt\/#organization","name":"BALTIC OVERLANDERS","url":"https:\/\/balticoverlanders.eu\/lt\/","logo":{"@type":"ImageObject","inLanguage":"lt-LT","@id":"https:\/\/balticoverlanders.eu\/lt\/#\/schema\/logo\/image\/","url":"https:\/\/balticoverlanders.eu\/wp-content\/uploads\/2023\/04\/BALTIC-OVERLANDERS-LOGO.jpg","contentUrl":"https:\/\/balticoverlanders.eu\/wp-content\/uploads\/2023\/04\/BALTIC-OVERLANDERS-LOGO.jpg","width":1497,"height":310,"caption":"BALTIC OVERLANDERS"},"image":{"@id":"https:\/\/balticoverlanders.eu\/lt\/#\/schema\/logo\/image\/"},"sameAs":["https:\/\/www.instagram.com\/balticoverlanders\/"]}]}},"_links":{"self":[{"href":"https:\/\/balticoverlanders.eu\/lt\/wp-json\/wp\/v2\/product\/39194","targetHints":{"allow":["GET"]}}],"collection":[{"href":"https:\/\/balticoverlanders.eu\/lt\/wp-json\/wp\/v2\/product"}],"about":[{"href":"https:\/\/balticoverlanders.eu\/lt\/wp-json\/wp\/v2\/types\/product"}],"wp:featuredmedia":[{"embeddable":true,"href":"https:\/\/balticoverlanders.eu\/lt\/wp-json\/wp\/v2\/media\/33900"}],"wp:attachment":[{"href":"https:\/\/balticoverlanders.eu\/lt\/wp-json\/wp\/v2\/media?parent=39194"}],"wp:term":[{"taxonomy":"product_brand","embeddable":true,"href":"https:\/\/balticoverlanders.eu\/lt\/wp-json\/wp\/v2\/product_brand?post=39194"},{"taxonomy":"product_cat","embeddable":true,"href":"https:\/\/balticoverlanders.eu\/lt\/wp-json\/wp\/v2\/product_cat?post=39194"},{"taxonomy":"product_tag","embeddable":true,"href":"https:\/\/balticoverlanders.eu\/lt\/wp-json\/wp\/v2\/product_tag?post=39194"}],"curies":[{"name":"wp","href":"https:\/\/api.w.org\/{rel}","templated":true}]}}