{"id":39200,"date":"2024-03-17T13:50:19","date_gmt":"2024-03-17T11:50:19","guid":{"rendered":"https:\/\/balticoverlanders.eu\/product\/wild-land-desert-cruiser-120\/"},"modified":"2024-05-06T22:40:31","modified_gmt":"2024-05-06T19:40:31","slug":"wild-land-desert-cruiser-120","status":"publish","type":"product","link":"https:\/\/balticoverlanders.eu\/lt\/produktas\/wild-land-desert-cruiser-120\/","title":{"rendered":"&#8222;Wild Land Desert Cruiser&#8221; 120"},"content":{"rendered":"<p><em>Atraskite ilgaam\u017ei\u0161kumo, dizaino ir komforto vir\u0161\u016bn\u0119 su m\u016bs\u0173 revoliucine stogine palapine. M\u016bs\u0173 palapin\u0117 sukurta nuotyki\u0173 ie\u0161kotojams, kurie reikalauja geriausio, tod\u0117l ji i\u0161 naujo apibr\u0117\u017eia apgyvendinimo lauke s\u0105lygas.<\/em><\/p>\n<p><strong>Neprilygstamos funkcijos:<\/strong><\/p>\n<ul>\n<li><strong>I\u0161skirtinis plonas dizainas:<\/strong> M\u016bs\u0173 stogo palapin\u0117 yra tik 18 cm storio, \u012fskaitant tvirtus aliuminio profilius, tod\u0117l ji yra nepakartojamo kompakti\u0161kumo, bet nekei\u010dia komforto.<\/li>\n<li><strong>Universal\u016bs saugojimo sprendimai:<\/strong> M\u016bs\u0173 palapin\u0117 turi aliuminio korpus\u0105 ir b\u0117gius, tod\u0117l maksimaliai i\u0161naudojama erdv\u0117, o ant stogo galima patogiai laikyti baga\u017e\u0105, dvira\u010dius, baidar\u0117s ar net saul\u0117s baterijas.<\/li>\n<li><strong>Lengvas nustatymas:<\/strong> D\u0117l hidraulin\u0117s atidarymo sistemos m\u016bs\u0173 palapin\u0117 i\u0161skleid\u017eiama grei\u010diau nei per minut\u0119, tod\u0117l j\u0105 galima be vargo surinkti net ir sud\u0117tingiausiomis s\u0105lygomis.<\/li>\n<li><strong>Prabangus interjeras:<\/strong> Patirkite tok\u012f komfort\u0105 kaip niekada anks\u010diau: \u012fmontuotas LED ap\u0161vietimas ir plat\u016bs langai sukuria erdvi\u0105 aplink\u0105, puikiai tinkan\u010di\u0105 atsipalaiduoti po dienos nuotyki\u0173.<\/li>\n<li><strong>Oro s\u0105lygoms atsparus dizainas:<\/strong> D\u0117l sandari\u0173 si\u016bli\u0173 ir strategi\u0161kai i\u0161d\u0117styt\u0173 u\u017etrauktuk\u0173, neleid\u017eian\u010di\u0173 vandeniui patekti \u012f vid\u0173, liksite sausi ir jauk\u016bs per li\u016btis. M\u016bs\u0173 naujovi\u0161kas skraist\u0117s audeklas nukreipia vanden\u012f tarsi latakai, tod\u0117l viduje visada bus sausa.<\/li>\n<li><strong>Optimizuotas v\u0117dinimas:<\/strong> D\u0117l specialios ventiliacijos angos, kuri palaiko oro sraut\u0105, nepriklausomai nuo i\u0161or\u0117s s\u0105lyg\u0173, palapin\u0117s viduje u\u017etikrinama komforti\u0161ka atmosfera, atsisveikinkite su kondensacijos problemomis.<\/li>\n<li><strong>Lengva prie\u017ei\u016bra:<\/strong> Kiekviena m\u016bs\u0173 palapin\u0117s sudedamoji dalis yra visi\u0161kai nuimama, tod\u0117l j\u0105 galima lengvai valyti ir pri\u017ei\u016br\u0117ti. Be to, m\u0117gaukit\u0117s ramybe d\u0117l m\u016bs\u0173 plataus pogarantinio aptarnavimo, u\u017etikrinan\u010dio ilgalaik\u012f pasitenkinim\u0105.<\/li>\n<\/ul>\n<p><strong>Pritaikykite savo patirt\u012f:<\/strong><\/p>\n<ul>\n<li><strong>Papildomi priedai:<\/strong> Pritaikykite savo stovyklavimo \u012frang\u0105, naudodami m\u016bs\u0173 pried\u0173 asortiment\u0105, \u012fskaitant izoliacij\u0105, universalius prieangi\u0173 stogus, tentus ir priedus, skirtus j\u016bs\u0173 nuotykiui papildyti.<\/li>\n<\/ul>\n<p>M\u016bs\u0173 auk\u0161\u010diausios klas\u0117s palapin\u0117 su stogu &#8211; ilgaam\u017ei\u0161kumas, dizainas ir patogumas &#8211; pad\u0117s sukurti nepamir\u0161tamus prisiminimus po atviru dangumi.<\/p>\n","protected":false},"excerpt":{"rendered":"<p>Vir\u0161utinis kietas korpusas i\u0161 aliuminio korio juodos spalvos, u\u017edaras auk\u0161tis tik 15 cm ir 18 cm su aliuminio profiliu apa\u010dioje, T formos eilut\u0117 ilgojoje pus\u0117je papildomiems priedams tvirtinti, 2 nuimami strypai papildomai \u012frangai pritvirtinti ir t. t., metaliniai u\u017eraktai palapinei u\u017edaryti.<\/p>\n<p>Komplektacija: teleskopin\u0117s kop\u0117\u010dios iki 230 cm ilgio, reikalingi daiktai, ki\u0161en\u0117s batams, vidin\u0117 LED lemput\u0117 su \u0161viesos intensyvumo reguliavimu ir \u012fjungimu \/ i\u0161jungimu, 2 vnt. nuimam\u0173 stryp\u0173, montavimo rinkinys ir instrukcija.<\/p>\n","protected":false},"featured_media":33836,"template":"","meta":[],"product_brand":[],"product_cat":[254,489],"product_tag":[],"class_list":{"0":"post-39200","1":"product","2":"type-product","3":"status-publish","4":"has-post-thumbnail","6":"product_cat-palapines-ant-stogo","7":"product_cat-laukine-zeme","9":"first","10":"onbackorder","11":"taxable","12":"shipping-taxable","13":"purchasable","14":"product-type-simple"},"yoast_head":"<!-- This site is optimized with the Yoast SEO plugin v27.3 - https:\/\/yoast.com\/product\/yoast-seo-wordpress\/ -->\n<title>&quot;Wild Land Desert Cruiser&quot; 120 - BALTIC OVERLANDERS<\/title>\n<meta name=\"description\" content=\"Auk\u0161\u010diausios kokyb\u0117s juodo aliuminio kieto korpuso stogo palapin\u0117 su teleskopin\u0117mis kop\u0117\u010diomis, LED \u017eibintu, nuimamais strypais ir tvirtinimo rinkiniu, skirta nuotykiams bekel\u0117je.\" \/>\n<meta name=\"robots\" content=\"index, follow, max-snippet:-1, max-image-preview:large, max-video-preview:-1\" \/>\n<link rel=\"canonical\" href=\"https:\/\/balticoverlanders.eu\/lt\/produktas\/wild-land-desert-cruiser-120\/\" \/>\n<meta property=\"og:locale\" content=\"lt_LT\" \/>\n<meta property=\"og:type\" content=\"article\" \/>\n<meta property=\"og:title\" content=\"&quot;Wild Land Desert Cruiser&quot; 120 - BALTIC OVERLANDERS\" \/>\n<meta property=\"og:description\" content=\"Auk\u0161\u010diausios kokyb\u0117s juodo aliuminio kieto korpuso stogo palapin\u0117 su teleskopin\u0117mis kop\u0117\u010diomis, LED \u017eibintu, nuimamais strypais ir tvirtinimo rinkiniu, skirta nuotykiams bekel\u0117je.\" \/>\n<meta property=\"og:url\" content=\"https:\/\/balticoverlanders.eu\/lt\/produktas\/wild-land-desert-cruiser-120\/\" \/>\n<meta property=\"og:site_name\" content=\"BALTIC OVERLANDERS\" \/>\n<meta property=\"article:modified_time\" content=\"2024-05-06T19:40:31+00:00\" \/>\n<meta property=\"og:image\" content=\"https:\/\/balticoverlanders.eu\/wp-content\/uploads\/2024\/03\/Dolomity-namiot-dachowy-Desert-Cruiser-II-120-rozlozony-na-Volvo-V90-zdjecie-z-tylu-auta-zblizenie-na-bryle-i-jakosc-wykonania.jpg\" \/>\n\t<meta property=\"og:image:width\" content=\"1500\" \/>\n\t<meta property=\"og:image:height\" content=\"1000\" \/>\n\t<meta property=\"og:image:type\" content=\"image\/jpeg\" \/>\n<meta name=\"twitter:card\" content=\"summary_large_image\" \/>\n<meta name=\"twitter:label1\" content=\"Est. reading time\" \/>\n\t<meta name=\"twitter:data1\" content=\"2 minut\u0117s\" \/>\n<script type=\"application\/ld+json\" class=\"yoast-schema-graph\">{\"@context\":\"https:\\\/\\\/schema.org\",\"@graph\":[{\"@type\":\"WebPage\",\"@id\":\"https:\\\/\\\/balticoverlanders.eu\\\/lt\\\/produktas\\\/wild-land-desert-cruiser-120\\\/\",\"url\":\"https:\\\/\\\/balticoverlanders.eu\\\/lt\\\/produktas\\\/wild-land-desert-cruiser-120\\\/\",\"name\":\"\\\"Wild Land Desert Cruiser\\\" 120 - BALTIC OVERLANDERS\",\"isPartOf\":{\"@id\":\"https:\\\/\\\/balticoverlanders.eu\\\/lt\\\/#website\"},\"primaryImageOfPage\":{\"@id\":\"https:\\\/\\\/balticoverlanders.eu\\\/lt\\\/produktas\\\/wild-land-desert-cruiser-120\\\/#primaryimage\"},\"image\":{\"@id\":\"https:\\\/\\\/balticoverlanders.eu\\\/lt\\\/produktas\\\/wild-land-desert-cruiser-120\\\/#primaryimage\"},\"thumbnailUrl\":\"https:\\\/\\\/balticoverlanders.eu\\\/wp-content\\\/uploads\\\/2024\\\/03\\\/Dolomity-namiot-dachowy-Desert-Cruiser-II-120-rozlozony-na-Volvo-V90-zdjecie-z-tylu-auta-zblizenie-na-bryle-i-jakosc-wykonania.jpg\",\"datePublished\":\"2024-03-17T11:50:19+00:00\",\"dateModified\":\"2024-05-06T19:40:31+00:00\",\"description\":\"Auk\u0161\u010diausios kokyb\u0117s juodo aliuminio kieto korpuso stogo palapin\u0117 su teleskopin\u0117mis kop\u0117\u010diomis, LED \u017eibintu, nuimamais strypais ir tvirtinimo rinkiniu, skirta nuotykiams bekel\u0117je.\",\"breadcrumb\":{\"@id\":\"https:\\\/\\\/balticoverlanders.eu\\\/lt\\\/produktas\\\/wild-land-desert-cruiser-120\\\/#breadcrumb\"},\"inLanguage\":\"lt-LT\",\"potentialAction\":[{\"@type\":\"ReadAction\",\"target\":[\"https:\\\/\\\/balticoverlanders.eu\\\/lt\\\/produktas\\\/wild-land-desert-cruiser-120\\\/\"]}]},{\"@type\":\"ImageObject\",\"inLanguage\":\"lt-LT\",\"@id\":\"https:\\\/\\\/balticoverlanders.eu\\\/lt\\\/produktas\\\/wild-land-desert-cruiser-120\\\/#primaryimage\",\"url\":\"https:\\\/\\\/balticoverlanders.eu\\\/wp-content\\\/uploads\\\/2024\\\/03\\\/Dolomity-namiot-dachowy-Desert-Cruiser-II-120-rozlozony-na-Volvo-V90-zdjecie-z-tylu-auta-zblizenie-na-bryle-i-jakosc-wykonania.jpg\",\"contentUrl\":\"https:\\\/\\\/balticoverlanders.eu\\\/wp-content\\\/uploads\\\/2024\\\/03\\\/Dolomity-namiot-dachowy-Desert-Cruiser-II-120-rozlozony-na-Volvo-V90-zdjecie-z-tylu-auta-zblizenie-na-bryle-i-jakosc-wykonania.jpg\",\"width\":1500,\"height\":1000},{\"@type\":\"BreadcrumbList\",\"@id\":\"https:\\\/\\\/balticoverlanders.eu\\\/lt\\\/produktas\\\/wild-land-desert-cruiser-120\\\/#breadcrumb\",\"itemListElement\":[{\"@type\":\"ListItem\",\"position\":1,\"name\":\"Home\",\"item\":\"https:\\\/\\\/balticoverlanders.eu\\\/lt\\\/home\\\/\"},{\"@type\":\"ListItem\",\"position\":2,\"name\":\"Parduotuv\u0117\",\"item\":\"https:\\\/\\\/balticoverlanders.eu\\\/lt\\\/parduotuve\\\/\"},{\"@type\":\"ListItem\",\"position\":3,\"name\":\"&#8220;Wild Land Desert Cruiser&#8221; 120\"}]},{\"@type\":\"WebSite\",\"@id\":\"https:\\\/\\\/balticoverlanders.eu\\\/lt\\\/#website\",\"url\":\"https:\\\/\\\/balticoverlanders.eu\\\/lt\\\/\",\"name\":\"BALTIC OVERLANDERS\",\"description\":\"Your one-stop shop in Latvia, Estonia, and Lithuania for all your car camping, rooftop tent and accessory needs.\",\"publisher\":{\"@id\":\"https:\\\/\\\/balticoverlanders.eu\\\/lt\\\/#organization\"},\"potentialAction\":[{\"@type\":\"SearchAction\",\"target\":{\"@type\":\"EntryPoint\",\"urlTemplate\":\"https:\\\/\\\/balticoverlanders.eu\\\/lt\\\/?s={search_term_string}\"},\"query-input\":{\"@type\":\"PropertyValueSpecification\",\"valueRequired\":true,\"valueName\":\"search_term_string\"}}],\"inLanguage\":\"lt-LT\"},{\"@type\":\"Organization\",\"@id\":\"https:\\\/\\\/balticoverlanders.eu\\\/lt\\\/#organization\",\"name\":\"BALTIC OVERLANDERS\",\"url\":\"https:\\\/\\\/balticoverlanders.eu\\\/lt\\\/\",\"logo\":{\"@type\":\"ImageObject\",\"inLanguage\":\"lt-LT\",\"@id\":\"https:\\\/\\\/balticoverlanders.eu\\\/lt\\\/#\\\/schema\\\/logo\\\/image\\\/\",\"url\":\"https:\\\/\\\/balticoverlanders.eu\\\/wp-content\\\/uploads\\\/2023\\\/04\\\/BALTIC-OVERLANDERS-LOGO.jpg\",\"contentUrl\":\"https:\\\/\\\/balticoverlanders.eu\\\/wp-content\\\/uploads\\\/2023\\\/04\\\/BALTIC-OVERLANDERS-LOGO.jpg\",\"width\":1497,\"height\":310,\"caption\":\"BALTIC OVERLANDERS\"},\"image\":{\"@id\":\"https:\\\/\\\/balticoverlanders.eu\\\/lt\\\/#\\\/schema\\\/logo\\\/image\\\/\"},\"sameAs\":[\"https:\\\/\\\/www.instagram.com\\\/balticoverlanders\\\/\"]}]}<\/script>\n<!-- \/ Yoast SEO plugin. -->","yoast_head_json":{"title":"\"Wild Land Desert Cruiser\" 120 - BALTIC OVERLANDERS","description":"Auk\u0161\u010diausios kokyb\u0117s juodo aliuminio kieto korpuso stogo palapin\u0117 su teleskopin\u0117mis kop\u0117\u010diomis, LED \u017eibintu, nuimamais strypais ir tvirtinimo rinkiniu, skirta nuotykiams bekel\u0117je.","robots":{"index":"index","follow":"follow","max-snippet":"max-snippet:-1","max-image-preview":"max-image-preview:large","max-video-preview":"max-video-preview:-1"},"canonical":"https:\/\/balticoverlanders.eu\/lt\/produktas\/wild-land-desert-cruiser-120\/","og_locale":"lt_LT","og_type":"article","og_title":"\"Wild Land Desert Cruiser\" 120 - BALTIC OVERLANDERS","og_description":"Auk\u0161\u010diausios kokyb\u0117s juodo aliuminio kieto korpuso stogo palapin\u0117 su teleskopin\u0117mis kop\u0117\u010diomis, LED \u017eibintu, nuimamais strypais ir tvirtinimo rinkiniu, skirta nuotykiams bekel\u0117je.","og_url":"https:\/\/balticoverlanders.eu\/lt\/produktas\/wild-land-desert-cruiser-120\/","og_site_name":"BALTIC OVERLANDERS","article_modified_time":"2024-05-06T19:40:31+00:00","og_image":[{"width":1500,"height":1000,"url":"https:\/\/balticoverlanders.eu\/wp-content\/uploads\/2024\/03\/Dolomity-namiot-dachowy-Desert-Cruiser-II-120-rozlozony-na-Volvo-V90-zdjecie-z-tylu-auta-zblizenie-na-bryle-i-jakosc-wykonania.jpg","type":"image\/jpeg"}],"twitter_card":"summary_large_image","twitter_misc":{"Est. reading time":"2 minut\u0117s"},"schema":{"@context":"https:\/\/schema.org","@graph":[{"@type":"WebPage","@id":"https:\/\/balticoverlanders.eu\/lt\/produktas\/wild-land-desert-cruiser-120\/","url":"https:\/\/balticoverlanders.eu\/lt\/produktas\/wild-land-desert-cruiser-120\/","name":"\"Wild Land Desert Cruiser\" 120 - BALTIC OVERLANDERS","isPartOf":{"@id":"https:\/\/balticoverlanders.eu\/lt\/#website"},"primaryImageOfPage":{"@id":"https:\/\/balticoverlanders.eu\/lt\/produktas\/wild-land-desert-cruiser-120\/#primaryimage"},"image":{"@id":"https:\/\/balticoverlanders.eu\/lt\/produktas\/wild-land-desert-cruiser-120\/#primaryimage"},"thumbnailUrl":"https:\/\/balticoverlanders.eu\/wp-content\/uploads\/2024\/03\/Dolomity-namiot-dachowy-Desert-Cruiser-II-120-rozlozony-na-Volvo-V90-zdjecie-z-tylu-auta-zblizenie-na-bryle-i-jakosc-wykonania.jpg","datePublished":"2024-03-17T11:50:19+00:00","dateModified":"2024-05-06T19:40:31+00:00","description":"Auk\u0161\u010diausios kokyb\u0117s juodo aliuminio kieto korpuso stogo palapin\u0117 su teleskopin\u0117mis kop\u0117\u010diomis, LED \u017eibintu, nuimamais strypais ir tvirtinimo rinkiniu, skirta nuotykiams bekel\u0117je.","breadcrumb":{"@id":"https:\/\/balticoverlanders.eu\/lt\/produktas\/wild-land-desert-cruiser-120\/#breadcrumb"},"inLanguage":"lt-LT","potentialAction":[{"@type":"ReadAction","target":["https:\/\/balticoverlanders.eu\/lt\/produktas\/wild-land-desert-cruiser-120\/"]}]},{"@type":"ImageObject","inLanguage":"lt-LT","@id":"https:\/\/balticoverlanders.eu\/lt\/produktas\/wild-land-desert-cruiser-120\/#primaryimage","url":"https:\/\/balticoverlanders.eu\/wp-content\/uploads\/2024\/03\/Dolomity-namiot-dachowy-Desert-Cruiser-II-120-rozlozony-na-Volvo-V90-zdjecie-z-tylu-auta-zblizenie-na-bryle-i-jakosc-wykonania.jpg","contentUrl":"https:\/\/balticoverlanders.eu\/wp-content\/uploads\/2024\/03\/Dolomity-namiot-dachowy-Desert-Cruiser-II-120-rozlozony-na-Volvo-V90-zdjecie-z-tylu-auta-zblizenie-na-bryle-i-jakosc-wykonania.jpg","width":1500,"height":1000},{"@type":"BreadcrumbList","@id":"https:\/\/balticoverlanders.eu\/lt\/produktas\/wild-land-desert-cruiser-120\/#breadcrumb","itemListElement":[{"@type":"ListItem","position":1,"name":"Home","item":"https:\/\/balticoverlanders.eu\/lt\/home\/"},{"@type":"ListItem","position":2,"name":"Parduotuv\u0117","item":"https:\/\/balticoverlanders.eu\/lt\/parduotuve\/"},{"@type":"ListItem","position":3,"name":"&#8220;Wild Land Desert Cruiser&#8221; 120"}]},{"@type":"WebSite","@id":"https:\/\/balticoverlanders.eu\/lt\/#website","url":"https:\/\/balticoverlanders.eu\/lt\/","name":"BALTIC OVERLANDERS","description":"Your one-stop shop in Latvia, Estonia, and Lithuania for all your car camping, rooftop tent and accessory needs.","publisher":{"@id":"https:\/\/balticoverlanders.eu\/lt\/#organization"},"potentialAction":[{"@type":"SearchAction","target":{"@type":"EntryPoint","urlTemplate":"https:\/\/balticoverlanders.eu\/lt\/?s={search_term_string}"},"query-input":{"@type":"PropertyValueSpecification","valueRequired":true,"valueName":"search_term_string"}}],"inLanguage":"lt-LT"},{"@type":"Organization","@id":"https:\/\/balticoverlanders.eu\/lt\/#organization","name":"BALTIC OVERLANDERS","url":"https:\/\/balticoverlanders.eu\/lt\/","logo":{"@type":"ImageObject","inLanguage":"lt-LT","@id":"https:\/\/balticoverlanders.eu\/lt\/#\/schema\/logo\/image\/","url":"https:\/\/balticoverlanders.eu\/wp-content\/uploads\/2023\/04\/BALTIC-OVERLANDERS-LOGO.jpg","contentUrl":"https:\/\/balticoverlanders.eu\/wp-content\/uploads\/2023\/04\/BALTIC-OVERLANDERS-LOGO.jpg","width":1497,"height":310,"caption":"BALTIC OVERLANDERS"},"image":{"@id":"https:\/\/balticoverlanders.eu\/lt\/#\/schema\/logo\/image\/"},"sameAs":["https:\/\/www.instagram.com\/balticoverlanders\/"]}]}},"_links":{"self":[{"href":"https:\/\/balticoverlanders.eu\/lt\/wp-json\/wp\/v2\/product\/39200","targetHints":{"allow":["GET"]}}],"collection":[{"href":"https:\/\/balticoverlanders.eu\/lt\/wp-json\/wp\/v2\/product"}],"about":[{"href":"https:\/\/balticoverlanders.eu\/lt\/wp-json\/wp\/v2\/types\/product"}],"wp:featuredmedia":[{"embeddable":true,"href":"https:\/\/balticoverlanders.eu\/lt\/wp-json\/wp\/v2\/media\/33836"}],"wp:attachment":[{"href":"https:\/\/balticoverlanders.eu\/lt\/wp-json\/wp\/v2\/media?parent=39200"}],"wp:term":[{"taxonomy":"product_brand","embeddable":true,"href":"https:\/\/balticoverlanders.eu\/lt\/wp-json\/wp\/v2\/product_brand?post=39200"},{"taxonomy":"product_cat","embeddable":true,"href":"https:\/\/balticoverlanders.eu\/lt\/wp-json\/wp\/v2\/product_cat?post=39200"},{"taxonomy":"product_tag","embeddable":true,"href":"https:\/\/balticoverlanders.eu\/lt\/wp-json\/wp\/v2\/product_tag?post=39200"}],"curies":[{"name":"wp","href":"https:\/\/api.w.org\/{rel}","templated":true}]}}