{"id":39209,"date":"2024-04-05T15:45:02","date_gmt":"2024-04-05T12:45:02","guid":{"rendered":"https:\/\/balticoverlanders.eu\/product\/laukine-zeme-bush-cruiser-140\/"},"modified":"2024-05-06T22:40:33","modified_gmt":"2024-05-06T19:40:33","slug":"laukine-zeme-bush-cruiser-140","status":"publish","type":"product","link":"https:\/\/balticoverlanders.eu\/lt\/produktas\/laukine-zeme-bush-cruiser-140\/","title":{"rendered":"Laukin\u0117 \u017eem\u0117 Bush Cruiser 140"},"content":{"rendered":"<p><strong>Pristatome &#8222;Bush Cruiser&#8221;: Geriausia kieto korpuso palapin\u0117 su stogu<\/strong><\/p>\n<p><strong>Ap\u017evalga:<\/strong><\/p>\n<ul>\n<li>Naujausias &#8222;Wild Land&#8221; modelis &#8222;Bush Cruiser&#8221; i\u0161 naujo apibr\u0117\u017eia stovyklavimo patogum\u0105, nes pasi\u017eymi naujovi\u0161ku dizainu ir auk\u0161\u010diausios kokyb\u0117s funkcijomis.<\/li>\n<li>Sukurtas keliaujantiems nuotyki\u0173 ie\u0161kotojams, jis pasi\u017eymi neprilygstamai paprastu surinkimu ir i\u0161pakavimu, tod\u0117l idealiai tinka kelion\u0117ms ir lauko entuziastams.<\/li>\n<\/ul>\n<p><strong>Pagrindin\u0117s savyb\u0117s:<\/strong><\/p>\n<ul>\n<li>Patentuota \u017eemo profilio konstrukcija su unikaliu aliuminio skersini\u0173 r\u0117mo pagrindu suma\u017eina svor\u012f, t\u016br\u012f ir kondensacij\u0105.<\/li>\n<li>Nuo \u012fbr\u0117\u017eim\u0173 apsaugotas kietas aliuminio dangtis su integruotomis krovini\u0173 lentynomis baidar\u0117ms, banglent\u0117ms, papildomiems \u012frankiams ir net saul\u0117s baterijoms ve\u017eti.<\/li>\n<li>Atidarymas su dujine atrama, viduje \u012frengta apsauga nuo atmosferos poveikio.<\/li>\n<li>Greitas 60 sekund\u017ei\u0173 trukm\u0117s montavimas ir nu\u0117mimas, be joki\u0173 nepatogi\u0173 lang\u0173 stryp\u0173.<\/li>\n<li>Erdvios galin\u0117s durys ir dideli \u0161oniniai langai, kad b\u016bt\u0173 lengva patekti ir atsivert\u0173 panoraminiai vaizdai.<\/li>\n<li>\u012e komplekt\u0105 \u012ftraukta LED lemput\u0117, skirta ap\u0161vietimui nakt\u012f.<\/li>\n<li>Lengvai pritvirtinamas prie stogo baga\u017ein\u0117s skersini\u0173, kad b\u016bt\u0173 stabilus ir saugus.<\/li>\n<li>Vandeniui atsparus stoglangis, palapin\u0117s korpusas ir grindys u\u017etikrina saus\u0105 ir patog\u0173 stovyklavim\u0105 bet kokiu oru.<\/li>\n<li>Aliuminio ekstruzijos \u0161onuose yra papildom\u0173 \u012franki\u0173 tvirtinimo ta\u0161k\u0173.<\/li>\n<\/ul>\n<p><strong>Galimi modeliai:<\/strong><\/p>\n<ul>\n<li>&#8222;Bush Cruiser&#8221; yra dviej\u0173 plo\u010di\u0173: 120 cm ir 140 cm, tod\u0117l j\u012f galima rinktis pagal skirtingas transporto priemoni\u0173 komplektacijas ir stovyklavimo pageidavimus.<\/li>\n<\/ul>\n<p><strong>Pridedami priedai:<\/strong><\/p>\n<ul>\n<li>Kiekvienas &#8222;Bush Cruiser&#8221; turi patogias vir\u0161utines baga\u017eines, bat\u0173 krep\u0161ius ir LED \u0161viesos diod\u0173 lemput\u0119, kad b\u016btum\u0117te visi\u0161kai pasireng\u0119 nuotykiams lauke.<\/li>\n<\/ul>\n","protected":false},"excerpt":{"rendered":"<p>Vir\u0161utinis kietas korpusas i\u0161 aliuminio korio juodos spalvos, u\u017edaro auk\u0161\u010dio tik 15 cm ir 18 cm su aliuminio profiliu apa\u010dioje, T formos eilut\u0117 ilgojoje pus\u0117je papildomiems priedams tvirtinti, 2 nuimami strypai papildomai \u012frangai ir kt. tvirtinti, metaliniai rai\u0161\u010diai palapinei u\u017edaryti Komplektacija: teleskopin\u0117s kop\u0117\u010dios iki 230 cm ilgio, daiktai, ki\u0161en\u0117s batams, LED lemput\u0117 viduje su \u0161viesos intensyvumo reguliavimu ir \u012fjungimu\/i\u0161jungimu, 2 vnt. nuimam\u0173 stryp\u0173, montavimo rinkinys ir instrukcija.<\/p>\n","protected":false},"featured_media":50917,"template":"","meta":[],"product_brand":[],"product_cat":[254,489],"product_tag":[],"class_list":{"0":"post-39209","1":"product","2":"type-product","3":"status-publish","4":"has-post-thumbnail","6":"product_cat-palapines-ant-stogo","7":"product_cat-laukine-zeme","9":"first","10":"onbackorder","11":"taxable","12":"shipping-taxable","13":"purchasable","14":"product-type-simple"},"yoast_head":"<!-- This site is optimized with the Yoast SEO plugin v27.3 - https:\/\/yoast.com\/product\/yoast-seo-wordpress\/ -->\n<title>Laukin\u0117 \u017eem\u0117 Bush Cruiser 140 - BALTIC OVERLANDERS<\/title>\n<meta name=\"description\" content=\"Susipa\u017einkite su m\u016bs\u0173 tvirta aliuminio palapine &quot;Wild Land Bush Cruiser&quot;. Su stovyklavimo reikmenimis jis kompakti\u0161kas, patvarus ir lengvai pastatomas.\" \/>\n<meta name=\"robots\" content=\"index, follow, max-snippet:-1, max-image-preview:large, max-video-preview:-1\" \/>\n<link rel=\"canonical\" href=\"https:\/\/balticoverlanders.eu\/lt\/produktas\/laukine-zeme-bush-cruiser-140\/\" \/>\n<meta property=\"og:locale\" content=\"lt_LT\" \/>\n<meta property=\"og:type\" content=\"article\" \/>\n<meta property=\"og:title\" content=\"Laukin\u0117 \u017eem\u0117 Bush Cruiser 140 - BALTIC OVERLANDERS\" \/>\n<meta property=\"og:description\" content=\"Susipa\u017einkite su m\u016bs\u0173 tvirta aliuminio palapine &quot;Wild Land Bush Cruiser&quot;. Su stovyklavimo reikmenimis jis kompakti\u0161kas, patvarus ir lengvai pastatomas.\" \/>\n<meta property=\"og:url\" content=\"https:\/\/balticoverlanders.eu\/lt\/produktas\/laukine-zeme-bush-cruiser-140\/\" \/>\n<meta property=\"og:site_name\" content=\"BALTIC OVERLANDERS\" \/>\n<meta property=\"article:modified_time\" content=\"2024-05-06T19:40:33+00:00\" \/>\n<meta property=\"og:image\" content=\"https:\/\/balticoverlanders.eu\/wp-content\/uploads\/2024\/04\/namiot-dachowy-bush-cruiser-140-rozlozony-widok-od-wejscia.jpg\" \/>\n\t<meta property=\"og:image:width\" content=\"2048\" \/>\n\t<meta property=\"og:image:height\" content=\"1366\" \/>\n\t<meta property=\"og:image:type\" content=\"image\/jpeg\" \/>\n<meta name=\"twitter:card\" content=\"summary_large_image\" \/>\n<meta name=\"twitter:label1\" content=\"Est. reading time\" \/>\n\t<meta name=\"twitter:data1\" content=\"1 minut\u0117\" \/>\n<script type=\"application\/ld+json\" class=\"yoast-schema-graph\">{\"@context\":\"https:\\\/\\\/schema.org\",\"@graph\":[{\"@type\":\"WebPage\",\"@id\":\"https:\\\/\\\/balticoverlanders.eu\\\/lt\\\/produktas\\\/laukine-zeme-bush-cruiser-140\\\/\",\"url\":\"https:\\\/\\\/balticoverlanders.eu\\\/lt\\\/produktas\\\/laukine-zeme-bush-cruiser-140\\\/\",\"name\":\"Laukin\u0117 \u017eem\u0117 Bush Cruiser 140 - BALTIC OVERLANDERS\",\"isPartOf\":{\"@id\":\"https:\\\/\\\/balticoverlanders.eu\\\/lt\\\/#website\"},\"primaryImageOfPage\":{\"@id\":\"https:\\\/\\\/balticoverlanders.eu\\\/lt\\\/produktas\\\/laukine-zeme-bush-cruiser-140\\\/#primaryimage\"},\"image\":{\"@id\":\"https:\\\/\\\/balticoverlanders.eu\\\/lt\\\/produktas\\\/laukine-zeme-bush-cruiser-140\\\/#primaryimage\"},\"thumbnailUrl\":\"https:\\\/\\\/balticoverlanders.eu\\\/wp-content\\\/uploads\\\/2024\\\/04\\\/Wild-Land-Bush-Cruiser-II-roof-top-tent_007.jpg\",\"datePublished\":\"2024-04-05T12:45:02+00:00\",\"dateModified\":\"2024-05-06T19:40:33+00:00\",\"description\":\"Susipa\u017einkite su m\u016bs\u0173 tvirta aliuminio palapine \\\"Wild Land Bush Cruiser\\\". Su stovyklavimo reikmenimis jis kompakti\u0161kas, patvarus ir lengvai pastatomas.\",\"breadcrumb\":{\"@id\":\"https:\\\/\\\/balticoverlanders.eu\\\/lt\\\/produktas\\\/laukine-zeme-bush-cruiser-140\\\/#breadcrumb\"},\"inLanguage\":\"lt-LT\",\"potentialAction\":[{\"@type\":\"ReadAction\",\"target\":[\"https:\\\/\\\/balticoverlanders.eu\\\/lt\\\/produktas\\\/laukine-zeme-bush-cruiser-140\\\/\"]}]},{\"@type\":\"ImageObject\",\"inLanguage\":\"lt-LT\",\"@id\":\"https:\\\/\\\/balticoverlanders.eu\\\/lt\\\/produktas\\\/laukine-zeme-bush-cruiser-140\\\/#primaryimage\",\"url\":\"https:\\\/\\\/balticoverlanders.eu\\\/wp-content\\\/uploads\\\/2024\\\/04\\\/Wild-Land-Bush-Cruiser-II-roof-top-tent_007.jpg\",\"contentUrl\":\"https:\\\/\\\/balticoverlanders.eu\\\/wp-content\\\/uploads\\\/2024\\\/04\\\/Wild-Land-Bush-Cruiser-II-roof-top-tent_007.jpg\",\"width\":1920,\"height\":1080},{\"@type\":\"BreadcrumbList\",\"@id\":\"https:\\\/\\\/balticoverlanders.eu\\\/lt\\\/produktas\\\/laukine-zeme-bush-cruiser-140\\\/#breadcrumb\",\"itemListElement\":[{\"@type\":\"ListItem\",\"position\":1,\"name\":\"Home\",\"item\":\"https:\\\/\\\/balticoverlanders.eu\\\/lt\\\/home\\\/\"},{\"@type\":\"ListItem\",\"position\":2,\"name\":\"Parduotuv\u0117\",\"item\":\"https:\\\/\\\/balticoverlanders.eu\\\/lt\\\/parduotuve\\\/\"},{\"@type\":\"ListItem\",\"position\":3,\"name\":\"Laukin\u0117 \u017eem\u0117 Bush Cruiser 140\"}]},{\"@type\":\"WebSite\",\"@id\":\"https:\\\/\\\/balticoverlanders.eu\\\/lt\\\/#website\",\"url\":\"https:\\\/\\\/balticoverlanders.eu\\\/lt\\\/\",\"name\":\"BALTIC OVERLANDERS\",\"description\":\"Your one-stop shop in Latvia, Estonia, and Lithuania for all your car camping, rooftop tent and accessory needs.\",\"publisher\":{\"@id\":\"https:\\\/\\\/balticoverlanders.eu\\\/lt\\\/#organization\"},\"potentialAction\":[{\"@type\":\"SearchAction\",\"target\":{\"@type\":\"EntryPoint\",\"urlTemplate\":\"https:\\\/\\\/balticoverlanders.eu\\\/lt\\\/?s={search_term_string}\"},\"query-input\":{\"@type\":\"PropertyValueSpecification\",\"valueRequired\":true,\"valueName\":\"search_term_string\"}}],\"inLanguage\":\"lt-LT\"},{\"@type\":\"Organization\",\"@id\":\"https:\\\/\\\/balticoverlanders.eu\\\/lt\\\/#organization\",\"name\":\"BALTIC OVERLANDERS\",\"url\":\"https:\\\/\\\/balticoverlanders.eu\\\/lt\\\/\",\"logo\":{\"@type\":\"ImageObject\",\"inLanguage\":\"lt-LT\",\"@id\":\"https:\\\/\\\/balticoverlanders.eu\\\/lt\\\/#\\\/schema\\\/logo\\\/image\\\/\",\"url\":\"https:\\\/\\\/balticoverlanders.eu\\\/wp-content\\\/uploads\\\/2023\\\/04\\\/BALTIC-OVERLANDERS-LOGO.jpg\",\"contentUrl\":\"https:\\\/\\\/balticoverlanders.eu\\\/wp-content\\\/uploads\\\/2023\\\/04\\\/BALTIC-OVERLANDERS-LOGO.jpg\",\"width\":1497,\"height\":310,\"caption\":\"BALTIC OVERLANDERS\"},\"image\":{\"@id\":\"https:\\\/\\\/balticoverlanders.eu\\\/lt\\\/#\\\/schema\\\/logo\\\/image\\\/\"},\"sameAs\":[\"https:\\\/\\\/www.instagram.com\\\/balticoverlanders\\\/\"]}]}<\/script>\n<!-- \/ Yoast SEO plugin. -->","yoast_head_json":{"title":"Laukin\u0117 \u017eem\u0117 Bush Cruiser 140 - BALTIC OVERLANDERS","description":"Susipa\u017einkite su m\u016bs\u0173 tvirta aliuminio palapine \"Wild Land Bush Cruiser\". Su stovyklavimo reikmenimis jis kompakti\u0161kas, patvarus ir lengvai pastatomas.","robots":{"index":"index","follow":"follow","max-snippet":"max-snippet:-1","max-image-preview":"max-image-preview:large","max-video-preview":"max-video-preview:-1"},"canonical":"https:\/\/balticoverlanders.eu\/lt\/produktas\/laukine-zeme-bush-cruiser-140\/","og_locale":"lt_LT","og_type":"article","og_title":"Laukin\u0117 \u017eem\u0117 Bush Cruiser 140 - BALTIC OVERLANDERS","og_description":"Susipa\u017einkite su m\u016bs\u0173 tvirta aliuminio palapine \"Wild Land Bush Cruiser\". Su stovyklavimo reikmenimis jis kompakti\u0161kas, patvarus ir lengvai pastatomas.","og_url":"https:\/\/balticoverlanders.eu\/lt\/produktas\/laukine-zeme-bush-cruiser-140\/","og_site_name":"BALTIC OVERLANDERS","article_modified_time":"2024-05-06T19:40:33+00:00","og_image":[{"width":2048,"height":1366,"url":"https:\/\/balticoverlanders.eu\/wp-content\/uploads\/2024\/04\/namiot-dachowy-bush-cruiser-140-rozlozony-widok-od-wejscia.jpg","type":"image\/jpeg"}],"twitter_card":"summary_large_image","twitter_misc":{"Est. reading time":"1 minut\u0117"},"schema":{"@context":"https:\/\/schema.org","@graph":[{"@type":"WebPage","@id":"https:\/\/balticoverlanders.eu\/lt\/produktas\/laukine-zeme-bush-cruiser-140\/","url":"https:\/\/balticoverlanders.eu\/lt\/produktas\/laukine-zeme-bush-cruiser-140\/","name":"Laukin\u0117 \u017eem\u0117 Bush Cruiser 140 - BALTIC OVERLANDERS","isPartOf":{"@id":"https:\/\/balticoverlanders.eu\/lt\/#website"},"primaryImageOfPage":{"@id":"https:\/\/balticoverlanders.eu\/lt\/produktas\/laukine-zeme-bush-cruiser-140\/#primaryimage"},"image":{"@id":"https:\/\/balticoverlanders.eu\/lt\/produktas\/laukine-zeme-bush-cruiser-140\/#primaryimage"},"thumbnailUrl":"https:\/\/balticoverlanders.eu\/wp-content\/uploads\/2024\/04\/Wild-Land-Bush-Cruiser-II-roof-top-tent_007.jpg","datePublished":"2024-04-05T12:45:02+00:00","dateModified":"2024-05-06T19:40:33+00:00","description":"Susipa\u017einkite su m\u016bs\u0173 tvirta aliuminio palapine \"Wild Land Bush Cruiser\". Su stovyklavimo reikmenimis jis kompakti\u0161kas, patvarus ir lengvai pastatomas.","breadcrumb":{"@id":"https:\/\/balticoverlanders.eu\/lt\/produktas\/laukine-zeme-bush-cruiser-140\/#breadcrumb"},"inLanguage":"lt-LT","potentialAction":[{"@type":"ReadAction","target":["https:\/\/balticoverlanders.eu\/lt\/produktas\/laukine-zeme-bush-cruiser-140\/"]}]},{"@type":"ImageObject","inLanguage":"lt-LT","@id":"https:\/\/balticoverlanders.eu\/lt\/produktas\/laukine-zeme-bush-cruiser-140\/#primaryimage","url":"https:\/\/balticoverlanders.eu\/wp-content\/uploads\/2024\/04\/Wild-Land-Bush-Cruiser-II-roof-top-tent_007.jpg","contentUrl":"https:\/\/balticoverlanders.eu\/wp-content\/uploads\/2024\/04\/Wild-Land-Bush-Cruiser-II-roof-top-tent_007.jpg","width":1920,"height":1080},{"@type":"BreadcrumbList","@id":"https:\/\/balticoverlanders.eu\/lt\/produktas\/laukine-zeme-bush-cruiser-140\/#breadcrumb","itemListElement":[{"@type":"ListItem","position":1,"name":"Home","item":"https:\/\/balticoverlanders.eu\/lt\/home\/"},{"@type":"ListItem","position":2,"name":"Parduotuv\u0117","item":"https:\/\/balticoverlanders.eu\/lt\/parduotuve\/"},{"@type":"ListItem","position":3,"name":"Laukin\u0117 \u017eem\u0117 Bush Cruiser 140"}]},{"@type":"WebSite","@id":"https:\/\/balticoverlanders.eu\/lt\/#website","url":"https:\/\/balticoverlanders.eu\/lt\/","name":"BALTIC OVERLANDERS","description":"Your one-stop shop in Latvia, Estonia, and Lithuania for all your car camping, rooftop tent and accessory needs.","publisher":{"@id":"https:\/\/balticoverlanders.eu\/lt\/#organization"},"potentialAction":[{"@type":"SearchAction","target":{"@type":"EntryPoint","urlTemplate":"https:\/\/balticoverlanders.eu\/lt\/?s={search_term_string}"},"query-input":{"@type":"PropertyValueSpecification","valueRequired":true,"valueName":"search_term_string"}}],"inLanguage":"lt-LT"},{"@type":"Organization","@id":"https:\/\/balticoverlanders.eu\/lt\/#organization","name":"BALTIC OVERLANDERS","url":"https:\/\/balticoverlanders.eu\/lt\/","logo":{"@type":"ImageObject","inLanguage":"lt-LT","@id":"https:\/\/balticoverlanders.eu\/lt\/#\/schema\/logo\/image\/","url":"https:\/\/balticoverlanders.eu\/wp-content\/uploads\/2023\/04\/BALTIC-OVERLANDERS-LOGO.jpg","contentUrl":"https:\/\/balticoverlanders.eu\/wp-content\/uploads\/2023\/04\/BALTIC-OVERLANDERS-LOGO.jpg","width":1497,"height":310,"caption":"BALTIC OVERLANDERS"},"image":{"@id":"https:\/\/balticoverlanders.eu\/lt\/#\/schema\/logo\/image\/"},"sameAs":["https:\/\/www.instagram.com\/balticoverlanders\/"]}]}},"_links":{"self":[{"href":"https:\/\/balticoverlanders.eu\/lt\/wp-json\/wp\/v2\/product\/39209","targetHints":{"allow":["GET"]}}],"collection":[{"href":"https:\/\/balticoverlanders.eu\/lt\/wp-json\/wp\/v2\/product"}],"about":[{"href":"https:\/\/balticoverlanders.eu\/lt\/wp-json\/wp\/v2\/types\/product"}],"wp:featuredmedia":[{"embeddable":true,"href":"https:\/\/balticoverlanders.eu\/lt\/wp-json\/wp\/v2\/media\/50917"}],"wp:attachment":[{"href":"https:\/\/balticoverlanders.eu\/lt\/wp-json\/wp\/v2\/media?parent=39209"}],"wp:term":[{"taxonomy":"product_brand","embeddable":true,"href":"https:\/\/balticoverlanders.eu\/lt\/wp-json\/wp\/v2\/product_brand?post=39209"},{"taxonomy":"product_cat","embeddable":true,"href":"https:\/\/balticoverlanders.eu\/lt\/wp-json\/wp\/v2\/product_cat?post=39209"},{"taxonomy":"product_tag","embeddable":true,"href":"https:\/\/balticoverlanders.eu\/lt\/wp-json\/wp\/v2\/product_tag?post=39209"}],"curies":[{"name":"wp","href":"https:\/\/api.w.org\/{rel}","templated":true}]}}