{"id":39229,"date":"2024-02-19T17:18:28","date_gmt":"2024-02-19T15:18:28","guid":{"rendered":"https:\/\/balticoverlanders.eu\/product\/dometic-go-camp-table-laikymo-krepsys\/"},"modified":"2024-05-06T22:40:48","modified_gmt":"2024-05-06T19:40:48","slug":"dometic-go-camp-table-laikymo-krepsys","status":"publish","type":"product","link":"https:\/\/balticoverlanders.eu\/lt\/produktas\/dometic-go-camp-table-laikymo-krepsys\/","title":{"rendered":"&#8222;Dometic GO Camp Table&#8221; laikymo krep\u0161ys"},"content":{"rendered":"<p><strong>Pristatome &#8222;Dometic Go Compact Camp Table Storage Bag<\/strong><\/p>\n<p>Pagerinkite savo stovyklavimo patirt\u012f naudodami &#8222;Dometic Go Compact Camp Table&#8221; stovyklos stalo laikymo krep\u0161\u012f. \u0160is patogumui ir patvarumui skirtas laikymo krep\u0161ys u\u017etikrina lengv\u0105 stovyklaviet\u0117s stalo pakrovim\u0105, i\u0161krovim\u0105, laikym\u0105 ir perne\u0161im\u0105. Pagamintas i\u0161 didelio atsparumo 600D audinio, jis puikiai apsaugo bambuko stalo pavir\u0161i\u0173 ir u\u017etikrina jo ilgaam\u017ei\u0161kum\u0105 net at\u0161iauriomis lauko s\u0105lygomis.<\/p>\n<p><strong>Pagrindin\u0117s savyb\u0117s:<\/strong><\/p>\n<ul>\n<li><strong>Lengvai ne\u0161iojamas dizainas:<\/strong> D\u0117l dviej\u0173 integruot\u0173 ranken\u0173 ir reguliuojamo dir\u017eo per pet\u012f stovyklos stal\u0105 transportuoti dar niekada nebuvo taip paprasta. \u0160is krep\u0161ys palengvina \u0161\u012f proces\u0105, nesvarbu, ar j\u012f perve\u017eate i\u0161 automobilio \u012f stovyklaviet\u0119, ar tiesiog sand\u0117liuojate.<\/li>\n<li><strong>Patvari konstrukcija:<\/strong> \u0160is krep\u0161ys pagamintas i\u0161 pamink\u0161tinto 600D audinio, kad atlaikyt\u0173 lauko nuotyki\u0173 i\u0161bandymus. Tai papildomas apsaugos sluoksnis, apsaugantis stalo pavir\u0161i\u0173 nuo \u012fbr\u0117\u017eim\u0173, sm\u016bgi\u0173 ir kit\u0173 galim\u0173 pa\u017eeidim\u0173.<\/li>\n<li><strong>Universalus suderinamumas:<\/strong> \u0160is laikymo krep\u0161ys, specialiai sukurtas naudoti su &#8222;Dometic Go collection&#8221; stovyklaviet\u0117s stalais, puikiai tinka ir puikiai dera su j\u016bs\u0173 turima lauko \u012franga.<\/li>\n<li><strong>Patobulinta apsauga:<\/strong> Pamink\u0161tinta konstrukcija ne tik apsaugo stal\u0105 transportavimo metu, bet ir suteikia papildom\u0105 amortizacijos sluoksn\u012f, u\u017etikrinant\u012f, kad stalas i\u0161liks nepriekai\u0161tingos b\u016bkl\u0117s, kelion\u0117 po kelion\u0117s.<\/li>\n<li><strong>Patogus saugojimas:<\/strong> Nenaudojam\u0105 krep\u0161\u012f galima lengvai sulankstyti ir pasl\u0117pti, taip sutaupant vertingos vietos stovyklavimo reikmen\u0173 laikymo vietoje ar automobilyje.<\/li>\n<li><strong>Stilingas ir funkcionalus:<\/strong> \u0160is krep\u0161ys ne tik suteikia prakti\u0161kumo, bet ir suteikia stili\u0173 j\u016bs\u0173 lauko \u012frangai.<\/li>\n<li><strong>&#8222;Dometic Go&#8221; kolekcijos dalis:<\/strong> \u0160is krep\u0161ys sukurtas taip, kad papildyt\u0173 kitus &#8222;Dometic Go&#8221; kolekcijos gaminius, tod\u0117l puikiai \u012fsilieja \u012f j\u016bs\u0173 stovyklaviet\u0117s ansambl\u012f ir suteikia vientis\u0105 ir gerai suderint\u0105 patirt\u012f lauke.<\/li>\n<\/ul>\n<p>Atnaujinkite savo stovyklavimo \u012frang\u0105 naudodami &#8222;Dometic Go Compact Camp Table Storage Bag&#8221; ir m\u0117gaukit\u0117s patogumu, apsauga ir stiliumi, kur\u012f jis suteikia j\u016bs\u0173 nuotykiams gamtoje.<\/p>\n","protected":false},"excerpt":{"rendered":"<p>M\u016bs\u0173 stalo laikymo krep\u0161ys leid\u017eia lengvai pakrauti, i\u0161krauti, laikyti ir ne\u0161iotis stovyklos stal\u0105. Pagamintas i\u0161 didelio atsparumo 600D audinio, jis pamink\u0161tintas, kad apsaugot\u0173 bambuko stalo pavir\u0161i\u0173. Krep\u0161ys turi dvi \u012fmontuotas rankenas ir reguliuojam\u0105 dir\u017e\u0105 per pet\u012f.<\/p>\n","protected":false},"featured_media":31536,"template":"","meta":[],"product_brand":[],"product_cat":[516,517],"product_tag":[],"class_list":{"0":"post-39229","1":"product","2":"type-product","3":"status-publish","4":"has-post-thumbnail","6":"product_cat-dometic-lt","7":"product_cat-stovyklavimo-stalas","9":"first","10":"onbackorder","11":"taxable","12":"shipping-taxable","13":"purchasable","14":"product-type-simple"},"yoast_head":"<!-- This site is optimized with the Yoast SEO plugin v27.3 - https:\/\/yoast.com\/product\/yoast-seo-wordpress\/ -->\n<title>&quot;Dometic GO Camp Table&quot; laikymo krep\u0161ys - BALTIC OVERLANDERS<\/title>\n<meta name=\"description\" content=\"Patogus stalo laikymo krep\u0161ys su pamink\u0161tinta apsauga, \u012fmontuotomis rankenomis ir reguliuojamu dir\u017eu per pet\u012f, kad b\u016bt\u0173 lengva transportuoti. Patvari 600D audinio konstrukcija.\" \/>\n<meta name=\"robots\" content=\"index, follow, max-snippet:-1, max-image-preview:large, max-video-preview:-1\" \/>\n<link rel=\"canonical\" href=\"https:\/\/balticoverlanders.eu\/lt\/produktas\/dometic-go-camp-table-laikymo-krepsys\/\" \/>\n<meta property=\"og:locale\" content=\"lt_LT\" \/>\n<meta property=\"og:type\" content=\"article\" \/>\n<meta property=\"og:title\" content=\"&quot;Dometic GO Camp Table&quot; laikymo krep\u0161ys - BALTIC OVERLANDERS\" \/>\n<meta property=\"og:description\" content=\"Patogus stalo laikymo krep\u0161ys su pamink\u0161tinta apsauga, \u012fmontuotomis rankenomis ir reguliuojamu dir\u017eu per pet\u012f, kad b\u016bt\u0173 lengva transportuoti. Patvari 600D audinio konstrukcija.\" \/>\n<meta property=\"og:url\" content=\"https:\/\/balticoverlanders.eu\/lt\/produktas\/dometic-go-camp-table-laikymo-krepsys\/\" \/>\n<meta property=\"og:site_name\" content=\"BALTIC OVERLANDERS\" \/>\n<meta property=\"article:modified_time\" content=\"2024-05-06T19:40:48+00:00\" \/>\n<meta property=\"og:image\" content=\"https:\/\/balticoverlanders.eu\/wp-content\/uploads\/2024\/02\/tbra042_1.jpg\" \/>\n\t<meta property=\"og:image:width\" content=\"1024\" \/>\n\t<meta property=\"og:image:height\" content=\"768\" \/>\n\t<meta property=\"og:image:type\" content=\"image\/jpeg\" \/>\n<meta name=\"twitter:card\" content=\"summary_large_image\" \/>\n<meta name=\"twitter:label1\" content=\"Est. reading time\" \/>\n\t<meta name=\"twitter:data1\" content=\"2 minut\u0117s\" \/>\n<script type=\"application\/ld+json\" class=\"yoast-schema-graph\">{\"@context\":\"https:\\\/\\\/schema.org\",\"@graph\":[{\"@type\":\"WebPage\",\"@id\":\"https:\\\/\\\/balticoverlanders.eu\\\/lt\\\/produktas\\\/dometic-go-camp-table-laikymo-krepsys\\\/\",\"url\":\"https:\\\/\\\/balticoverlanders.eu\\\/lt\\\/produktas\\\/dometic-go-camp-table-laikymo-krepsys\\\/\",\"name\":\"\\\"Dometic GO Camp Table\\\" laikymo krep\u0161ys - BALTIC OVERLANDERS\",\"isPartOf\":{\"@id\":\"https:\\\/\\\/balticoverlanders.eu\\\/lt\\\/#website\"},\"primaryImageOfPage\":{\"@id\":\"https:\\\/\\\/balticoverlanders.eu\\\/lt\\\/produktas\\\/dometic-go-camp-table-laikymo-krepsys\\\/#primaryimage\"},\"image\":{\"@id\":\"https:\\\/\\\/balticoverlanders.eu\\\/lt\\\/produktas\\\/dometic-go-camp-table-laikymo-krepsys\\\/#primaryimage\"},\"thumbnailUrl\":\"https:\\\/\\\/balticoverlanders.eu\\\/wp-content\\\/uploads\\\/2024\\\/02\\\/tbra042_1.jpg\",\"datePublished\":\"2024-02-19T15:18:28+00:00\",\"dateModified\":\"2024-05-06T19:40:48+00:00\",\"description\":\"Patogus stalo laikymo krep\u0161ys su pamink\u0161tinta apsauga, \u012fmontuotomis rankenomis ir reguliuojamu dir\u017eu per pet\u012f, kad b\u016bt\u0173 lengva transportuoti. Patvari 600D audinio konstrukcija.\",\"breadcrumb\":{\"@id\":\"https:\\\/\\\/balticoverlanders.eu\\\/lt\\\/produktas\\\/dometic-go-camp-table-laikymo-krepsys\\\/#breadcrumb\"},\"inLanguage\":\"lt-LT\",\"potentialAction\":[{\"@type\":\"ReadAction\",\"target\":[\"https:\\\/\\\/balticoverlanders.eu\\\/lt\\\/produktas\\\/dometic-go-camp-table-laikymo-krepsys\\\/\"]}]},{\"@type\":\"ImageObject\",\"inLanguage\":\"lt-LT\",\"@id\":\"https:\\\/\\\/balticoverlanders.eu\\\/lt\\\/produktas\\\/dometic-go-camp-table-laikymo-krepsys\\\/#primaryimage\",\"url\":\"https:\\\/\\\/balticoverlanders.eu\\\/wp-content\\\/uploads\\\/2024\\\/02\\\/tbra042_1.jpg\",\"contentUrl\":\"https:\\\/\\\/balticoverlanders.eu\\\/wp-content\\\/uploads\\\/2024\\\/02\\\/tbra042_1.jpg\",\"width\":1024,\"height\":768},{\"@type\":\"BreadcrumbList\",\"@id\":\"https:\\\/\\\/balticoverlanders.eu\\\/lt\\\/produktas\\\/dometic-go-camp-table-laikymo-krepsys\\\/#breadcrumb\",\"itemListElement\":[{\"@type\":\"ListItem\",\"position\":1,\"name\":\"Home\",\"item\":\"https:\\\/\\\/balticoverlanders.eu\\\/lt\\\/home\\\/\"},{\"@type\":\"ListItem\",\"position\":2,\"name\":\"Parduotuv\u0117\",\"item\":\"https:\\\/\\\/balticoverlanders.eu\\\/lt\\\/parduotuve\\\/\"},{\"@type\":\"ListItem\",\"position\":3,\"name\":\"&#8221;Dometic GO Camp Table&#8221; laikymo krep\u0161ys\"}]},{\"@type\":\"WebSite\",\"@id\":\"https:\\\/\\\/balticoverlanders.eu\\\/lt\\\/#website\",\"url\":\"https:\\\/\\\/balticoverlanders.eu\\\/lt\\\/\",\"name\":\"BALTIC OVERLANDERS\",\"description\":\"Your one-stop shop in Latvia, Estonia, and Lithuania for all your car camping, rooftop tent and accessory needs.\",\"publisher\":{\"@id\":\"https:\\\/\\\/balticoverlanders.eu\\\/lt\\\/#organization\"},\"potentialAction\":[{\"@type\":\"SearchAction\",\"target\":{\"@type\":\"EntryPoint\",\"urlTemplate\":\"https:\\\/\\\/balticoverlanders.eu\\\/lt\\\/?s={search_term_string}\"},\"query-input\":{\"@type\":\"PropertyValueSpecification\",\"valueRequired\":true,\"valueName\":\"search_term_string\"}}],\"inLanguage\":\"lt-LT\"},{\"@type\":\"Organization\",\"@id\":\"https:\\\/\\\/balticoverlanders.eu\\\/lt\\\/#organization\",\"name\":\"BALTIC OVERLANDERS\",\"url\":\"https:\\\/\\\/balticoverlanders.eu\\\/lt\\\/\",\"logo\":{\"@type\":\"ImageObject\",\"inLanguage\":\"lt-LT\",\"@id\":\"https:\\\/\\\/balticoverlanders.eu\\\/lt\\\/#\\\/schema\\\/logo\\\/image\\\/\",\"url\":\"https:\\\/\\\/balticoverlanders.eu\\\/wp-content\\\/uploads\\\/2023\\\/04\\\/BALTIC-OVERLANDERS-LOGO.jpg\",\"contentUrl\":\"https:\\\/\\\/balticoverlanders.eu\\\/wp-content\\\/uploads\\\/2023\\\/04\\\/BALTIC-OVERLANDERS-LOGO.jpg\",\"width\":1497,\"height\":310,\"caption\":\"BALTIC OVERLANDERS\"},\"image\":{\"@id\":\"https:\\\/\\\/balticoverlanders.eu\\\/lt\\\/#\\\/schema\\\/logo\\\/image\\\/\"},\"sameAs\":[\"https:\\\/\\\/www.instagram.com\\\/balticoverlanders\\\/\"]}]}<\/script>\n<!-- \/ Yoast SEO plugin. -->","yoast_head_json":{"title":"\"Dometic GO Camp Table\" laikymo krep\u0161ys - BALTIC OVERLANDERS","description":"Patogus stalo laikymo krep\u0161ys su pamink\u0161tinta apsauga, \u012fmontuotomis rankenomis ir reguliuojamu dir\u017eu per pet\u012f, kad b\u016bt\u0173 lengva transportuoti. Patvari 600D audinio konstrukcija.","robots":{"index":"index","follow":"follow","max-snippet":"max-snippet:-1","max-image-preview":"max-image-preview:large","max-video-preview":"max-video-preview:-1"},"canonical":"https:\/\/balticoverlanders.eu\/lt\/produktas\/dometic-go-camp-table-laikymo-krepsys\/","og_locale":"lt_LT","og_type":"article","og_title":"\"Dometic GO Camp Table\" laikymo krep\u0161ys - BALTIC OVERLANDERS","og_description":"Patogus stalo laikymo krep\u0161ys su pamink\u0161tinta apsauga, \u012fmontuotomis rankenomis ir reguliuojamu dir\u017eu per pet\u012f, kad b\u016bt\u0173 lengva transportuoti. Patvari 600D audinio konstrukcija.","og_url":"https:\/\/balticoverlanders.eu\/lt\/produktas\/dometic-go-camp-table-laikymo-krepsys\/","og_site_name":"BALTIC OVERLANDERS","article_modified_time":"2024-05-06T19:40:48+00:00","og_image":[{"width":1024,"height":768,"url":"https:\/\/balticoverlanders.eu\/wp-content\/uploads\/2024\/02\/tbra042_1.jpg","type":"image\/jpeg"}],"twitter_card":"summary_large_image","twitter_misc":{"Est. reading time":"2 minut\u0117s"},"schema":{"@context":"https:\/\/schema.org","@graph":[{"@type":"WebPage","@id":"https:\/\/balticoverlanders.eu\/lt\/produktas\/dometic-go-camp-table-laikymo-krepsys\/","url":"https:\/\/balticoverlanders.eu\/lt\/produktas\/dometic-go-camp-table-laikymo-krepsys\/","name":"\"Dometic GO Camp Table\" laikymo krep\u0161ys - BALTIC OVERLANDERS","isPartOf":{"@id":"https:\/\/balticoverlanders.eu\/lt\/#website"},"primaryImageOfPage":{"@id":"https:\/\/balticoverlanders.eu\/lt\/produktas\/dometic-go-camp-table-laikymo-krepsys\/#primaryimage"},"image":{"@id":"https:\/\/balticoverlanders.eu\/lt\/produktas\/dometic-go-camp-table-laikymo-krepsys\/#primaryimage"},"thumbnailUrl":"https:\/\/balticoverlanders.eu\/wp-content\/uploads\/2024\/02\/tbra042_1.jpg","datePublished":"2024-02-19T15:18:28+00:00","dateModified":"2024-05-06T19:40:48+00:00","description":"Patogus stalo laikymo krep\u0161ys su pamink\u0161tinta apsauga, \u012fmontuotomis rankenomis ir reguliuojamu dir\u017eu per pet\u012f, kad b\u016bt\u0173 lengva transportuoti. Patvari 600D audinio konstrukcija.","breadcrumb":{"@id":"https:\/\/balticoverlanders.eu\/lt\/produktas\/dometic-go-camp-table-laikymo-krepsys\/#breadcrumb"},"inLanguage":"lt-LT","potentialAction":[{"@type":"ReadAction","target":["https:\/\/balticoverlanders.eu\/lt\/produktas\/dometic-go-camp-table-laikymo-krepsys\/"]}]},{"@type":"ImageObject","inLanguage":"lt-LT","@id":"https:\/\/balticoverlanders.eu\/lt\/produktas\/dometic-go-camp-table-laikymo-krepsys\/#primaryimage","url":"https:\/\/balticoverlanders.eu\/wp-content\/uploads\/2024\/02\/tbra042_1.jpg","contentUrl":"https:\/\/balticoverlanders.eu\/wp-content\/uploads\/2024\/02\/tbra042_1.jpg","width":1024,"height":768},{"@type":"BreadcrumbList","@id":"https:\/\/balticoverlanders.eu\/lt\/produktas\/dometic-go-camp-table-laikymo-krepsys\/#breadcrumb","itemListElement":[{"@type":"ListItem","position":1,"name":"Home","item":"https:\/\/balticoverlanders.eu\/lt\/home\/"},{"@type":"ListItem","position":2,"name":"Parduotuv\u0117","item":"https:\/\/balticoverlanders.eu\/lt\/parduotuve\/"},{"@type":"ListItem","position":3,"name":"&#8221;Dometic GO Camp Table&#8221; laikymo krep\u0161ys"}]},{"@type":"WebSite","@id":"https:\/\/balticoverlanders.eu\/lt\/#website","url":"https:\/\/balticoverlanders.eu\/lt\/","name":"BALTIC OVERLANDERS","description":"Your one-stop shop in Latvia, Estonia, and Lithuania for all your car camping, rooftop tent and accessory needs.","publisher":{"@id":"https:\/\/balticoverlanders.eu\/lt\/#organization"},"potentialAction":[{"@type":"SearchAction","target":{"@type":"EntryPoint","urlTemplate":"https:\/\/balticoverlanders.eu\/lt\/?s={search_term_string}"},"query-input":{"@type":"PropertyValueSpecification","valueRequired":true,"valueName":"search_term_string"}}],"inLanguage":"lt-LT"},{"@type":"Organization","@id":"https:\/\/balticoverlanders.eu\/lt\/#organization","name":"BALTIC OVERLANDERS","url":"https:\/\/balticoverlanders.eu\/lt\/","logo":{"@type":"ImageObject","inLanguage":"lt-LT","@id":"https:\/\/balticoverlanders.eu\/lt\/#\/schema\/logo\/image\/","url":"https:\/\/balticoverlanders.eu\/wp-content\/uploads\/2023\/04\/BALTIC-OVERLANDERS-LOGO.jpg","contentUrl":"https:\/\/balticoverlanders.eu\/wp-content\/uploads\/2023\/04\/BALTIC-OVERLANDERS-LOGO.jpg","width":1497,"height":310,"caption":"BALTIC OVERLANDERS"},"image":{"@id":"https:\/\/balticoverlanders.eu\/lt\/#\/schema\/logo\/image\/"},"sameAs":["https:\/\/www.instagram.com\/balticoverlanders\/"]}]}},"_links":{"self":[{"href":"https:\/\/balticoverlanders.eu\/lt\/wp-json\/wp\/v2\/product\/39229","targetHints":{"allow":["GET"]}}],"collection":[{"href":"https:\/\/balticoverlanders.eu\/lt\/wp-json\/wp\/v2\/product"}],"about":[{"href":"https:\/\/balticoverlanders.eu\/lt\/wp-json\/wp\/v2\/types\/product"}],"wp:featuredmedia":[{"embeddable":true,"href":"https:\/\/balticoverlanders.eu\/lt\/wp-json\/wp\/v2\/media\/31536"}],"wp:attachment":[{"href":"https:\/\/balticoverlanders.eu\/lt\/wp-json\/wp\/v2\/media?parent=39229"}],"wp:term":[{"taxonomy":"product_brand","embeddable":true,"href":"https:\/\/balticoverlanders.eu\/lt\/wp-json\/wp\/v2\/product_brand?post=39229"},{"taxonomy":"product_cat","embeddable":true,"href":"https:\/\/balticoverlanders.eu\/lt\/wp-json\/wp\/v2\/product_cat?post=39229"},{"taxonomy":"product_tag","embeddable":true,"href":"https:\/\/balticoverlanders.eu\/lt\/wp-json\/wp\/v2\/product_tag?post=39229"}],"curies":[{"name":"wp","href":"https:\/\/api.w.org\/{rel}","templated":true}]}}