{"id":39234,"date":"2024-02-19T17:11:40","date_gmt":"2024-02-19T15:11:40","guid":{"rendered":"https:\/\/balticoverlanders.eu\/product\/dometic-go-compact-camp-table\/"},"modified":"2024-05-06T22:40:50","modified_gmt":"2024-05-06T19:40:50","slug":"dometic-go-compact-camp-table","status":"publish","type":"product","link":"https:\/\/balticoverlanders.eu\/lt\/produktas\/dometic-go-compact-camp-table\/","title":{"rendered":"&#8222;Dometic GO Compact Camp Table"},"content":{"rendered":"<p><strong>Pristatome &#8222;Dometic Go Compact Camp Table&#8221; \/ bambukas<\/strong><\/p>\n<p>Patirkite &#8222;Dometic Go Compact Camp Table&#8221; patogum\u0105 ir universalum\u0105 &#8211; unikalaus dizaino &#8222;Dometic Go&#8221; kompakti\u0161kas stovyklos stalas pagerins j\u016bs\u0173 nuotykius gamtoje. \u0160is naujovi\u0161kas stalas pasi\u017eymi atspariomis pavir\u0161iaus med\u017eiagomis ir tvirta konstrukcija, tod\u0117l yra patikimas, kad ir kur keliautum\u0117te. D\u0117l vietos taupan\u010dios sulankstomos konstrukcijos j\u012f galima lengvai transportuoti, tod\u0117l jis tampa nepakei\u010diamu kompanionu stovyklaujant, i\u0161kylaujant ir kt.<\/p>\n<p><strong>Pagrindin\u0117s savyb\u0117s:<\/strong><\/p>\n<ul>\n<li><strong>Reguliuojamas auk\u0161tis:<\/strong> Lengvai kei\u010diasi trys skirtingi auk\u0161\u010diai, kad b\u016bt\u0173 galima pritaikyti \u012fvairiems poreikiams, pvz., kavos staliukui, vaik\u0173 staliukui ir valgomojo\/preparato pavir\u0161iui.<\/li>\n<li><strong>Didel\u0117s s\u0117dimos vietos:<\/strong> Patogiai \u012fsitaiso iki keturi\u0173 suaugusi\u0173j\u0173, tod\u0117l puikiai tinka m\u0117gautis maistu ar susirinkti ir u\u017esiimti veikla.<\/li>\n<li><strong>Optimizuotas komfortas:<\/strong> Sukurtos kojos, tvirtinamos prie stalo kamp\u0173, u\u017etikrinan\u010dios stabilum\u0105 ir maksimal\u0173 patogum\u0105 naudojantis.<\/li>\n<li><strong>Kompakti\u0161kas perkeliamumas:<\/strong> Susilanksto iki pus\u0117s automobilio baga\u017ein\u0117s plo\u010dio, kad b\u016bt\u0173 galima be vargo transportuoti ir laikyti.<\/li>\n<li><strong>Auk\u0161\u010diausios kokyb\u0117s med\u017eiagos:<\/strong> Sukurta i\u0161 tvirto bambuko pavir\u0161iaus ir patvaraus aliuminio koj\u0173, u\u017etikrinant stili\u0173 ir ilgaam\u017ei\u0161kum\u0105 j\u016bs\u0173 nuotykiams lauke.<\/li>\n<li><strong>Integruota ne\u0161iojimo rankena:<\/strong> Tai palengvina perne\u0161im\u0105 i\u0161 vienos vietos \u012f kit\u0105 ir suteikia daugiau patogumo keliaujant.<\/li>\n<li><strong>Suderinamumas:<\/strong> Dometic Go&#8221; kolekcijos dalis, tod\u0117l j\u0105 galima skland\u017eiai integruoti su kitais produktais ir taip u\u017etikrinti visapusi\u0161k\u0105 lauko patirt\u012f.<\/li>\n<\/ul>\n<p><strong>Pagerinkite savo lauko patirt\u012f su &#8222;Dometic Go&#8221;:<\/strong><\/p>\n<p>Su &#8222;Dometic Go&#8221; kompaktiniu stovyklaviet\u0117s stalu &#8222;Dometic Go Compact Camp Table&#8221; i\u0161laisvinsite vis\u0105 savo i\u0161kyl\u0173 lauke potencial\u0105. Nesvarbu, ar stovyklaujate dykumoje, ar m\u0117gaujat\u0117s i\u0161kyla parke, \u0161is universalus stalas u\u017etikrina komfort\u0105, patogum\u0105 ir stili\u0173. Pagerinkite savo nuotykius su &#8222;Dometic Go&#8221; &#8211; patikimu kompanionu, kuris patenkins visus j\u016bs\u0173 lauko poreikius.<\/p>\n<p><a href=\"https:\/\/balticoverlanders.eu\/product\/dometic-go-camp-table-storage-bag\/\"><em>D\u0117klas parduodamas atskirai.<\/em><\/a><\/p>\n","protected":false},"excerpt":{"rendered":"<p>&#8222;Dometic&#8221; CMP T4 stalas turi atspar\u0173 bambuko pavir\u0161i\u0173 ir tvirtas aliuminio kojas, kurios sulankstomos taip, kad tilpt\u0173 \u012f pus\u0119 baga\u017ein\u0117s plo\u010dio ir b\u016bt\u0173 paprasta transportuoti. Galite rinktis i\u0161 trij\u0173 auk\u0161\u010di\u0173, kad lauke gal\u0117tum\u0117te naudoti \u012fvairiais tikslais.<\/p>\n","protected":false},"featured_media":31486,"template":"","meta":[],"product_brand":[],"product_cat":[516,517],"product_tag":[],"class_list":{"0":"post-39234","1":"product","2":"type-product","3":"status-publish","4":"has-post-thumbnail","6":"product_cat-dometic-lt","7":"product_cat-stovyklavimo-stalas","9":"first","10":"onbackorder","11":"taxable","12":"shipping-taxable","13":"purchasable","14":"product-type-simple"},"yoast_head":"<!-- This site is optimized with the Yoast SEO plugin v27.3 - https:\/\/yoast.com\/product\/yoast-seo-wordpress\/ -->\n<title>&quot;Dometic GO Compact Camp Table - BALTIC OVERLANDERS<\/title>\n<meta name=\"description\" content=\"&quot;Dometic&quot; CMP T4 stalas: Ne\u0161iojamas, patvarus bambuko pavir\u0161ius su sulankstomomis aliuminin\u0117mis kojomis, u\u017etikrinantis universalum\u0105 ir patogum\u0105 u\u017esiimant veikla lauke.\" \/>\n<meta name=\"robots\" content=\"index, follow, max-snippet:-1, max-image-preview:large, max-video-preview:-1\" \/>\n<link rel=\"canonical\" href=\"https:\/\/balticoverlanders.eu\/lt\/produktas\/dometic-go-compact-camp-table\/\" \/>\n<meta property=\"og:locale\" content=\"lt_LT\" \/>\n<meta property=\"og:type\" content=\"article\" \/>\n<meta property=\"og:title\" content=\"&quot;Dometic GO Compact Camp Table - BALTIC OVERLANDERS\" \/>\n<meta property=\"og:description\" content=\"&quot;Dometic&quot; CMP T4 stalas: Ne\u0161iojamas, patvarus bambuko pavir\u0161ius su sulankstomomis aliuminin\u0117mis kojomis, u\u017etikrinantis universalum\u0105 ir patogum\u0105 u\u017esiimant veikla lauke.\" \/>\n<meta property=\"og:url\" content=\"https:\/\/balticoverlanders.eu\/lt\/produktas\/dometic-go-compact-camp-table\/\" \/>\n<meta property=\"og:site_name\" content=\"BALTIC OVERLANDERS\" \/>\n<meta property=\"article:modified_time\" content=\"2024-05-06T19:40:50+00:00\" \/>\n<meta property=\"og:image\" content=\"https:\/\/balticoverlanders.eu\/wp-content\/uploads\/2024\/02\/tbra041_1.jpg\" \/>\n\t<meta property=\"og:image:width\" content=\"1024\" \/>\n\t<meta property=\"og:image:height\" content=\"768\" \/>\n\t<meta property=\"og:image:type\" content=\"image\/jpeg\" \/>\n<meta name=\"twitter:card\" content=\"summary_large_image\" \/>\n<meta name=\"twitter:label1\" content=\"Est. reading time\" \/>\n\t<meta name=\"twitter:data1\" content=\"2 minut\u0117s\" \/>\n<script type=\"application\/ld+json\" class=\"yoast-schema-graph\">{\"@context\":\"https:\\\/\\\/schema.org\",\"@graph\":[{\"@type\":\"WebPage\",\"@id\":\"https:\\\/\\\/balticoverlanders.eu\\\/lt\\\/produktas\\\/dometic-go-compact-camp-table\\\/\",\"url\":\"https:\\\/\\\/balticoverlanders.eu\\\/lt\\\/produktas\\\/dometic-go-compact-camp-table\\\/\",\"name\":\"\\\"Dometic GO Compact Camp Table - BALTIC OVERLANDERS\",\"isPartOf\":{\"@id\":\"https:\\\/\\\/balticoverlanders.eu\\\/lt\\\/#website\"},\"primaryImageOfPage\":{\"@id\":\"https:\\\/\\\/balticoverlanders.eu\\\/lt\\\/produktas\\\/dometic-go-compact-camp-table\\\/#primaryimage\"},\"image\":{\"@id\":\"https:\\\/\\\/balticoverlanders.eu\\\/lt\\\/produktas\\\/dometic-go-compact-camp-table\\\/#primaryimage\"},\"thumbnailUrl\":\"https:\\\/\\\/balticoverlanders.eu\\\/wp-content\\\/uploads\\\/2024\\\/02\\\/tbra041_1.jpg\",\"datePublished\":\"2024-02-19T15:11:40+00:00\",\"dateModified\":\"2024-05-06T19:40:50+00:00\",\"description\":\"\\\"Dometic\\\" CMP T4 stalas: Ne\u0161iojamas, patvarus bambuko pavir\u0161ius su sulankstomomis aliuminin\u0117mis kojomis, u\u017etikrinantis universalum\u0105 ir patogum\u0105 u\u017esiimant veikla lauke.\",\"breadcrumb\":{\"@id\":\"https:\\\/\\\/balticoverlanders.eu\\\/lt\\\/produktas\\\/dometic-go-compact-camp-table\\\/#breadcrumb\"},\"inLanguage\":\"lt-LT\",\"potentialAction\":[{\"@type\":\"ReadAction\",\"target\":[\"https:\\\/\\\/balticoverlanders.eu\\\/lt\\\/produktas\\\/dometic-go-compact-camp-table\\\/\"]}]},{\"@type\":\"ImageObject\",\"inLanguage\":\"lt-LT\",\"@id\":\"https:\\\/\\\/balticoverlanders.eu\\\/lt\\\/produktas\\\/dometic-go-compact-camp-table\\\/#primaryimage\",\"url\":\"https:\\\/\\\/balticoverlanders.eu\\\/wp-content\\\/uploads\\\/2024\\\/02\\\/tbra041_1.jpg\",\"contentUrl\":\"https:\\\/\\\/balticoverlanders.eu\\\/wp-content\\\/uploads\\\/2024\\\/02\\\/tbra041_1.jpg\",\"width\":1024,\"height\":768},{\"@type\":\"BreadcrumbList\",\"@id\":\"https:\\\/\\\/balticoverlanders.eu\\\/lt\\\/produktas\\\/dometic-go-compact-camp-table\\\/#breadcrumb\",\"itemListElement\":[{\"@type\":\"ListItem\",\"position\":1,\"name\":\"Home\",\"item\":\"https:\\\/\\\/balticoverlanders.eu\\\/lt\\\/home\\\/\"},{\"@type\":\"ListItem\",\"position\":2,\"name\":\"Parduotuv\u0117\",\"item\":\"https:\\\/\\\/balticoverlanders.eu\\\/lt\\\/parduotuve\\\/\"},{\"@type\":\"ListItem\",\"position\":3,\"name\":\"&#8220;Dometic GO Compact Camp Table\"}]},{\"@type\":\"WebSite\",\"@id\":\"https:\\\/\\\/balticoverlanders.eu\\\/lt\\\/#website\",\"url\":\"https:\\\/\\\/balticoverlanders.eu\\\/lt\\\/\",\"name\":\"BALTIC OVERLANDERS\",\"description\":\"Your one-stop shop in Latvia, Estonia, and Lithuania for all your car camping, rooftop tent and accessory needs.\",\"publisher\":{\"@id\":\"https:\\\/\\\/balticoverlanders.eu\\\/lt\\\/#organization\"},\"potentialAction\":[{\"@type\":\"SearchAction\",\"target\":{\"@type\":\"EntryPoint\",\"urlTemplate\":\"https:\\\/\\\/balticoverlanders.eu\\\/lt\\\/?s={search_term_string}\"},\"query-input\":{\"@type\":\"PropertyValueSpecification\",\"valueRequired\":true,\"valueName\":\"search_term_string\"}}],\"inLanguage\":\"lt-LT\"},{\"@type\":\"Organization\",\"@id\":\"https:\\\/\\\/balticoverlanders.eu\\\/lt\\\/#organization\",\"name\":\"BALTIC OVERLANDERS\",\"url\":\"https:\\\/\\\/balticoverlanders.eu\\\/lt\\\/\",\"logo\":{\"@type\":\"ImageObject\",\"inLanguage\":\"lt-LT\",\"@id\":\"https:\\\/\\\/balticoverlanders.eu\\\/lt\\\/#\\\/schema\\\/logo\\\/image\\\/\",\"url\":\"https:\\\/\\\/balticoverlanders.eu\\\/wp-content\\\/uploads\\\/2023\\\/04\\\/BALTIC-OVERLANDERS-LOGO.jpg\",\"contentUrl\":\"https:\\\/\\\/balticoverlanders.eu\\\/wp-content\\\/uploads\\\/2023\\\/04\\\/BALTIC-OVERLANDERS-LOGO.jpg\",\"width\":1497,\"height\":310,\"caption\":\"BALTIC OVERLANDERS\"},\"image\":{\"@id\":\"https:\\\/\\\/balticoverlanders.eu\\\/lt\\\/#\\\/schema\\\/logo\\\/image\\\/\"},\"sameAs\":[\"https:\\\/\\\/www.instagram.com\\\/balticoverlanders\\\/\"]}]}<\/script>\n<!-- \/ Yoast SEO plugin. -->","yoast_head_json":{"title":"\"Dometic GO Compact Camp Table - BALTIC OVERLANDERS","description":"\"Dometic\" CMP T4 stalas: Ne\u0161iojamas, patvarus bambuko pavir\u0161ius su sulankstomomis aliuminin\u0117mis kojomis, u\u017etikrinantis universalum\u0105 ir patogum\u0105 u\u017esiimant veikla lauke.","robots":{"index":"index","follow":"follow","max-snippet":"max-snippet:-1","max-image-preview":"max-image-preview:large","max-video-preview":"max-video-preview:-1"},"canonical":"https:\/\/balticoverlanders.eu\/lt\/produktas\/dometic-go-compact-camp-table\/","og_locale":"lt_LT","og_type":"article","og_title":"\"Dometic GO Compact Camp Table - BALTIC OVERLANDERS","og_description":"\"Dometic\" CMP T4 stalas: Ne\u0161iojamas, patvarus bambuko pavir\u0161ius su sulankstomomis aliuminin\u0117mis kojomis, u\u017etikrinantis universalum\u0105 ir patogum\u0105 u\u017esiimant veikla lauke.","og_url":"https:\/\/balticoverlanders.eu\/lt\/produktas\/dometic-go-compact-camp-table\/","og_site_name":"BALTIC OVERLANDERS","article_modified_time":"2024-05-06T19:40:50+00:00","og_image":[{"width":1024,"height":768,"url":"https:\/\/balticoverlanders.eu\/wp-content\/uploads\/2024\/02\/tbra041_1.jpg","type":"image\/jpeg"}],"twitter_card":"summary_large_image","twitter_misc":{"Est. reading time":"2 minut\u0117s"},"schema":{"@context":"https:\/\/schema.org","@graph":[{"@type":"WebPage","@id":"https:\/\/balticoverlanders.eu\/lt\/produktas\/dometic-go-compact-camp-table\/","url":"https:\/\/balticoverlanders.eu\/lt\/produktas\/dometic-go-compact-camp-table\/","name":"\"Dometic GO Compact Camp Table - BALTIC OVERLANDERS","isPartOf":{"@id":"https:\/\/balticoverlanders.eu\/lt\/#website"},"primaryImageOfPage":{"@id":"https:\/\/balticoverlanders.eu\/lt\/produktas\/dometic-go-compact-camp-table\/#primaryimage"},"image":{"@id":"https:\/\/balticoverlanders.eu\/lt\/produktas\/dometic-go-compact-camp-table\/#primaryimage"},"thumbnailUrl":"https:\/\/balticoverlanders.eu\/wp-content\/uploads\/2024\/02\/tbra041_1.jpg","datePublished":"2024-02-19T15:11:40+00:00","dateModified":"2024-05-06T19:40:50+00:00","description":"\"Dometic\" CMP T4 stalas: Ne\u0161iojamas, patvarus bambuko pavir\u0161ius su sulankstomomis aliuminin\u0117mis kojomis, u\u017etikrinantis universalum\u0105 ir patogum\u0105 u\u017esiimant veikla lauke.","breadcrumb":{"@id":"https:\/\/balticoverlanders.eu\/lt\/produktas\/dometic-go-compact-camp-table\/#breadcrumb"},"inLanguage":"lt-LT","potentialAction":[{"@type":"ReadAction","target":["https:\/\/balticoverlanders.eu\/lt\/produktas\/dometic-go-compact-camp-table\/"]}]},{"@type":"ImageObject","inLanguage":"lt-LT","@id":"https:\/\/balticoverlanders.eu\/lt\/produktas\/dometic-go-compact-camp-table\/#primaryimage","url":"https:\/\/balticoverlanders.eu\/wp-content\/uploads\/2024\/02\/tbra041_1.jpg","contentUrl":"https:\/\/balticoverlanders.eu\/wp-content\/uploads\/2024\/02\/tbra041_1.jpg","width":1024,"height":768},{"@type":"BreadcrumbList","@id":"https:\/\/balticoverlanders.eu\/lt\/produktas\/dometic-go-compact-camp-table\/#breadcrumb","itemListElement":[{"@type":"ListItem","position":1,"name":"Home","item":"https:\/\/balticoverlanders.eu\/lt\/home\/"},{"@type":"ListItem","position":2,"name":"Parduotuv\u0117","item":"https:\/\/balticoverlanders.eu\/lt\/parduotuve\/"},{"@type":"ListItem","position":3,"name":"&#8220;Dometic GO Compact Camp Table"}]},{"@type":"WebSite","@id":"https:\/\/balticoverlanders.eu\/lt\/#website","url":"https:\/\/balticoverlanders.eu\/lt\/","name":"BALTIC OVERLANDERS","description":"Your one-stop shop in Latvia, Estonia, and Lithuania for all your car camping, rooftop tent and accessory needs.","publisher":{"@id":"https:\/\/balticoverlanders.eu\/lt\/#organization"},"potentialAction":[{"@type":"SearchAction","target":{"@type":"EntryPoint","urlTemplate":"https:\/\/balticoverlanders.eu\/lt\/?s={search_term_string}"},"query-input":{"@type":"PropertyValueSpecification","valueRequired":true,"valueName":"search_term_string"}}],"inLanguage":"lt-LT"},{"@type":"Organization","@id":"https:\/\/balticoverlanders.eu\/lt\/#organization","name":"BALTIC OVERLANDERS","url":"https:\/\/balticoverlanders.eu\/lt\/","logo":{"@type":"ImageObject","inLanguage":"lt-LT","@id":"https:\/\/balticoverlanders.eu\/lt\/#\/schema\/logo\/image\/","url":"https:\/\/balticoverlanders.eu\/wp-content\/uploads\/2023\/04\/BALTIC-OVERLANDERS-LOGO.jpg","contentUrl":"https:\/\/balticoverlanders.eu\/wp-content\/uploads\/2023\/04\/BALTIC-OVERLANDERS-LOGO.jpg","width":1497,"height":310,"caption":"BALTIC OVERLANDERS"},"image":{"@id":"https:\/\/balticoverlanders.eu\/lt\/#\/schema\/logo\/image\/"},"sameAs":["https:\/\/www.instagram.com\/balticoverlanders\/"]}]}},"_links":{"self":[{"href":"https:\/\/balticoverlanders.eu\/lt\/wp-json\/wp\/v2\/product\/39234","targetHints":{"allow":["GET"]}}],"collection":[{"href":"https:\/\/balticoverlanders.eu\/lt\/wp-json\/wp\/v2\/product"}],"about":[{"href":"https:\/\/balticoverlanders.eu\/lt\/wp-json\/wp\/v2\/types\/product"}],"wp:featuredmedia":[{"embeddable":true,"href":"https:\/\/balticoverlanders.eu\/lt\/wp-json\/wp\/v2\/media\/31486"}],"wp:attachment":[{"href":"https:\/\/balticoverlanders.eu\/lt\/wp-json\/wp\/v2\/media?parent=39234"}],"wp:term":[{"taxonomy":"product_brand","embeddable":true,"href":"https:\/\/balticoverlanders.eu\/lt\/wp-json\/wp\/v2\/product_brand?post=39234"},{"taxonomy":"product_cat","embeddable":true,"href":"https:\/\/balticoverlanders.eu\/lt\/wp-json\/wp\/v2\/product_cat?post=39234"},{"taxonomy":"product_tag","embeddable":true,"href":"https:\/\/balticoverlanders.eu\/lt\/wp-json\/wp\/v2\/product_tag?post=39234"}],"curies":[{"name":"wp","href":"https:\/\/api.w.org\/{rel}","templated":true}]}}