{"id":39264,"date":"2024-02-18T17:23:48","date_gmt":"2024-02-18T15:23:48","guid":{"rendered":"https:\/\/balticoverlanders.eu\/product\/dometic-go-hydration-vandens-maisytuvas-nesiojamas-savaime-veikiantis-vandens-maisytuvas\/"},"modified":"2024-05-06T22:41:48","modified_gmt":"2024-05-06T19:41:48","slug":"dometic-go-hydration-vandens-maisytuvas-nesiojamas-savaime-veikiantis-vandens-maisytuvas","status":"publish","type":"product","link":"https:\/\/balticoverlanders.eu\/lt\/produktas\/dometic-go-hydration-vandens-maisytuvas-nesiojamas-savaime-veikiantis-vandens-maisytuvas\/","title":{"rendered":"&#8222;Dometic GO Hydration&#8221; vandens mai\u0161ytuvas Ne\u0161iojamas, savaime veikiantis vandens mai\u0161ytuvas"},"content":{"rendered":"<p><strong>Pagrindin\u0117s savyb\u0117s:<\/strong><\/p>\n<ul>\n<li><strong>Jutiklinis valdymas<\/strong>: D\u0117l paprasto jutiklinio valdymo mai\u0161ytuvas valdomas lengvai, o automatinis i\u0161jungimas u\u017etikrina optimal\u0173 vandens taupym\u0105.<\/li>\n<li><strong>Integruota LED lemput\u0117<\/strong>: Integruotas LED \u017eibintas u\u017etikrina matomum\u0105 ir patogum\u0105.<\/li>\n<li><strong>Dvigubo bakstel\u0117jimo funkcija<\/strong>: Dvigubu \u010diaupu akimirksniu \u012fjungiamas vandens srautas, kad b\u016bt\u0173 galima greitai ir efektyviai i\u0161pilstyti vanden\u012f.<\/li>\n<li><strong>Universali vieta<\/strong>: Magnetinis pagrindas, skirtas saugiam naudojimui ant \u012fvairi\u0173 pavir\u0161i\u0173.<\/li>\n<li><strong>Ilgai veikianti baterija<\/strong>: Didel\u0117s talpos akumuliatorius leid\u017eia i\u0161pilstyti iki 150 litr\u0173 vandens vienu \u012fkrovimu ir u\u017etikrina ilgalaik\u012f naudojim\u0105 be pertrauk\u0173.<\/li>\n<li><strong>Tvirta konstrukcija<\/strong>: M\u016bs\u0173 IPX4 klas\u0117s mai\u0161ytuvas pagamintas i\u0161 BPA neturin\u010di\u0173, maistui tinkam\u0173 med\u017eiag\u0173, u\u017etikrinan\u010di\u0173 ilgaam\u017ei\u0161kum\u0105 ir saugum\u0105.<\/li>\n<li><strong>Suderinamas su hidravimo vandens \u0105so\u010diu<\/strong>: Suderinamumas su &#8222;Hydration Water Jug&#8221;: vientisai integruojamas su &#8222;Hydration Water Jug&#8221;, kad b\u016bt\u0173 sukurtas i\u0161samus hidratacijos sprendimas.<\/li>\n<li>&#8222;<strong>Dometic Go&#8221; kolekcijos dalis<\/strong>: M\u016bs\u0173 vandens mai\u0161ytuvas yra &#8222;Dometic Go&#8221; kolekcijos dalis.<\/li>\n<\/ul>\n","protected":false},"excerpt":{"rendered":"<p>&#8222;Dometic&#8221; HYD WF hidravimo vandens mai\u0161ytuvas bet koki\u0105 vandens talpykl\u0105 paver\u010dia lauko virtuv\u0117s mai\u0161ytuvu ir leid\u017eia i\u0161pilstyti tik tiek, kiek reikia, be joki\u0173 atliek\u0173. Sujunkite su HYD J11 hidravimo vandens \u0105so\u010diu ar kita vandens talpykla, kad gal\u0117tum\u0117te gauti vandens, kai tik jums jo prireiks.<\/p>\n","protected":false},"featured_media":31342,"template":"","meta":[],"product_brand":[],"product_cat":[516,556],"product_tag":[],"class_list":{"0":"post-39264","1":"product","2":"type-product","3":"status-publish","4":"has-post-thumbnail","6":"product_cat-dometic-lt","7":"product_cat-hidratacija-lt","9":"first","10":"onbackorder","11":"taxable","12":"shipping-taxable","13":"purchasable","14":"product-type-simple"},"yoast_head":"<!-- This site is optimized with the Yoast SEO plugin v27.3 - https:\/\/yoast.com\/product\/yoast-seo-wordpress\/ -->\n<title>&quot;Dometic GO Hydration&quot; vandens mai\u0161ytuvas Ne\u0161iojamas, savaime veikiantis vandens mai\u0161ytuvas - BALTIC OVERLANDERS<\/title>\n<meta name=\"description\" content=\"&quot;Atraskite &quot;Dometic&quot; HYD WF hidracijos vandens mai\u0161ytuv\u0105, kad b\u016bt\u0173 patogu naudoti lauke, ir paverskite bet koki\u0105 talpykl\u0105 virtuv\u0117s mai\u0161ytuvu be joki\u0173 atliek\u0173.&quot;\" \/>\n<meta name=\"robots\" content=\"index, follow, max-snippet:-1, max-image-preview:large, max-video-preview:-1\" \/>\n<link rel=\"canonical\" href=\"https:\/\/balticoverlanders.eu\/lt\/produktas\/dometic-go-hydration-vandens-maisytuvas-nesiojamas-savaime-veikiantis-vandens-maisytuvas\/\" \/>\n<meta property=\"og:locale\" content=\"lt_LT\" \/>\n<meta property=\"og:type\" content=\"article\" \/>\n<meta property=\"og:title\" content=\"&quot;Dometic GO Hydration&quot; vandens mai\u0161ytuvas Ne\u0161iojamas, savaime veikiantis vandens mai\u0161ytuvas - BALTIC OVERLANDERS\" \/>\n<meta property=\"og:description\" content=\"&quot;Atraskite &quot;Dometic&quot; HYD WF hidracijos vandens mai\u0161ytuv\u0105, kad b\u016bt\u0173 patogu naudoti lauke, ir paverskite bet koki\u0105 talpykl\u0105 virtuv\u0117s mai\u0161ytuvu be joki\u0173 atliek\u0173.&quot;\" \/>\n<meta property=\"og:url\" content=\"https:\/\/balticoverlanders.eu\/lt\/produktas\/dometic-go-hydration-vandens-maisytuvas-nesiojamas-savaime-veikiantis-vandens-maisytuvas\/\" \/>\n<meta property=\"og:site_name\" content=\"BALTIC OVERLANDERS\" \/>\n<meta property=\"article:modified_time\" content=\"2024-05-06T19:41:48+00:00\" \/>\n<meta property=\"og:image\" content=\"https:\/\/balticoverlanders.eu\/wp-content\/uploads\/2024\/02\/wtan068_1.jpg\" \/>\n\t<meta property=\"og:image:width\" content=\"650\" \/>\n\t<meta property=\"og:image:height\" content=\"488\" \/>\n\t<meta property=\"og:image:type\" content=\"image\/jpeg\" \/>\n<meta name=\"twitter:card\" content=\"summary_large_image\" \/>\n<meta name=\"twitter:label1\" content=\"Est. reading time\" \/>\n\t<meta name=\"twitter:data1\" content=\"1 minut\u0117\" \/>\n<script type=\"application\/ld+json\" class=\"yoast-schema-graph\">{\"@context\":\"https:\\\/\\\/schema.org\",\"@graph\":[{\"@type\":\"WebPage\",\"@id\":\"https:\\\/\\\/balticoverlanders.eu\\\/lt\\\/produktas\\\/dometic-go-hydration-vandens-maisytuvas-nesiojamas-savaime-veikiantis-vandens-maisytuvas\\\/\",\"url\":\"https:\\\/\\\/balticoverlanders.eu\\\/lt\\\/produktas\\\/dometic-go-hydration-vandens-maisytuvas-nesiojamas-savaime-veikiantis-vandens-maisytuvas\\\/\",\"name\":\"\\\"Dometic GO Hydration\\\" vandens mai\u0161ytuvas Ne\u0161iojamas, savaime veikiantis vandens mai\u0161ytuvas - BALTIC OVERLANDERS\",\"isPartOf\":{\"@id\":\"https:\\\/\\\/balticoverlanders.eu\\\/lt\\\/#website\"},\"primaryImageOfPage\":{\"@id\":\"https:\\\/\\\/balticoverlanders.eu\\\/lt\\\/produktas\\\/dometic-go-hydration-vandens-maisytuvas-nesiojamas-savaime-veikiantis-vandens-maisytuvas\\\/#primaryimage\"},\"image\":{\"@id\":\"https:\\\/\\\/balticoverlanders.eu\\\/lt\\\/produktas\\\/dometic-go-hydration-vandens-maisytuvas-nesiojamas-savaime-veikiantis-vandens-maisytuvas\\\/#primaryimage\"},\"thumbnailUrl\":\"https:\\\/\\\/balticoverlanders.eu\\\/wp-content\\\/uploads\\\/2024\\\/02\\\/wtan068_1.jpg\",\"datePublished\":\"2024-02-18T15:23:48+00:00\",\"dateModified\":\"2024-05-06T19:41:48+00:00\",\"description\":\"\\\"Atraskite \\\"Dometic\\\" HYD WF hidracijos vandens mai\u0161ytuv\u0105, kad b\u016bt\u0173 patogu naudoti lauke, ir paverskite bet koki\u0105 talpykl\u0105 virtuv\u0117s mai\u0161ytuvu be joki\u0173 atliek\u0173.\\\"\",\"breadcrumb\":{\"@id\":\"https:\\\/\\\/balticoverlanders.eu\\\/lt\\\/produktas\\\/dometic-go-hydration-vandens-maisytuvas-nesiojamas-savaime-veikiantis-vandens-maisytuvas\\\/#breadcrumb\"},\"inLanguage\":\"lt-LT\",\"potentialAction\":[{\"@type\":\"ReadAction\",\"target\":[\"https:\\\/\\\/balticoverlanders.eu\\\/lt\\\/produktas\\\/dometic-go-hydration-vandens-maisytuvas-nesiojamas-savaime-veikiantis-vandens-maisytuvas\\\/\"]}]},{\"@type\":\"ImageObject\",\"inLanguage\":\"lt-LT\",\"@id\":\"https:\\\/\\\/balticoverlanders.eu\\\/lt\\\/produktas\\\/dometic-go-hydration-vandens-maisytuvas-nesiojamas-savaime-veikiantis-vandens-maisytuvas\\\/#primaryimage\",\"url\":\"https:\\\/\\\/balticoverlanders.eu\\\/wp-content\\\/uploads\\\/2024\\\/02\\\/wtan068_1.jpg\",\"contentUrl\":\"https:\\\/\\\/balticoverlanders.eu\\\/wp-content\\\/uploads\\\/2024\\\/02\\\/wtan068_1.jpg\",\"width\":650,\"height\":488},{\"@type\":\"BreadcrumbList\",\"@id\":\"https:\\\/\\\/balticoverlanders.eu\\\/lt\\\/produktas\\\/dometic-go-hydration-vandens-maisytuvas-nesiojamas-savaime-veikiantis-vandens-maisytuvas\\\/#breadcrumb\",\"itemListElement\":[{\"@type\":\"ListItem\",\"position\":1,\"name\":\"Home\",\"item\":\"https:\\\/\\\/balticoverlanders.eu\\\/lt\\\/home\\\/\"},{\"@type\":\"ListItem\",\"position\":2,\"name\":\"Parduotuv\u0117\",\"item\":\"https:\\\/\\\/balticoverlanders.eu\\\/lt\\\/parduotuve\\\/\"},{\"@type\":\"ListItem\",\"position\":3,\"name\":\"&#8220;Dometic GO Hydration&#8221; vandens mai\u0161ytuvas Ne\u0161iojamas, savaime veikiantis vandens mai\u0161ytuvas\"}]},{\"@type\":\"WebSite\",\"@id\":\"https:\\\/\\\/balticoverlanders.eu\\\/lt\\\/#website\",\"url\":\"https:\\\/\\\/balticoverlanders.eu\\\/lt\\\/\",\"name\":\"BALTIC OVERLANDERS\",\"description\":\"Your one-stop shop in Latvia, Estonia, and Lithuania for all your car camping, rooftop tent and accessory needs.\",\"publisher\":{\"@id\":\"https:\\\/\\\/balticoverlanders.eu\\\/lt\\\/#organization\"},\"potentialAction\":[{\"@type\":\"SearchAction\",\"target\":{\"@type\":\"EntryPoint\",\"urlTemplate\":\"https:\\\/\\\/balticoverlanders.eu\\\/lt\\\/?s={search_term_string}\"},\"query-input\":{\"@type\":\"PropertyValueSpecification\",\"valueRequired\":true,\"valueName\":\"search_term_string\"}}],\"inLanguage\":\"lt-LT\"},{\"@type\":\"Organization\",\"@id\":\"https:\\\/\\\/balticoverlanders.eu\\\/lt\\\/#organization\",\"name\":\"BALTIC OVERLANDERS\",\"url\":\"https:\\\/\\\/balticoverlanders.eu\\\/lt\\\/\",\"logo\":{\"@type\":\"ImageObject\",\"inLanguage\":\"lt-LT\",\"@id\":\"https:\\\/\\\/balticoverlanders.eu\\\/lt\\\/#\\\/schema\\\/logo\\\/image\\\/\",\"url\":\"https:\\\/\\\/balticoverlanders.eu\\\/wp-content\\\/uploads\\\/2023\\\/04\\\/BALTIC-OVERLANDERS-LOGO.jpg\",\"contentUrl\":\"https:\\\/\\\/balticoverlanders.eu\\\/wp-content\\\/uploads\\\/2023\\\/04\\\/BALTIC-OVERLANDERS-LOGO.jpg\",\"width\":1497,\"height\":310,\"caption\":\"BALTIC OVERLANDERS\"},\"image\":{\"@id\":\"https:\\\/\\\/balticoverlanders.eu\\\/lt\\\/#\\\/schema\\\/logo\\\/image\\\/\"},\"sameAs\":[\"https:\\\/\\\/www.instagram.com\\\/balticoverlanders\\\/\"]}]}<\/script>\n<!-- \/ Yoast SEO plugin. -->","yoast_head_json":{"title":"\"Dometic GO Hydration\" vandens mai\u0161ytuvas Ne\u0161iojamas, savaime veikiantis vandens mai\u0161ytuvas - BALTIC OVERLANDERS","description":"\"Atraskite \"Dometic\" HYD WF hidracijos vandens mai\u0161ytuv\u0105, kad b\u016bt\u0173 patogu naudoti lauke, ir paverskite bet koki\u0105 talpykl\u0105 virtuv\u0117s mai\u0161ytuvu be joki\u0173 atliek\u0173.\"","robots":{"index":"index","follow":"follow","max-snippet":"max-snippet:-1","max-image-preview":"max-image-preview:large","max-video-preview":"max-video-preview:-1"},"canonical":"https:\/\/balticoverlanders.eu\/lt\/produktas\/dometic-go-hydration-vandens-maisytuvas-nesiojamas-savaime-veikiantis-vandens-maisytuvas\/","og_locale":"lt_LT","og_type":"article","og_title":"\"Dometic GO Hydration\" vandens mai\u0161ytuvas Ne\u0161iojamas, savaime veikiantis vandens mai\u0161ytuvas - BALTIC OVERLANDERS","og_description":"\"Atraskite \"Dometic\" HYD WF hidracijos vandens mai\u0161ytuv\u0105, kad b\u016bt\u0173 patogu naudoti lauke, ir paverskite bet koki\u0105 talpykl\u0105 virtuv\u0117s mai\u0161ytuvu be joki\u0173 atliek\u0173.\"","og_url":"https:\/\/balticoverlanders.eu\/lt\/produktas\/dometic-go-hydration-vandens-maisytuvas-nesiojamas-savaime-veikiantis-vandens-maisytuvas\/","og_site_name":"BALTIC OVERLANDERS","article_modified_time":"2024-05-06T19:41:48+00:00","og_image":[{"width":650,"height":488,"url":"https:\/\/balticoverlanders.eu\/wp-content\/uploads\/2024\/02\/wtan068_1.jpg","type":"image\/jpeg"}],"twitter_card":"summary_large_image","twitter_misc":{"Est. reading time":"1 minut\u0117"},"schema":{"@context":"https:\/\/schema.org","@graph":[{"@type":"WebPage","@id":"https:\/\/balticoverlanders.eu\/lt\/produktas\/dometic-go-hydration-vandens-maisytuvas-nesiojamas-savaime-veikiantis-vandens-maisytuvas\/","url":"https:\/\/balticoverlanders.eu\/lt\/produktas\/dometic-go-hydration-vandens-maisytuvas-nesiojamas-savaime-veikiantis-vandens-maisytuvas\/","name":"\"Dometic GO Hydration\" vandens mai\u0161ytuvas Ne\u0161iojamas, savaime veikiantis vandens mai\u0161ytuvas - BALTIC OVERLANDERS","isPartOf":{"@id":"https:\/\/balticoverlanders.eu\/lt\/#website"},"primaryImageOfPage":{"@id":"https:\/\/balticoverlanders.eu\/lt\/produktas\/dometic-go-hydration-vandens-maisytuvas-nesiojamas-savaime-veikiantis-vandens-maisytuvas\/#primaryimage"},"image":{"@id":"https:\/\/balticoverlanders.eu\/lt\/produktas\/dometic-go-hydration-vandens-maisytuvas-nesiojamas-savaime-veikiantis-vandens-maisytuvas\/#primaryimage"},"thumbnailUrl":"https:\/\/balticoverlanders.eu\/wp-content\/uploads\/2024\/02\/wtan068_1.jpg","datePublished":"2024-02-18T15:23:48+00:00","dateModified":"2024-05-06T19:41:48+00:00","description":"\"Atraskite \"Dometic\" HYD WF hidracijos vandens mai\u0161ytuv\u0105, kad b\u016bt\u0173 patogu naudoti lauke, ir paverskite bet koki\u0105 talpykl\u0105 virtuv\u0117s mai\u0161ytuvu be joki\u0173 atliek\u0173.\"","breadcrumb":{"@id":"https:\/\/balticoverlanders.eu\/lt\/produktas\/dometic-go-hydration-vandens-maisytuvas-nesiojamas-savaime-veikiantis-vandens-maisytuvas\/#breadcrumb"},"inLanguage":"lt-LT","potentialAction":[{"@type":"ReadAction","target":["https:\/\/balticoverlanders.eu\/lt\/produktas\/dometic-go-hydration-vandens-maisytuvas-nesiojamas-savaime-veikiantis-vandens-maisytuvas\/"]}]},{"@type":"ImageObject","inLanguage":"lt-LT","@id":"https:\/\/balticoverlanders.eu\/lt\/produktas\/dometic-go-hydration-vandens-maisytuvas-nesiojamas-savaime-veikiantis-vandens-maisytuvas\/#primaryimage","url":"https:\/\/balticoverlanders.eu\/wp-content\/uploads\/2024\/02\/wtan068_1.jpg","contentUrl":"https:\/\/balticoverlanders.eu\/wp-content\/uploads\/2024\/02\/wtan068_1.jpg","width":650,"height":488},{"@type":"BreadcrumbList","@id":"https:\/\/balticoverlanders.eu\/lt\/produktas\/dometic-go-hydration-vandens-maisytuvas-nesiojamas-savaime-veikiantis-vandens-maisytuvas\/#breadcrumb","itemListElement":[{"@type":"ListItem","position":1,"name":"Home","item":"https:\/\/balticoverlanders.eu\/lt\/home\/"},{"@type":"ListItem","position":2,"name":"Parduotuv\u0117","item":"https:\/\/balticoverlanders.eu\/lt\/parduotuve\/"},{"@type":"ListItem","position":3,"name":"&#8220;Dometic GO Hydration&#8221; vandens mai\u0161ytuvas Ne\u0161iojamas, savaime veikiantis vandens mai\u0161ytuvas"}]},{"@type":"WebSite","@id":"https:\/\/balticoverlanders.eu\/lt\/#website","url":"https:\/\/balticoverlanders.eu\/lt\/","name":"BALTIC OVERLANDERS","description":"Your one-stop shop in Latvia, Estonia, and Lithuania for all your car camping, rooftop tent and accessory needs.","publisher":{"@id":"https:\/\/balticoverlanders.eu\/lt\/#organization"},"potentialAction":[{"@type":"SearchAction","target":{"@type":"EntryPoint","urlTemplate":"https:\/\/balticoverlanders.eu\/lt\/?s={search_term_string}"},"query-input":{"@type":"PropertyValueSpecification","valueRequired":true,"valueName":"search_term_string"}}],"inLanguage":"lt-LT"},{"@type":"Organization","@id":"https:\/\/balticoverlanders.eu\/lt\/#organization","name":"BALTIC OVERLANDERS","url":"https:\/\/balticoverlanders.eu\/lt\/","logo":{"@type":"ImageObject","inLanguage":"lt-LT","@id":"https:\/\/balticoverlanders.eu\/lt\/#\/schema\/logo\/image\/","url":"https:\/\/balticoverlanders.eu\/wp-content\/uploads\/2023\/04\/BALTIC-OVERLANDERS-LOGO.jpg","contentUrl":"https:\/\/balticoverlanders.eu\/wp-content\/uploads\/2023\/04\/BALTIC-OVERLANDERS-LOGO.jpg","width":1497,"height":310,"caption":"BALTIC OVERLANDERS"},"image":{"@id":"https:\/\/balticoverlanders.eu\/lt\/#\/schema\/logo\/image\/"},"sameAs":["https:\/\/www.instagram.com\/balticoverlanders\/"]}]}},"_links":{"self":[{"href":"https:\/\/balticoverlanders.eu\/lt\/wp-json\/wp\/v2\/product\/39264","targetHints":{"allow":["GET"]}}],"collection":[{"href":"https:\/\/balticoverlanders.eu\/lt\/wp-json\/wp\/v2\/product"}],"about":[{"href":"https:\/\/balticoverlanders.eu\/lt\/wp-json\/wp\/v2\/types\/product"}],"wp:featuredmedia":[{"embeddable":true,"href":"https:\/\/balticoverlanders.eu\/lt\/wp-json\/wp\/v2\/media\/31342"}],"wp:attachment":[{"href":"https:\/\/balticoverlanders.eu\/lt\/wp-json\/wp\/v2\/media?parent=39264"}],"wp:term":[{"taxonomy":"product_brand","embeddable":true,"href":"https:\/\/balticoverlanders.eu\/lt\/wp-json\/wp\/v2\/product_brand?post=39264"},{"taxonomy":"product_cat","embeddable":true,"href":"https:\/\/balticoverlanders.eu\/lt\/wp-json\/wp\/v2\/product_cat?post=39264"},{"taxonomy":"product_tag","embeddable":true,"href":"https:\/\/balticoverlanders.eu\/lt\/wp-json\/wp\/v2\/product_tag?post=39264"}],"curies":[{"name":"wp","href":"https:\/\/api.w.org\/{rel}","templated":true}]}}