{"id":39266,"date":"2024-02-19T16:38:46","date_gmt":"2024-02-19T14:38:46","guid":{"rendered":"https:\/\/balticoverlanders.eu\/product\/dometic-go-compact-camp-chair-stovyklavimo-kede\/"},"modified":"2024-05-06T22:41:49","modified_gmt":"2024-05-06T19:41:49","slug":"dometic-go-compact-camp-chair-stovyklavimo-kede","status":"publish","type":"product","link":"https:\/\/balticoverlanders.eu\/lt\/produktas\/dometic-go-compact-camp-chair-stovyklavimo-kede\/","title":{"rendered":"&#8222;Dometic GO Compact Camp Chair&#8221; stovyklavimo k\u0117d\u0117"},"content":{"rendered":"<p><strong>Pristatome &#8222;Dometic GO Compact Camp Chair<\/strong><\/p>\n<p>Patirkite komfort\u0105 gamtoje su &#8222;Dometic&#8221; kompaktiniu stovyklos kr\u0117slu. \u0160is ne\u0161iojamasis s\u0117dimasis sprendimas puikiai tinka \u012fvairiai veiklai lauke &#8211; nuo i\u0161kyl\u0173 ir stovyklavimo iki poilsio kieme.<\/p>\n<p><strong>Funkcijos:<\/strong><\/p>\n<ul>\n<li><strong>Sulankstomas dizainas:<\/strong> Lengvai sulankstomas, kad tilpt\u0173 \u012f baga\u017ein\u0119, tod\u0117l j\u012f patogu pakuoti ir laikyti nuotyki\u0173 lauke metu.<\/li>\n<li><strong>Patogios s\u0117dyn\u0117s:<\/strong> S\u0117dimoji dalis, skirta i\u0161laikyti iki 280 svar\u0173 (127 kilogram\u0173), u\u017etikrina patogum\u0105 ir patvarum\u0105 bet kokio dyd\u017eio naudotojams.<\/li>\n<li><strong>Auk\u0161tos kokyb\u0117s med\u017eiagos:<\/strong> \u0160i k\u0117d\u0117 pagaminta i\u0161 didelio atsparumo 600D audinio, lengvo aliuminio ir stiling\u0173 buko medienos poranki\u0173.<\/li>\n<li><strong>Papildoma saugykla:<\/strong> \u012erengta ki\u0161en\u0117 ant galin\u0117s s\u0117dyn\u0117s, kurioje patogu laikyti smulkius daiktus, pvz., knygas, u\u017ekand\u017eius ar telefon\u0105, kol ilsit\u0117s lauke.<\/li>\n<li><strong>\u012etrauktas ne\u0161iojimo krep\u0161ys:<\/strong> Pridedamas transportavimo mai\u0161elis, kad b\u016bt\u0173 lengva transportuoti \u012f m\u0117gstamas lauko vietas ir i\u0161 j\u0173.<\/li>\n<\/ul>\n<p>Nesvarbu, ar m\u0117gaujat\u0117s maistu, ar skaitote, ar tiesiog gro\u017eit\u0117s kra\u0161tovaizd\u017eiu, &#8222;Dometic GO Compact Camp Chair&#8221; si\u016blo ne\u0161iojam\u0105 patogum\u0105, kad ir kur jus nuvest\u0173 nuotykiai.<\/p>\n","protected":false},"excerpt":{"rendered":"<p>&#8222;Dometic&#8221; CMP C1 kompakti\u0161kas stovyklos kr\u0117slas yra patogi, ne\u0161iojama s\u0117dimoji vieta, kurioje galima valgyti, skaityti, pramogauti ir tiesiog m\u0117gautis gamta.<\/p>\n","protected":false},"featured_media":31410,"template":"","meta":[],"product_brand":[],"product_cat":[516,560],"product_tag":[],"class_list":{"0":"post-39266","1":"product","2":"type-product","3":"status-publish","4":"has-post-thumbnail","6":"product_cat-dometic-lt","7":"product_cat-kempingo-kede","9":"first","10":"onbackorder","11":"taxable","12":"shipping-taxable","13":"purchasable","14":"product-type-variable"},"yoast_head":"<!-- This site is optimized with the Yoast SEO plugin v27.3 - https:\/\/yoast.com\/product\/yoast-seo-wordpress\/ -->\n<title>&quot;Dometic GO Compact Camp Chair&quot; stovyklavimo k\u0117d\u0117 - BALTIC OVERLANDERS<\/title>\n<meta name=\"description\" content=\"&quot;Dometic&quot; CMP C1 kompakti\u0161kas stovyklos kr\u0117slas yra patogi, ne\u0161iojama s\u0117dimoji vieta, kurioje galima valgyti, skaityti, pramogauti ir tiesiog m\u0117gautis gamta.\" \/>\n<meta name=\"robots\" content=\"index, follow, max-snippet:-1, max-image-preview:large, max-video-preview:-1\" \/>\n<link rel=\"canonical\" href=\"https:\/\/balticoverlanders.eu\/lt\/produktas\/dometic-go-compact-camp-chair-stovyklavimo-kede\/\" \/>\n<meta property=\"og:locale\" content=\"lt_LT\" \/>\n<meta property=\"og:type\" content=\"article\" \/>\n<meta property=\"og:title\" content=\"&quot;Dometic GO Compact Camp Chair&quot; stovyklavimo k\u0117d\u0117 - BALTIC OVERLANDERS\" \/>\n<meta property=\"og:description\" content=\"&quot;Dometic&quot; CMP C1 kompakti\u0161kas stovyklos kr\u0117slas yra patogi, ne\u0161iojama s\u0117dimoji vieta, kurioje galima valgyti, skaityti, pramogauti ir tiesiog m\u0117gautis gamta.\" \/>\n<meta property=\"og:url\" content=\"https:\/\/balticoverlanders.eu\/lt\/produktas\/dometic-go-compact-camp-chair-stovyklavimo-kede\/\" \/>\n<meta property=\"og:site_name\" content=\"BALTIC OVERLANDERS\" \/>\n<meta property=\"article:modified_time\" content=\"2024-05-06T19:41:49+00:00\" \/>\n<meta property=\"og:image\" content=\"https:\/\/balticoverlanders.eu\/wp-content\/uploads\/2024\/02\/chai012-chai014con.jpg\" \/>\n\t<meta property=\"og:image:width\" content=\"1363\" \/>\n\t<meta property=\"og:image:height\" content=\"1200\" \/>\n\t<meta property=\"og:image:type\" content=\"image\/jpeg\" \/>\n<meta name=\"twitter:card\" content=\"summary_large_image\" \/>\n<meta name=\"twitter:label1\" content=\"Est. reading time\" \/>\n\t<meta name=\"twitter:data1\" content=\"1 minut\u0117\" \/>\n<script type=\"application\/ld+json\" class=\"yoast-schema-graph\">{\"@context\":\"https:\\\/\\\/schema.org\",\"@graph\":[{\"@type\":\"WebPage\",\"@id\":\"https:\\\/\\\/balticoverlanders.eu\\\/lt\\\/produktas\\\/dometic-go-compact-camp-chair-stovyklavimo-kede\\\/\",\"url\":\"https:\\\/\\\/balticoverlanders.eu\\\/lt\\\/produktas\\\/dometic-go-compact-camp-chair-stovyklavimo-kede\\\/\",\"name\":\"\\\"Dometic GO Compact Camp Chair\\\" stovyklavimo k\u0117d\u0117 - BALTIC OVERLANDERS\",\"isPartOf\":{\"@id\":\"https:\\\/\\\/balticoverlanders.eu\\\/lt\\\/#website\"},\"primaryImageOfPage\":{\"@id\":\"https:\\\/\\\/balticoverlanders.eu\\\/lt\\\/produktas\\\/dometic-go-compact-camp-chair-stovyklavimo-kede\\\/#primaryimage\"},\"image\":{\"@id\":\"https:\\\/\\\/balticoverlanders.eu\\\/lt\\\/produktas\\\/dometic-go-compact-camp-chair-stovyklavimo-kede\\\/#primaryimage\"},\"thumbnailUrl\":\"https:\\\/\\\/balticoverlanders.eu\\\/wp-content\\\/uploads\\\/2024\\\/02\\\/chai012-chai014con.jpg\",\"datePublished\":\"2024-02-19T14:38:46+00:00\",\"dateModified\":\"2024-05-06T19:41:49+00:00\",\"description\":\"\\\"Dometic\\\" CMP C1 kompakti\u0161kas stovyklos kr\u0117slas yra patogi, ne\u0161iojama s\u0117dimoji vieta, kurioje galima valgyti, skaityti, pramogauti ir tiesiog m\u0117gautis gamta.\",\"breadcrumb\":{\"@id\":\"https:\\\/\\\/balticoverlanders.eu\\\/lt\\\/produktas\\\/dometic-go-compact-camp-chair-stovyklavimo-kede\\\/#breadcrumb\"},\"inLanguage\":\"lt-LT\",\"potentialAction\":[{\"@type\":\"ReadAction\",\"target\":[\"https:\\\/\\\/balticoverlanders.eu\\\/lt\\\/produktas\\\/dometic-go-compact-camp-chair-stovyklavimo-kede\\\/\"]}]},{\"@type\":\"ImageObject\",\"inLanguage\":\"lt-LT\",\"@id\":\"https:\\\/\\\/balticoverlanders.eu\\\/lt\\\/produktas\\\/dometic-go-compact-camp-chair-stovyklavimo-kede\\\/#primaryimage\",\"url\":\"https:\\\/\\\/balticoverlanders.eu\\\/wp-content\\\/uploads\\\/2024\\\/02\\\/chai012-chai014con.jpg\",\"contentUrl\":\"https:\\\/\\\/balticoverlanders.eu\\\/wp-content\\\/uploads\\\/2024\\\/02\\\/chai012-chai014con.jpg\",\"width\":1363,\"height\":1200},{\"@type\":\"BreadcrumbList\",\"@id\":\"https:\\\/\\\/balticoverlanders.eu\\\/lt\\\/produktas\\\/dometic-go-compact-camp-chair-stovyklavimo-kede\\\/#breadcrumb\",\"itemListElement\":[{\"@type\":\"ListItem\",\"position\":1,\"name\":\"Home\",\"item\":\"https:\\\/\\\/balticoverlanders.eu\\\/lt\\\/home\\\/\"},{\"@type\":\"ListItem\",\"position\":2,\"name\":\"Parduotuv\u0117\",\"item\":\"https:\\\/\\\/balticoverlanders.eu\\\/lt\\\/parduotuve\\\/\"},{\"@type\":\"ListItem\",\"position\":3,\"name\":\"&#8221;Dometic GO Compact Camp Chair&#8221; stovyklavimo k\u0117d\u0117\"}]},{\"@type\":\"WebSite\",\"@id\":\"https:\\\/\\\/balticoverlanders.eu\\\/lt\\\/#website\",\"url\":\"https:\\\/\\\/balticoverlanders.eu\\\/lt\\\/\",\"name\":\"BALTIC OVERLANDERS\",\"description\":\"Your one-stop shop in Latvia, Estonia, and Lithuania for all your car camping, rooftop tent and accessory needs.\",\"publisher\":{\"@id\":\"https:\\\/\\\/balticoverlanders.eu\\\/lt\\\/#organization\"},\"potentialAction\":[{\"@type\":\"SearchAction\",\"target\":{\"@type\":\"EntryPoint\",\"urlTemplate\":\"https:\\\/\\\/balticoverlanders.eu\\\/lt\\\/?s={search_term_string}\"},\"query-input\":{\"@type\":\"PropertyValueSpecification\",\"valueRequired\":true,\"valueName\":\"search_term_string\"}}],\"inLanguage\":\"lt-LT\"},{\"@type\":\"Organization\",\"@id\":\"https:\\\/\\\/balticoverlanders.eu\\\/lt\\\/#organization\",\"name\":\"BALTIC OVERLANDERS\",\"url\":\"https:\\\/\\\/balticoverlanders.eu\\\/lt\\\/\",\"logo\":{\"@type\":\"ImageObject\",\"inLanguage\":\"lt-LT\",\"@id\":\"https:\\\/\\\/balticoverlanders.eu\\\/lt\\\/#\\\/schema\\\/logo\\\/image\\\/\",\"url\":\"https:\\\/\\\/balticoverlanders.eu\\\/wp-content\\\/uploads\\\/2023\\\/04\\\/BALTIC-OVERLANDERS-LOGO.jpg\",\"contentUrl\":\"https:\\\/\\\/balticoverlanders.eu\\\/wp-content\\\/uploads\\\/2023\\\/04\\\/BALTIC-OVERLANDERS-LOGO.jpg\",\"width\":1497,\"height\":310,\"caption\":\"BALTIC OVERLANDERS\"},\"image\":{\"@id\":\"https:\\\/\\\/balticoverlanders.eu\\\/lt\\\/#\\\/schema\\\/logo\\\/image\\\/\"},\"sameAs\":[\"https:\\\/\\\/www.instagram.com\\\/balticoverlanders\\\/\"]}]}<\/script>\n<!-- \/ Yoast SEO plugin. -->","yoast_head_json":{"title":"\"Dometic GO Compact Camp Chair\" stovyklavimo k\u0117d\u0117 - BALTIC OVERLANDERS","description":"\"Dometic\" CMP C1 kompakti\u0161kas stovyklos kr\u0117slas yra patogi, ne\u0161iojama s\u0117dimoji vieta, kurioje galima valgyti, skaityti, pramogauti ir tiesiog m\u0117gautis gamta.","robots":{"index":"index","follow":"follow","max-snippet":"max-snippet:-1","max-image-preview":"max-image-preview:large","max-video-preview":"max-video-preview:-1"},"canonical":"https:\/\/balticoverlanders.eu\/lt\/produktas\/dometic-go-compact-camp-chair-stovyklavimo-kede\/","og_locale":"lt_LT","og_type":"article","og_title":"\"Dometic GO Compact Camp Chair\" stovyklavimo k\u0117d\u0117 - BALTIC OVERLANDERS","og_description":"\"Dometic\" CMP C1 kompakti\u0161kas stovyklos kr\u0117slas yra patogi, ne\u0161iojama s\u0117dimoji vieta, kurioje galima valgyti, skaityti, pramogauti ir tiesiog m\u0117gautis gamta.","og_url":"https:\/\/balticoverlanders.eu\/lt\/produktas\/dometic-go-compact-camp-chair-stovyklavimo-kede\/","og_site_name":"BALTIC OVERLANDERS","article_modified_time":"2024-05-06T19:41:49+00:00","og_image":[{"width":1363,"height":1200,"url":"https:\/\/balticoverlanders.eu\/wp-content\/uploads\/2024\/02\/chai012-chai014con.jpg","type":"image\/jpeg"}],"twitter_card":"summary_large_image","twitter_misc":{"Est. reading time":"1 minut\u0117"},"schema":{"@context":"https:\/\/schema.org","@graph":[{"@type":"WebPage","@id":"https:\/\/balticoverlanders.eu\/lt\/produktas\/dometic-go-compact-camp-chair-stovyklavimo-kede\/","url":"https:\/\/balticoverlanders.eu\/lt\/produktas\/dometic-go-compact-camp-chair-stovyklavimo-kede\/","name":"\"Dometic GO Compact Camp Chair\" stovyklavimo k\u0117d\u0117 - BALTIC OVERLANDERS","isPartOf":{"@id":"https:\/\/balticoverlanders.eu\/lt\/#website"},"primaryImageOfPage":{"@id":"https:\/\/balticoverlanders.eu\/lt\/produktas\/dometic-go-compact-camp-chair-stovyklavimo-kede\/#primaryimage"},"image":{"@id":"https:\/\/balticoverlanders.eu\/lt\/produktas\/dometic-go-compact-camp-chair-stovyklavimo-kede\/#primaryimage"},"thumbnailUrl":"https:\/\/balticoverlanders.eu\/wp-content\/uploads\/2024\/02\/chai012-chai014con.jpg","datePublished":"2024-02-19T14:38:46+00:00","dateModified":"2024-05-06T19:41:49+00:00","description":"\"Dometic\" CMP C1 kompakti\u0161kas stovyklos kr\u0117slas yra patogi, ne\u0161iojama s\u0117dimoji vieta, kurioje galima valgyti, skaityti, pramogauti ir tiesiog m\u0117gautis gamta.","breadcrumb":{"@id":"https:\/\/balticoverlanders.eu\/lt\/produktas\/dometic-go-compact-camp-chair-stovyklavimo-kede\/#breadcrumb"},"inLanguage":"lt-LT","potentialAction":[{"@type":"ReadAction","target":["https:\/\/balticoverlanders.eu\/lt\/produktas\/dometic-go-compact-camp-chair-stovyklavimo-kede\/"]}]},{"@type":"ImageObject","inLanguage":"lt-LT","@id":"https:\/\/balticoverlanders.eu\/lt\/produktas\/dometic-go-compact-camp-chair-stovyklavimo-kede\/#primaryimage","url":"https:\/\/balticoverlanders.eu\/wp-content\/uploads\/2024\/02\/chai012-chai014con.jpg","contentUrl":"https:\/\/balticoverlanders.eu\/wp-content\/uploads\/2024\/02\/chai012-chai014con.jpg","width":1363,"height":1200},{"@type":"BreadcrumbList","@id":"https:\/\/balticoverlanders.eu\/lt\/produktas\/dometic-go-compact-camp-chair-stovyklavimo-kede\/#breadcrumb","itemListElement":[{"@type":"ListItem","position":1,"name":"Home","item":"https:\/\/balticoverlanders.eu\/lt\/home\/"},{"@type":"ListItem","position":2,"name":"Parduotuv\u0117","item":"https:\/\/balticoverlanders.eu\/lt\/parduotuve\/"},{"@type":"ListItem","position":3,"name":"&#8221;Dometic GO Compact Camp Chair&#8221; stovyklavimo k\u0117d\u0117"}]},{"@type":"WebSite","@id":"https:\/\/balticoverlanders.eu\/lt\/#website","url":"https:\/\/balticoverlanders.eu\/lt\/","name":"BALTIC OVERLANDERS","description":"Your one-stop shop in Latvia, Estonia, and Lithuania for all your car camping, rooftop tent and accessory needs.","publisher":{"@id":"https:\/\/balticoverlanders.eu\/lt\/#organization"},"potentialAction":[{"@type":"SearchAction","target":{"@type":"EntryPoint","urlTemplate":"https:\/\/balticoverlanders.eu\/lt\/?s={search_term_string}"},"query-input":{"@type":"PropertyValueSpecification","valueRequired":true,"valueName":"search_term_string"}}],"inLanguage":"lt-LT"},{"@type":"Organization","@id":"https:\/\/balticoverlanders.eu\/lt\/#organization","name":"BALTIC OVERLANDERS","url":"https:\/\/balticoverlanders.eu\/lt\/","logo":{"@type":"ImageObject","inLanguage":"lt-LT","@id":"https:\/\/balticoverlanders.eu\/lt\/#\/schema\/logo\/image\/","url":"https:\/\/balticoverlanders.eu\/wp-content\/uploads\/2023\/04\/BALTIC-OVERLANDERS-LOGO.jpg","contentUrl":"https:\/\/balticoverlanders.eu\/wp-content\/uploads\/2023\/04\/BALTIC-OVERLANDERS-LOGO.jpg","width":1497,"height":310,"caption":"BALTIC OVERLANDERS"},"image":{"@id":"https:\/\/balticoverlanders.eu\/lt\/#\/schema\/logo\/image\/"},"sameAs":["https:\/\/www.instagram.com\/balticoverlanders\/"]}]}},"_links":{"self":[{"href":"https:\/\/balticoverlanders.eu\/lt\/wp-json\/wp\/v2\/product\/39266","targetHints":{"allow":["GET"]}}],"collection":[{"href":"https:\/\/balticoverlanders.eu\/lt\/wp-json\/wp\/v2\/product"}],"about":[{"href":"https:\/\/balticoverlanders.eu\/lt\/wp-json\/wp\/v2\/types\/product"}],"wp:featuredmedia":[{"embeddable":true,"href":"https:\/\/balticoverlanders.eu\/lt\/wp-json\/wp\/v2\/media\/31410"}],"wp:attachment":[{"href":"https:\/\/balticoverlanders.eu\/lt\/wp-json\/wp\/v2\/media?parent=39266"}],"wp:term":[{"taxonomy":"product_brand","embeddable":true,"href":"https:\/\/balticoverlanders.eu\/lt\/wp-json\/wp\/v2\/product_brand?post=39266"},{"taxonomy":"product_cat","embeddable":true,"href":"https:\/\/balticoverlanders.eu\/lt\/wp-json\/wp\/v2\/product_cat?post=39266"},{"taxonomy":"product_tag","embeddable":true,"href":"https:\/\/balticoverlanders.eu\/lt\/wp-json\/wp\/v2\/product_tag?post=39266"}],"curies":[{"name":"wp","href":"https:\/\/api.w.org\/{rel}","templated":true}]}}