{"id":39432,"date":"2024-02-13T16:17:21","date_gmt":"2024-02-13T14:17:21","guid":{"rendered":"https:\/\/balticoverlanders.eu\/product\/dometic-cfx3-slide-55-55im-cfx3-55-ir-cfx3-55im-saldytuvo-stiklas\/"},"modified":"2024-05-06T22:42:38","modified_gmt":"2024-05-06T19:42:38","slug":"dometic-cfx3-slide-55-55im-cfx3-55-ir-cfx3-55im-saldytuvo-stiklas","status":"publish","type":"product","link":"https:\/\/balticoverlanders.eu\/lt\/produktas\/dometic-cfx3-slide-55-55im-cfx3-55-ir-cfx3-55im-saldytuvo-stiklas\/","title":{"rendered":"&#8222;Dometic CFX3 Slide 55\/55IM&#8221; CFX3 55 ir CFX3 55IM \u0161aldytuvo stiklas"},"content":{"rendered":"<p><strong>Pristatome &#8222;Ultimate Fridge Slide&#8221; \u0161aldytuvo \u0161liau\u017eikl\u012f j\u016bs\u0173 CFX serijos \u0161aldytuvui<\/strong><\/p>\n<p>Pagerinkite savo nuotykius lauke su m\u016bs\u0173 auk\u0161\u010diausios kokyb\u0117s \u0161aldytuvo \u0161liau\u017eikliu, kruop\u0161\u010diai suprojektuotu taip, kad papildyt\u0173 CFX3 55, CFX3 55IM ir senesnius pana\u0161i\u0173 matmen\u0173 CFX modelius. D\u0117l patvarumo ir patogumo pagamintas m\u016bs\u0173 \u0161aldytuvo slankiklis yra puikus kompanionas, kad \u0161aldytuvas b\u016bt\u0173 saugus ir pasiekiamas bet kokioje kelion\u0117je.<\/p>\n<p><strong>Pagrindin\u0117s savyb\u0117s:<\/strong><\/p>\n<ul>\n<li><strong>Did\u017eiausias apkrovos paj\u0117gumas:<\/strong> M\u016bs\u0173 \u0161aldytuvo \u0161liau\u017eiklis u\u017etikrina patikim\u0105 \u0161aldytuvo ir jo turinio laikym\u0105 net ir at\u0161iauriose vietov\u0117se.<\/li>\n<li><strong>Visi\u0161kai i\u0161traukiamas dizainas:<\/strong> Visi\u0161kai i\u0161traukiama konstrukcija leid\u017eia be vargo pasiekti \u0161aldytuvo turin\u012f, tod\u0117l daiktus be vargo galima paimti susirinkus lauke ar stovyklaujant.<\/li>\n<li><strong>Tvirta fiksavimo sistema:<\/strong> Atsisveikinkite su erzinan\u010diais bar\u0161k\u0117jimo garsais va\u017eiuojant. M\u016bs\u0173 \u0161aldytuvo slankiklyje \u012frengta tvirta fiksavimo sistema, sukurta taip, kad suma\u017eint\u0173 vibracij\u0105 ir u\u017etikrint\u0173 rami\u0105 kelion\u0119.<\/li>\n<li><strong>Dulki\u0173 vir\u0161elis:<\/strong> Apsaugokite nuo sm\u0117lio ir purvo, naudodami integruot\u0105 dulki\u0173 dangtel\u012f, apsaugokite savo b\u0117gius ir u\u017etikrinkite skland\u0173 veikim\u0105 kelioni\u0173 metu.<\/li>\n<li><strong>Optimizuotas svorio pasiskirstymas:<\/strong> M\u016bs\u0173 \u0161aldytuvo \u0161liau\u017eiklyje optimizuotas dizainas, kuris suma\u017eina nereikaling\u0105 svor\u012f ir pagerina j\u016bs\u0173 transporto priemon\u0117s veikim\u0105 nesuma\u017eindamas funkcionalumo.<\/li>\n<li><strong>Pilnas montavimo rinkinys:<\/strong> Kiekviena \u0161aldytuvo stumdoma dalis komplektuojama su tvirtinimo dir\u017eais ir M6 var\u017etais, kurie palengvina montavimo proces\u0105 ir u\u017etikrina saug\u0173 j\u016bs\u0173 \u0161aldytuvo tvirtinim\u0105.<\/li>\n<\/ul>\n<p>Atnaujinkite savo patirt\u012f lauke su m\u016bs\u0173 \u0161aldytuvu Slide ir m\u0117gaukit\u0117s neprilygstamu patogumu bei patikimumu, kad ir kur jus nuvest\u0173 nuotykiai.<\/p>\n","protected":false},"excerpt":{"rendered":"<p>Keliaukite be r\u016bpes\u010di\u0173. &#8222;Dometic CFX3&#8221; \u0161aldytuvo i\u0161traukiamoji dalis sukurta taip, kad CFX3 maitinam\u0105 \u0161aldytuv\u0105 b\u016bt\u0173 galima lengvai pasiekti i\u0161 kemperio, furgono, sunkve\u017eimio, visureigio, priekabos ar valties galo. D\u0117l tvirtos konstrukcijos, didel\u0117s did\u017eiausios apkrovos talpos ir patikimos u\u017erakto sistemos CFX3 \u0161aldytuvo slankma\u010diai yra privalomi rimtiems lauko nuotyki\u0173 ie\u0161kotojams.<\/p>\n","protected":false},"featured_media":31298,"template":"","meta":[],"product_brand":[],"product_cat":[586,516],"product_tag":[],"class_list":{"0":"post-39432","1":"product","2":"type-product","3":"status-publish","4":"has-post-thumbnail","6":"product_cat-ausintuvai","7":"product_cat-dometic-lt","9":"first","10":"onbackorder","11":"taxable","12":"shipping-taxable","13":"purchasable","14":"product-type-simple"},"yoast_head":"<!-- This site is optimized with the Yoast SEO plugin v27.3 - https:\/\/yoast.com\/product\/yoast-seo-wordpress\/ -->\n<title>&quot;Dometic CFX3 Slide 55\/55IM&quot; CFX3 55 ir CFX3 55IM \u0161aldytuvo stiklas - BALTIC OVERLANDERS<\/title>\n<meta name=\"description\" content=\"Susipa\u017einkite su &quot;Dometic CFX3&quot; \u0161aldytuvo &quot;CFX3 55&quot; ir &quot;CFX3 55IM&quot; \u0161liau\u017eikliu, puikiai tinkan\u010diu nuotyki\u0173 ie\u0161kotojams, kurie vertina lengv\u0105 prieig\u0105 ir tvirt\u0105 patikimum\u0105.\" \/>\n<meta name=\"robots\" content=\"index, follow, max-snippet:-1, max-image-preview:large, max-video-preview:-1\" \/>\n<link rel=\"canonical\" href=\"https:\/\/balticoverlanders.eu\/lt\/produktas\/dometic-cfx3-slide-55-55im-cfx3-55-ir-cfx3-55im-saldytuvo-stiklas\/\" \/>\n<meta property=\"og:locale\" content=\"lt_LT\" \/>\n<meta property=\"og:type\" content=\"article\" \/>\n<meta property=\"og:title\" content=\"&quot;Dometic CFX3 Slide 55\/55IM&quot; CFX3 55 ir CFX3 55IM \u0161aldytuvo stiklas - BALTIC OVERLANDERS\" \/>\n<meta property=\"og:description\" content=\"Susipa\u017einkite su &quot;Dometic CFX3&quot; \u0161aldytuvo &quot;CFX3 55&quot; ir &quot;CFX3 55IM&quot; \u0161liau\u017eikliu, puikiai tinkan\u010diu nuotyki\u0173 ie\u0161kotojams, kurie vertina lengv\u0105 prieig\u0105 ir tvirt\u0105 patikimum\u0105.\" \/>\n<meta property=\"og:url\" content=\"https:\/\/balticoverlanders.eu\/lt\/produktas\/dometic-cfx3-slide-55-55im-cfx3-55-ir-cfx3-55im-saldytuvo-stiklas\/\" \/>\n<meta property=\"og:site_name\" content=\"BALTIC OVERLANDERS\" \/>\n<meta property=\"article:modified_time\" content=\"2024-05-06T19:42:38+00:00\" \/>\n<meta property=\"og:image\" content=\"https:\/\/balticoverlanders.eu\/wp-content\/uploads\/2024\/02\/CFX3-Slide-55-1-1-scaled.jpg\" \/>\n\t<meta property=\"og:image:width\" content=\"2560\" \/>\n\t<meta property=\"og:image:height\" content=\"2560\" \/>\n\t<meta property=\"og:image:type\" content=\"image\/jpeg\" \/>\n<meta name=\"twitter:card\" content=\"summary_large_image\" \/>\n<meta name=\"twitter:label1\" content=\"Est. reading time\" \/>\n\t<meta name=\"twitter:data1\" content=\"1 minut\u0117\" \/>\n<script type=\"application\/ld+json\" class=\"yoast-schema-graph\">{\"@context\":\"https:\\\/\\\/schema.org\",\"@graph\":[{\"@type\":\"WebPage\",\"@id\":\"https:\\\/\\\/balticoverlanders.eu\\\/lt\\\/produktas\\\/dometic-cfx3-slide-55-55im-cfx3-55-ir-cfx3-55im-saldytuvo-stiklas\\\/\",\"url\":\"https:\\\/\\\/balticoverlanders.eu\\\/lt\\\/produktas\\\/dometic-cfx3-slide-55-55im-cfx3-55-ir-cfx3-55im-saldytuvo-stiklas\\\/\",\"name\":\"\\\"Dometic CFX3 Slide 55\\\/55IM\\\" CFX3 55 ir CFX3 55IM \u0161aldytuvo stiklas - BALTIC OVERLANDERS\",\"isPartOf\":{\"@id\":\"https:\\\/\\\/balticoverlanders.eu\\\/lt\\\/#website\"},\"primaryImageOfPage\":{\"@id\":\"https:\\\/\\\/balticoverlanders.eu\\\/lt\\\/produktas\\\/dometic-cfx3-slide-55-55im-cfx3-55-ir-cfx3-55im-saldytuvo-stiklas\\\/#primaryimage\"},\"image\":{\"@id\":\"https:\\\/\\\/balticoverlanders.eu\\\/lt\\\/produktas\\\/dometic-cfx3-slide-55-55im-cfx3-55-ir-cfx3-55im-saldytuvo-stiklas\\\/#primaryimage\"},\"thumbnailUrl\":\"https:\\\/\\\/balticoverlanders.eu\\\/wp-content\\\/uploads\\\/2024\\\/02\\\/CFX3-Slide-55-1-1-scaled.jpg\",\"datePublished\":\"2024-02-13T14:17:21+00:00\",\"dateModified\":\"2024-05-06T19:42:38+00:00\",\"description\":\"Susipa\u017einkite su \\\"Dometic CFX3\\\" \u0161aldytuvo \\\"CFX3 55\\\" ir \\\"CFX3 55IM\\\" \u0161liau\u017eikliu, puikiai tinkan\u010diu nuotyki\u0173 ie\u0161kotojams, kurie vertina lengv\u0105 prieig\u0105 ir tvirt\u0105 patikimum\u0105.\",\"breadcrumb\":{\"@id\":\"https:\\\/\\\/balticoverlanders.eu\\\/lt\\\/produktas\\\/dometic-cfx3-slide-55-55im-cfx3-55-ir-cfx3-55im-saldytuvo-stiklas\\\/#breadcrumb\"},\"inLanguage\":\"lt-LT\",\"potentialAction\":[{\"@type\":\"ReadAction\",\"target\":[\"https:\\\/\\\/balticoverlanders.eu\\\/lt\\\/produktas\\\/dometic-cfx3-slide-55-55im-cfx3-55-ir-cfx3-55im-saldytuvo-stiklas\\\/\"]}]},{\"@type\":\"ImageObject\",\"inLanguage\":\"lt-LT\",\"@id\":\"https:\\\/\\\/balticoverlanders.eu\\\/lt\\\/produktas\\\/dometic-cfx3-slide-55-55im-cfx3-55-ir-cfx3-55im-saldytuvo-stiklas\\\/#primaryimage\",\"url\":\"https:\\\/\\\/balticoverlanders.eu\\\/wp-content\\\/uploads\\\/2024\\\/02\\\/CFX3-Slide-55-1-1-scaled.jpg\",\"contentUrl\":\"https:\\\/\\\/balticoverlanders.eu\\\/wp-content\\\/uploads\\\/2024\\\/02\\\/CFX3-Slide-55-1-1-scaled.jpg\",\"width\":2560,\"height\":2560},{\"@type\":\"BreadcrumbList\",\"@id\":\"https:\\\/\\\/balticoverlanders.eu\\\/lt\\\/produktas\\\/dometic-cfx3-slide-55-55im-cfx3-55-ir-cfx3-55im-saldytuvo-stiklas\\\/#breadcrumb\",\"itemListElement\":[{\"@type\":\"ListItem\",\"position\":1,\"name\":\"Home\",\"item\":\"https:\\\/\\\/balticoverlanders.eu\\\/lt\\\/home\\\/\"},{\"@type\":\"ListItem\",\"position\":2,\"name\":\"Parduotuv\u0117\",\"item\":\"https:\\\/\\\/balticoverlanders.eu\\\/lt\\\/parduotuve\\\/\"},{\"@type\":\"ListItem\",\"position\":3,\"name\":\"&#8221;Dometic CFX3 Slide 55\\\/55IM&#8221; CFX3 55 ir CFX3 55IM \u0161aldytuvo stiklas\"}]},{\"@type\":\"WebSite\",\"@id\":\"https:\\\/\\\/balticoverlanders.eu\\\/lt\\\/#website\",\"url\":\"https:\\\/\\\/balticoverlanders.eu\\\/lt\\\/\",\"name\":\"BALTIC OVERLANDERS\",\"description\":\"Your one-stop shop in Latvia, Estonia, and Lithuania for all your car camping, rooftop tent and accessory needs.\",\"publisher\":{\"@id\":\"https:\\\/\\\/balticoverlanders.eu\\\/lt\\\/#organization\"},\"potentialAction\":[{\"@type\":\"SearchAction\",\"target\":{\"@type\":\"EntryPoint\",\"urlTemplate\":\"https:\\\/\\\/balticoverlanders.eu\\\/lt\\\/?s={search_term_string}\"},\"query-input\":{\"@type\":\"PropertyValueSpecification\",\"valueRequired\":true,\"valueName\":\"search_term_string\"}}],\"inLanguage\":\"lt-LT\"},{\"@type\":\"Organization\",\"@id\":\"https:\\\/\\\/balticoverlanders.eu\\\/lt\\\/#organization\",\"name\":\"BALTIC OVERLANDERS\",\"url\":\"https:\\\/\\\/balticoverlanders.eu\\\/lt\\\/\",\"logo\":{\"@type\":\"ImageObject\",\"inLanguage\":\"lt-LT\",\"@id\":\"https:\\\/\\\/balticoverlanders.eu\\\/lt\\\/#\\\/schema\\\/logo\\\/image\\\/\",\"url\":\"https:\\\/\\\/balticoverlanders.eu\\\/wp-content\\\/uploads\\\/2023\\\/04\\\/BALTIC-OVERLANDERS-LOGO.jpg\",\"contentUrl\":\"https:\\\/\\\/balticoverlanders.eu\\\/wp-content\\\/uploads\\\/2023\\\/04\\\/BALTIC-OVERLANDERS-LOGO.jpg\",\"width\":1497,\"height\":310,\"caption\":\"BALTIC OVERLANDERS\"},\"image\":{\"@id\":\"https:\\\/\\\/balticoverlanders.eu\\\/lt\\\/#\\\/schema\\\/logo\\\/image\\\/\"},\"sameAs\":[\"https:\\\/\\\/www.instagram.com\\\/balticoverlanders\\\/\"]}]}<\/script>\n<!-- \/ Yoast SEO plugin. -->","yoast_head_json":{"title":"\"Dometic CFX3 Slide 55\/55IM\" CFX3 55 ir CFX3 55IM \u0161aldytuvo stiklas - BALTIC OVERLANDERS","description":"Susipa\u017einkite su \"Dometic CFX3\" \u0161aldytuvo \"CFX3 55\" ir \"CFX3 55IM\" \u0161liau\u017eikliu, puikiai tinkan\u010diu nuotyki\u0173 ie\u0161kotojams, kurie vertina lengv\u0105 prieig\u0105 ir tvirt\u0105 patikimum\u0105.","robots":{"index":"index","follow":"follow","max-snippet":"max-snippet:-1","max-image-preview":"max-image-preview:large","max-video-preview":"max-video-preview:-1"},"canonical":"https:\/\/balticoverlanders.eu\/lt\/produktas\/dometic-cfx3-slide-55-55im-cfx3-55-ir-cfx3-55im-saldytuvo-stiklas\/","og_locale":"lt_LT","og_type":"article","og_title":"\"Dometic CFX3 Slide 55\/55IM\" CFX3 55 ir CFX3 55IM \u0161aldytuvo stiklas - BALTIC OVERLANDERS","og_description":"Susipa\u017einkite su \"Dometic CFX3\" \u0161aldytuvo \"CFX3 55\" ir \"CFX3 55IM\" \u0161liau\u017eikliu, puikiai tinkan\u010diu nuotyki\u0173 ie\u0161kotojams, kurie vertina lengv\u0105 prieig\u0105 ir tvirt\u0105 patikimum\u0105.","og_url":"https:\/\/balticoverlanders.eu\/lt\/produktas\/dometic-cfx3-slide-55-55im-cfx3-55-ir-cfx3-55im-saldytuvo-stiklas\/","og_site_name":"BALTIC OVERLANDERS","article_modified_time":"2024-05-06T19:42:38+00:00","og_image":[{"width":2560,"height":2560,"url":"https:\/\/balticoverlanders.eu\/wp-content\/uploads\/2024\/02\/CFX3-Slide-55-1-1-scaled.jpg","type":"image\/jpeg"}],"twitter_card":"summary_large_image","twitter_misc":{"Est. reading time":"1 minut\u0117"},"schema":{"@context":"https:\/\/schema.org","@graph":[{"@type":"WebPage","@id":"https:\/\/balticoverlanders.eu\/lt\/produktas\/dometic-cfx3-slide-55-55im-cfx3-55-ir-cfx3-55im-saldytuvo-stiklas\/","url":"https:\/\/balticoverlanders.eu\/lt\/produktas\/dometic-cfx3-slide-55-55im-cfx3-55-ir-cfx3-55im-saldytuvo-stiklas\/","name":"\"Dometic CFX3 Slide 55\/55IM\" CFX3 55 ir CFX3 55IM \u0161aldytuvo stiklas - BALTIC OVERLANDERS","isPartOf":{"@id":"https:\/\/balticoverlanders.eu\/lt\/#website"},"primaryImageOfPage":{"@id":"https:\/\/balticoverlanders.eu\/lt\/produktas\/dometic-cfx3-slide-55-55im-cfx3-55-ir-cfx3-55im-saldytuvo-stiklas\/#primaryimage"},"image":{"@id":"https:\/\/balticoverlanders.eu\/lt\/produktas\/dometic-cfx3-slide-55-55im-cfx3-55-ir-cfx3-55im-saldytuvo-stiklas\/#primaryimage"},"thumbnailUrl":"https:\/\/balticoverlanders.eu\/wp-content\/uploads\/2024\/02\/CFX3-Slide-55-1-1-scaled.jpg","datePublished":"2024-02-13T14:17:21+00:00","dateModified":"2024-05-06T19:42:38+00:00","description":"Susipa\u017einkite su \"Dometic CFX3\" \u0161aldytuvo \"CFX3 55\" ir \"CFX3 55IM\" \u0161liau\u017eikliu, puikiai tinkan\u010diu nuotyki\u0173 ie\u0161kotojams, kurie vertina lengv\u0105 prieig\u0105 ir tvirt\u0105 patikimum\u0105.","breadcrumb":{"@id":"https:\/\/balticoverlanders.eu\/lt\/produktas\/dometic-cfx3-slide-55-55im-cfx3-55-ir-cfx3-55im-saldytuvo-stiklas\/#breadcrumb"},"inLanguage":"lt-LT","potentialAction":[{"@type":"ReadAction","target":["https:\/\/balticoverlanders.eu\/lt\/produktas\/dometic-cfx3-slide-55-55im-cfx3-55-ir-cfx3-55im-saldytuvo-stiklas\/"]}]},{"@type":"ImageObject","inLanguage":"lt-LT","@id":"https:\/\/balticoverlanders.eu\/lt\/produktas\/dometic-cfx3-slide-55-55im-cfx3-55-ir-cfx3-55im-saldytuvo-stiklas\/#primaryimage","url":"https:\/\/balticoverlanders.eu\/wp-content\/uploads\/2024\/02\/CFX3-Slide-55-1-1-scaled.jpg","contentUrl":"https:\/\/balticoverlanders.eu\/wp-content\/uploads\/2024\/02\/CFX3-Slide-55-1-1-scaled.jpg","width":2560,"height":2560},{"@type":"BreadcrumbList","@id":"https:\/\/balticoverlanders.eu\/lt\/produktas\/dometic-cfx3-slide-55-55im-cfx3-55-ir-cfx3-55im-saldytuvo-stiklas\/#breadcrumb","itemListElement":[{"@type":"ListItem","position":1,"name":"Home","item":"https:\/\/balticoverlanders.eu\/lt\/home\/"},{"@type":"ListItem","position":2,"name":"Parduotuv\u0117","item":"https:\/\/balticoverlanders.eu\/lt\/parduotuve\/"},{"@type":"ListItem","position":3,"name":"&#8221;Dometic CFX3 Slide 55\/55IM&#8221; CFX3 55 ir CFX3 55IM \u0161aldytuvo stiklas"}]},{"@type":"WebSite","@id":"https:\/\/balticoverlanders.eu\/lt\/#website","url":"https:\/\/balticoverlanders.eu\/lt\/","name":"BALTIC OVERLANDERS","description":"Your one-stop shop in Latvia, Estonia, and Lithuania for all your car camping, rooftop tent and accessory needs.","publisher":{"@id":"https:\/\/balticoverlanders.eu\/lt\/#organization"},"potentialAction":[{"@type":"SearchAction","target":{"@type":"EntryPoint","urlTemplate":"https:\/\/balticoverlanders.eu\/lt\/?s={search_term_string}"},"query-input":{"@type":"PropertyValueSpecification","valueRequired":true,"valueName":"search_term_string"}}],"inLanguage":"lt-LT"},{"@type":"Organization","@id":"https:\/\/balticoverlanders.eu\/lt\/#organization","name":"BALTIC OVERLANDERS","url":"https:\/\/balticoverlanders.eu\/lt\/","logo":{"@type":"ImageObject","inLanguage":"lt-LT","@id":"https:\/\/balticoverlanders.eu\/lt\/#\/schema\/logo\/image\/","url":"https:\/\/balticoverlanders.eu\/wp-content\/uploads\/2023\/04\/BALTIC-OVERLANDERS-LOGO.jpg","contentUrl":"https:\/\/balticoverlanders.eu\/wp-content\/uploads\/2023\/04\/BALTIC-OVERLANDERS-LOGO.jpg","width":1497,"height":310,"caption":"BALTIC OVERLANDERS"},"image":{"@id":"https:\/\/balticoverlanders.eu\/lt\/#\/schema\/logo\/image\/"},"sameAs":["https:\/\/www.instagram.com\/balticoverlanders\/"]}]}},"_links":{"self":[{"href":"https:\/\/balticoverlanders.eu\/lt\/wp-json\/wp\/v2\/product\/39432","targetHints":{"allow":["GET"]}}],"collection":[{"href":"https:\/\/balticoverlanders.eu\/lt\/wp-json\/wp\/v2\/product"}],"about":[{"href":"https:\/\/balticoverlanders.eu\/lt\/wp-json\/wp\/v2\/types\/product"}],"wp:featuredmedia":[{"embeddable":true,"href":"https:\/\/balticoverlanders.eu\/lt\/wp-json\/wp\/v2\/media\/31298"}],"wp:attachment":[{"href":"https:\/\/balticoverlanders.eu\/lt\/wp-json\/wp\/v2\/media?parent=39432"}],"wp:term":[{"taxonomy":"product_brand","embeddable":true,"href":"https:\/\/balticoverlanders.eu\/lt\/wp-json\/wp\/v2\/product_brand?post=39432"},{"taxonomy":"product_cat","embeddable":true,"href":"https:\/\/balticoverlanders.eu\/lt\/wp-json\/wp\/v2\/product_cat?post=39432"},{"taxonomy":"product_tag","embeddable":true,"href":"https:\/\/balticoverlanders.eu\/lt\/wp-json\/wp\/v2\/product_tag?post=39432"}],"curies":[{"name":"wp","href":"https:\/\/api.w.org\/{rel}","templated":true}]}}