{"id":39434,"date":"2024-02-13T17:09:46","date_gmt":"2024-02-13T15:09:46","guid":{"rendered":"https:\/\/balticoverlanders.eu\/product\/dometic-go-hydration-vandens-asotis-11l\/"},"modified":"2024-05-06T22:42:39","modified_gmt":"2024-05-06T19:42:39","slug":"dometic-go-hydration-vandens-asotis-11l","status":"publish","type":"product","link":"https:\/\/balticoverlanders.eu\/lt\/produktas\/dometic-go-hydration-vandens-asotis-11l\/","title":{"rendered":"&#8222;Dometic GO Hydration&#8221; vandens \u0105sotis 11L"},"content":{"rendered":"<div class=\"w-full text-token-text-primary\" data-testid=\"conversation-turn-3\">\n<div class=\"px-4 py-2 justify-center text-base md:gap-6 m-auto\">\n<div class=\"flex flex-1 text-base mx-auto gap-3 md:px-5 lg:px-1 xl:px-5 md:max-w-3xl lg:max-w-[40rem] xl:max-w-[48rem] group final-completion\">\n<div class=\"relative flex w-full flex-col agent-turn\">\n<div class=\"flex-col gap-1 md:gap-3\">\n<div class=\"flex flex-grow flex-col max-w-full\">\n<div class=\"min-h-[20px] text-message flex flex-col items-start gap-3 whitespace-pre-wrap break-words [.text-message+&amp;]:mt-5 overflow-x-auto\" data-message-author-role=\"assistant\" data-message-id=\"1d1e59ca-7415-4ce4-ad6e-b742e75fc7e0\">\n<div class=\"markdown prose w-full break-words dark:prose-invert dark\">\n<p><strong>Pristatome &#8222;Dometic GO Hydration&#8221; vandens \u0105sot\u012f 11L<\/strong><\/p>\n<p>Su &#8222;Dometic HYD J11&#8221; hidravimo gertuve &#8222;Hydration Water Jug 11L&#8221; b\u016bkite apsir\u016bpin\u0119 vandeniu, kad ir kur jus nuvest\u0173 nuotykiai. \u0160is patogus ir patvarus vandens \u0105sotis yra nepakei\u010diamas stovyklavimo, lauko veiklos ar avarini\u0173 situacij\u0173 atveju automobilyje.<\/p>\n<p><strong>Funkcijos:<\/strong><\/p>\n<ul>\n<li><strong>Did\u017eiausi\u0105 t\u016br\u012f u\u017etikrinantis dizainas:<\/strong> Skirtingai nuo standartini\u0173 10 l talpykl\u0173, m\u016bs\u0173 vandens \u0105sotis talpina \u012fsp\u016bding\u0105 11 l talp\u0105, tod\u0117l tur\u0117site pakankamai vandens atsarg\u0173, kad ir kur keliautum\u0117te.<\/li>\n<li><strong>Kelios dozavimo galimyb\u0117s:<\/strong> \u012erengtos dvi angos, kad b\u016bt\u0173 galima lengvai pripildyti, i\u0161pilstyti ir i\u0161valyti.<\/li>\n<li><strong>Lengva transportuoti:<\/strong> Sukurta taip, kad tilpt\u0173 u\u017e automobilio rat\u0173 skydo, turi patogias, nuimamas rankenas, kad b\u016bt\u0173 galima be vargo perve\u017eti i\u0161 automobilio \u012f stovyklaviet\u0119.<\/li>\n<li><strong>Tvirta konstrukcija:<\/strong> I\u0161 BPA neturin\u010dio, maistui skirto LDPE, kuris u\u017etikrina saugum\u0105 ir ilgaam\u017ei\u0161kum\u0105, tod\u0117l vanduo i\u0161lieka \u0161varus ir \u0161vie\u017eias.<\/li>\n<li><strong>\u012evairiapusi\u0161kas ry\u0161ys:<\/strong> \u012e komplektacij\u0105 \u012feina snapelis ir greito prijungimo jungtis priedams pritvirtinti, tod\u0117l galite pritaikyti savo hidratacijos patirt\u012f.<\/li>\n<li><strong>Suderinamas su hidravimo vandens mai\u0161ytuvu:<\/strong> skland\u017eiai integruojamas su hidravimo vandens mai\u0161ytuvu, kad b\u016bt\u0173 patogiau ir funkcionaliau.<\/li>\n<\/ul>\n<p>Nesvarbu, ar stovyklaujate, ar keliaujate, ar tiesiog keliaujate, &#8222;Dometic GO Hydration Water Jug 11L&#8221; yra patikimas sprendimas, kaip i\u0161likti hidratuotam ir gaiviam.<\/p>\n<\/div>\n<\/div>\n<\/div>\n<div class=\"mt-1 flex justify-start gap-3 empty:hidden\">\n<div class=\"text-gray-400 flex self-end lg:self-center justify-center lg:justify-start mt-0 -ml-1 visible\">\n<p>&nbsp;<\/p>\n<div class=\"flex items-center gap-1.5 text-xs\"><\/div>\n<div class=\"flex\"><\/div>\n<\/div>\n<\/div>\n<\/div>\n<div class=\"absolute\">\n<div class=\"flex w-full gap-2 items-center justify-center\"><\/div>\n<\/div>\n<\/div>\n<\/div>\n<\/div>\n<\/div>\n<div class=\"mx-auto\">\n<div data-projection-id=\"53\">\n<div class=\"mx-auto mt-2 inline-flex rounded-xl border border-gray-100 dark:border-gray-700\"><\/div>\n<\/div>\n<\/div>\n","protected":false},"excerpt":{"rendered":"<p>&#8222;Dometic&#8221; HYD J11 hidravimo vandens \u0105sotis 11 l leid\u017eia lengvai laikyti ir pilti reikaling\u0105 vanden\u012f. Laikykite j\u012f automobilyje arba stovyklaviet\u0117je, kad gal\u0117tum\u0117te patogiai ir saugiai apsir\u016bpinti 11 litr\u0173 vandens atsargomis. D\u0117l tvirtos ir ilgaam\u017e\u0117s konstrukcijos tai puikus vandens \u0105sotis stovyklavimui ar kitai veiklai lauke.<\/p>\n","protected":false},"featured_media":31312,"template":"","meta":[],"product_brand":[],"product_cat":[516,556],"product_tag":[],"class_list":{"0":"post-39434","1":"product","2":"type-product","3":"status-publish","4":"has-post-thumbnail","6":"product_cat-dometic-lt","7":"product_cat-hidratacija-lt","9":"first","10":"onbackorder","11":"taxable","12":"shipping-taxable","13":"purchasable","14":"product-type-variable","15":"has-default-attributes"},"yoast_head":"<!-- This site is optimized with the Yoast SEO plugin v27.3 - https:\/\/yoast.com\/product\/yoast-seo-wordpress\/ -->\n<title>&quot;Dometic GO Hydration&quot; vandens \u0105sotis 11L - BALTIC OVERLANDERS<\/title>\n<meta name=\"description\" content=\"\u012esigykite &quot;Dometic&quot; 11 l talpos hidravimo vandens \u0105sot\u012f, kad b\u016bt\u0173 patogu laikyti vanden\u012f lauke. Tvirta konstrukcija u\u017etikrina ilgaam\u017ei\u0161kum\u0105, reikaling\u0105 hidratacijai.\" \/>\n<meta name=\"robots\" content=\"index, follow, max-snippet:-1, max-image-preview:large, max-video-preview:-1\" \/>\n<link rel=\"canonical\" href=\"https:\/\/balticoverlanders.eu\/lt\/produktas\/dometic-go-hydration-vandens-asotis-11l\/\" \/>\n<meta property=\"og:locale\" content=\"lt_LT\" \/>\n<meta property=\"og:type\" content=\"article\" \/>\n<meta property=\"og:title\" content=\"&quot;Dometic GO Hydration&quot; vandens \u0105sotis 11L - BALTIC OVERLANDERS\" \/>\n<meta property=\"og:description\" content=\"\u012esigykite &quot;Dometic&quot; 11 l talpos hidravimo vandens \u0105sot\u012f, kad b\u016bt\u0173 patogu laikyti vanden\u012f lauke. Tvirta konstrukcija u\u017etikrina ilgaam\u017ei\u0161kum\u0105, reikaling\u0105 hidratacijai.\" \/>\n<meta property=\"og:url\" content=\"https:\/\/balticoverlanders.eu\/lt\/produktas\/dometic-go-hydration-vandens-asotis-11l\/\" \/>\n<meta property=\"og:site_name\" content=\"BALTIC OVERLANDERS\" \/>\n<meta property=\"article:modified_time\" content=\"2024-05-06T19:42:39+00:00\" \/>\n<meta property=\"og:image\" content=\"https:\/\/balticoverlanders.eu\/wp-content\/uploads\/2024\/02\/wtan065-wtan067con.jpg\" \/>\n\t<meta property=\"og:image:width\" content=\"1242\" \/>\n\t<meta property=\"og:image:height\" content=\"1199\" \/>\n\t<meta property=\"og:image:type\" content=\"image\/jpeg\" \/>\n<meta name=\"twitter:card\" content=\"summary_large_image\" \/>\n<meta name=\"twitter:label1\" content=\"Est. reading time\" \/>\n\t<meta name=\"twitter:data1\" content=\"1 minut\u0117\" \/>\n<script type=\"application\/ld+json\" class=\"yoast-schema-graph\">{\"@context\":\"https:\\\/\\\/schema.org\",\"@graph\":[{\"@type\":\"WebPage\",\"@id\":\"https:\\\/\\\/balticoverlanders.eu\\\/lt\\\/produktas\\\/dometic-go-hydration-vandens-asotis-11l\\\/\",\"url\":\"https:\\\/\\\/balticoverlanders.eu\\\/lt\\\/produktas\\\/dometic-go-hydration-vandens-asotis-11l\\\/\",\"name\":\"\\\"Dometic GO Hydration\\\" vandens \u0105sotis 11L - BALTIC OVERLANDERS\",\"isPartOf\":{\"@id\":\"https:\\\/\\\/balticoverlanders.eu\\\/lt\\\/#website\"},\"primaryImageOfPage\":{\"@id\":\"https:\\\/\\\/balticoverlanders.eu\\\/lt\\\/produktas\\\/dometic-go-hydration-vandens-asotis-11l\\\/#primaryimage\"},\"image\":{\"@id\":\"https:\\\/\\\/balticoverlanders.eu\\\/lt\\\/produktas\\\/dometic-go-hydration-vandens-asotis-11l\\\/#primaryimage\"},\"thumbnailUrl\":\"https:\\\/\\\/balticoverlanders.eu\\\/wp-content\\\/uploads\\\/2024\\\/02\\\/wtan065-wtan067con.jpg\",\"datePublished\":\"2024-02-13T15:09:46+00:00\",\"dateModified\":\"2024-05-06T19:42:39+00:00\",\"description\":\"\u012esigykite \\\"Dometic\\\" 11 l talpos hidravimo vandens \u0105sot\u012f, kad b\u016bt\u0173 patogu laikyti vanden\u012f lauke. Tvirta konstrukcija u\u017etikrina ilgaam\u017ei\u0161kum\u0105, reikaling\u0105 hidratacijai.\",\"breadcrumb\":{\"@id\":\"https:\\\/\\\/balticoverlanders.eu\\\/lt\\\/produktas\\\/dometic-go-hydration-vandens-asotis-11l\\\/#breadcrumb\"},\"inLanguage\":\"lt-LT\",\"potentialAction\":[{\"@type\":\"ReadAction\",\"target\":[\"https:\\\/\\\/balticoverlanders.eu\\\/lt\\\/produktas\\\/dometic-go-hydration-vandens-asotis-11l\\\/\"]}]},{\"@type\":\"ImageObject\",\"inLanguage\":\"lt-LT\",\"@id\":\"https:\\\/\\\/balticoverlanders.eu\\\/lt\\\/produktas\\\/dometic-go-hydration-vandens-asotis-11l\\\/#primaryimage\",\"url\":\"https:\\\/\\\/balticoverlanders.eu\\\/wp-content\\\/uploads\\\/2024\\\/02\\\/wtan065-wtan067con.jpg\",\"contentUrl\":\"https:\\\/\\\/balticoverlanders.eu\\\/wp-content\\\/uploads\\\/2024\\\/02\\\/wtan065-wtan067con.jpg\",\"width\":1242,\"height\":1199},{\"@type\":\"BreadcrumbList\",\"@id\":\"https:\\\/\\\/balticoverlanders.eu\\\/lt\\\/produktas\\\/dometic-go-hydration-vandens-asotis-11l\\\/#breadcrumb\",\"itemListElement\":[{\"@type\":\"ListItem\",\"position\":1,\"name\":\"Home\",\"item\":\"https:\\\/\\\/balticoverlanders.eu\\\/lt\\\/home\\\/\"},{\"@type\":\"ListItem\",\"position\":2,\"name\":\"Parduotuv\u0117\",\"item\":\"https:\\\/\\\/balticoverlanders.eu\\\/lt\\\/parduotuve\\\/\"},{\"@type\":\"ListItem\",\"position\":3,\"name\":\"&#171;Dometic GO Hydration&#187; vandens \u0105sotis 11L\"}]},{\"@type\":\"WebSite\",\"@id\":\"https:\\\/\\\/balticoverlanders.eu\\\/lt\\\/#website\",\"url\":\"https:\\\/\\\/balticoverlanders.eu\\\/lt\\\/\",\"name\":\"BALTIC OVERLANDERS\",\"description\":\"Your one-stop shop in Latvia, Estonia, and Lithuania for all your car camping, rooftop tent and accessory needs.\",\"publisher\":{\"@id\":\"https:\\\/\\\/balticoverlanders.eu\\\/lt\\\/#organization\"},\"potentialAction\":[{\"@type\":\"SearchAction\",\"target\":{\"@type\":\"EntryPoint\",\"urlTemplate\":\"https:\\\/\\\/balticoverlanders.eu\\\/lt\\\/?s={search_term_string}\"},\"query-input\":{\"@type\":\"PropertyValueSpecification\",\"valueRequired\":true,\"valueName\":\"search_term_string\"}}],\"inLanguage\":\"lt-LT\"},{\"@type\":\"Organization\",\"@id\":\"https:\\\/\\\/balticoverlanders.eu\\\/lt\\\/#organization\",\"name\":\"BALTIC OVERLANDERS\",\"url\":\"https:\\\/\\\/balticoverlanders.eu\\\/lt\\\/\",\"logo\":{\"@type\":\"ImageObject\",\"inLanguage\":\"lt-LT\",\"@id\":\"https:\\\/\\\/balticoverlanders.eu\\\/lt\\\/#\\\/schema\\\/logo\\\/image\\\/\",\"url\":\"https:\\\/\\\/balticoverlanders.eu\\\/wp-content\\\/uploads\\\/2023\\\/04\\\/BALTIC-OVERLANDERS-LOGO.jpg\",\"contentUrl\":\"https:\\\/\\\/balticoverlanders.eu\\\/wp-content\\\/uploads\\\/2023\\\/04\\\/BALTIC-OVERLANDERS-LOGO.jpg\",\"width\":1497,\"height\":310,\"caption\":\"BALTIC OVERLANDERS\"},\"image\":{\"@id\":\"https:\\\/\\\/balticoverlanders.eu\\\/lt\\\/#\\\/schema\\\/logo\\\/image\\\/\"},\"sameAs\":[\"https:\\\/\\\/www.instagram.com\\\/balticoverlanders\\\/\"]}]}<\/script>\n<!-- \/ Yoast SEO plugin. -->","yoast_head_json":{"title":"\"Dometic GO Hydration\" vandens \u0105sotis 11L - BALTIC OVERLANDERS","description":"\u012esigykite \"Dometic\" 11 l talpos hidravimo vandens \u0105sot\u012f, kad b\u016bt\u0173 patogu laikyti vanden\u012f lauke. Tvirta konstrukcija u\u017etikrina ilgaam\u017ei\u0161kum\u0105, reikaling\u0105 hidratacijai.","robots":{"index":"index","follow":"follow","max-snippet":"max-snippet:-1","max-image-preview":"max-image-preview:large","max-video-preview":"max-video-preview:-1"},"canonical":"https:\/\/balticoverlanders.eu\/lt\/produktas\/dometic-go-hydration-vandens-asotis-11l\/","og_locale":"lt_LT","og_type":"article","og_title":"\"Dometic GO Hydration\" vandens \u0105sotis 11L - BALTIC OVERLANDERS","og_description":"\u012esigykite \"Dometic\" 11 l talpos hidravimo vandens \u0105sot\u012f, kad b\u016bt\u0173 patogu laikyti vanden\u012f lauke. Tvirta konstrukcija u\u017etikrina ilgaam\u017ei\u0161kum\u0105, reikaling\u0105 hidratacijai.","og_url":"https:\/\/balticoverlanders.eu\/lt\/produktas\/dometic-go-hydration-vandens-asotis-11l\/","og_site_name":"BALTIC OVERLANDERS","article_modified_time":"2024-05-06T19:42:39+00:00","og_image":[{"width":1242,"height":1199,"url":"https:\/\/balticoverlanders.eu\/wp-content\/uploads\/2024\/02\/wtan065-wtan067con.jpg","type":"image\/jpeg"}],"twitter_card":"summary_large_image","twitter_misc":{"Est. reading time":"1 minut\u0117"},"schema":{"@context":"https:\/\/schema.org","@graph":[{"@type":"WebPage","@id":"https:\/\/balticoverlanders.eu\/lt\/produktas\/dometic-go-hydration-vandens-asotis-11l\/","url":"https:\/\/balticoverlanders.eu\/lt\/produktas\/dometic-go-hydration-vandens-asotis-11l\/","name":"\"Dometic GO Hydration\" vandens \u0105sotis 11L - BALTIC OVERLANDERS","isPartOf":{"@id":"https:\/\/balticoverlanders.eu\/lt\/#website"},"primaryImageOfPage":{"@id":"https:\/\/balticoverlanders.eu\/lt\/produktas\/dometic-go-hydration-vandens-asotis-11l\/#primaryimage"},"image":{"@id":"https:\/\/balticoverlanders.eu\/lt\/produktas\/dometic-go-hydration-vandens-asotis-11l\/#primaryimage"},"thumbnailUrl":"https:\/\/balticoverlanders.eu\/wp-content\/uploads\/2024\/02\/wtan065-wtan067con.jpg","datePublished":"2024-02-13T15:09:46+00:00","dateModified":"2024-05-06T19:42:39+00:00","description":"\u012esigykite \"Dometic\" 11 l talpos hidravimo vandens \u0105sot\u012f, kad b\u016bt\u0173 patogu laikyti vanden\u012f lauke. Tvirta konstrukcija u\u017etikrina ilgaam\u017ei\u0161kum\u0105, reikaling\u0105 hidratacijai.","breadcrumb":{"@id":"https:\/\/balticoverlanders.eu\/lt\/produktas\/dometic-go-hydration-vandens-asotis-11l\/#breadcrumb"},"inLanguage":"lt-LT","potentialAction":[{"@type":"ReadAction","target":["https:\/\/balticoverlanders.eu\/lt\/produktas\/dometic-go-hydration-vandens-asotis-11l\/"]}]},{"@type":"ImageObject","inLanguage":"lt-LT","@id":"https:\/\/balticoverlanders.eu\/lt\/produktas\/dometic-go-hydration-vandens-asotis-11l\/#primaryimage","url":"https:\/\/balticoverlanders.eu\/wp-content\/uploads\/2024\/02\/wtan065-wtan067con.jpg","contentUrl":"https:\/\/balticoverlanders.eu\/wp-content\/uploads\/2024\/02\/wtan065-wtan067con.jpg","width":1242,"height":1199},{"@type":"BreadcrumbList","@id":"https:\/\/balticoverlanders.eu\/lt\/produktas\/dometic-go-hydration-vandens-asotis-11l\/#breadcrumb","itemListElement":[{"@type":"ListItem","position":1,"name":"Home","item":"https:\/\/balticoverlanders.eu\/lt\/home\/"},{"@type":"ListItem","position":2,"name":"Parduotuv\u0117","item":"https:\/\/balticoverlanders.eu\/lt\/parduotuve\/"},{"@type":"ListItem","position":3,"name":"&#171;Dometic GO Hydration&#187; vandens \u0105sotis 11L"}]},{"@type":"WebSite","@id":"https:\/\/balticoverlanders.eu\/lt\/#website","url":"https:\/\/balticoverlanders.eu\/lt\/","name":"BALTIC OVERLANDERS","description":"Your one-stop shop in Latvia, Estonia, and Lithuania for all your car camping, rooftop tent and accessory needs.","publisher":{"@id":"https:\/\/balticoverlanders.eu\/lt\/#organization"},"potentialAction":[{"@type":"SearchAction","target":{"@type":"EntryPoint","urlTemplate":"https:\/\/balticoverlanders.eu\/lt\/?s={search_term_string}"},"query-input":{"@type":"PropertyValueSpecification","valueRequired":true,"valueName":"search_term_string"}}],"inLanguage":"lt-LT"},{"@type":"Organization","@id":"https:\/\/balticoverlanders.eu\/lt\/#organization","name":"BALTIC OVERLANDERS","url":"https:\/\/balticoverlanders.eu\/lt\/","logo":{"@type":"ImageObject","inLanguage":"lt-LT","@id":"https:\/\/balticoverlanders.eu\/lt\/#\/schema\/logo\/image\/","url":"https:\/\/balticoverlanders.eu\/wp-content\/uploads\/2023\/04\/BALTIC-OVERLANDERS-LOGO.jpg","contentUrl":"https:\/\/balticoverlanders.eu\/wp-content\/uploads\/2023\/04\/BALTIC-OVERLANDERS-LOGO.jpg","width":1497,"height":310,"caption":"BALTIC OVERLANDERS"},"image":{"@id":"https:\/\/balticoverlanders.eu\/lt\/#\/schema\/logo\/image\/"},"sameAs":["https:\/\/www.instagram.com\/balticoverlanders\/"]}]}},"_links":{"self":[{"href":"https:\/\/balticoverlanders.eu\/lt\/wp-json\/wp\/v2\/product\/39434","targetHints":{"allow":["GET"]}}],"collection":[{"href":"https:\/\/balticoverlanders.eu\/lt\/wp-json\/wp\/v2\/product"}],"about":[{"href":"https:\/\/balticoverlanders.eu\/lt\/wp-json\/wp\/v2\/types\/product"}],"wp:featuredmedia":[{"embeddable":true,"href":"https:\/\/balticoverlanders.eu\/lt\/wp-json\/wp\/v2\/media\/31312"}],"wp:attachment":[{"href":"https:\/\/balticoverlanders.eu\/lt\/wp-json\/wp\/v2\/media?parent=39434"}],"wp:term":[{"taxonomy":"product_brand","embeddable":true,"href":"https:\/\/balticoverlanders.eu\/lt\/wp-json\/wp\/v2\/product_brand?post=39434"},{"taxonomy":"product_cat","embeddable":true,"href":"https:\/\/balticoverlanders.eu\/lt\/wp-json\/wp\/v2\/product_cat?post=39434"},{"taxonomy":"product_tag","embeddable":true,"href":"https:\/\/balticoverlanders.eu\/lt\/wp-json\/wp\/v2\/product_tag?post=39434"}],"curies":[{"name":"wp","href":"https:\/\/api.w.org\/{rel}","templated":true}]}}