{"id":39455,"date":"2024-02-12T16:41:14","date_gmt":"2024-02-12T14:41:14","guid":{"rendered":"https:\/\/balticoverlanders.eu\/product\/dometic-cfx3-55im-nesiojamasis-kompresorinis-ausintuvas-su-ledo-gaminimo-funkcija-53-l\/"},"modified":"2024-05-06T22:42:51","modified_gmt":"2024-05-06T19:42:51","slug":"dometic-cfx3-55im-nesiojamasis-kompresorinis-ausintuvas-su-ledo-gaminimo-funkcija-53-l","status":"publish","type":"product","link":"https:\/\/balticoverlanders.eu\/lt\/produktas\/dometic-cfx3-55im-nesiojamasis-kompresorinis-ausintuvas-su-ledo-gaminimo-funkcija-53-l\/","title":{"rendered":"&#8222;Dometic CFX3 55IM&#8221; ne\u0161iojamasis kompresorinis au\u0161intuvas su ledo gaminimo funkcija, 53 l"},"content":{"rendered":"<p><strong>Didel\u0117 bendra talpa<\/strong><\/p>\n<ul>\n<li>Erdvi 53 litr\u0173 talpa u\u017etikrina, kad tur\u0117site pakankamai vietos visiems b\u016btiniausiems daiktams, nesvarbu, ar vykstate \u012f savaitgalio stovyklaviet\u0119, ar \u012f ilgesn\u0119 kelion\u0119.<\/li>\n<\/ul>\n<p><strong>Greita ledo gamyba<\/strong><\/p>\n<ul>\n<li>\u0160is ne\u0161iojamasis kompresorinis au\u0161intuvas su ledo gaminimo funkcija per kelias valandas pagamina ledo, kad g\u0117rimai b\u016bt\u0173 gaiviai \u0161alti, kad ir kur jus nuvest\u0173 nuotykiai.<\/li>\n<\/ul>\n<p><strong>Tvirta konstrukcija<\/strong><\/p>\n<ul>\n<li>CFX3 sukurtas taip, kad atlaikyt\u0173 kelioni\u0173 sunkumus, nes turi tvirt\u0105, bet lengv\u0105 &#8222;ExoFrame&#8221; konstrukcij\u0105 su apsauginiais kra\u0161tais ir aliuminio lydinio rankenomis, u\u017etikrinan\u010di\u0105 ilgaam\u017ei\u0161kum\u0105, ta\u010diau nekelian\u010di\u0105 pavojaus ne\u0161iojamumui.<\/li>\n<\/ul>\n<p><strong>Efektyvi au\u0161inimo technologija<\/strong><\/p>\n<ul>\n<li>Naudojant pa\u017eangi\u0105 VMSO3 kompresorin\u0119 au\u0161inimo technologij\u0105, CFX3 efektyviai \u0161aldo nuo +20 \u00b0C iki -22 \u00b0C, tod\u0117l maistas ir g\u0117rimai i\u0161lieka puikios temperat\u016bros net ir at\u0161iauriausiomis s\u0105lygomis.<\/li>\n<\/ul>\n<p><strong>Intuityvus valdymas ir steb\u0117jimas<\/strong><\/p>\n<ul>\n<li>Kontroliuokite visk\u0105 lengvai \u012fskaitomu didel\u0117s rai\u0161kos spalvotu ekranu ir mink\u0161tais lietimui jautriais mygtukais, kurie leid\u017eia skland\u017eiai valdyti ir steb\u0117ti au\u0161intuvo veikim\u0105, kad nuotyki\u0173 metu b\u016bt\u0173 dar patogiau.<\/li>\n<\/ul>\n<p><strong>Akumuliatoriaus apsaugos sistema<\/strong><\/p>\n<ul>\n<li>CFX3 turi 3 pakop\u0173 dinamin\u0119 akumuliatoriaus apsaugos sistem\u0105, kuri neleid\u017eia i\u0161sikrauti automobilio akumuliatoriui arba stipriai \u012fkrauti dviej\u0173 akumuliatori\u0173, tod\u0117l galite b\u016bti ram\u016bs ilgesni\u0173 kelioni\u0173 metu.<\/li>\n<\/ul>\n<p><strong>I\u0161manusis ry\u0161ys<\/strong><\/p>\n<ul>\n<li>Naudodami CFX3 program\u0117l\u0119 galite valdyti i\u0161 bet kurios vietos, nes ji leid\u017eia reguliuoti temperat\u016br\u0105 per &#8222;WiFi&#8221; arba &#8222;Bluetooth&#8221; ir pateikia na\u0161umo istorij\u0105, kad gal\u0117tum\u0117te lengvai valdyti savo au\u0161intuv\u0105.<\/li>\n<\/ul>\n<p><strong>Patirkite nauj\u0105 ne\u0161iojamojo v\u0117sinimo lyg\u012f<\/strong><\/p>\n<ul>\n<li>Nesvarbu, ar keliaujate stovyklauti, keliauti, ar i\u0161kylauti, CFX3 ne\u0161iojamasis kompresorinis au\u0161intuvas su ledo gaminimo funkcija yra geriausias j\u016bs\u0173 kelioni\u0173 palydovas, si\u016blantis neprilygstam\u0105 patogum\u0105, patvarum\u0105 ir na\u0161um\u0105 visiems j\u016bs\u0173 nuotykiams.<\/li>\n<\/ul>\n","protected":false},"excerpt":{"rendered":"<p>\u0160is \u012fsp\u016bdingas maitinamas au\u0161intuvas leid\u017eia pasiimti daugiau m\u0117gstamo maisto ir g\u0117rim\u0173, kad ir kur keliautum\u0117te. Tvirta konstrukcija pritaikyta sunkiam naudojimui lauke. M\u0117gaukit\u0117s efektyviu v\u0117sinimu ir patogumu d\u0117l mobiliosios program\u0117l\u0117s, kuri leid\u017eia valdyti &#8222;Dometic CFX3&#8221; pir\u0161tais. Keliaukite toliau, b\u016bkite ilgiau ir patirkite daugiau.<\/p>\n","protected":false},"featured_media":31256,"template":"","meta":[],"product_brand":[],"product_cat":[586,516],"product_tag":[],"class_list":{"0":"post-39455","1":"product","2":"type-product","3":"status-publish","4":"has-post-thumbnail","6":"product_cat-ausintuvai","7":"product_cat-dometic-lt","9":"first","10":"onbackorder","11":"taxable","12":"shipping-taxable","13":"purchasable","14":"product-type-simple"},"yoast_head":"<!-- This site is optimized with the Yoast SEO plugin v27.3 - https:\/\/yoast.com\/product\/yoast-seo-wordpress\/ -->\n<title>&quot;Dometic CFX3 55IM&quot; ne\u0161iojamasis kompresorinis au\u0161intuvas su ledo gaminimo funkcija, 53 l - BALTIC OVERLANDERS<\/title>\n<meta name=\"description\" content=\"Patirkite puik\u0173 lauko v\u0117sinim\u0105 su &quot;Dometic&quot; CFX3 ledo gaminimo au\u0161intuvu. Patvari konstrukcija, veiksmingas au\u0161inimas ir program\u0117l\u0117s valdymas.\" \/>\n<meta name=\"robots\" content=\"index, follow, max-snippet:-1, max-image-preview:large, max-video-preview:-1\" \/>\n<link rel=\"canonical\" href=\"https:\/\/balticoverlanders.eu\/lt\/produktas\/dometic-cfx3-55im-nesiojamasis-kompresorinis-ausintuvas-su-ledo-gaminimo-funkcija-53-l\/\" \/>\n<meta property=\"og:locale\" content=\"lt_LT\" \/>\n<meta property=\"og:type\" content=\"article\" \/>\n<meta property=\"og:title\" content=\"&quot;Dometic CFX3 55IM&quot; ne\u0161iojamasis kompresorinis au\u0161intuvas su ledo gaminimo funkcija, 53 l - BALTIC OVERLANDERS\" \/>\n<meta property=\"og:description\" content=\"Patirkite puik\u0173 lauko v\u0117sinim\u0105 su &quot;Dometic&quot; CFX3 ledo gaminimo au\u0161intuvu. Patvari konstrukcija, veiksmingas au\u0161inimas ir program\u0117l\u0117s valdymas.\" \/>\n<meta property=\"og:url\" content=\"https:\/\/balticoverlanders.eu\/lt\/produktas\/dometic-cfx3-55im-nesiojamasis-kompresorinis-ausintuvas-su-ledo-gaminimo-funkcija-53-l\/\" \/>\n<meta property=\"og:site_name\" content=\"BALTIC OVERLANDERS\" \/>\n<meta property=\"article:modified_time\" content=\"2024-05-06T19:42:51+00:00\" \/>\n<meta property=\"og:image\" content=\"https:\/\/balticoverlanders.eu\/wp-content\/uploads\/2024\/02\/cfx3-55-c-9600025328-p401_lowres.jpg\" \/>\n\t<meta property=\"og:image:width\" content=\"650\" \/>\n\t<meta property=\"og:image:height\" content=\"488\" \/>\n\t<meta property=\"og:image:type\" content=\"image\/jpeg\" \/>\n<meta name=\"twitter:card\" content=\"summary_large_image\" \/>\n<meta name=\"twitter:label1\" content=\"Est. reading time\" \/>\n\t<meta name=\"twitter:data1\" content=\"1 minut\u0117\" \/>\n<script type=\"application\/ld+json\" class=\"yoast-schema-graph\">{\"@context\":\"https:\\\/\\\/schema.org\",\"@graph\":[{\"@type\":\"WebPage\",\"@id\":\"https:\\\/\\\/balticoverlanders.eu\\\/lt\\\/produktas\\\/dometic-cfx3-55im-nesiojamasis-kompresorinis-ausintuvas-su-ledo-gaminimo-funkcija-53-l\\\/\",\"url\":\"https:\\\/\\\/balticoverlanders.eu\\\/lt\\\/produktas\\\/dometic-cfx3-55im-nesiojamasis-kompresorinis-ausintuvas-su-ledo-gaminimo-funkcija-53-l\\\/\",\"name\":\"\\\"Dometic CFX3 55IM\\\" ne\u0161iojamasis kompresorinis au\u0161intuvas su ledo gaminimo funkcija, 53 l - BALTIC OVERLANDERS\",\"isPartOf\":{\"@id\":\"https:\\\/\\\/balticoverlanders.eu\\\/lt\\\/#website\"},\"primaryImageOfPage\":{\"@id\":\"https:\\\/\\\/balticoverlanders.eu\\\/lt\\\/produktas\\\/dometic-cfx3-55im-nesiojamasis-kompresorinis-ausintuvas-su-ledo-gaminimo-funkcija-53-l\\\/#primaryimage\"},\"image\":{\"@id\":\"https:\\\/\\\/balticoverlanders.eu\\\/lt\\\/produktas\\\/dometic-cfx3-55im-nesiojamasis-kompresorinis-ausintuvas-su-ledo-gaminimo-funkcija-53-l\\\/#primaryimage\"},\"thumbnailUrl\":\"https:\\\/\\\/balticoverlanders.eu\\\/wp-content\\\/uploads\\\/2024\\\/02\\\/cfx3-55-c-9600025328-p401_lowres.jpg\",\"datePublished\":\"2024-02-12T14:41:14+00:00\",\"dateModified\":\"2024-05-06T19:42:51+00:00\",\"description\":\"Patirkite puik\u0173 lauko v\u0117sinim\u0105 su \\\"Dometic\\\" CFX3 ledo gaminimo au\u0161intuvu. Patvari konstrukcija, veiksmingas au\u0161inimas ir program\u0117l\u0117s valdymas.\",\"breadcrumb\":{\"@id\":\"https:\\\/\\\/balticoverlanders.eu\\\/lt\\\/produktas\\\/dometic-cfx3-55im-nesiojamasis-kompresorinis-ausintuvas-su-ledo-gaminimo-funkcija-53-l\\\/#breadcrumb\"},\"inLanguage\":\"lt-LT\",\"potentialAction\":[{\"@type\":\"ReadAction\",\"target\":[\"https:\\\/\\\/balticoverlanders.eu\\\/lt\\\/produktas\\\/dometic-cfx3-55im-nesiojamasis-kompresorinis-ausintuvas-su-ledo-gaminimo-funkcija-53-l\\\/\"]}]},{\"@type\":\"ImageObject\",\"inLanguage\":\"lt-LT\",\"@id\":\"https:\\\/\\\/balticoverlanders.eu\\\/lt\\\/produktas\\\/dometic-cfx3-55im-nesiojamasis-kompresorinis-ausintuvas-su-ledo-gaminimo-funkcija-53-l\\\/#primaryimage\",\"url\":\"https:\\\/\\\/balticoverlanders.eu\\\/wp-content\\\/uploads\\\/2024\\\/02\\\/cfx3-55-c-9600025328-p401_lowres.jpg\",\"contentUrl\":\"https:\\\/\\\/balticoverlanders.eu\\\/wp-content\\\/uploads\\\/2024\\\/02\\\/cfx3-55-c-9600025328-p401_lowres.jpg\",\"width\":650,\"height\":488},{\"@type\":\"BreadcrumbList\",\"@id\":\"https:\\\/\\\/balticoverlanders.eu\\\/lt\\\/produktas\\\/dometic-cfx3-55im-nesiojamasis-kompresorinis-ausintuvas-su-ledo-gaminimo-funkcija-53-l\\\/#breadcrumb\",\"itemListElement\":[{\"@type\":\"ListItem\",\"position\":1,\"name\":\"Home\",\"item\":\"https:\\\/\\\/balticoverlanders.eu\\\/lt\\\/home\\\/\"},{\"@type\":\"ListItem\",\"position\":2,\"name\":\"Parduotuv\u0117\",\"item\":\"https:\\\/\\\/balticoverlanders.eu\\\/lt\\\/parduotuve\\\/\"},{\"@type\":\"ListItem\",\"position\":3,\"name\":\"&#8220;Dometic CFX3 55IM&#8221; ne\u0161iojamasis kompresorinis au\u0161intuvas su ledo gaminimo funkcija, 53 l\"}]},{\"@type\":\"WebSite\",\"@id\":\"https:\\\/\\\/balticoverlanders.eu\\\/lt\\\/#website\",\"url\":\"https:\\\/\\\/balticoverlanders.eu\\\/lt\\\/\",\"name\":\"BALTIC OVERLANDERS\",\"description\":\"Your one-stop shop in Latvia, Estonia, and Lithuania for all your car camping, rooftop tent and accessory needs.\",\"publisher\":{\"@id\":\"https:\\\/\\\/balticoverlanders.eu\\\/lt\\\/#organization\"},\"potentialAction\":[{\"@type\":\"SearchAction\",\"target\":{\"@type\":\"EntryPoint\",\"urlTemplate\":\"https:\\\/\\\/balticoverlanders.eu\\\/lt\\\/?s={search_term_string}\"},\"query-input\":{\"@type\":\"PropertyValueSpecification\",\"valueRequired\":true,\"valueName\":\"search_term_string\"}}],\"inLanguage\":\"lt-LT\"},{\"@type\":\"Organization\",\"@id\":\"https:\\\/\\\/balticoverlanders.eu\\\/lt\\\/#organization\",\"name\":\"BALTIC OVERLANDERS\",\"url\":\"https:\\\/\\\/balticoverlanders.eu\\\/lt\\\/\",\"logo\":{\"@type\":\"ImageObject\",\"inLanguage\":\"lt-LT\",\"@id\":\"https:\\\/\\\/balticoverlanders.eu\\\/lt\\\/#\\\/schema\\\/logo\\\/image\\\/\",\"url\":\"https:\\\/\\\/balticoverlanders.eu\\\/wp-content\\\/uploads\\\/2023\\\/04\\\/BALTIC-OVERLANDERS-LOGO.jpg\",\"contentUrl\":\"https:\\\/\\\/balticoverlanders.eu\\\/wp-content\\\/uploads\\\/2023\\\/04\\\/BALTIC-OVERLANDERS-LOGO.jpg\",\"width\":1497,\"height\":310,\"caption\":\"BALTIC OVERLANDERS\"},\"image\":{\"@id\":\"https:\\\/\\\/balticoverlanders.eu\\\/lt\\\/#\\\/schema\\\/logo\\\/image\\\/\"},\"sameAs\":[\"https:\\\/\\\/www.instagram.com\\\/balticoverlanders\\\/\"]}]}<\/script>\n<!-- \/ Yoast SEO plugin. -->","yoast_head_json":{"title":"\"Dometic CFX3 55IM\" ne\u0161iojamasis kompresorinis au\u0161intuvas su ledo gaminimo funkcija, 53 l - BALTIC OVERLANDERS","description":"Patirkite puik\u0173 lauko v\u0117sinim\u0105 su \"Dometic\" CFX3 ledo gaminimo au\u0161intuvu. Patvari konstrukcija, veiksmingas au\u0161inimas ir program\u0117l\u0117s valdymas.","robots":{"index":"index","follow":"follow","max-snippet":"max-snippet:-1","max-image-preview":"max-image-preview:large","max-video-preview":"max-video-preview:-1"},"canonical":"https:\/\/balticoverlanders.eu\/lt\/produktas\/dometic-cfx3-55im-nesiojamasis-kompresorinis-ausintuvas-su-ledo-gaminimo-funkcija-53-l\/","og_locale":"lt_LT","og_type":"article","og_title":"\"Dometic CFX3 55IM\" ne\u0161iojamasis kompresorinis au\u0161intuvas su ledo gaminimo funkcija, 53 l - BALTIC OVERLANDERS","og_description":"Patirkite puik\u0173 lauko v\u0117sinim\u0105 su \"Dometic\" CFX3 ledo gaminimo au\u0161intuvu. Patvari konstrukcija, veiksmingas au\u0161inimas ir program\u0117l\u0117s valdymas.","og_url":"https:\/\/balticoverlanders.eu\/lt\/produktas\/dometic-cfx3-55im-nesiojamasis-kompresorinis-ausintuvas-su-ledo-gaminimo-funkcija-53-l\/","og_site_name":"BALTIC OVERLANDERS","article_modified_time":"2024-05-06T19:42:51+00:00","og_image":[{"width":650,"height":488,"url":"https:\/\/balticoverlanders.eu\/wp-content\/uploads\/2024\/02\/cfx3-55-c-9600025328-p401_lowres.jpg","type":"image\/jpeg"}],"twitter_card":"summary_large_image","twitter_misc":{"Est. reading time":"1 minut\u0117"},"schema":{"@context":"https:\/\/schema.org","@graph":[{"@type":"WebPage","@id":"https:\/\/balticoverlanders.eu\/lt\/produktas\/dometic-cfx3-55im-nesiojamasis-kompresorinis-ausintuvas-su-ledo-gaminimo-funkcija-53-l\/","url":"https:\/\/balticoverlanders.eu\/lt\/produktas\/dometic-cfx3-55im-nesiojamasis-kompresorinis-ausintuvas-su-ledo-gaminimo-funkcija-53-l\/","name":"\"Dometic CFX3 55IM\" ne\u0161iojamasis kompresorinis au\u0161intuvas su ledo gaminimo funkcija, 53 l - BALTIC OVERLANDERS","isPartOf":{"@id":"https:\/\/balticoverlanders.eu\/lt\/#website"},"primaryImageOfPage":{"@id":"https:\/\/balticoverlanders.eu\/lt\/produktas\/dometic-cfx3-55im-nesiojamasis-kompresorinis-ausintuvas-su-ledo-gaminimo-funkcija-53-l\/#primaryimage"},"image":{"@id":"https:\/\/balticoverlanders.eu\/lt\/produktas\/dometic-cfx3-55im-nesiojamasis-kompresorinis-ausintuvas-su-ledo-gaminimo-funkcija-53-l\/#primaryimage"},"thumbnailUrl":"https:\/\/balticoverlanders.eu\/wp-content\/uploads\/2024\/02\/cfx3-55-c-9600025328-p401_lowres.jpg","datePublished":"2024-02-12T14:41:14+00:00","dateModified":"2024-05-06T19:42:51+00:00","description":"Patirkite puik\u0173 lauko v\u0117sinim\u0105 su \"Dometic\" CFX3 ledo gaminimo au\u0161intuvu. Patvari konstrukcija, veiksmingas au\u0161inimas ir program\u0117l\u0117s valdymas.","breadcrumb":{"@id":"https:\/\/balticoverlanders.eu\/lt\/produktas\/dometic-cfx3-55im-nesiojamasis-kompresorinis-ausintuvas-su-ledo-gaminimo-funkcija-53-l\/#breadcrumb"},"inLanguage":"lt-LT","potentialAction":[{"@type":"ReadAction","target":["https:\/\/balticoverlanders.eu\/lt\/produktas\/dometic-cfx3-55im-nesiojamasis-kompresorinis-ausintuvas-su-ledo-gaminimo-funkcija-53-l\/"]}]},{"@type":"ImageObject","inLanguage":"lt-LT","@id":"https:\/\/balticoverlanders.eu\/lt\/produktas\/dometic-cfx3-55im-nesiojamasis-kompresorinis-ausintuvas-su-ledo-gaminimo-funkcija-53-l\/#primaryimage","url":"https:\/\/balticoverlanders.eu\/wp-content\/uploads\/2024\/02\/cfx3-55-c-9600025328-p401_lowres.jpg","contentUrl":"https:\/\/balticoverlanders.eu\/wp-content\/uploads\/2024\/02\/cfx3-55-c-9600025328-p401_lowres.jpg","width":650,"height":488},{"@type":"BreadcrumbList","@id":"https:\/\/balticoverlanders.eu\/lt\/produktas\/dometic-cfx3-55im-nesiojamasis-kompresorinis-ausintuvas-su-ledo-gaminimo-funkcija-53-l\/#breadcrumb","itemListElement":[{"@type":"ListItem","position":1,"name":"Home","item":"https:\/\/balticoverlanders.eu\/lt\/home\/"},{"@type":"ListItem","position":2,"name":"Parduotuv\u0117","item":"https:\/\/balticoverlanders.eu\/lt\/parduotuve\/"},{"@type":"ListItem","position":3,"name":"&#8220;Dometic CFX3 55IM&#8221; ne\u0161iojamasis kompresorinis au\u0161intuvas su ledo gaminimo funkcija, 53 l"}]},{"@type":"WebSite","@id":"https:\/\/balticoverlanders.eu\/lt\/#website","url":"https:\/\/balticoverlanders.eu\/lt\/","name":"BALTIC OVERLANDERS","description":"Your one-stop shop in Latvia, Estonia, and Lithuania for all your car camping, rooftop tent and accessory needs.","publisher":{"@id":"https:\/\/balticoverlanders.eu\/lt\/#organization"},"potentialAction":[{"@type":"SearchAction","target":{"@type":"EntryPoint","urlTemplate":"https:\/\/balticoverlanders.eu\/lt\/?s={search_term_string}"},"query-input":{"@type":"PropertyValueSpecification","valueRequired":true,"valueName":"search_term_string"}}],"inLanguage":"lt-LT"},{"@type":"Organization","@id":"https:\/\/balticoverlanders.eu\/lt\/#organization","name":"BALTIC OVERLANDERS","url":"https:\/\/balticoverlanders.eu\/lt\/","logo":{"@type":"ImageObject","inLanguage":"lt-LT","@id":"https:\/\/balticoverlanders.eu\/lt\/#\/schema\/logo\/image\/","url":"https:\/\/balticoverlanders.eu\/wp-content\/uploads\/2023\/04\/BALTIC-OVERLANDERS-LOGO.jpg","contentUrl":"https:\/\/balticoverlanders.eu\/wp-content\/uploads\/2023\/04\/BALTIC-OVERLANDERS-LOGO.jpg","width":1497,"height":310,"caption":"BALTIC OVERLANDERS"},"image":{"@id":"https:\/\/balticoverlanders.eu\/lt\/#\/schema\/logo\/image\/"},"sameAs":["https:\/\/www.instagram.com\/balticoverlanders\/"]}]}},"_links":{"self":[{"href":"https:\/\/balticoverlanders.eu\/lt\/wp-json\/wp\/v2\/product\/39455","targetHints":{"allow":["GET"]}}],"collection":[{"href":"https:\/\/balticoverlanders.eu\/lt\/wp-json\/wp\/v2\/product"}],"about":[{"href":"https:\/\/balticoverlanders.eu\/lt\/wp-json\/wp\/v2\/types\/product"}],"wp:featuredmedia":[{"embeddable":true,"href":"https:\/\/balticoverlanders.eu\/lt\/wp-json\/wp\/v2\/media\/31256"}],"wp:attachment":[{"href":"https:\/\/balticoverlanders.eu\/lt\/wp-json\/wp\/v2\/media?parent=39455"}],"wp:term":[{"taxonomy":"product_brand","embeddable":true,"href":"https:\/\/balticoverlanders.eu\/lt\/wp-json\/wp\/v2\/product_brand?post=39455"},{"taxonomy":"product_cat","embeddable":true,"href":"https:\/\/balticoverlanders.eu\/lt\/wp-json\/wp\/v2\/product_cat?post=39455"},{"taxonomy":"product_tag","embeddable":true,"href":"https:\/\/balticoverlanders.eu\/lt\/wp-json\/wp\/v2\/product_tag?post=39455"}],"curies":[{"name":"wp","href":"https:\/\/api.w.org\/{rel}","templated":true}]}}