{"id":39460,"date":"2024-02-12T16:23:34","date_gmt":"2024-02-12T14:23:34","guid":{"rendered":"https:\/\/balticoverlanders.eu\/product\/dometic-cfx3-55-nesiojamasis-kompresorinis-ausintuvas-55-l\/"},"modified":"2024-05-06T22:42:53","modified_gmt":"2024-05-06T19:42:53","slug":"dometic-cfx3-55-nesiojamasis-kompresorinis-ausintuvas-55-l","status":"publish","type":"product","link":"https:\/\/balticoverlanders.eu\/lt\/produktas\/dometic-cfx3-55-nesiojamasis-kompresorinis-ausintuvas-55-l\/","title":{"rendered":"&#8222;Dometic CFX3 55&#8221; ne\u0161iojamasis kompresorinis au\u0161intuvas, 55 l"},"content":{"rendered":"<p><strong>Pristatome &#8222;Dometic CFX3&#8221;: j\u016bs\u0173 geriausias maitinamas au\u0161intuvas<\/strong><\/p>\n<p><strong>1. Didelis paj\u0117gumas<\/strong><\/p>\n<ul>\n<li>D\u017eiaukit\u0117s dideliu 55 litr\u0173 bendruoju t\u016briu, kuriame yra pakankamai vietos visiems m\u0117gstamiausiems maisto produktams ir g\u0117rimams.<\/li>\n<\/ul>\n<p><strong>2. Tvirta konstrukcija<\/strong><\/p>\n<ul>\n<li>Sukurtas sunkiausiems lauko nuotykiams, turi tvirt\u0105 &#8222;ExoFrame&#8221; konstrukcij\u0105 su apsauginiu r\u0117mu ir lengvo aliuminio lydinio rankenomis.<\/li>\n<\/ul>\n<p><strong>3. Pa\u017eangi au\u0161inimo technologija<\/strong><\/p>\n<ul>\n<li>I\u0161bandykite galing\u0105 VMSO3 kompresoriaus au\u0161inimo technologij\u0105, kuri veiksmingai au\u0161ina nuo +20 \u00b0C iki -22 \u00b0C, kad j\u016bs\u0173 daiktai i\u0161likt\u0173 \u0161vie\u017ei bet kokioje aplinkoje.<\/li>\n<\/ul>\n<p><strong>4. Intuityvus valdymas ir steb\u0117jimas<\/strong><\/p>\n<ul>\n<li>Kontroliuoti galima lengvai \u012fskaitomu didel\u0117s rai\u0161kos spalvotu ekranu ir mink\u0161tais jutikliniais mygtukais, kurie leid\u017eia skland\u017eiai valdyti ir steb\u0117ti au\u0161intuvo veikim\u0105.<\/li>\n<\/ul>\n<p><strong>5. Patogi mobilioji program\u0117l\u0117<\/strong><\/p>\n<ul>\n<li>Naudodami CFX3 program\u0117l\u0119 galite valdyti, kad ir kur beb\u016btum\u0117te, ir reguliuoti temperat\u016br\u0105 per &#8222;WiFi&#8221; arba &#8222;Bluetooth&#8221;, taip pat naudotis na\u0161umo istorija, kad gal\u0117tum\u0117te optimaliai valdyti.<\/li>\n<\/ul>\n<p><strong>6. I\u0161manioji akumuliatoriaus apsauga<\/strong><\/p>\n<ul>\n<li>B\u016bkite ram\u016bs, nes 3 pakop\u0173 dinamin\u0117 akumuliatoriaus apsaugos sistema neleid\u017eia i\u0161sikrauti automobilio akumuliatoriui arba stipriai \u012fkrauti dvigubo akumuliatoriaus, taip u\u017etikrinant patikim\u0105 veikim\u0105, kad ir kur keliautum\u0117te.<\/li>\n<\/ul>\n<p><strong>7. Geresnis sandarinimas ir efektyvumas<\/strong><\/p>\n<ul>\n<li>Naudokite &#8222;Active Gasket&#8221; technologij\u0105, kuri u\u017etikrina puik\u0173 sandarum\u0105, kad b\u016bt\u0173 i\u0161laikytas v\u0117sus oras ir suma\u017eintos energijos s\u0105naudos, tod\u0117l j\u016bs\u0173 daiktai ilgiau i\u0161liks v\u0117sesni.<\/li>\n<\/ul>\n<p>Naudodami &#8222;Dometic CFX3&#8221; nuva\u017eiuokite toliau, b\u016bkite ilgiau ir patirkite daugiau nuotyki\u0173 gamtoje.<\/p>\n","protected":false},"excerpt":{"rendered":"<p>\u0160i geriausiai maitinama au\u0161ykl\u0117 leid\u017eia pasiimti daugiau m\u0117gstamo maisto ir g\u0117rim\u0173, kad ir kur keliautum\u0117te. Tvirta konstrukcija pritaikyta sunkiam naudojimui lauke. M\u0117gaukit\u0117s galingu ir efektyviu v\u0117sinimu bei patogumu d\u0117l mobiliosios program\u0117l\u0117s, su kuria &#8222;Dometic CFX3&#8221; valdymas pasiekiamas ranka. Keliaukite toliau, b\u016bkite ilgiau ir patirkite daugiau.<\/p>\n","protected":false},"featured_media":31256,"template":"","meta":[],"product_brand":[],"product_cat":[586,516],"product_tag":[],"class_list":{"0":"post-39460","1":"product","2":"type-product","3":"status-publish","4":"has-post-thumbnail","6":"product_cat-ausintuvai","7":"product_cat-dometic-lt","9":"first","10":"onbackorder","11":"taxable","12":"shipping-taxable","13":"purchasable","14":"product-type-simple"},"yoast_head":"<!-- This site is optimized with the Yoast SEO plugin v27.3 - https:\/\/yoast.com\/product\/yoast-seo-wordpress\/ -->\n<title>&quot;Dometic CFX3 55&quot; ne\u0161iojamasis kompresorinis au\u0161intuvas, 55 l - BALTIC OVERLANDERS<\/title>\n<meta name=\"description\" content=\"Keliaukite ir i\u0161likite v\u0117s\u016bs lauke su &quot;Dometic CFX3&quot; 55 l talpos maitinamuoju au\u0161intuvu. Tvirtas korpusas, veiksmingas au\u0161inimas ir paprastas program\u0117l\u0117s valdymas.\" \/>\n<meta name=\"robots\" content=\"index, follow, max-snippet:-1, max-image-preview:large, max-video-preview:-1\" \/>\n<link rel=\"canonical\" href=\"https:\/\/balticoverlanders.eu\/lt\/produktas\/dometic-cfx3-55-nesiojamasis-kompresorinis-ausintuvas-55-l\/\" \/>\n<meta property=\"og:locale\" content=\"lt_LT\" \/>\n<meta property=\"og:type\" content=\"article\" \/>\n<meta property=\"og:title\" content=\"&quot;Dometic CFX3 55&quot; ne\u0161iojamasis kompresorinis au\u0161intuvas, 55 l - BALTIC OVERLANDERS\" \/>\n<meta property=\"og:description\" content=\"Keliaukite ir i\u0161likite v\u0117s\u016bs lauke su &quot;Dometic CFX3&quot; 55 l talpos maitinamuoju au\u0161intuvu. Tvirtas korpusas, veiksmingas au\u0161inimas ir paprastas program\u0117l\u0117s valdymas.\" \/>\n<meta property=\"og:url\" content=\"https:\/\/balticoverlanders.eu\/lt\/produktas\/dometic-cfx3-55-nesiojamasis-kompresorinis-ausintuvas-55-l\/\" \/>\n<meta property=\"og:site_name\" content=\"BALTIC OVERLANDERS\" \/>\n<meta property=\"article:modified_time\" content=\"2024-05-06T19:42:53+00:00\" \/>\n<meta property=\"og:image\" content=\"https:\/\/balticoverlanders.eu\/wp-content\/uploads\/2024\/02\/cfx3-55-c-9600025328-p401_lowres.jpg\" \/>\n\t<meta property=\"og:image:width\" content=\"650\" \/>\n\t<meta property=\"og:image:height\" content=\"488\" \/>\n\t<meta property=\"og:image:type\" content=\"image\/jpeg\" \/>\n<meta name=\"twitter:card\" content=\"summary_large_image\" \/>\n<meta name=\"twitter:label1\" content=\"Est. reading time\" \/>\n\t<meta name=\"twitter:data1\" content=\"1 minut\u0117\" \/>\n<script type=\"application\/ld+json\" class=\"yoast-schema-graph\">{\"@context\":\"https:\\\/\\\/schema.org\",\"@graph\":[{\"@type\":\"WebPage\",\"@id\":\"https:\\\/\\\/balticoverlanders.eu\\\/lt\\\/produktas\\\/dometic-cfx3-55-nesiojamasis-kompresorinis-ausintuvas-55-l\\\/\",\"url\":\"https:\\\/\\\/balticoverlanders.eu\\\/lt\\\/produktas\\\/dometic-cfx3-55-nesiojamasis-kompresorinis-ausintuvas-55-l\\\/\",\"name\":\"\\\"Dometic CFX3 55\\\" ne\u0161iojamasis kompresorinis au\u0161intuvas, 55 l - BALTIC OVERLANDERS\",\"isPartOf\":{\"@id\":\"https:\\\/\\\/balticoverlanders.eu\\\/lt\\\/#website\"},\"primaryImageOfPage\":{\"@id\":\"https:\\\/\\\/balticoverlanders.eu\\\/lt\\\/produktas\\\/dometic-cfx3-55-nesiojamasis-kompresorinis-ausintuvas-55-l\\\/#primaryimage\"},\"image\":{\"@id\":\"https:\\\/\\\/balticoverlanders.eu\\\/lt\\\/produktas\\\/dometic-cfx3-55-nesiojamasis-kompresorinis-ausintuvas-55-l\\\/#primaryimage\"},\"thumbnailUrl\":\"https:\\\/\\\/balticoverlanders.eu\\\/wp-content\\\/uploads\\\/2024\\\/02\\\/cfx3-55-c-9600025328-p401_lowres.jpg\",\"datePublished\":\"2024-02-12T14:23:34+00:00\",\"dateModified\":\"2024-05-06T19:42:53+00:00\",\"description\":\"Keliaukite ir i\u0161likite v\u0117s\u016bs lauke su \\\"Dometic CFX3\\\" 55 l talpos maitinamuoju au\u0161intuvu. Tvirtas korpusas, veiksmingas au\u0161inimas ir paprastas program\u0117l\u0117s valdymas.\",\"breadcrumb\":{\"@id\":\"https:\\\/\\\/balticoverlanders.eu\\\/lt\\\/produktas\\\/dometic-cfx3-55-nesiojamasis-kompresorinis-ausintuvas-55-l\\\/#breadcrumb\"},\"inLanguage\":\"lt-LT\",\"potentialAction\":[{\"@type\":\"ReadAction\",\"target\":[\"https:\\\/\\\/balticoverlanders.eu\\\/lt\\\/produktas\\\/dometic-cfx3-55-nesiojamasis-kompresorinis-ausintuvas-55-l\\\/\"]}]},{\"@type\":\"ImageObject\",\"inLanguage\":\"lt-LT\",\"@id\":\"https:\\\/\\\/balticoverlanders.eu\\\/lt\\\/produktas\\\/dometic-cfx3-55-nesiojamasis-kompresorinis-ausintuvas-55-l\\\/#primaryimage\",\"url\":\"https:\\\/\\\/balticoverlanders.eu\\\/wp-content\\\/uploads\\\/2024\\\/02\\\/cfx3-55-c-9600025328-p401_lowres.jpg\",\"contentUrl\":\"https:\\\/\\\/balticoverlanders.eu\\\/wp-content\\\/uploads\\\/2024\\\/02\\\/cfx3-55-c-9600025328-p401_lowres.jpg\",\"width\":650,\"height\":488},{\"@type\":\"BreadcrumbList\",\"@id\":\"https:\\\/\\\/balticoverlanders.eu\\\/lt\\\/produktas\\\/dometic-cfx3-55-nesiojamasis-kompresorinis-ausintuvas-55-l\\\/#breadcrumb\",\"itemListElement\":[{\"@type\":\"ListItem\",\"position\":1,\"name\":\"Home\",\"item\":\"https:\\\/\\\/balticoverlanders.eu\\\/lt\\\/home\\\/\"},{\"@type\":\"ListItem\",\"position\":2,\"name\":\"Parduotuv\u0117\",\"item\":\"https:\\\/\\\/balticoverlanders.eu\\\/lt\\\/parduotuve\\\/\"},{\"@type\":\"ListItem\",\"position\":3,\"name\":\"&#8221;Dometic CFX3 55&#8221; ne\u0161iojamasis kompresorinis au\u0161intuvas, 55 l\"}]},{\"@type\":\"WebSite\",\"@id\":\"https:\\\/\\\/balticoverlanders.eu\\\/lt\\\/#website\",\"url\":\"https:\\\/\\\/balticoverlanders.eu\\\/lt\\\/\",\"name\":\"BALTIC OVERLANDERS\",\"description\":\"Your one-stop shop in Latvia, Estonia, and Lithuania for all your car camping, rooftop tent and accessory needs.\",\"publisher\":{\"@id\":\"https:\\\/\\\/balticoverlanders.eu\\\/lt\\\/#organization\"},\"potentialAction\":[{\"@type\":\"SearchAction\",\"target\":{\"@type\":\"EntryPoint\",\"urlTemplate\":\"https:\\\/\\\/balticoverlanders.eu\\\/lt\\\/?s={search_term_string}\"},\"query-input\":{\"@type\":\"PropertyValueSpecification\",\"valueRequired\":true,\"valueName\":\"search_term_string\"}}],\"inLanguage\":\"lt-LT\"},{\"@type\":\"Organization\",\"@id\":\"https:\\\/\\\/balticoverlanders.eu\\\/lt\\\/#organization\",\"name\":\"BALTIC OVERLANDERS\",\"url\":\"https:\\\/\\\/balticoverlanders.eu\\\/lt\\\/\",\"logo\":{\"@type\":\"ImageObject\",\"inLanguage\":\"lt-LT\",\"@id\":\"https:\\\/\\\/balticoverlanders.eu\\\/lt\\\/#\\\/schema\\\/logo\\\/image\\\/\",\"url\":\"https:\\\/\\\/balticoverlanders.eu\\\/wp-content\\\/uploads\\\/2023\\\/04\\\/BALTIC-OVERLANDERS-LOGO.jpg\",\"contentUrl\":\"https:\\\/\\\/balticoverlanders.eu\\\/wp-content\\\/uploads\\\/2023\\\/04\\\/BALTIC-OVERLANDERS-LOGO.jpg\",\"width\":1497,\"height\":310,\"caption\":\"BALTIC OVERLANDERS\"},\"image\":{\"@id\":\"https:\\\/\\\/balticoverlanders.eu\\\/lt\\\/#\\\/schema\\\/logo\\\/image\\\/\"},\"sameAs\":[\"https:\\\/\\\/www.instagram.com\\\/balticoverlanders\\\/\"]}]}<\/script>\n<!-- \/ Yoast SEO plugin. -->","yoast_head_json":{"title":"\"Dometic CFX3 55\" ne\u0161iojamasis kompresorinis au\u0161intuvas, 55 l - BALTIC OVERLANDERS","description":"Keliaukite ir i\u0161likite v\u0117s\u016bs lauke su \"Dometic CFX3\" 55 l talpos maitinamuoju au\u0161intuvu. Tvirtas korpusas, veiksmingas au\u0161inimas ir paprastas program\u0117l\u0117s valdymas.","robots":{"index":"index","follow":"follow","max-snippet":"max-snippet:-1","max-image-preview":"max-image-preview:large","max-video-preview":"max-video-preview:-1"},"canonical":"https:\/\/balticoverlanders.eu\/lt\/produktas\/dometic-cfx3-55-nesiojamasis-kompresorinis-ausintuvas-55-l\/","og_locale":"lt_LT","og_type":"article","og_title":"\"Dometic CFX3 55\" ne\u0161iojamasis kompresorinis au\u0161intuvas, 55 l - BALTIC OVERLANDERS","og_description":"Keliaukite ir i\u0161likite v\u0117s\u016bs lauke su \"Dometic CFX3\" 55 l talpos maitinamuoju au\u0161intuvu. Tvirtas korpusas, veiksmingas au\u0161inimas ir paprastas program\u0117l\u0117s valdymas.","og_url":"https:\/\/balticoverlanders.eu\/lt\/produktas\/dometic-cfx3-55-nesiojamasis-kompresorinis-ausintuvas-55-l\/","og_site_name":"BALTIC OVERLANDERS","article_modified_time":"2024-05-06T19:42:53+00:00","og_image":[{"width":650,"height":488,"url":"https:\/\/balticoverlanders.eu\/wp-content\/uploads\/2024\/02\/cfx3-55-c-9600025328-p401_lowres.jpg","type":"image\/jpeg"}],"twitter_card":"summary_large_image","twitter_misc":{"Est. reading time":"1 minut\u0117"},"schema":{"@context":"https:\/\/schema.org","@graph":[{"@type":"WebPage","@id":"https:\/\/balticoverlanders.eu\/lt\/produktas\/dometic-cfx3-55-nesiojamasis-kompresorinis-ausintuvas-55-l\/","url":"https:\/\/balticoverlanders.eu\/lt\/produktas\/dometic-cfx3-55-nesiojamasis-kompresorinis-ausintuvas-55-l\/","name":"\"Dometic CFX3 55\" ne\u0161iojamasis kompresorinis au\u0161intuvas, 55 l - BALTIC OVERLANDERS","isPartOf":{"@id":"https:\/\/balticoverlanders.eu\/lt\/#website"},"primaryImageOfPage":{"@id":"https:\/\/balticoverlanders.eu\/lt\/produktas\/dometic-cfx3-55-nesiojamasis-kompresorinis-ausintuvas-55-l\/#primaryimage"},"image":{"@id":"https:\/\/balticoverlanders.eu\/lt\/produktas\/dometic-cfx3-55-nesiojamasis-kompresorinis-ausintuvas-55-l\/#primaryimage"},"thumbnailUrl":"https:\/\/balticoverlanders.eu\/wp-content\/uploads\/2024\/02\/cfx3-55-c-9600025328-p401_lowres.jpg","datePublished":"2024-02-12T14:23:34+00:00","dateModified":"2024-05-06T19:42:53+00:00","description":"Keliaukite ir i\u0161likite v\u0117s\u016bs lauke su \"Dometic CFX3\" 55 l talpos maitinamuoju au\u0161intuvu. Tvirtas korpusas, veiksmingas au\u0161inimas ir paprastas program\u0117l\u0117s valdymas.","breadcrumb":{"@id":"https:\/\/balticoverlanders.eu\/lt\/produktas\/dometic-cfx3-55-nesiojamasis-kompresorinis-ausintuvas-55-l\/#breadcrumb"},"inLanguage":"lt-LT","potentialAction":[{"@type":"ReadAction","target":["https:\/\/balticoverlanders.eu\/lt\/produktas\/dometic-cfx3-55-nesiojamasis-kompresorinis-ausintuvas-55-l\/"]}]},{"@type":"ImageObject","inLanguage":"lt-LT","@id":"https:\/\/balticoverlanders.eu\/lt\/produktas\/dometic-cfx3-55-nesiojamasis-kompresorinis-ausintuvas-55-l\/#primaryimage","url":"https:\/\/balticoverlanders.eu\/wp-content\/uploads\/2024\/02\/cfx3-55-c-9600025328-p401_lowres.jpg","contentUrl":"https:\/\/balticoverlanders.eu\/wp-content\/uploads\/2024\/02\/cfx3-55-c-9600025328-p401_lowres.jpg","width":650,"height":488},{"@type":"BreadcrumbList","@id":"https:\/\/balticoverlanders.eu\/lt\/produktas\/dometic-cfx3-55-nesiojamasis-kompresorinis-ausintuvas-55-l\/#breadcrumb","itemListElement":[{"@type":"ListItem","position":1,"name":"Home","item":"https:\/\/balticoverlanders.eu\/lt\/home\/"},{"@type":"ListItem","position":2,"name":"Parduotuv\u0117","item":"https:\/\/balticoverlanders.eu\/lt\/parduotuve\/"},{"@type":"ListItem","position":3,"name":"&#8221;Dometic CFX3 55&#8221; ne\u0161iojamasis kompresorinis au\u0161intuvas, 55 l"}]},{"@type":"WebSite","@id":"https:\/\/balticoverlanders.eu\/lt\/#website","url":"https:\/\/balticoverlanders.eu\/lt\/","name":"BALTIC OVERLANDERS","description":"Your one-stop shop in Latvia, Estonia, and Lithuania for all your car camping, rooftop tent and accessory needs.","publisher":{"@id":"https:\/\/balticoverlanders.eu\/lt\/#organization"},"potentialAction":[{"@type":"SearchAction","target":{"@type":"EntryPoint","urlTemplate":"https:\/\/balticoverlanders.eu\/lt\/?s={search_term_string}"},"query-input":{"@type":"PropertyValueSpecification","valueRequired":true,"valueName":"search_term_string"}}],"inLanguage":"lt-LT"},{"@type":"Organization","@id":"https:\/\/balticoverlanders.eu\/lt\/#organization","name":"BALTIC OVERLANDERS","url":"https:\/\/balticoverlanders.eu\/lt\/","logo":{"@type":"ImageObject","inLanguage":"lt-LT","@id":"https:\/\/balticoverlanders.eu\/lt\/#\/schema\/logo\/image\/","url":"https:\/\/balticoverlanders.eu\/wp-content\/uploads\/2023\/04\/BALTIC-OVERLANDERS-LOGO.jpg","contentUrl":"https:\/\/balticoverlanders.eu\/wp-content\/uploads\/2023\/04\/BALTIC-OVERLANDERS-LOGO.jpg","width":1497,"height":310,"caption":"BALTIC OVERLANDERS"},"image":{"@id":"https:\/\/balticoverlanders.eu\/lt\/#\/schema\/logo\/image\/"},"sameAs":["https:\/\/www.instagram.com\/balticoverlanders\/"]}]}},"_links":{"self":[{"href":"https:\/\/balticoverlanders.eu\/lt\/wp-json\/wp\/v2\/product\/39460","targetHints":{"allow":["GET"]}}],"collection":[{"href":"https:\/\/balticoverlanders.eu\/lt\/wp-json\/wp\/v2\/product"}],"about":[{"href":"https:\/\/balticoverlanders.eu\/lt\/wp-json\/wp\/v2\/types\/product"}],"wp:featuredmedia":[{"embeddable":true,"href":"https:\/\/balticoverlanders.eu\/lt\/wp-json\/wp\/v2\/media\/31256"}],"wp:attachment":[{"href":"https:\/\/balticoverlanders.eu\/lt\/wp-json\/wp\/v2\/media?parent=39460"}],"wp:term":[{"taxonomy":"product_brand","embeddable":true,"href":"https:\/\/balticoverlanders.eu\/lt\/wp-json\/wp\/v2\/product_brand?post=39460"},{"taxonomy":"product_cat","embeddable":true,"href":"https:\/\/balticoverlanders.eu\/lt\/wp-json\/wp\/v2\/product_cat?post=39460"},{"taxonomy":"product_tag","embeddable":true,"href":"https:\/\/balticoverlanders.eu\/lt\/wp-json\/wp\/v2\/product_tag?post=39460"}],"curies":[{"name":"wp","href":"https:\/\/api.w.org\/{rel}","templated":true}]}}