{"id":39474,"date":"2024-02-11T18:20:46","date_gmt":"2024-02-11T16:20:46","guid":{"rendered":"https:\/\/balticoverlanders.eu\/product\/dometic-cfx3-25-mobilusis-kompresoriaus-ausintuvas-25-l\/"},"modified":"2024-05-06T22:43:04","modified_gmt":"2024-05-06T19:43:04","slug":"dometic-cfx3-25-mobilusis-kompresoriaus-ausintuvas-25-l","status":"publish","type":"product","link":"https:\/\/balticoverlanders.eu\/lt\/produktas\/dometic-cfx3-25-mobilusis-kompresoriaus-ausintuvas-25-l\/","title":{"rendered":"&#8222;Dometic CFX3 25&#8221; mobilusis kompresoriaus au\u0161intuvas, 25 l"},"content":{"rendered":"<p>Pristatome &#8222;Dometic CFX3&#8221; &#8211; geriausi\u0105 lauko \u0161aldytuv\u0105:<\/p>\n<ul>\n<li>\u012e 25 litr\u0173 talp\u0105 telpa 40 skardini\u0173 arba penki 1,5 litro talpos buteliai.<\/li>\n<li>Stipri, bet lengva &#8222;ExoFrame&#8221; konstrukcija su apsauginiais r\u0117mais, apsaugotais kra\u0161tais ir aliuminio lydinio rankenomis.<\/li>\n<li>Galinga VMSO3 kompresoriaus au\u0161inimo technologija efektyviai \u0161aldo nuo +20 \u00b0C iki -22 \u00b0C temperat\u016broje.<\/li>\n<li>Lengvai \u012fskaitomas didel\u0117s skiriamosios gebos spalvotas ekranas ir \u0161velnaus lietimo mygtukai &#8211; paprastas valdymas ir steb\u0117jimas.<\/li>\n<li>CFX3 program\u0117l\u0117 leid\u017eia valdyti temperat\u016br\u0105 per &#8222;WiFi&#8221; arba &#8222;Bluetooth&#8221; ir pateikia na\u0161umo istorij\u0105.<\/li>\n<li>Dinamin\u0117 akumuliatoriaus apsaugos sistema neleid\u017eia i\u0161sikrauti transporto priemon\u0117s akumuliatoriui arba leid\u017eia giliai \u012fkrauti dvigub\u0105 akumuliatori\u0173.<\/li>\n<li>Tvirtas, lengvas ir kompakti\u0161kas dizainas u\u017etikrina patog\u0173 ne\u0161iojim\u0105.<\/li>\n<\/ul>\n<p>&nbsp;<\/p>\n","protected":false},"excerpt":{"rendered":"<p>\u0160is galingas au\u0161intuvas leid\u017eia pasiimti daugiau m\u0117gstamo maisto ir g\u0117rim\u0173, kad ir kur keliautum\u0117te. Tvirta konstrukcija pritaikyta naudoti lauke, o su patogia mobili\u0105ja program\u0117le &#8222;Dometic CFX3&#8221; gal\u0117site valdyti i\u0161 karto. Keliaukite toliau, b\u016bkite ilgiau ir patirkite daugiau.<\/p>\n","protected":false},"featured_media":31228,"template":"","meta":[],"product_brand":[],"product_cat":[586,516],"product_tag":[],"class_list":{"0":"post-39474","1":"product","2":"type-product","3":"status-publish","4":"has-post-thumbnail","6":"product_cat-ausintuvai","7":"product_cat-dometic-lt","9":"first","10":"onbackorder","11":"taxable","12":"shipping-taxable","13":"purchasable","14":"product-type-simple"},"yoast_head":"<!-- This site is optimized with the Yoast SEO plugin v27.3 - https:\/\/yoast.com\/product\/yoast-seo-wordpress\/ -->\n<title>&quot;Dometic CFX3 25&quot; mobilusis kompresoriaus au\u0161intuvas, 25 l - BALTIC OVERLANDERS<\/title>\n<meta name=\"description\" content=\"Su &quot;Dometic CFX3&quot; au\u0161intuvu kontroliuokite savo nuotykius lauke. Patikimas dizainas, patogi mobilioji program\u0117l\u0117. J\u016bs\u0173 geriausias kelioni\u0173 palydovas.\" \/>\n<meta name=\"robots\" content=\"index, follow, max-snippet:-1, max-image-preview:large, max-video-preview:-1\" \/>\n<link rel=\"canonical\" href=\"https:\/\/balticoverlanders.eu\/lt\/produktas\/dometic-cfx3-25-mobilusis-kompresoriaus-ausintuvas-25-l\/\" \/>\n<meta property=\"og:locale\" content=\"lt_LT\" \/>\n<meta property=\"og:type\" content=\"article\" \/>\n<meta property=\"og:title\" content=\"&quot;Dometic CFX3 25&quot; mobilusis kompresoriaus au\u0161intuvas, 25 l - BALTIC OVERLANDERS\" \/>\n<meta property=\"og:description\" content=\"Su &quot;Dometic CFX3&quot; au\u0161intuvu kontroliuokite savo nuotykius lauke. Patikimas dizainas, patogi mobilioji program\u0117l\u0117. J\u016bs\u0173 geriausias kelioni\u0173 palydovas.\" \/>\n<meta property=\"og:url\" content=\"https:\/\/balticoverlanders.eu\/lt\/produktas\/dometic-cfx3-25-mobilusis-kompresoriaus-ausintuvas-25-l\/\" \/>\n<meta property=\"og:site_name\" content=\"BALTIC OVERLANDERS\" \/>\n<meta property=\"article:modified_time\" content=\"2024-05-06T19:43:04+00:00\" \/>\n<meta property=\"og:image\" content=\"https:\/\/balticoverlanders.eu\/wp-content\/uploads\/2024\/02\/cfx3-45-9600025326-p401_lowres.jpg\" \/>\n\t<meta property=\"og:image:width\" content=\"1024\" \/>\n\t<meta property=\"og:image:height\" content=\"768\" \/>\n\t<meta property=\"og:image:type\" content=\"image\/jpeg\" \/>\n<meta name=\"twitter:card\" content=\"summary_large_image\" \/>\n<meta name=\"twitter:label1\" content=\"Est. reading time\" \/>\n\t<meta name=\"twitter:data1\" content=\"1 minut\u0117\" \/>\n<script type=\"application\/ld+json\" class=\"yoast-schema-graph\">{\"@context\":\"https:\\\/\\\/schema.org\",\"@graph\":[{\"@type\":\"WebPage\",\"@id\":\"https:\\\/\\\/balticoverlanders.eu\\\/lt\\\/produktas\\\/dometic-cfx3-25-mobilusis-kompresoriaus-ausintuvas-25-l\\\/\",\"url\":\"https:\\\/\\\/balticoverlanders.eu\\\/lt\\\/produktas\\\/dometic-cfx3-25-mobilusis-kompresoriaus-ausintuvas-25-l\\\/\",\"name\":\"\\\"Dometic CFX3 25\\\" mobilusis kompresoriaus au\u0161intuvas, 25 l - BALTIC OVERLANDERS\",\"isPartOf\":{\"@id\":\"https:\\\/\\\/balticoverlanders.eu\\\/lt\\\/#website\"},\"primaryImageOfPage\":{\"@id\":\"https:\\\/\\\/balticoverlanders.eu\\\/lt\\\/produktas\\\/dometic-cfx3-25-mobilusis-kompresoriaus-ausintuvas-25-l\\\/#primaryimage\"},\"image\":{\"@id\":\"https:\\\/\\\/balticoverlanders.eu\\\/lt\\\/produktas\\\/dometic-cfx3-25-mobilusis-kompresoriaus-ausintuvas-25-l\\\/#primaryimage\"},\"thumbnailUrl\":\"https:\\\/\\\/balticoverlanders.eu\\\/wp-content\\\/uploads\\\/2024\\\/02\\\/cfx3-45-9600025326-p401_lowres.jpg\",\"datePublished\":\"2024-02-11T16:20:46+00:00\",\"dateModified\":\"2024-05-06T19:43:04+00:00\",\"description\":\"Su \\\"Dometic CFX3\\\" au\u0161intuvu kontroliuokite savo nuotykius lauke. Patikimas dizainas, patogi mobilioji program\u0117l\u0117. J\u016bs\u0173 geriausias kelioni\u0173 palydovas.\",\"breadcrumb\":{\"@id\":\"https:\\\/\\\/balticoverlanders.eu\\\/lt\\\/produktas\\\/dometic-cfx3-25-mobilusis-kompresoriaus-ausintuvas-25-l\\\/#breadcrumb\"},\"inLanguage\":\"lt-LT\",\"potentialAction\":[{\"@type\":\"ReadAction\",\"target\":[\"https:\\\/\\\/balticoverlanders.eu\\\/lt\\\/produktas\\\/dometic-cfx3-25-mobilusis-kompresoriaus-ausintuvas-25-l\\\/\"]}]},{\"@type\":\"ImageObject\",\"inLanguage\":\"lt-LT\",\"@id\":\"https:\\\/\\\/balticoverlanders.eu\\\/lt\\\/produktas\\\/dometic-cfx3-25-mobilusis-kompresoriaus-ausintuvas-25-l\\\/#primaryimage\",\"url\":\"https:\\\/\\\/balticoverlanders.eu\\\/wp-content\\\/uploads\\\/2024\\\/02\\\/cfx3-45-9600025326-p401_lowres.jpg\",\"contentUrl\":\"https:\\\/\\\/balticoverlanders.eu\\\/wp-content\\\/uploads\\\/2024\\\/02\\\/cfx3-45-9600025326-p401_lowres.jpg\",\"width\":1024,\"height\":768},{\"@type\":\"BreadcrumbList\",\"@id\":\"https:\\\/\\\/balticoverlanders.eu\\\/lt\\\/produktas\\\/dometic-cfx3-25-mobilusis-kompresoriaus-ausintuvas-25-l\\\/#breadcrumb\",\"itemListElement\":[{\"@type\":\"ListItem\",\"position\":1,\"name\":\"Home\",\"item\":\"https:\\\/\\\/balticoverlanders.eu\\\/lt\\\/home\\\/\"},{\"@type\":\"ListItem\",\"position\":2,\"name\":\"Parduotuv\u0117\",\"item\":\"https:\\\/\\\/balticoverlanders.eu\\\/lt\\\/parduotuve\\\/\"},{\"@type\":\"ListItem\",\"position\":3,\"name\":\"&#8222;Dometic CFX3 25&#8221; mobilusis kompresoriaus au\u0161intuvas, 25 l\"}]},{\"@type\":\"WebSite\",\"@id\":\"https:\\\/\\\/balticoverlanders.eu\\\/lt\\\/#website\",\"url\":\"https:\\\/\\\/balticoverlanders.eu\\\/lt\\\/\",\"name\":\"BALTIC OVERLANDERS\",\"description\":\"Your one-stop shop in Latvia, Estonia, and Lithuania for all your car camping, rooftop tent and accessory needs.\",\"publisher\":{\"@id\":\"https:\\\/\\\/balticoverlanders.eu\\\/lt\\\/#organization\"},\"potentialAction\":[{\"@type\":\"SearchAction\",\"target\":{\"@type\":\"EntryPoint\",\"urlTemplate\":\"https:\\\/\\\/balticoverlanders.eu\\\/lt\\\/?s={search_term_string}\"},\"query-input\":{\"@type\":\"PropertyValueSpecification\",\"valueRequired\":true,\"valueName\":\"search_term_string\"}}],\"inLanguage\":\"lt-LT\"},{\"@type\":\"Organization\",\"@id\":\"https:\\\/\\\/balticoverlanders.eu\\\/lt\\\/#organization\",\"name\":\"BALTIC OVERLANDERS\",\"url\":\"https:\\\/\\\/balticoverlanders.eu\\\/lt\\\/\",\"logo\":{\"@type\":\"ImageObject\",\"inLanguage\":\"lt-LT\",\"@id\":\"https:\\\/\\\/balticoverlanders.eu\\\/lt\\\/#\\\/schema\\\/logo\\\/image\\\/\",\"url\":\"https:\\\/\\\/balticoverlanders.eu\\\/wp-content\\\/uploads\\\/2023\\\/04\\\/BALTIC-OVERLANDERS-LOGO.jpg\",\"contentUrl\":\"https:\\\/\\\/balticoverlanders.eu\\\/wp-content\\\/uploads\\\/2023\\\/04\\\/BALTIC-OVERLANDERS-LOGO.jpg\",\"width\":1497,\"height\":310,\"caption\":\"BALTIC OVERLANDERS\"},\"image\":{\"@id\":\"https:\\\/\\\/balticoverlanders.eu\\\/lt\\\/#\\\/schema\\\/logo\\\/image\\\/\"},\"sameAs\":[\"https:\\\/\\\/www.instagram.com\\\/balticoverlanders\\\/\"]}]}<\/script>\n<!-- \/ Yoast SEO plugin. -->","yoast_head_json":{"title":"\"Dometic CFX3 25\" mobilusis kompresoriaus au\u0161intuvas, 25 l - BALTIC OVERLANDERS","description":"Su \"Dometic CFX3\" au\u0161intuvu kontroliuokite savo nuotykius lauke. Patikimas dizainas, patogi mobilioji program\u0117l\u0117. J\u016bs\u0173 geriausias kelioni\u0173 palydovas.","robots":{"index":"index","follow":"follow","max-snippet":"max-snippet:-1","max-image-preview":"max-image-preview:large","max-video-preview":"max-video-preview:-1"},"canonical":"https:\/\/balticoverlanders.eu\/lt\/produktas\/dometic-cfx3-25-mobilusis-kompresoriaus-ausintuvas-25-l\/","og_locale":"lt_LT","og_type":"article","og_title":"\"Dometic CFX3 25\" mobilusis kompresoriaus au\u0161intuvas, 25 l - BALTIC OVERLANDERS","og_description":"Su \"Dometic CFX3\" au\u0161intuvu kontroliuokite savo nuotykius lauke. Patikimas dizainas, patogi mobilioji program\u0117l\u0117. J\u016bs\u0173 geriausias kelioni\u0173 palydovas.","og_url":"https:\/\/balticoverlanders.eu\/lt\/produktas\/dometic-cfx3-25-mobilusis-kompresoriaus-ausintuvas-25-l\/","og_site_name":"BALTIC OVERLANDERS","article_modified_time":"2024-05-06T19:43:04+00:00","og_image":[{"width":1024,"height":768,"url":"https:\/\/balticoverlanders.eu\/wp-content\/uploads\/2024\/02\/cfx3-45-9600025326-p401_lowres.jpg","type":"image\/jpeg"}],"twitter_card":"summary_large_image","twitter_misc":{"Est. reading time":"1 minut\u0117"},"schema":{"@context":"https:\/\/schema.org","@graph":[{"@type":"WebPage","@id":"https:\/\/balticoverlanders.eu\/lt\/produktas\/dometic-cfx3-25-mobilusis-kompresoriaus-ausintuvas-25-l\/","url":"https:\/\/balticoverlanders.eu\/lt\/produktas\/dometic-cfx3-25-mobilusis-kompresoriaus-ausintuvas-25-l\/","name":"\"Dometic CFX3 25\" mobilusis kompresoriaus au\u0161intuvas, 25 l - BALTIC OVERLANDERS","isPartOf":{"@id":"https:\/\/balticoverlanders.eu\/lt\/#website"},"primaryImageOfPage":{"@id":"https:\/\/balticoverlanders.eu\/lt\/produktas\/dometic-cfx3-25-mobilusis-kompresoriaus-ausintuvas-25-l\/#primaryimage"},"image":{"@id":"https:\/\/balticoverlanders.eu\/lt\/produktas\/dometic-cfx3-25-mobilusis-kompresoriaus-ausintuvas-25-l\/#primaryimage"},"thumbnailUrl":"https:\/\/balticoverlanders.eu\/wp-content\/uploads\/2024\/02\/cfx3-45-9600025326-p401_lowres.jpg","datePublished":"2024-02-11T16:20:46+00:00","dateModified":"2024-05-06T19:43:04+00:00","description":"Su \"Dometic CFX3\" au\u0161intuvu kontroliuokite savo nuotykius lauke. Patikimas dizainas, patogi mobilioji program\u0117l\u0117. J\u016bs\u0173 geriausias kelioni\u0173 palydovas.","breadcrumb":{"@id":"https:\/\/balticoverlanders.eu\/lt\/produktas\/dometic-cfx3-25-mobilusis-kompresoriaus-ausintuvas-25-l\/#breadcrumb"},"inLanguage":"lt-LT","potentialAction":[{"@type":"ReadAction","target":["https:\/\/balticoverlanders.eu\/lt\/produktas\/dometic-cfx3-25-mobilusis-kompresoriaus-ausintuvas-25-l\/"]}]},{"@type":"ImageObject","inLanguage":"lt-LT","@id":"https:\/\/balticoverlanders.eu\/lt\/produktas\/dometic-cfx3-25-mobilusis-kompresoriaus-ausintuvas-25-l\/#primaryimage","url":"https:\/\/balticoverlanders.eu\/wp-content\/uploads\/2024\/02\/cfx3-45-9600025326-p401_lowres.jpg","contentUrl":"https:\/\/balticoverlanders.eu\/wp-content\/uploads\/2024\/02\/cfx3-45-9600025326-p401_lowres.jpg","width":1024,"height":768},{"@type":"BreadcrumbList","@id":"https:\/\/balticoverlanders.eu\/lt\/produktas\/dometic-cfx3-25-mobilusis-kompresoriaus-ausintuvas-25-l\/#breadcrumb","itemListElement":[{"@type":"ListItem","position":1,"name":"Home","item":"https:\/\/balticoverlanders.eu\/lt\/home\/"},{"@type":"ListItem","position":2,"name":"Parduotuv\u0117","item":"https:\/\/balticoverlanders.eu\/lt\/parduotuve\/"},{"@type":"ListItem","position":3,"name":"&#8222;Dometic CFX3 25&#8221; mobilusis kompresoriaus au\u0161intuvas, 25 l"}]},{"@type":"WebSite","@id":"https:\/\/balticoverlanders.eu\/lt\/#website","url":"https:\/\/balticoverlanders.eu\/lt\/","name":"BALTIC OVERLANDERS","description":"Your one-stop shop in Latvia, Estonia, and Lithuania for all your car camping, rooftop tent and accessory needs.","publisher":{"@id":"https:\/\/balticoverlanders.eu\/lt\/#organization"},"potentialAction":[{"@type":"SearchAction","target":{"@type":"EntryPoint","urlTemplate":"https:\/\/balticoverlanders.eu\/lt\/?s={search_term_string}"},"query-input":{"@type":"PropertyValueSpecification","valueRequired":true,"valueName":"search_term_string"}}],"inLanguage":"lt-LT"},{"@type":"Organization","@id":"https:\/\/balticoverlanders.eu\/lt\/#organization","name":"BALTIC OVERLANDERS","url":"https:\/\/balticoverlanders.eu\/lt\/","logo":{"@type":"ImageObject","inLanguage":"lt-LT","@id":"https:\/\/balticoverlanders.eu\/lt\/#\/schema\/logo\/image\/","url":"https:\/\/balticoverlanders.eu\/wp-content\/uploads\/2023\/04\/BALTIC-OVERLANDERS-LOGO.jpg","contentUrl":"https:\/\/balticoverlanders.eu\/wp-content\/uploads\/2023\/04\/BALTIC-OVERLANDERS-LOGO.jpg","width":1497,"height":310,"caption":"BALTIC OVERLANDERS"},"image":{"@id":"https:\/\/balticoverlanders.eu\/lt\/#\/schema\/logo\/image\/"},"sameAs":["https:\/\/www.instagram.com\/balticoverlanders\/"]}]}},"_links":{"self":[{"href":"https:\/\/balticoverlanders.eu\/lt\/wp-json\/wp\/v2\/product\/39474","targetHints":{"allow":["GET"]}}],"collection":[{"href":"https:\/\/balticoverlanders.eu\/lt\/wp-json\/wp\/v2\/product"}],"about":[{"href":"https:\/\/balticoverlanders.eu\/lt\/wp-json\/wp\/v2\/types\/product"}],"wp:featuredmedia":[{"embeddable":true,"href":"https:\/\/balticoverlanders.eu\/lt\/wp-json\/wp\/v2\/media\/31228"}],"wp:attachment":[{"href":"https:\/\/balticoverlanders.eu\/lt\/wp-json\/wp\/v2\/media?parent=39474"}],"wp:term":[{"taxonomy":"product_brand","embeddable":true,"href":"https:\/\/balticoverlanders.eu\/lt\/wp-json\/wp\/v2\/product_brand?post=39474"},{"taxonomy":"product_cat","embeddable":true,"href":"https:\/\/balticoverlanders.eu\/lt\/wp-json\/wp\/v2\/product_cat?post=39474"},{"taxonomy":"product_tag","embeddable":true,"href":"https:\/\/balticoverlanders.eu\/lt\/wp-json\/wp\/v2\/product_tag?post=39474"}],"curies":[{"name":"wp","href":"https:\/\/api.w.org\/{rel}","templated":true}]}}