{"id":39518,"date":"2023-04-18T17:41:07","date_gmt":"2023-04-18T14:41:07","guid":{"rendered":"https:\/\/balticoverlanders.eu\/product\/james-baroud-sonines-markizes-sonines-sienos\/"},"modified":"2024-05-06T22:44:31","modified_gmt":"2024-05-06T19:44:31","slug":"james-baroud-sonines-markizes-sonines-sienos","status":"publish","type":"product","link":"https:\/\/balticoverlanders.eu\/lt\/produktas\/james-baroud-sonines-markizes-sonines-sienos\/","title":{"rendered":"James Baroud \u0160onin\u0117s markiz\u0117s \u0161onin\u0117s sienos"},"content":{"rendered":"<p>Ie\u0161kote papildomos apsaugos ir privatumo stovyklaudami su stogo palapine? JAMES BAROUD SIDE-AWNING dabar galima \u012fsigyti trij\u0173 \u0161onini\u0173 sien\u0173 su dideliais langais ir vienomis durimis komplekt\u0105. Naudodami \u0161\u012f komplekt\u0105 galite susikurti papildomas persirengimo ir poilsio patalpas ir kartu apsisaugoti nuo saul\u0117s ar lietaus.<\/p>\n<p>\u0160tai keletas pagrindini\u0173 JAMES BAROUD SIDE-AWNING su \u0161onin\u0117mis sienel\u0117mis savybi\u0173:<\/p>\n<ul>\n<li>Pusapvalis profilis su v\u0117lesniu vamzdyn\u0173 b\u0117giu tvirtinamas prie skersinio ir galv\u016bgalio, o \u0161onin\u0117 sienel\u0117 \u012ftraukiama \u012f vamzdyn\u0173 b\u0117g\u012f. Taip sukuriama v\u0117jo ir vandens nepraleid\u017eianti jungtis.<\/li>\n<li>Priekin\u0117 sienel\u0117 yra \u012ftempta \u012f priekinio aliuminio profilio vamzdyn\u0173 b\u0117g\u012f ir su \u0161onin\u0117mis sienel\u0117mis sujungta u\u017etrauktuku, taip u\u017etikrinant visi\u0161k\u0105 privatum\u0105.<\/li>\n<li>\u0160onin\u0117s markiz\u0117s \u0161onini\u0173 sieneli\u0173 auk\u0161tis yra ma\u017edaug 170-175 cm, tod\u0117l u\u017etenka vietos patogiai stov\u0117ti ir jud\u0117ti.<\/li>\n<li>Vandens nepraleid\u017eian\u010dios si\u016bl\u0117s ilgis yra ma\u017edaug 30 cm, tod\u0117l lietuje i\u0161liksite sausi.<\/li>\n<li>Suapvalinti langai traukia ak\u012f ir sukuria \u0161viesi\u0105 bei draugi\u0161k\u0105 atmosfer\u0105 markiz\u0117s viduje.<\/li>\n<li>Langai yra su tinkleliais nuo uod\u0173 ir, jei reikia, gali b\u016bti u\u017edaryti nepermatomai, kad b\u016bt\u0173 u\u017etikrintas visi\u0161kas privatumas ir apsauga.<\/li>\n<\/ul>\n<p>Kartu su JAMES BAROUD SIDE-AWNING pateiktose iliustracijose ai\u0161kiai parodyta, kaip lengva sumontuoti \u0161onines markiz\u0117s plok\u0161tes, kurios tvirtinamos prie transporto priemon\u0117s \u0161ono.<\/p>\n","protected":false},"excerpt":{"rendered":"<ul>\n<li>Papildomai apsaugai ir privatumui u\u017etikrinti prie savo JAMES BAROUD SIDE-AWNING prid\u0117kite tris \u0161onines sienas su dideliais langais ir durimis.<\/li>\n<li>Pusapvalis profilis su vamzdyn\u0173 b\u0117giu leid\u017eia lengvai montuoti ir u\u017etikrinti v\u0117jo ir vandens nepraleid\u017eiant\u012f sujungim\u0105.<\/li>\n<\/ul>\n<p>Galimi du dyd\u017eiai, atitinkantys abiej\u0173 James Baroud \u0161onini\u0173 tent\u0173 matmenis:<\/p>\n<ul>\n<li>200 cm x 270 cm<\/li>\n<li>250 cm x 270 cm<\/li>\n<\/ul>\n","protected":false},"featured_media":22050,"template":"","meta":[],"product_brand":[],"product_cat":[253],"product_tag":[],"class_list":{"0":"post-39518","1":"product","2":"type-product","3":"status-publish","4":"has-post-thumbnail","6":"product_cat-james-baroud-lt","8":"first","9":"instock","10":"taxable","11":"shipping-taxable","12":"purchasable","13":"product-type-variable"},"yoast_head":"<!-- This site is optimized with the Yoast SEO plugin v27.3 - https:\/\/yoast.com\/product\/yoast-seo-wordpress\/ -->\n<title>JAMES BAROUD \u0160onin\u0117s sienos | Papildoma apsauga ir privatumas<\/title>\n<meta name=\"description\" content=\"Sukurkite papildomus persirengimo ir poilsio kambarius su JAMES BAROUD SIDE-AWNING trij\u0173 \u0161onini\u0173 sien\u0173 su dideliais langais ir durimis rinkiniu. Lengvas montavimas ir v\u0117jo bei vandens nepraleid\u017eiantis sujungimas.\" \/>\n<meta name=\"robots\" content=\"index, follow, max-snippet:-1, max-image-preview:large, max-video-preview:-1\" \/>\n<link rel=\"canonical\" href=\"https:\/\/balticoverlanders.eu\/lt\/produktas\/james-baroud-sonines-markizes-sonines-sienos\/\" \/>\n<meta property=\"og:locale\" content=\"lt_LT\" \/>\n<meta property=\"og:type\" content=\"article\" \/>\n<meta property=\"og:title\" content=\"JAMES BAROUD \u0160onin\u0117s sienos | Papildoma apsauga ir privatumas\" \/>\n<meta property=\"og:description\" content=\"Sukurkite papildomus persirengimo ir poilsio kambarius su JAMES BAROUD SIDE-AWNING trij\u0173 \u0161onini\u0173 sien\u0173 su dideliais langais ir durimis rinkiniu. Lengvas montavimas ir v\u0117jo bei vandens nepraleid\u017eiantis sujungimas.\" \/>\n<meta property=\"og:url\" content=\"https:\/\/balticoverlanders.eu\/lt\/produktas\/james-baroud-sonines-markizes-sonines-sienos\/\" \/>\n<meta property=\"og:site_name\" content=\"BALTIC OVERLANDERS\" \/>\n<meta property=\"article:modified_time\" content=\"2024-05-06T19:44:31+00:00\" \/>\n<meta property=\"og:image\" content=\"https:\/\/balticoverlanders.eu\/wp-content\/uploads\/2023\/04\/James-Baroud-Products-Accessories-Awning-Walls-3.jpg\" \/>\n\t<meta property=\"og:image:width\" content=\"1134\" \/>\n\t<meta property=\"og:image:height\" content=\"850\" \/>\n\t<meta property=\"og:image:type\" content=\"image\/jpeg\" \/>\n<meta name=\"twitter:card\" content=\"summary_large_image\" \/>\n<meta name=\"twitter:label1\" content=\"Est. reading time\" \/>\n\t<meta name=\"twitter:data1\" content=\"1 minut\u0117\" \/>\n<script type=\"application\/ld+json\" class=\"yoast-schema-graph\">{\"@context\":\"https:\\\/\\\/schema.org\",\"@graph\":[{\"@type\":\"WebPage\",\"@id\":\"https:\\\/\\\/balticoverlanders.eu\\\/lt\\\/produktas\\\/james-baroud-sonines-markizes-sonines-sienos\\\/\",\"url\":\"https:\\\/\\\/balticoverlanders.eu\\\/lt\\\/produktas\\\/james-baroud-sonines-markizes-sonines-sienos\\\/\",\"name\":\"JAMES BAROUD \u0160onin\u0117s sienos | Papildoma apsauga ir privatumas\",\"isPartOf\":{\"@id\":\"https:\\\/\\\/balticoverlanders.eu\\\/lt\\\/#website\"},\"primaryImageOfPage\":{\"@id\":\"https:\\\/\\\/balticoverlanders.eu\\\/lt\\\/produktas\\\/james-baroud-sonines-markizes-sonines-sienos\\\/#primaryimage\"},\"image\":{\"@id\":\"https:\\\/\\\/balticoverlanders.eu\\\/lt\\\/produktas\\\/james-baroud-sonines-markizes-sonines-sienos\\\/#primaryimage\"},\"thumbnailUrl\":\"https:\\\/\\\/balticoverlanders.eu\\\/wp-content\\\/uploads\\\/2023\\\/04\\\/James-Baroud-Products-Accessories-Awning-Walls-3.jpg\",\"datePublished\":\"2023-04-18T14:41:07+00:00\",\"dateModified\":\"2024-05-06T19:44:31+00:00\",\"description\":\"Sukurkite papildomus persirengimo ir poilsio kambarius su JAMES BAROUD SIDE-AWNING trij\u0173 \u0161onini\u0173 sien\u0173 su dideliais langais ir durimis rinkiniu. Lengvas montavimas ir v\u0117jo bei vandens nepraleid\u017eiantis sujungimas.\",\"breadcrumb\":{\"@id\":\"https:\\\/\\\/balticoverlanders.eu\\\/lt\\\/produktas\\\/james-baroud-sonines-markizes-sonines-sienos\\\/#breadcrumb\"},\"inLanguage\":\"lt-LT\",\"potentialAction\":[{\"@type\":\"ReadAction\",\"target\":[\"https:\\\/\\\/balticoverlanders.eu\\\/lt\\\/produktas\\\/james-baroud-sonines-markizes-sonines-sienos\\\/\"]}]},{\"@type\":\"ImageObject\",\"inLanguage\":\"lt-LT\",\"@id\":\"https:\\\/\\\/balticoverlanders.eu\\\/lt\\\/produktas\\\/james-baroud-sonines-markizes-sonines-sienos\\\/#primaryimage\",\"url\":\"https:\\\/\\\/balticoverlanders.eu\\\/wp-content\\\/uploads\\\/2023\\\/04\\\/James-Baroud-Products-Accessories-Awning-Walls-3.jpg\",\"contentUrl\":\"https:\\\/\\\/balticoverlanders.eu\\\/wp-content\\\/uploads\\\/2023\\\/04\\\/James-Baroud-Products-Accessories-Awning-Walls-3.jpg\",\"width\":1134,\"height\":850},{\"@type\":\"BreadcrumbList\",\"@id\":\"https:\\\/\\\/balticoverlanders.eu\\\/lt\\\/produktas\\\/james-baroud-sonines-markizes-sonines-sienos\\\/#breadcrumb\",\"itemListElement\":[{\"@type\":\"ListItem\",\"position\":1,\"name\":\"Home\",\"item\":\"https:\\\/\\\/balticoverlanders.eu\\\/lt\\\/home\\\/\"},{\"@type\":\"ListItem\",\"position\":2,\"name\":\"Parduotuv\u0117\",\"item\":\"https:\\\/\\\/balticoverlanders.eu\\\/lt\\\/parduotuve\\\/\"},{\"@type\":\"ListItem\",\"position\":3,\"name\":\"James Baroud \u0160onin\u0117s markiz\u0117s \u0161onin\u0117s sienos\"}]},{\"@type\":\"WebSite\",\"@id\":\"https:\\\/\\\/balticoverlanders.eu\\\/lt\\\/#website\",\"url\":\"https:\\\/\\\/balticoverlanders.eu\\\/lt\\\/\",\"name\":\"BALTIC OVERLANDERS\",\"description\":\"Your one-stop shop in Latvia, Estonia, and Lithuania for all your car camping, rooftop tent and accessory needs.\",\"publisher\":{\"@id\":\"https:\\\/\\\/balticoverlanders.eu\\\/lt\\\/#organization\"},\"potentialAction\":[{\"@type\":\"SearchAction\",\"target\":{\"@type\":\"EntryPoint\",\"urlTemplate\":\"https:\\\/\\\/balticoverlanders.eu\\\/lt\\\/?s={search_term_string}\"},\"query-input\":{\"@type\":\"PropertyValueSpecification\",\"valueRequired\":true,\"valueName\":\"search_term_string\"}}],\"inLanguage\":\"lt-LT\"},{\"@type\":\"Organization\",\"@id\":\"https:\\\/\\\/balticoverlanders.eu\\\/lt\\\/#organization\",\"name\":\"BALTIC OVERLANDERS\",\"url\":\"https:\\\/\\\/balticoverlanders.eu\\\/lt\\\/\",\"logo\":{\"@type\":\"ImageObject\",\"inLanguage\":\"lt-LT\",\"@id\":\"https:\\\/\\\/balticoverlanders.eu\\\/lt\\\/#\\\/schema\\\/logo\\\/image\\\/\",\"url\":\"https:\\\/\\\/balticoverlanders.eu\\\/wp-content\\\/uploads\\\/2023\\\/04\\\/BALTIC-OVERLANDERS-LOGO.jpg\",\"contentUrl\":\"https:\\\/\\\/balticoverlanders.eu\\\/wp-content\\\/uploads\\\/2023\\\/04\\\/BALTIC-OVERLANDERS-LOGO.jpg\",\"width\":1497,\"height\":310,\"caption\":\"BALTIC OVERLANDERS\"},\"image\":{\"@id\":\"https:\\\/\\\/balticoverlanders.eu\\\/lt\\\/#\\\/schema\\\/logo\\\/image\\\/\"},\"sameAs\":[\"https:\\\/\\\/www.instagram.com\\\/balticoverlanders\\\/\"]}]}<\/script>\n<!-- \/ Yoast SEO plugin. -->","yoast_head_json":{"title":"JAMES BAROUD \u0160onin\u0117s sienos | Papildoma apsauga ir privatumas","description":"Sukurkite papildomus persirengimo ir poilsio kambarius su JAMES BAROUD SIDE-AWNING trij\u0173 \u0161onini\u0173 sien\u0173 su dideliais langais ir durimis rinkiniu. Lengvas montavimas ir v\u0117jo bei vandens nepraleid\u017eiantis sujungimas.","robots":{"index":"index","follow":"follow","max-snippet":"max-snippet:-1","max-image-preview":"max-image-preview:large","max-video-preview":"max-video-preview:-1"},"canonical":"https:\/\/balticoverlanders.eu\/lt\/produktas\/james-baroud-sonines-markizes-sonines-sienos\/","og_locale":"lt_LT","og_type":"article","og_title":"JAMES BAROUD \u0160onin\u0117s sienos | Papildoma apsauga ir privatumas","og_description":"Sukurkite papildomus persirengimo ir poilsio kambarius su JAMES BAROUD SIDE-AWNING trij\u0173 \u0161onini\u0173 sien\u0173 su dideliais langais ir durimis rinkiniu. Lengvas montavimas ir v\u0117jo bei vandens nepraleid\u017eiantis sujungimas.","og_url":"https:\/\/balticoverlanders.eu\/lt\/produktas\/james-baroud-sonines-markizes-sonines-sienos\/","og_site_name":"BALTIC OVERLANDERS","article_modified_time":"2024-05-06T19:44:31+00:00","og_image":[{"width":1134,"height":850,"url":"https:\/\/balticoverlanders.eu\/wp-content\/uploads\/2023\/04\/James-Baroud-Products-Accessories-Awning-Walls-3.jpg","type":"image\/jpeg"}],"twitter_card":"summary_large_image","twitter_misc":{"Est. reading time":"1 minut\u0117"},"schema":{"@context":"https:\/\/schema.org","@graph":[{"@type":"WebPage","@id":"https:\/\/balticoverlanders.eu\/lt\/produktas\/james-baroud-sonines-markizes-sonines-sienos\/","url":"https:\/\/balticoverlanders.eu\/lt\/produktas\/james-baroud-sonines-markizes-sonines-sienos\/","name":"JAMES BAROUD \u0160onin\u0117s sienos | Papildoma apsauga ir privatumas","isPartOf":{"@id":"https:\/\/balticoverlanders.eu\/lt\/#website"},"primaryImageOfPage":{"@id":"https:\/\/balticoverlanders.eu\/lt\/produktas\/james-baroud-sonines-markizes-sonines-sienos\/#primaryimage"},"image":{"@id":"https:\/\/balticoverlanders.eu\/lt\/produktas\/james-baroud-sonines-markizes-sonines-sienos\/#primaryimage"},"thumbnailUrl":"https:\/\/balticoverlanders.eu\/wp-content\/uploads\/2023\/04\/James-Baroud-Products-Accessories-Awning-Walls-3.jpg","datePublished":"2023-04-18T14:41:07+00:00","dateModified":"2024-05-06T19:44:31+00:00","description":"Sukurkite papildomus persirengimo ir poilsio kambarius su JAMES BAROUD SIDE-AWNING trij\u0173 \u0161onini\u0173 sien\u0173 su dideliais langais ir durimis rinkiniu. Lengvas montavimas ir v\u0117jo bei vandens nepraleid\u017eiantis sujungimas.","breadcrumb":{"@id":"https:\/\/balticoverlanders.eu\/lt\/produktas\/james-baroud-sonines-markizes-sonines-sienos\/#breadcrumb"},"inLanguage":"lt-LT","potentialAction":[{"@type":"ReadAction","target":["https:\/\/balticoverlanders.eu\/lt\/produktas\/james-baroud-sonines-markizes-sonines-sienos\/"]}]},{"@type":"ImageObject","inLanguage":"lt-LT","@id":"https:\/\/balticoverlanders.eu\/lt\/produktas\/james-baroud-sonines-markizes-sonines-sienos\/#primaryimage","url":"https:\/\/balticoverlanders.eu\/wp-content\/uploads\/2023\/04\/James-Baroud-Products-Accessories-Awning-Walls-3.jpg","contentUrl":"https:\/\/balticoverlanders.eu\/wp-content\/uploads\/2023\/04\/James-Baroud-Products-Accessories-Awning-Walls-3.jpg","width":1134,"height":850},{"@type":"BreadcrumbList","@id":"https:\/\/balticoverlanders.eu\/lt\/produktas\/james-baroud-sonines-markizes-sonines-sienos\/#breadcrumb","itemListElement":[{"@type":"ListItem","position":1,"name":"Home","item":"https:\/\/balticoverlanders.eu\/lt\/home\/"},{"@type":"ListItem","position":2,"name":"Parduotuv\u0117","item":"https:\/\/balticoverlanders.eu\/lt\/parduotuve\/"},{"@type":"ListItem","position":3,"name":"James Baroud \u0160onin\u0117s markiz\u0117s \u0161onin\u0117s sienos"}]},{"@type":"WebSite","@id":"https:\/\/balticoverlanders.eu\/lt\/#website","url":"https:\/\/balticoverlanders.eu\/lt\/","name":"BALTIC OVERLANDERS","description":"Your one-stop shop in Latvia, Estonia, and Lithuania for all your car camping, rooftop tent and accessory needs.","publisher":{"@id":"https:\/\/balticoverlanders.eu\/lt\/#organization"},"potentialAction":[{"@type":"SearchAction","target":{"@type":"EntryPoint","urlTemplate":"https:\/\/balticoverlanders.eu\/lt\/?s={search_term_string}"},"query-input":{"@type":"PropertyValueSpecification","valueRequired":true,"valueName":"search_term_string"}}],"inLanguage":"lt-LT"},{"@type":"Organization","@id":"https:\/\/balticoverlanders.eu\/lt\/#organization","name":"BALTIC OVERLANDERS","url":"https:\/\/balticoverlanders.eu\/lt\/","logo":{"@type":"ImageObject","inLanguage":"lt-LT","@id":"https:\/\/balticoverlanders.eu\/lt\/#\/schema\/logo\/image\/","url":"https:\/\/balticoverlanders.eu\/wp-content\/uploads\/2023\/04\/BALTIC-OVERLANDERS-LOGO.jpg","contentUrl":"https:\/\/balticoverlanders.eu\/wp-content\/uploads\/2023\/04\/BALTIC-OVERLANDERS-LOGO.jpg","width":1497,"height":310,"caption":"BALTIC OVERLANDERS"},"image":{"@id":"https:\/\/balticoverlanders.eu\/lt\/#\/schema\/logo\/image\/"},"sameAs":["https:\/\/www.instagram.com\/balticoverlanders\/"]}]}},"_links":{"self":[{"href":"https:\/\/balticoverlanders.eu\/lt\/wp-json\/wp\/v2\/product\/39518","targetHints":{"allow":["GET"]}}],"collection":[{"href":"https:\/\/balticoverlanders.eu\/lt\/wp-json\/wp\/v2\/product"}],"about":[{"href":"https:\/\/balticoverlanders.eu\/lt\/wp-json\/wp\/v2\/types\/product"}],"wp:featuredmedia":[{"embeddable":true,"href":"https:\/\/balticoverlanders.eu\/lt\/wp-json\/wp\/v2\/media\/22050"}],"wp:attachment":[{"href":"https:\/\/balticoverlanders.eu\/lt\/wp-json\/wp\/v2\/media?parent=39518"}],"wp:term":[{"taxonomy":"product_brand","embeddable":true,"href":"https:\/\/balticoverlanders.eu\/lt\/wp-json\/wp\/v2\/product_brand?post=39518"},{"taxonomy":"product_cat","embeddable":true,"href":"https:\/\/balticoverlanders.eu\/lt\/wp-json\/wp\/v2\/product_cat?post=39518"},{"taxonomy":"product_tag","embeddable":true,"href":"https:\/\/balticoverlanders.eu\/lt\/wp-json\/wp\/v2\/product_tag?post=39518"}],"curies":[{"name":"wp","href":"https:\/\/api.w.org\/{rel}","templated":true}]}}