{"id":39644,"date":"2023-03-18T16:03:36","date_gmt":"2023-03-18T14:03:36","guid":{"rendered":"https:\/\/balticoverlanders.eu\/product\/james-baroud-vengimas-s\/"},"modified":"2024-05-06T22:45:45","modified_gmt":"2024-05-06T19:45:45","slug":"james-baroud-vengimas-s","status":"publish","type":"product","link":"https:\/\/balticoverlanders.eu\/lt\/produktas\/james-baroud-vengimas-s\/","title":{"rendered":"James Baroud Vengimas S"},"content":{"rendered":"<p><strong>James Baroud EVASION S<\/strong>&#8211; geriausia stogo palapin\u0117 j\u016bs\u0173 nuotykiams lauke! \u0160i palapin\u0117 yra erdvi, su patogiu \u010diu\u017einiu ir kvap\u0105 gniau\u017eian\u010diais vaizdais, tod\u0117l j\u0105 privalo tur\u0117ti bet kuris lauko entuziastas.<\/p>\n<p>\u0160tai keletas svarbiausi\u0173 fakt\u0173 apie James Baroud EVASION S:<\/p>\n<ul>\n<li>Palapin\u0117je gali apsistoti ne daugiau kaip 2 suaugusieji, tod\u0117l ji puikiai tinka poroms ar ma\u017eoms \u0161eimoms.<\/li>\n<li>\u010ciu\u017einio matmenys yra 130 cm x 200 cm, tod\u0117l jame yra pakankamai vietos patogiam miegui.<\/li>\n<li>Palapin\u0117s auk\u0161tis yra 100 cm, tod\u0117l tur\u0117site pakankamai erdv\u0117s jud\u0117ti ir ils\u0117tis.<\/li>\n<li>Palyginti su kitomis rinkoje esan\u010diomis horizontaliai atsidaran\u010diomis palapin\u0117mis, &#8222;James Baroud Evasion&#8221; yra did\u017eiausio vidinio t\u016brio, tod\u0117l joje yra pakankamai vietos suaugusiesiems s\u0117d\u0117ti abiejuose palapin\u0117s galuose.<\/li>\n<li>Per 360\u00ba panoraminius palapin\u0117s langus atsiveria nuostab\u016bs apylinki\u0173 vaizdai ir u\u017etikrinama optimali oro cirkuliacija, tod\u0117l \u0161iltuoju met\u0173 laiku palapin\u0117je bus v\u0117su ir patogu.<\/li>\n<li>James Baroud EVASION S yra trij\u0173 dyd\u017ei\u0173: S (130&#215;200 cm), M (140&#215;200 cm) ir XL (160&#215;224 cm), tod\u0117l kiekvienas nuotyki\u0173 ie\u0161kotojas ras sau tinkant\u012f dyd\u012f.<\/li>\n<\/ul>\n<p>Nesvarbu, ar planuojate savaitgalio i\u0161vyk\u0105, ar ilgesn\u0119 stovyklavimo kelion\u0119, &#8222;James Baroud EVASION S&#8221; yra puikiai j\u016bs\u0173 poreikius atitinkanti palapin\u0117 ant stogo. U\u017esisakykite \u0161iandien ir prad\u0117kite kit\u0105 nuotyk\u012f patogiai ir stilingai!<\/p>\n<p><img fetchpriority=\"high\" decoding=\"async\" class=\"alignnone size-medium wp-image-6098\" src=\"https:\/\/balticoverlanders.eu\/wp-content\/uploads\/2023\/03\/EvasionM_11-300x300.png\" alt=\"\" width=\"300\" height=\"300\" srcset=\"https:\/\/balticoverlanders.eu\/wp-content\/uploads\/2023\/03\/EvasionM_11-300x300.png 300w, https:\/\/balticoverlanders.eu\/wp-content\/uploads\/2023\/03\/EvasionM_11-150x150.png 150w, https:\/\/balticoverlanders.eu\/wp-content\/uploads\/2023\/03\/EvasionM_11.png 500w\" sizes=\"(max-width: 300px) 100vw, 300px\" \/><img decoding=\"async\" class=\"alignnone size-medium wp-image-6097\" src=\"https:\/\/balticoverlanders.eu\/wp-content\/uploads\/2023\/03\/EvasionM_21-300x300.png\" alt=\"\" width=\"300\" height=\"300\" srcset=\"https:\/\/balticoverlanders.eu\/wp-content\/uploads\/2023\/03\/EvasionM_21-300x300.png 300w, https:\/\/balticoverlanders.eu\/wp-content\/uploads\/2023\/03\/EvasionM_21-150x150.png 150w, https:\/\/balticoverlanders.eu\/wp-content\/uploads\/2023\/03\/EvasionM_21.png 500w\" sizes=\"(max-width: 300px) 100vw, 300px\" \/> <img decoding=\"async\" class=\"alignnone size-medium wp-image-6611\" src=\"https:\/\/balticoverlanders.eu\/wp-content\/uploads\/2023\/03\/Evasion-S_3-300x300.png\" alt=\"\" width=\"300\" height=\"300\" srcset=\"https:\/\/balticoverlanders.eu\/wp-content\/uploads\/2023\/03\/Evasion-S_3-300x300.png 300w, https:\/\/balticoverlanders.eu\/wp-content\/uploads\/2023\/03\/Evasion-S_3-1024x1024.png 1024w, https:\/\/balticoverlanders.eu\/wp-content\/uploads\/2023\/03\/Evasion-S_3-150x150.png 150w, https:\/\/balticoverlanders.eu\/wp-content\/uploads\/2023\/03\/Evasion-S_3-768x768.png 768w, https:\/\/balticoverlanders.eu\/wp-content\/uploads\/2023\/03\/Evasion-S_3-1536x1536.png 1536w, https:\/\/balticoverlanders.eu\/wp-content\/uploads\/2023\/03\/Evasion-S_3-2048x2048.png 2048w, https:\/\/balticoverlanders.eu\/wp-content\/uploads\/2023\/03\/Evasion-S_3-600x600.png 600w\" sizes=\"(max-width: 300px) 100vw, 300px\" \/><img loading=\"lazy\" decoding=\"async\" class=\"alignnone size-medium wp-image-6610\" src=\"https:\/\/balticoverlanders.eu\/wp-content\/uploads\/2023\/03\/Evasion-S_4-300x300.png\" alt=\"\" width=\"300\" height=\"300\" srcset=\"https:\/\/balticoverlanders.eu\/wp-content\/uploads\/2023\/03\/Evasion-S_4-300x300.png 300w, https:\/\/balticoverlanders.eu\/wp-content\/uploads\/2023\/03\/Evasion-S_4-1024x1024.png 1024w, https:\/\/balticoverlanders.eu\/wp-content\/uploads\/2023\/03\/Evasion-S_4-150x150.png 150w, https:\/\/balticoverlanders.eu\/wp-content\/uploads\/2023\/03\/Evasion-S_4-768x768.png 768w, https:\/\/balticoverlanders.eu\/wp-content\/uploads\/2023\/03\/Evasion-S_4-1536x1536.png 1536w, https:\/\/balticoverlanders.eu\/wp-content\/uploads\/2023\/03\/Evasion-S_4-2048x2048.png 2048w, https:\/\/balticoverlanders.eu\/wp-content\/uploads\/2023\/03\/Evasion-S_4-600x600.png 600w\" sizes=\"(max-width: 300px) 100vw, 300px\" \/><\/p>\n","protected":false},"excerpt":{"rendered":"<p>James Baroud EVASION S, erdvus vidus, patogus \u010diu\u017einys ir kvap\u0105 gniau\u017eiantys 360\u00ba vaizdai &#8211; \u0161i palapin\u0117 puikiai tinka poroms ar ma\u017eoms \u0161eimoms.<\/p>\n<p>Pagrindin\u0117s savyb\u0117s:<\/p>\n<ul>\n<li>Skirta 2 suaugusiesiems<\/li>\n<li>130 cm x 200 cm dyd\u017eio \u010diu\u017einys<\/li>\n<li>Atviras 100 cm auk\u0161tis<\/li>\n<li>Naujovi\u0161kas dizainas u\u017etikrina maksimal\u0173 komfort\u0105 ir patogum\u0105<\/li>\n<li>Tvirta ir ilgaam\u017e\u0117 konstrukcija<\/li>\n<li>Greita ir paprasta nustatyti<\/li>\n<\/ul>\n<p>Prisijunkite prie pasaulin\u0117s James Baroud stogo palapini\u0173 entuziast\u0173 bendruomen\u0117s ir u\u017esisakykite EVASION S jau \u0161iandien!<\/p>\n","protected":false},"featured_media":6106,"template":"","meta":[],"product_brand":[],"product_cat":[254,253],"product_tag":[],"class_list":{"0":"post-39644","1":"product","2":"type-product","3":"status-publish","4":"has-post-thumbnail","6":"product_cat-palapines-ant-stogo","7":"product_cat-james-baroud-lt","9":"first","10":"onbackorder","11":"taxable","12":"shipping-taxable","13":"purchasable","14":"product-type-variable"},"yoast_head":"<!-- This site is optimized with the Yoast SEO plugin v27.3 - https:\/\/yoast.com\/product\/yoast-seo-wordpress\/ -->\n<title>James Baroud Vengimas S - BALTIC OVERLANDERS<\/title>\n<meta name=\"robots\" content=\"index, follow, max-snippet:-1, max-image-preview:large, max-video-preview:-1\" \/>\n<link rel=\"canonical\" href=\"https:\/\/balticoverlanders.eu\/lt\/produktas\/james-baroud-vengimas-s\/\" \/>\n<meta property=\"og:locale\" content=\"lt_LT\" \/>\n<meta property=\"og:type\" content=\"article\" \/>\n<meta property=\"og:title\" content=\"James Baroud Vengimas S - BALTIC OVERLANDERS\" \/>\n<meta property=\"og:description\" content=\"James Baroud EVASION S, erdvus vidus, patogus \u010diu\u017einys ir kvap\u0105 gniau\u017eiantys 360\u00ba vaizdai - \u0161i palapin\u0117 puikiai tinka poroms ar ma\u017eoms \u0161eimoms. Pagrindin\u0117s savyb\u0117s:  Skirta 2 suaugusiesiems  130 cm x 200 cm dyd\u017eio \u010diu\u017einys  Atviras 100 cm auk\u0161tis  Naujovi\u0161kas dizainas u\u017etikrina maksimal\u0173 komfort\u0105 ir patogum\u0105  Tvirta ir ilgaam\u017e\u0117 konstrukcija  Greita ir paprasta nustatyti Prisijunkite prie pasaulin\u0117s James Baroud stogo palapini\u0173 entuziast\u0173 bendruomen\u0117s ir u\u017esisakykite EVASION S jau \u0161iandien!\" \/>\n<meta property=\"og:url\" content=\"https:\/\/balticoverlanders.eu\/lt\/produktas\/james-baroud-vengimas-s\/\" \/>\n<meta property=\"og:site_name\" content=\"BALTIC OVERLANDERS\" \/>\n<meta property=\"article:modified_time\" content=\"2024-05-06T19:45:45+00:00\" \/>\n<meta property=\"og:image\" content=\"https:\/\/balticoverlanders.eu\/wp-content\/uploads\/2023\/03\/EvasionSTD-Grey20.png\" \/>\n\t<meta property=\"og:image:width\" content=\"1000\" \/>\n\t<meta property=\"og:image:height\" content=\"667\" \/>\n\t<meta property=\"og:image:type\" content=\"image\/png\" \/>\n<meta name=\"twitter:card\" content=\"summary_large_image\" \/>\n<meta name=\"twitter:label1\" content=\"Est. reading time\" \/>\n\t<meta name=\"twitter:data1\" content=\"1 minut\u0117\" \/>\n<script type=\"application\/ld+json\" class=\"yoast-schema-graph\">{\"@context\":\"https:\\\/\\\/schema.org\",\"@graph\":[{\"@type\":\"WebPage\",\"@id\":\"https:\\\/\\\/balticoverlanders.eu\\\/lt\\\/produktas\\\/james-baroud-vengimas-s\\\/\",\"url\":\"https:\\\/\\\/balticoverlanders.eu\\\/lt\\\/produktas\\\/james-baroud-vengimas-s\\\/\",\"name\":\"James Baroud Vengimas S - BALTIC OVERLANDERS\",\"isPartOf\":{\"@id\":\"https:\\\/\\\/balticoverlanders.eu\\\/lt\\\/#website\"},\"primaryImageOfPage\":{\"@id\":\"https:\\\/\\\/balticoverlanders.eu\\\/lt\\\/produktas\\\/james-baroud-vengimas-s\\\/#primaryimage\"},\"image\":{\"@id\":\"https:\\\/\\\/balticoverlanders.eu\\\/lt\\\/produktas\\\/james-baroud-vengimas-s\\\/#primaryimage\"},\"thumbnailUrl\":\"https:\\\/\\\/balticoverlanders.eu\\\/wp-content\\\/uploads\\\/2023\\\/03\\\/EvasionSTD-Grey20.png\",\"datePublished\":\"2023-03-18T14:03:36+00:00\",\"dateModified\":\"2024-05-06T19:45:45+00:00\",\"breadcrumb\":{\"@id\":\"https:\\\/\\\/balticoverlanders.eu\\\/lt\\\/produktas\\\/james-baroud-vengimas-s\\\/#breadcrumb\"},\"inLanguage\":\"lt-LT\",\"potentialAction\":[{\"@type\":\"ReadAction\",\"target\":[\"https:\\\/\\\/balticoverlanders.eu\\\/lt\\\/produktas\\\/james-baroud-vengimas-s\\\/\"]}]},{\"@type\":\"ImageObject\",\"inLanguage\":\"lt-LT\",\"@id\":\"https:\\\/\\\/balticoverlanders.eu\\\/lt\\\/produktas\\\/james-baroud-vengimas-s\\\/#primaryimage\",\"url\":\"https:\\\/\\\/balticoverlanders.eu\\\/wp-content\\\/uploads\\\/2023\\\/03\\\/EvasionSTD-Grey20.png\",\"contentUrl\":\"https:\\\/\\\/balticoverlanders.eu\\\/wp-content\\\/uploads\\\/2023\\\/03\\\/EvasionSTD-Grey20.png\",\"width\":1000,\"height\":667},{\"@type\":\"BreadcrumbList\",\"@id\":\"https:\\\/\\\/balticoverlanders.eu\\\/lt\\\/produktas\\\/james-baroud-vengimas-s\\\/#breadcrumb\",\"itemListElement\":[{\"@type\":\"ListItem\",\"position\":1,\"name\":\"Home\",\"item\":\"https:\\\/\\\/balticoverlanders.eu\\\/lt\\\/home\\\/\"},{\"@type\":\"ListItem\",\"position\":2,\"name\":\"Parduotuv\u0117\",\"item\":\"https:\\\/\\\/balticoverlanders.eu\\\/lt\\\/parduotuve\\\/\"},{\"@type\":\"ListItem\",\"position\":3,\"name\":\"James Baroud Vengimas S\"}]},{\"@type\":\"WebSite\",\"@id\":\"https:\\\/\\\/balticoverlanders.eu\\\/lt\\\/#website\",\"url\":\"https:\\\/\\\/balticoverlanders.eu\\\/lt\\\/\",\"name\":\"BALTIC OVERLANDERS\",\"description\":\"Your one-stop shop in Latvia, Estonia, and Lithuania for all your car camping, rooftop tent and accessory needs.\",\"publisher\":{\"@id\":\"https:\\\/\\\/balticoverlanders.eu\\\/lt\\\/#organization\"},\"potentialAction\":[{\"@type\":\"SearchAction\",\"target\":{\"@type\":\"EntryPoint\",\"urlTemplate\":\"https:\\\/\\\/balticoverlanders.eu\\\/lt\\\/?s={search_term_string}\"},\"query-input\":{\"@type\":\"PropertyValueSpecification\",\"valueRequired\":true,\"valueName\":\"search_term_string\"}}],\"inLanguage\":\"lt-LT\"},{\"@type\":\"Organization\",\"@id\":\"https:\\\/\\\/balticoverlanders.eu\\\/lt\\\/#organization\",\"name\":\"BALTIC OVERLANDERS\",\"url\":\"https:\\\/\\\/balticoverlanders.eu\\\/lt\\\/\",\"logo\":{\"@type\":\"ImageObject\",\"inLanguage\":\"lt-LT\",\"@id\":\"https:\\\/\\\/balticoverlanders.eu\\\/lt\\\/#\\\/schema\\\/logo\\\/image\\\/\",\"url\":\"https:\\\/\\\/balticoverlanders.eu\\\/wp-content\\\/uploads\\\/2023\\\/04\\\/BALTIC-OVERLANDERS-LOGO.jpg\",\"contentUrl\":\"https:\\\/\\\/balticoverlanders.eu\\\/wp-content\\\/uploads\\\/2023\\\/04\\\/BALTIC-OVERLANDERS-LOGO.jpg\",\"width\":1497,\"height\":310,\"caption\":\"BALTIC OVERLANDERS\"},\"image\":{\"@id\":\"https:\\\/\\\/balticoverlanders.eu\\\/lt\\\/#\\\/schema\\\/logo\\\/image\\\/\"},\"sameAs\":[\"https:\\\/\\\/www.instagram.com\\\/balticoverlanders\\\/\"]}]}<\/script>\n<!-- \/ Yoast SEO plugin. -->","yoast_head_json":{"title":"James Baroud Vengimas S - BALTIC OVERLANDERS","robots":{"index":"index","follow":"follow","max-snippet":"max-snippet:-1","max-image-preview":"max-image-preview:large","max-video-preview":"max-video-preview:-1"},"canonical":"https:\/\/balticoverlanders.eu\/lt\/produktas\/james-baroud-vengimas-s\/","og_locale":"lt_LT","og_type":"article","og_title":"James Baroud Vengimas S - BALTIC OVERLANDERS","og_description":"James Baroud EVASION S, erdvus vidus, patogus \u010diu\u017einys ir kvap\u0105 gniau\u017eiantys 360\u00ba vaizdai - \u0161i palapin\u0117 puikiai tinka poroms ar ma\u017eoms \u0161eimoms. Pagrindin\u0117s savyb\u0117s:  Skirta 2 suaugusiesiems  130 cm x 200 cm dyd\u017eio \u010diu\u017einys  Atviras 100 cm auk\u0161tis  Naujovi\u0161kas dizainas u\u017etikrina maksimal\u0173 komfort\u0105 ir patogum\u0105  Tvirta ir ilgaam\u017e\u0117 konstrukcija  Greita ir paprasta nustatyti Prisijunkite prie pasaulin\u0117s James Baroud stogo palapini\u0173 entuziast\u0173 bendruomen\u0117s ir u\u017esisakykite EVASION S jau \u0161iandien!","og_url":"https:\/\/balticoverlanders.eu\/lt\/produktas\/james-baroud-vengimas-s\/","og_site_name":"BALTIC OVERLANDERS","article_modified_time":"2024-05-06T19:45:45+00:00","og_image":[{"width":1000,"height":667,"url":"https:\/\/balticoverlanders.eu\/wp-content\/uploads\/2023\/03\/EvasionSTD-Grey20.png","type":"image\/png"}],"twitter_card":"summary_large_image","twitter_misc":{"Est. reading time":"1 minut\u0117"},"schema":{"@context":"https:\/\/schema.org","@graph":[{"@type":"WebPage","@id":"https:\/\/balticoverlanders.eu\/lt\/produktas\/james-baroud-vengimas-s\/","url":"https:\/\/balticoverlanders.eu\/lt\/produktas\/james-baroud-vengimas-s\/","name":"James Baroud Vengimas S - BALTIC OVERLANDERS","isPartOf":{"@id":"https:\/\/balticoverlanders.eu\/lt\/#website"},"primaryImageOfPage":{"@id":"https:\/\/balticoverlanders.eu\/lt\/produktas\/james-baroud-vengimas-s\/#primaryimage"},"image":{"@id":"https:\/\/balticoverlanders.eu\/lt\/produktas\/james-baroud-vengimas-s\/#primaryimage"},"thumbnailUrl":"https:\/\/balticoverlanders.eu\/wp-content\/uploads\/2023\/03\/EvasionSTD-Grey20.png","datePublished":"2023-03-18T14:03:36+00:00","dateModified":"2024-05-06T19:45:45+00:00","breadcrumb":{"@id":"https:\/\/balticoverlanders.eu\/lt\/produktas\/james-baroud-vengimas-s\/#breadcrumb"},"inLanguage":"lt-LT","potentialAction":[{"@type":"ReadAction","target":["https:\/\/balticoverlanders.eu\/lt\/produktas\/james-baroud-vengimas-s\/"]}]},{"@type":"ImageObject","inLanguage":"lt-LT","@id":"https:\/\/balticoverlanders.eu\/lt\/produktas\/james-baroud-vengimas-s\/#primaryimage","url":"https:\/\/balticoverlanders.eu\/wp-content\/uploads\/2023\/03\/EvasionSTD-Grey20.png","contentUrl":"https:\/\/balticoverlanders.eu\/wp-content\/uploads\/2023\/03\/EvasionSTD-Grey20.png","width":1000,"height":667},{"@type":"BreadcrumbList","@id":"https:\/\/balticoverlanders.eu\/lt\/produktas\/james-baroud-vengimas-s\/#breadcrumb","itemListElement":[{"@type":"ListItem","position":1,"name":"Home","item":"https:\/\/balticoverlanders.eu\/lt\/home\/"},{"@type":"ListItem","position":2,"name":"Parduotuv\u0117","item":"https:\/\/balticoverlanders.eu\/lt\/parduotuve\/"},{"@type":"ListItem","position":3,"name":"James Baroud Vengimas S"}]},{"@type":"WebSite","@id":"https:\/\/balticoverlanders.eu\/lt\/#website","url":"https:\/\/balticoverlanders.eu\/lt\/","name":"BALTIC OVERLANDERS","description":"Your one-stop shop in Latvia, Estonia, and Lithuania for all your car camping, rooftop tent and accessory needs.","publisher":{"@id":"https:\/\/balticoverlanders.eu\/lt\/#organization"},"potentialAction":[{"@type":"SearchAction","target":{"@type":"EntryPoint","urlTemplate":"https:\/\/balticoverlanders.eu\/lt\/?s={search_term_string}"},"query-input":{"@type":"PropertyValueSpecification","valueRequired":true,"valueName":"search_term_string"}}],"inLanguage":"lt-LT"},{"@type":"Organization","@id":"https:\/\/balticoverlanders.eu\/lt\/#organization","name":"BALTIC OVERLANDERS","url":"https:\/\/balticoverlanders.eu\/lt\/","logo":{"@type":"ImageObject","inLanguage":"lt-LT","@id":"https:\/\/balticoverlanders.eu\/lt\/#\/schema\/logo\/image\/","url":"https:\/\/balticoverlanders.eu\/wp-content\/uploads\/2023\/04\/BALTIC-OVERLANDERS-LOGO.jpg","contentUrl":"https:\/\/balticoverlanders.eu\/wp-content\/uploads\/2023\/04\/BALTIC-OVERLANDERS-LOGO.jpg","width":1497,"height":310,"caption":"BALTIC OVERLANDERS"},"image":{"@id":"https:\/\/balticoverlanders.eu\/lt\/#\/schema\/logo\/image\/"},"sameAs":["https:\/\/www.instagram.com\/balticoverlanders\/"]}]}},"_links":{"self":[{"href":"https:\/\/balticoverlanders.eu\/lt\/wp-json\/wp\/v2\/product\/39644","targetHints":{"allow":["GET"]}}],"collection":[{"href":"https:\/\/balticoverlanders.eu\/lt\/wp-json\/wp\/v2\/product"}],"about":[{"href":"https:\/\/balticoverlanders.eu\/lt\/wp-json\/wp\/v2\/types\/product"}],"wp:featuredmedia":[{"embeddable":true,"href":"https:\/\/balticoverlanders.eu\/lt\/wp-json\/wp\/v2\/media\/6106"}],"wp:attachment":[{"href":"https:\/\/balticoverlanders.eu\/lt\/wp-json\/wp\/v2\/media?parent=39644"}],"wp:term":[{"taxonomy":"product_brand","embeddable":true,"href":"https:\/\/balticoverlanders.eu\/lt\/wp-json\/wp\/v2\/product_brand?post=39644"},{"taxonomy":"product_cat","embeddable":true,"href":"https:\/\/balticoverlanders.eu\/lt\/wp-json\/wp\/v2\/product_cat?post=39644"},{"taxonomy":"product_tag","embeddable":true,"href":"https:\/\/balticoverlanders.eu\/lt\/wp-json\/wp\/v2\/product_tag?post=39644"}],"curies":[{"name":"wp","href":"https:\/\/api.w.org\/{rel}","templated":true}]}}