{"id":42837,"date":"2024-05-18T11:38:36","date_gmt":"2024-05-18T08:38:36","guid":{"rendered":"https:\/\/balticoverlanders.eu\/product\/wild-land-wild-cruiser-pro-250-stogo-palapine\/"},"modified":"2024-05-20T15:31:01","modified_gmt":"2024-05-20T12:31:01","slug":"wild-land-wild-cruiser-pro-250-stogo-palapine","status":"publish","type":"product","link":"https:\/\/balticoverlanders.eu\/lt\/produktas\/wild-land-wild-cruiser-pro-250-stogo-palapine\/","title":{"rendered":"&#8222;Wild Land&#8221; Wild Cruiser PRO 250 stogo palapin\u0117"},"content":{"rendered":"<p><strong>&#8222;Wild Land&#8221; Wild Cruiser PRO 250 stogo palapin\u0117: J\u016bs\u0173 geriausias sprendimas \u0161eimos stovyklavimui<\/strong><\/p>\n<p><strong>Ap\u017evalga<\/strong><\/p>\n<p>Pristatome &#8222;Wild Cruiser PRO 250&#8221; palapin\u0119 su stogu, kuri yra komforto, patogumo ir patvarumo \u012fsik\u016bnijimas \u0161eimos stovyklavimo nuotykiuose. \u0160ioje naujovi\u0161koje palapin\u0117je, skirtoje apgyvendinti iki \u0161e\u0161i\u0173 \u017emoni\u0173, yra erdvi 250&#215;200 cm miegamoji vieta. Idealiai tinka didesn\u0117ms transporto priemon\u0117ms ir yra puikus kelioni\u0173 palydovas visais met\u0173 laikais, u\u017etikrinantis i\u0161skirtin\u012f komfort\u0105 ir paprast\u0105 naudojim\u0105.<\/p>\n<p><strong>Pagrindin\u0117s funkcijos<\/strong><\/p>\n<ul>\n<li><strong>Erdvus ir patogus dizainas:<\/strong> Palapin\u0117 i\u0161siple\u010dia u\u017e automobilio kont\u016bro rib\u0173 ir sukuria erdvi\u0105 erdv\u0119 miegui ir veiklai. Nustatymas trunka trumpiau nei minut\u0119, tod\u0117l daugiau laiko gal\u0117site praleisti m\u0117gaudamiesi nuotykiais.<\/li>\n<li><strong>Panoraminiai vaizdai:<\/strong> Dideli panoraminiai langai i\u0161 vis\u0173 pusi\u0173 leid\u017eia bendrauti su gamta, o i\u0161 j\u0173 atsiveria nuostab\u016bs vaizdai ir gausu nat\u016bralios \u0161viesos.<\/li>\n<li><strong>Padidintas komfortas:<\/strong> PRO versijoje yra ap\u0161iltinta galvos apdaila, u\u017etikrinanti puik\u0173 \u0161ilumin\u012f komfort\u0105 bet kokiomis oro s\u0105lygomis, taip pat integruotas LED juost\u0173 ap\u0161vietimas, suteikiantis jaukumo.<\/li>\n<li><strong>Komfortas ir patogumas<\/strong><\/li>\n<li><strong>Didel\u0117 saugykla:<\/strong> Palapin\u0117s viduje yra papildom\u0173 daikt\u0173 laikymo viet\u0173 ir ki\u0161eni\u0173, kurios padeda i\u0161laikyti j\u016bs\u0173 daiktus tvarkingus ir lengvai pasiekiamus.<\/li>\n<li><strong>Patogus miegojimas:<\/strong> Palapin\u0117je yra 8 cm storio \u010diu\u017einys be s\u0105nari\u0173, u\u017etikrinantis neprilygstam\u0105 komfort\u0105 ir ram\u0173 mieg\u0105.<\/li>\n<li><strong>Puikus v\u0117dinimas:<\/strong> Palapin\u0117s konstrukcija u\u017etikrina tinkam\u0105 oro cirkuliacij\u0105, o papildomos v\u0117dinimo angos priekin\u0117je dalyje ir priekin\u0117je dalyje apsaugo nuo kondensato susidarymo.<\/li>\n<li><strong>Atsparus oro s\u0105lygoms:<\/strong> r\u0117mo konstrukcija leid\u017eia v\u0117dinti palapin\u0119 net ir tada, kai ji u\u017edaryta per liet\u0173, tod\u0117l palapin\u0117s vidus yra sausas ir patogus.<\/li>\n<\/ul>\n<p><strong>Papildomos funkcijos<\/strong><\/p>\n<ul>\n<li><strong>Daugiafunkcin\u0117 erdv\u0117:<\/strong> Po palapine esan\u010di\u0105 erdv\u0119 galima naudoti stalui pasistatyti, maistui ruo\u0161ti ir bendriems u\u017esi\u0117mimams, tod\u0117l tai yra universalus stovyklavimo sprendimas.<\/li>\n<li><strong>Nuimami elementai:<\/strong> Kiekvienas palapin\u0117s elementas yra visi\u0161kai nuimamas, kad b\u016bt\u0173 lengva valyti ir pri\u017ei\u016br\u0117ti. \u010ciu\u017einio u\u017evalkal\u0105 galima skalbti, o med\u017eiag\u0105 galima impregnuoti, kad pailg\u0117t\u0173 jos tarnavimo laikas.<\/li>\n<li><strong>pogarantinis aptarnavimas:<\/strong> Net ir pasibaigus 2 met\u0173 garantiniam laikotarpiui galite pasikliauti m\u016bs\u0173 pogarantiniu aptarnavimu, nes daugum\u0105 dali\u0173 galima lengvai \u012fsigyti.<\/li>\n<li><strong>Papildomi priedai:<\/strong> Praturtinkite savo stovyklavimo patirt\u012f papildomais priedais, pvz., specialia izoliacija, prieangiu, i\u0161einan\u010diu u\u017e automobilio rib\u0173, arba universaliu prieangiu ir stogine.<\/li>\n<\/ul>\n<p><strong>Kod\u0117l verta rinktis &#8222;Wild Land Wild Cruiser PRO 250&#8221;?<\/strong><\/p>\n<p>Palapin\u0117 &#8222;Wild Cruiser PRO 250&#8221; su stogine palapine &#8222;Wild Cruiser PRO 250&#8221; pad\u0117s jums i\u0161siruo\u0161ti \u012f gamt\u0105. D\u0117l \u0161eimai patogaus dizaino, greito paruo\u0161imo ir patikim\u0173 funkcij\u0173 jis yra geriausias pasirinkimas bet kokiam stovyklavimo nuotykiui. Nesvarbu, ar keliaujate po saul\u0117tus papl\u016bdimius, ar snieguotus kalnus, &#8222;Wild Cruiser PRO 250&#8221; u\u017etikrina patogi\u0105 ir \u012fsimintin\u0105 patirt\u012f visai \u0161eimai.<\/p>\n<p><strong>Leiskit\u0117s \u012f kit\u0105 nuotyk\u012f su &#8222;Wild Cruiser PRO 250&#8221; stogine palapine, kurioje \u0161eimyninis komfortas dera su i\u0161skirtiniu patvarumu, kad kiekviena kelion\u0117 b\u016bt\u0173 nepamir\u0161tama.<\/strong><\/p>\n","protected":false},"excerpt":{"rendered":"<p>\u012eperkama \u0161eimos mink\u0161to apvalkalo stogo palapin\u0117. Naujoje PRO versijoje yra ap\u0161iltinta priekin\u0117 dalis, u\u017etikrinanti geresn\u012f \u0161ilumin\u012f komfort\u0105 kar\u0161tomis dienomis ir \u0161altuoju met\u0173 laiku, LED lemput\u0117 viduje, i\u0161 &#8222;Cordura&#8221; pagamintas dangtis, kad b\u016bt\u0173 lengviau sulankstyti Komplektuojama su teleskopin\u0117mis kop\u0117\u010diomis iki 230 cm ilgio, \u010diu\u017einiu, ki\u0161en\u0117mis batams, 2 papildomomis kojomis palapinei palaikyti ir i\u0161lyginti, LED lemput\u0117 viduje, montavimo rinkinys ir instrukcija.<\/p>\n","protected":false},"featured_media":42408,"template":"","meta":[],"product_brand":[],"product_cat":[254,489],"product_tag":[],"class_list":{"0":"post-42837","1":"product","2":"type-product","3":"status-publish","4":"has-post-thumbnail","6":"product_cat-palapines-ant-stogo","7":"product_cat-laukine-zeme","9":"first","10":"onbackorder","11":"taxable","12":"shipping-taxable","13":"purchasable","14":"product-type-simple"},"yoast_head":"<!-- This site is optimized with the Yoast SEO plugin v27.3 - https:\/\/yoast.com\/product\/yoast-seo-wordpress\/ -->\n<title>&quot;Wild Land&quot; Wild Cruiser PRO 250 stogo palapin\u0117 - BALTIC OVERLANDERS<\/title>\n<meta name=\"description\" content=\"\u012eperkama \u0161eimynin\u0117 mink\u0161to apvalkalo palapin\u0117 su ap\u0161iltintu stoglangiu, LED \u017eibintu, patvaria &quot;Cordura&quot; danga, teleskopin\u0117mis kop\u0117\u010diomis, \u010diu\u017einiu, bat\u0173 ki\u0161en\u0117mis, atramin\u0117mis kojomis ir tvirtinimo rinkiniu.\" \/>\n<meta name=\"robots\" content=\"index, follow, max-snippet:-1, max-image-preview:large, max-video-preview:-1\" \/>\n<link rel=\"canonical\" href=\"https:\/\/balticoverlanders.eu\/lt\/produktas\/wild-land-wild-cruiser-pro-250-stogo-palapine\/\" \/>\n<meta property=\"og:locale\" content=\"lt_LT\" \/>\n<meta property=\"og:type\" content=\"article\" \/>\n<meta property=\"og:title\" content=\"&quot;Wild Land&quot; Wild Cruiser PRO 250 stogo palapin\u0117 - BALTIC OVERLANDERS\" \/>\n<meta property=\"og:description\" content=\"\u012eperkama \u0161eimynin\u0117 mink\u0161to apvalkalo palapin\u0117 su ap\u0161iltintu stoglangiu, LED \u017eibintu, patvaria &quot;Cordura&quot; danga, teleskopin\u0117mis kop\u0117\u010diomis, \u010diu\u017einiu, bat\u0173 ki\u0161en\u0117mis, atramin\u0117mis kojomis ir tvirtinimo rinkiniu.\" \/>\n<meta property=\"og:url\" content=\"https:\/\/balticoverlanders.eu\/lt\/produktas\/wild-land-wild-cruiser-pro-250-stogo-palapine\/\" \/>\n<meta property=\"og:site_name\" content=\"BALTIC OVERLANDERS\" \/>\n<meta property=\"article:modified_time\" content=\"2024-05-20T12:31:01+00:00\" \/>\n<meta property=\"og:image\" content=\"https:\/\/balticoverlanders.eu\/wp-content\/uploads\/2024\/05\/namiot-dachowy-Wild-Cruiser-PRO-250-rozlozony-na-Wranglerze-widok-z-tylu-auta.jpg\" \/>\n\t<meta property=\"og:image:width\" content=\"1500\" \/>\n\t<meta property=\"og:image:height\" content=\"1000\" \/>\n\t<meta property=\"og:image:type\" content=\"image\/jpeg\" \/>\n<meta name=\"twitter:card\" content=\"summary_large_image\" \/>\n<meta name=\"twitter:label1\" content=\"Est. reading time\" \/>\n\t<meta name=\"twitter:data1\" content=\"2 minut\u0117s\" \/>\n<script type=\"application\/ld+json\" class=\"yoast-schema-graph\">{\"@context\":\"https:\\\/\\\/schema.org\",\"@graph\":[{\"@type\":\"WebPage\",\"@id\":\"https:\\\/\\\/balticoverlanders.eu\\\/lt\\\/produktas\\\/wild-land-wild-cruiser-pro-250-stogo-palapine\\\/\",\"url\":\"https:\\\/\\\/balticoverlanders.eu\\\/lt\\\/produktas\\\/wild-land-wild-cruiser-pro-250-stogo-palapine\\\/\",\"name\":\"\\\"Wild Land\\\" Wild Cruiser PRO 250 stogo palapin\u0117 - BALTIC OVERLANDERS\",\"isPartOf\":{\"@id\":\"https:\\\/\\\/balticoverlanders.eu\\\/lt\\\/#website\"},\"primaryImageOfPage\":{\"@id\":\"https:\\\/\\\/balticoverlanders.eu\\\/lt\\\/produktas\\\/wild-land-wild-cruiser-pro-250-stogo-palapine\\\/#primaryimage\"},\"image\":{\"@id\":\"https:\\\/\\\/balticoverlanders.eu\\\/lt\\\/produktas\\\/wild-land-wild-cruiser-pro-250-stogo-palapine\\\/#primaryimage\"},\"thumbnailUrl\":\"https:\\\/\\\/balticoverlanders.eu\\\/wp-content\\\/uploads\\\/2024\\\/05\\\/namiot-dachowy-Wild-Cruiser-PRO-250-rozlozony-na-Wranglerze-widok-z-tylu-auta.jpg\",\"datePublished\":\"2024-05-18T08:38:36+00:00\",\"dateModified\":\"2024-05-20T12:31:01+00:00\",\"description\":\"\u012eperkama \u0161eimynin\u0117 mink\u0161to apvalkalo palapin\u0117 su ap\u0161iltintu stoglangiu, LED \u017eibintu, patvaria \\\"Cordura\\\" danga, teleskopin\u0117mis kop\u0117\u010diomis, \u010diu\u017einiu, bat\u0173 ki\u0161en\u0117mis, atramin\u0117mis kojomis ir tvirtinimo rinkiniu.\",\"breadcrumb\":{\"@id\":\"https:\\\/\\\/balticoverlanders.eu\\\/lt\\\/produktas\\\/wild-land-wild-cruiser-pro-250-stogo-palapine\\\/#breadcrumb\"},\"inLanguage\":\"lt-LT\",\"potentialAction\":[{\"@type\":\"ReadAction\",\"target\":[\"https:\\\/\\\/balticoverlanders.eu\\\/lt\\\/produktas\\\/wild-land-wild-cruiser-pro-250-stogo-palapine\\\/\"]}]},{\"@type\":\"ImageObject\",\"inLanguage\":\"lt-LT\",\"@id\":\"https:\\\/\\\/balticoverlanders.eu\\\/lt\\\/produktas\\\/wild-land-wild-cruiser-pro-250-stogo-palapine\\\/#primaryimage\",\"url\":\"https:\\\/\\\/balticoverlanders.eu\\\/wp-content\\\/uploads\\\/2024\\\/05\\\/namiot-dachowy-Wild-Cruiser-PRO-250-rozlozony-na-Wranglerze-widok-z-tylu-auta.jpg\",\"contentUrl\":\"https:\\\/\\\/balticoverlanders.eu\\\/wp-content\\\/uploads\\\/2024\\\/05\\\/namiot-dachowy-Wild-Cruiser-PRO-250-rozlozony-na-Wranglerze-widok-z-tylu-auta.jpg\",\"width\":1500,\"height\":1000},{\"@type\":\"BreadcrumbList\",\"@id\":\"https:\\\/\\\/balticoverlanders.eu\\\/lt\\\/produktas\\\/wild-land-wild-cruiser-pro-250-stogo-palapine\\\/#breadcrumb\",\"itemListElement\":[{\"@type\":\"ListItem\",\"position\":1,\"name\":\"Home\",\"item\":\"https:\\\/\\\/balticoverlanders.eu\\\/lt\\\/home\\\/\"},{\"@type\":\"ListItem\",\"position\":2,\"name\":\"Parduotuv\u0117\",\"item\":\"https:\\\/\\\/balticoverlanders.eu\\\/lt\\\/parduotuve\\\/\"},{\"@type\":\"ListItem\",\"position\":3,\"name\":\"&#8222;Wild Land&#8221; Wild Cruiser PRO 250 stogo palapin\u0117\"}]},{\"@type\":\"WebSite\",\"@id\":\"https:\\\/\\\/balticoverlanders.eu\\\/lt\\\/#website\",\"url\":\"https:\\\/\\\/balticoverlanders.eu\\\/lt\\\/\",\"name\":\"BALTIC OVERLANDERS\",\"description\":\"Your one-stop shop in Latvia, Estonia, and Lithuania for all your car camping, rooftop tent and accessory needs.\",\"publisher\":{\"@id\":\"https:\\\/\\\/balticoverlanders.eu\\\/lt\\\/#organization\"},\"potentialAction\":[{\"@type\":\"SearchAction\",\"target\":{\"@type\":\"EntryPoint\",\"urlTemplate\":\"https:\\\/\\\/balticoverlanders.eu\\\/lt\\\/?s={search_term_string}\"},\"query-input\":{\"@type\":\"PropertyValueSpecification\",\"valueRequired\":true,\"valueName\":\"search_term_string\"}}],\"inLanguage\":\"lt-LT\"},{\"@type\":\"Organization\",\"@id\":\"https:\\\/\\\/balticoverlanders.eu\\\/lt\\\/#organization\",\"name\":\"BALTIC OVERLANDERS\",\"url\":\"https:\\\/\\\/balticoverlanders.eu\\\/lt\\\/\",\"logo\":{\"@type\":\"ImageObject\",\"inLanguage\":\"lt-LT\",\"@id\":\"https:\\\/\\\/balticoverlanders.eu\\\/lt\\\/#\\\/schema\\\/logo\\\/image\\\/\",\"url\":\"https:\\\/\\\/balticoverlanders.eu\\\/wp-content\\\/uploads\\\/2023\\\/04\\\/BALTIC-OVERLANDERS-LOGO.jpg\",\"contentUrl\":\"https:\\\/\\\/balticoverlanders.eu\\\/wp-content\\\/uploads\\\/2023\\\/04\\\/BALTIC-OVERLANDERS-LOGO.jpg\",\"width\":1497,\"height\":310,\"caption\":\"BALTIC OVERLANDERS\"},\"image\":{\"@id\":\"https:\\\/\\\/balticoverlanders.eu\\\/lt\\\/#\\\/schema\\\/logo\\\/image\\\/\"},\"sameAs\":[\"https:\\\/\\\/www.instagram.com\\\/balticoverlanders\\\/\"]}]}<\/script>\n<!-- \/ Yoast SEO plugin. -->","yoast_head_json":{"title":"\"Wild Land\" Wild Cruiser PRO 250 stogo palapin\u0117 - BALTIC OVERLANDERS","description":"\u012eperkama \u0161eimynin\u0117 mink\u0161to apvalkalo palapin\u0117 su ap\u0161iltintu stoglangiu, LED \u017eibintu, patvaria \"Cordura\" danga, teleskopin\u0117mis kop\u0117\u010diomis, \u010diu\u017einiu, bat\u0173 ki\u0161en\u0117mis, atramin\u0117mis kojomis ir tvirtinimo rinkiniu.","robots":{"index":"index","follow":"follow","max-snippet":"max-snippet:-1","max-image-preview":"max-image-preview:large","max-video-preview":"max-video-preview:-1"},"canonical":"https:\/\/balticoverlanders.eu\/lt\/produktas\/wild-land-wild-cruiser-pro-250-stogo-palapine\/","og_locale":"lt_LT","og_type":"article","og_title":"\"Wild Land\" Wild Cruiser PRO 250 stogo palapin\u0117 - BALTIC OVERLANDERS","og_description":"\u012eperkama \u0161eimynin\u0117 mink\u0161to apvalkalo palapin\u0117 su ap\u0161iltintu stoglangiu, LED \u017eibintu, patvaria \"Cordura\" danga, teleskopin\u0117mis kop\u0117\u010diomis, \u010diu\u017einiu, bat\u0173 ki\u0161en\u0117mis, atramin\u0117mis kojomis ir tvirtinimo rinkiniu.","og_url":"https:\/\/balticoverlanders.eu\/lt\/produktas\/wild-land-wild-cruiser-pro-250-stogo-palapine\/","og_site_name":"BALTIC OVERLANDERS","article_modified_time":"2024-05-20T12:31:01+00:00","og_image":[{"width":1500,"height":1000,"url":"https:\/\/balticoverlanders.eu\/wp-content\/uploads\/2024\/05\/namiot-dachowy-Wild-Cruiser-PRO-250-rozlozony-na-Wranglerze-widok-z-tylu-auta.jpg","type":"image\/jpeg"}],"twitter_card":"summary_large_image","twitter_misc":{"Est. reading time":"2 minut\u0117s"},"schema":{"@context":"https:\/\/schema.org","@graph":[{"@type":"WebPage","@id":"https:\/\/balticoverlanders.eu\/lt\/produktas\/wild-land-wild-cruiser-pro-250-stogo-palapine\/","url":"https:\/\/balticoverlanders.eu\/lt\/produktas\/wild-land-wild-cruiser-pro-250-stogo-palapine\/","name":"\"Wild Land\" Wild Cruiser PRO 250 stogo palapin\u0117 - BALTIC OVERLANDERS","isPartOf":{"@id":"https:\/\/balticoverlanders.eu\/lt\/#website"},"primaryImageOfPage":{"@id":"https:\/\/balticoverlanders.eu\/lt\/produktas\/wild-land-wild-cruiser-pro-250-stogo-palapine\/#primaryimage"},"image":{"@id":"https:\/\/balticoverlanders.eu\/lt\/produktas\/wild-land-wild-cruiser-pro-250-stogo-palapine\/#primaryimage"},"thumbnailUrl":"https:\/\/balticoverlanders.eu\/wp-content\/uploads\/2024\/05\/namiot-dachowy-Wild-Cruiser-PRO-250-rozlozony-na-Wranglerze-widok-z-tylu-auta.jpg","datePublished":"2024-05-18T08:38:36+00:00","dateModified":"2024-05-20T12:31:01+00:00","description":"\u012eperkama \u0161eimynin\u0117 mink\u0161to apvalkalo palapin\u0117 su ap\u0161iltintu stoglangiu, LED \u017eibintu, patvaria \"Cordura\" danga, teleskopin\u0117mis kop\u0117\u010diomis, \u010diu\u017einiu, bat\u0173 ki\u0161en\u0117mis, atramin\u0117mis kojomis ir tvirtinimo rinkiniu.","breadcrumb":{"@id":"https:\/\/balticoverlanders.eu\/lt\/produktas\/wild-land-wild-cruiser-pro-250-stogo-palapine\/#breadcrumb"},"inLanguage":"lt-LT","potentialAction":[{"@type":"ReadAction","target":["https:\/\/balticoverlanders.eu\/lt\/produktas\/wild-land-wild-cruiser-pro-250-stogo-palapine\/"]}]},{"@type":"ImageObject","inLanguage":"lt-LT","@id":"https:\/\/balticoverlanders.eu\/lt\/produktas\/wild-land-wild-cruiser-pro-250-stogo-palapine\/#primaryimage","url":"https:\/\/balticoverlanders.eu\/wp-content\/uploads\/2024\/05\/namiot-dachowy-Wild-Cruiser-PRO-250-rozlozony-na-Wranglerze-widok-z-tylu-auta.jpg","contentUrl":"https:\/\/balticoverlanders.eu\/wp-content\/uploads\/2024\/05\/namiot-dachowy-Wild-Cruiser-PRO-250-rozlozony-na-Wranglerze-widok-z-tylu-auta.jpg","width":1500,"height":1000},{"@type":"BreadcrumbList","@id":"https:\/\/balticoverlanders.eu\/lt\/produktas\/wild-land-wild-cruiser-pro-250-stogo-palapine\/#breadcrumb","itemListElement":[{"@type":"ListItem","position":1,"name":"Home","item":"https:\/\/balticoverlanders.eu\/lt\/home\/"},{"@type":"ListItem","position":2,"name":"Parduotuv\u0117","item":"https:\/\/balticoverlanders.eu\/lt\/parduotuve\/"},{"@type":"ListItem","position":3,"name":"&#8222;Wild Land&#8221; Wild Cruiser PRO 250 stogo palapin\u0117"}]},{"@type":"WebSite","@id":"https:\/\/balticoverlanders.eu\/lt\/#website","url":"https:\/\/balticoverlanders.eu\/lt\/","name":"BALTIC OVERLANDERS","description":"Your one-stop shop in Latvia, Estonia, and Lithuania for all your car camping, rooftop tent and accessory needs.","publisher":{"@id":"https:\/\/balticoverlanders.eu\/lt\/#organization"},"potentialAction":[{"@type":"SearchAction","target":{"@type":"EntryPoint","urlTemplate":"https:\/\/balticoverlanders.eu\/lt\/?s={search_term_string}"},"query-input":{"@type":"PropertyValueSpecification","valueRequired":true,"valueName":"search_term_string"}}],"inLanguage":"lt-LT"},{"@type":"Organization","@id":"https:\/\/balticoverlanders.eu\/lt\/#organization","name":"BALTIC OVERLANDERS","url":"https:\/\/balticoverlanders.eu\/lt\/","logo":{"@type":"ImageObject","inLanguage":"lt-LT","@id":"https:\/\/balticoverlanders.eu\/lt\/#\/schema\/logo\/image\/","url":"https:\/\/balticoverlanders.eu\/wp-content\/uploads\/2023\/04\/BALTIC-OVERLANDERS-LOGO.jpg","contentUrl":"https:\/\/balticoverlanders.eu\/wp-content\/uploads\/2023\/04\/BALTIC-OVERLANDERS-LOGO.jpg","width":1497,"height":310,"caption":"BALTIC OVERLANDERS"},"image":{"@id":"https:\/\/balticoverlanders.eu\/lt\/#\/schema\/logo\/image\/"},"sameAs":["https:\/\/www.instagram.com\/balticoverlanders\/"]}]}},"_links":{"self":[{"href":"https:\/\/balticoverlanders.eu\/lt\/wp-json\/wp\/v2\/product\/42837","targetHints":{"allow":["GET"]}}],"collection":[{"href":"https:\/\/balticoverlanders.eu\/lt\/wp-json\/wp\/v2\/product"}],"about":[{"href":"https:\/\/balticoverlanders.eu\/lt\/wp-json\/wp\/v2\/types\/product"}],"wp:featuredmedia":[{"embeddable":true,"href":"https:\/\/balticoverlanders.eu\/lt\/wp-json\/wp\/v2\/media\/42408"}],"wp:attachment":[{"href":"https:\/\/balticoverlanders.eu\/lt\/wp-json\/wp\/v2\/media?parent=42837"}],"wp:term":[{"taxonomy":"product_brand","embeddable":true,"href":"https:\/\/balticoverlanders.eu\/lt\/wp-json\/wp\/v2\/product_brand?post=42837"},{"taxonomy":"product_cat","embeddable":true,"href":"https:\/\/balticoverlanders.eu\/lt\/wp-json\/wp\/v2\/product_cat?post=42837"},{"taxonomy":"product_tag","embeddable":true,"href":"https:\/\/balticoverlanders.eu\/lt\/wp-json\/wp\/v2\/product_tag?post=42837"}],"curies":[{"name":"wp","href":"https:\/\/api.w.org\/{rel}","templated":true}]}}