{"id":42844,"date":"2024-05-18T11:25:32","date_gmt":"2024-05-18T08:25:32","guid":{"rendered":"https:\/\/balticoverlanders.eu\/product\/wild-land-lite-cruiser-120-stogine-palapine\/"},"modified":"2024-05-20T15:40:14","modified_gmt":"2024-05-20T12:40:14","slug":"wild-land-lite-cruiser-120-stogine-palapine","status":"publish","type":"product","link":"https:\/\/balticoverlanders.eu\/lt\/produktas\/wild-land-lite-cruiser-120-stogine-palapine\/","title":{"rendered":"&#8222;Wild Land Lite Cruiser 120&#8221; stogin\u0117 palapin\u0117"},"content":{"rendered":"<h2>\u201eWild Land Lite Cruiser 120\u201d stogin\u0117 palapin\u0117: J\u016bs\u0173 geriausias kelioni\u0173 palydovas<\/h2>\n<h3>Ap\u017evalga<\/h3>\n<p>Pristatome \u201eLite Cruiser 120\u201d stogin\u0119 palapin\u0119 \u2013 puik\u0173 sprendim\u0105 tiems, kurie ie\u0161ko nuotyki\u0173, bet nekei\u010dia komforto. \u0160i naujovi\u0161ka palapin\u0117, sukurta taip, kad tilpt\u0173 net \u012f ma\u017eiausius automobilius, yra kompakti\u0161ka sulankstyta, ta\u010diau erdvi ir patvari. Idealiai tinka dviems \u017emon\u0117ms, tod\u0117l tai yra j\u016bs\u0173 sprendimas, kaip be vargo stovyklauti.<\/p>\n<h3>Pagrindin\u0117s funkcijos<\/h3>\n<p><strong>Kompakti\u0161kas ir lengvas dizainas<\/strong>:<\/p>\n<ul>\n<li><strong>Matmenys<\/strong>: I\u0161skleista palapin\u0117 yra 110 cm plo\u010dio, 125 cm ilgio ir 30 cm auk\u0161\u010dio.<\/li>\n<li><strong>Svoris<\/strong>: Lengva aliuminio konstrukcija, sverianti tik 39 kg, \u012fskaitant kop\u0117\u010dias.<\/li>\n<\/ul>\n<p><strong>Patvari konstrukcija<\/strong>:<\/p>\n<ul>\n<li>Pagaminta i\u0161 600D Rip-Stop Polycotton PU 2000 mm mi\u0161inio pagrindinei daliai ir 210D Rip-Stop Polyoxford PU 3000 mm pl\u0117velei, su UPF50+ apsaugos nuo saul\u0117s spinduli\u0173 sluoksniu.<\/li>\n<\/ul>\n<p><strong>Greita s\u0105ranka<\/strong>:<\/p>\n<ul>\n<li>I\u0161skleid\u017eiama per ma\u017eiau nei minut\u0119 ir suteikia 120\u00d7215 cm miegam\u0105j\u012f plot\u0105.<\/li>\n<li>\u010ciu\u017einys yra vientisas, nedalomas, kad b\u016bt\u0173 maksimaliai patogus.<\/li>\n<\/ul>\n<h3>Komfortas ir patogumas<\/h3>\n<p><strong>Panoraminiai langai<\/strong>:<\/p>\n<ul>\n<li>M\u0117gaukit\u0117s gamta su panoraminiais langais, kuriuos per liet\u0173 galima u\u017edaryti, kad \u012f vid\u0173 nepatekt\u0173 vandens.<\/li>\n<li>U\u017eklijuotos si\u016bl\u0117s ir pakeistas palapin\u0117s dang\u010dio u\u017etrauktukas u\u017etikrina atsparum\u0105 vandeniui, o specialiai suprojektuotas stogo dangtis kaip latakas nuleid\u017eia vanden\u012f palei i\u0161orines sienas.<\/li>\n<\/ul>\n<p><strong>Ventiliacija<\/strong>:<\/p>\n<ul>\n<li>Tinkama oro cirkuliacija su papildoma v\u0117dinimo anga viduje, kad nesusidaryt\u0173 kondensatas.<\/li>\n<li>Vidin\u0117se ki\u0161en\u0117se galima laikyti smulkius daiktus, pavyzd\u017eiui, akinius ar mobil\u0173j\u012f telefon\u0105.<\/li>\n<\/ul>\n<p><strong>Patogus \u010diu\u017einys<\/strong>:<\/p>\n<ul>\n<li>U\u017etikrina nepertraukiam\u0105 mieg\u0105 su vienu, nedalomu \u010diu\u017einiu, kad b\u016bt\u0173 dar patogiau.<\/li>\n<\/ul>\n<h3>Papildomos funkcijos<\/h3>\n<p><strong>Atsparus oro s\u0105lygoms<\/strong>:<\/p>\n<ul>\n<li>Palapin\u0117s med\u017eiagos ir konstrukcija yra pritaikytos \u012fvairioms oro s\u0105lygoms, tod\u0117l ji patvari ir patogi i\u0161tisus metus.<\/li>\n<\/ul>\n<p><strong>Lengva laikyti ir pri\u017ei\u016br\u0117ti<\/strong>:<\/p>\n<ul>\n<li>Nuimamos ir saugomos kop\u0117\u010dios palapin\u0117je arba automobilyje.<\/li>\n<li>Nuimami elementai, kad b\u016bt\u0173 lengva valyti ir pri\u017ei\u016br\u0117ti.<\/li>\n<\/ul>\n<h3>Kod\u0117l verta rinktis \u201eLite Cruiser 120\u201d?<\/h3>\n<p>Su \u201eLite Cruiser 120\u201d stogine palapine patirkite, kaip niekada anks\u010diau, \u012fsp\u016bd\u017eius gamtoje. D\u0117l tvirtos konstrukcijos, greitos s\u0105rankos ir bet kokio oro s\u0105lyg\u0173 ypatybi\u0173 jis yra geriausias bet kokio nuotykio palydovas. Nesvarbu, ar stovyklaujate vasar\u0105, ar tyrin\u0117jate snieguotus kra\u0161tovaizd\u017eius, \u201eLite Cruiser 120\u201d u\u017etikrins patogi\u0105 ir nevarginan\u010di\u0105 patirt\u012f.<\/p>\n<p>Su \u201eLite Cruiser 120\u201d stogine palapine pajusite nuotyki\u0173 dvasi\u0105 \u2013 \u010dia komfortas dera su patvarumu, o kiekviena kelion\u0117 tampa \u012fsimintina.<\/p>\n","protected":false},"excerpt":{"rendered":"<p>Itin lengva ir nebrangi mink\u0161to apvalkalo palapin\u0117 ant stogo, kompakti\u0161ko dyd\u017eio, tinkanti visiems ma\u017eiems automobiliams, sverianti vos 39 kg, geriausiai parduodama vieni\u0161iams ir jaunoms poroms, komplektuojama su teleskopin\u0117mis kop\u0117\u010diomis iki 230 cm ilgio, \u010diu\u017einiu, ki\u0161en\u0117mis batams, LED lemput\u0117mis viduje, montavimo rinkiniu ir instrukcija.<\/p>\n","protected":false},"featured_media":42371,"template":"","meta":[],"product_brand":[],"product_cat":[254,489],"product_tag":[],"class_list":{"0":"post-42844","1":"product","2":"type-product","3":"status-publish","4":"has-post-thumbnail","6":"product_cat-palapines-ant-stogo","7":"product_cat-laukine-zeme","9":"first","10":"onbackorder","11":"taxable","12":"shipping-taxable","13":"purchasable","14":"product-type-simple"},"yoast_head":"<!-- This site is optimized with the Yoast SEO plugin v27.5 - https:\/\/yoast.com\/product\/yoast-seo-wordpress\/ -->\n<title>&quot;Wild Land Lite Cruiser 120&quot; stogin\u0117 palapin\u0117 - BALTIC OVERLANDERS<\/title>\n<meta name=\"description\" content=\"Atraskite m\u016bs\u0173 itin lengv\u0105, nebrangi\u0105, vos 39 kg sverian\u010di\u0105 mink\u0161to apvalkalo stogo palapin\u0119 ma\u017eiems automobiliams. Puikiai tinka vieni\u0161iams ir jaunoms poroms. \u012e komplekt\u0105 \u012feina kop\u0117\u010dios, \u010diu\u017einys, LED lemput\u0117 ir tvirtinimo rinkinys.\" \/>\n<meta name=\"robots\" content=\"index, follow, max-snippet:-1, max-image-preview:large, max-video-preview:-1\" \/>\n<link rel=\"canonical\" href=\"https:\/\/balticoverlanders.eu\/lt\/produktas\/wild-land-lite-cruiser-120-stogine-palapine\/\" \/>\n<meta property=\"og:locale\" content=\"lt_LT\" \/>\n<meta property=\"og:type\" content=\"article\" \/>\n<meta property=\"og:title\" content=\"&quot;Wild Land Lite Cruiser 120&quot; stogin\u0117 palapin\u0117 - BALTIC OVERLANDERS\" \/>\n<meta property=\"og:description\" content=\"Atraskite m\u016bs\u0173 itin lengv\u0105, nebrangi\u0105, vos 39 kg sverian\u010di\u0105 mink\u0161to apvalkalo stogo palapin\u0119 ma\u017eiems automobiliams. Puikiai tinka vieni\u0161iams ir jaunoms poroms. \u012e komplekt\u0105 \u012feina kop\u0117\u010dios, \u010diu\u017einys, LED lemput\u0117 ir tvirtinimo rinkinys.\" \/>\n<meta property=\"og:url\" content=\"https:\/\/balticoverlanders.eu\/lt\/produktas\/wild-land-lite-cruiser-120-stogine-palapine\/\" \/>\n<meta property=\"og:site_name\" content=\"BALTIC OVERLANDERS\" \/>\n<meta property=\"article:modified_time\" content=\"2024-05-20T12:40:14+00:00\" \/>\n<meta property=\"og:image\" content=\"https:\/\/balticoverlanders.eu\/wp-content\/uploads\/2024\/05\/namiot-dachowy-Lite-Cruiser-rozlozony-z-otwartymi-oknami-rozlozony-stolik-i-krzesla-VW-Golf-Hatchback-poziom.jpg\" \/>\n\t<meta property=\"og:image:width\" content=\"1681\" \/>\n\t<meta property=\"og:image:height\" content=\"1000\" \/>\n\t<meta property=\"og:image:type\" content=\"image\/jpeg\" \/>\n<meta name=\"twitter:card\" content=\"summary_large_image\" \/>\n<meta name=\"twitter:label1\" content=\"Est. reading time\" \/>\n\t<meta name=\"twitter:data1\" content=\"2 minut\u0117s\" \/>\n<script type=\"application\/ld+json\" class=\"yoast-schema-graph\">{\"@context\":\"https:\\\/\\\/schema.org\",\"@graph\":[{\"@type\":\"WebPage\",\"@id\":\"https:\\\/\\\/balticoverlanders.eu\\\/lt\\\/produktas\\\/wild-land-lite-cruiser-120-stogine-palapine\\\/\",\"url\":\"https:\\\/\\\/balticoverlanders.eu\\\/lt\\\/produktas\\\/wild-land-lite-cruiser-120-stogine-palapine\\\/\",\"name\":\"\\\"Wild Land Lite Cruiser 120\\\" stogin\u0117 palapin\u0117 - BALTIC OVERLANDERS\",\"isPartOf\":{\"@id\":\"https:\\\/\\\/balticoverlanders.eu\\\/lt\\\/#website\"},\"primaryImageOfPage\":{\"@id\":\"https:\\\/\\\/balticoverlanders.eu\\\/lt\\\/produktas\\\/wild-land-lite-cruiser-120-stogine-palapine\\\/#primaryimage\"},\"image\":{\"@id\":\"https:\\\/\\\/balticoverlanders.eu\\\/lt\\\/produktas\\\/wild-land-lite-cruiser-120-stogine-palapine\\\/#primaryimage\"},\"thumbnailUrl\":\"https:\\\/\\\/balticoverlanders.eu\\\/wp-content\\\/uploads\\\/2024\\\/05\\\/namiot-dachowy-Lite-Cruiser-rozlozony-z-otwartymi-oknami-rozlozony-stolik-i-krzesla-VW-Golf-Hatchback-poziom.jpg\",\"datePublished\":\"2024-05-18T08:25:32+00:00\",\"dateModified\":\"2024-05-20T12:40:14+00:00\",\"description\":\"Atraskite m\u016bs\u0173 itin lengv\u0105, nebrangi\u0105, vos 39 kg sverian\u010di\u0105 mink\u0161to apvalkalo stogo palapin\u0119 ma\u017eiems automobiliams. Puikiai tinka vieni\u0161iams ir jaunoms poroms. \u012e komplekt\u0105 \u012feina kop\u0117\u010dios, \u010diu\u017einys, LED lemput\u0117 ir tvirtinimo rinkinys.\",\"breadcrumb\":{\"@id\":\"https:\\\/\\\/balticoverlanders.eu\\\/lt\\\/produktas\\\/wild-land-lite-cruiser-120-stogine-palapine\\\/#breadcrumb\"},\"inLanguage\":\"lt-LT\",\"potentialAction\":[{\"@type\":\"ReadAction\",\"target\":[\"https:\\\/\\\/balticoverlanders.eu\\\/lt\\\/produktas\\\/wild-land-lite-cruiser-120-stogine-palapine\\\/\"]}]},{\"@type\":\"ImageObject\",\"inLanguage\":\"lt-LT\",\"@id\":\"https:\\\/\\\/balticoverlanders.eu\\\/lt\\\/produktas\\\/wild-land-lite-cruiser-120-stogine-palapine\\\/#primaryimage\",\"url\":\"https:\\\/\\\/balticoverlanders.eu\\\/wp-content\\\/uploads\\\/2024\\\/05\\\/namiot-dachowy-Lite-Cruiser-rozlozony-z-otwartymi-oknami-rozlozony-stolik-i-krzesla-VW-Golf-Hatchback-poziom.jpg\",\"contentUrl\":\"https:\\\/\\\/balticoverlanders.eu\\\/wp-content\\\/uploads\\\/2024\\\/05\\\/namiot-dachowy-Lite-Cruiser-rozlozony-z-otwartymi-oknami-rozlozony-stolik-i-krzesla-VW-Golf-Hatchback-poziom.jpg\",\"width\":1681,\"height\":1000},{\"@type\":\"BreadcrumbList\",\"@id\":\"https:\\\/\\\/balticoverlanders.eu\\\/lt\\\/produktas\\\/wild-land-lite-cruiser-120-stogine-palapine\\\/#breadcrumb\",\"itemListElement\":[{\"@type\":\"ListItem\",\"position\":1,\"name\":\"Home\",\"item\":\"https:\\\/\\\/balticoverlanders.eu\\\/lt\\\/home\\\/\"},{\"@type\":\"ListItem\",\"position\":2,\"name\":\"Parduotuv\u0117\",\"item\":\"https:\\\/\\\/balticoverlanders.eu\\\/lt\\\/parduotuve\\\/\"},{\"@type\":\"ListItem\",\"position\":3,\"name\":\"&#8222;Wild Land Lite Cruiser 120&#8221; stogin\u0117 palapin\u0117\"}]},{\"@type\":\"WebSite\",\"@id\":\"https:\\\/\\\/balticoverlanders.eu\\\/lt\\\/#website\",\"url\":\"https:\\\/\\\/balticoverlanders.eu\\\/lt\\\/\",\"name\":\"BALTIC OVERLANDERS\",\"description\":\"Your one-stop shop in Latvia, Estonia, and Lithuania for all your car camping, rooftop tent and accessory needs.\",\"publisher\":{\"@id\":\"https:\\\/\\\/balticoverlanders.eu\\\/lt\\\/#organization\"},\"potentialAction\":[{\"@type\":\"SearchAction\",\"target\":{\"@type\":\"EntryPoint\",\"urlTemplate\":\"https:\\\/\\\/balticoverlanders.eu\\\/lt\\\/?s={search_term_string}\"},\"query-input\":{\"@type\":\"PropertyValueSpecification\",\"valueRequired\":true,\"valueName\":\"search_term_string\"}}],\"inLanguage\":\"lt-LT\"},{\"@type\":\"Organization\",\"@id\":\"https:\\\/\\\/balticoverlanders.eu\\\/lt\\\/#organization\",\"name\":\"BALTIC OVERLANDERS\",\"url\":\"https:\\\/\\\/balticoverlanders.eu\\\/lt\\\/\",\"logo\":{\"@type\":\"ImageObject\",\"inLanguage\":\"lt-LT\",\"@id\":\"https:\\\/\\\/balticoverlanders.eu\\\/lt\\\/#\\\/schema\\\/logo\\\/image\\\/\",\"url\":\"https:\\\/\\\/balticoverlanders.eu\\\/wp-content\\\/uploads\\\/2023\\\/04\\\/BALTIC-OVERLANDERS-LOGO.jpg\",\"contentUrl\":\"https:\\\/\\\/balticoverlanders.eu\\\/wp-content\\\/uploads\\\/2023\\\/04\\\/BALTIC-OVERLANDERS-LOGO.jpg\",\"width\":1497,\"height\":310,\"caption\":\"BALTIC OVERLANDERS\"},\"image\":{\"@id\":\"https:\\\/\\\/balticoverlanders.eu\\\/lt\\\/#\\\/schema\\\/logo\\\/image\\\/\"},\"sameAs\":[\"https:\\\/\\\/www.instagram.com\\\/balticoverlanders\\\/\"]}]}<\/script>\n<!-- \/ Yoast SEO plugin. -->","yoast_head_json":{"title":"\"Wild Land Lite Cruiser 120\" stogin\u0117 palapin\u0117 - BALTIC OVERLANDERS","description":"Atraskite m\u016bs\u0173 itin lengv\u0105, nebrangi\u0105, vos 39 kg sverian\u010di\u0105 mink\u0161to apvalkalo stogo palapin\u0119 ma\u017eiems automobiliams. Puikiai tinka vieni\u0161iams ir jaunoms poroms. \u012e komplekt\u0105 \u012feina kop\u0117\u010dios, \u010diu\u017einys, LED lemput\u0117 ir tvirtinimo rinkinys.","robots":{"index":"index","follow":"follow","max-snippet":"max-snippet:-1","max-image-preview":"max-image-preview:large","max-video-preview":"max-video-preview:-1"},"canonical":"https:\/\/balticoverlanders.eu\/lt\/produktas\/wild-land-lite-cruiser-120-stogine-palapine\/","og_locale":"lt_LT","og_type":"article","og_title":"\"Wild Land Lite Cruiser 120\" stogin\u0117 palapin\u0117 - BALTIC OVERLANDERS","og_description":"Atraskite m\u016bs\u0173 itin lengv\u0105, nebrangi\u0105, vos 39 kg sverian\u010di\u0105 mink\u0161to apvalkalo stogo palapin\u0119 ma\u017eiems automobiliams. Puikiai tinka vieni\u0161iams ir jaunoms poroms. \u012e komplekt\u0105 \u012feina kop\u0117\u010dios, \u010diu\u017einys, LED lemput\u0117 ir tvirtinimo rinkinys.","og_url":"https:\/\/balticoverlanders.eu\/lt\/produktas\/wild-land-lite-cruiser-120-stogine-palapine\/","og_site_name":"BALTIC OVERLANDERS","article_modified_time":"2024-05-20T12:40:14+00:00","og_image":[{"width":1681,"height":1000,"url":"https:\/\/balticoverlanders.eu\/wp-content\/uploads\/2024\/05\/namiot-dachowy-Lite-Cruiser-rozlozony-z-otwartymi-oknami-rozlozony-stolik-i-krzesla-VW-Golf-Hatchback-poziom.jpg","type":"image\/jpeg"}],"twitter_card":"summary_large_image","twitter_misc":{"Est. reading time":"2 minut\u0117s"},"schema":{"@context":"https:\/\/schema.org","@graph":[{"@type":"WebPage","@id":"https:\/\/balticoverlanders.eu\/lt\/produktas\/wild-land-lite-cruiser-120-stogine-palapine\/","url":"https:\/\/balticoverlanders.eu\/lt\/produktas\/wild-land-lite-cruiser-120-stogine-palapine\/","name":"\"Wild Land Lite Cruiser 120\" stogin\u0117 palapin\u0117 - BALTIC OVERLANDERS","isPartOf":{"@id":"https:\/\/balticoverlanders.eu\/lt\/#website"},"primaryImageOfPage":{"@id":"https:\/\/balticoverlanders.eu\/lt\/produktas\/wild-land-lite-cruiser-120-stogine-palapine\/#primaryimage"},"image":{"@id":"https:\/\/balticoverlanders.eu\/lt\/produktas\/wild-land-lite-cruiser-120-stogine-palapine\/#primaryimage"},"thumbnailUrl":"https:\/\/balticoverlanders.eu\/wp-content\/uploads\/2024\/05\/namiot-dachowy-Lite-Cruiser-rozlozony-z-otwartymi-oknami-rozlozony-stolik-i-krzesla-VW-Golf-Hatchback-poziom.jpg","datePublished":"2024-05-18T08:25:32+00:00","dateModified":"2024-05-20T12:40:14+00:00","description":"Atraskite m\u016bs\u0173 itin lengv\u0105, nebrangi\u0105, vos 39 kg sverian\u010di\u0105 mink\u0161to apvalkalo stogo palapin\u0119 ma\u017eiems automobiliams. Puikiai tinka vieni\u0161iams ir jaunoms poroms. \u012e komplekt\u0105 \u012feina kop\u0117\u010dios, \u010diu\u017einys, LED lemput\u0117 ir tvirtinimo rinkinys.","breadcrumb":{"@id":"https:\/\/balticoverlanders.eu\/lt\/produktas\/wild-land-lite-cruiser-120-stogine-palapine\/#breadcrumb"},"inLanguage":"lt-LT","potentialAction":[{"@type":"ReadAction","target":["https:\/\/balticoverlanders.eu\/lt\/produktas\/wild-land-lite-cruiser-120-stogine-palapine\/"]}]},{"@type":"ImageObject","inLanguage":"lt-LT","@id":"https:\/\/balticoverlanders.eu\/lt\/produktas\/wild-land-lite-cruiser-120-stogine-palapine\/#primaryimage","url":"https:\/\/balticoverlanders.eu\/wp-content\/uploads\/2024\/05\/namiot-dachowy-Lite-Cruiser-rozlozony-z-otwartymi-oknami-rozlozony-stolik-i-krzesla-VW-Golf-Hatchback-poziom.jpg","contentUrl":"https:\/\/balticoverlanders.eu\/wp-content\/uploads\/2024\/05\/namiot-dachowy-Lite-Cruiser-rozlozony-z-otwartymi-oknami-rozlozony-stolik-i-krzesla-VW-Golf-Hatchback-poziom.jpg","width":1681,"height":1000},{"@type":"BreadcrumbList","@id":"https:\/\/balticoverlanders.eu\/lt\/produktas\/wild-land-lite-cruiser-120-stogine-palapine\/#breadcrumb","itemListElement":[{"@type":"ListItem","position":1,"name":"Home","item":"https:\/\/balticoverlanders.eu\/lt\/home\/"},{"@type":"ListItem","position":2,"name":"Parduotuv\u0117","item":"https:\/\/balticoverlanders.eu\/lt\/parduotuve\/"},{"@type":"ListItem","position":3,"name":"&#8222;Wild Land Lite Cruiser 120&#8221; stogin\u0117 palapin\u0117"}]},{"@type":"WebSite","@id":"https:\/\/balticoverlanders.eu\/lt\/#website","url":"https:\/\/balticoverlanders.eu\/lt\/","name":"BALTIC OVERLANDERS","description":"Your one-stop shop in Latvia, Estonia, and Lithuania for all your car camping, rooftop tent and accessory needs.","publisher":{"@id":"https:\/\/balticoverlanders.eu\/lt\/#organization"},"potentialAction":[{"@type":"SearchAction","target":{"@type":"EntryPoint","urlTemplate":"https:\/\/balticoverlanders.eu\/lt\/?s={search_term_string}"},"query-input":{"@type":"PropertyValueSpecification","valueRequired":true,"valueName":"search_term_string"}}],"inLanguage":"lt-LT"},{"@type":"Organization","@id":"https:\/\/balticoverlanders.eu\/lt\/#organization","name":"BALTIC OVERLANDERS","url":"https:\/\/balticoverlanders.eu\/lt\/","logo":{"@type":"ImageObject","inLanguage":"lt-LT","@id":"https:\/\/balticoverlanders.eu\/lt\/#\/schema\/logo\/image\/","url":"https:\/\/balticoverlanders.eu\/wp-content\/uploads\/2023\/04\/BALTIC-OVERLANDERS-LOGO.jpg","contentUrl":"https:\/\/balticoverlanders.eu\/wp-content\/uploads\/2023\/04\/BALTIC-OVERLANDERS-LOGO.jpg","width":1497,"height":310,"caption":"BALTIC OVERLANDERS"},"image":{"@id":"https:\/\/balticoverlanders.eu\/lt\/#\/schema\/logo\/image\/"},"sameAs":["https:\/\/www.instagram.com\/balticoverlanders\/"]}]}},"_links":{"self":[{"href":"https:\/\/balticoverlanders.eu\/lt\/wp-json\/wp\/v2\/product\/42844","targetHints":{"allow":["GET"]}}],"collection":[{"href":"https:\/\/balticoverlanders.eu\/lt\/wp-json\/wp\/v2\/product"}],"about":[{"href":"https:\/\/balticoverlanders.eu\/lt\/wp-json\/wp\/v2\/types\/product"}],"wp:featuredmedia":[{"embeddable":true,"href":"https:\/\/balticoverlanders.eu\/lt\/wp-json\/wp\/v2\/media\/42371"}],"wp:attachment":[{"href":"https:\/\/balticoverlanders.eu\/lt\/wp-json\/wp\/v2\/media?parent=42844"}],"wp:term":[{"taxonomy":"product_brand","embeddable":true,"href":"https:\/\/balticoverlanders.eu\/lt\/wp-json\/wp\/v2\/product_brand?post=42844"},{"taxonomy":"product_cat","embeddable":true,"href":"https:\/\/balticoverlanders.eu\/lt\/wp-json\/wp\/v2\/product_cat?post=42844"},{"taxonomy":"product_tag","embeddable":true,"href":"https:\/\/balticoverlanders.eu\/lt\/wp-json\/wp\/v2\/product_tag?post=42844"}],"curies":[{"name":"wp","href":"https:\/\/api.w.org\/{rel}","templated":true}]}}