{"id":42850,"date":"2024-05-18T11:17:22","date_gmt":"2024-05-18T08:17:22","guid":{"rendered":"https:\/\/balticoverlanders.eu\/product\/wild-land-voyager-pro-230-stogine-palapine\/"},"modified":"2024-05-20T15:40:20","modified_gmt":"2024-05-20T12:40:20","slug":"wild-land-voyager-pro-230-stogine-palapine","status":"publish","type":"product","link":"https:\/\/balticoverlanders.eu\/lt\/produktas\/wild-land-voyager-pro-230-stogine-palapine\/","title":{"rendered":"&#8222;Wild Land Voyager PRO 230&#8221; stogin\u0117 palapin\u0117"},"content":{"rendered":"<h2>&#8222;Voyager PRO 230&#8221; stogin\u0117 palapin\u0117: J\u016bs\u0173 geriausias \u0161eimos kempingo palydovas<\/h2>\n<h3>Ap\u017evalga<\/h3>\n<p>Pristatome &#8222;Voyager PRO 230&#8221; stogo palapin\u0119 &#8211; ne\u012ftik\u0117tinai erdvi\u0105 ir patogi\u0105 stogo palapin\u0119, skirt\u0105 \u0161eimoms ir kelion\u0117ms i\u0161tisus metus. \u0160i palapin\u0117, \u012frengta tvirtame aliuminio korpuse, sukurta taip, kad atlaikyt\u0173 bet kokias oro s\u0105lygas ir u\u017etikrint\u0173 jauk\u0173 prieglobst\u012f, kad ir kur jus nuvest\u0173 nuotykiai.<\/p>\n<h3>Pagrindin\u0117s funkcijos<\/h3>\n<h4><strong>Erdvus ir kompakti\u0161kas dizainas<\/strong><\/h4>\n<ul>\n<li><strong>Miegamoji zona<\/strong>: Didelio dyd\u017eio (230&#215;200 cm) miegamoji vieta, kurioje vietos u\u017eteks visai \u0161eimai.<\/li>\n<li><strong>Sulankstytas Matmenys<\/strong>: Palapin\u0117 yra tik 29 cm auk\u0161\u010dio, tod\u0117l yra lengvesn\u0117 u\u017e \u012fprast\u0105 stogo d\u0117\u017e\u0119 ir puikiai tinka tiek didel\u0117ms transporto priemon\u0117ms, tiek \u0161eimyniniams universalams.<\/li>\n<li><strong>Svoris<\/strong>: Nepaisant didelio miegamojo ploto, palapin\u0117 sveria vos 66 kg, tod\u0117l j\u0105 lengva transportuoti ir montuoti.<\/li>\n<\/ul>\n<h4><strong>Patvari konstrukcija<\/strong><\/h4>\n<ul>\n<li><strong>Med\u017eiagos<\/strong>: WL-tech med\u017eiaga, pasi\u017eyminti 12000 mm PU atsparumu vandeniui. Ji labai pralaidi orui, atspari pa\u017eeidimams ir deformacijoms, o palapin\u0117s viduje u\u017etikrina tams\u0105, kad miegas b\u016bt\u0173 nepertraukiamas.<\/li>\n<li><strong>3 sluoksni\u0173 langai<\/strong>: \u012erengta pagrindin\u0117 palapin\u0117s med\u017eiaga, tinkleliai nuo uod\u0173 ir permatomi sluoksniai, u\u017etikrinantys komfort\u0105 bet kokiu oru, \u012fskaitant stipr\u0173 v\u0117j\u0105, smark\u0173 liet\u0173 ir snieg\u0105.<\/li>\n<\/ul>\n<h4><strong>Oro s\u0105lygoms atsparus<\/strong><\/h4>\n<ul>\n<li><strong>Visi\u0161ki atogr\u0105\u017eos<\/strong>: Palapin\u0117s konstrukcijoje yra pilni tropikai, u\u017etikrinantys papildom\u0105 apsaug\u0105 nuo nepalanki\u0173 oro s\u0105lyg\u0173 ir u\u017etikrinantys komfort\u0105 nepalankiomis s\u0105lygomis.<\/li>\n<li><strong>Izoliuotas priekinis apmu\u0161alas<\/strong>: Vir\u0161utin\u0117 palapin\u0117s dalis pagaminta i\u0161 ap\u0161iltinimo med\u017eiagos, tod\u0117l kar\u0161tomis dienomis palapin\u0117 per daug ne\u012fkaista, o v\u0117sesn\u0117mis dienomis i\u0161laiko \u0161ilum\u0105. \u0160i konstrukcija taip pat suma\u017eina kondensacij\u0105, nes suma\u017eina temperat\u016br\u0173 skirtumus.<\/li>\n<\/ul>\n<h3>Komfortas ir patogumas<\/h3>\n<h4><strong>Greita s\u0105ranka<\/strong><\/h4>\n<ul>\n<li><strong>Naudojimo paprastumas<\/strong>: I\u0161skleid\u017eiamas ir sulankstomas keliais paprastais judesiais grei\u010diau nei per minut\u0119, tod\u0117l nereikia papildom\u0173 kai\u0161\u010di\u0173 ar lang\u0173 dang\u010di\u0173.<\/li>\n<\/ul>\n<h4><strong>Interjero ypatyb\u0117s<\/strong><\/h4>\n<ul>\n<li><strong>Panoraminiai langai<\/strong>: Ant lang\u0173 ir \u012f\u0117jim\u0173 u\u017ed\u0117ti tinkleliai nuo uod\u0173 apsaugo nuo vabzd\u017ei\u0173.<\/li>\n<li><strong>Saugojimo ki\u0161en\u0117s<\/strong>: \u012evairaus dyd\u017eio ki\u0161en\u0117s palapin\u0117s viduje, skirtos patogiems daiktams laikyti, kad viskas b\u016bt\u0173 pasiekiama.<\/li>\n<li><strong>LED ap\u0161vietimas<\/strong>: \u012e komplekt\u0105 \u012feina lanksti LED juostel\u0117 su USB i\u0161vestimi, skirta patogiam ap\u0161vietimui palapin\u0117s viduje.<\/li>\n<\/ul>\n<h4><strong>Patogus \u010diu\u017einys<\/strong><\/h4>\n<ul>\n<li><strong>Dizainas<\/strong>: 5 cm storio \u010diu\u017einys yra vientisas nedalomas elementas, u\u017etikrinantis komfort\u0105 ir stabilum\u0105 be varginan\u010dio s\u0105nari\u0173 jud\u0117jimo. Dangtis pagamintas i\u0161 malonios liesti med\u017eiagos.<\/li>\n<\/ul>\n<h4><strong>Ventiliacija<\/strong><\/h4>\n<ul>\n<li><strong>Oro cirkuliacija<\/strong>: Papildomos v\u0117dinimo angos apsaugo nuo gar\u0173 kondensacijos net esant dideliems temperat\u016br\u0173 skirtumams.<\/li>\n<\/ul>\n<h3>Papildomos funkcijos<\/h3>\n<h4><strong>Aliuminio teleskopin\u0117s kop\u0117\u010dios<\/strong><\/h4>\n<ul>\n<li><strong>Dizainas<\/strong>: Juodo aliuminio teleskopin\u0117s kop\u0117\u010dios, kurias galima nuimti ir sulankstytas laikyti palapin\u0117je arba automobilyje.<\/li>\n<\/ul>\n<h4><strong>Nuimami elementai<\/strong><\/h4>\n<ul>\n<li><strong>Technin\u0117 prie\u017ei\u016bra<\/strong>: Kiekviena palapin\u0117s dalis yra visi\u0161kai nuimama, kad j\u0105 b\u016bt\u0173 lengva valyti ir pri\u017ei\u016br\u0117ti. \u010ciu\u017einio u\u017evalkal\u0105 galima skalbti, o med\u017eiag\u0105 galima v\u0117l impregnuoti, kad ji b\u016bt\u0173 ilgaam\u017e\u0117.<\/li>\n<\/ul>\n<h3>Pogarantinis aptarnavimas<\/h3>\n<ul>\n<li><strong>Parama<\/strong>: Net ir pasibaigus 2 met\u0173 garantijos laikotarpiui galite pasikliauti pogarantiniu aptarnavimu ir lengvai prieinamomis dalimis, kad palapin\u0117 i\u0161likt\u0173 geriausios b\u016bkl\u0117s.<\/li>\n<\/ul>\n<h3>Kod\u0117l verta rinktis &#8222;Voyager PRO 230&#8221;?<\/h3>\n<p>Patirkite neprilygstam\u0105 komfort\u0105, patvarum\u0105 ir patogum\u0105 su &#8222;Voyager PRO 230&#8221; stogo palapine. D\u0117l tvirtos konstrukcijos, greito paruo\u0161imo ir bet kokiomis oro s\u0105lygomis veikian\u010di\u0173 funkcij\u0173 jis yra geriausias \u0161eimos nuotyki\u0173 palydovas. Nesvarbu, ar stovyklautum\u0117te vasar\u0105, ar tyrin\u0117tum\u0117te snieguotus kra\u0161tovaizd\u017eius, &#8222;Voyager PRO 230&#8221; u\u017etikrina patogi\u0105 ir nesud\u0117ting\u0105 kelion\u0119 visai \u0161eimai.<\/p>\n<p>Su &#8222;Voyager PRO 230&#8221; stogo palapine pajusite nuotyki\u0173 dvasi\u0105 &#8211; \u010dia erdvus komfortas dera su ilgaam\u017ei\u0161kumu, tod\u0117l kiekviena kelion\u0117 taps nepamir\u0161tama.<\/p>\n","protected":false},"excerpt":{"rendered":"<p>Ne\u012ftik\u0117tinai erdvi ir patogi \u0161eimynin\u0117 palapin\u0117 su stogu. U\u017edaryta tik 25 cm ir 28 cm auk\u0161\u010dio su aliuminio profiliu \u017eemiau, mink\u0161ta apykakl\u0117 geresnei palapin\u0117s ventiliacijai, kai ji u\u017edaryta, PRO serija buvo sukurta kelion\u0117ms i\u0161tisus metus, pilnas flysheet pagamintas i\u0161 WL-tech med\u017eiagos, atsparus vandeniui iki PU 12000 mm, 3 sluoksni\u0173 langai kiekvienoje palapin\u0117s pus\u0117je, 360\u00b0 panoraminis vaizdas, Komplekte yra: teleskopin\u0117s kop\u0117\u010dios iki 230 cm ilgio, \u010diu\u017einys, ki\u0161en\u0117s batams, LED lemput\u0117 viduje, 2 papildomos kojos palapinei palaikyti ir i\u0161lyginti, montavimo rinkinys kartu su instrukcija.&#8221;<\/p>\n","protected":false},"featured_media":51163,"template":"","meta":[],"product_brand":[],"product_cat":[254,489],"product_tag":[],"class_list":{"0":"post-42850","1":"product","2":"type-product","3":"status-publish","4":"has-post-thumbnail","6":"product_cat-palapines-ant-stogo","7":"product_cat-laukine-zeme","9":"first","10":"onbackorder","11":"taxable","12":"shipping-taxable","13":"purchasable","14":"product-type-simple"},"yoast_head":"<!-- This site is optimized with the Yoast SEO plugin v27.3 - https:\/\/yoast.com\/product\/yoast-seo-wordpress\/ -->\n<title>&quot;Wild Land Voyager PRO 230&quot; stogin\u0117 palapin\u0117 - BALTIC OVERLANDERS<\/title>\n<meta name=\"description\" content=\"Atraskite m\u016bs\u0173 erdvi\u0105 \u0161eimynin\u0119 palapin\u0119 su stogu: Si\u016blome 360\u00b0 panoramin\u012f vaizd\u0105, atspari vandeniui, naudojama i\u0161tisus metus, teleskopin\u0117s kop\u0117\u010dios, LED ap\u0161vietimas, \u010diu\u017einys ir dar daugiau. Puikiai tinka kitam nuotykiui.\" \/>\n<meta name=\"robots\" content=\"index, follow, max-snippet:-1, max-image-preview:large, max-video-preview:-1\" \/>\n<link rel=\"canonical\" href=\"https:\/\/balticoverlanders.eu\/lt\/produktas\/wild-land-voyager-pro-230-stogine-palapine\/\" \/>\n<meta property=\"og:locale\" content=\"lt_LT\" \/>\n<meta property=\"og:type\" content=\"article\" \/>\n<meta property=\"og:title\" content=\"&quot;Wild Land Voyager PRO 230&quot; stogin\u0117 palapin\u0117 - BALTIC OVERLANDERS\" \/>\n<meta property=\"og:description\" content=\"Atraskite m\u016bs\u0173 erdvi\u0105 \u0161eimynin\u0119 palapin\u0119 su stogu: Si\u016blome 360\u00b0 panoramin\u012f vaizd\u0105, atspari vandeniui, naudojama i\u0161tisus metus, teleskopin\u0117s kop\u0117\u010dios, LED ap\u0161vietimas, \u010diu\u017einys ir dar daugiau. Puikiai tinka kitam nuotykiui.\" \/>\n<meta property=\"og:url\" content=\"https:\/\/balticoverlanders.eu\/lt\/produktas\/wild-land-voyager-pro-230-stogine-palapine\/\" \/>\n<meta property=\"og:site_name\" content=\"BALTIC OVERLANDERS\" \/>\n<meta property=\"article:modified_time\" content=\"2024-05-20T12:40:20+00:00\" \/>\n<meta property=\"og:image\" content=\"https:\/\/balticoverlanders.eu\/wp-content\/uploads\/2024\/05\/WhatsApp-Image-2024-05-18-at-1.45.28-PM.jpeg\" \/>\n\t<meta property=\"og:image:width\" content=\"1500\" \/>\n\t<meta property=\"og:image:height\" content=\"1000\" \/>\n\t<meta property=\"og:image:type\" content=\"image\/jpeg\" \/>\n<meta name=\"twitter:card\" content=\"summary_large_image\" \/>\n<meta name=\"twitter:label1\" content=\"Est. reading time\" \/>\n\t<meta name=\"twitter:data1\" content=\"3 minut\u0117s\" \/>\n<script type=\"application\/ld+json\" class=\"yoast-schema-graph\">{\"@context\":\"https:\\\/\\\/schema.org\",\"@graph\":[{\"@type\":\"WebPage\",\"@id\":\"https:\\\/\\\/balticoverlanders.eu\\\/lt\\\/produktas\\\/wild-land-voyager-pro-230-stogine-palapine\\\/\",\"url\":\"https:\\\/\\\/balticoverlanders.eu\\\/lt\\\/produktas\\\/wild-land-voyager-pro-230-stogine-palapine\\\/\",\"name\":\"\\\"Wild Land Voyager PRO 230\\\" stogin\u0117 palapin\u0117 - BALTIC OVERLANDERS\",\"isPartOf\":{\"@id\":\"https:\\\/\\\/balticoverlanders.eu\\\/lt\\\/#website\"},\"primaryImageOfPage\":{\"@id\":\"https:\\\/\\\/balticoverlanders.eu\\\/lt\\\/produktas\\\/wild-land-voyager-pro-230-stogine-palapine\\\/#primaryimage\"},\"image\":{\"@id\":\"https:\\\/\\\/balticoverlanders.eu\\\/lt\\\/produktas\\\/wild-land-voyager-pro-230-stogine-palapine\\\/#primaryimage\"},\"thumbnailUrl\":\"https:\\\/\\\/balticoverlanders.eu\\\/wp-content\\\/uploads\\\/2024\\\/05\\\/Wild-Land-Voyager-PRO-roof-top-tent_009-1-scaled.jpg\",\"datePublished\":\"2024-05-18T08:17:22+00:00\",\"dateModified\":\"2024-05-20T12:40:20+00:00\",\"description\":\"Atraskite m\u016bs\u0173 erdvi\u0105 \u0161eimynin\u0119 palapin\u0119 su stogu: Si\u016blome 360\u00b0 panoramin\u012f vaizd\u0105, atspari vandeniui, naudojama i\u0161tisus metus, teleskopin\u0117s kop\u0117\u010dios, LED ap\u0161vietimas, \u010diu\u017einys ir dar daugiau. Puikiai tinka kitam nuotykiui.\",\"breadcrumb\":{\"@id\":\"https:\\\/\\\/balticoverlanders.eu\\\/lt\\\/produktas\\\/wild-land-voyager-pro-230-stogine-palapine\\\/#breadcrumb\"},\"inLanguage\":\"lt-LT\",\"potentialAction\":[{\"@type\":\"ReadAction\",\"target\":[\"https:\\\/\\\/balticoverlanders.eu\\\/lt\\\/produktas\\\/wild-land-voyager-pro-230-stogine-palapine\\\/\"]}]},{\"@type\":\"ImageObject\",\"inLanguage\":\"lt-LT\",\"@id\":\"https:\\\/\\\/balticoverlanders.eu\\\/lt\\\/produktas\\\/wild-land-voyager-pro-230-stogine-palapine\\\/#primaryimage\",\"url\":\"https:\\\/\\\/balticoverlanders.eu\\\/wp-content\\\/uploads\\\/2024\\\/05\\\/Wild-Land-Voyager-PRO-roof-top-tent_009-1-scaled.jpg\",\"contentUrl\":\"https:\\\/\\\/balticoverlanders.eu\\\/wp-content\\\/uploads\\\/2024\\\/05\\\/Wild-Land-Voyager-PRO-roof-top-tent_009-1-scaled.jpg\",\"width\":2560,\"height\":1703},{\"@type\":\"BreadcrumbList\",\"@id\":\"https:\\\/\\\/balticoverlanders.eu\\\/lt\\\/produktas\\\/wild-land-voyager-pro-230-stogine-palapine\\\/#breadcrumb\",\"itemListElement\":[{\"@type\":\"ListItem\",\"position\":1,\"name\":\"Home\",\"item\":\"https:\\\/\\\/balticoverlanders.eu\\\/lt\\\/home\\\/\"},{\"@type\":\"ListItem\",\"position\":2,\"name\":\"Parduotuv\u0117\",\"item\":\"https:\\\/\\\/balticoverlanders.eu\\\/lt\\\/parduotuve\\\/\"},{\"@type\":\"ListItem\",\"position\":3,\"name\":\"&#8220;Wild Land Voyager PRO 230&#8221; stogin\u0117 palapin\u0117\"}]},{\"@type\":\"WebSite\",\"@id\":\"https:\\\/\\\/balticoverlanders.eu\\\/lt\\\/#website\",\"url\":\"https:\\\/\\\/balticoverlanders.eu\\\/lt\\\/\",\"name\":\"BALTIC OVERLANDERS\",\"description\":\"Your one-stop shop in Latvia, Estonia, and Lithuania for all your car camping, rooftop tent and accessory needs.\",\"publisher\":{\"@id\":\"https:\\\/\\\/balticoverlanders.eu\\\/lt\\\/#organization\"},\"potentialAction\":[{\"@type\":\"SearchAction\",\"target\":{\"@type\":\"EntryPoint\",\"urlTemplate\":\"https:\\\/\\\/balticoverlanders.eu\\\/lt\\\/?s={search_term_string}\"},\"query-input\":{\"@type\":\"PropertyValueSpecification\",\"valueRequired\":true,\"valueName\":\"search_term_string\"}}],\"inLanguage\":\"lt-LT\"},{\"@type\":\"Organization\",\"@id\":\"https:\\\/\\\/balticoverlanders.eu\\\/lt\\\/#organization\",\"name\":\"BALTIC OVERLANDERS\",\"url\":\"https:\\\/\\\/balticoverlanders.eu\\\/lt\\\/\",\"logo\":{\"@type\":\"ImageObject\",\"inLanguage\":\"lt-LT\",\"@id\":\"https:\\\/\\\/balticoverlanders.eu\\\/lt\\\/#\\\/schema\\\/logo\\\/image\\\/\",\"url\":\"https:\\\/\\\/balticoverlanders.eu\\\/wp-content\\\/uploads\\\/2023\\\/04\\\/BALTIC-OVERLANDERS-LOGO.jpg\",\"contentUrl\":\"https:\\\/\\\/balticoverlanders.eu\\\/wp-content\\\/uploads\\\/2023\\\/04\\\/BALTIC-OVERLANDERS-LOGO.jpg\",\"width\":1497,\"height\":310,\"caption\":\"BALTIC OVERLANDERS\"},\"image\":{\"@id\":\"https:\\\/\\\/balticoverlanders.eu\\\/lt\\\/#\\\/schema\\\/logo\\\/image\\\/\"},\"sameAs\":[\"https:\\\/\\\/www.instagram.com\\\/balticoverlanders\\\/\"]}]}<\/script>\n<!-- \/ Yoast SEO plugin. -->","yoast_head_json":{"title":"\"Wild Land Voyager PRO 230\" stogin\u0117 palapin\u0117 - BALTIC OVERLANDERS","description":"Atraskite m\u016bs\u0173 erdvi\u0105 \u0161eimynin\u0119 palapin\u0119 su stogu: Si\u016blome 360\u00b0 panoramin\u012f vaizd\u0105, atspari vandeniui, naudojama i\u0161tisus metus, teleskopin\u0117s kop\u0117\u010dios, LED ap\u0161vietimas, \u010diu\u017einys ir dar daugiau. Puikiai tinka kitam nuotykiui.","robots":{"index":"index","follow":"follow","max-snippet":"max-snippet:-1","max-image-preview":"max-image-preview:large","max-video-preview":"max-video-preview:-1"},"canonical":"https:\/\/balticoverlanders.eu\/lt\/produktas\/wild-land-voyager-pro-230-stogine-palapine\/","og_locale":"lt_LT","og_type":"article","og_title":"\"Wild Land Voyager PRO 230\" stogin\u0117 palapin\u0117 - BALTIC OVERLANDERS","og_description":"Atraskite m\u016bs\u0173 erdvi\u0105 \u0161eimynin\u0119 palapin\u0119 su stogu: Si\u016blome 360\u00b0 panoramin\u012f vaizd\u0105, atspari vandeniui, naudojama i\u0161tisus metus, teleskopin\u0117s kop\u0117\u010dios, LED ap\u0161vietimas, \u010diu\u017einys ir dar daugiau. Puikiai tinka kitam nuotykiui.","og_url":"https:\/\/balticoverlanders.eu\/lt\/produktas\/wild-land-voyager-pro-230-stogine-palapine\/","og_site_name":"BALTIC OVERLANDERS","article_modified_time":"2024-05-20T12:40:20+00:00","og_image":[{"width":1500,"height":1000,"url":"https:\/\/balticoverlanders.eu\/wp-content\/uploads\/2024\/05\/WhatsApp-Image-2024-05-18-at-1.45.28-PM.jpeg","type":"image\/jpeg"}],"twitter_card":"summary_large_image","twitter_misc":{"Est. reading time":"3 minut\u0117s"},"schema":{"@context":"https:\/\/schema.org","@graph":[{"@type":"WebPage","@id":"https:\/\/balticoverlanders.eu\/lt\/produktas\/wild-land-voyager-pro-230-stogine-palapine\/","url":"https:\/\/balticoverlanders.eu\/lt\/produktas\/wild-land-voyager-pro-230-stogine-palapine\/","name":"\"Wild Land Voyager PRO 230\" stogin\u0117 palapin\u0117 - BALTIC OVERLANDERS","isPartOf":{"@id":"https:\/\/balticoverlanders.eu\/lt\/#website"},"primaryImageOfPage":{"@id":"https:\/\/balticoverlanders.eu\/lt\/produktas\/wild-land-voyager-pro-230-stogine-palapine\/#primaryimage"},"image":{"@id":"https:\/\/balticoverlanders.eu\/lt\/produktas\/wild-land-voyager-pro-230-stogine-palapine\/#primaryimage"},"thumbnailUrl":"https:\/\/balticoverlanders.eu\/wp-content\/uploads\/2024\/05\/Wild-Land-Voyager-PRO-roof-top-tent_009-1-scaled.jpg","datePublished":"2024-05-18T08:17:22+00:00","dateModified":"2024-05-20T12:40:20+00:00","description":"Atraskite m\u016bs\u0173 erdvi\u0105 \u0161eimynin\u0119 palapin\u0119 su stogu: Si\u016blome 360\u00b0 panoramin\u012f vaizd\u0105, atspari vandeniui, naudojama i\u0161tisus metus, teleskopin\u0117s kop\u0117\u010dios, LED ap\u0161vietimas, \u010diu\u017einys ir dar daugiau. Puikiai tinka kitam nuotykiui.","breadcrumb":{"@id":"https:\/\/balticoverlanders.eu\/lt\/produktas\/wild-land-voyager-pro-230-stogine-palapine\/#breadcrumb"},"inLanguage":"lt-LT","potentialAction":[{"@type":"ReadAction","target":["https:\/\/balticoverlanders.eu\/lt\/produktas\/wild-land-voyager-pro-230-stogine-palapine\/"]}]},{"@type":"ImageObject","inLanguage":"lt-LT","@id":"https:\/\/balticoverlanders.eu\/lt\/produktas\/wild-land-voyager-pro-230-stogine-palapine\/#primaryimage","url":"https:\/\/balticoverlanders.eu\/wp-content\/uploads\/2024\/05\/Wild-Land-Voyager-PRO-roof-top-tent_009-1-scaled.jpg","contentUrl":"https:\/\/balticoverlanders.eu\/wp-content\/uploads\/2024\/05\/Wild-Land-Voyager-PRO-roof-top-tent_009-1-scaled.jpg","width":2560,"height":1703},{"@type":"BreadcrumbList","@id":"https:\/\/balticoverlanders.eu\/lt\/produktas\/wild-land-voyager-pro-230-stogine-palapine\/#breadcrumb","itemListElement":[{"@type":"ListItem","position":1,"name":"Home","item":"https:\/\/balticoverlanders.eu\/lt\/home\/"},{"@type":"ListItem","position":2,"name":"Parduotuv\u0117","item":"https:\/\/balticoverlanders.eu\/lt\/parduotuve\/"},{"@type":"ListItem","position":3,"name":"&#8220;Wild Land Voyager PRO 230&#8221; stogin\u0117 palapin\u0117"}]},{"@type":"WebSite","@id":"https:\/\/balticoverlanders.eu\/lt\/#website","url":"https:\/\/balticoverlanders.eu\/lt\/","name":"BALTIC OVERLANDERS","description":"Your one-stop shop in Latvia, Estonia, and Lithuania for all your car camping, rooftop tent and accessory needs.","publisher":{"@id":"https:\/\/balticoverlanders.eu\/lt\/#organization"},"potentialAction":[{"@type":"SearchAction","target":{"@type":"EntryPoint","urlTemplate":"https:\/\/balticoverlanders.eu\/lt\/?s={search_term_string}"},"query-input":{"@type":"PropertyValueSpecification","valueRequired":true,"valueName":"search_term_string"}}],"inLanguage":"lt-LT"},{"@type":"Organization","@id":"https:\/\/balticoverlanders.eu\/lt\/#organization","name":"BALTIC OVERLANDERS","url":"https:\/\/balticoverlanders.eu\/lt\/","logo":{"@type":"ImageObject","inLanguage":"lt-LT","@id":"https:\/\/balticoverlanders.eu\/lt\/#\/schema\/logo\/image\/","url":"https:\/\/balticoverlanders.eu\/wp-content\/uploads\/2023\/04\/BALTIC-OVERLANDERS-LOGO.jpg","contentUrl":"https:\/\/balticoverlanders.eu\/wp-content\/uploads\/2023\/04\/BALTIC-OVERLANDERS-LOGO.jpg","width":1497,"height":310,"caption":"BALTIC OVERLANDERS"},"image":{"@id":"https:\/\/balticoverlanders.eu\/lt\/#\/schema\/logo\/image\/"},"sameAs":["https:\/\/www.instagram.com\/balticoverlanders\/"]}]}},"_links":{"self":[{"href":"https:\/\/balticoverlanders.eu\/lt\/wp-json\/wp\/v2\/product\/42850","targetHints":{"allow":["GET"]}}],"collection":[{"href":"https:\/\/balticoverlanders.eu\/lt\/wp-json\/wp\/v2\/product"}],"about":[{"href":"https:\/\/balticoverlanders.eu\/lt\/wp-json\/wp\/v2\/types\/product"}],"wp:featuredmedia":[{"embeddable":true,"href":"https:\/\/balticoverlanders.eu\/lt\/wp-json\/wp\/v2\/media\/51163"}],"wp:attachment":[{"href":"https:\/\/balticoverlanders.eu\/lt\/wp-json\/wp\/v2\/media?parent=42850"}],"wp:term":[{"taxonomy":"product_brand","embeddable":true,"href":"https:\/\/balticoverlanders.eu\/lt\/wp-json\/wp\/v2\/product_brand?post=42850"},{"taxonomy":"product_cat","embeddable":true,"href":"https:\/\/balticoverlanders.eu\/lt\/wp-json\/wp\/v2\/product_cat?post=42850"},{"taxonomy":"product_tag","embeddable":true,"href":"https:\/\/balticoverlanders.eu\/lt\/wp-json\/wp\/v2\/product_tag?post=42850"}],"curies":[{"name":"wp","href":"https:\/\/api.w.org\/{rel}","templated":true}]}}