{"id":42856,"date":"2024-05-18T11:05:35","date_gmt":"2024-05-18T08:05:35","guid":{"rendered":"https:\/\/balticoverlanders.eu\/product\/wild-land-voyager-pro-160-stogine-palapine\/"},"modified":"2024-05-20T15:40:21","modified_gmt":"2024-05-20T12:40:21","slug":"wild-land-voyager-pro-160-stogine-palapine","status":"publish","type":"product","link":"https:\/\/balticoverlanders.eu\/lt\/produktas\/wild-land-voyager-pro-160-stogine-palapine\/","title":{"rendered":"&#8222;Wild Land Voyager PRO 160&#8221; stogin\u0117 palapin\u0117"},"content":{"rendered":"<div class=\"flex flex-grow flex-col max-w-full\">\n<div class=\"min-h-[20px] text-message flex flex-col items-start whitespace-pre-wrap break-words [.text-message+&amp;]:mt-5 juice:w-full juice:items-end overflow-x-auto gap-2\" dir=\"auto\" data-message-author-role=\"assistant\" data-message-id=\"d6398d34-9458-4e61-8ae8-e520b81841d5\">\n<div class=\"flex w-full flex-col gap-1 juice:empty:hidden juice:first:pt-[3px]\">\n<div class=\"markdown prose w-full break-words dark:prose-invert dark\">\n<h3>&#8222;Voyager PRO 160&#8221; stogin\u0117 palapin\u0117: J\u016bs\u0173 geriausias stovyklavimo kompanionas<\/h3>\n<h4>Ap\u017evalga<\/h4>\n<p>Pristatome &#8222;Voyager PRO 160&#8221; palapin\u0119 su stogu &#8211; komforto, patvarumo ir patogumo \u012fsik\u016bnijim\u0105. \u0160i naujovi\u0161ka palapin\u0117, puikiai pritaikyta 3-4 \u017emon\u0117ms, yra kompakti\u0161ka, kai yra sulankstyta, ta\u010diau erdvi ir patogi, kai yra pastatyta. Tai idealiai tinka ma\u017eiems he\u010dbeko tipo automobiliams ir keliautojams, kurie keliauja i\u0161tisus metus, nes tai yra j\u016bs\u0173 sprendimas nuotykiams bet kokiu oru.<\/p>\n<h4>Pagrindin\u0117s funkcijos<\/h4>\n<ul>\n<li><strong>Kompakti\u0161kas ir erdvus dizainas<\/strong>: Si\u016blomas didelis 230&#215;160 cm miegamasis plotas. Sulankstyta ji yra 174&#215;124 cm dyd\u017eio, o jos auk\u0161tis &#8211; tik 29 cm, taigi ji yra ma\u017eesn\u0117 u\u017e \u012fprast\u0105 stogo d\u0117\u017e\u0119.<\/li>\n<li><strong>Patvari konstrukcija<\/strong>: Tvirto aliuminio korpuso palapin\u0117 yra tvirta ir pritaikyta atlaikyti \u012fvairias oro s\u0105lygas.<\/li>\n<li><strong>Atsparus atmosferos poveikiui<\/strong>: apklotas pagamintas i\u0161 WL-tech med\u017eiagos, atsparios vandeniui iki 12000 mm. \u0160i patentuota med\u017eiaga taip pat u\u017etikrina didel\u012f pralaidum\u0105 orui ir atsparum\u0105 pa\u017eeidimams bei deformacijoms, tod\u0117l palapin\u0117s viduje yra tamsu, kad miegas b\u016bt\u0173 nepertraukiamas net ir anksti au\u0161tant.<\/li>\n<li><strong>3 sluoksni\u0173 langai<\/strong>: Kiekvienoje pus\u0117je yra 3 sluoksni\u0173 langai (pagrindin\u0117 palapin\u0117s med\u017eiaga, tinklelis nuo uod\u0173 ir permatoma med\u017eiaga), u\u017etikrinantys optimal\u0173 komfort\u0105 bet kokiu oru.<\/li>\n<li><strong>Greita s\u0105ranka<\/strong>: I\u0161skleid\u017eiamas ir sulankstomas keliais paprastais judesiais grei\u010diau nei per minut\u0119. Nereikia papildom\u0173 kai\u0161\u010di\u0173 ar lang\u0173 u\u017edangal\u0173.<\/li>\n<\/ul>\n<h4>Komfortas ir patogumas<\/h4>\n<ul>\n<li><strong>LED ap\u0161vietimas<\/strong>: \u012e komplekt\u0105 \u012feina lanksti LED juostel\u0117 su USB i\u0161vestimi, kuri\u0105 galima prijungti prie bet kokio maitinimo banko, taip u\u017etikrinant tinkam\u0105 ap\u0161vietim\u0105 palapin\u0117s viduje.<\/li>\n<li><strong>Saugojimo ki\u0161en\u0117s<\/strong>: \u012evairios ki\u0161en\u0117s palapin\u0117s viduje, skirtos patogiems daiktams laikyti, kad j\u016bs\u0173 erdv\u0117 b\u016bt\u0173 tvarkinga ir be netvarkos.<\/li>\n<li><strong>Patogus \u010diu\u017einys<\/strong>: 5 cm storio \u010diu\u017einys, pagamintas i\u0161 vieno elemento, kad b\u016bt\u0173 patogesnis. \u010ciu\u017einio u\u017evalkalas yra malonus liesti, nuimamas ir skalbiamas.<\/li>\n<li><strong>Ventiliacija<\/strong>: V\u0117dinimas: tinkama oro cirkuliacija su papildomomis v\u0117dinimo angomis, kad net esant dideliems temperat\u016br\u0173 skirtumams b\u016bt\u0173 i\u0161vengta kondensato susidarymo.<\/li>\n<li><strong>Izoliuotas priekinis apmu\u0161alas<\/strong>: Palapin\u0117s viduje palaikoma komforti\u0161ka temperat\u016bra, ma\u017e\u0117ja kondensatas, vasar\u0105 i\u0161vengiama per didelio kar\u0161\u010dio, o esant \u017eemesnei temperat\u016brai &#8211; greito atv\u0117simo.<\/li>\n<\/ul>\n<h4>Papildomos funkcijos<\/h4>\n<ul>\n<li><strong>Aliuminio teleskopin\u0117s kop\u0117\u010dios<\/strong>: Kai nenaudojate palapin\u0117s, j\u0105 galima laikyti palapin\u0117s viduje arba automobilyje.<\/li>\n<li><strong>Nuimami elementai<\/strong>: Kiekviena palapin\u0117s dalis yra visi\u0161kai nuimama, kad j\u0105 b\u016bt\u0173 galima lengvai valyti ir pri\u017ei\u016br\u0117ti, taip u\u017etikrinant ilgaam\u017ei\u0161kum\u0105 ir higien\u0105.<\/li>\n<li><strong>pogarantinis aptarnavimas<\/strong>: Net ir pasibaigus 2 met\u0173 garantiniam laikotarpiui, galite pasikliauti pogarantiniu aptarnavimu su lengvai prieinamomis dalimis.<\/li>\n<\/ul>\n<h4>Kod\u0117l verta rinktis &#8222;Voyager PRO 160&#8221;?<\/h4>\n<p>Su &#8222;Voyager PRO 160&#8221; stogine palapine patirkite tokius \u012fsp\u016bd\u017eius gamtoje kaip niekada anks\u010diau. D\u0117l tvirtos konstrukcijos, greitos s\u0105rankos ir bet kokio oro s\u0105lyg\u0173 ypatybi\u0173 jis yra geriausias bet kokio nuotykio palydovas. Nesvarbu, ar stovyklaujate vasar\u0105, ar tyrin\u0117jate snieguotus kra\u0161tovaizd\u017eius, &#8222;Voyager PRO 160&#8221; u\u017etikrina patog\u0173 ir nesud\u0117ting\u0105 naudojim\u0105.<\/p>\n<p>Su &#8222;Voyager PRO 160&#8221; palapine su stogu pajusite nuotyki\u0173 dvasi\u0105 &#8211; \u010dia komfortas dera su ilgaam\u017ei\u0161kumu, o kiekviena kelion\u0117 tampa \u012fsimintina.<\/p>\n<\/div>\n<\/div>\n<\/div>\n<\/div>\n","protected":false},"excerpt":{"rendered":"<p>Itin kompakti\u0161ka ir kartu puikiai tinka 3-4 \u017emon\u0117ms. U\u017edaryta tik 25 cm ir 28 cm auk\u0161\u010dio su aliuminio profiliu apa\u010dioje, mink\u0161ta apykakl\u0117 geresniam palapin\u0117s v\u0117dinimui, kai ji u\u017edaryta, PRO serija buvo sukurta kelion\u0117ms i\u0161tisus metus, pilnas flysheet pagamintas i\u0161 WL-tech med\u017eiagos, atsparus vandeniui iki PU 12000 mm, 3 sluoksni\u0173 langai kiekvienoje palapin\u0117s pus\u0117je, 360\u00b0 panoraminis vaizdas, Komplekte yra: teleskopin\u0117s kop\u0117\u010dios iki 230 cm ilgio, \u010diu\u017einys, ki\u0161en\u0117s batams, LED lemput\u0117 viduje, 2 papildomos kojos palapinei palaikyti ir i\u0161lyginti, montavimo rinkinys ir instrukcija.<\/p>\n","protected":false},"featured_media":51227,"template":"","meta":[],"product_brand":[],"product_cat":[254,489],"product_tag":[],"class_list":{"0":"post-42856","1":"product","2":"type-product","3":"status-publish","4":"has-post-thumbnail","6":"product_cat-palapines-ant-stogo","7":"product_cat-laukine-zeme","9":"first","10":"onbackorder","11":"taxable","12":"shipping-taxable","13":"purchasable","14":"product-type-simple"},"yoast_head":"<!-- This site is optimized with the Yoast SEO plugin v27.3 - https:\/\/yoast.com\/product\/yoast-seo-wordpress\/ -->\n<title>&quot;Wild Land Voyager PRO 160&quot; stogin\u0117 palapin\u0117 - BALTIC OVERLANDERS<\/title>\n<meta name=\"description\" content=\"\u0160i PRO serijos palapin\u0117 yra kompakti\u0161ka, ta\u010diau puikiai tinka 3-4 \u017emon\u0117ms, pasi\u017eymi 360\u00b0 vaizdu, vandeniui atsparia &quot;WL-tech&quot; med\u017eiaga ir visais priedais, skirtais keliauti i\u0161tisus metus.\" \/>\n<meta name=\"robots\" content=\"index, follow, max-snippet:-1, max-image-preview:large, max-video-preview:-1\" \/>\n<link rel=\"canonical\" href=\"https:\/\/balticoverlanders.eu\/lt\/produktas\/wild-land-voyager-pro-160-stogine-palapine\/\" \/>\n<meta property=\"og:locale\" content=\"lt_LT\" \/>\n<meta property=\"og:type\" content=\"article\" \/>\n<meta property=\"og:title\" content=\"&quot;Wild Land Voyager PRO 160&quot; stogin\u0117 palapin\u0117 - BALTIC OVERLANDERS\" \/>\n<meta property=\"og:description\" content=\"\u0160i PRO serijos palapin\u0117 yra kompakti\u0161ka, ta\u010diau puikiai tinka 3-4 \u017emon\u0117ms, pasi\u017eymi 360\u00b0 vaizdu, vandeniui atsparia &quot;WL-tech&quot; med\u017eiaga ir visais priedais, skirtais keliauti i\u0161tisus metus.\" \/>\n<meta property=\"og:url\" content=\"https:\/\/balticoverlanders.eu\/lt\/produktas\/wild-land-voyager-pro-160-stogine-palapine\/\" \/>\n<meta property=\"og:site_name\" content=\"BALTIC OVERLANDERS\" \/>\n<meta property=\"article:modified_time\" content=\"2024-05-20T12:40:21+00:00\" \/>\n<meta property=\"og:image\" content=\"https:\/\/balticoverlanders.eu\/wp-content\/uploads\/2024\/05\/WhatsApp-Image-2024-05-18-at-1.28.27-PM.jpeg\" \/>\n\t<meta property=\"og:image:width\" content=\"1600\" \/>\n\t<meta property=\"og:image:height\" content=\"1200\" \/>\n\t<meta property=\"og:image:type\" content=\"image\/jpeg\" \/>\n<meta name=\"twitter:card\" content=\"summary_large_image\" \/>\n<meta name=\"twitter:label1\" content=\"Est. reading time\" \/>\n\t<meta name=\"twitter:data1\" content=\"3 minut\u0117s\" \/>\n<script type=\"application\/ld+json\" class=\"yoast-schema-graph\">{\"@context\":\"https:\\\/\\\/schema.org\",\"@graph\":[{\"@type\":\"WebPage\",\"@id\":\"https:\\\/\\\/balticoverlanders.eu\\\/lt\\\/produktas\\\/wild-land-voyager-pro-160-stogine-palapine\\\/\",\"url\":\"https:\\\/\\\/balticoverlanders.eu\\\/lt\\\/produktas\\\/wild-land-voyager-pro-160-stogine-palapine\\\/\",\"name\":\"\\\"Wild Land Voyager PRO 160\\\" stogin\u0117 palapin\u0117 - BALTIC OVERLANDERS\",\"isPartOf\":{\"@id\":\"https:\\\/\\\/balticoverlanders.eu\\\/lt\\\/#website\"},\"primaryImageOfPage\":{\"@id\":\"https:\\\/\\\/balticoverlanders.eu\\\/lt\\\/produktas\\\/wild-land-voyager-pro-160-stogine-palapine\\\/#primaryimage\"},\"image\":{\"@id\":\"https:\\\/\\\/balticoverlanders.eu\\\/lt\\\/produktas\\\/wild-land-voyager-pro-160-stogine-palapine\\\/#primaryimage\"},\"thumbnailUrl\":\"https:\\\/\\\/balticoverlanders.eu\\\/wp-content\\\/uploads\\\/2024\\\/05\\\/WhatsApp-Image-2024-06-30-at-7.47.12-PM.jpeg\",\"datePublished\":\"2024-05-18T08:05:35+00:00\",\"dateModified\":\"2024-05-20T12:40:21+00:00\",\"description\":\"\u0160i PRO serijos palapin\u0117 yra kompakti\u0161ka, ta\u010diau puikiai tinka 3-4 \u017emon\u0117ms, pasi\u017eymi 360\u00b0 vaizdu, vandeniui atsparia \\\"WL-tech\\\" med\u017eiaga ir visais priedais, skirtais keliauti i\u0161tisus metus.\",\"breadcrumb\":{\"@id\":\"https:\\\/\\\/balticoverlanders.eu\\\/lt\\\/produktas\\\/wild-land-voyager-pro-160-stogine-palapine\\\/#breadcrumb\"},\"inLanguage\":\"lt-LT\",\"potentialAction\":[{\"@type\":\"ReadAction\",\"target\":[\"https:\\\/\\\/balticoverlanders.eu\\\/lt\\\/produktas\\\/wild-land-voyager-pro-160-stogine-palapine\\\/\"]}]},{\"@type\":\"ImageObject\",\"inLanguage\":\"lt-LT\",\"@id\":\"https:\\\/\\\/balticoverlanders.eu\\\/lt\\\/produktas\\\/wild-land-voyager-pro-160-stogine-palapine\\\/#primaryimage\",\"url\":\"https:\\\/\\\/balticoverlanders.eu\\\/wp-content\\\/uploads\\\/2024\\\/05\\\/WhatsApp-Image-2024-06-30-at-7.47.12-PM.jpeg\",\"contentUrl\":\"https:\\\/\\\/balticoverlanders.eu\\\/wp-content\\\/uploads\\\/2024\\\/05\\\/WhatsApp-Image-2024-06-30-at-7.47.12-PM.jpeg\",\"width\":800,\"height\":600},{\"@type\":\"BreadcrumbList\",\"@id\":\"https:\\\/\\\/balticoverlanders.eu\\\/lt\\\/produktas\\\/wild-land-voyager-pro-160-stogine-palapine\\\/#breadcrumb\",\"itemListElement\":[{\"@type\":\"ListItem\",\"position\":1,\"name\":\"Home\",\"item\":\"https:\\\/\\\/balticoverlanders.eu\\\/lt\\\/home\\\/\"},{\"@type\":\"ListItem\",\"position\":2,\"name\":\"Parduotuv\u0117\",\"item\":\"https:\\\/\\\/balticoverlanders.eu\\\/lt\\\/parduotuve\\\/\"},{\"@type\":\"ListItem\",\"position\":3,\"name\":\"&#8221;Wild Land Voyager PRO 160&#8221; stogin\u0117 palapin\u0117\"}]},{\"@type\":\"WebSite\",\"@id\":\"https:\\\/\\\/balticoverlanders.eu\\\/lt\\\/#website\",\"url\":\"https:\\\/\\\/balticoverlanders.eu\\\/lt\\\/\",\"name\":\"BALTIC OVERLANDERS\",\"description\":\"Your one-stop shop in Latvia, Estonia, and Lithuania for all your car camping, rooftop tent and accessory needs.\",\"publisher\":{\"@id\":\"https:\\\/\\\/balticoverlanders.eu\\\/lt\\\/#organization\"},\"potentialAction\":[{\"@type\":\"SearchAction\",\"target\":{\"@type\":\"EntryPoint\",\"urlTemplate\":\"https:\\\/\\\/balticoverlanders.eu\\\/lt\\\/?s={search_term_string}\"},\"query-input\":{\"@type\":\"PropertyValueSpecification\",\"valueRequired\":true,\"valueName\":\"search_term_string\"}}],\"inLanguage\":\"lt-LT\"},{\"@type\":\"Organization\",\"@id\":\"https:\\\/\\\/balticoverlanders.eu\\\/lt\\\/#organization\",\"name\":\"BALTIC OVERLANDERS\",\"url\":\"https:\\\/\\\/balticoverlanders.eu\\\/lt\\\/\",\"logo\":{\"@type\":\"ImageObject\",\"inLanguage\":\"lt-LT\",\"@id\":\"https:\\\/\\\/balticoverlanders.eu\\\/lt\\\/#\\\/schema\\\/logo\\\/image\\\/\",\"url\":\"https:\\\/\\\/balticoverlanders.eu\\\/wp-content\\\/uploads\\\/2023\\\/04\\\/BALTIC-OVERLANDERS-LOGO.jpg\",\"contentUrl\":\"https:\\\/\\\/balticoverlanders.eu\\\/wp-content\\\/uploads\\\/2023\\\/04\\\/BALTIC-OVERLANDERS-LOGO.jpg\",\"width\":1497,\"height\":310,\"caption\":\"BALTIC OVERLANDERS\"},\"image\":{\"@id\":\"https:\\\/\\\/balticoverlanders.eu\\\/lt\\\/#\\\/schema\\\/logo\\\/image\\\/\"},\"sameAs\":[\"https:\\\/\\\/www.instagram.com\\\/balticoverlanders\\\/\"]}]}<\/script>\n<!-- \/ Yoast SEO plugin. -->","yoast_head_json":{"title":"\"Wild Land Voyager PRO 160\" stogin\u0117 palapin\u0117 - BALTIC OVERLANDERS","description":"\u0160i PRO serijos palapin\u0117 yra kompakti\u0161ka, ta\u010diau puikiai tinka 3-4 \u017emon\u0117ms, pasi\u017eymi 360\u00b0 vaizdu, vandeniui atsparia \"WL-tech\" med\u017eiaga ir visais priedais, skirtais keliauti i\u0161tisus metus.","robots":{"index":"index","follow":"follow","max-snippet":"max-snippet:-1","max-image-preview":"max-image-preview:large","max-video-preview":"max-video-preview:-1"},"canonical":"https:\/\/balticoverlanders.eu\/lt\/produktas\/wild-land-voyager-pro-160-stogine-palapine\/","og_locale":"lt_LT","og_type":"article","og_title":"\"Wild Land Voyager PRO 160\" stogin\u0117 palapin\u0117 - BALTIC OVERLANDERS","og_description":"\u0160i PRO serijos palapin\u0117 yra kompakti\u0161ka, ta\u010diau puikiai tinka 3-4 \u017emon\u0117ms, pasi\u017eymi 360\u00b0 vaizdu, vandeniui atsparia \"WL-tech\" med\u017eiaga ir visais priedais, skirtais keliauti i\u0161tisus metus.","og_url":"https:\/\/balticoverlanders.eu\/lt\/produktas\/wild-land-voyager-pro-160-stogine-palapine\/","og_site_name":"BALTIC OVERLANDERS","article_modified_time":"2024-05-20T12:40:21+00:00","og_image":[{"width":1600,"height":1200,"url":"https:\/\/balticoverlanders.eu\/wp-content\/uploads\/2024\/05\/WhatsApp-Image-2024-05-18-at-1.28.27-PM.jpeg","type":"image\/jpeg"}],"twitter_card":"summary_large_image","twitter_misc":{"Est. reading time":"3 minut\u0117s"},"schema":{"@context":"https:\/\/schema.org","@graph":[{"@type":"WebPage","@id":"https:\/\/balticoverlanders.eu\/lt\/produktas\/wild-land-voyager-pro-160-stogine-palapine\/","url":"https:\/\/balticoverlanders.eu\/lt\/produktas\/wild-land-voyager-pro-160-stogine-palapine\/","name":"\"Wild Land Voyager PRO 160\" stogin\u0117 palapin\u0117 - BALTIC OVERLANDERS","isPartOf":{"@id":"https:\/\/balticoverlanders.eu\/lt\/#website"},"primaryImageOfPage":{"@id":"https:\/\/balticoverlanders.eu\/lt\/produktas\/wild-land-voyager-pro-160-stogine-palapine\/#primaryimage"},"image":{"@id":"https:\/\/balticoverlanders.eu\/lt\/produktas\/wild-land-voyager-pro-160-stogine-palapine\/#primaryimage"},"thumbnailUrl":"https:\/\/balticoverlanders.eu\/wp-content\/uploads\/2024\/05\/WhatsApp-Image-2024-06-30-at-7.47.12-PM.jpeg","datePublished":"2024-05-18T08:05:35+00:00","dateModified":"2024-05-20T12:40:21+00:00","description":"\u0160i PRO serijos palapin\u0117 yra kompakti\u0161ka, ta\u010diau puikiai tinka 3-4 \u017emon\u0117ms, pasi\u017eymi 360\u00b0 vaizdu, vandeniui atsparia \"WL-tech\" med\u017eiaga ir visais priedais, skirtais keliauti i\u0161tisus metus.","breadcrumb":{"@id":"https:\/\/balticoverlanders.eu\/lt\/produktas\/wild-land-voyager-pro-160-stogine-palapine\/#breadcrumb"},"inLanguage":"lt-LT","potentialAction":[{"@type":"ReadAction","target":["https:\/\/balticoverlanders.eu\/lt\/produktas\/wild-land-voyager-pro-160-stogine-palapine\/"]}]},{"@type":"ImageObject","inLanguage":"lt-LT","@id":"https:\/\/balticoverlanders.eu\/lt\/produktas\/wild-land-voyager-pro-160-stogine-palapine\/#primaryimage","url":"https:\/\/balticoverlanders.eu\/wp-content\/uploads\/2024\/05\/WhatsApp-Image-2024-06-30-at-7.47.12-PM.jpeg","contentUrl":"https:\/\/balticoverlanders.eu\/wp-content\/uploads\/2024\/05\/WhatsApp-Image-2024-06-30-at-7.47.12-PM.jpeg","width":800,"height":600},{"@type":"BreadcrumbList","@id":"https:\/\/balticoverlanders.eu\/lt\/produktas\/wild-land-voyager-pro-160-stogine-palapine\/#breadcrumb","itemListElement":[{"@type":"ListItem","position":1,"name":"Home","item":"https:\/\/balticoverlanders.eu\/lt\/home\/"},{"@type":"ListItem","position":2,"name":"Parduotuv\u0117","item":"https:\/\/balticoverlanders.eu\/lt\/parduotuve\/"},{"@type":"ListItem","position":3,"name":"&#8221;Wild Land Voyager PRO 160&#8221; stogin\u0117 palapin\u0117"}]},{"@type":"WebSite","@id":"https:\/\/balticoverlanders.eu\/lt\/#website","url":"https:\/\/balticoverlanders.eu\/lt\/","name":"BALTIC OVERLANDERS","description":"Your one-stop shop in Latvia, Estonia, and Lithuania for all your car camping, rooftop tent and accessory needs.","publisher":{"@id":"https:\/\/balticoverlanders.eu\/lt\/#organization"},"potentialAction":[{"@type":"SearchAction","target":{"@type":"EntryPoint","urlTemplate":"https:\/\/balticoverlanders.eu\/lt\/?s={search_term_string}"},"query-input":{"@type":"PropertyValueSpecification","valueRequired":true,"valueName":"search_term_string"}}],"inLanguage":"lt-LT"},{"@type":"Organization","@id":"https:\/\/balticoverlanders.eu\/lt\/#organization","name":"BALTIC OVERLANDERS","url":"https:\/\/balticoverlanders.eu\/lt\/","logo":{"@type":"ImageObject","inLanguage":"lt-LT","@id":"https:\/\/balticoverlanders.eu\/lt\/#\/schema\/logo\/image\/","url":"https:\/\/balticoverlanders.eu\/wp-content\/uploads\/2023\/04\/BALTIC-OVERLANDERS-LOGO.jpg","contentUrl":"https:\/\/balticoverlanders.eu\/wp-content\/uploads\/2023\/04\/BALTIC-OVERLANDERS-LOGO.jpg","width":1497,"height":310,"caption":"BALTIC OVERLANDERS"},"image":{"@id":"https:\/\/balticoverlanders.eu\/lt\/#\/schema\/logo\/image\/"},"sameAs":["https:\/\/www.instagram.com\/balticoverlanders\/"]}]}},"_links":{"self":[{"href":"https:\/\/balticoverlanders.eu\/lt\/wp-json\/wp\/v2\/product\/42856","targetHints":{"allow":["GET"]}}],"collection":[{"href":"https:\/\/balticoverlanders.eu\/lt\/wp-json\/wp\/v2\/product"}],"about":[{"href":"https:\/\/balticoverlanders.eu\/lt\/wp-json\/wp\/v2\/types\/product"}],"wp:featuredmedia":[{"embeddable":true,"href":"https:\/\/balticoverlanders.eu\/lt\/wp-json\/wp\/v2\/media\/51227"}],"wp:attachment":[{"href":"https:\/\/balticoverlanders.eu\/lt\/wp-json\/wp\/v2\/media?parent=42856"}],"wp:term":[{"taxonomy":"product_brand","embeddable":true,"href":"https:\/\/balticoverlanders.eu\/lt\/wp-json\/wp\/v2\/product_brand?post=42856"},{"taxonomy":"product_cat","embeddable":true,"href":"https:\/\/balticoverlanders.eu\/lt\/wp-json\/wp\/v2\/product_cat?post=42856"},{"taxonomy":"product_tag","embeddable":true,"href":"https:\/\/balticoverlanders.eu\/lt\/wp-json\/wp\/v2\/product_tag?post=42856"}],"curies":[{"name":"wp","href":"https:\/\/api.w.org\/{rel}","templated":true}]}}