{"id":42857,"date":"2024-05-18T10:44:57","date_gmt":"2024-05-18T07:44:57","guid":{"rendered":"https:\/\/balticoverlanders.eu\/product\/wild-land-voyager-pro-140-palapine-su-stogu\/"},"modified":"2024-05-20T15:40:22","modified_gmt":"2024-05-20T12:40:22","slug":"wild-land-voyager-pro-140-palapine-su-stogu","status":"publish","type":"product","link":"https:\/\/balticoverlanders.eu\/lt\/produktas\/wild-land-voyager-pro-140-palapine-su-stogu\/","title":{"rendered":"&#8222;Wild Land Voyager PRO 140&#8221; palapin\u0117 su stogu"},"content":{"rendered":"<div class=\"flex flex-grow flex-col max-w-full\">\n<div class=\"min-h-[20px] text-message flex flex-col items-start whitespace-pre-wrap break-words [.text-message+&amp;]:mt-5 juice:w-full juice:items-end overflow-x-auto gap-2\" dir=\"auto\" data-message-author-role=\"assistant\" data-message-id=\"d6398d34-9458-4e61-8ae8-e520b81841d5\">\n<div class=\"flex w-full flex-col gap-1 juice:empty:hidden juice:first:pt-[3px]\">\n<div class=\"markdown prose w-full break-words dark:prose-invert dark\">\n<h3>&#8222;Voyager PRO 140&#8221; stogin\u0117 palapin\u0117: J\u016bs\u0173 geriausias stovyklavimo kompanionas<\/h3>\n<h4>Ap\u017evalga<\/h4>\n<p>Pristatome &#8222;Voyager PRO 140&#8221; palapin\u0119 su stogu &#8211; puik\u0173 komforto, patvarumo ir patogumo derin\u012f. \u0160i naujovi\u0161ka palapin\u0117, skirta dviems \u017emon\u0117ms, yra kompakti\u0161ka, kai yra sulankstyta, ta\u010diau erdvi ir patogi, kai yra pastatyta. Jis idealiai tinka bet kokiam automobiliui, \u012fskaitant ma\u017eus automobilius, ir Europos pikapams, tod\u0117l j\u012f galite naudoti i\u0161tisus metus.<\/p>\n<h4>Pagrindin\u0117s funkcijos<\/h4>\n<ul>\n<li><strong>Kompakti\u0161kas ir erdvus dizainas<\/strong>: Si\u016blomas 230&#215;132 cm miegamasis plotas. Sulankstytas jis yra tik 147&#215;126 cm dyd\u017eio, o jo auk\u0161tis &#8211; tik 29 cm.<\/li>\n<li><strong>Patvari konstrukcija<\/strong>: Pagaminta tik i\u0161 aliuminio, \u012fskaitant vir\u0161utin\u0119 dal\u012f ir konstrukcij\u0105. Dangtelyje yra T formos lizdai priedams tvirtinti.<\/li>\n<li><strong>Atsparus oro s\u0105lygoms<\/strong>: Viso audinio skraist\u0117 pagaminta i\u0161 WL-tech med\u017eiagos, atspari vandeniui iki 12000 mm. U\u017etikrina tams\u0105 viduje, kad miegas b\u016bt\u0173 nepertraukiamas net per ankstyv\u0105 saul\u0117tek\u012f.<\/li>\n<li><strong>3 sluoksni\u0173 langai<\/strong>: Kiekvienoje pus\u0117je yra 3 sluoksni\u0173 langai (pagrindin\u0117 palapin\u0117s med\u017eiaga, tinklelis nuo uod\u0173 ir permatoma med\u017eiaga), u\u017etikrinantys optimal\u0173 komfort\u0105 bet kokiu oru.<\/li>\n<li><strong>Greita s\u0105ranka<\/strong>: I\u0161skleid\u017eiamas ir sulankstomas keliais paprastais judesiais grei\u010diau nei per minut\u0119. Nereikia papildom\u0173 kai\u0161\u010di\u0173 ar lang\u0173 u\u017edangal\u0173.<\/li>\n<\/ul>\n<h4>Komfortas ir patogumas<\/h4>\n<ul>\n<li><strong>LED ap\u0161vietimas<\/strong>: \u012e komplekt\u0105 \u012feina LED juostel\u0117 su reguliuojamu \u0161viesos intensyvumu ir USB i\u0161vestis, skirta prijungti prie bet kokio maitinimo banko.<\/li>\n<li><strong>Saugojimo ki\u0161en\u0117s<\/strong>: \u012evairios ki\u0161en\u0117s palapin\u0117s viduje, skirtos patogiems daiktams laikyti.<\/li>\n<li><strong>Patogus \u010diu\u017einys<\/strong>: 5 cm storio \u010diu\u017einys su nuimamu, skalbiamu u\u017evalkalu. Sudarytas i\u0161 vieno elemento, kad b\u016bt\u0173 patogiau.<\/li>\n<li><strong>Ventiliacija<\/strong>: Ventiliacija: tinkama oro cirkuliacija su v\u0117dinimo angomis priekyje ir gale, kad nesusidaryt\u0173 kondensatas.<\/li>\n<li><strong>Izoliuotas priekinis apmu\u0161alas<\/strong>: Palapin\u0117s viduje palaikoma komforti\u0161ka temperat\u016bra, ma\u017e\u0117ja kondensato susidarymas.<\/li>\n<\/ul>\n<h4>Papildomos funkcijos<\/h4>\n<ul>\n<li><strong>Aliuminio teleskopin\u0117s kop\u0117\u010dios<\/strong>: Galima nuimti ir laikyti palapin\u0117je arba automobilyje.<\/li>\n<li><strong>Nuimami elementai<\/strong>: Kiekviena palapin\u0117s dalis yra visi\u0161kai nuimama, kad b\u016bt\u0173 lengva valyti ir pri\u017ei\u016br\u0117ti.<\/li>\n<li><strong>pogarantinis aptarnavimas<\/strong>: Net ir pasibaigus 2 met\u0173 garantiniam laikotarpiui, galite pasikliauti pogarantiniu aptarnavimu su lengvai prieinamomis dalimis.<\/li>\n<\/ul>\n<h4>Kod\u0117l verta rinktis &#8222;Voyager PRO 140&#8221;?<\/h4>\n<p>Su &#8222;Voyager PRO 140&#8221; stogine palapine patirkite tokius \u012fsp\u016bd\u017eius gamtoje kaip niekada anks\u010diau. D\u0117l tvirtos konstrukcijos, greitos s\u0105rankos ir bet kokio oro s\u0105lyg\u0173 ypatybi\u0173 jis yra geriausias bet kokio nuotykio palydovas. Nesvarbu, ar stovyklaujate vasar\u0105, ar tyrin\u0117jate snieguotus kra\u0161tovaizd\u017eius, &#8222;Voyager PRO 140&#8221; u\u017etikrina patog\u0173 ir nesud\u0117ting\u0105 naudojim\u0105.<\/p>\n<p>Su &#8222;Voyager PRO 140&#8221; palapine su stogu pajusite nuotyki\u0173 dvasi\u0105 &#8211; \u010dia komfortas dera su ilgaam\u017ei\u0161kumu, o kiekviena kelion\u0117 tampa \u012fsimintina.<\/p>\n<\/div>\n<\/div>\n<\/div>\n<\/div>\n<div class=\"mt-1 flex gap-3 empty:hidden juice:-ml-3\">\n<div class=\"items-center justify-start rounded-xl p-1 flex\">\n<div class=\"flex items-center\">\n<p>&nbsp;<\/p>\n<div class=\"flex\"><\/div>\n<div class=\"flex items-center pb-0.5 juice:pb-0\"><\/div>\n<\/div>\n<\/div>\n<\/div>\n","protected":false},"excerpt":{"rendered":"<p>Puikiai tinka bet kokiam, net ir ma\u017eam automobiliui. Skirtas 2 \u017emon\u0117ms, sulankstytas yra kompakti\u0161kas, o viduje &#8211; erdvus ir patogus. U\u017edaryta tik 25 cm ir 28 cm auk\u0161\u010dio su aliuminio profiliu apa\u010dioje, mink\u0161ta apykakl\u0117 geresnei palapin\u0117s ventiliacijai, kai ji u\u017edaryta, PRO serija buvo sukurta kelion\u0117ms i\u0161tisus metus, pilnas flysheet pagamintas i\u0161 WL-tech med\u017eiagos, atsparus vandeniui iki PU 12000 mm, 3 sluoksni\u0173 langai kiekvienoje palapin\u0117s pus\u0117je, 360\u00b0 panoraminis vaizdas, Komplektacija: teleskopin\u0117s kop\u0117\u010dios iki 230 cm ilgio, reikmenys, ki\u0161en\u0117s batams, LED lemput\u0117 viduje, 2 papildomos kojos palapinei palaikyti ir i\u0161lyginti, montavimo rinkinys kartu su instrukcija.<\/p>\n","protected":false},"featured_media":51206,"template":"","meta":[],"product_brand":[],"product_cat":[254,489],"product_tag":[],"class_list":{"0":"post-42857","1":"product","2":"type-product","3":"status-publish","4":"has-post-thumbnail","6":"product_cat-palapines-ant-stogo","7":"product_cat-laukine-zeme","9":"first","10":"onbackorder","11":"taxable","12":"shipping-taxable","13":"purchasable","14":"product-type-simple"},"yoast_head":"<!-- This site is optimized with the Yoast SEO plugin v27.3 - https:\/\/yoast.com\/product\/yoast-seo-wordpress\/ -->\n<title>&quot;Wild Land Voyager PRO 140&quot; palapin\u0117 su stogu - BALTIC OVERLANDERS<\/title>\n<meta name=\"description\" content=\"Kompakti\u0161ka ir erdvi palapin\u0117 puikiai tinka ma\u017eiems automobiliams. Idealiai tinka dviem \u017emon\u0117ms. Naudojama i\u0161tisus metus, vandeniui atspari WL-tech med\u017eiaga, 360\u00b0 panoraminis vaizdas, teleskopin\u0117s kop\u0117\u010dios ir LED lemput\u0117.\" \/>\n<meta name=\"robots\" content=\"index, follow, max-snippet:-1, max-image-preview:large, max-video-preview:-1\" \/>\n<link rel=\"canonical\" href=\"https:\/\/balticoverlanders.eu\/lt\/produktas\/wild-land-voyager-pro-140-palapine-su-stogu\/\" \/>\n<meta property=\"og:locale\" content=\"lt_LT\" \/>\n<meta property=\"og:type\" content=\"article\" \/>\n<meta property=\"og:title\" content=\"&quot;Wild Land Voyager PRO 140&quot; palapin\u0117 su stogu - BALTIC OVERLANDERS\" \/>\n<meta property=\"og:description\" content=\"Kompakti\u0161ka ir erdvi palapin\u0117 puikiai tinka ma\u017eiems automobiliams. Idealiai tinka dviem \u017emon\u0117ms. Naudojama i\u0161tisus metus, vandeniui atspari WL-tech med\u017eiaga, 360\u00b0 panoraminis vaizdas, teleskopin\u0117s kop\u0117\u010dios ir LED lemput\u0117.\" \/>\n<meta property=\"og:url\" content=\"https:\/\/balticoverlanders.eu\/lt\/produktas\/wild-land-voyager-pro-140-palapine-su-stogu\/\" \/>\n<meta property=\"og:site_name\" content=\"BALTIC OVERLANDERS\" \/>\n<meta property=\"article:modified_time\" content=\"2024-05-20T12:40:22+00:00\" \/>\n<meta property=\"og:image\" content=\"https:\/\/balticoverlanders.eu\/wp-content\/uploads\/2024\/05\/Screenshot-2024-05-18-130913.png\" \/>\n\t<meta property=\"og:image:width\" content=\"599\" \/>\n\t<meta property=\"og:image:height\" content=\"481\" \/>\n\t<meta property=\"og:image:type\" content=\"image\/png\" \/>\n<meta name=\"twitter:card\" content=\"summary_large_image\" \/>\n<meta name=\"twitter:label1\" content=\"Est. reading time\" \/>\n\t<meta name=\"twitter:data1\" content=\"2 minut\u0117s\" \/>\n<script type=\"application\/ld+json\" class=\"yoast-schema-graph\">{\"@context\":\"https:\\\/\\\/schema.org\",\"@graph\":[{\"@type\":\"WebPage\",\"@id\":\"https:\\\/\\\/balticoverlanders.eu\\\/lt\\\/produktas\\\/wild-land-voyager-pro-140-palapine-su-stogu\\\/\",\"url\":\"https:\\\/\\\/balticoverlanders.eu\\\/lt\\\/produktas\\\/wild-land-voyager-pro-140-palapine-su-stogu\\\/\",\"name\":\"\\\"Wild Land Voyager PRO 140\\\" palapin\u0117 su stogu - BALTIC OVERLANDERS\",\"isPartOf\":{\"@id\":\"https:\\\/\\\/balticoverlanders.eu\\\/lt\\\/#website\"},\"primaryImageOfPage\":{\"@id\":\"https:\\\/\\\/balticoverlanders.eu\\\/lt\\\/produktas\\\/wild-land-voyager-pro-140-palapine-su-stogu\\\/#primaryimage\"},\"image\":{\"@id\":\"https:\\\/\\\/balticoverlanders.eu\\\/lt\\\/produktas\\\/wild-land-voyager-pro-140-palapine-su-stogu\\\/#primaryimage\"},\"thumbnailUrl\":\"https:\\\/\\\/balticoverlanders.eu\\\/wp-content\\\/uploads\\\/2024\\\/05\\\/innovative-tent-for-car-outdoor.jpeg\",\"datePublished\":\"2024-05-18T07:44:57+00:00\",\"dateModified\":\"2024-05-20T12:40:22+00:00\",\"description\":\"Kompakti\u0161ka ir erdvi palapin\u0117 puikiai tinka ma\u017eiems automobiliams. Idealiai tinka dviem \u017emon\u0117ms. Naudojama i\u0161tisus metus, vandeniui atspari WL-tech med\u017eiaga, 360\u00b0 panoraminis vaizdas, teleskopin\u0117s kop\u0117\u010dios ir LED lemput\u0117.\",\"breadcrumb\":{\"@id\":\"https:\\\/\\\/balticoverlanders.eu\\\/lt\\\/produktas\\\/wild-land-voyager-pro-140-palapine-su-stogu\\\/#breadcrumb\"},\"inLanguage\":\"lt-LT\",\"potentialAction\":[{\"@type\":\"ReadAction\",\"target\":[\"https:\\\/\\\/balticoverlanders.eu\\\/lt\\\/produktas\\\/wild-land-voyager-pro-140-palapine-su-stogu\\\/\"]}]},{\"@type\":\"ImageObject\",\"inLanguage\":\"lt-LT\",\"@id\":\"https:\\\/\\\/balticoverlanders.eu\\\/lt\\\/produktas\\\/wild-land-voyager-pro-140-palapine-su-stogu\\\/#primaryimage\",\"url\":\"https:\\\/\\\/balticoverlanders.eu\\\/wp-content\\\/uploads\\\/2024\\\/05\\\/innovative-tent-for-car-outdoor.jpeg\",\"contentUrl\":\"https:\\\/\\\/balticoverlanders.eu\\\/wp-content\\\/uploads\\\/2024\\\/05\\\/innovative-tent-for-car-outdoor.jpeg\",\"width\":1180,\"height\":722},{\"@type\":\"BreadcrumbList\",\"@id\":\"https:\\\/\\\/balticoverlanders.eu\\\/lt\\\/produktas\\\/wild-land-voyager-pro-140-palapine-su-stogu\\\/#breadcrumb\",\"itemListElement\":[{\"@type\":\"ListItem\",\"position\":1,\"name\":\"Home\",\"item\":\"https:\\\/\\\/balticoverlanders.eu\\\/lt\\\/home\\\/\"},{\"@type\":\"ListItem\",\"position\":2,\"name\":\"Parduotuv\u0117\",\"item\":\"https:\\\/\\\/balticoverlanders.eu\\\/lt\\\/parduotuve\\\/\"},{\"@type\":\"ListItem\",\"position\":3,\"name\":\"&#8220;Wild Land Voyager PRO 140&#8221; palapin\u0117 su stogu\"}]},{\"@type\":\"WebSite\",\"@id\":\"https:\\\/\\\/balticoverlanders.eu\\\/lt\\\/#website\",\"url\":\"https:\\\/\\\/balticoverlanders.eu\\\/lt\\\/\",\"name\":\"BALTIC OVERLANDERS\",\"description\":\"Your one-stop shop in Latvia, Estonia, and Lithuania for all your car camping, rooftop tent and accessory needs.\",\"publisher\":{\"@id\":\"https:\\\/\\\/balticoverlanders.eu\\\/lt\\\/#organization\"},\"potentialAction\":[{\"@type\":\"SearchAction\",\"target\":{\"@type\":\"EntryPoint\",\"urlTemplate\":\"https:\\\/\\\/balticoverlanders.eu\\\/lt\\\/?s={search_term_string}\"},\"query-input\":{\"@type\":\"PropertyValueSpecification\",\"valueRequired\":true,\"valueName\":\"search_term_string\"}}],\"inLanguage\":\"lt-LT\"},{\"@type\":\"Organization\",\"@id\":\"https:\\\/\\\/balticoverlanders.eu\\\/lt\\\/#organization\",\"name\":\"BALTIC OVERLANDERS\",\"url\":\"https:\\\/\\\/balticoverlanders.eu\\\/lt\\\/\",\"logo\":{\"@type\":\"ImageObject\",\"inLanguage\":\"lt-LT\",\"@id\":\"https:\\\/\\\/balticoverlanders.eu\\\/lt\\\/#\\\/schema\\\/logo\\\/image\\\/\",\"url\":\"https:\\\/\\\/balticoverlanders.eu\\\/wp-content\\\/uploads\\\/2023\\\/04\\\/BALTIC-OVERLANDERS-LOGO.jpg\",\"contentUrl\":\"https:\\\/\\\/balticoverlanders.eu\\\/wp-content\\\/uploads\\\/2023\\\/04\\\/BALTIC-OVERLANDERS-LOGO.jpg\",\"width\":1497,\"height\":310,\"caption\":\"BALTIC OVERLANDERS\"},\"image\":{\"@id\":\"https:\\\/\\\/balticoverlanders.eu\\\/lt\\\/#\\\/schema\\\/logo\\\/image\\\/\"},\"sameAs\":[\"https:\\\/\\\/www.instagram.com\\\/balticoverlanders\\\/\"]}]}<\/script>\n<!-- \/ Yoast SEO plugin. -->","yoast_head_json":{"title":"\"Wild Land Voyager PRO 140\" palapin\u0117 su stogu - BALTIC OVERLANDERS","description":"Kompakti\u0161ka ir erdvi palapin\u0117 puikiai tinka ma\u017eiems automobiliams. Idealiai tinka dviem \u017emon\u0117ms. Naudojama i\u0161tisus metus, vandeniui atspari WL-tech med\u017eiaga, 360\u00b0 panoraminis vaizdas, teleskopin\u0117s kop\u0117\u010dios ir LED lemput\u0117.","robots":{"index":"index","follow":"follow","max-snippet":"max-snippet:-1","max-image-preview":"max-image-preview:large","max-video-preview":"max-video-preview:-1"},"canonical":"https:\/\/balticoverlanders.eu\/lt\/produktas\/wild-land-voyager-pro-140-palapine-su-stogu\/","og_locale":"lt_LT","og_type":"article","og_title":"\"Wild Land Voyager PRO 140\" palapin\u0117 su stogu - BALTIC OVERLANDERS","og_description":"Kompakti\u0161ka ir erdvi palapin\u0117 puikiai tinka ma\u017eiems automobiliams. Idealiai tinka dviem \u017emon\u0117ms. Naudojama i\u0161tisus metus, vandeniui atspari WL-tech med\u017eiaga, 360\u00b0 panoraminis vaizdas, teleskopin\u0117s kop\u0117\u010dios ir LED lemput\u0117.","og_url":"https:\/\/balticoverlanders.eu\/lt\/produktas\/wild-land-voyager-pro-140-palapine-su-stogu\/","og_site_name":"BALTIC OVERLANDERS","article_modified_time":"2024-05-20T12:40:22+00:00","og_image":[{"width":599,"height":481,"url":"https:\/\/balticoverlanders.eu\/wp-content\/uploads\/2024\/05\/Screenshot-2024-05-18-130913.png","type":"image\/png"}],"twitter_card":"summary_large_image","twitter_misc":{"Est. reading time":"2 minut\u0117s"},"schema":{"@context":"https:\/\/schema.org","@graph":[{"@type":"WebPage","@id":"https:\/\/balticoverlanders.eu\/lt\/produktas\/wild-land-voyager-pro-140-palapine-su-stogu\/","url":"https:\/\/balticoverlanders.eu\/lt\/produktas\/wild-land-voyager-pro-140-palapine-su-stogu\/","name":"\"Wild Land Voyager PRO 140\" palapin\u0117 su stogu - BALTIC OVERLANDERS","isPartOf":{"@id":"https:\/\/balticoverlanders.eu\/lt\/#website"},"primaryImageOfPage":{"@id":"https:\/\/balticoverlanders.eu\/lt\/produktas\/wild-land-voyager-pro-140-palapine-su-stogu\/#primaryimage"},"image":{"@id":"https:\/\/balticoverlanders.eu\/lt\/produktas\/wild-land-voyager-pro-140-palapine-su-stogu\/#primaryimage"},"thumbnailUrl":"https:\/\/balticoverlanders.eu\/wp-content\/uploads\/2024\/05\/innovative-tent-for-car-outdoor.jpeg","datePublished":"2024-05-18T07:44:57+00:00","dateModified":"2024-05-20T12:40:22+00:00","description":"Kompakti\u0161ka ir erdvi palapin\u0117 puikiai tinka ma\u017eiems automobiliams. Idealiai tinka dviem \u017emon\u0117ms. Naudojama i\u0161tisus metus, vandeniui atspari WL-tech med\u017eiaga, 360\u00b0 panoraminis vaizdas, teleskopin\u0117s kop\u0117\u010dios ir LED lemput\u0117.","breadcrumb":{"@id":"https:\/\/balticoverlanders.eu\/lt\/produktas\/wild-land-voyager-pro-140-palapine-su-stogu\/#breadcrumb"},"inLanguage":"lt-LT","potentialAction":[{"@type":"ReadAction","target":["https:\/\/balticoverlanders.eu\/lt\/produktas\/wild-land-voyager-pro-140-palapine-su-stogu\/"]}]},{"@type":"ImageObject","inLanguage":"lt-LT","@id":"https:\/\/balticoverlanders.eu\/lt\/produktas\/wild-land-voyager-pro-140-palapine-su-stogu\/#primaryimage","url":"https:\/\/balticoverlanders.eu\/wp-content\/uploads\/2024\/05\/innovative-tent-for-car-outdoor.jpeg","contentUrl":"https:\/\/balticoverlanders.eu\/wp-content\/uploads\/2024\/05\/innovative-tent-for-car-outdoor.jpeg","width":1180,"height":722},{"@type":"BreadcrumbList","@id":"https:\/\/balticoverlanders.eu\/lt\/produktas\/wild-land-voyager-pro-140-palapine-su-stogu\/#breadcrumb","itemListElement":[{"@type":"ListItem","position":1,"name":"Home","item":"https:\/\/balticoverlanders.eu\/lt\/home\/"},{"@type":"ListItem","position":2,"name":"Parduotuv\u0117","item":"https:\/\/balticoverlanders.eu\/lt\/parduotuve\/"},{"@type":"ListItem","position":3,"name":"&#8220;Wild Land Voyager PRO 140&#8221; palapin\u0117 su stogu"}]},{"@type":"WebSite","@id":"https:\/\/balticoverlanders.eu\/lt\/#website","url":"https:\/\/balticoverlanders.eu\/lt\/","name":"BALTIC OVERLANDERS","description":"Your one-stop shop in Latvia, Estonia, and Lithuania for all your car camping, rooftop tent and accessory needs.","publisher":{"@id":"https:\/\/balticoverlanders.eu\/lt\/#organization"},"potentialAction":[{"@type":"SearchAction","target":{"@type":"EntryPoint","urlTemplate":"https:\/\/balticoverlanders.eu\/lt\/?s={search_term_string}"},"query-input":{"@type":"PropertyValueSpecification","valueRequired":true,"valueName":"search_term_string"}}],"inLanguage":"lt-LT"},{"@type":"Organization","@id":"https:\/\/balticoverlanders.eu\/lt\/#organization","name":"BALTIC OVERLANDERS","url":"https:\/\/balticoverlanders.eu\/lt\/","logo":{"@type":"ImageObject","inLanguage":"lt-LT","@id":"https:\/\/balticoverlanders.eu\/lt\/#\/schema\/logo\/image\/","url":"https:\/\/balticoverlanders.eu\/wp-content\/uploads\/2023\/04\/BALTIC-OVERLANDERS-LOGO.jpg","contentUrl":"https:\/\/balticoverlanders.eu\/wp-content\/uploads\/2023\/04\/BALTIC-OVERLANDERS-LOGO.jpg","width":1497,"height":310,"caption":"BALTIC OVERLANDERS"},"image":{"@id":"https:\/\/balticoverlanders.eu\/lt\/#\/schema\/logo\/image\/"},"sameAs":["https:\/\/www.instagram.com\/balticoverlanders\/"]}]}},"_links":{"self":[{"href":"https:\/\/balticoverlanders.eu\/lt\/wp-json\/wp\/v2\/product\/42857","targetHints":{"allow":["GET"]}}],"collection":[{"href":"https:\/\/balticoverlanders.eu\/lt\/wp-json\/wp\/v2\/product"}],"about":[{"href":"https:\/\/balticoverlanders.eu\/lt\/wp-json\/wp\/v2\/types\/product"}],"wp:featuredmedia":[{"embeddable":true,"href":"https:\/\/balticoverlanders.eu\/lt\/wp-json\/wp\/v2\/media\/51206"}],"wp:attachment":[{"href":"https:\/\/balticoverlanders.eu\/lt\/wp-json\/wp\/v2\/media?parent=42857"}],"wp:term":[{"taxonomy":"product_brand","embeddable":true,"href":"https:\/\/balticoverlanders.eu\/lt\/wp-json\/wp\/v2\/product_brand?post=42857"},{"taxonomy":"product_cat","embeddable":true,"href":"https:\/\/balticoverlanders.eu\/lt\/wp-json\/wp\/v2\/product_cat?post=42857"},{"taxonomy":"product_tag","embeddable":true,"href":"https:\/\/balticoverlanders.eu\/lt\/wp-json\/wp\/v2\/product_tag?post=42857"}],"curies":[{"name":"wp","href":"https:\/\/api.w.org\/{rel}","templated":true}]}}