{"id":17626,"date":"2023-04-11T14:15:26","date_gmt":"2023-04-11T11:15:26","guid":{"rendered":"https:\/\/balticoverlanders.eu\/alu-cab\/"},"modified":"2023-04-15T23:44:52","modified_gmt":"2023-04-15T20:44:52","slug":"alu-cab","status":"publish","type":"page","link":"https:\/\/balticoverlanders.eu\/lv\/alu-cab\/","title":{"rendered":"Alu-Cab"},"content":{"rendered":"\t\t<div data-elementor-type=\"wp-page\" data-elementor-id=\"17626\" class=\"elementor elementor-17626 elementor-17612\">\n\t\t\t\t\t\t\r\n\t\t<section\t\t class=\" elementor-section elementor-top-section elementor-element elementor-element-1c538dd elementor-section-boxed elementor-section-height-default elementor-section-height-default\" data-id=\"1c538dd\" data-element_type=\"section\" data-e-type=\"section\">\r\n\t\t\r\n\t\t\t\t\t\t\t\t\t\t<div class=\"elementor-container elementor-column-gap-default\" >\r\n\r\n\t\t\t\t\r\n\t\t\t\t\t\t\t\t\t\t\t\t\t\t<div\t\t class=\" elementor-column elementor-col-50 elementor-top-column elementor-element elementor-element-0f8277c\" data-id=\"0f8277c\" data-element_type=\"column\" data-e-type=\"column\">\r\n\t\t\t\r\n\t\t\t\r\n\t\t\t\r\n\t\t\t<div class=\"elementor-widget-wrap elementor-element-populated\">\r\n\t\t\t\t\t\t\t\t<div class=\" elementor-element elementor-element-e920da4 elementor-widget__width-initial elementor-widget elementor-widget-image\" data-id=\"e920da4\" data-element_type=\"widget\" data-e-type=\"widget\" data-widget_type=\"image.default\">\n\t\t\t\t<div class=\"elementor-widget-container\">\n\t\t\t\t\t\t\t\t\t\t\t\t\t\t\t<img fetchpriority=\"high\" decoding=\"async\" width=\"1000\" height=\"459\" src=\"https:\/\/balticoverlanders.eu\/wp-content\/uploads\/2023\/04\/Alu-Cab1500x688-TB.png\" class=\"attachment-large size-large wp-image-19471\" alt=\"Alu-cab\" srcset=\"https:\/\/balticoverlanders.eu\/wp-content\/uploads\/2023\/04\/Alu-Cab1500x688-TB.png 1000w, https:\/\/balticoverlanders.eu\/wp-content\/uploads\/2023\/04\/Alu-Cab1500x688-TB-300x138.png 300w, https:\/\/balticoverlanders.eu\/wp-content\/uploads\/2023\/04\/Alu-Cab1500x688-TB-768x353.png 768w, https:\/\/balticoverlanders.eu\/wp-content\/uploads\/2023\/04\/Alu-Cab1500x688-TB-150x69.png 150w, https:\/\/balticoverlanders.eu\/wp-content\/uploads\/2023\/04\/Alu-Cab1500x688-TB-600x275.png 600w\" sizes=\"(max-width: 1000px) 100vw, 1000px\" \/>\t\t\t\t\t\t\t\t\t\t\t\t\t\t\t<\/div>\n\t\t\t\t<\/div>\n\t\t\r\n\t\t\r\n\t\t\t\t\t\t\t<\/div>\r\n\t\t\t\r\n\t\t<\/div>\r\n\t\t\t\t<div\t\t class=\" elementor-column elementor-col-50 elementor-top-column elementor-element elementor-element-0aa9fc6\" data-id=\"0aa9fc6\" data-element_type=\"column\" data-e-type=\"column\">\r\n\t\t\t\r\n\t\t\t\r\n\t\t\t\r\n\t\t\t<div class=\"elementor-widget-wrap\">\r\n\t\t\t\t\t\t\r\n\t\t\r\n\t\t\t\t\t\t\t<\/div>\r\n\t\t\t\r\n\t\t<\/div>\r\n\t\t\t\t\t\t\t\t\t\t\t\t\t\t\t\t\t<\/div>\r\n\t\t\t\t\t\t<\/section>\r\n\t\t\t\t\r\n\t\t<section\t\t class=\" elementor-section elementor-top-section elementor-element elementor-element-cd2f871 elementor-section-boxed elementor-section-height-default elementor-section-height-default\" data-id=\"cd2f871\" data-element_type=\"section\" data-e-type=\"section\">\r\n\t\t\r\n\t\t\t\t\t\t\t\t\t\t<div class=\"elementor-container elementor-column-gap-default\" >\r\n\r\n\t\t\t\t\r\n\t\t\t\t\t\t\t\t\t\t\t\t\t\t<div\t\t class=\" elementor-column elementor-col-50 elementor-top-column elementor-element elementor-element-a16e848\" data-id=\"a16e848\" data-element_type=\"column\" data-e-type=\"column\">\r\n\t\t\t\r\n\t\t\t\r\n\t\t\t\r\n\t\t\t<div class=\"elementor-widget-wrap elementor-element-populated\">\r\n\t\t\t\t\t\t\t\t<div class=\" elementor-element elementor-element-e2a1496 elementor-widget elementor-widget-text-editor\" data-id=\"e2a1496\" data-element_type=\"widget\" data-e-type=\"widget\" data-widget_type=\"text-editor.default\">\n\t\t\t\t<div class=\"elementor-widget-container\">\n\t\t\t\t\t\t\t\t\t<p>Baltic Overlander ar lepnumu pied\u0101v\u0101 <span style=\"text-decoration: underline;\"><a href=\"https:\/\/www.alu-cab.com\/\">Alu-Cab<\/a><\/span> produktus Baltijas valst\u012bs &#8211; Igaunij\u0101, Latvij\u0101 un Lietuv\u0101 &#8211; ce\u013cot\u0101jiem, kuri mekl\u0113 iztur\u012bgus un augstas kvalit\u0101tes alum\u012bnija automa\u0161\u012bnu bezce\u013cu apr\u012bkojumu. Alu-Cab Cape Town (H\/O) durvis v\u0113ra 2000. gad\u0101, un kop\u0161 t\u0101 laika uz\u0146\u0113mums ir izaudzis no pirm\u0101 alum\u012bnija nojumes izgatavo\u0161anas l\u012bdz pilnv\u0113rt\u012bgai ra\u017eo\u0161anas r\u016bpn\u012bcai, kas apkalpo pasaules tirgu.<\/p>\n<p>\u0160odien Alu-Cab pied\u0101v\u0101 da\u017e\u0101dus alum\u012bnija produktus automobi\u013cu, atp\u016btas un komerci\u0101lajai r\u016bpniec\u012bbai. Uz\u0146\u0113muma ra\u017eotn\u0113 ir 14 r\u016bpn\u012bcas ar vair\u0101k nek\u0101 400 darbiniekiem, un t\u0101 Alu-Cab produktu kl\u0101sts tiek izplat\u012bts 73 valst\u012bs.<\/p>\n<p>Alu-Cab ir Dienvid\u0101frikas uz\u0146\u0113mums, kura ra\u017eotne atrodas Ottery, Keiptaun\u0101, un tas ir ap\u0146\u0113m\u012bbas pilns pieg\u0101d\u0101t kvalitat\u012bvus produktus, kas p\u0101rsniedz j\u016bsu cer\u012bbas. Ar sav\u0101m zin\u0101\u0161an\u0101m in\u017eenierzin\u0101t\u0146u un dizaina jom\u0101 Alu-Cab pied\u0101v\u0101 ce\u013cot\u0101jiem inovat\u012bvus risin\u0101jumus vi\u0146u kempinga vajadz\u012bb\u0101m.<\/p>\n<p>Neatkar\u012bgi no t\u0101, vai jums ir nepiecie\u0161ama jumta telts, alum\u012bnija nojume vai k\u0101ds cits alum\u012bnija izstr\u0101d\u0101jums, Alu-Cab jums ir pieejams. T\u0101 k\u0101 Alu-Cab produkti nodro\u0161ina iztur\u012bbu un kvalit\u0101ti, j\u016bs varat uztic\u0113ties, ka Alu-Cab produkti nodro\u0161in\u0101s jums uzticamu un \u0113rtu p\u0101rvieto\u0161anos pa sauszemi.<\/p>\n\t\t\t\t\t\t\t\t<\/div>\n\t\t\t\t<\/div>\n\t\t\t\t<div class=\" elementor-element elementor-element-74eed73 elementor-widget elementor-widget-riode_widget_button\" data-id=\"74eed73\" data-element_type=\"widget\" data-e-type=\"widget\" data-widget_type=\"riode_widget_button.default\">\n\t\t\t\t<div class=\"elementor-widget-container\">\n\t\t\t\t\t<a class=\"btn btn-primary\" href=\"https:\/\/balticoverlanders.eu\/product-category\/brands\/alu-cab\/\" >SEE All Alu-Cab Products<\/a>\t\t\t\t<\/div>\n\t\t\t\t<\/div>\n\t\t\r\n\t\t\r\n\t\t\t\t\t\t\t<\/div>\r\n\t\t\t\r\n\t\t<\/div>\r\n\t\t\t\t<div\t\t class=\" elementor-column elementor-col-50 elementor-top-column elementor-element elementor-element-c506b36\" data-id=\"c506b36\" data-element_type=\"column\" data-e-type=\"column\">\r\n\t\t\t\r\n\t\t\t\r\n\t\t\t\r\n\t\t\t<div class=\"elementor-widget-wrap elementor-element-populated\">\r\n\t\t\t\t\t\t\t\t\r\n\t\t<section\t\t class=\" elementor-section elementor-inner-section elementor-element elementor-element-c9d410f elementor-section-boxed elementor-section-height-default elementor-section-height-default\" data-id=\"c9d410f\" data-element_type=\"section\" data-e-type=\"section\">\r\n\t\t\r\n\t\t\t\t\t\t\t\t\t\t<div class=\"elementor-container elementor-column-gap-default\" >\r\n\r\n\t\t\t\t\r\n\t\t\t\t\t\t\t\t\t\t\t\t\t\t<div\t\t class=\" elementor-column elementor-col-50 elementor-inner-column elementor-element elementor-element-a119951\" data-id=\"a119951\" data-element_type=\"column\" data-e-type=\"column\">\r\n\t\t\t\r\n\t\t\t\r\n\t\t\t\r\n\t\t\t<div class=\"elementor-widget-wrap elementor-element-populated\">\r\n\t\t\t\t\t\t\t\t<div class=\" elementor-element elementor-element-31960cb elementor-widget elementor-widget-image\" data-id=\"31960cb\" data-element_type=\"widget\" data-e-type=\"widget\" data-widget_type=\"image.default\">\n\t\t\t\t<div class=\"elementor-widget-container\">\n\t\t\t\t\t\t\t\t\t\t\t\t\t\t\t<img decoding=\"async\" width=\"1024\" height=\"431\" src=\"https:\/\/balticoverlanders.eu\/wp-content\/uploads\/2023\/04\/slider2-1024x431.webp\" class=\"attachment-large size-large wp-image-19476\" alt=\"\" srcset=\"https:\/\/balticoverlanders.eu\/wp-content\/uploads\/2023\/04\/slider2-1024x431.webp 1024w, https:\/\/balticoverlanders.eu\/wp-content\/uploads\/2023\/04\/slider2-300x126.webp 300w, https:\/\/balticoverlanders.eu\/wp-content\/uploads\/2023\/04\/slider2-768x323.webp 768w, https:\/\/balticoverlanders.eu\/wp-content\/uploads\/2023\/04\/slider2-1536x647.webp 1536w, https:\/\/balticoverlanders.eu\/wp-content\/uploads\/2023\/04\/slider2-150x63.webp 150w, https:\/\/balticoverlanders.eu\/wp-content\/uploads\/2023\/04\/slider2-600x253.webp 600w, https:\/\/balticoverlanders.eu\/wp-content\/uploads\/2023\/04\/slider2.webp 1900w\" sizes=\"(max-width: 1024px) 100vw, 1024px\" \/>\t\t\t\t\t\t\t\t\t\t\t\t\t\t\t<\/div>\n\t\t\t\t<\/div>\n\t\t\r\n\t\t\r\n\t\t\t\t\t\t\t<\/div>\r\n\t\t\t\r\n\t\t<\/div>\r\n\t\t\t\t<div\t\t class=\" elementor-column elementor-col-50 elementor-inner-column elementor-element elementor-element-67bd267\" data-id=\"67bd267\" data-element_type=\"column\" data-e-type=\"column\">\r\n\t\t\t\r\n\t\t\t\r\n\t\t\t\r\n\t\t\t<div class=\"elementor-widget-wrap elementor-element-populated\">\r\n\t\t\t\t\t\t\t\t<div class=\" elementor-element elementor-element-f4fcfba elementor-widget elementor-widget-image\" data-id=\"f4fcfba\" data-element_type=\"widget\" data-e-type=\"widget\" data-widget_type=\"image.default\">\n\t\t\t\t<div class=\"elementor-widget-container\">\n\t\t\t\t\t\t\t\t\t\t\t\t\t\t\t<img decoding=\"async\" width=\"1024\" height=\"431\" src=\"https:\/\/balticoverlanders.eu\/wp-content\/uploads\/2023\/04\/slider1-2-1024x431.webp\" class=\"attachment-large size-large wp-image-19481\" alt=\"\" srcset=\"https:\/\/balticoverlanders.eu\/wp-content\/uploads\/2023\/04\/slider1-2-1024x431.webp 1024w, https:\/\/balticoverlanders.eu\/wp-content\/uploads\/2023\/04\/slider1-2-300x126.webp 300w, https:\/\/balticoverlanders.eu\/wp-content\/uploads\/2023\/04\/slider1-2-768x323.webp 768w, https:\/\/balticoverlanders.eu\/wp-content\/uploads\/2023\/04\/slider1-2-1536x647.webp 1536w, https:\/\/balticoverlanders.eu\/wp-content\/uploads\/2023\/04\/slider1-2-150x63.webp 150w, https:\/\/balticoverlanders.eu\/wp-content\/uploads\/2023\/04\/slider1-2-600x253.webp 600w, https:\/\/balticoverlanders.eu\/wp-content\/uploads\/2023\/04\/slider1-2.webp 1900w\" sizes=\"(max-width: 1024px) 100vw, 1024px\" \/>\t\t\t\t\t\t\t\t\t\t\t\t\t\t\t<\/div>\n\t\t\t\t<\/div>\n\t\t\r\n\t\t\r\n\t\t\t\t\t\t\t<\/div>\r\n\t\t\t\r\n\t\t<\/div>\r\n\t\t\t\t\t\t\t\t\t\t\t\t\t\t\t\t\t<\/div>\r\n\t\t\t\t\t\t<\/section>\r\n\t\t\t\t\r\n\t\t<section\t\t class=\" elementor-section elementor-inner-section elementor-element elementor-element-bef5310 elementor-section-boxed elementor-section-height-default elementor-section-height-default\" data-id=\"bef5310\" data-element_type=\"section\" data-e-type=\"section\">\r\n\t\t\r\n\t\t\t\t\t\t\t\t\t\t<div class=\"elementor-container elementor-column-gap-default\" >\r\n\r\n\t\t\t\t\r\n\t\t\t\t\t\t\t\t\t\t\t\t\t\t<div\t\t class=\" elementor-column elementor-col-50 elementor-inner-column elementor-element elementor-element-8d1f0e7\" data-id=\"8d1f0e7\" data-element_type=\"column\" data-e-type=\"column\">\r\n\t\t\t\r\n\t\t\t\r\n\t\t\t\r\n\t\t\t<div class=\"elementor-widget-wrap elementor-element-populated\">\r\n\t\t\t\t\t\t\t\t<div class=\" elementor-element elementor-element-604c06a elementor-widget elementor-widget-image\" data-id=\"604c06a\" data-element_type=\"widget\" data-e-type=\"widget\" data-widget_type=\"image.default\">\n\t\t\t\t<div class=\"elementor-widget-container\">\n\t\t\t\t\t\t\t\t\t\t\t\t\t\t\t<img loading=\"lazy\" decoding=\"async\" width=\"1024\" height=\"683\" src=\"https:\/\/balticoverlanders.eu\/wp-content\/uploads\/2023\/04\/5-1024x683.jpg\" class=\"attachment-large size-large wp-image-19157\" alt=\"\" srcset=\"https:\/\/balticoverlanders.eu\/wp-content\/uploads\/2023\/04\/5-1024x683.jpg 1024w, https:\/\/balticoverlanders.eu\/wp-content\/uploads\/2023\/04\/5-300x200.jpg 300w, https:\/\/balticoverlanders.eu\/wp-content\/uploads\/2023\/04\/5-768x512.jpg 768w, https:\/\/balticoverlanders.eu\/wp-content\/uploads\/2023\/04\/5-150x100.jpg 150w, https:\/\/balticoverlanders.eu\/wp-content\/uploads\/2023\/04\/5-600x400.jpg 600w, https:\/\/balticoverlanders.eu\/wp-content\/uploads\/2023\/04\/5.jpg 1200w\" sizes=\"(max-width: 1024px) 100vw, 1024px\" \/>\t\t\t\t\t\t\t\t\t\t\t\t\t\t\t<\/div>\n\t\t\t\t<\/div>\n\t\t\r\n\t\t\r\n\t\t\t\t\t\t\t<\/div>\r\n\t\t\t\r\n\t\t<\/div>\r\n\t\t\t\t<div\t\t class=\" elementor-column elementor-col-50 elementor-inner-column elementor-element elementor-element-2da0473\" data-id=\"2da0473\" data-element_type=\"column\" data-e-type=\"column\">\r\n\t\t\t\r\n\t\t\t\r\n\t\t\t\r\n\t\t\t<div class=\"elementor-widget-wrap elementor-element-populated\">\r\n\t\t\t\t\t\t\t\t<div class=\" elementor-element elementor-element-d6a4413 elementor-widget elementor-widget-image\" data-id=\"d6a4413\" data-element_type=\"widget\" data-e-type=\"widget\" data-widget_type=\"image.default\">\n\t\t\t\t<div class=\"elementor-widget-container\">\n\t\t\t\t\t\t\t\t\t\t\t\t\t\t\t<img loading=\"lazy\" decoding=\"async\" width=\"1024\" height=\"683\" src=\"https:\/\/balticoverlanders.eu\/wp-content\/uploads\/2023\/04\/17-1024x683.jpg\" class=\"attachment-large size-large wp-image-19152\" alt=\"\" srcset=\"https:\/\/balticoverlanders.eu\/wp-content\/uploads\/2023\/04\/17-1024x683.jpg 1024w, https:\/\/balticoverlanders.eu\/wp-content\/uploads\/2023\/04\/17-300x200.jpg 300w, https:\/\/balticoverlanders.eu\/wp-content\/uploads\/2023\/04\/17-768x512.jpg 768w, https:\/\/balticoverlanders.eu\/wp-content\/uploads\/2023\/04\/17-150x100.jpg 150w, https:\/\/balticoverlanders.eu\/wp-content\/uploads\/2023\/04\/17-600x400.jpg 600w, https:\/\/balticoverlanders.eu\/wp-content\/uploads\/2023\/04\/17.jpg 1200w\" sizes=\"(max-width: 1024px) 100vw, 1024px\" \/>\t\t\t\t\t\t\t\t\t\t\t\t\t\t\t<\/div>\n\t\t\t\t<\/div>\n\t\t\r\n\t\t\r\n\t\t\t\t\t\t\t<\/div>\r\n\t\t\t\r\n\t\t<\/div>\r\n\t\t\t\t\t\t\t\t\t\t\t\t\t\t\t\t\t<\/div>\r\n\t\t\t\t\t\t<\/section>\r\n\t\t\r\n\t\t\r\n\t\t\t\t\t\t\t<\/div>\r\n\t\t\t\r\n\t\t<\/div>\r\n\t\t\t\t\t\t\t\t\t\t\t\t\t\t\t\t\t<\/div>\r\n\t\t\t\t\t\t<\/section>\r\n\t\t\t\t<\/div>\n\t\t","protected":false},"excerpt":{"rendered":"<p>Baltic Overlander ar lepnumu pied\u0101v\u0101 Alu-Cab produktus Baltijas valst\u012bs &#8211; Igaunij\u0101, Latvij\u0101 un Lietuv\u0101 &#8211; ce\u013cot\u0101jiem, kuri mekl\u0113 iztur\u012bgus un augstas kvalit\u0101tes alum\u012bnija automa\u0161\u012bnu bezce\u013cu apr\u012bkojumu. Alu-Cab Cape Town (H\/O) durvis v\u0113ra 2000. gad\u0101, un kop\u0161 t\u0101 laika uz\u0146\u0113mums ir izaudzis no pirm\u0101 alum\u012bnija nojumes izgatavo\u0161anas l\u012bdz pilnv\u0113rt\u012bgai ra\u017eo\u0161anas r\u016bpn\u012bcai, kas apkalpo pasaules tirgu. \u0160odien [&hellip;]<\/p>\n","protected":false},"author":1,"featured_media":0,"parent":0,"menu_order":0,"comment_status":"closed","ping_status":"closed","template":"","meta":{"footnotes":""},"class_list":["post-17626","page","type-page","status-publish","hentry"],"yoast_head":"<!-- This site is optimized with the Yoast SEO plugin v27.3 - https:\/\/yoast.com\/product\/yoast-seo-wordpress\/ -->\n<title>Alu-Cab - BALTIC OVERLANDERS<\/title>\n<meta name=\"robots\" content=\"index, follow, max-snippet:-1, max-image-preview:large, max-video-preview:-1\" \/>\n<link rel=\"canonical\" href=\"https:\/\/balticoverlanders.eu\/lv\/alu-cab\/\" \/>\n<meta property=\"og:locale\" content=\"lv_LV\" \/>\n<meta property=\"og:type\" content=\"article\" \/>\n<meta property=\"og:title\" content=\"Alu-Cab - BALTIC OVERLANDERS\" \/>\n<meta property=\"og:description\" content=\"Baltic Overlander ar lepnumu pied\u0101v\u0101 Alu-Cab produktus Baltijas valst\u012bs &#8211; Igaunij\u0101, Latvij\u0101 un Lietuv\u0101 &#8211; ce\u013cot\u0101jiem, kuri mekl\u0113 iztur\u012bgus un augstas kvalit\u0101tes alum\u012bnija automa\u0161\u012bnu bezce\u013cu apr\u012bkojumu. Alu-Cab Cape Town (H\/O) durvis v\u0113ra 2000. gad\u0101, un kop\u0161 t\u0101 laika uz\u0146\u0113mums ir izaudzis no pirm\u0101 alum\u012bnija nojumes izgatavo\u0161anas l\u012bdz pilnv\u0113rt\u012bgai ra\u017eo\u0161anas r\u016bpn\u012bcai, kas apkalpo pasaules tirgu. \u0160odien [&hellip;]\" \/>\n<meta property=\"og:url\" content=\"https:\/\/balticoverlanders.eu\/lv\/alu-cab\/\" \/>\n<meta property=\"og:site_name\" content=\"BALTIC OVERLANDERS\" \/>\n<meta property=\"article:modified_time\" content=\"2023-04-15T20:44:52+00:00\" \/>\n<meta property=\"og:image\" content=\"https:\/\/balticoverlanders.eu\/wp-content\/uploads\/2023\/04\/Alu-Cab1500x688-TB.png\" \/>\n<meta name=\"twitter:card\" content=\"summary_large_image\" \/>\n<meta name=\"twitter:label1\" content=\"Est. reading time\" \/>\n\t<meta name=\"twitter:data1\" content=\"1 minute\" \/>\n<script type=\"application\/ld+json\" class=\"yoast-schema-graph\">{\"@context\":\"https:\\\/\\\/schema.org\",\"@graph\":[{\"@type\":\"WebPage\",\"@id\":\"https:\\\/\\\/balticoverlanders.eu\\\/lv\\\/alu-cab\\\/\",\"url\":\"https:\\\/\\\/balticoverlanders.eu\\\/lv\\\/alu-cab\\\/\",\"name\":\"Alu-Cab - BALTIC OVERLANDERS\",\"isPartOf\":{\"@id\":\"https:\\\/\\\/balticoverlanders.eu\\\/lv\\\/#website\"},\"primaryImageOfPage\":{\"@id\":\"https:\\\/\\\/balticoverlanders.eu\\\/lv\\\/alu-cab\\\/#primaryimage\"},\"image\":{\"@id\":\"https:\\\/\\\/balticoverlanders.eu\\\/lv\\\/alu-cab\\\/#primaryimage\"},\"thumbnailUrl\":\"https:\\\/\\\/balticoverlanders.eu\\\/wp-content\\\/uploads\\\/2023\\\/04\\\/Alu-Cab1500x688-TB.png\",\"datePublished\":\"2023-04-11T11:15:26+00:00\",\"dateModified\":\"2023-04-15T20:44:52+00:00\",\"breadcrumb\":{\"@id\":\"https:\\\/\\\/balticoverlanders.eu\\\/lv\\\/alu-cab\\\/#breadcrumb\"},\"inLanguage\":\"lv-LV\",\"potentialAction\":[{\"@type\":\"ReadAction\",\"target\":[\"https:\\\/\\\/balticoverlanders.eu\\\/lv\\\/alu-cab\\\/\"]}]},{\"@type\":\"ImageObject\",\"inLanguage\":\"lv-LV\",\"@id\":\"https:\\\/\\\/balticoverlanders.eu\\\/lv\\\/alu-cab\\\/#primaryimage\",\"url\":\"https:\\\/\\\/balticoverlanders.eu\\\/wp-content\\\/uploads\\\/2023\\\/04\\\/Alu-Cab1500x688-TB.png\",\"contentUrl\":\"https:\\\/\\\/balticoverlanders.eu\\\/wp-content\\\/uploads\\\/2023\\\/04\\\/Alu-Cab1500x688-TB.png\"},{\"@type\":\"BreadcrumbList\",\"@id\":\"https:\\\/\\\/balticoverlanders.eu\\\/lv\\\/alu-cab\\\/#breadcrumb\",\"itemListElement\":[{\"@type\":\"ListItem\",\"position\":1,\"name\":\"Home\",\"item\":\"https:\\\/\\\/balticoverlanders.eu\\\/lv\\\/\"},{\"@type\":\"ListItem\",\"position\":2,\"name\":\"Alu-Cab\"}]},{\"@type\":\"WebSite\",\"@id\":\"https:\\\/\\\/balticoverlanders.eu\\\/lv\\\/#website\",\"url\":\"https:\\\/\\\/balticoverlanders.eu\\\/lv\\\/\",\"name\":\"BALTIC OVERLANDERS\",\"description\":\"Your one-stop shop in Latvia, Estonia, and Lithuania for all your car camping, rooftop tent and accessory needs.\",\"publisher\":{\"@id\":\"https:\\\/\\\/balticoverlanders.eu\\\/lv\\\/#organization\"},\"potentialAction\":[{\"@type\":\"SearchAction\",\"target\":{\"@type\":\"EntryPoint\",\"urlTemplate\":\"https:\\\/\\\/balticoverlanders.eu\\\/lv\\\/?s={search_term_string}\"},\"query-input\":{\"@type\":\"PropertyValueSpecification\",\"valueRequired\":true,\"valueName\":\"search_term_string\"}}],\"inLanguage\":\"lv-LV\"},{\"@type\":\"Organization\",\"@id\":\"https:\\\/\\\/balticoverlanders.eu\\\/lv\\\/#organization\",\"name\":\"BALTIC OVERLANDERS\",\"url\":\"https:\\\/\\\/balticoverlanders.eu\\\/lv\\\/\",\"logo\":{\"@type\":\"ImageObject\",\"inLanguage\":\"lv-LV\",\"@id\":\"https:\\\/\\\/balticoverlanders.eu\\\/lv\\\/#\\\/schema\\\/logo\\\/image\\\/\",\"url\":\"https:\\\/\\\/balticoverlanders.eu\\\/wp-content\\\/uploads\\\/2023\\\/04\\\/BALTIC-OVERLANDERS-LOGO.jpg\",\"contentUrl\":\"https:\\\/\\\/balticoverlanders.eu\\\/wp-content\\\/uploads\\\/2023\\\/04\\\/BALTIC-OVERLANDERS-LOGO.jpg\",\"width\":1497,\"height\":310,\"caption\":\"BALTIC OVERLANDERS\"},\"image\":{\"@id\":\"https:\\\/\\\/balticoverlanders.eu\\\/lv\\\/#\\\/schema\\\/logo\\\/image\\\/\"},\"sameAs\":[\"https:\\\/\\\/www.instagram.com\\\/balticoverlanders\\\/\"]}]}<\/script>\n<!-- \/ Yoast SEO plugin. -->","yoast_head_json":{"title":"Alu-Cab - BALTIC OVERLANDERS","robots":{"index":"index","follow":"follow","max-snippet":"max-snippet:-1","max-image-preview":"max-image-preview:large","max-video-preview":"max-video-preview:-1"},"canonical":"https:\/\/balticoverlanders.eu\/lv\/alu-cab\/","og_locale":"lv_LV","og_type":"article","og_title":"Alu-Cab - BALTIC OVERLANDERS","og_description":"Baltic Overlander ar lepnumu pied\u0101v\u0101 Alu-Cab produktus Baltijas valst\u012bs &#8211; Igaunij\u0101, Latvij\u0101 un Lietuv\u0101 &#8211; ce\u013cot\u0101jiem, kuri mekl\u0113 iztur\u012bgus un augstas kvalit\u0101tes alum\u012bnija automa\u0161\u012bnu bezce\u013cu apr\u012bkojumu. Alu-Cab Cape Town (H\/O) durvis v\u0113ra 2000. gad\u0101, un kop\u0161 t\u0101 laika uz\u0146\u0113mums ir izaudzis no pirm\u0101 alum\u012bnija nojumes izgatavo\u0161anas l\u012bdz pilnv\u0113rt\u012bgai ra\u017eo\u0161anas r\u016bpn\u012bcai, kas apkalpo pasaules tirgu. \u0160odien [&hellip;]","og_url":"https:\/\/balticoverlanders.eu\/lv\/alu-cab\/","og_site_name":"BALTIC OVERLANDERS","article_modified_time":"2023-04-15T20:44:52+00:00","og_image":[{"url":"https:\/\/balticoverlanders.eu\/wp-content\/uploads\/2023\/04\/Alu-Cab1500x688-TB.png","type":"","width":"","height":""}],"twitter_card":"summary_large_image","twitter_misc":{"Est. reading time":"1 minute"},"schema":{"@context":"https:\/\/schema.org","@graph":[{"@type":"WebPage","@id":"https:\/\/balticoverlanders.eu\/lv\/alu-cab\/","url":"https:\/\/balticoverlanders.eu\/lv\/alu-cab\/","name":"Alu-Cab - BALTIC OVERLANDERS","isPartOf":{"@id":"https:\/\/balticoverlanders.eu\/lv\/#website"},"primaryImageOfPage":{"@id":"https:\/\/balticoverlanders.eu\/lv\/alu-cab\/#primaryimage"},"image":{"@id":"https:\/\/balticoverlanders.eu\/lv\/alu-cab\/#primaryimage"},"thumbnailUrl":"https:\/\/balticoverlanders.eu\/wp-content\/uploads\/2023\/04\/Alu-Cab1500x688-TB.png","datePublished":"2023-04-11T11:15:26+00:00","dateModified":"2023-04-15T20:44:52+00:00","breadcrumb":{"@id":"https:\/\/balticoverlanders.eu\/lv\/alu-cab\/#breadcrumb"},"inLanguage":"lv-LV","potentialAction":[{"@type":"ReadAction","target":["https:\/\/balticoverlanders.eu\/lv\/alu-cab\/"]}]},{"@type":"ImageObject","inLanguage":"lv-LV","@id":"https:\/\/balticoverlanders.eu\/lv\/alu-cab\/#primaryimage","url":"https:\/\/balticoverlanders.eu\/wp-content\/uploads\/2023\/04\/Alu-Cab1500x688-TB.png","contentUrl":"https:\/\/balticoverlanders.eu\/wp-content\/uploads\/2023\/04\/Alu-Cab1500x688-TB.png"},{"@type":"BreadcrumbList","@id":"https:\/\/balticoverlanders.eu\/lv\/alu-cab\/#breadcrumb","itemListElement":[{"@type":"ListItem","position":1,"name":"Home","item":"https:\/\/balticoverlanders.eu\/lv\/"},{"@type":"ListItem","position":2,"name":"Alu-Cab"}]},{"@type":"WebSite","@id":"https:\/\/balticoverlanders.eu\/lv\/#website","url":"https:\/\/balticoverlanders.eu\/lv\/","name":"BALTIC OVERLANDERS","description":"Your one-stop shop in Latvia, Estonia, and Lithuania for all your car camping, rooftop tent and accessory needs.","publisher":{"@id":"https:\/\/balticoverlanders.eu\/lv\/#organization"},"potentialAction":[{"@type":"SearchAction","target":{"@type":"EntryPoint","urlTemplate":"https:\/\/balticoverlanders.eu\/lv\/?s={search_term_string}"},"query-input":{"@type":"PropertyValueSpecification","valueRequired":true,"valueName":"search_term_string"}}],"inLanguage":"lv-LV"},{"@type":"Organization","@id":"https:\/\/balticoverlanders.eu\/lv\/#organization","name":"BALTIC OVERLANDERS","url":"https:\/\/balticoverlanders.eu\/lv\/","logo":{"@type":"ImageObject","inLanguage":"lv-LV","@id":"https:\/\/balticoverlanders.eu\/lv\/#\/schema\/logo\/image\/","url":"https:\/\/balticoverlanders.eu\/wp-content\/uploads\/2023\/04\/BALTIC-OVERLANDERS-LOGO.jpg","contentUrl":"https:\/\/balticoverlanders.eu\/wp-content\/uploads\/2023\/04\/BALTIC-OVERLANDERS-LOGO.jpg","width":1497,"height":310,"caption":"BALTIC OVERLANDERS"},"image":{"@id":"https:\/\/balticoverlanders.eu\/lv\/#\/schema\/logo\/image\/"},"sameAs":["https:\/\/www.instagram.com\/balticoverlanders\/"]}]}},"_links":{"self":[{"href":"https:\/\/balticoverlanders.eu\/lv\/wp-json\/wp\/v2\/pages\/17626","targetHints":{"allow":["GET"]}}],"collection":[{"href":"https:\/\/balticoverlanders.eu\/lv\/wp-json\/wp\/v2\/pages"}],"about":[{"href":"https:\/\/balticoverlanders.eu\/lv\/wp-json\/wp\/v2\/types\/page"}],"author":[{"embeddable":true,"href":"https:\/\/balticoverlanders.eu\/lv\/wp-json\/wp\/v2\/users\/1"}],"replies":[{"embeddable":true,"href":"https:\/\/balticoverlanders.eu\/lv\/wp-json\/wp\/v2\/comments?post=17626"}],"version-history":[{"count":4,"href":"https:\/\/balticoverlanders.eu\/lv\/wp-json\/wp\/v2\/pages\/17626\/revisions"}],"predecessor-version":[{"id":20769,"href":"https:\/\/balticoverlanders.eu\/lv\/wp-json\/wp\/v2\/pages\/17626\/revisions\/20769"}],"wp:attachment":[{"href":"https:\/\/balticoverlanders.eu\/lv\/wp-json\/wp\/v2\/media?parent=17626"}],"curies":[{"name":"wp","href":"https:\/\/api.w.org\/{rel}","templated":true}]}}