{"id":102101,"date":"2024-06-02T17:17:48","date_gmt":"2024-06-02T14:17:48","guid":{"rendered":"https:\/\/balticoverlanders.eu\/product\/thule-wingbar-evo-sliedes-ar-aizmugurejo-sliedi\/"},"modified":"2024-06-02T17:17:48","modified_gmt":"2024-06-02T14:17:48","slug":"thule-wingbar-evo-sliedes-ar-aizmugurejo-sliedi","status":"publish","type":"product","link":"https:\/\/balticoverlanders.eu\/lv\/produkts\/thule-wingbar-evo-sliedes-ar-aizmugurejo-sliedi\/","title":{"rendered":"Thule WingBar Evo sliedes ar aizmugur\u0113jo sliedi"},"content":{"rendered":"<h4>Produkta apraksts<\/h4>\n<p><strong>Aerodinamisks un kluss<\/strong><\/p>\n<p>Thule WingBar Evo ir izcil\u0101k\u0101 jumta bag\u0101\u017enieka sist\u0113ma, kas izstr\u0101d\u0101ta \u012bpa\u0161i klusai brauk\u0161anai. Izstr\u0101d\u0101ts ar aerodinamisku profilu, kas samazina trok\u0161\u0146a l\u012bmeni un degvielas pat\u0113ri\u0146u. T\u0101 pla\u0161\u0101 iekrau\u0161anas zona ir sader\u012bga ar pla\u0161u piederumu un bag\u0101\u017enieku kl\u0101stu, padarot to univers\u0101lu da\u017e\u0101d\u0101m p\u0101rvad\u0101\u0161anas vajadz\u012bb\u0101m. Thule WingBar Evo var dro\u0161i p\u0101rvad\u0101t l\u012bdz 100 kg smagu kravu, un tam ir integr\u0113tas T-veida sliedes, kas \u013cauj bez piep\u016bles uzst\u0101d\u012bt kravas vai sporta bag\u0101\u017eniekus.   <\/p>\n<h4>Funkcijas<\/h4>\n<ul>\n<li><strong>Piln\u012bga sist\u0113ma:<\/strong> Komplekt\u0101 ietilpst 4 viegli uzst\u0101d\u0101mas bag\u0101\u017enieka k\u0101jas un 2 Thule WingBar Evo kravas stie\u0146i.<\/li>\n<li><strong>QuickAccess saskarne:<\/strong> Aug\u0161\u0113j\u0101 T-veida sliede \u013cauj \u0113rti uzst\u0101d\u012bt un no\u0146emt piederumus.<\/li>\n<li><strong>WindDiffuser tehnolo\u0123ija:<\/strong> \u0160\u012b tehnolo\u0123ija trauc\u0113 gaisa pl\u016bsmu, lai samazin\u0101tu troksni un pretest\u012bbu, t\u0101d\u0113j\u0101di uzlabojot degvielas ekonomiju.<\/li>\n<li><strong>BoxBeam iek\u0161\u0113j\u0101 strukt\u016bra:<\/strong> Izcili sp\u0113c\u012bga slodzes josla, kas nodro\u0161ina iztur\u012bbu un dro\u0161\u012bbu.<\/li>\n<li><strong>Dro\u0161\u012bba:<\/strong> Thule One-Key sl\u0113dzenes (iek\u013cautas komplekt\u0101), kas nodro\u0161ina dro\u0161\u012bbu.<\/li>\n<li><strong>Piel\u0101go\u0161ana konkr\u0113tam transportl\u012bdzeklim:<\/strong> Izv\u0113l\u0113tais kravas stie\u0146a platums, k\u0101ji\u0146as un mont\u0101\u017eas komplekts ir \u012bpa\u0161i piel\u0101goti j\u016bsu transportl\u012bdzeklim, lai nodro\u0161in\u0101tu perfektu mont\u0101\u017eu.<\/li>\n<\/ul>\n<h4>Specifik\u0101cijas<\/h4>\n<ul>\n<li><strong>Maksim\u0101l\u0101 kravnes\u012bba<\/strong>: 100 kg. L\u016bdzu, p\u0101rbaudiet sava transportl\u012bdzek\u013ca maksim\u0101lo jumta kravnes\u012bbu, lai p\u0101rliecin\u0101tos par sader\u012bbu. <\/li>\n<\/ul>\n","protected":false},"excerpt":{"rendered":"<p>Produkta apraksts Aerodinamisks un kluss Thule WingBar Evo ir izcil\u0101k\u0101 jumta bag\u0101\u017enieka sist\u0113ma, kas izstr\u0101d\u0101ta \u012bpa\u0161i klusai brauk\u0161anai. Izstr\u0101d\u0101ts ar aerodinamisku profilu, kas samazina trok\u0161\u0146a l\u012bmeni un degvielas pat\u0113ri\u0146u. T\u0101 pla\u0161\u0101 iekrau\u0161anas zona ir sader\u012bga ar pla\u0161u piederumu un bag\u0101\u017enieku kl\u0101stu, padarot to univers\u0101lu da\u017e\u0101d\u0101m p\u0101rvad\u0101\u0161anas vajadz\u012bb\u0101m. Thule WingBar Evo var dro\u0161i p\u0101rvad\u0101t l\u012bdz 100 [&hellip;]<\/p>\n","protected":false},"featured_media":46392,"template":"","meta":[],"product_brand":[],"product_cat":[600,601],"product_tag":[],"class_list":{"0":"post-102101","1":"product","2":"type-product","3":"status-publish","4":"has-post-thumbnail","6":"product_cat-jumta-bagaznieki","7":"product_cat-thule","9":"first","10":"onbackorder","11":"taxable","12":"shipping-taxable","13":"purchasable","14":"product-type-variable"},"yoast_head":"<!-- This site is optimized with the Yoast SEO plugin v27.3 - https:\/\/yoast.com\/product\/yoast-seo-wordpress\/ -->\n<title>Thule WingBar Evo sliedes ar aizmugur\u0113jo sliedi - BALTIC OVERLANDERS<\/title>\n<meta name=\"description\" content=\"Thule WingBar Evo ir aerodinamiska jumta bag\u0101\u017enieka sist\u0113ma, kas nodro\u0161ina \u012bpa\u0161i klusu brauk\u0161anu. Liela iekrau\u0161anas plat\u012bba un l\u012bdz 100 kg. Izgatavots sl\u012bp\u0113tajai sliedei\" \/>\n<meta name=\"robots\" content=\"index, follow, max-snippet:-1, max-image-preview:large, max-video-preview:-1\" \/>\n<link rel=\"canonical\" href=\"https:\/\/balticoverlanders.eu\/lv\/produkts\/thule-wingbar-evo-sliedes-ar-aizmugurejo-sliedi\/\" \/>\n<meta property=\"og:locale\" content=\"lv_LV\" \/>\n<meta property=\"og:type\" content=\"article\" \/>\n<meta property=\"og:title\" content=\"Thule WingBar Evo sliedes ar aizmugur\u0113jo sliedi - BALTIC OVERLANDERS\" \/>\n<meta property=\"og:description\" content=\"Thule WingBar Evo ir aerodinamiska jumta bag\u0101\u017enieka sist\u0113ma, kas nodro\u0161ina \u012bpa\u0161i klusu brauk\u0161anu. Liela iekrau\u0161anas plat\u012bba un l\u012bdz 100 kg. Izgatavots sl\u012bp\u0113tajai sliedei\" \/>\n<meta property=\"og:url\" content=\"https:\/\/balticoverlanders.eu\/lv\/produkts\/thule-wingbar-evo-sliedes-ar-aizmugurejo-sliedi\/\" \/>\n<meta property=\"og:site_name\" content=\"BALTIC OVERLANDERS\" \/>\n<meta property=\"og:image\" content=\"https:\/\/balticoverlanders.eu\/wp-content\/uploads\/2024\/06\/thule-evo-flush-rail-4-units-1-1.jpg\" \/>\n\t<meta property=\"og:image:width\" content=\"1000\" \/>\n\t<meta property=\"og:image:height\" content=\"1000\" \/>\n\t<meta property=\"og:image:type\" content=\"image\/jpeg\" \/>\n<meta name=\"twitter:card\" content=\"summary_large_image\" \/>\n<meta name=\"twitter:label1\" content=\"Est. reading time\" \/>\n\t<meta name=\"twitter:data1\" content=\"1 minute\" \/>\n<script type=\"application\/ld+json\" class=\"yoast-schema-graph\">{\"@context\":\"https:\\\/\\\/schema.org\",\"@graph\":[{\"@type\":\"WebPage\",\"@id\":\"https:\\\/\\\/balticoverlanders.eu\\\/lv\\\/produkts\\\/thule-wingbar-evo-sliedes-ar-aizmugurejo-sliedi\\\/\",\"url\":\"https:\\\/\\\/balticoverlanders.eu\\\/lv\\\/produkts\\\/thule-wingbar-evo-sliedes-ar-aizmugurejo-sliedi\\\/\",\"name\":\"Thule WingBar Evo sliedes ar aizmugur\u0113jo sliedi - BALTIC OVERLANDERS\",\"isPartOf\":{\"@id\":\"https:\\\/\\\/balticoverlanders.eu\\\/lv\\\/#website\"},\"primaryImageOfPage\":{\"@id\":\"https:\\\/\\\/balticoverlanders.eu\\\/lv\\\/produkts\\\/thule-wingbar-evo-sliedes-ar-aizmugurejo-sliedi\\\/#primaryimage\"},\"image\":{\"@id\":\"https:\\\/\\\/balticoverlanders.eu\\\/lv\\\/produkts\\\/thule-wingbar-evo-sliedes-ar-aizmugurejo-sliedi\\\/#primaryimage\"},\"thumbnailUrl\":\"https:\\\/\\\/balticoverlanders.eu\\\/wp-content\\\/uploads\\\/2024\\\/06\\\/thule-evo-flush-rail-4-units-1-1.jpg\",\"datePublished\":\"2024-06-02T14:17:48+00:00\",\"description\":\"Thule WingBar Evo ir aerodinamiska jumta bag\u0101\u017enieka sist\u0113ma, kas nodro\u0161ina \u012bpa\u0161i klusu brauk\u0161anu. Liela iekrau\u0161anas plat\u012bba un l\u012bdz 100 kg. Izgatavots sl\u012bp\u0113tajai sliedei\",\"breadcrumb\":{\"@id\":\"https:\\\/\\\/balticoverlanders.eu\\\/lv\\\/produkts\\\/thule-wingbar-evo-sliedes-ar-aizmugurejo-sliedi\\\/#breadcrumb\"},\"inLanguage\":\"lv-LV\",\"potentialAction\":[{\"@type\":\"ReadAction\",\"target\":[\"https:\\\/\\\/balticoverlanders.eu\\\/lv\\\/produkts\\\/thule-wingbar-evo-sliedes-ar-aizmugurejo-sliedi\\\/\"]}]},{\"@type\":\"ImageObject\",\"inLanguage\":\"lv-LV\",\"@id\":\"https:\\\/\\\/balticoverlanders.eu\\\/lv\\\/produkts\\\/thule-wingbar-evo-sliedes-ar-aizmugurejo-sliedi\\\/#primaryimage\",\"url\":\"https:\\\/\\\/balticoverlanders.eu\\\/wp-content\\\/uploads\\\/2024\\\/06\\\/thule-evo-flush-rail-4-units-1-1.jpg\",\"contentUrl\":\"https:\\\/\\\/balticoverlanders.eu\\\/wp-content\\\/uploads\\\/2024\\\/06\\\/thule-evo-flush-rail-4-units-1-1.jpg\",\"width\":1000,\"height\":1000},{\"@type\":\"BreadcrumbList\",\"@id\":\"https:\\\/\\\/balticoverlanders.eu\\\/lv\\\/produkts\\\/thule-wingbar-evo-sliedes-ar-aizmugurejo-sliedi\\\/#breadcrumb\",\"itemListElement\":[{\"@type\":\"ListItem\",\"position\":1,\"name\":\"Home\",\"item\":\"https:\\\/\\\/balticoverlanders.eu\\\/lv\\\/\"},{\"@type\":\"ListItem\",\"position\":2,\"name\":\"Veikals\",\"item\":\"https:\\\/\\\/balticoverlanders.eu\\\/lv\\\/veikals\\\/\"},{\"@type\":\"ListItem\",\"position\":3,\"name\":\"Thule WingBar Evo sliedes ar aizmugur\u0113jo sliedi\"}]},{\"@type\":\"WebSite\",\"@id\":\"https:\\\/\\\/balticoverlanders.eu\\\/lv\\\/#website\",\"url\":\"https:\\\/\\\/balticoverlanders.eu\\\/lv\\\/\",\"name\":\"BALTIC OVERLANDERS\",\"description\":\"Your one-stop shop in Latvia, Estonia, and Lithuania for all your car camping, rooftop tent and accessory needs.\",\"publisher\":{\"@id\":\"https:\\\/\\\/balticoverlanders.eu\\\/lv\\\/#organization\"},\"potentialAction\":[{\"@type\":\"SearchAction\",\"target\":{\"@type\":\"EntryPoint\",\"urlTemplate\":\"https:\\\/\\\/balticoverlanders.eu\\\/lv\\\/?s={search_term_string}\"},\"query-input\":{\"@type\":\"PropertyValueSpecification\",\"valueRequired\":true,\"valueName\":\"search_term_string\"}}],\"inLanguage\":\"lv-LV\"},{\"@type\":\"Organization\",\"@id\":\"https:\\\/\\\/balticoverlanders.eu\\\/lv\\\/#organization\",\"name\":\"BALTIC OVERLANDERS\",\"url\":\"https:\\\/\\\/balticoverlanders.eu\\\/lv\\\/\",\"logo\":{\"@type\":\"ImageObject\",\"inLanguage\":\"lv-LV\",\"@id\":\"https:\\\/\\\/balticoverlanders.eu\\\/lv\\\/#\\\/schema\\\/logo\\\/image\\\/\",\"url\":\"https:\\\/\\\/balticoverlanders.eu\\\/wp-content\\\/uploads\\\/2023\\\/04\\\/BALTIC-OVERLANDERS-LOGO.jpg\",\"contentUrl\":\"https:\\\/\\\/balticoverlanders.eu\\\/wp-content\\\/uploads\\\/2023\\\/04\\\/BALTIC-OVERLANDERS-LOGO.jpg\",\"width\":1497,\"height\":310,\"caption\":\"BALTIC OVERLANDERS\"},\"image\":{\"@id\":\"https:\\\/\\\/balticoverlanders.eu\\\/lv\\\/#\\\/schema\\\/logo\\\/image\\\/\"},\"sameAs\":[\"https:\\\/\\\/www.instagram.com\\\/balticoverlanders\\\/\"]}]}<\/script>\n<!-- \/ Yoast SEO plugin. -->","yoast_head_json":{"title":"Thule WingBar Evo sliedes ar aizmugur\u0113jo sliedi - BALTIC OVERLANDERS","description":"Thule WingBar Evo ir aerodinamiska jumta bag\u0101\u017enieka sist\u0113ma, kas nodro\u0161ina \u012bpa\u0161i klusu brauk\u0161anu. Liela iekrau\u0161anas plat\u012bba un l\u012bdz 100 kg. Izgatavots sl\u012bp\u0113tajai sliedei","robots":{"index":"index","follow":"follow","max-snippet":"max-snippet:-1","max-image-preview":"max-image-preview:large","max-video-preview":"max-video-preview:-1"},"canonical":"https:\/\/balticoverlanders.eu\/lv\/produkts\/thule-wingbar-evo-sliedes-ar-aizmugurejo-sliedi\/","og_locale":"lv_LV","og_type":"article","og_title":"Thule WingBar Evo sliedes ar aizmugur\u0113jo sliedi - BALTIC OVERLANDERS","og_description":"Thule WingBar Evo ir aerodinamiska jumta bag\u0101\u017enieka sist\u0113ma, kas nodro\u0161ina \u012bpa\u0161i klusu brauk\u0161anu. Liela iekrau\u0161anas plat\u012bba un l\u012bdz 100 kg. Izgatavots sl\u012bp\u0113tajai sliedei","og_url":"https:\/\/balticoverlanders.eu\/lv\/produkts\/thule-wingbar-evo-sliedes-ar-aizmugurejo-sliedi\/","og_site_name":"BALTIC OVERLANDERS","og_image":[{"width":1000,"height":1000,"url":"https:\/\/balticoverlanders.eu\/wp-content\/uploads\/2024\/06\/thule-evo-flush-rail-4-units-1-1.jpg","type":"image\/jpeg"}],"twitter_card":"summary_large_image","twitter_misc":{"Est. reading time":"1 minute"},"schema":{"@context":"https:\/\/schema.org","@graph":[{"@type":"WebPage","@id":"https:\/\/balticoverlanders.eu\/lv\/produkts\/thule-wingbar-evo-sliedes-ar-aizmugurejo-sliedi\/","url":"https:\/\/balticoverlanders.eu\/lv\/produkts\/thule-wingbar-evo-sliedes-ar-aizmugurejo-sliedi\/","name":"Thule WingBar Evo sliedes ar aizmugur\u0113jo sliedi - BALTIC OVERLANDERS","isPartOf":{"@id":"https:\/\/balticoverlanders.eu\/lv\/#website"},"primaryImageOfPage":{"@id":"https:\/\/balticoverlanders.eu\/lv\/produkts\/thule-wingbar-evo-sliedes-ar-aizmugurejo-sliedi\/#primaryimage"},"image":{"@id":"https:\/\/balticoverlanders.eu\/lv\/produkts\/thule-wingbar-evo-sliedes-ar-aizmugurejo-sliedi\/#primaryimage"},"thumbnailUrl":"https:\/\/balticoverlanders.eu\/wp-content\/uploads\/2024\/06\/thule-evo-flush-rail-4-units-1-1.jpg","datePublished":"2024-06-02T14:17:48+00:00","description":"Thule WingBar Evo ir aerodinamiska jumta bag\u0101\u017enieka sist\u0113ma, kas nodro\u0161ina \u012bpa\u0161i klusu brauk\u0161anu. Liela iekrau\u0161anas plat\u012bba un l\u012bdz 100 kg. Izgatavots sl\u012bp\u0113tajai sliedei","breadcrumb":{"@id":"https:\/\/balticoverlanders.eu\/lv\/produkts\/thule-wingbar-evo-sliedes-ar-aizmugurejo-sliedi\/#breadcrumb"},"inLanguage":"lv-LV","potentialAction":[{"@type":"ReadAction","target":["https:\/\/balticoverlanders.eu\/lv\/produkts\/thule-wingbar-evo-sliedes-ar-aizmugurejo-sliedi\/"]}]},{"@type":"ImageObject","inLanguage":"lv-LV","@id":"https:\/\/balticoverlanders.eu\/lv\/produkts\/thule-wingbar-evo-sliedes-ar-aizmugurejo-sliedi\/#primaryimage","url":"https:\/\/balticoverlanders.eu\/wp-content\/uploads\/2024\/06\/thule-evo-flush-rail-4-units-1-1.jpg","contentUrl":"https:\/\/balticoverlanders.eu\/wp-content\/uploads\/2024\/06\/thule-evo-flush-rail-4-units-1-1.jpg","width":1000,"height":1000},{"@type":"BreadcrumbList","@id":"https:\/\/balticoverlanders.eu\/lv\/produkts\/thule-wingbar-evo-sliedes-ar-aizmugurejo-sliedi\/#breadcrumb","itemListElement":[{"@type":"ListItem","position":1,"name":"Home","item":"https:\/\/balticoverlanders.eu\/lv\/"},{"@type":"ListItem","position":2,"name":"Veikals","item":"https:\/\/balticoverlanders.eu\/lv\/veikals\/"},{"@type":"ListItem","position":3,"name":"Thule WingBar Evo sliedes ar aizmugur\u0113jo sliedi"}]},{"@type":"WebSite","@id":"https:\/\/balticoverlanders.eu\/lv\/#website","url":"https:\/\/balticoverlanders.eu\/lv\/","name":"BALTIC OVERLANDERS","description":"Your one-stop shop in Latvia, Estonia, and Lithuania for all your car camping, rooftop tent and accessory needs.","publisher":{"@id":"https:\/\/balticoverlanders.eu\/lv\/#organization"},"potentialAction":[{"@type":"SearchAction","target":{"@type":"EntryPoint","urlTemplate":"https:\/\/balticoverlanders.eu\/lv\/?s={search_term_string}"},"query-input":{"@type":"PropertyValueSpecification","valueRequired":true,"valueName":"search_term_string"}}],"inLanguage":"lv-LV"},{"@type":"Organization","@id":"https:\/\/balticoverlanders.eu\/lv\/#organization","name":"BALTIC OVERLANDERS","url":"https:\/\/balticoverlanders.eu\/lv\/","logo":{"@type":"ImageObject","inLanguage":"lv-LV","@id":"https:\/\/balticoverlanders.eu\/lv\/#\/schema\/logo\/image\/","url":"https:\/\/balticoverlanders.eu\/wp-content\/uploads\/2023\/04\/BALTIC-OVERLANDERS-LOGO.jpg","contentUrl":"https:\/\/balticoverlanders.eu\/wp-content\/uploads\/2023\/04\/BALTIC-OVERLANDERS-LOGO.jpg","width":1497,"height":310,"caption":"BALTIC OVERLANDERS"},"image":{"@id":"https:\/\/balticoverlanders.eu\/lv\/#\/schema\/logo\/image\/"},"sameAs":["https:\/\/www.instagram.com\/balticoverlanders\/"]}]}},"_links":{"self":[{"href":"https:\/\/balticoverlanders.eu\/lv\/wp-json\/wp\/v2\/product\/102101","targetHints":{"allow":["GET"]}}],"collection":[{"href":"https:\/\/balticoverlanders.eu\/lv\/wp-json\/wp\/v2\/product"}],"about":[{"href":"https:\/\/balticoverlanders.eu\/lv\/wp-json\/wp\/v2\/types\/product"}],"wp:featuredmedia":[{"embeddable":true,"href":"https:\/\/balticoverlanders.eu\/lv\/wp-json\/wp\/v2\/media\/46392"}],"wp:attachment":[{"href":"https:\/\/balticoverlanders.eu\/lv\/wp-json\/wp\/v2\/media?parent=102101"}],"wp:term":[{"taxonomy":"product_brand","embeddable":true,"href":"https:\/\/balticoverlanders.eu\/lv\/wp-json\/wp\/v2\/product_brand?post=102101"},{"taxonomy":"product_cat","embeddable":true,"href":"https:\/\/balticoverlanders.eu\/lv\/wp-json\/wp\/v2\/product_cat?post=102101"},{"taxonomy":"product_tag","embeddable":true,"href":"https:\/\/balticoverlanders.eu\/lv\/wp-json\/wp\/v2\/product_tag?post=102101"}],"curies":[{"name":"wp","href":"https:\/\/api.w.org\/{rel}","templated":true}]}}