{"id":22052,"date":"2023-04-18T17:41:07","date_gmt":"2023-04-18T14:41:07","guid":{"rendered":"https:\/\/balticoverlanders.eu\/product\/james-baroud-side-awning-auto-jumta-telts-sanu-markizes-sanu-sienas\/"},"modified":"2023-06-30T18:24:47","modified_gmt":"2023-06-30T15:24:47","slug":"james-baroud-side-awning-walls","status":"publish","type":"product","link":"https:\/\/balticoverlanders.eu\/lv\/produkts\/james-baroud-side-awning-walls\/","title":{"rendered":"James Baroud Side-Awning s\u0101nu mar\u0137\u012bzes sienas"},"content":{"rendered":"<p>Vai mekl\u0113jat papildu aizsardz\u012bbu un priv\u0101tumu, tel\u0161ojot ar jumta telti? JAMES BAROUD SIDE-AWNING jumta telts s\u0101nu mar\u0137\u012bzei tagad ir pieejams tr\u012bs s\u0101nu sienu komplekta ar lieliem logiem un vien\u0101m durv\u012bm. Izmantojot \u0161o komplektu, varat izveidot papildu \u0123\u0113rbtuves un atp\u016btas telpas, vienlaikus pasarg\u0101jot sevi no saules vai lietus.<\/p>\n<p>\u0160eit ir galven\u0101 JAMES BAROUD SIDE-AWNING auto jumta telts s\u0101nu mar\u0137\u012bzes s\u0101nu sienu inform\u0101cija:<\/p>\n<ul>\n<li>Pusapa\u013c\u0161 profils ar sekojo\u0161u cauru\u013cvadu sliedi tiek piestiprin\u0101ts pie \u0161\u0137\u0113rssijas un galvas p\u0101rseguma, un s\u0101nu siena tiek ievilkta cauru\u013cvadu slied\u0113. T\u0101d\u0113j\u0101di tiek izveidots v\u0113ja un \u016bdensnecaurlaid\u012bgs savienojums.<\/li>\n<li>Priek\u0161\u0113j\u0101 siena ir ievilkta priek\u0161\u0113j\u0101 alum\u012bnija profila cauru\u013cvadu slied\u0113 un savienota ar s\u0101nu sien\u0101m ar r\u0101v\u0113jsl\u0113dz\u0113ju, nodro\u0161inot piln\u012bgu priv\u0101tumu.<\/li>\n<li>Nojumes s\u0101nu sienu augstums ir aptuveni 170-175 cm, nodro\u0161inot pietiekami daudz vietas, lai \u0113rti st\u0101v\u0113tu un p\u0101rvietotos.<\/li>\n<li>\u016adensnecaurlaid\u012bg\u0101 \u0161uve ir aptuveni 30 cm gara, kas nodro\u0161ina, ka lietainos apst\u0101k\u013cos paliekat sauss.<\/li>\n<li>Noapa\u013cotie logi piesaista uzman\u012bbu un nodro\u0161ina gai\u0161u un draudz\u012bgu atmosf\u0113ru nojumes iek\u0161pus\u0113.<\/li>\n<li>Logi ir apr\u012bkoti ar mosk\u012btu t\u012bkliem, un vajadz\u012bbas gad\u012bjum\u0101 tos var aizv\u0113rt necaursp\u012bd\u012bgi, nodro\u0161inot piln\u012bgu priv\u0101tumu un aizsardz\u012bbu.<\/li>\n<\/ul>\n<p>JAMES BAROUD SIDE-AWNING pievienot\u0101s ilustr\u0101cijas skaidri par\u0101da, cik viegli ir uzst\u0101d\u012bt mark\u012bzes s\u0101nu pane\u013cus, kas tiek piestiprin\u0101ti transportl\u012bdzek\u013ca s\u0101nos.<\/p>\n","protected":false},"excerpt":{"rendered":"<ul>\n<li>Papildiniet savu JAMES BAROUD SIDE-AWNING tr\u012bs s\u0101nu sienas ar lieliem logiem un durv\u012bm, lai nodro\u0161in\u0101tu papildu aizsardz\u012bbu un priv\u0101tumu.<\/li>\n<li>Pusapa\u013cais profils ar cauru\u013cvadu sliedi \u013cauj viegli mont\u0113t un nodro\u0161in\u0101t v\u0113ja un \u016bdensnecaurlaid\u012bgu savienojumu.<\/li>\n<\/ul>\n<p>Pieejami divi izm\u0113ri ar abiem James Baroud s\u0101nu nojumes izm\u0113riem:<\/p>\n<ul>\n<li>200 cm x 270 cm<\/li>\n<li>250 cm x 270 cm<\/li>\n<\/ul>\n","protected":false},"featured_media":22047,"template":"","meta":[],"product_brand":[],"product_cat":[133,321],"product_tag":[],"class_list":{"0":"post-22052","1":"product","2":"type-product","3":"status-publish","4":"has-post-thumbnail","6":"product_cat-james-baroud-lv","7":"product_cat-jumta-telsu-aksesuari","9":"first","10":"onbackorder","11":"taxable","12":"shipping-taxable","13":"purchasable","14":"product-type-variable"},"yoast_head":"<!-- This site is optimized with the Yoast SEO plugin v27.3 - https:\/\/yoast.com\/product\/yoast-seo-wordpress\/ -->\n<title>James Baroud s\u0101nu mar\u0137\u012bzes sienas - BALTIC OVERLANDERS<\/title>\n<meta name=\"description\" content=\"Izveidojiet papildu \u0123\u0113rbtuves un atp\u016btas telpu ar JAMES BAROUD SIDE-AWNING tr\u012bs s\u0101nu sienu komplektu ar lieliem logiem un durv\u012bm. Viegla mont\u0101\u017ea un v\u0113ja un \u016bdensnecaurlaid\u012bgs savienojums.\" \/>\n<meta name=\"robots\" content=\"index, follow, max-snippet:-1, max-image-preview:large, max-video-preview:-1\" \/>\n<link rel=\"canonical\" href=\"https:\/\/balticoverlanders.eu\/lv\/produkts\/james-baroud-side-awning-walls\/\" \/>\n<meta property=\"og:locale\" content=\"lv_LV\" \/>\n<meta property=\"og:type\" content=\"article\" \/>\n<meta property=\"og:title\" content=\"James Baroud s\u0101nu mar\u0137\u012bzes sienas - BALTIC OVERLANDERS\" \/>\n<meta property=\"og:description\" content=\"Izveidojiet papildu \u0123\u0113rbtuves un atp\u016btas telpu ar JAMES BAROUD SIDE-AWNING tr\u012bs s\u0101nu sienu komplektu ar lieliem logiem un durv\u012bm. Viegla mont\u0101\u017ea un v\u0113ja un \u016bdensnecaurlaid\u012bgs savienojums.\" \/>\n<meta property=\"og:url\" content=\"https:\/\/balticoverlanders.eu\/lv\/produkts\/james-baroud-side-awning-walls\/\" \/>\n<meta property=\"og:site_name\" content=\"BALTIC OVERLANDERS\" \/>\n<meta property=\"article:modified_time\" content=\"2023-06-30T15:24:47+00:00\" \/>\n<meta property=\"og:image\" content=\"https:\/\/balticoverlanders.eu\/wp-content\/uploads\/2023\/04\/James-Baroud-Products-Accessories-Awning-Walls-3.jpg\" \/>\n\t<meta property=\"og:image:width\" content=\"1134\" \/>\n\t<meta property=\"og:image:height\" content=\"850\" \/>\n\t<meta property=\"og:image:type\" content=\"image\/jpeg\" \/>\n<meta name=\"twitter:card\" content=\"summary_large_image\" \/>\n<meta name=\"twitter:label1\" content=\"Est. reading time\" \/>\n\t<meta name=\"twitter:data1\" content=\"1 minute\" \/>\n<script type=\"application\/ld+json\" class=\"yoast-schema-graph\">{\"@context\":\"https:\\\/\\\/schema.org\",\"@graph\":[{\"@type\":\"WebPage\",\"@id\":\"https:\\\/\\\/balticoverlanders.eu\\\/lv\\\/produkts\\\/james-baroud-side-awning-walls\\\/\",\"url\":\"https:\\\/\\\/balticoverlanders.eu\\\/lv\\\/produkts\\\/james-baroud-side-awning-walls\\\/\",\"name\":\"James Baroud s\u0101nu mar\u0137\u012bzes sienas - BALTIC OVERLANDERS\",\"isPartOf\":{\"@id\":\"https:\\\/\\\/balticoverlanders.eu\\\/lv\\\/#website\"},\"primaryImageOfPage\":{\"@id\":\"https:\\\/\\\/balticoverlanders.eu\\\/lv\\\/produkts\\\/james-baroud-side-awning-walls\\\/#primaryimage\"},\"image\":{\"@id\":\"https:\\\/\\\/balticoverlanders.eu\\\/lv\\\/produkts\\\/james-baroud-side-awning-walls\\\/#primaryimage\"},\"thumbnailUrl\":\"https:\\\/\\\/balticoverlanders.eu\\\/wp-content\\\/uploads\\\/2023\\\/04\\\/James-Baroud-Products-Accessories-Awning-Walls-3.jpg\",\"datePublished\":\"2023-04-18T14:41:07+00:00\",\"dateModified\":\"2023-06-30T15:24:47+00:00\",\"description\":\"Izveidojiet papildu \u0123\u0113rbtuves un atp\u016btas telpu ar JAMES BAROUD SIDE-AWNING tr\u012bs s\u0101nu sienu komplektu ar lieliem logiem un durv\u012bm. Viegla mont\u0101\u017ea un v\u0113ja un \u016bdensnecaurlaid\u012bgs savienojums.\",\"breadcrumb\":{\"@id\":\"https:\\\/\\\/balticoverlanders.eu\\\/lv\\\/produkts\\\/james-baroud-side-awning-walls\\\/#breadcrumb\"},\"inLanguage\":\"lv-LV\",\"potentialAction\":[{\"@type\":\"ReadAction\",\"target\":[\"https:\\\/\\\/balticoverlanders.eu\\\/lv\\\/produkts\\\/james-baroud-side-awning-walls\\\/\"]}]},{\"@type\":\"ImageObject\",\"inLanguage\":\"lv-LV\",\"@id\":\"https:\\\/\\\/balticoverlanders.eu\\\/lv\\\/produkts\\\/james-baroud-side-awning-walls\\\/#primaryimage\",\"url\":\"https:\\\/\\\/balticoverlanders.eu\\\/wp-content\\\/uploads\\\/2023\\\/04\\\/James-Baroud-Products-Accessories-Awning-Walls-3.jpg\",\"contentUrl\":\"https:\\\/\\\/balticoverlanders.eu\\\/wp-content\\\/uploads\\\/2023\\\/04\\\/James-Baroud-Products-Accessories-Awning-Walls-3.jpg\",\"width\":1134,\"height\":850},{\"@type\":\"BreadcrumbList\",\"@id\":\"https:\\\/\\\/balticoverlanders.eu\\\/lv\\\/produkts\\\/james-baroud-side-awning-walls\\\/#breadcrumb\",\"itemListElement\":[{\"@type\":\"ListItem\",\"position\":1,\"name\":\"Home\",\"item\":\"https:\\\/\\\/balticoverlanders.eu\\\/lv\\\/\"},{\"@type\":\"ListItem\",\"position\":2,\"name\":\"Veikals\",\"item\":\"https:\\\/\\\/balticoverlanders.eu\\\/lv\\\/veikals\\\/\"},{\"@type\":\"ListItem\",\"position\":3,\"name\":\"James Baroud Side-Awning s\u0101nu mar\u0137\u012bzes sienas\"}]},{\"@type\":\"WebSite\",\"@id\":\"https:\\\/\\\/balticoverlanders.eu\\\/lv\\\/#website\",\"url\":\"https:\\\/\\\/balticoverlanders.eu\\\/lv\\\/\",\"name\":\"BALTIC OVERLANDERS\",\"description\":\"Your one-stop shop in Latvia, Estonia, and Lithuania for all your car camping, rooftop tent and accessory needs.\",\"publisher\":{\"@id\":\"https:\\\/\\\/balticoverlanders.eu\\\/lv\\\/#organization\"},\"potentialAction\":[{\"@type\":\"SearchAction\",\"target\":{\"@type\":\"EntryPoint\",\"urlTemplate\":\"https:\\\/\\\/balticoverlanders.eu\\\/lv\\\/?s={search_term_string}\"},\"query-input\":{\"@type\":\"PropertyValueSpecification\",\"valueRequired\":true,\"valueName\":\"search_term_string\"}}],\"inLanguage\":\"lv-LV\"},{\"@type\":\"Organization\",\"@id\":\"https:\\\/\\\/balticoverlanders.eu\\\/lv\\\/#organization\",\"name\":\"BALTIC OVERLANDERS\",\"url\":\"https:\\\/\\\/balticoverlanders.eu\\\/lv\\\/\",\"logo\":{\"@type\":\"ImageObject\",\"inLanguage\":\"lv-LV\",\"@id\":\"https:\\\/\\\/balticoverlanders.eu\\\/lv\\\/#\\\/schema\\\/logo\\\/image\\\/\",\"url\":\"https:\\\/\\\/balticoverlanders.eu\\\/wp-content\\\/uploads\\\/2023\\\/04\\\/BALTIC-OVERLANDERS-LOGO.jpg\",\"contentUrl\":\"https:\\\/\\\/balticoverlanders.eu\\\/wp-content\\\/uploads\\\/2023\\\/04\\\/BALTIC-OVERLANDERS-LOGO.jpg\",\"width\":1497,\"height\":310,\"caption\":\"BALTIC OVERLANDERS\"},\"image\":{\"@id\":\"https:\\\/\\\/balticoverlanders.eu\\\/lv\\\/#\\\/schema\\\/logo\\\/image\\\/\"},\"sameAs\":[\"https:\\\/\\\/www.instagram.com\\\/balticoverlanders\\\/\"]}]}<\/script>\n<!-- \/ Yoast SEO plugin. -->","yoast_head_json":{"title":"James Baroud s\u0101nu mar\u0137\u012bzes sienas - BALTIC OVERLANDERS","description":"Izveidojiet papildu \u0123\u0113rbtuves un atp\u016btas telpu ar JAMES BAROUD SIDE-AWNING tr\u012bs s\u0101nu sienu komplektu ar lieliem logiem un durv\u012bm. Viegla mont\u0101\u017ea un v\u0113ja un \u016bdensnecaurlaid\u012bgs savienojums.","robots":{"index":"index","follow":"follow","max-snippet":"max-snippet:-1","max-image-preview":"max-image-preview:large","max-video-preview":"max-video-preview:-1"},"canonical":"https:\/\/balticoverlanders.eu\/lv\/produkts\/james-baroud-side-awning-walls\/","og_locale":"lv_LV","og_type":"article","og_title":"James Baroud s\u0101nu mar\u0137\u012bzes sienas - BALTIC OVERLANDERS","og_description":"Izveidojiet papildu \u0123\u0113rbtuves un atp\u016btas telpu ar JAMES BAROUD SIDE-AWNING tr\u012bs s\u0101nu sienu komplektu ar lieliem logiem un durv\u012bm. Viegla mont\u0101\u017ea un v\u0113ja un \u016bdensnecaurlaid\u012bgs savienojums.","og_url":"https:\/\/balticoverlanders.eu\/lv\/produkts\/james-baroud-side-awning-walls\/","og_site_name":"BALTIC OVERLANDERS","article_modified_time":"2023-06-30T15:24:47+00:00","og_image":[{"width":1134,"height":850,"url":"https:\/\/balticoverlanders.eu\/wp-content\/uploads\/2023\/04\/James-Baroud-Products-Accessories-Awning-Walls-3.jpg","type":"image\/jpeg"}],"twitter_card":"summary_large_image","twitter_misc":{"Est. reading time":"1 minute"},"schema":{"@context":"https:\/\/schema.org","@graph":[{"@type":"WebPage","@id":"https:\/\/balticoverlanders.eu\/lv\/produkts\/james-baroud-side-awning-walls\/","url":"https:\/\/balticoverlanders.eu\/lv\/produkts\/james-baroud-side-awning-walls\/","name":"James Baroud s\u0101nu mar\u0137\u012bzes sienas - BALTIC OVERLANDERS","isPartOf":{"@id":"https:\/\/balticoverlanders.eu\/lv\/#website"},"primaryImageOfPage":{"@id":"https:\/\/balticoverlanders.eu\/lv\/produkts\/james-baroud-side-awning-walls\/#primaryimage"},"image":{"@id":"https:\/\/balticoverlanders.eu\/lv\/produkts\/james-baroud-side-awning-walls\/#primaryimage"},"thumbnailUrl":"https:\/\/balticoverlanders.eu\/wp-content\/uploads\/2023\/04\/James-Baroud-Products-Accessories-Awning-Walls-3.jpg","datePublished":"2023-04-18T14:41:07+00:00","dateModified":"2023-06-30T15:24:47+00:00","description":"Izveidojiet papildu \u0123\u0113rbtuves un atp\u016btas telpu ar JAMES BAROUD SIDE-AWNING tr\u012bs s\u0101nu sienu komplektu ar lieliem logiem un durv\u012bm. Viegla mont\u0101\u017ea un v\u0113ja un \u016bdensnecaurlaid\u012bgs savienojums.","breadcrumb":{"@id":"https:\/\/balticoverlanders.eu\/lv\/produkts\/james-baroud-side-awning-walls\/#breadcrumb"},"inLanguage":"lv-LV","potentialAction":[{"@type":"ReadAction","target":["https:\/\/balticoverlanders.eu\/lv\/produkts\/james-baroud-side-awning-walls\/"]}]},{"@type":"ImageObject","inLanguage":"lv-LV","@id":"https:\/\/balticoverlanders.eu\/lv\/produkts\/james-baroud-side-awning-walls\/#primaryimage","url":"https:\/\/balticoverlanders.eu\/wp-content\/uploads\/2023\/04\/James-Baroud-Products-Accessories-Awning-Walls-3.jpg","contentUrl":"https:\/\/balticoverlanders.eu\/wp-content\/uploads\/2023\/04\/James-Baroud-Products-Accessories-Awning-Walls-3.jpg","width":1134,"height":850},{"@type":"BreadcrumbList","@id":"https:\/\/balticoverlanders.eu\/lv\/produkts\/james-baroud-side-awning-walls\/#breadcrumb","itemListElement":[{"@type":"ListItem","position":1,"name":"Home","item":"https:\/\/balticoverlanders.eu\/lv\/"},{"@type":"ListItem","position":2,"name":"Veikals","item":"https:\/\/balticoverlanders.eu\/lv\/veikals\/"},{"@type":"ListItem","position":3,"name":"James Baroud Side-Awning s\u0101nu mar\u0137\u012bzes sienas"}]},{"@type":"WebSite","@id":"https:\/\/balticoverlanders.eu\/lv\/#website","url":"https:\/\/balticoverlanders.eu\/lv\/","name":"BALTIC OVERLANDERS","description":"Your one-stop shop in Latvia, Estonia, and Lithuania for all your car camping, rooftop tent and accessory needs.","publisher":{"@id":"https:\/\/balticoverlanders.eu\/lv\/#organization"},"potentialAction":[{"@type":"SearchAction","target":{"@type":"EntryPoint","urlTemplate":"https:\/\/balticoverlanders.eu\/lv\/?s={search_term_string}"},"query-input":{"@type":"PropertyValueSpecification","valueRequired":true,"valueName":"search_term_string"}}],"inLanguage":"lv-LV"},{"@type":"Organization","@id":"https:\/\/balticoverlanders.eu\/lv\/#organization","name":"BALTIC OVERLANDERS","url":"https:\/\/balticoverlanders.eu\/lv\/","logo":{"@type":"ImageObject","inLanguage":"lv-LV","@id":"https:\/\/balticoverlanders.eu\/lv\/#\/schema\/logo\/image\/","url":"https:\/\/balticoverlanders.eu\/wp-content\/uploads\/2023\/04\/BALTIC-OVERLANDERS-LOGO.jpg","contentUrl":"https:\/\/balticoverlanders.eu\/wp-content\/uploads\/2023\/04\/BALTIC-OVERLANDERS-LOGO.jpg","width":1497,"height":310,"caption":"BALTIC OVERLANDERS"},"image":{"@id":"https:\/\/balticoverlanders.eu\/lv\/#\/schema\/logo\/image\/"},"sameAs":["https:\/\/www.instagram.com\/balticoverlanders\/"]}]}},"_links":{"self":[{"href":"https:\/\/balticoverlanders.eu\/lv\/wp-json\/wp\/v2\/product\/22052","targetHints":{"allow":["GET"]}}],"collection":[{"href":"https:\/\/balticoverlanders.eu\/lv\/wp-json\/wp\/v2\/product"}],"about":[{"href":"https:\/\/balticoverlanders.eu\/lv\/wp-json\/wp\/v2\/types\/product"}],"wp:featuredmedia":[{"embeddable":true,"href":"https:\/\/balticoverlanders.eu\/lv\/wp-json\/wp\/v2\/media\/22047"}],"wp:attachment":[{"href":"https:\/\/balticoverlanders.eu\/lv\/wp-json\/wp\/v2\/media?parent=22052"}],"wp:term":[{"taxonomy":"product_brand","embeddable":true,"href":"https:\/\/balticoverlanders.eu\/lv\/wp-json\/wp\/v2\/product_brand?post=22052"},{"taxonomy":"product_cat","embeddable":true,"href":"https:\/\/balticoverlanders.eu\/lv\/wp-json\/wp\/v2\/product_cat?post=22052"},{"taxonomy":"product_tag","embeddable":true,"href":"https:\/\/balticoverlanders.eu\/lv\/wp-json\/wp\/v2\/product_tag?post=22052"}],"curies":[{"name":"wp","href":"https:\/\/api.w.org\/{rel}","templated":true}]}}