{"id":29507,"date":"2023-03-18T16:03:36","date_gmt":"2023-03-18T14:03:36","guid":{"rendered":"https:\/\/balticoverlanders.eu\/product\/james-baroud-izvairisanas-s\/"},"modified":"2024-05-06T22:29:40","modified_gmt":"2024-05-06T19:29:40","slug":"james-baroud-izvairisanas-s","status":"publish","type":"product","link":"https:\/\/balticoverlanders.eu\/lv\/produkts\/james-baroud-izvairisanas-s\/","title":{"rendered":"James Baroud EVASION S"},"content":{"rendered":"<p><strong>James Baroud EVASION S<\/strong>&#8211; vislab\u0101k\u0101 jumta telts j\u016bsu piedz\u012bvojumiem br\u012bv\u0101 dab\u0101! \u0160\u012b telts ar t\u0101s pla\u0161o interjeru, \u0113rto matraci un elpu aizraujo\u0161ajiem skatiem ir nepiecie\u0161ama ikvienam \u0101ra entuziastam.<\/p>\n<p>L\u016bk, da\u017ei galvenie fakti par James Baroud EVASION S:<\/p>\n<ul>\n<li>Telts ir paredz\u0113ta 2 pieaugu\u0161ajiem, t\u0101p\u0113c t\u0101 ir ide\u0101li piem\u0113rota p\u0101riem vai neliel\u0101m \u0123imen\u0113m.<\/li>\n<li>Matra\u010da izm\u0113rs ir 130 cm x 200 cm, kas nodro\u0161ina pietiekami daudz vietas \u0113rtam miegam.<\/li>\n<li>Telts atv\u0113ruma augstums ir 100 cm, kas nodro\u0161ina pietiekami daudz vietas p\u0101rvietoties un atp\u016bsties.<\/li>\n<li>Sal\u012bdzinot ar cit\u0101m horizont\u0101li atveram\u0101m telt\u012bm tirg\u016b, James Baroud Evasion ir visliel\u0101k\u0101 iek\u0161\u0113j\u0101 telpa, kas nodro\u0161ina pietiekami daudz vietas pieaugu\u0161ajiem, lai tie var\u0113tu s\u0113d\u0113t abos telts galos.<\/li>\n<li>Telts 360\u00ba panor\u0101mas logi nodro\u0161ina satrieco\u0161u skatu uz apk\u0101rtni un nodro\u0161ina optim\u0101lu gaisa cirkul\u0101ciju, saglab\u0101jot v\u0113sumu un komfortu silt\u0101k\u0101 klimat\u0101.<\/li>\n<li>James Baroud EVASION S ir pieejams tr\u012bs izm\u0113ros: S (130&#215;200 cm), M (140&#215;200 cm) un XL (160&#215;224 cm) izm\u0113ros, t\u0101d\u0113j\u0101di nodro\u0161inot, ka ikviens piedz\u012bvojumu mekl\u0113t\u0101js atrad\u012bs sev piem\u0113rotu izm\u0113ru.<\/li>\n<\/ul>\n<p>Neatkar\u012bgi no t\u0101, vai pl\u0101nojat ned\u0113\u013cas nogales izbraucienu vai gar\u0101ku kempinga ce\u013cojumu, James Baroud EVASION S ir ide\u0101li piem\u0113rota jumta telts j\u016bsu vajadz\u012bb\u0101m. Pas\u016btiet savu jau \u0161odien un s\u0101ciet n\u0101kamo piedz\u012bvojumu ar komfortu un stilu!<\/p>\n<p><img fetchpriority=\"high\" decoding=\"async\" class=\"alignnone size-medium wp-image-6098\" src=\"https:\/\/balticoverlanders.eu\/wp-content\/uploads\/2023\/03\/EvasionM_11-300x300.png\" alt=\"\" width=\"300\" height=\"300\" srcset=\"https:\/\/balticoverlanders.eu\/wp-content\/uploads\/2023\/03\/EvasionM_11-300x300.png 300w, https:\/\/balticoverlanders.eu\/wp-content\/uploads\/2023\/03\/EvasionM_11-150x150.png 150w, https:\/\/balticoverlanders.eu\/wp-content\/uploads\/2023\/03\/EvasionM_11.png 500w\" sizes=\"(max-width: 300px) 100vw, 300px\" \/><img decoding=\"async\" class=\"alignnone size-medium wp-image-6097\" src=\"https:\/\/balticoverlanders.eu\/wp-content\/uploads\/2023\/03\/EvasionM_21-300x300.png\" alt=\"\" width=\"300\" height=\"300\" srcset=\"https:\/\/balticoverlanders.eu\/wp-content\/uploads\/2023\/03\/EvasionM_21-300x300.png 300w, https:\/\/balticoverlanders.eu\/wp-content\/uploads\/2023\/03\/EvasionM_21-150x150.png 150w, https:\/\/balticoverlanders.eu\/wp-content\/uploads\/2023\/03\/EvasionM_21.png 500w\" sizes=\"(max-width: 300px) 100vw, 300px\" \/> <img decoding=\"async\" class=\"alignnone size-medium wp-image-6611\" src=\"https:\/\/balticoverlanders.eu\/wp-content\/uploads\/2023\/03\/Evasion-S_3-300x300.png\" alt=\"\" width=\"300\" height=\"300\" srcset=\"https:\/\/balticoverlanders.eu\/wp-content\/uploads\/2023\/03\/Evasion-S_3-300x300.png 300w, https:\/\/balticoverlanders.eu\/wp-content\/uploads\/2023\/03\/Evasion-S_3-1024x1024.png 1024w, https:\/\/balticoverlanders.eu\/wp-content\/uploads\/2023\/03\/Evasion-S_3-150x150.png 150w, https:\/\/balticoverlanders.eu\/wp-content\/uploads\/2023\/03\/Evasion-S_3-768x768.png 768w, https:\/\/balticoverlanders.eu\/wp-content\/uploads\/2023\/03\/Evasion-S_3-1536x1536.png 1536w, https:\/\/balticoverlanders.eu\/wp-content\/uploads\/2023\/03\/Evasion-S_3-2048x2048.png 2048w, https:\/\/balticoverlanders.eu\/wp-content\/uploads\/2023\/03\/Evasion-S_3-600x600.png 600w\" sizes=\"(max-width: 300px) 100vw, 300px\" \/><img loading=\"lazy\" decoding=\"async\" class=\"alignnone size-medium wp-image-6610\" src=\"https:\/\/balticoverlanders.eu\/wp-content\/uploads\/2023\/03\/Evasion-S_4-300x300.png\" alt=\"\" width=\"300\" height=\"300\" srcset=\"https:\/\/balticoverlanders.eu\/wp-content\/uploads\/2023\/03\/Evasion-S_4-300x300.png 300w, https:\/\/balticoverlanders.eu\/wp-content\/uploads\/2023\/03\/Evasion-S_4-1024x1024.png 1024w, https:\/\/balticoverlanders.eu\/wp-content\/uploads\/2023\/03\/Evasion-S_4-150x150.png 150w, https:\/\/balticoverlanders.eu\/wp-content\/uploads\/2023\/03\/Evasion-S_4-768x768.png 768w, https:\/\/balticoverlanders.eu\/wp-content\/uploads\/2023\/03\/Evasion-S_4-1536x1536.png 1536w, https:\/\/balticoverlanders.eu\/wp-content\/uploads\/2023\/03\/Evasion-S_4-2048x2048.png 2048w, https:\/\/balticoverlanders.eu\/wp-content\/uploads\/2023\/03\/Evasion-S_4-600x600.png 600w\" sizes=\"(max-width: 300px) 100vw, 300px\" \/><\/p>\n","protected":false},"excerpt":{"rendered":"<p>James Baroud EVASION S, pla\u0161a iek\u0161\u0113j\u0101 telpa, \u0113rts matracis un elpu aizraujo\u0161s 360\u00ba skats &#8211; \u0161\u012b telts ir ide\u0101li piem\u0113rota p\u0101riem vai neliel\u0101m \u0123imen\u0113m.<\/p>\n<p>Galven\u0101s funkcijas:<\/p>\n<ul>\n<li>Paredz\u0113ts 2 pieaugu\u0161ajiem<\/li>\n<li>Matra\u010da izm\u0113rs 130 cm x 200 cm<\/li>\n<li>Atv\u0113rto durvju augstums 100 cm<\/li>\n<li>Inovat\u012bvs dizains maksim\u0101lam komfortam un \u0113rt\u012bb\u0101m<\/li>\n<li>Sp\u0113c\u012bga un iztur\u012bga konstrukcija<\/li>\n<li>\u0100tra un vienk\u0101r\u0161a iestat\u012b\u0161ana<\/li>\n<\/ul>\n<p>Pievienojieties James Baroud jumta tel\u0161u entuziastu kopienai vis\u0101 pasaul\u0113 un pas\u016btiet savu EVASION S jau \u0161odien!<\/p>\n","protected":false},"featured_media":6106,"template":"","meta":[],"product_brand":[],"product_cat":[133,315],"product_tag":[],"class_list":{"0":"post-29507","1":"product","2":"type-product","3":"status-publish","4":"has-post-thumbnail","6":"product_cat-james-baroud-lv","7":"product_cat-jumta-teltis","9":"first","10":"onbackorder","11":"taxable","12":"shipping-taxable","13":"purchasable","14":"product-type-variable"},"yoast_head":"<!-- This site is optimized with the Yoast SEO plugin v27.2 - https:\/\/yoast.com\/product\/yoast-seo-wordpress\/ -->\n<title>James Baroud EVASION S - BALTIC OVERLANDERS<\/title>\n<meta name=\"robots\" content=\"index, follow, max-snippet:-1, max-image-preview:large, max-video-preview:-1\" \/>\n<link rel=\"canonical\" href=\"https:\/\/balticoverlanders.eu\/lv\/produkts\/james-baroud-izvairisanas-s\/\" \/>\n<meta property=\"og:locale\" content=\"lv_LV\" \/>\n<meta property=\"og:type\" content=\"article\" \/>\n<meta property=\"og:title\" content=\"James Baroud EVASION S - BALTIC OVERLANDERS\" \/>\n<meta property=\"og:description\" content=\"James Baroud EVASION S, pla\u0161a iek\u0161\u0113j\u0101 telpa, \u0113rts matracis un elpu aizraujo\u0161s 360\u00ba skats - \u0161\u012b telts ir ide\u0101li piem\u0113rota p\u0101riem vai neliel\u0101m \u0123imen\u0113m.  Galven\u0101s funkcijas:   Paredz\u0113ts 2 pieaugu\u0161ajiem  Matra\u010da izm\u0113rs 130 cm x 200 cm  Atv\u0113rto durvju augstums 100 cm  Inovat\u012bvs dizains maksim\u0101lam komfortam un \u0113rt\u012bb\u0101m  Sp\u0113c\u012bga un iztur\u012bga konstrukcija  \u0100tra un vienk\u0101r\u0161a iestat\u012b\u0161ana  Pievienojieties James Baroud jumta tel\u0161u entuziastu kopienai vis\u0101 pasaul\u0113 un pas\u016btiet savu EVASION S jau \u0161odien!\" \/>\n<meta property=\"og:url\" content=\"https:\/\/balticoverlanders.eu\/lv\/produkts\/james-baroud-izvairisanas-s\/\" \/>\n<meta property=\"og:site_name\" content=\"BALTIC OVERLANDERS\" \/>\n<meta property=\"article:modified_time\" content=\"2024-05-06T19:29:40+00:00\" \/>\n<meta property=\"og:image\" content=\"https:\/\/balticoverlanders.eu\/wp-content\/uploads\/2023\/03\/EvasionSTD-Grey20.png\" \/>\n\t<meta property=\"og:image:width\" content=\"1000\" \/>\n\t<meta property=\"og:image:height\" content=\"667\" \/>\n\t<meta property=\"og:image:type\" content=\"image\/png\" \/>\n<meta name=\"twitter:card\" content=\"summary_large_image\" \/>\n<meta name=\"twitter:label1\" content=\"Est. reading time\" \/>\n\t<meta name=\"twitter:data1\" content=\"2 minutes\" \/>\n<script type=\"application\/ld+json\" class=\"yoast-schema-graph\">{\"@context\":\"https:\/\/schema.org\",\"@graph\":[{\"@type\":\"WebPage\",\"@id\":\"https:\/\/balticoverlanders.eu\/lv\/produkts\/james-baroud-izvairisanas-s\/\",\"url\":\"https:\/\/balticoverlanders.eu\/lv\/produkts\/james-baroud-izvairisanas-s\/\",\"name\":\"James Baroud EVASION S - BALTIC OVERLANDERS\",\"isPartOf\":{\"@id\":\"https:\/\/balticoverlanders.eu\/lv\/#website\"},\"primaryImageOfPage\":{\"@id\":\"https:\/\/balticoverlanders.eu\/lv\/produkts\/james-baroud-izvairisanas-s\/#primaryimage\"},\"image\":{\"@id\":\"https:\/\/balticoverlanders.eu\/lv\/produkts\/james-baroud-izvairisanas-s\/#primaryimage\"},\"thumbnailUrl\":\"https:\/\/balticoverlanders.eu\/wp-content\/uploads\/2023\/03\/EvasionSTD-Grey20.png\",\"datePublished\":\"2023-03-18T14:03:36+00:00\",\"dateModified\":\"2024-05-06T19:29:40+00:00\",\"breadcrumb\":{\"@id\":\"https:\/\/balticoverlanders.eu\/lv\/produkts\/james-baroud-izvairisanas-s\/#breadcrumb\"},\"inLanguage\":\"lv-LV\",\"potentialAction\":[{\"@type\":\"ReadAction\",\"target\":[\"https:\/\/balticoverlanders.eu\/lv\/produkts\/james-baroud-izvairisanas-s\/\"]}]},{\"@type\":\"ImageObject\",\"inLanguage\":\"lv-LV\",\"@id\":\"https:\/\/balticoverlanders.eu\/lv\/produkts\/james-baroud-izvairisanas-s\/#primaryimage\",\"url\":\"https:\/\/balticoverlanders.eu\/wp-content\/uploads\/2023\/03\/EvasionSTD-Grey20.png\",\"contentUrl\":\"https:\/\/balticoverlanders.eu\/wp-content\/uploads\/2023\/03\/EvasionSTD-Grey20.png\",\"width\":1000,\"height\":667},{\"@type\":\"BreadcrumbList\",\"@id\":\"https:\/\/balticoverlanders.eu\/lv\/produkts\/james-baroud-izvairisanas-s\/#breadcrumb\",\"itemListElement\":[{\"@type\":\"ListItem\",\"position\":1,\"name\":\"Home\",\"item\":\"https:\/\/balticoverlanders.eu\/lv\/\"},{\"@type\":\"ListItem\",\"position\":2,\"name\":\"Veikals\",\"item\":\"https:\/\/balticoverlanders.eu\/lv\/veikals\/\"},{\"@type\":\"ListItem\",\"position\":3,\"name\":\"James Baroud EVASION S\"}]},{\"@type\":\"WebSite\",\"@id\":\"https:\/\/balticoverlanders.eu\/lv\/#website\",\"url\":\"https:\/\/balticoverlanders.eu\/lv\/\",\"name\":\"BALTIC OVERLANDERS\",\"description\":\"Your one-stop shop in Latvia, Estonia, and Lithuania for all your car camping, rooftop tent and accessory needs.\",\"publisher\":{\"@id\":\"https:\/\/balticoverlanders.eu\/lv\/#organization\"},\"potentialAction\":[{\"@type\":\"SearchAction\",\"target\":{\"@type\":\"EntryPoint\",\"urlTemplate\":\"https:\/\/balticoverlanders.eu\/lv\/?s={search_term_string}\"},\"query-input\":{\"@type\":\"PropertyValueSpecification\",\"valueRequired\":true,\"valueName\":\"search_term_string\"}}],\"inLanguage\":\"lv-LV\"},{\"@type\":\"Organization\",\"@id\":\"https:\/\/balticoverlanders.eu\/lv\/#organization\",\"name\":\"BALTIC OVERLANDERS\",\"url\":\"https:\/\/balticoverlanders.eu\/lv\/\",\"logo\":{\"@type\":\"ImageObject\",\"inLanguage\":\"lv-LV\",\"@id\":\"https:\/\/balticoverlanders.eu\/lv\/#\/schema\/logo\/image\/\",\"url\":\"https:\/\/balticoverlanders.eu\/wp-content\/uploads\/2023\/04\/BALTIC-OVERLANDERS-LOGO.jpg\",\"contentUrl\":\"https:\/\/balticoverlanders.eu\/wp-content\/uploads\/2023\/04\/BALTIC-OVERLANDERS-LOGO.jpg\",\"width\":1497,\"height\":310,\"caption\":\"BALTIC OVERLANDERS\"},\"image\":{\"@id\":\"https:\/\/balticoverlanders.eu\/lv\/#\/schema\/logo\/image\/\"},\"sameAs\":[\"https:\/\/www.instagram.com\/balticoverlanders\/\"]}]}<\/script>\n<!-- \/ Yoast SEO plugin. -->","yoast_head_json":{"title":"James Baroud EVASION S - BALTIC OVERLANDERS","robots":{"index":"index","follow":"follow","max-snippet":"max-snippet:-1","max-image-preview":"max-image-preview:large","max-video-preview":"max-video-preview:-1"},"canonical":"https:\/\/balticoverlanders.eu\/lv\/produkts\/james-baroud-izvairisanas-s\/","og_locale":"lv_LV","og_type":"article","og_title":"James Baroud EVASION S - BALTIC OVERLANDERS","og_description":"James Baroud EVASION S, pla\u0161a iek\u0161\u0113j\u0101 telpa, \u0113rts matracis un elpu aizraujo\u0161s 360\u00ba skats - \u0161\u012b telts ir ide\u0101li piem\u0113rota p\u0101riem vai neliel\u0101m \u0123imen\u0113m.  Galven\u0101s funkcijas:   Paredz\u0113ts 2 pieaugu\u0161ajiem  Matra\u010da izm\u0113rs 130 cm x 200 cm  Atv\u0113rto durvju augstums 100 cm  Inovat\u012bvs dizains maksim\u0101lam komfortam un \u0113rt\u012bb\u0101m  Sp\u0113c\u012bga un iztur\u012bga konstrukcija  \u0100tra un vienk\u0101r\u0161a iestat\u012b\u0161ana  Pievienojieties James Baroud jumta tel\u0161u entuziastu kopienai vis\u0101 pasaul\u0113 un pas\u016btiet savu EVASION S jau \u0161odien!","og_url":"https:\/\/balticoverlanders.eu\/lv\/produkts\/james-baroud-izvairisanas-s\/","og_site_name":"BALTIC OVERLANDERS","article_modified_time":"2024-05-06T19:29:40+00:00","og_image":[{"width":1000,"height":667,"url":"https:\/\/balticoverlanders.eu\/wp-content\/uploads\/2023\/03\/EvasionSTD-Grey20.png","type":"image\/png"}],"twitter_card":"summary_large_image","twitter_misc":{"Est. reading time":"2 minutes"},"schema":{"@context":"https:\/\/schema.org","@graph":[{"@type":"WebPage","@id":"https:\/\/balticoverlanders.eu\/lv\/produkts\/james-baroud-izvairisanas-s\/","url":"https:\/\/balticoverlanders.eu\/lv\/produkts\/james-baroud-izvairisanas-s\/","name":"James Baroud EVASION S - BALTIC OVERLANDERS","isPartOf":{"@id":"https:\/\/balticoverlanders.eu\/lv\/#website"},"primaryImageOfPage":{"@id":"https:\/\/balticoverlanders.eu\/lv\/produkts\/james-baroud-izvairisanas-s\/#primaryimage"},"image":{"@id":"https:\/\/balticoverlanders.eu\/lv\/produkts\/james-baroud-izvairisanas-s\/#primaryimage"},"thumbnailUrl":"https:\/\/balticoverlanders.eu\/wp-content\/uploads\/2023\/03\/EvasionSTD-Grey20.png","datePublished":"2023-03-18T14:03:36+00:00","dateModified":"2024-05-06T19:29:40+00:00","breadcrumb":{"@id":"https:\/\/balticoverlanders.eu\/lv\/produkts\/james-baroud-izvairisanas-s\/#breadcrumb"},"inLanguage":"lv-LV","potentialAction":[{"@type":"ReadAction","target":["https:\/\/balticoverlanders.eu\/lv\/produkts\/james-baroud-izvairisanas-s\/"]}]},{"@type":"ImageObject","inLanguage":"lv-LV","@id":"https:\/\/balticoverlanders.eu\/lv\/produkts\/james-baroud-izvairisanas-s\/#primaryimage","url":"https:\/\/balticoverlanders.eu\/wp-content\/uploads\/2023\/03\/EvasionSTD-Grey20.png","contentUrl":"https:\/\/balticoverlanders.eu\/wp-content\/uploads\/2023\/03\/EvasionSTD-Grey20.png","width":1000,"height":667},{"@type":"BreadcrumbList","@id":"https:\/\/balticoverlanders.eu\/lv\/produkts\/james-baroud-izvairisanas-s\/#breadcrumb","itemListElement":[{"@type":"ListItem","position":1,"name":"Home","item":"https:\/\/balticoverlanders.eu\/lv\/"},{"@type":"ListItem","position":2,"name":"Veikals","item":"https:\/\/balticoverlanders.eu\/lv\/veikals\/"},{"@type":"ListItem","position":3,"name":"James Baroud EVASION S"}]},{"@type":"WebSite","@id":"https:\/\/balticoverlanders.eu\/lv\/#website","url":"https:\/\/balticoverlanders.eu\/lv\/","name":"BALTIC OVERLANDERS","description":"Your one-stop shop in Latvia, Estonia, and Lithuania for all your car camping, rooftop tent and accessory needs.","publisher":{"@id":"https:\/\/balticoverlanders.eu\/lv\/#organization"},"potentialAction":[{"@type":"SearchAction","target":{"@type":"EntryPoint","urlTemplate":"https:\/\/balticoverlanders.eu\/lv\/?s={search_term_string}"},"query-input":{"@type":"PropertyValueSpecification","valueRequired":true,"valueName":"search_term_string"}}],"inLanguage":"lv-LV"},{"@type":"Organization","@id":"https:\/\/balticoverlanders.eu\/lv\/#organization","name":"BALTIC OVERLANDERS","url":"https:\/\/balticoverlanders.eu\/lv\/","logo":{"@type":"ImageObject","inLanguage":"lv-LV","@id":"https:\/\/balticoverlanders.eu\/lv\/#\/schema\/logo\/image\/","url":"https:\/\/balticoverlanders.eu\/wp-content\/uploads\/2023\/04\/BALTIC-OVERLANDERS-LOGO.jpg","contentUrl":"https:\/\/balticoverlanders.eu\/wp-content\/uploads\/2023\/04\/BALTIC-OVERLANDERS-LOGO.jpg","width":1497,"height":310,"caption":"BALTIC OVERLANDERS"},"image":{"@id":"https:\/\/balticoverlanders.eu\/lv\/#\/schema\/logo\/image\/"},"sameAs":["https:\/\/www.instagram.com\/balticoverlanders\/"]}]}},"_links":{"self":[{"href":"https:\/\/balticoverlanders.eu\/lv\/wp-json\/wp\/v2\/product\/29507","targetHints":{"allow":["GET"]}}],"collection":[{"href":"https:\/\/balticoverlanders.eu\/lv\/wp-json\/wp\/v2\/product"}],"about":[{"href":"https:\/\/balticoverlanders.eu\/lv\/wp-json\/wp\/v2\/types\/product"}],"wp:featuredmedia":[{"embeddable":true,"href":"https:\/\/balticoverlanders.eu\/lv\/wp-json\/wp\/v2\/media\/6106"}],"wp:attachment":[{"href":"https:\/\/balticoverlanders.eu\/lv\/wp-json\/wp\/v2\/media?parent=29507"}],"wp:term":[{"taxonomy":"product_brand","embeddable":true,"href":"https:\/\/balticoverlanders.eu\/lv\/wp-json\/wp\/v2\/product_brand?post=29507"},{"taxonomy":"product_cat","embeddable":true,"href":"https:\/\/balticoverlanders.eu\/lv\/wp-json\/wp\/v2\/product_cat?post=29507"},{"taxonomy":"product_tag","embeddable":true,"href":"https:\/\/balticoverlanders.eu\/lv\/wp-json\/wp\/v2\/product_tag?post=29507"}],"curies":[{"name":"wp","href":"https:\/\/api.w.org\/{rel}","templated":true}]}}