{"id":39195,"date":"2024-03-17T13:50:19","date_gmt":"2024-03-17T11:50:19","guid":{"rendered":"https:\/\/balticoverlanders.eu\/product\/wild-land-desert-cruiser-120\/"},"modified":"2024-06-10T16:49:12","modified_gmt":"2024-06-10T13:49:12","slug":"wild-land-desert-cruiser-120","status":"publish","type":"product","link":"https:\/\/balticoverlanders.eu\/lv\/produkts\/wild-land-desert-cruiser-120\/","title":{"rendered":"Wild Land Desert Cruiser 120"},"content":{"rendered":"<p><em>Atkl\u0101jiet iztur\u012bbas, dizaina un komforta virsotni ar m\u016bsu revolucion\u0101ro jumta telti. M\u016bsu telts ir rad\u012bta piedz\u012bvojumu mekl\u0113t\u0101jiem, kas pieprasa lab\u0101ko, un t\u0101 no jauna defin\u0113 \u0101ra naktsm\u012btnes.<\/em><\/p>\n<p><strong>Nep\u0101rsp\u0113jamas funkcijas:<\/strong><\/p>\n<ul>\n<li><strong>Izcili pl\u0101ns dizains:<\/strong> M\u016bsu jumta telts ir tikai 18 cm bieza, ieskaitot zem t\u0101s eso\u0161os iztur\u012bgos alum\u012bnija profilus, t\u0101p\u0113c t\u0101 ir nep\u0101rsp\u0113jami kompakta, neapdraudot komfortu.<\/li>\n<li><strong>Daudzpus\u012bgi glab\u0101\u0161anas risin\u0101jumi:<\/strong> M\u016bsu telts ir apr\u012bkota ar alum\u012bnija korpusu un slied\u0113m, kas \u013cauj maksim\u0101li izmantot telpu, \u0113rti uzglab\u0101jot bag\u0101\u017eu, velosip\u0113dus, kajakus vai pat saules baterijas uz jumta.<\/li>\n<li><strong>Viegla iestat\u012b\u0161ana:<\/strong> Pateicoties hidrauliskajai atv\u0113r\u0161anas sist\u0113mai, m\u016bsu telts izv\u0113r\u0161as maz\u0101k nek\u0101 min\u016btes laik\u0101, nodro\u0161inot vienk\u0101r\u0161u uzst\u0101d\u012b\u0161anu pat visgr\u016bt\u0101kajos apst\u0101k\u013cos.<\/li>\n<li><strong>Grezns interjers:<\/strong> J\u016bs varat izbaud\u012bt komfortu k\u0101 v\u0113l nekad, pateicoties ieb\u016bv\u0113tajam LED apgaismojumam un pla\u0161ajiem logiem, kas rada gais\u012bgu gaisotni, ide\u0101li piem\u0113rotu atp\u016btai p\u0113c piedz\u012bvojumu dienas.<\/li>\n<li><strong>Laikapst\u0101k\u013cu iztur\u012bgs dizains:<\/strong> Iztur\u0113t sausu un m\u0101j\u012bgu lietusg\u0101\u017eu laik\u0101, pateicoties herm\u0113tiskaj\u0101m \u0161uv\u0113m un strat\u0113\u0123iski izvietotiem r\u0101v\u0113jsl\u0113dz\u0113jiem, kas nov\u0113r\u0161 \u016bdens iek\u013c\u016b\u0161anu. M\u016bsu inovat\u012bv\u0101 pl\u0113ve novada \u016bdeni prom k\u0101 notekcaurule, nodro\u0161inot vienm\u0113r sausu salonu.<\/li>\n<li><strong>Optimiz\u0113ta ventil\u0101cija:<\/strong> Pateicoties speci\u0101lai ventil\u0101cijas atverei, kas nodro\u0161ina gaisa pl\u016bsmu neatkar\u012bgi no \u0101r\u0113jiem apst\u0101k\u013ciem, nodro\u0161inot komfortablu atmosf\u0113ru telt\u012b, varat atvad\u012bties no kondens\u0101ta veido\u0161an\u0101s probl\u0113m\u0101m.<\/li>\n<li><strong>Viegla apkope:<\/strong> Katrs m\u016bsu telts komponents ir piln\u012bb\u0101 no\u0146emams, kas \u013cauj bez p\u016bl\u0113m veikt t\u012br\u012b\u0161anu un apkopi. Turkl\u0101t varat b\u016bt mier\u012bgi ar m\u016bsu pla\u0161o p\u0113cgarantijas servisu, kas nodro\u0161ina ilgsto\u0161u apmierin\u0101t\u012bbu.<\/li>\n<\/ul>\n<p><strong>Piel\u0101gojiet savu pieredzi:<\/strong><\/p>\n<ul>\n<li><strong>Papildu piederumi:<\/strong> Papildiniet savu kempinga apr\u012bkojumu ar m\u016bsu piederumu kl\u0101stu, tostarp \u012bpa\u0161u izol\u0101ciju, daudzpus\u012bgiem vestibila jumtiem, nojum\u0113m un pieb\u016bv\u0113m, kas ir izstr\u0101d\u0101tas, lai papildin\u0101tu j\u016bsu piedz\u012bvojumu.<\/li>\n<\/ul>\n<p>Uzlabojiet savu \u0101ra pieredzi ar m\u016bsu augst\u0101k\u0101s klases jumta telti, kur\u0101 apvienojas iztur\u012bba, dizains un komforts, lai rad\u012btu neaizmirstamas atmi\u0146as zem klajas debess.<\/p>\n","protected":false},"excerpt":{"rendered":"<p>Aug\u0161\u0113jais cietais apvalks, viss no alum\u012bnija \u0161\u016bn\u0101m meln\u0101 kr\u0101s\u0101, aizv\u0113rts tikai 15 cm un 18 cm augstum\u0101 ar alum\u012bnija profilu zem\u0101k, T veida rinda garaj\u0101 pus\u0113, lai piestiprin\u0101tu papildu piederumus, 2 no\u0146emami stie\u0146i, lai piestiprin\u0101tu papildu apr\u012bkojumu utt., met\u0101la aizb\u012bd\u0146i telts aizv\u0113r\u0161anai.<\/p>\n<p>Komplekt\u0101: teleskopisk\u0101s k\u0101pnes l\u012bdz 230 cm garum\u0101, jaut\u0101jumi, apavu kabatas, LED gaisma ar gaismas intensit\u0101tes regul\u0113\u0161anu un iesl\u0113g\u0161anas\/izsl\u0113g\u0161anas funkciju, 2 gab. no\u0146emamas l\u012bstes, mont\u0101\u017eas komplekts un instrukcija.<\/p>\n","protected":false},"featured_media":33836,"template":"","meta":[],"product_brand":[],"product_cat":[315,490],"product_tag":[],"class_list":{"0":"post-39195","1":"product","2":"type-product","3":"status-publish","4":"has-post-thumbnail","6":"product_cat-jumta-teltis","7":"product_cat-wilnd-land-lv","9":"first","10":"onbackorder","11":"taxable","12":"shipping-taxable","13":"purchasable","14":"product-type-simple"},"yoast_head":"<!-- This site is optimized with the Yoast SEO plugin v27.3 - https:\/\/yoast.com\/product\/yoast-seo-wordpress\/ -->\n<title>Wild Land Desert Cruiser 120 - BALTIC OVERLANDERS<\/title>\n<meta name=\"description\" content=\"Augstas kvalit\u0101tes melna alum\u012bnija cieta apvalka jumta telts ar teleskopisk\u0101m k\u0101pn\u0113m, LED gaismu, no\u0146emamiem stie\u0146iem un mont\u0101\u017eas komplektu piedz\u012bvojumiem bezce\u013cu apst\u0101k\u013cos.\" \/>\n<meta name=\"robots\" content=\"index, follow, max-snippet:-1, max-image-preview:large, max-video-preview:-1\" \/>\n<link rel=\"canonical\" href=\"https:\/\/balticoverlanders.eu\/lv\/produkts\/wild-land-desert-cruiser-120\/\" \/>\n<meta property=\"og:locale\" content=\"lv_LV\" \/>\n<meta property=\"og:type\" content=\"article\" \/>\n<meta property=\"og:title\" content=\"Wild Land Desert Cruiser 120 - BALTIC OVERLANDERS\" \/>\n<meta property=\"og:description\" content=\"Augstas kvalit\u0101tes melna alum\u012bnija cieta apvalka jumta telts ar teleskopisk\u0101m k\u0101pn\u0113m, LED gaismu, no\u0146emamiem stie\u0146iem un mont\u0101\u017eas komplektu piedz\u012bvojumiem bezce\u013cu apst\u0101k\u013cos.\" \/>\n<meta property=\"og:url\" content=\"https:\/\/balticoverlanders.eu\/lv\/produkts\/wild-land-desert-cruiser-120\/\" \/>\n<meta property=\"og:site_name\" content=\"BALTIC OVERLANDERS\" \/>\n<meta property=\"article:modified_time\" content=\"2024-06-10T13:49:12+00:00\" \/>\n<meta property=\"og:image\" content=\"https:\/\/balticoverlanders.eu\/wp-content\/uploads\/2024\/03\/Dolomity-namiot-dachowy-Desert-Cruiser-II-120-rozlozony-na-Volvo-V90-zdjecie-z-tylu-auta-zblizenie-na-bryle-i-jakosc-wykonania.jpg\" \/>\n\t<meta property=\"og:image:width\" content=\"1500\" \/>\n\t<meta property=\"og:image:height\" content=\"1000\" \/>\n\t<meta property=\"og:image:type\" content=\"image\/jpeg\" \/>\n<meta name=\"twitter:card\" content=\"summary_large_image\" \/>\n<meta name=\"twitter:label1\" content=\"Est. reading time\" \/>\n\t<meta name=\"twitter:data1\" content=\"2 minutes\" \/>\n<script type=\"application\/ld+json\" class=\"yoast-schema-graph\">{\"@context\":\"https:\\\/\\\/schema.org\",\"@graph\":[{\"@type\":\"WebPage\",\"@id\":\"https:\\\/\\\/balticoverlanders.eu\\\/lv\\\/produkts\\\/wild-land-desert-cruiser-120\\\/\",\"url\":\"https:\\\/\\\/balticoverlanders.eu\\\/lv\\\/produkts\\\/wild-land-desert-cruiser-120\\\/\",\"name\":\"Wild Land Desert Cruiser 120 - BALTIC OVERLANDERS\",\"isPartOf\":{\"@id\":\"https:\\\/\\\/balticoverlanders.eu\\\/lv\\\/#website\"},\"primaryImageOfPage\":{\"@id\":\"https:\\\/\\\/balticoverlanders.eu\\\/lv\\\/produkts\\\/wild-land-desert-cruiser-120\\\/#primaryimage\"},\"image\":{\"@id\":\"https:\\\/\\\/balticoverlanders.eu\\\/lv\\\/produkts\\\/wild-land-desert-cruiser-120\\\/#primaryimage\"},\"thumbnailUrl\":\"https:\\\/\\\/balticoverlanders.eu\\\/wp-content\\\/uploads\\\/2024\\\/03\\\/Dolomity-namiot-dachowy-Desert-Cruiser-II-120-rozlozony-na-Volvo-V90-zdjecie-z-tylu-auta-zblizenie-na-bryle-i-jakosc-wykonania.jpg\",\"datePublished\":\"2024-03-17T11:50:19+00:00\",\"dateModified\":\"2024-06-10T13:49:12+00:00\",\"description\":\"Augstas kvalit\u0101tes melna alum\u012bnija cieta apvalka jumta telts ar teleskopisk\u0101m k\u0101pn\u0113m, LED gaismu, no\u0146emamiem stie\u0146iem un mont\u0101\u017eas komplektu piedz\u012bvojumiem bezce\u013cu apst\u0101k\u013cos.\",\"breadcrumb\":{\"@id\":\"https:\\\/\\\/balticoverlanders.eu\\\/lv\\\/produkts\\\/wild-land-desert-cruiser-120\\\/#breadcrumb\"},\"inLanguage\":\"lv-LV\",\"potentialAction\":[{\"@type\":\"ReadAction\",\"target\":[\"https:\\\/\\\/balticoverlanders.eu\\\/lv\\\/produkts\\\/wild-land-desert-cruiser-120\\\/\"]}]},{\"@type\":\"ImageObject\",\"inLanguage\":\"lv-LV\",\"@id\":\"https:\\\/\\\/balticoverlanders.eu\\\/lv\\\/produkts\\\/wild-land-desert-cruiser-120\\\/#primaryimage\",\"url\":\"https:\\\/\\\/balticoverlanders.eu\\\/wp-content\\\/uploads\\\/2024\\\/03\\\/Dolomity-namiot-dachowy-Desert-Cruiser-II-120-rozlozony-na-Volvo-V90-zdjecie-z-tylu-auta-zblizenie-na-bryle-i-jakosc-wykonania.jpg\",\"contentUrl\":\"https:\\\/\\\/balticoverlanders.eu\\\/wp-content\\\/uploads\\\/2024\\\/03\\\/Dolomity-namiot-dachowy-Desert-Cruiser-II-120-rozlozony-na-Volvo-V90-zdjecie-z-tylu-auta-zblizenie-na-bryle-i-jakosc-wykonania.jpg\",\"width\":1500,\"height\":1000},{\"@type\":\"BreadcrumbList\",\"@id\":\"https:\\\/\\\/balticoverlanders.eu\\\/lv\\\/produkts\\\/wild-land-desert-cruiser-120\\\/#breadcrumb\",\"itemListElement\":[{\"@type\":\"ListItem\",\"position\":1,\"name\":\"Home\",\"item\":\"https:\\\/\\\/balticoverlanders.eu\\\/lv\\\/\"},{\"@type\":\"ListItem\",\"position\":2,\"name\":\"Veikals\",\"item\":\"https:\\\/\\\/balticoverlanders.eu\\\/lv\\\/veikals\\\/\"},{\"@type\":\"ListItem\",\"position\":3,\"name\":\"Wild Land Desert Cruiser 120\"}]},{\"@type\":\"WebSite\",\"@id\":\"https:\\\/\\\/balticoverlanders.eu\\\/lv\\\/#website\",\"url\":\"https:\\\/\\\/balticoverlanders.eu\\\/lv\\\/\",\"name\":\"BALTIC OVERLANDERS\",\"description\":\"Your one-stop shop in Latvia, Estonia, and Lithuania for all your car camping, rooftop tent and accessory needs.\",\"publisher\":{\"@id\":\"https:\\\/\\\/balticoverlanders.eu\\\/lv\\\/#organization\"},\"potentialAction\":[{\"@type\":\"SearchAction\",\"target\":{\"@type\":\"EntryPoint\",\"urlTemplate\":\"https:\\\/\\\/balticoverlanders.eu\\\/lv\\\/?s={search_term_string}\"},\"query-input\":{\"@type\":\"PropertyValueSpecification\",\"valueRequired\":true,\"valueName\":\"search_term_string\"}}],\"inLanguage\":\"lv-LV\"},{\"@type\":\"Organization\",\"@id\":\"https:\\\/\\\/balticoverlanders.eu\\\/lv\\\/#organization\",\"name\":\"BALTIC OVERLANDERS\",\"url\":\"https:\\\/\\\/balticoverlanders.eu\\\/lv\\\/\",\"logo\":{\"@type\":\"ImageObject\",\"inLanguage\":\"lv-LV\",\"@id\":\"https:\\\/\\\/balticoverlanders.eu\\\/lv\\\/#\\\/schema\\\/logo\\\/image\\\/\",\"url\":\"https:\\\/\\\/balticoverlanders.eu\\\/wp-content\\\/uploads\\\/2023\\\/04\\\/BALTIC-OVERLANDERS-LOGO.jpg\",\"contentUrl\":\"https:\\\/\\\/balticoverlanders.eu\\\/wp-content\\\/uploads\\\/2023\\\/04\\\/BALTIC-OVERLANDERS-LOGO.jpg\",\"width\":1497,\"height\":310,\"caption\":\"BALTIC OVERLANDERS\"},\"image\":{\"@id\":\"https:\\\/\\\/balticoverlanders.eu\\\/lv\\\/#\\\/schema\\\/logo\\\/image\\\/\"},\"sameAs\":[\"https:\\\/\\\/www.instagram.com\\\/balticoverlanders\\\/\"]}]}<\/script>\n<!-- \/ Yoast SEO plugin. -->","yoast_head_json":{"title":"Wild Land Desert Cruiser 120 - BALTIC OVERLANDERS","description":"Augstas kvalit\u0101tes melna alum\u012bnija cieta apvalka jumta telts ar teleskopisk\u0101m k\u0101pn\u0113m, LED gaismu, no\u0146emamiem stie\u0146iem un mont\u0101\u017eas komplektu piedz\u012bvojumiem bezce\u013cu apst\u0101k\u013cos.","robots":{"index":"index","follow":"follow","max-snippet":"max-snippet:-1","max-image-preview":"max-image-preview:large","max-video-preview":"max-video-preview:-1"},"canonical":"https:\/\/balticoverlanders.eu\/lv\/produkts\/wild-land-desert-cruiser-120\/","og_locale":"lv_LV","og_type":"article","og_title":"Wild Land Desert Cruiser 120 - BALTIC OVERLANDERS","og_description":"Augstas kvalit\u0101tes melna alum\u012bnija cieta apvalka jumta telts ar teleskopisk\u0101m k\u0101pn\u0113m, LED gaismu, no\u0146emamiem stie\u0146iem un mont\u0101\u017eas komplektu piedz\u012bvojumiem bezce\u013cu apst\u0101k\u013cos.","og_url":"https:\/\/balticoverlanders.eu\/lv\/produkts\/wild-land-desert-cruiser-120\/","og_site_name":"BALTIC OVERLANDERS","article_modified_time":"2024-06-10T13:49:12+00:00","og_image":[{"width":1500,"height":1000,"url":"https:\/\/balticoverlanders.eu\/wp-content\/uploads\/2024\/03\/Dolomity-namiot-dachowy-Desert-Cruiser-II-120-rozlozony-na-Volvo-V90-zdjecie-z-tylu-auta-zblizenie-na-bryle-i-jakosc-wykonania.jpg","type":"image\/jpeg"}],"twitter_card":"summary_large_image","twitter_misc":{"Est. reading time":"2 minutes"},"schema":{"@context":"https:\/\/schema.org","@graph":[{"@type":"WebPage","@id":"https:\/\/balticoverlanders.eu\/lv\/produkts\/wild-land-desert-cruiser-120\/","url":"https:\/\/balticoverlanders.eu\/lv\/produkts\/wild-land-desert-cruiser-120\/","name":"Wild Land Desert Cruiser 120 - BALTIC OVERLANDERS","isPartOf":{"@id":"https:\/\/balticoverlanders.eu\/lv\/#website"},"primaryImageOfPage":{"@id":"https:\/\/balticoverlanders.eu\/lv\/produkts\/wild-land-desert-cruiser-120\/#primaryimage"},"image":{"@id":"https:\/\/balticoverlanders.eu\/lv\/produkts\/wild-land-desert-cruiser-120\/#primaryimage"},"thumbnailUrl":"https:\/\/balticoverlanders.eu\/wp-content\/uploads\/2024\/03\/Dolomity-namiot-dachowy-Desert-Cruiser-II-120-rozlozony-na-Volvo-V90-zdjecie-z-tylu-auta-zblizenie-na-bryle-i-jakosc-wykonania.jpg","datePublished":"2024-03-17T11:50:19+00:00","dateModified":"2024-06-10T13:49:12+00:00","description":"Augstas kvalit\u0101tes melna alum\u012bnija cieta apvalka jumta telts ar teleskopisk\u0101m k\u0101pn\u0113m, LED gaismu, no\u0146emamiem stie\u0146iem un mont\u0101\u017eas komplektu piedz\u012bvojumiem bezce\u013cu apst\u0101k\u013cos.","breadcrumb":{"@id":"https:\/\/balticoverlanders.eu\/lv\/produkts\/wild-land-desert-cruiser-120\/#breadcrumb"},"inLanguage":"lv-LV","potentialAction":[{"@type":"ReadAction","target":["https:\/\/balticoverlanders.eu\/lv\/produkts\/wild-land-desert-cruiser-120\/"]}]},{"@type":"ImageObject","inLanguage":"lv-LV","@id":"https:\/\/balticoverlanders.eu\/lv\/produkts\/wild-land-desert-cruiser-120\/#primaryimage","url":"https:\/\/balticoverlanders.eu\/wp-content\/uploads\/2024\/03\/Dolomity-namiot-dachowy-Desert-Cruiser-II-120-rozlozony-na-Volvo-V90-zdjecie-z-tylu-auta-zblizenie-na-bryle-i-jakosc-wykonania.jpg","contentUrl":"https:\/\/balticoverlanders.eu\/wp-content\/uploads\/2024\/03\/Dolomity-namiot-dachowy-Desert-Cruiser-II-120-rozlozony-na-Volvo-V90-zdjecie-z-tylu-auta-zblizenie-na-bryle-i-jakosc-wykonania.jpg","width":1500,"height":1000},{"@type":"BreadcrumbList","@id":"https:\/\/balticoverlanders.eu\/lv\/produkts\/wild-land-desert-cruiser-120\/#breadcrumb","itemListElement":[{"@type":"ListItem","position":1,"name":"Home","item":"https:\/\/balticoverlanders.eu\/lv\/"},{"@type":"ListItem","position":2,"name":"Veikals","item":"https:\/\/balticoverlanders.eu\/lv\/veikals\/"},{"@type":"ListItem","position":3,"name":"Wild Land Desert Cruiser 120"}]},{"@type":"WebSite","@id":"https:\/\/balticoverlanders.eu\/lv\/#website","url":"https:\/\/balticoverlanders.eu\/lv\/","name":"BALTIC OVERLANDERS","description":"Your one-stop shop in Latvia, Estonia, and Lithuania for all your car camping, rooftop tent and accessory needs.","publisher":{"@id":"https:\/\/balticoverlanders.eu\/lv\/#organization"},"potentialAction":[{"@type":"SearchAction","target":{"@type":"EntryPoint","urlTemplate":"https:\/\/balticoverlanders.eu\/lv\/?s={search_term_string}"},"query-input":{"@type":"PropertyValueSpecification","valueRequired":true,"valueName":"search_term_string"}}],"inLanguage":"lv-LV"},{"@type":"Organization","@id":"https:\/\/balticoverlanders.eu\/lv\/#organization","name":"BALTIC OVERLANDERS","url":"https:\/\/balticoverlanders.eu\/lv\/","logo":{"@type":"ImageObject","inLanguage":"lv-LV","@id":"https:\/\/balticoverlanders.eu\/lv\/#\/schema\/logo\/image\/","url":"https:\/\/balticoverlanders.eu\/wp-content\/uploads\/2023\/04\/BALTIC-OVERLANDERS-LOGO.jpg","contentUrl":"https:\/\/balticoverlanders.eu\/wp-content\/uploads\/2023\/04\/BALTIC-OVERLANDERS-LOGO.jpg","width":1497,"height":310,"caption":"BALTIC OVERLANDERS"},"image":{"@id":"https:\/\/balticoverlanders.eu\/lv\/#\/schema\/logo\/image\/"},"sameAs":["https:\/\/www.instagram.com\/balticoverlanders\/"]}]}},"_links":{"self":[{"href":"https:\/\/balticoverlanders.eu\/lv\/wp-json\/wp\/v2\/product\/39195","targetHints":{"allow":["GET"]}}],"collection":[{"href":"https:\/\/balticoverlanders.eu\/lv\/wp-json\/wp\/v2\/product"}],"about":[{"href":"https:\/\/balticoverlanders.eu\/lv\/wp-json\/wp\/v2\/types\/product"}],"wp:featuredmedia":[{"embeddable":true,"href":"https:\/\/balticoverlanders.eu\/lv\/wp-json\/wp\/v2\/media\/33836"}],"wp:attachment":[{"href":"https:\/\/balticoverlanders.eu\/lv\/wp-json\/wp\/v2\/media?parent=39195"}],"wp:term":[{"taxonomy":"product_brand","embeddable":true,"href":"https:\/\/balticoverlanders.eu\/lv\/wp-json\/wp\/v2\/product_brand?post=39195"},{"taxonomy":"product_cat","embeddable":true,"href":"https:\/\/balticoverlanders.eu\/lv\/wp-json\/wp\/v2\/product_cat?post=39195"},{"taxonomy":"product_tag","embeddable":true,"href":"https:\/\/balticoverlanders.eu\/lv\/wp-json\/wp\/v2\/product_tag?post=39195"}],"curies":[{"name":"wp","href":"https:\/\/api.w.org\/{rel}","templated":true}]}}