{"id":39206,"date":"2024-04-05T15:27:43","date_gmt":"2024-04-05T12:27:43","guid":{"rendered":"https:\/\/balticoverlanders.eu\/product\/wild-land-bush-cruiser-120\/"},"modified":"2024-06-10T16:49:00","modified_gmt":"2024-06-10T13:49:00","slug":"wild-land-bush-cruiser-120","status":"publish","type":"product","link":"https:\/\/balticoverlanders.eu\/lv\/produkts\/wild-land-bush-cruiser-120\/","title":{"rendered":"Wild Land Bush Cruiser 120"},"content":{"rendered":"<p><strong>Iepaz\u012bstin\u0101m ar Bush Cruiser: Vislab\u0101k\u0101 cieta jumta telts ar cietu jumta apvalku<\/strong><\/p>\n<p><strong>P\u0101rskats:<\/strong><\/p>\n<ul>\n<li>Jaun\u0101kais Wild Land modelis Bush Cruiser no jauna defin\u0113 kempinga \u0113rt\u012bbas, pateicoties inovat\u012bvam dizainam un augst\u0101k\u0101s klases funkcij\u0101m.<\/li>\n<li>Tas ir izstr\u0101d\u0101ts piedz\u012bvojumu mekl\u0113t\u0101jiem, kas dodas ce\u013c\u0101, un pied\u0101v\u0101 nep\u0101rsp\u0113jami vieglu uzst\u0101d\u012b\u0161anu un nokomplekt\u0113\u0161anu, t\u0101p\u0113c tas ir ide\u0101li piem\u0113rots gan ce\u013cojumiem, gan br\u012bvdabas entuziastiem.<\/li>\n<\/ul>\n<p><strong>Galven\u0101s funkcijas:<\/strong><\/p>\n<ul>\n<li>Patent\u0113ts zema profila dizains ar unik\u0101lu alum\u012bnija l\u012bst\u012b\u0161u r\u0101mja pamatni samazina svaru, apjomu un kondens\u0101ciju.<\/li>\n<li>No skr\u0101p\u0113jumiem aizsarg\u0101ts alum\u012bnija cietais jumts ar integr\u0113tiem kravas bag\u0101\u017eniekiem kajaku, s\u0113rfo\u0161anas d\u0113\u013cu, papildu apr\u012bkojuma un pat saules bateriju pane\u013cu p\u0101rvad\u0101\u0161anai.<\/li>\n<li>Atv\u0113r\u0161ana ar g\u0101zes balstu, iek\u0161pus\u0113 ieb\u016bv\u0113ta aizsardz\u012bba pret laikapst\u0101k\u013ciem.<\/li>\n<li>\u0100tra 60 sekun\u017eu uzst\u0101d\u012b\u0161ana un nokomplekt\u0113\u0161ana bez apgr\u016btino\u0161iem logu stabiem.<\/li>\n<li>Pla\u0161as aizmugur\u0113j\u0101s durvis un lieli s\u0101nu logi \u0113rtai piek\u013cuvei un panor\u0101mas skatam.<\/li>\n<li>Komplekt\u0101 ir iek\u013cauta LED sloksnes gaisma apgaismojumam nakts laik\u0101.<\/li>\n<li>Viegli piestiprin\u0101ms pie jumta bag\u0101\u017enieka \u0161\u0137\u0113rssij\u0101m, nodro\u0161inot stabilit\u0101ti un dro\u0161\u012bbu.<\/li>\n<li>\u016adensnecaurlaid\u012bgs p\u0101rsegs, telts korpuss un gr\u012bda nodro\u0161ina sausu un komfortablu tel\u0161u b\u016bv\u0113\u0161anu jebkuros laika apst\u0101k\u013cos.<\/li>\n<li>Alum\u012bnija ekstr\u016bzijas s\u0101nos ir stiprin\u0101juma punkti papildu apr\u012bkojumam.<\/li>\n<\/ul>\n<p><strong>Pieejamie mode\u013ci:<\/strong><\/p>\n<ul>\n<li>Bush Cruiser tiek pied\u0101v\u0101ts divos platuma variantos: 120 cm un 140 cm, t\u0101d\u0113j\u0101di nodro\u0161inot iesp\u0113jas, kas piem\u0113rotas da\u017e\u0101d\u0101m transportl\u012bdzek\u013ca konfigur\u0101cij\u0101m un kempinga v\u0113lm\u0113m.<\/li>\n<\/ul>\n<p><strong>Iek\u013cautie piederumi:<\/strong><\/p>\n<ul>\n<li>Katram Bush Cruiser ir \u0113rti aug\u0161\u0113jie bag\u0101\u017enieki, apavu somas un LED lukturis, kas nodro\u0161ina, ka esat piln\u012bb\u0101 apr\u012bkots saviem piedz\u012bvojumiem br\u012bv\u0101 dab\u0101.<\/li>\n<\/ul>\n","protected":false},"excerpt":{"rendered":"<p>Aug\u0161\u0113jais cietais apvalks, viss no alum\u012bnija \u0161\u016bn\u0101m meln\u0101 kr\u0101s\u0101, sl\u0113gts tikai 15 cm un 18 cm augstum\u0101 ar alum\u012bnija profilu zem\u0101k, T veida rinda garaj\u0101 pus\u0113, lai piestiprin\u0101tu papildu piederumus, 2 no\u0146emami stie\u0146i, lai piestiprin\u0101tu papildu apr\u012bkojumu u.c., met\u0101la siksnas telts aizv\u0113r\u0161anai Komplekt\u0101: teleskopisk\u0101s k\u0101pnes l\u012bdz 230 cm garumam, piederumi, apavu kabatas, LED gaisma ar gaismas intensit\u0101tes regul\u0113\u0161anu un iesl\u0113g\u0161anu\/izsl\u0113g\u0161anu, 2 gab. no\u0146emami stie\u0146i, mont\u0101\u017eas komplekts kop\u0101 ar instrukcij\u0101m.<\/p>\n","protected":false},"featured_media":50882,"template":"","meta":[],"product_brand":[],"product_cat":[315,490],"product_tag":[],"class_list":{"0":"post-39206","1":"product","2":"type-product","3":"status-publish","4":"has-post-thumbnail","6":"product_cat-jumta-teltis","7":"product_cat-wilnd-land-lv","9":"first","10":"onbackorder","11":"taxable","12":"shipping-taxable","13":"purchasable","14":"product-type-simple"},"yoast_head":"<!-- This site is optimized with the Yoast SEO plugin v27.3 - https:\/\/yoast.com\/product\/yoast-seo-wordpress\/ -->\n<title>Wild Land Bush Cruiser 120 - BALTIC OVERLANDERS<\/title>\n<meta name=\"description\" content=\"Izp\u0113tiet m\u016bsu iztur\u012bgo alum\u012bnija telti Wild Land Bush Cruiser ar kempinga piederumiem \u0113rt\u012bb\u0101m. Vienk\u0101r\u0161a mont\u0101\u017ea, kompakts, daudzfunkcion\u0101ls.\" \/>\n<meta name=\"robots\" content=\"index, follow, max-snippet:-1, max-image-preview:large, max-video-preview:-1\" \/>\n<link rel=\"canonical\" href=\"https:\/\/balticoverlanders.eu\/lv\/produkts\/wild-land-bush-cruiser-120\/\" \/>\n<meta property=\"og:locale\" content=\"lv_LV\" \/>\n<meta property=\"og:type\" content=\"article\" \/>\n<meta property=\"og:title\" content=\"Wild Land Bush Cruiser 120 - BALTIC OVERLANDERS\" \/>\n<meta property=\"og:description\" content=\"Izp\u0113tiet m\u016bsu iztur\u012bgo alum\u012bnija telti Wild Land Bush Cruiser ar kempinga piederumiem \u0113rt\u012bb\u0101m. Vienk\u0101r\u0161a mont\u0101\u017ea, kompakts, daudzfunkcion\u0101ls.\" \/>\n<meta property=\"og:url\" content=\"https:\/\/balticoverlanders.eu\/lv\/produkts\/wild-land-bush-cruiser-120\/\" \/>\n<meta property=\"og:site_name\" content=\"BALTIC OVERLANDERS\" \/>\n<meta property=\"article:modified_time\" content=\"2024-06-10T13:49:00+00:00\" \/>\n<meta property=\"og:image\" content=\"https:\/\/balticoverlanders.eu\/wp-content\/uploads\/2024\/04\/Wild-Land-Bush-Cruiser-II-roof-top-tent_006.jpg\" \/>\n\t<meta property=\"og:image:width\" content=\"1920\" \/>\n\t<meta property=\"og:image:height\" content=\"1080\" \/>\n\t<meta property=\"og:image:type\" content=\"image\/jpeg\" \/>\n<meta name=\"twitter:card\" content=\"summary_large_image\" \/>\n<meta name=\"twitter:label1\" content=\"Est. reading time\" \/>\n\t<meta name=\"twitter:data1\" content=\"2 minutes\" \/>\n<script type=\"application\/ld+json\" class=\"yoast-schema-graph\">{\"@context\":\"https:\\\/\\\/schema.org\",\"@graph\":[{\"@type\":\"WebPage\",\"@id\":\"https:\\\/\\\/balticoverlanders.eu\\\/lv\\\/produkts\\\/wild-land-bush-cruiser-120\\\/\",\"url\":\"https:\\\/\\\/balticoverlanders.eu\\\/lv\\\/produkts\\\/wild-land-bush-cruiser-120\\\/\",\"name\":\"Wild Land Bush Cruiser 120 - BALTIC OVERLANDERS\",\"isPartOf\":{\"@id\":\"https:\\\/\\\/balticoverlanders.eu\\\/lv\\\/#website\"},\"primaryImageOfPage\":{\"@id\":\"https:\\\/\\\/balticoverlanders.eu\\\/lv\\\/produkts\\\/wild-land-bush-cruiser-120\\\/#primaryimage\"},\"image\":{\"@id\":\"https:\\\/\\\/balticoverlanders.eu\\\/lv\\\/produkts\\\/wild-land-bush-cruiser-120\\\/#primaryimage\"},\"thumbnailUrl\":\"https:\\\/\\\/balticoverlanders.eu\\\/wp-content\\\/uploads\\\/2024\\\/04\\\/Wild-Land-Bush-Cruiser-II-roof-top-tent_006.jpg\",\"datePublished\":\"2024-04-05T12:27:43+00:00\",\"dateModified\":\"2024-06-10T13:49:00+00:00\",\"description\":\"Izp\u0113tiet m\u016bsu iztur\u012bgo alum\u012bnija telti Wild Land Bush Cruiser ar kempinga piederumiem \u0113rt\u012bb\u0101m. Vienk\u0101r\u0161a mont\u0101\u017ea, kompakts, daudzfunkcion\u0101ls.\",\"breadcrumb\":{\"@id\":\"https:\\\/\\\/balticoverlanders.eu\\\/lv\\\/produkts\\\/wild-land-bush-cruiser-120\\\/#breadcrumb\"},\"inLanguage\":\"lv-LV\",\"potentialAction\":[{\"@type\":\"ReadAction\",\"target\":[\"https:\\\/\\\/balticoverlanders.eu\\\/lv\\\/produkts\\\/wild-land-bush-cruiser-120\\\/\"]}]},{\"@type\":\"ImageObject\",\"inLanguage\":\"lv-LV\",\"@id\":\"https:\\\/\\\/balticoverlanders.eu\\\/lv\\\/produkts\\\/wild-land-bush-cruiser-120\\\/#primaryimage\",\"url\":\"https:\\\/\\\/balticoverlanders.eu\\\/wp-content\\\/uploads\\\/2024\\\/04\\\/Wild-Land-Bush-Cruiser-II-roof-top-tent_006.jpg\",\"contentUrl\":\"https:\\\/\\\/balticoverlanders.eu\\\/wp-content\\\/uploads\\\/2024\\\/04\\\/Wild-Land-Bush-Cruiser-II-roof-top-tent_006.jpg\",\"width\":1920,\"height\":1080},{\"@type\":\"BreadcrumbList\",\"@id\":\"https:\\\/\\\/balticoverlanders.eu\\\/lv\\\/produkts\\\/wild-land-bush-cruiser-120\\\/#breadcrumb\",\"itemListElement\":[{\"@type\":\"ListItem\",\"position\":1,\"name\":\"Home\",\"item\":\"https:\\\/\\\/balticoverlanders.eu\\\/lv\\\/\"},{\"@type\":\"ListItem\",\"position\":2,\"name\":\"Veikals\",\"item\":\"https:\\\/\\\/balticoverlanders.eu\\\/lv\\\/veikals\\\/\"},{\"@type\":\"ListItem\",\"position\":3,\"name\":\"Wild Land Bush Cruiser 120\"}]},{\"@type\":\"WebSite\",\"@id\":\"https:\\\/\\\/balticoverlanders.eu\\\/lv\\\/#website\",\"url\":\"https:\\\/\\\/balticoverlanders.eu\\\/lv\\\/\",\"name\":\"BALTIC OVERLANDERS\",\"description\":\"Your one-stop shop in Latvia, Estonia, and Lithuania for all your car camping, rooftop tent and accessory needs.\",\"publisher\":{\"@id\":\"https:\\\/\\\/balticoverlanders.eu\\\/lv\\\/#organization\"},\"potentialAction\":[{\"@type\":\"SearchAction\",\"target\":{\"@type\":\"EntryPoint\",\"urlTemplate\":\"https:\\\/\\\/balticoverlanders.eu\\\/lv\\\/?s={search_term_string}\"},\"query-input\":{\"@type\":\"PropertyValueSpecification\",\"valueRequired\":true,\"valueName\":\"search_term_string\"}}],\"inLanguage\":\"lv-LV\"},{\"@type\":\"Organization\",\"@id\":\"https:\\\/\\\/balticoverlanders.eu\\\/lv\\\/#organization\",\"name\":\"BALTIC OVERLANDERS\",\"url\":\"https:\\\/\\\/balticoverlanders.eu\\\/lv\\\/\",\"logo\":{\"@type\":\"ImageObject\",\"inLanguage\":\"lv-LV\",\"@id\":\"https:\\\/\\\/balticoverlanders.eu\\\/lv\\\/#\\\/schema\\\/logo\\\/image\\\/\",\"url\":\"https:\\\/\\\/balticoverlanders.eu\\\/wp-content\\\/uploads\\\/2023\\\/04\\\/BALTIC-OVERLANDERS-LOGO.jpg\",\"contentUrl\":\"https:\\\/\\\/balticoverlanders.eu\\\/wp-content\\\/uploads\\\/2023\\\/04\\\/BALTIC-OVERLANDERS-LOGO.jpg\",\"width\":1497,\"height\":310,\"caption\":\"BALTIC OVERLANDERS\"},\"image\":{\"@id\":\"https:\\\/\\\/balticoverlanders.eu\\\/lv\\\/#\\\/schema\\\/logo\\\/image\\\/\"},\"sameAs\":[\"https:\\\/\\\/www.instagram.com\\\/balticoverlanders\\\/\"]}]}<\/script>\n<!-- \/ Yoast SEO plugin. -->","yoast_head_json":{"title":"Wild Land Bush Cruiser 120 - BALTIC OVERLANDERS","description":"Izp\u0113tiet m\u016bsu iztur\u012bgo alum\u012bnija telti Wild Land Bush Cruiser ar kempinga piederumiem \u0113rt\u012bb\u0101m. Vienk\u0101r\u0161a mont\u0101\u017ea, kompakts, daudzfunkcion\u0101ls.","robots":{"index":"index","follow":"follow","max-snippet":"max-snippet:-1","max-image-preview":"max-image-preview:large","max-video-preview":"max-video-preview:-1"},"canonical":"https:\/\/balticoverlanders.eu\/lv\/produkts\/wild-land-bush-cruiser-120\/","og_locale":"lv_LV","og_type":"article","og_title":"Wild Land Bush Cruiser 120 - BALTIC OVERLANDERS","og_description":"Izp\u0113tiet m\u016bsu iztur\u012bgo alum\u012bnija telti Wild Land Bush Cruiser ar kempinga piederumiem \u0113rt\u012bb\u0101m. Vienk\u0101r\u0161a mont\u0101\u017ea, kompakts, daudzfunkcion\u0101ls.","og_url":"https:\/\/balticoverlanders.eu\/lv\/produkts\/wild-land-bush-cruiser-120\/","og_site_name":"BALTIC OVERLANDERS","article_modified_time":"2024-06-10T13:49:00+00:00","og_image":[{"width":1920,"height":1080,"url":"https:\/\/balticoverlanders.eu\/wp-content\/uploads\/2024\/04\/Wild-Land-Bush-Cruiser-II-roof-top-tent_006.jpg","type":"image\/jpeg"}],"twitter_card":"summary_large_image","twitter_misc":{"Est. reading time":"2 minutes"},"schema":{"@context":"https:\/\/schema.org","@graph":[{"@type":"WebPage","@id":"https:\/\/balticoverlanders.eu\/lv\/produkts\/wild-land-bush-cruiser-120\/","url":"https:\/\/balticoverlanders.eu\/lv\/produkts\/wild-land-bush-cruiser-120\/","name":"Wild Land Bush Cruiser 120 - BALTIC OVERLANDERS","isPartOf":{"@id":"https:\/\/balticoverlanders.eu\/lv\/#website"},"primaryImageOfPage":{"@id":"https:\/\/balticoverlanders.eu\/lv\/produkts\/wild-land-bush-cruiser-120\/#primaryimage"},"image":{"@id":"https:\/\/balticoverlanders.eu\/lv\/produkts\/wild-land-bush-cruiser-120\/#primaryimage"},"thumbnailUrl":"https:\/\/balticoverlanders.eu\/wp-content\/uploads\/2024\/04\/Wild-Land-Bush-Cruiser-II-roof-top-tent_006.jpg","datePublished":"2024-04-05T12:27:43+00:00","dateModified":"2024-06-10T13:49:00+00:00","description":"Izp\u0113tiet m\u016bsu iztur\u012bgo alum\u012bnija telti Wild Land Bush Cruiser ar kempinga piederumiem \u0113rt\u012bb\u0101m. Vienk\u0101r\u0161a mont\u0101\u017ea, kompakts, daudzfunkcion\u0101ls.","breadcrumb":{"@id":"https:\/\/balticoverlanders.eu\/lv\/produkts\/wild-land-bush-cruiser-120\/#breadcrumb"},"inLanguage":"lv-LV","potentialAction":[{"@type":"ReadAction","target":["https:\/\/balticoverlanders.eu\/lv\/produkts\/wild-land-bush-cruiser-120\/"]}]},{"@type":"ImageObject","inLanguage":"lv-LV","@id":"https:\/\/balticoverlanders.eu\/lv\/produkts\/wild-land-bush-cruiser-120\/#primaryimage","url":"https:\/\/balticoverlanders.eu\/wp-content\/uploads\/2024\/04\/Wild-Land-Bush-Cruiser-II-roof-top-tent_006.jpg","contentUrl":"https:\/\/balticoverlanders.eu\/wp-content\/uploads\/2024\/04\/Wild-Land-Bush-Cruiser-II-roof-top-tent_006.jpg","width":1920,"height":1080},{"@type":"BreadcrumbList","@id":"https:\/\/balticoverlanders.eu\/lv\/produkts\/wild-land-bush-cruiser-120\/#breadcrumb","itemListElement":[{"@type":"ListItem","position":1,"name":"Home","item":"https:\/\/balticoverlanders.eu\/lv\/"},{"@type":"ListItem","position":2,"name":"Veikals","item":"https:\/\/balticoverlanders.eu\/lv\/veikals\/"},{"@type":"ListItem","position":3,"name":"Wild Land Bush Cruiser 120"}]},{"@type":"WebSite","@id":"https:\/\/balticoverlanders.eu\/lv\/#website","url":"https:\/\/balticoverlanders.eu\/lv\/","name":"BALTIC OVERLANDERS","description":"Your one-stop shop in Latvia, Estonia, and Lithuania for all your car camping, rooftop tent and accessory needs.","publisher":{"@id":"https:\/\/balticoverlanders.eu\/lv\/#organization"},"potentialAction":[{"@type":"SearchAction","target":{"@type":"EntryPoint","urlTemplate":"https:\/\/balticoverlanders.eu\/lv\/?s={search_term_string}"},"query-input":{"@type":"PropertyValueSpecification","valueRequired":true,"valueName":"search_term_string"}}],"inLanguage":"lv-LV"},{"@type":"Organization","@id":"https:\/\/balticoverlanders.eu\/lv\/#organization","name":"BALTIC OVERLANDERS","url":"https:\/\/balticoverlanders.eu\/lv\/","logo":{"@type":"ImageObject","inLanguage":"lv-LV","@id":"https:\/\/balticoverlanders.eu\/lv\/#\/schema\/logo\/image\/","url":"https:\/\/balticoverlanders.eu\/wp-content\/uploads\/2023\/04\/BALTIC-OVERLANDERS-LOGO.jpg","contentUrl":"https:\/\/balticoverlanders.eu\/wp-content\/uploads\/2023\/04\/BALTIC-OVERLANDERS-LOGO.jpg","width":1497,"height":310,"caption":"BALTIC OVERLANDERS"},"image":{"@id":"https:\/\/balticoverlanders.eu\/lv\/#\/schema\/logo\/image\/"},"sameAs":["https:\/\/www.instagram.com\/balticoverlanders\/"]}]}},"_links":{"self":[{"href":"https:\/\/balticoverlanders.eu\/lv\/wp-json\/wp\/v2\/product\/39206","targetHints":{"allow":["GET"]}}],"collection":[{"href":"https:\/\/balticoverlanders.eu\/lv\/wp-json\/wp\/v2\/product"}],"about":[{"href":"https:\/\/balticoverlanders.eu\/lv\/wp-json\/wp\/v2\/types\/product"}],"wp:featuredmedia":[{"embeddable":true,"href":"https:\/\/balticoverlanders.eu\/lv\/wp-json\/wp\/v2\/media\/50882"}],"wp:attachment":[{"href":"https:\/\/balticoverlanders.eu\/lv\/wp-json\/wp\/v2\/media?parent=39206"}],"wp:term":[{"taxonomy":"product_brand","embeddable":true,"href":"https:\/\/balticoverlanders.eu\/lv\/wp-json\/wp\/v2\/product_brand?post=39206"},{"taxonomy":"product_cat","embeddable":true,"href":"https:\/\/balticoverlanders.eu\/lv\/wp-json\/wp\/v2\/product_cat?post=39206"},{"taxonomy":"product_tag","embeddable":true,"href":"https:\/\/balticoverlanders.eu\/lv\/wp-json\/wp\/v2\/product_tag?post=39206"}],"curies":[{"name":"wp","href":"https:\/\/api.w.org\/{rel}","templated":true}]}}