{"id":39226,"date":"2024-02-19T17:18:28","date_gmt":"2024-02-19T15:18:28","guid":{"rendered":"https:\/\/balticoverlanders.eu\/product\/dometic-go-camp-galda-glabasanas-soma\/"},"modified":"2024-06-10T19:00:32","modified_gmt":"2024-06-10T16:00:32","slug":"dometic-go-camp-galda-glabasanas-soma","status":"publish","type":"product","link":"https:\/\/balticoverlanders.eu\/lv\/produkts\/dometic-go-camp-galda-glabasanas-soma\/","title":{"rendered":"Dometic GO Camp galda glab\u0101\u0161anas soma"},"content":{"rendered":"<p><strong>Iepaz\u012bstin\u0101m ar Dometic Go Compact kempinga galda glab\u0101\u0161anas somu<\/strong><\/p>\n<p>Uzlabojiet savu kempinga pieredzi ar Dometic Go Compact Camp galda glab\u0101\u0161anas somu. \u0160\u012b uzglab\u0101\u0161anas soma, kas izstr\u0101d\u0101ta \u0113rt\u012bbai un iztur\u012bbai, nodro\u0161ina \u0113rtu j\u016bsu nometnes galda iekrau\u0161anu, izkrau\u0161anu, uzglab\u0101\u0161anu un p\u0101rn\u0113s\u0101\u0161anu. Izgatavots no iztur\u012bga 600D auduma, tas nodro\u0161ina izcilu aizsardz\u012bbu j\u016bsu galda bambusa virsmai, garant\u0113jot t\u0101s ilgm\u016b\u017e\u012bbu pat skarbos \u0101ra apst\u0101k\u013cos.<\/p>\n<p><strong>Galven\u0101s funkcijas:<\/strong><\/p>\n<ul>\n<li><strong>Viegli p\u0101rn\u0113s\u0101jams dizains:<\/strong> Ar diviem ieb\u016bv\u0113tiem rokturiem un regul\u0113jamu plecu siksnu, nometnes galda transport\u0113\u0161ana v\u0113l nekad nav bijusi viegl\u0101ka. Neatkar\u012bgi no t\u0101, vai p\u0101rvietojat to no transportl\u012bdzek\u013ca uz kempingu vai vienk\u0101r\u0161i uzglab\u0101jat, \u0161\u012b soma atvieglo procesu.<\/li>\n<li><strong>Iztur\u012bga konstrukcija:<\/strong> Izgatavota no polster\u0113ta 600D auduma, \u0161\u012b uzglab\u0101\u0161anas soma ir veidota t\u0101, lai iztur\u0113tu \u0101ra piedz\u012bvojumu gr\u016bt\u012bbas. Tas nodro\u0161ina papildu aizsardz\u012bbas sl\u0101ni, lai pasarg\u0101tu galda virsmu no skr\u0101p\u0113jumiem, triecieniem un citiem iesp\u0113jamiem boj\u0101jumiem.<\/li>\n<li><strong>Daudzpus\u012bga savietojam\u012bba:<\/strong> \u0160\u012b uzglab\u0101\u0161anas soma, kas \u012bpa\u0161i izstr\u0101d\u0101ta lieto\u0161anai ar Dometic Go collection nometnes galdiem, nodro\u0161ina perfektu atbilst\u012bbu un nevainojamu integr\u0101ciju ar j\u016bsu eso\u0161o \u0101ra apr\u012bkojumu.<\/li>\n<li><strong>Uzlabota aizsardz\u012bba:<\/strong> Polster\u0113t\u0101 konstrukcija ne tikai aizsarg\u0101 galdu p\u0101rvad\u0101\u0161anas laik\u0101, bet ar\u012b nodro\u0161ina papildu polster\u0113jumu, t\u0101d\u0113j\u0101di nodro\u0161inot, ka j\u016bsu galds saglab\u0101jas nevainojam\u0101 st\u0101vokl\u012b ce\u013cojumu p\u0113c ce\u013cojuma.<\/li>\n<li><strong>\u0112rta uzglab\u0101\u0161ana:<\/strong> Uzglab\u0101\u0161anas maisu, kad tas netiek izmantots, var viegli saloc\u012bt un novietot, ietaupot v\u0113rt\u012bgu vietu j\u016bsu kempinga invent\u0101ra glab\u0101\u0161anas viet\u0101 vai transportl\u012bdzekl\u012b.<\/li>\n<li><strong>Stil\u012bgs un funkcion\u0101ls:<\/strong> \u0160\u012b uzglab\u0101\u0161anas soma ar elegantu dizainu un augstas kvalit\u0101tes materi\u0101liem ne tikai nodro\u0161ina praktiskumu, bet ar\u012b pie\u0161\u0137ir stilu j\u016bsu \u0101ra iek\u0101rtojumam.<\/li>\n<li><strong>Da\u013ca no Dometic Go kolekcijas:<\/strong> \u0160\u012b uzglab\u0101\u0161anas soma ir izstr\u0101d\u0101ta, lai papildin\u0101tu citus Dometic Go kolekcijas produktus, un t\u0101 nevainojami iek\u013caujas j\u016bsu kempinga apr\u012bkojum\u0101, nodro\u0161inot vienotu un labi saska\u0146otu \u0101ra pieredzi.<\/li>\n<\/ul>\n<p>Uzlabojiet savu kempinga apr\u012bkojumu ar Dometic Go Compact Camp Table uzglab\u0101\u0161anas somu un izbaudiet \u0113rt\u012bbas, aizsardz\u012bbu un stilu, ko t\u0101 sniedz j\u016bsu piedz\u012bvojumiem br\u012bv\u0101 dab\u0101.<\/p>\n","protected":false},"excerpt":{"rendered":"<p>M\u016bsu galda glab\u0101\u0161anas soma \u013cauj \u0113rti iekraut, izkraut, uzglab\u0101t un p\u0101rn\u0113s\u0101t j\u016bsu nometnes galdu. Tas ir izgatavots no iztur\u012bga 600D auduma un ir polster\u0113ts, lai pal\u012bdz\u0113tu aizsarg\u0101t galda bambusa virsmu. Somai ir divi ieb\u016bv\u0113ti rokturi un regul\u0113jama plecu siksna.<\/p>\n","protected":false},"featured_media":31536,"template":"","meta":[],"product_brand":[],"product_cat":[508],"product_tag":[],"class_list":{"0":"post-39226","1":"product","2":"type-product","3":"status-publish","4":"has-post-thumbnail","6":"product_cat-dometic-lv","8":"first","9":"onbackorder","10":"taxable","11":"shipping-taxable","12":"purchasable","13":"product-type-simple"},"yoast_head":"<!-- This site is optimized with the Yoast SEO plugin v27.3 - https:\/\/yoast.com\/product\/yoast-seo-wordpress\/ -->\n<title>Dometic GO Camp galda glab\u0101\u0161anas soma - BALTIC OVERLANDERS<\/title>\n<meta name=\"description\" content=\"\u0112rta galda glab\u0101\u0161anas soma ar polster\u0113tu aizsardz\u012bbu, ieb\u016bv\u0113tiem rokturiem un regul\u0113jamu plecu siksnu \u0113rtai transport\u0113\u0161anai. Iztur\u012bga 600D auduma konstrukcija.\" \/>\n<meta name=\"robots\" content=\"index, follow, max-snippet:-1, max-image-preview:large, max-video-preview:-1\" \/>\n<link rel=\"canonical\" href=\"https:\/\/balticoverlanders.eu\/lv\/produkts\/dometic-go-camp-galda-glabasanas-soma\/\" \/>\n<meta property=\"og:locale\" content=\"lv_LV\" \/>\n<meta property=\"og:type\" content=\"article\" \/>\n<meta property=\"og:title\" content=\"Dometic GO Camp galda glab\u0101\u0161anas soma - BALTIC OVERLANDERS\" \/>\n<meta property=\"og:description\" content=\"\u0112rta galda glab\u0101\u0161anas soma ar polster\u0113tu aizsardz\u012bbu, ieb\u016bv\u0113tiem rokturiem un regul\u0113jamu plecu siksnu \u0113rtai transport\u0113\u0161anai. Iztur\u012bga 600D auduma konstrukcija.\" \/>\n<meta property=\"og:url\" content=\"https:\/\/balticoverlanders.eu\/lv\/produkts\/dometic-go-camp-galda-glabasanas-soma\/\" \/>\n<meta property=\"og:site_name\" content=\"BALTIC OVERLANDERS\" \/>\n<meta property=\"article:modified_time\" content=\"2024-06-10T16:00:32+00:00\" \/>\n<meta property=\"og:image\" content=\"https:\/\/balticoverlanders.eu\/wp-content\/uploads\/2024\/02\/tbra042_1.jpg\" \/>\n\t<meta property=\"og:image:width\" content=\"1024\" \/>\n\t<meta property=\"og:image:height\" content=\"768\" \/>\n\t<meta property=\"og:image:type\" content=\"image\/jpeg\" \/>\n<meta name=\"twitter:card\" content=\"summary_large_image\" \/>\n<meta name=\"twitter:label1\" content=\"Est. reading time\" \/>\n\t<meta name=\"twitter:data1\" content=\"2 minutes\" \/>\n<script type=\"application\/ld+json\" class=\"yoast-schema-graph\">{\"@context\":\"https:\\\/\\\/schema.org\",\"@graph\":[{\"@type\":\"WebPage\",\"@id\":\"https:\\\/\\\/balticoverlanders.eu\\\/lv\\\/produkts\\\/dometic-go-camp-galda-glabasanas-soma\\\/\",\"url\":\"https:\\\/\\\/balticoverlanders.eu\\\/lv\\\/produkts\\\/dometic-go-camp-galda-glabasanas-soma\\\/\",\"name\":\"Dometic GO Camp galda glab\u0101\u0161anas soma - BALTIC OVERLANDERS\",\"isPartOf\":{\"@id\":\"https:\\\/\\\/balticoverlanders.eu\\\/lv\\\/#website\"},\"primaryImageOfPage\":{\"@id\":\"https:\\\/\\\/balticoverlanders.eu\\\/lv\\\/produkts\\\/dometic-go-camp-galda-glabasanas-soma\\\/#primaryimage\"},\"image\":{\"@id\":\"https:\\\/\\\/balticoverlanders.eu\\\/lv\\\/produkts\\\/dometic-go-camp-galda-glabasanas-soma\\\/#primaryimage\"},\"thumbnailUrl\":\"https:\\\/\\\/balticoverlanders.eu\\\/wp-content\\\/uploads\\\/2024\\\/02\\\/tbra042_1.jpg\",\"datePublished\":\"2024-02-19T15:18:28+00:00\",\"dateModified\":\"2024-06-10T16:00:32+00:00\",\"description\":\"\u0112rta galda glab\u0101\u0161anas soma ar polster\u0113tu aizsardz\u012bbu, ieb\u016bv\u0113tiem rokturiem un regul\u0113jamu plecu siksnu \u0113rtai transport\u0113\u0161anai. Iztur\u012bga 600D auduma konstrukcija.\",\"breadcrumb\":{\"@id\":\"https:\\\/\\\/balticoverlanders.eu\\\/lv\\\/produkts\\\/dometic-go-camp-galda-glabasanas-soma\\\/#breadcrumb\"},\"inLanguage\":\"lv-LV\",\"potentialAction\":[{\"@type\":\"ReadAction\",\"target\":[\"https:\\\/\\\/balticoverlanders.eu\\\/lv\\\/produkts\\\/dometic-go-camp-galda-glabasanas-soma\\\/\"]}]},{\"@type\":\"ImageObject\",\"inLanguage\":\"lv-LV\",\"@id\":\"https:\\\/\\\/balticoverlanders.eu\\\/lv\\\/produkts\\\/dometic-go-camp-galda-glabasanas-soma\\\/#primaryimage\",\"url\":\"https:\\\/\\\/balticoverlanders.eu\\\/wp-content\\\/uploads\\\/2024\\\/02\\\/tbra042_1.jpg\",\"contentUrl\":\"https:\\\/\\\/balticoverlanders.eu\\\/wp-content\\\/uploads\\\/2024\\\/02\\\/tbra042_1.jpg\",\"width\":1024,\"height\":768},{\"@type\":\"BreadcrumbList\",\"@id\":\"https:\\\/\\\/balticoverlanders.eu\\\/lv\\\/produkts\\\/dometic-go-camp-galda-glabasanas-soma\\\/#breadcrumb\",\"itemListElement\":[{\"@type\":\"ListItem\",\"position\":1,\"name\":\"Home\",\"item\":\"https:\\\/\\\/balticoverlanders.eu\\\/lv\\\/\"},{\"@type\":\"ListItem\",\"position\":2,\"name\":\"Veikals\",\"item\":\"https:\\\/\\\/balticoverlanders.eu\\\/lv\\\/veikals\\\/\"},{\"@type\":\"ListItem\",\"position\":3,\"name\":\"Dometic GO Camp galda glab\u0101\u0161anas soma\"}]},{\"@type\":\"WebSite\",\"@id\":\"https:\\\/\\\/balticoverlanders.eu\\\/lv\\\/#website\",\"url\":\"https:\\\/\\\/balticoverlanders.eu\\\/lv\\\/\",\"name\":\"BALTIC OVERLANDERS\",\"description\":\"Your one-stop shop in Latvia, Estonia, and Lithuania for all your car camping, rooftop tent and accessory needs.\",\"publisher\":{\"@id\":\"https:\\\/\\\/balticoverlanders.eu\\\/lv\\\/#organization\"},\"potentialAction\":[{\"@type\":\"SearchAction\",\"target\":{\"@type\":\"EntryPoint\",\"urlTemplate\":\"https:\\\/\\\/balticoverlanders.eu\\\/lv\\\/?s={search_term_string}\"},\"query-input\":{\"@type\":\"PropertyValueSpecification\",\"valueRequired\":true,\"valueName\":\"search_term_string\"}}],\"inLanguage\":\"lv-LV\"},{\"@type\":\"Organization\",\"@id\":\"https:\\\/\\\/balticoverlanders.eu\\\/lv\\\/#organization\",\"name\":\"BALTIC OVERLANDERS\",\"url\":\"https:\\\/\\\/balticoverlanders.eu\\\/lv\\\/\",\"logo\":{\"@type\":\"ImageObject\",\"inLanguage\":\"lv-LV\",\"@id\":\"https:\\\/\\\/balticoverlanders.eu\\\/lv\\\/#\\\/schema\\\/logo\\\/image\\\/\",\"url\":\"https:\\\/\\\/balticoverlanders.eu\\\/wp-content\\\/uploads\\\/2023\\\/04\\\/BALTIC-OVERLANDERS-LOGO.jpg\",\"contentUrl\":\"https:\\\/\\\/balticoverlanders.eu\\\/wp-content\\\/uploads\\\/2023\\\/04\\\/BALTIC-OVERLANDERS-LOGO.jpg\",\"width\":1497,\"height\":310,\"caption\":\"BALTIC OVERLANDERS\"},\"image\":{\"@id\":\"https:\\\/\\\/balticoverlanders.eu\\\/lv\\\/#\\\/schema\\\/logo\\\/image\\\/\"},\"sameAs\":[\"https:\\\/\\\/www.instagram.com\\\/balticoverlanders\\\/\"]}]}<\/script>\n<!-- \/ Yoast SEO plugin. -->","yoast_head_json":{"title":"Dometic GO Camp galda glab\u0101\u0161anas soma - BALTIC OVERLANDERS","description":"\u0112rta galda glab\u0101\u0161anas soma ar polster\u0113tu aizsardz\u012bbu, ieb\u016bv\u0113tiem rokturiem un regul\u0113jamu plecu siksnu \u0113rtai transport\u0113\u0161anai. Iztur\u012bga 600D auduma konstrukcija.","robots":{"index":"index","follow":"follow","max-snippet":"max-snippet:-1","max-image-preview":"max-image-preview:large","max-video-preview":"max-video-preview:-1"},"canonical":"https:\/\/balticoverlanders.eu\/lv\/produkts\/dometic-go-camp-galda-glabasanas-soma\/","og_locale":"lv_LV","og_type":"article","og_title":"Dometic GO Camp galda glab\u0101\u0161anas soma - BALTIC OVERLANDERS","og_description":"\u0112rta galda glab\u0101\u0161anas soma ar polster\u0113tu aizsardz\u012bbu, ieb\u016bv\u0113tiem rokturiem un regul\u0113jamu plecu siksnu \u0113rtai transport\u0113\u0161anai. Iztur\u012bga 600D auduma konstrukcija.","og_url":"https:\/\/balticoverlanders.eu\/lv\/produkts\/dometic-go-camp-galda-glabasanas-soma\/","og_site_name":"BALTIC OVERLANDERS","article_modified_time":"2024-06-10T16:00:32+00:00","og_image":[{"width":1024,"height":768,"url":"https:\/\/balticoverlanders.eu\/wp-content\/uploads\/2024\/02\/tbra042_1.jpg","type":"image\/jpeg"}],"twitter_card":"summary_large_image","twitter_misc":{"Est. reading time":"2 minutes"},"schema":{"@context":"https:\/\/schema.org","@graph":[{"@type":"WebPage","@id":"https:\/\/balticoverlanders.eu\/lv\/produkts\/dometic-go-camp-galda-glabasanas-soma\/","url":"https:\/\/balticoverlanders.eu\/lv\/produkts\/dometic-go-camp-galda-glabasanas-soma\/","name":"Dometic GO Camp galda glab\u0101\u0161anas soma - BALTIC OVERLANDERS","isPartOf":{"@id":"https:\/\/balticoverlanders.eu\/lv\/#website"},"primaryImageOfPage":{"@id":"https:\/\/balticoverlanders.eu\/lv\/produkts\/dometic-go-camp-galda-glabasanas-soma\/#primaryimage"},"image":{"@id":"https:\/\/balticoverlanders.eu\/lv\/produkts\/dometic-go-camp-galda-glabasanas-soma\/#primaryimage"},"thumbnailUrl":"https:\/\/balticoverlanders.eu\/wp-content\/uploads\/2024\/02\/tbra042_1.jpg","datePublished":"2024-02-19T15:18:28+00:00","dateModified":"2024-06-10T16:00:32+00:00","description":"\u0112rta galda glab\u0101\u0161anas soma ar polster\u0113tu aizsardz\u012bbu, ieb\u016bv\u0113tiem rokturiem un regul\u0113jamu plecu siksnu \u0113rtai transport\u0113\u0161anai. Iztur\u012bga 600D auduma konstrukcija.","breadcrumb":{"@id":"https:\/\/balticoverlanders.eu\/lv\/produkts\/dometic-go-camp-galda-glabasanas-soma\/#breadcrumb"},"inLanguage":"lv-LV","potentialAction":[{"@type":"ReadAction","target":["https:\/\/balticoverlanders.eu\/lv\/produkts\/dometic-go-camp-galda-glabasanas-soma\/"]}]},{"@type":"ImageObject","inLanguage":"lv-LV","@id":"https:\/\/balticoverlanders.eu\/lv\/produkts\/dometic-go-camp-galda-glabasanas-soma\/#primaryimage","url":"https:\/\/balticoverlanders.eu\/wp-content\/uploads\/2024\/02\/tbra042_1.jpg","contentUrl":"https:\/\/balticoverlanders.eu\/wp-content\/uploads\/2024\/02\/tbra042_1.jpg","width":1024,"height":768},{"@type":"BreadcrumbList","@id":"https:\/\/balticoverlanders.eu\/lv\/produkts\/dometic-go-camp-galda-glabasanas-soma\/#breadcrumb","itemListElement":[{"@type":"ListItem","position":1,"name":"Home","item":"https:\/\/balticoverlanders.eu\/lv\/"},{"@type":"ListItem","position":2,"name":"Veikals","item":"https:\/\/balticoverlanders.eu\/lv\/veikals\/"},{"@type":"ListItem","position":3,"name":"Dometic GO Camp galda glab\u0101\u0161anas soma"}]},{"@type":"WebSite","@id":"https:\/\/balticoverlanders.eu\/lv\/#website","url":"https:\/\/balticoverlanders.eu\/lv\/","name":"BALTIC OVERLANDERS","description":"Your one-stop shop in Latvia, Estonia, and Lithuania for all your car camping, rooftop tent and accessory needs.","publisher":{"@id":"https:\/\/balticoverlanders.eu\/lv\/#organization"},"potentialAction":[{"@type":"SearchAction","target":{"@type":"EntryPoint","urlTemplate":"https:\/\/balticoverlanders.eu\/lv\/?s={search_term_string}"},"query-input":{"@type":"PropertyValueSpecification","valueRequired":true,"valueName":"search_term_string"}}],"inLanguage":"lv-LV"},{"@type":"Organization","@id":"https:\/\/balticoverlanders.eu\/lv\/#organization","name":"BALTIC OVERLANDERS","url":"https:\/\/balticoverlanders.eu\/lv\/","logo":{"@type":"ImageObject","inLanguage":"lv-LV","@id":"https:\/\/balticoverlanders.eu\/lv\/#\/schema\/logo\/image\/","url":"https:\/\/balticoverlanders.eu\/wp-content\/uploads\/2023\/04\/BALTIC-OVERLANDERS-LOGO.jpg","contentUrl":"https:\/\/balticoverlanders.eu\/wp-content\/uploads\/2023\/04\/BALTIC-OVERLANDERS-LOGO.jpg","width":1497,"height":310,"caption":"BALTIC OVERLANDERS"},"image":{"@id":"https:\/\/balticoverlanders.eu\/lv\/#\/schema\/logo\/image\/"},"sameAs":["https:\/\/www.instagram.com\/balticoverlanders\/"]}]}},"_links":{"self":[{"href":"https:\/\/balticoverlanders.eu\/lv\/wp-json\/wp\/v2\/product\/39226","targetHints":{"allow":["GET"]}}],"collection":[{"href":"https:\/\/balticoverlanders.eu\/lv\/wp-json\/wp\/v2\/product"}],"about":[{"href":"https:\/\/balticoverlanders.eu\/lv\/wp-json\/wp\/v2\/types\/product"}],"wp:featuredmedia":[{"embeddable":true,"href":"https:\/\/balticoverlanders.eu\/lv\/wp-json\/wp\/v2\/media\/31536"}],"wp:attachment":[{"href":"https:\/\/balticoverlanders.eu\/lv\/wp-json\/wp\/v2\/media?parent=39226"}],"wp:term":[{"taxonomy":"product_brand","embeddable":true,"href":"https:\/\/balticoverlanders.eu\/lv\/wp-json\/wp\/v2\/product_brand?post=39226"},{"taxonomy":"product_cat","embeddable":true,"href":"https:\/\/balticoverlanders.eu\/lv\/wp-json\/wp\/v2\/product_cat?post=39226"},{"taxonomy":"product_tag","embeddable":true,"href":"https:\/\/balticoverlanders.eu\/lv\/wp-json\/wp\/v2\/product_tag?post=39226"}],"curies":[{"name":"wp","href":"https:\/\/api.w.org\/{rel}","templated":true}]}}