{"id":39231,"date":"2024-02-19T17:11:40","date_gmt":"2024-02-19T15:11:40","guid":{"rendered":"https:\/\/balticoverlanders.eu\/product\/dometic-go-kompaktais-kempinga-galds\/"},"modified":"2024-06-10T19:29:38","modified_gmt":"2024-06-10T16:29:38","slug":"dometic-go-kompaktais-kempinga-galds","status":"publish","type":"product","link":"https:\/\/balticoverlanders.eu\/lv\/produkts\/dometic-go-kompaktais-kempinga-galds\/","title":{"rendered":"Dometic GO kompaktais kempinga galds"},"content":{"rendered":"<p><strong>Iepaz\u012bstin\u0101m ar Dometic Go kompakto kempinga galdu \/ bambuss<\/strong><\/p>\n<p>Izbaudiet Dometic Go kompakt\u0101 kempinga galda \u0113rt\u012bbas un daudzpus\u012bbu, kas rad\u012bts ar unik\u0101lu dizainu, lai uzlabotu j\u016bsu piedz\u012bvojumus br\u012bv\u0101 dab\u0101. \u0160is inovat\u012bvais galds var lepoties ar elast\u012bgiem virsmas materi\u0101liem un iztur\u012bgu konstrukciju, kas nodro\u0161ina uzticam\u012bbu, lai kur j\u016bs ce\u013cotu. Pateicoties t\u0101s salok\u0101majam dizainam, kas \u013cauj ietaup\u012bt vietu, transport\u0113\u0161ana ir vienk\u0101r\u0161a, un tas ir neaizst\u0101jams pal\u012bgs kempingos, piknikos un citos pas\u0101kumos.<\/p>\n<p><strong>Galven\u0101s funkcijas:<\/strong><\/p>\n<ul>\n<li><strong>Regul\u0113jams augstums:<\/strong> Viegli p\u0101riet starp trim da\u017e\u0101diem augstumiem, lai apmierin\u0101tu da\u017e\u0101das vajadz\u012bbas, tostarp kafijas galdi\u0146a, b\u0113rnu galda un \u0113damgaldi\u0146a\/virtuves virsmas.<\/li>\n<li><strong>Pla\u0161as s\u0113dvietas:<\/strong> Lieliski piem\u0113rotas malt\u012b\u0161u baud\u012b\u0161anai vai pulc\u0113\u0161an\u0101s aktivit\u0101t\u0113m.<\/li>\n<li><strong>Optimiz\u0113ts komforts:<\/strong> Izstr\u0101d\u0101ts ar k\u0101j\u0101m, kas piestiprin\u0101tas galda st\u016bros, nodro\u0161inot stabilit\u0101ti un maksim\u0101lu komfortu lieto\u0161anas laik\u0101.<\/li>\n<li><strong>Kompakta p\u0101rn\u0113s\u0101jam\u012bba:<\/strong> Tas nodro\u0161ina \u0113rtu transport\u0113\u0161anu un uzglab\u0101\u0161anu.<\/li>\n<li><strong>Augst\u0101k\u0101s kvalit\u0101tes materi\u0101li:<\/strong> Izgatavots no bambusa mas\u012bvkoka virsmas un iztur\u012bga alum\u012bnija k\u0101j\u0101m, kas nodro\u0161ina gan stilu, gan iztur\u012bbu j\u016bsu \u0101ra piedz\u012bvojumiem.<\/li>\n<li><strong>Integr\u0113ts p\u0101rn\u0113s\u0101\u0161anas rokturis:<\/strong> Tas atvieglo transport\u0113\u0161anu no vienas vietas uz citu, palielinot \u0113rt\u012bbas ce\u013cojum\u0101.<\/li>\n<li><strong>Savietojam\u012bba:<\/strong> Dometic Go kolekcijas da\u013ca, kas pied\u0101v\u0101 nevainojamu integr\u0101ciju ar citiem produktiem, lai nodro\u0161in\u0101tu pilnv\u0113rt\u012bgu \u0101ra pieredzi.<\/li>\n<\/ul>\n<p><strong>Uzlabojiet savu \u0101ra pieredzi ar Dometic Go:<\/strong><\/p>\n<p>Ar Dometic Go kompakto kempinga galdu Dometic Go atbr\u012bvojiet visu savu br\u012bvdabas izpriecu potenci\u0101lu. Neatkar\u012bgi no t\u0101, vai esat kemping\u0101 tuksnes\u012b vai piknik\u0101 park\u0101, \u0161is univers\u0101lais galds nodro\u0161ina komfortu, \u0113rt\u012bbas un stilu. Uzlabojiet savus piedz\u012bvojumus ar Dometic Go &#8211; uzticamu pal\u012bgu vis\u0101m j\u016bsu \u0101ra vajadz\u012bb\u0101m.<\/p>\n<p><a href=\"https:\/\/balticoverlanders.eu\/product\/dometic-go-camp-table-storage-bag\/\"><em>P\u0101rn\u0113s\u0101\u0161anas futr\u0101lis nop\u0113rkams atsevi\u0161\u0137i.<\/em><\/a><\/p>\n","protected":false},"excerpt":{"rendered":"<p>Dometic CMP T4 galdam ir elast\u012bga bambusa virsma un iztur\u012bgas alum\u012bnija k\u0101jas, kas salok\u0101mas t\u0101, lai ietilptu l\u012bdz pusei no j\u016bsu bag\u0101\u017enieka platuma un b\u016btu viegli transport\u0113jamas. Izv\u0113lieties k\u0101du no trim augstumiem, lai to var\u0113tu izmantot \u0101r\u0101.<\/p>\n","protected":false},"featured_media":31486,"template":"","meta":[],"product_brand":[],"product_cat":[508],"product_tag":[],"class_list":{"0":"post-39231","1":"product","2":"type-product","3":"status-publish","4":"has-post-thumbnail","6":"product_cat-dometic-lv","8":"first","9":"onbackorder","10":"taxable","11":"shipping-taxable","12":"purchasable","13":"product-type-simple"},"yoast_head":"<!-- This site is optimized with the Yoast SEO plugin v27.3 - https:\/\/yoast.com\/product\/yoast-seo-wordpress\/ -->\n<title>Dometic GO kompaktais kempinga galds - BALTIC OVERLANDERS<\/title>\n<meta name=\"description\" content=\"Dometic CMP T4 galds: P\u0101rn\u0113s\u0101jams, iztur\u012bgs bambusa virsma ar salok\u0101m\u0101m alum\u012bnija k\u0101j\u0101m, kas nodro\u0161ina daudzpus\u012bbu un \u0113rt\u012bbas \u0101ra aktivit\u0101t\u0113m.\" \/>\n<meta name=\"robots\" content=\"index, follow, max-snippet:-1, max-image-preview:large, max-video-preview:-1\" \/>\n<link rel=\"canonical\" href=\"https:\/\/balticoverlanders.eu\/lv\/produkts\/dometic-go-kompaktais-kempinga-galds\/\" \/>\n<meta property=\"og:locale\" content=\"lv_LV\" \/>\n<meta property=\"og:type\" content=\"article\" \/>\n<meta property=\"og:title\" content=\"Dometic GO kompaktais kempinga galds - BALTIC OVERLANDERS\" \/>\n<meta property=\"og:description\" content=\"Dometic CMP T4 galds: P\u0101rn\u0113s\u0101jams, iztur\u012bgs bambusa virsma ar salok\u0101m\u0101m alum\u012bnija k\u0101j\u0101m, kas nodro\u0161ina daudzpus\u012bbu un \u0113rt\u012bbas \u0101ra aktivit\u0101t\u0113m.\" \/>\n<meta property=\"og:url\" content=\"https:\/\/balticoverlanders.eu\/lv\/produkts\/dometic-go-kompaktais-kempinga-galds\/\" \/>\n<meta property=\"og:site_name\" content=\"BALTIC OVERLANDERS\" \/>\n<meta property=\"article:modified_time\" content=\"2024-06-10T16:29:38+00:00\" \/>\n<meta property=\"og:image\" content=\"https:\/\/balticoverlanders.eu\/wp-content\/uploads\/2024\/02\/tbra041_1.jpg\" \/>\n\t<meta property=\"og:image:width\" content=\"1024\" \/>\n\t<meta property=\"og:image:height\" content=\"768\" \/>\n\t<meta property=\"og:image:type\" content=\"image\/jpeg\" \/>\n<meta name=\"twitter:card\" content=\"summary_large_image\" \/>\n<meta name=\"twitter:label1\" content=\"Est. reading time\" \/>\n\t<meta name=\"twitter:data1\" content=\"2 minutes\" \/>\n<script type=\"application\/ld+json\" class=\"yoast-schema-graph\">{\"@context\":\"https:\\\/\\\/schema.org\",\"@graph\":[{\"@type\":\"WebPage\",\"@id\":\"https:\\\/\\\/balticoverlanders.eu\\\/lv\\\/produkts\\\/dometic-go-kompaktais-kempinga-galds\\\/\",\"url\":\"https:\\\/\\\/balticoverlanders.eu\\\/lv\\\/produkts\\\/dometic-go-kompaktais-kempinga-galds\\\/\",\"name\":\"Dometic GO kompaktais kempinga galds - BALTIC OVERLANDERS\",\"isPartOf\":{\"@id\":\"https:\\\/\\\/balticoverlanders.eu\\\/lv\\\/#website\"},\"primaryImageOfPage\":{\"@id\":\"https:\\\/\\\/balticoverlanders.eu\\\/lv\\\/produkts\\\/dometic-go-kompaktais-kempinga-galds\\\/#primaryimage\"},\"image\":{\"@id\":\"https:\\\/\\\/balticoverlanders.eu\\\/lv\\\/produkts\\\/dometic-go-kompaktais-kempinga-galds\\\/#primaryimage\"},\"thumbnailUrl\":\"https:\\\/\\\/balticoverlanders.eu\\\/wp-content\\\/uploads\\\/2024\\\/02\\\/tbra041_1.jpg\",\"datePublished\":\"2024-02-19T15:11:40+00:00\",\"dateModified\":\"2024-06-10T16:29:38+00:00\",\"description\":\"Dometic CMP T4 galds: P\u0101rn\u0113s\u0101jams, iztur\u012bgs bambusa virsma ar salok\u0101m\u0101m alum\u012bnija k\u0101j\u0101m, kas nodro\u0161ina daudzpus\u012bbu un \u0113rt\u012bbas \u0101ra aktivit\u0101t\u0113m.\",\"breadcrumb\":{\"@id\":\"https:\\\/\\\/balticoverlanders.eu\\\/lv\\\/produkts\\\/dometic-go-kompaktais-kempinga-galds\\\/#breadcrumb\"},\"inLanguage\":\"lv-LV\",\"potentialAction\":[{\"@type\":\"ReadAction\",\"target\":[\"https:\\\/\\\/balticoverlanders.eu\\\/lv\\\/produkts\\\/dometic-go-kompaktais-kempinga-galds\\\/\"]}]},{\"@type\":\"ImageObject\",\"inLanguage\":\"lv-LV\",\"@id\":\"https:\\\/\\\/balticoverlanders.eu\\\/lv\\\/produkts\\\/dometic-go-kompaktais-kempinga-galds\\\/#primaryimage\",\"url\":\"https:\\\/\\\/balticoverlanders.eu\\\/wp-content\\\/uploads\\\/2024\\\/02\\\/tbra041_1.jpg\",\"contentUrl\":\"https:\\\/\\\/balticoverlanders.eu\\\/wp-content\\\/uploads\\\/2024\\\/02\\\/tbra041_1.jpg\",\"width\":1024,\"height\":768},{\"@type\":\"BreadcrumbList\",\"@id\":\"https:\\\/\\\/balticoverlanders.eu\\\/lv\\\/produkts\\\/dometic-go-kompaktais-kempinga-galds\\\/#breadcrumb\",\"itemListElement\":[{\"@type\":\"ListItem\",\"position\":1,\"name\":\"Home\",\"item\":\"https:\\\/\\\/balticoverlanders.eu\\\/lv\\\/\"},{\"@type\":\"ListItem\",\"position\":2,\"name\":\"Veikals\",\"item\":\"https:\\\/\\\/balticoverlanders.eu\\\/lv\\\/veikals\\\/\"},{\"@type\":\"ListItem\",\"position\":3,\"name\":\"Dometic GO kompaktais kempinga galds\"}]},{\"@type\":\"WebSite\",\"@id\":\"https:\\\/\\\/balticoverlanders.eu\\\/lv\\\/#website\",\"url\":\"https:\\\/\\\/balticoverlanders.eu\\\/lv\\\/\",\"name\":\"BALTIC OVERLANDERS\",\"description\":\"Your one-stop shop in Latvia, Estonia, and Lithuania for all your car camping, rooftop tent and accessory needs.\",\"publisher\":{\"@id\":\"https:\\\/\\\/balticoverlanders.eu\\\/lv\\\/#organization\"},\"potentialAction\":[{\"@type\":\"SearchAction\",\"target\":{\"@type\":\"EntryPoint\",\"urlTemplate\":\"https:\\\/\\\/balticoverlanders.eu\\\/lv\\\/?s={search_term_string}\"},\"query-input\":{\"@type\":\"PropertyValueSpecification\",\"valueRequired\":true,\"valueName\":\"search_term_string\"}}],\"inLanguage\":\"lv-LV\"},{\"@type\":\"Organization\",\"@id\":\"https:\\\/\\\/balticoverlanders.eu\\\/lv\\\/#organization\",\"name\":\"BALTIC OVERLANDERS\",\"url\":\"https:\\\/\\\/balticoverlanders.eu\\\/lv\\\/\",\"logo\":{\"@type\":\"ImageObject\",\"inLanguage\":\"lv-LV\",\"@id\":\"https:\\\/\\\/balticoverlanders.eu\\\/lv\\\/#\\\/schema\\\/logo\\\/image\\\/\",\"url\":\"https:\\\/\\\/balticoverlanders.eu\\\/wp-content\\\/uploads\\\/2023\\\/04\\\/BALTIC-OVERLANDERS-LOGO.jpg\",\"contentUrl\":\"https:\\\/\\\/balticoverlanders.eu\\\/wp-content\\\/uploads\\\/2023\\\/04\\\/BALTIC-OVERLANDERS-LOGO.jpg\",\"width\":1497,\"height\":310,\"caption\":\"BALTIC OVERLANDERS\"},\"image\":{\"@id\":\"https:\\\/\\\/balticoverlanders.eu\\\/lv\\\/#\\\/schema\\\/logo\\\/image\\\/\"},\"sameAs\":[\"https:\\\/\\\/www.instagram.com\\\/balticoverlanders\\\/\"]}]}<\/script>\n<!-- \/ Yoast SEO plugin. -->","yoast_head_json":{"title":"Dometic GO kompaktais kempinga galds - BALTIC OVERLANDERS","description":"Dometic CMP T4 galds: P\u0101rn\u0113s\u0101jams, iztur\u012bgs bambusa virsma ar salok\u0101m\u0101m alum\u012bnija k\u0101j\u0101m, kas nodro\u0161ina daudzpus\u012bbu un \u0113rt\u012bbas \u0101ra aktivit\u0101t\u0113m.","robots":{"index":"index","follow":"follow","max-snippet":"max-snippet:-1","max-image-preview":"max-image-preview:large","max-video-preview":"max-video-preview:-1"},"canonical":"https:\/\/balticoverlanders.eu\/lv\/produkts\/dometic-go-kompaktais-kempinga-galds\/","og_locale":"lv_LV","og_type":"article","og_title":"Dometic GO kompaktais kempinga galds - BALTIC OVERLANDERS","og_description":"Dometic CMP T4 galds: P\u0101rn\u0113s\u0101jams, iztur\u012bgs bambusa virsma ar salok\u0101m\u0101m alum\u012bnija k\u0101j\u0101m, kas nodro\u0161ina daudzpus\u012bbu un \u0113rt\u012bbas \u0101ra aktivit\u0101t\u0113m.","og_url":"https:\/\/balticoverlanders.eu\/lv\/produkts\/dometic-go-kompaktais-kempinga-galds\/","og_site_name":"BALTIC OVERLANDERS","article_modified_time":"2024-06-10T16:29:38+00:00","og_image":[{"width":1024,"height":768,"url":"https:\/\/balticoverlanders.eu\/wp-content\/uploads\/2024\/02\/tbra041_1.jpg","type":"image\/jpeg"}],"twitter_card":"summary_large_image","twitter_misc":{"Est. reading time":"2 minutes"},"schema":{"@context":"https:\/\/schema.org","@graph":[{"@type":"WebPage","@id":"https:\/\/balticoverlanders.eu\/lv\/produkts\/dometic-go-kompaktais-kempinga-galds\/","url":"https:\/\/balticoverlanders.eu\/lv\/produkts\/dometic-go-kompaktais-kempinga-galds\/","name":"Dometic GO kompaktais kempinga galds - BALTIC OVERLANDERS","isPartOf":{"@id":"https:\/\/balticoverlanders.eu\/lv\/#website"},"primaryImageOfPage":{"@id":"https:\/\/balticoverlanders.eu\/lv\/produkts\/dometic-go-kompaktais-kempinga-galds\/#primaryimage"},"image":{"@id":"https:\/\/balticoverlanders.eu\/lv\/produkts\/dometic-go-kompaktais-kempinga-galds\/#primaryimage"},"thumbnailUrl":"https:\/\/balticoverlanders.eu\/wp-content\/uploads\/2024\/02\/tbra041_1.jpg","datePublished":"2024-02-19T15:11:40+00:00","dateModified":"2024-06-10T16:29:38+00:00","description":"Dometic CMP T4 galds: P\u0101rn\u0113s\u0101jams, iztur\u012bgs bambusa virsma ar salok\u0101m\u0101m alum\u012bnija k\u0101j\u0101m, kas nodro\u0161ina daudzpus\u012bbu un \u0113rt\u012bbas \u0101ra aktivit\u0101t\u0113m.","breadcrumb":{"@id":"https:\/\/balticoverlanders.eu\/lv\/produkts\/dometic-go-kompaktais-kempinga-galds\/#breadcrumb"},"inLanguage":"lv-LV","potentialAction":[{"@type":"ReadAction","target":["https:\/\/balticoverlanders.eu\/lv\/produkts\/dometic-go-kompaktais-kempinga-galds\/"]}]},{"@type":"ImageObject","inLanguage":"lv-LV","@id":"https:\/\/balticoverlanders.eu\/lv\/produkts\/dometic-go-kompaktais-kempinga-galds\/#primaryimage","url":"https:\/\/balticoverlanders.eu\/wp-content\/uploads\/2024\/02\/tbra041_1.jpg","contentUrl":"https:\/\/balticoverlanders.eu\/wp-content\/uploads\/2024\/02\/tbra041_1.jpg","width":1024,"height":768},{"@type":"BreadcrumbList","@id":"https:\/\/balticoverlanders.eu\/lv\/produkts\/dometic-go-kompaktais-kempinga-galds\/#breadcrumb","itemListElement":[{"@type":"ListItem","position":1,"name":"Home","item":"https:\/\/balticoverlanders.eu\/lv\/"},{"@type":"ListItem","position":2,"name":"Veikals","item":"https:\/\/balticoverlanders.eu\/lv\/veikals\/"},{"@type":"ListItem","position":3,"name":"Dometic GO kompaktais kempinga galds"}]},{"@type":"WebSite","@id":"https:\/\/balticoverlanders.eu\/lv\/#website","url":"https:\/\/balticoverlanders.eu\/lv\/","name":"BALTIC OVERLANDERS","description":"Your one-stop shop in Latvia, Estonia, and Lithuania for all your car camping, rooftop tent and accessory needs.","publisher":{"@id":"https:\/\/balticoverlanders.eu\/lv\/#organization"},"potentialAction":[{"@type":"SearchAction","target":{"@type":"EntryPoint","urlTemplate":"https:\/\/balticoverlanders.eu\/lv\/?s={search_term_string}"},"query-input":{"@type":"PropertyValueSpecification","valueRequired":true,"valueName":"search_term_string"}}],"inLanguage":"lv-LV"},{"@type":"Organization","@id":"https:\/\/balticoverlanders.eu\/lv\/#organization","name":"BALTIC OVERLANDERS","url":"https:\/\/balticoverlanders.eu\/lv\/","logo":{"@type":"ImageObject","inLanguage":"lv-LV","@id":"https:\/\/balticoverlanders.eu\/lv\/#\/schema\/logo\/image\/","url":"https:\/\/balticoverlanders.eu\/wp-content\/uploads\/2023\/04\/BALTIC-OVERLANDERS-LOGO.jpg","contentUrl":"https:\/\/balticoverlanders.eu\/wp-content\/uploads\/2023\/04\/BALTIC-OVERLANDERS-LOGO.jpg","width":1497,"height":310,"caption":"BALTIC OVERLANDERS"},"image":{"@id":"https:\/\/balticoverlanders.eu\/lv\/#\/schema\/logo\/image\/"},"sameAs":["https:\/\/www.instagram.com\/balticoverlanders\/"]}]}},"_links":{"self":[{"href":"https:\/\/balticoverlanders.eu\/lv\/wp-json\/wp\/v2\/product\/39231","targetHints":{"allow":["GET"]}}],"collection":[{"href":"https:\/\/balticoverlanders.eu\/lv\/wp-json\/wp\/v2\/product"}],"about":[{"href":"https:\/\/balticoverlanders.eu\/lv\/wp-json\/wp\/v2\/types\/product"}],"wp:featuredmedia":[{"embeddable":true,"href":"https:\/\/balticoverlanders.eu\/lv\/wp-json\/wp\/v2\/media\/31486"}],"wp:attachment":[{"href":"https:\/\/balticoverlanders.eu\/lv\/wp-json\/wp\/v2\/media?parent=39231"}],"wp:term":[{"taxonomy":"product_brand","embeddable":true,"href":"https:\/\/balticoverlanders.eu\/lv\/wp-json\/wp\/v2\/product_brand?post=39231"},{"taxonomy":"product_cat","embeddable":true,"href":"https:\/\/balticoverlanders.eu\/lv\/wp-json\/wp\/v2\/product_cat?post=39231"},{"taxonomy":"product_tag","embeddable":true,"href":"https:\/\/balticoverlanders.eu\/lv\/wp-json\/wp\/v2\/product_tag?post=39231"}],"curies":[{"name":"wp","href":"https:\/\/api.w.org\/{rel}","templated":true}]}}