{"id":39254,"date":"2024-02-19T16:38:46","date_gmt":"2024-02-19T14:38:46","guid":{"rendered":"https:\/\/balticoverlanders.eu\/product\/dometic-go-compact-kempinga-kresls\/"},"modified":"2024-06-10T19:39:33","modified_gmt":"2024-06-10T16:39:33","slug":"dometic-go-compact-kempinga-kresls","status":"publish","type":"product","link":"https:\/\/balticoverlanders.eu\/lv\/produkts\/dometic-go-compact-kempinga-kresls\/","title":{"rendered":"Dometic GO Compact kempinga kr\u0113sls"},"content":{"rendered":"<p><strong>Iepaz\u012bstin\u0101m ar Dometic GO kompakto kempinga kr\u0113slu<\/strong><\/p>\n<p>Izbaudiet dabu dab\u0101 ar Dometic kompakto kempinga kr\u0113slu. \u0160is p\u0101rn\u0113s\u0101jamais s\u0113dvietu risin\u0101jums ir lieliski piem\u0113rots da\u017e\u0101d\u0101m \u0101ra aktivit\u0101t\u0113m, s\u0101kot ar pikniku un kempingu un beidzot ar atp\u016btu m\u0101jas pagalm\u0101.<\/p>\n<p><strong>Funkcijas:<\/strong><\/p>\n<ul>\n<li><strong>Salok\u0101ms dizains:<\/strong> Viegli salok\u0101ms, lai ietilptu j\u016bsu bag\u0101\u017eniek\u0101, t\u0101d\u0113j\u0101di tas ir \u0113rts iepako\u0161anai un uzglab\u0101\u0161anai j\u016bsu piedz\u012bvojumos br\u012bv\u0101 dab\u0101.<\/li>\n<li><strong>\u0112rti s\u0113dek\u013ci:<\/strong> Pilna izm\u0113ra s\u0113deklis, kas nodro\u0161ina komfortu un iztur\u012bbu da\u017e\u0101da auguma lietot\u0101jiem, ir paredz\u0113ts l\u012bdz 280 m\u0101rci\u0146\u0101m (127 kilogramiem).<\/li>\n<li><strong>Augstas kvalit\u0101tes materi\u0101li:<\/strong> \u0160is kr\u0113sls ir izgatavots no iztur\u012bga 600D auduma, viegla alum\u012bnija un stil\u012bgiem di\u017esk\u0101bar\u017ea koka roku balstiem.<\/li>\n<li><strong>Papildu uzglab\u0101\u0161anas vieta:<\/strong> Apr\u012bkots ar aizmugur\u0113j\u0101 s\u0113dek\u013ca kabatu, kas nodro\u0161ina \u0113rtu glab\u0101\u0161anu t\u0101diem s\u012bkumiem k\u0101 gr\u0101matas, uzkodas vai t\u0101lrunis, kam\u0113r j\u016bs atp\u016b\u0161aties br\u012bv\u0101 dab\u0101.<\/li>\n<li><strong>Komplekt\u0101 iek\u013cauts p\u0101rn\u0113s\u0101\u0161anas maisi\u0146\u0161:<\/strong> Komplekt\u0101 iek\u013cauts p\u0101rn\u0113s\u0101\u0161anas maisi\u0146\u0161, kas atvieglo transport\u0113\u0161anu uz un no j\u016bsu iecien\u012bt\u0101kaj\u0101m viet\u0101m br\u012bv\u0101 dab\u0101.<\/li>\n<\/ul>\n<p>Neatkar\u012bgi no t\u0101, vai baud\u0101t malt\u012bti, las\u0101t vai vienk\u0101r\u0161i v\u0113rojat ainavu, Dometic GO kompaktais kempinga kr\u0113sls pied\u0101v\u0101 p\u0101rn\u0113s\u0101jamu komfortu, lai kur j\u016bs aizvestu j\u016bsu piedz\u012bvojumi.<\/p>\n","protected":false},"excerpt":{"rendered":"<p>Dometic CMP C1 kompaktais kempinga kr\u0113sls nodro\u0161ina \u0113rtu, p\u0101rn\u0113s\u0101jamu s\u0113dvietu \u0113\u0161anas, las\u012b\u0161anas, izklaides un vienk\u0101r\u0161i \u0101ra atp\u016btas baud\u012b\u0161anai.<\/p>\n","protected":false},"featured_media":31410,"template":"","meta":[],"product_brand":[],"product_cat":[508],"product_tag":[],"class_list":{"0":"post-39254","1":"product","2":"type-product","3":"status-publish","4":"has-post-thumbnail","6":"product_cat-dometic-lv","8":"first","9":"onbackorder","10":"taxable","11":"shipping-taxable","12":"purchasable","13":"product-type-variable"},"yoast_head":"<!-- This site is optimized with the Yoast SEO plugin v27.3 - https:\/\/yoast.com\/product\/yoast-seo-wordpress\/ -->\n<title>Dometic GO Compact kempinga kr\u0113sls - BALTIC OVERLANDERS<\/title>\n<meta name=\"description\" content=\"Dometic CMP C1 kompaktais kempinga kr\u0113sls nodro\u0161ina \u0113rtu, p\u0101rn\u0113s\u0101jamu s\u0113dvietu \u0113\u0161anas, las\u012b\u0161anas, izklaides un vienk\u0101r\u0161i \u0101ra atp\u016btas baud\u012b\u0161anai.\" \/>\n<meta name=\"robots\" content=\"index, follow, max-snippet:-1, max-image-preview:large, max-video-preview:-1\" \/>\n<link rel=\"canonical\" href=\"https:\/\/balticoverlanders.eu\/lv\/produkts\/dometic-go-compact-kempinga-kresls\/\" \/>\n<meta property=\"og:locale\" content=\"lv_LV\" \/>\n<meta property=\"og:type\" content=\"article\" \/>\n<meta property=\"og:title\" content=\"Dometic GO Compact kempinga kr\u0113sls - BALTIC OVERLANDERS\" \/>\n<meta property=\"og:description\" content=\"Dometic CMP C1 kompaktais kempinga kr\u0113sls nodro\u0161ina \u0113rtu, p\u0101rn\u0113s\u0101jamu s\u0113dvietu \u0113\u0161anas, las\u012b\u0161anas, izklaides un vienk\u0101r\u0161i \u0101ra atp\u016btas baud\u012b\u0161anai.\" \/>\n<meta property=\"og:url\" content=\"https:\/\/balticoverlanders.eu\/lv\/produkts\/dometic-go-compact-kempinga-kresls\/\" \/>\n<meta property=\"og:site_name\" content=\"BALTIC OVERLANDERS\" \/>\n<meta property=\"article:modified_time\" content=\"2024-06-10T16:39:33+00:00\" \/>\n<meta property=\"og:image\" content=\"https:\/\/balticoverlanders.eu\/wp-content\/uploads\/2024\/02\/chai012-chai014con.jpg\" \/>\n\t<meta property=\"og:image:width\" content=\"1363\" \/>\n\t<meta property=\"og:image:height\" content=\"1200\" \/>\n\t<meta property=\"og:image:type\" content=\"image\/jpeg\" \/>\n<meta name=\"twitter:card\" content=\"summary_large_image\" \/>\n<meta name=\"twitter:label1\" content=\"Est. reading time\" \/>\n\t<meta name=\"twitter:data1\" content=\"1 minute\" \/>\n<script type=\"application\/ld+json\" class=\"yoast-schema-graph\">{\"@context\":\"https:\\\/\\\/schema.org\",\"@graph\":[{\"@type\":\"WebPage\",\"@id\":\"https:\\\/\\\/balticoverlanders.eu\\\/lv\\\/produkts\\\/dometic-go-compact-kempinga-kresls\\\/\",\"url\":\"https:\\\/\\\/balticoverlanders.eu\\\/lv\\\/produkts\\\/dometic-go-compact-kempinga-kresls\\\/\",\"name\":\"Dometic GO Compact kempinga kr\u0113sls - BALTIC OVERLANDERS\",\"isPartOf\":{\"@id\":\"https:\\\/\\\/balticoverlanders.eu\\\/lv\\\/#website\"},\"primaryImageOfPage\":{\"@id\":\"https:\\\/\\\/balticoverlanders.eu\\\/lv\\\/produkts\\\/dometic-go-compact-kempinga-kresls\\\/#primaryimage\"},\"image\":{\"@id\":\"https:\\\/\\\/balticoverlanders.eu\\\/lv\\\/produkts\\\/dometic-go-compact-kempinga-kresls\\\/#primaryimage\"},\"thumbnailUrl\":\"https:\\\/\\\/balticoverlanders.eu\\\/wp-content\\\/uploads\\\/2024\\\/02\\\/chai012-chai014con.jpg\",\"datePublished\":\"2024-02-19T14:38:46+00:00\",\"dateModified\":\"2024-06-10T16:39:33+00:00\",\"description\":\"Dometic CMP C1 kompaktais kempinga kr\u0113sls nodro\u0161ina \u0113rtu, p\u0101rn\u0113s\u0101jamu s\u0113dvietu \u0113\u0161anas, las\u012b\u0161anas, izklaides un vienk\u0101r\u0161i \u0101ra atp\u016btas baud\u012b\u0161anai.\",\"breadcrumb\":{\"@id\":\"https:\\\/\\\/balticoverlanders.eu\\\/lv\\\/produkts\\\/dometic-go-compact-kempinga-kresls\\\/#breadcrumb\"},\"inLanguage\":\"lv-LV\",\"potentialAction\":[{\"@type\":\"ReadAction\",\"target\":[\"https:\\\/\\\/balticoverlanders.eu\\\/lv\\\/produkts\\\/dometic-go-compact-kempinga-kresls\\\/\"]}]},{\"@type\":\"ImageObject\",\"inLanguage\":\"lv-LV\",\"@id\":\"https:\\\/\\\/balticoverlanders.eu\\\/lv\\\/produkts\\\/dometic-go-compact-kempinga-kresls\\\/#primaryimage\",\"url\":\"https:\\\/\\\/balticoverlanders.eu\\\/wp-content\\\/uploads\\\/2024\\\/02\\\/chai012-chai014con.jpg\",\"contentUrl\":\"https:\\\/\\\/balticoverlanders.eu\\\/wp-content\\\/uploads\\\/2024\\\/02\\\/chai012-chai014con.jpg\",\"width\":1363,\"height\":1200},{\"@type\":\"BreadcrumbList\",\"@id\":\"https:\\\/\\\/balticoverlanders.eu\\\/lv\\\/produkts\\\/dometic-go-compact-kempinga-kresls\\\/#breadcrumb\",\"itemListElement\":[{\"@type\":\"ListItem\",\"position\":1,\"name\":\"Home\",\"item\":\"https:\\\/\\\/balticoverlanders.eu\\\/lv\\\/\"},{\"@type\":\"ListItem\",\"position\":2,\"name\":\"Veikals\",\"item\":\"https:\\\/\\\/balticoverlanders.eu\\\/lv\\\/veikals\\\/\"},{\"@type\":\"ListItem\",\"position\":3,\"name\":\"Dometic GO Compact kempinga kr\u0113sls\"}]},{\"@type\":\"WebSite\",\"@id\":\"https:\\\/\\\/balticoverlanders.eu\\\/lv\\\/#website\",\"url\":\"https:\\\/\\\/balticoverlanders.eu\\\/lv\\\/\",\"name\":\"BALTIC OVERLANDERS\",\"description\":\"Your one-stop shop in Latvia, Estonia, and Lithuania for all your car camping, rooftop tent and accessory needs.\",\"publisher\":{\"@id\":\"https:\\\/\\\/balticoverlanders.eu\\\/lv\\\/#organization\"},\"potentialAction\":[{\"@type\":\"SearchAction\",\"target\":{\"@type\":\"EntryPoint\",\"urlTemplate\":\"https:\\\/\\\/balticoverlanders.eu\\\/lv\\\/?s={search_term_string}\"},\"query-input\":{\"@type\":\"PropertyValueSpecification\",\"valueRequired\":true,\"valueName\":\"search_term_string\"}}],\"inLanguage\":\"lv-LV\"},{\"@type\":\"Organization\",\"@id\":\"https:\\\/\\\/balticoverlanders.eu\\\/lv\\\/#organization\",\"name\":\"BALTIC OVERLANDERS\",\"url\":\"https:\\\/\\\/balticoverlanders.eu\\\/lv\\\/\",\"logo\":{\"@type\":\"ImageObject\",\"inLanguage\":\"lv-LV\",\"@id\":\"https:\\\/\\\/balticoverlanders.eu\\\/lv\\\/#\\\/schema\\\/logo\\\/image\\\/\",\"url\":\"https:\\\/\\\/balticoverlanders.eu\\\/wp-content\\\/uploads\\\/2023\\\/04\\\/BALTIC-OVERLANDERS-LOGO.jpg\",\"contentUrl\":\"https:\\\/\\\/balticoverlanders.eu\\\/wp-content\\\/uploads\\\/2023\\\/04\\\/BALTIC-OVERLANDERS-LOGO.jpg\",\"width\":1497,\"height\":310,\"caption\":\"BALTIC OVERLANDERS\"},\"image\":{\"@id\":\"https:\\\/\\\/balticoverlanders.eu\\\/lv\\\/#\\\/schema\\\/logo\\\/image\\\/\"},\"sameAs\":[\"https:\\\/\\\/www.instagram.com\\\/balticoverlanders\\\/\"]}]}<\/script>\n<!-- \/ Yoast SEO plugin. -->","yoast_head_json":{"title":"Dometic GO Compact kempinga kr\u0113sls - BALTIC OVERLANDERS","description":"Dometic CMP C1 kompaktais kempinga kr\u0113sls nodro\u0161ina \u0113rtu, p\u0101rn\u0113s\u0101jamu s\u0113dvietu \u0113\u0161anas, las\u012b\u0161anas, izklaides un vienk\u0101r\u0161i \u0101ra atp\u016btas baud\u012b\u0161anai.","robots":{"index":"index","follow":"follow","max-snippet":"max-snippet:-1","max-image-preview":"max-image-preview:large","max-video-preview":"max-video-preview:-1"},"canonical":"https:\/\/balticoverlanders.eu\/lv\/produkts\/dometic-go-compact-kempinga-kresls\/","og_locale":"lv_LV","og_type":"article","og_title":"Dometic GO Compact kempinga kr\u0113sls - BALTIC OVERLANDERS","og_description":"Dometic CMP C1 kompaktais kempinga kr\u0113sls nodro\u0161ina \u0113rtu, p\u0101rn\u0113s\u0101jamu s\u0113dvietu \u0113\u0161anas, las\u012b\u0161anas, izklaides un vienk\u0101r\u0161i \u0101ra atp\u016btas baud\u012b\u0161anai.","og_url":"https:\/\/balticoverlanders.eu\/lv\/produkts\/dometic-go-compact-kempinga-kresls\/","og_site_name":"BALTIC OVERLANDERS","article_modified_time":"2024-06-10T16:39:33+00:00","og_image":[{"width":1363,"height":1200,"url":"https:\/\/balticoverlanders.eu\/wp-content\/uploads\/2024\/02\/chai012-chai014con.jpg","type":"image\/jpeg"}],"twitter_card":"summary_large_image","twitter_misc":{"Est. reading time":"1 minute"},"schema":{"@context":"https:\/\/schema.org","@graph":[{"@type":"WebPage","@id":"https:\/\/balticoverlanders.eu\/lv\/produkts\/dometic-go-compact-kempinga-kresls\/","url":"https:\/\/balticoverlanders.eu\/lv\/produkts\/dometic-go-compact-kempinga-kresls\/","name":"Dometic GO Compact kempinga kr\u0113sls - BALTIC OVERLANDERS","isPartOf":{"@id":"https:\/\/balticoverlanders.eu\/lv\/#website"},"primaryImageOfPage":{"@id":"https:\/\/balticoverlanders.eu\/lv\/produkts\/dometic-go-compact-kempinga-kresls\/#primaryimage"},"image":{"@id":"https:\/\/balticoverlanders.eu\/lv\/produkts\/dometic-go-compact-kempinga-kresls\/#primaryimage"},"thumbnailUrl":"https:\/\/balticoverlanders.eu\/wp-content\/uploads\/2024\/02\/chai012-chai014con.jpg","datePublished":"2024-02-19T14:38:46+00:00","dateModified":"2024-06-10T16:39:33+00:00","description":"Dometic CMP C1 kompaktais kempinga kr\u0113sls nodro\u0161ina \u0113rtu, p\u0101rn\u0113s\u0101jamu s\u0113dvietu \u0113\u0161anas, las\u012b\u0161anas, izklaides un vienk\u0101r\u0161i \u0101ra atp\u016btas baud\u012b\u0161anai.","breadcrumb":{"@id":"https:\/\/balticoverlanders.eu\/lv\/produkts\/dometic-go-compact-kempinga-kresls\/#breadcrumb"},"inLanguage":"lv-LV","potentialAction":[{"@type":"ReadAction","target":["https:\/\/balticoverlanders.eu\/lv\/produkts\/dometic-go-compact-kempinga-kresls\/"]}]},{"@type":"ImageObject","inLanguage":"lv-LV","@id":"https:\/\/balticoverlanders.eu\/lv\/produkts\/dometic-go-compact-kempinga-kresls\/#primaryimage","url":"https:\/\/balticoverlanders.eu\/wp-content\/uploads\/2024\/02\/chai012-chai014con.jpg","contentUrl":"https:\/\/balticoverlanders.eu\/wp-content\/uploads\/2024\/02\/chai012-chai014con.jpg","width":1363,"height":1200},{"@type":"BreadcrumbList","@id":"https:\/\/balticoverlanders.eu\/lv\/produkts\/dometic-go-compact-kempinga-kresls\/#breadcrumb","itemListElement":[{"@type":"ListItem","position":1,"name":"Home","item":"https:\/\/balticoverlanders.eu\/lv\/"},{"@type":"ListItem","position":2,"name":"Veikals","item":"https:\/\/balticoverlanders.eu\/lv\/veikals\/"},{"@type":"ListItem","position":3,"name":"Dometic GO Compact kempinga kr\u0113sls"}]},{"@type":"WebSite","@id":"https:\/\/balticoverlanders.eu\/lv\/#website","url":"https:\/\/balticoverlanders.eu\/lv\/","name":"BALTIC OVERLANDERS","description":"Your one-stop shop in Latvia, Estonia, and Lithuania for all your car camping, rooftop tent and accessory needs.","publisher":{"@id":"https:\/\/balticoverlanders.eu\/lv\/#organization"},"potentialAction":[{"@type":"SearchAction","target":{"@type":"EntryPoint","urlTemplate":"https:\/\/balticoverlanders.eu\/lv\/?s={search_term_string}"},"query-input":{"@type":"PropertyValueSpecification","valueRequired":true,"valueName":"search_term_string"}}],"inLanguage":"lv-LV"},{"@type":"Organization","@id":"https:\/\/balticoverlanders.eu\/lv\/#organization","name":"BALTIC OVERLANDERS","url":"https:\/\/balticoverlanders.eu\/lv\/","logo":{"@type":"ImageObject","inLanguage":"lv-LV","@id":"https:\/\/balticoverlanders.eu\/lv\/#\/schema\/logo\/image\/","url":"https:\/\/balticoverlanders.eu\/wp-content\/uploads\/2023\/04\/BALTIC-OVERLANDERS-LOGO.jpg","contentUrl":"https:\/\/balticoverlanders.eu\/wp-content\/uploads\/2023\/04\/BALTIC-OVERLANDERS-LOGO.jpg","width":1497,"height":310,"caption":"BALTIC OVERLANDERS"},"image":{"@id":"https:\/\/balticoverlanders.eu\/lv\/#\/schema\/logo\/image\/"},"sameAs":["https:\/\/www.instagram.com\/balticoverlanders\/"]}]}},"_links":{"self":[{"href":"https:\/\/balticoverlanders.eu\/lv\/wp-json\/wp\/v2\/product\/39254","targetHints":{"allow":["GET"]}}],"collection":[{"href":"https:\/\/balticoverlanders.eu\/lv\/wp-json\/wp\/v2\/product"}],"about":[{"href":"https:\/\/balticoverlanders.eu\/lv\/wp-json\/wp\/v2\/types\/product"}],"wp:featuredmedia":[{"embeddable":true,"href":"https:\/\/balticoverlanders.eu\/lv\/wp-json\/wp\/v2\/media\/31410"}],"wp:attachment":[{"href":"https:\/\/balticoverlanders.eu\/lv\/wp-json\/wp\/v2\/media?parent=39254"}],"wp:term":[{"taxonomy":"product_brand","embeddable":true,"href":"https:\/\/balticoverlanders.eu\/lv\/wp-json\/wp\/v2\/product_brand?post=39254"},{"taxonomy":"product_cat","embeddable":true,"href":"https:\/\/balticoverlanders.eu\/lv\/wp-json\/wp\/v2\/product_cat?post=39254"},{"taxonomy":"product_tag","embeddable":true,"href":"https:\/\/balticoverlanders.eu\/lv\/wp-json\/wp\/v2\/product_tag?post=39254"}],"curies":[{"name":"wp","href":"https:\/\/api.w.org\/{rel}","templated":true}]}}