{"id":39263,"date":"2024-02-19T16:24:20","date_gmt":"2024-02-19T14:24:20","guid":{"rendered":"https:\/\/balticoverlanders.eu\/product\/dometic-go-hidratacijas-udens-kruze-11l-un-hidratacijas-udens-krana-kombinacija\/"},"modified":"2024-05-06T22:41:48","modified_gmt":"2024-05-06T19:41:48","slug":"dometic-go-hidratacijas-udens-kruze-11l-un-hidratacijas-udens-krana-kombinacija","status":"publish","type":"product","link":"https:\/\/balticoverlanders.eu\/lv\/produkts\/dometic-go-hidratacijas-udens-kruze-11l-un-hidratacijas-udens-krana-kombinacija\/","title":{"rendered":"Dometic GO hidrat\u0101cijas \u016bdens kr\u016bze 11L un hidrat\u0101cijas \u016bdens kr\u0101na kombin\u0101cija"},"content":{"rendered":"<ul>\n<li><strong>Maksim\u0101li palielin\u0101ta jauda<\/strong>: M\u016bsu \u016bdens konteinera ietilp\u012bba 11 litru (2,9 galonu) p\u0101rsniedz standarta izm\u0113rus, nodro\u0161inot pietiekamu \u016bdens kr\u0101jumu j\u016bsu piedz\u012bvojumiem br\u012bv\u0101 dab\u0101.<\/li>\n<li><strong>Daudzpus\u012bgas doz\u0113\u0161anas iesp\u0113jas<\/strong>: Divas atveres, kas paredz\u0113tas vieglai uzpild\u012b\u0161anai, doz\u0113\u0161anai un t\u012br\u012b\u0161anai: izmantojiet da\u017e\u0101das doz\u0113\u0161anas iesp\u0113jas, tostarp divas atveres, kas paredz\u0113tas vieglai uzpild\u012b\u0161anai, doz\u0113\u0161anai un t\u012br\u012b\u0161anai.<\/li>\n<li><strong>P\u0101rn\u0113s\u0101jams dizains<\/strong>: \u0160is konteiners, kas izgatavots, dom\u0101jot par p\u0101rn\u0113s\u0101jam\u012bbu, ir ide\u0101li piem\u0113rots transport\u0113\u0161anai no transportl\u012bdzek\u013ca uz kempingu. T\u0101 slaidais profils cie\u0161i iek\u013caujas aiz transportl\u012bdzek\u013ca rite\u0146u nodal\u012bjuma, lai to var\u0113tu \u0113rti uzglab\u0101t.<\/li>\n<li><strong>\u0112rta lieto\u0161ana<\/strong>: Dometic GO Max \u016bdens konteiners ir apr\u012bkots ar no\u0146emamiem rokturiem, kas nodro\u0161ina \u0113rtu transport\u0113\u0161anu. Ieb\u016bv\u0113t\u0101s piesie\u0161anas vadotnes nodro\u0161ina dro\u0161u p\u0101rvieto\u0161anu ce\u013cojuma laik\u0101.<\/li>\n<li><strong>Uzlabota funkcionalit\u0101te<\/strong>: \u0160is konteiners ir apr\u012bkots ar uzgali un \u0101tri savienojamu savienot\u0101ju piederumu pievieno\u0161anai, kas nodro\u0161ina papildu daudzpus\u012bbu j\u016bsu \u0101ra vajadz\u012bb\u0101m.<\/li>\n<li><strong>Dro\u0161a un iztur\u012bga konstrukcija<\/strong>: M\u016bsu \u016bdens konteiners ir izgatavots no BPA nesaturo\u0161a LDPE, kas paredz\u0113ts p\u0101rtikai, t\u0101p\u0113c m\u016bsu \u016bdens konteinera priorit\u0101te ir dro\u0161\u012bba un iztur\u012bba, lai j\u016bs b\u016btu mier\u012bgs.<\/li>\n<li><strong>\u0112rta lieto\u0161ana<\/strong>: Dometic GO hidrat\u0101cijas \u016bdens kr\u0101na, kas ir iek\u013cauts pirkuma komplekt\u0101cij\u0101, vienk\u0101r\u0161\u0101 viena piesk\u0101riena funkcionalit\u0101te: izbaudiet \u0113rtu lieto\u0161anu ar vienk\u0101r\u0161u viena piesk\u0101riena funkciju.<\/li>\n<\/ul>\n","protected":false},"excerpt":{"rendered":"<p>Dometic hidrat\u0101cijas \u016bdens kr\u016bze 11 l\/2,9 gal un kr\u0101ns \u013cauj viegli uzglab\u0101t un ieliet nepiecie\u0161amo \u016bdeni. Glab\u0101jiet to sav\u0101 transportl\u012bdzekl\u012b vai kemping\u0101, lai \u0113rti un dro\u0161i apg\u0101d\u0101tos ar 11 litriem \u016bdens.<\/p>\n","protected":false},"featured_media":31371,"template":"","meta":[],"product_brand":[],"product_cat":[508,552],"product_tag":[],"class_list":{"0":"post-39263","1":"product","2":"type-product","3":"status-publish","4":"has-post-thumbnail","6":"product_cat-dometic-lv","7":"product_cat-hidratacija","9":"first","10":"onbackorder","11":"taxable","12":"shipping-taxable","13":"purchasable","14":"product-type-variable"},"yoast_head":"<!-- This site is optimized with the Yoast SEO plugin v27.3 - https:\/\/yoast.com\/product\/yoast-seo-wordpress\/ -->\n<title>Dometic GO hidrat\u0101cijas \u016bdens kr\u016bze 11L un hidrat\u0101cijas \u016bdens kr\u0101na kombin\u0101cija - BALTIC OVERLANDERS<\/title>\n<meta name=\"description\" content=\"Dometic hidrat\u0101cijas \u016bdens kr\u016bze 11 l\/2,9 gal un kr\u0101ns \u013cauj viegli uzglab\u0101t un ieliet nepiecie\u0161amo \u016bdeni.\" \/>\n<meta name=\"robots\" content=\"index, follow, max-snippet:-1, max-image-preview:large, max-video-preview:-1\" \/>\n<link rel=\"canonical\" href=\"https:\/\/balticoverlanders.eu\/lv\/produkts\/dometic-go-hidratacijas-udens-kruze-11l-un-hidratacijas-udens-krana-kombinacija\/\" \/>\n<meta property=\"og:locale\" content=\"lv_LV\" \/>\n<meta property=\"og:type\" content=\"article\" \/>\n<meta property=\"og:title\" content=\"Dometic GO hidrat\u0101cijas \u016bdens kr\u016bze 11L un hidrat\u0101cijas \u016bdens kr\u0101na kombin\u0101cija - BALTIC OVERLANDERS\" \/>\n<meta property=\"og:description\" content=\"Dometic hidrat\u0101cijas \u016bdens kr\u016bze 11 l\/2,9 gal un kr\u0101ns \u013cauj viegli uzglab\u0101t un ieliet nepiecie\u0161amo \u016bdeni.\" \/>\n<meta property=\"og:url\" content=\"https:\/\/balticoverlanders.eu\/lv\/produkts\/dometic-go-hidratacijas-udens-kruze-11l-un-hidratacijas-udens-krana-kombinacija\/\" \/>\n<meta property=\"og:site_name\" content=\"BALTIC OVERLANDERS\" \/>\n<meta property=\"article:modified_time\" content=\"2024-05-06T19:41:48+00:00\" \/>\n<meta property=\"og:image\" content=\"https:\/\/balticoverlanders.eu\/wp-content\/uploads\/2024\/02\/newwtan075con.jpg\" \/>\n\t<meta property=\"og:image:width\" content=\"1024\" \/>\n\t<meta property=\"og:image:height\" content=\"768\" \/>\n\t<meta property=\"og:image:type\" content=\"image\/jpeg\" \/>\n<meta name=\"twitter:card\" content=\"summary_large_image\" \/>\n<meta name=\"twitter:label1\" content=\"Est. reading time\" \/>\n\t<meta name=\"twitter:data1\" content=\"1 minute\" \/>\n<script type=\"application\/ld+json\" class=\"yoast-schema-graph\">{\"@context\":\"https:\\\/\\\/schema.org\",\"@graph\":[{\"@type\":\"WebPage\",\"@id\":\"https:\\\/\\\/balticoverlanders.eu\\\/lv\\\/produkts\\\/dometic-go-hidratacijas-udens-kruze-11l-un-hidratacijas-udens-krana-kombinacija\\\/\",\"url\":\"https:\\\/\\\/balticoverlanders.eu\\\/lv\\\/produkts\\\/dometic-go-hidratacijas-udens-kruze-11l-un-hidratacijas-udens-krana-kombinacija\\\/\",\"name\":\"Dometic GO hidrat\u0101cijas \u016bdens kr\u016bze 11L un hidrat\u0101cijas \u016bdens kr\u0101na kombin\u0101cija - BALTIC OVERLANDERS\",\"isPartOf\":{\"@id\":\"https:\\\/\\\/balticoverlanders.eu\\\/lv\\\/#website\"},\"primaryImageOfPage\":{\"@id\":\"https:\\\/\\\/balticoverlanders.eu\\\/lv\\\/produkts\\\/dometic-go-hidratacijas-udens-kruze-11l-un-hidratacijas-udens-krana-kombinacija\\\/#primaryimage\"},\"image\":{\"@id\":\"https:\\\/\\\/balticoverlanders.eu\\\/lv\\\/produkts\\\/dometic-go-hidratacijas-udens-kruze-11l-un-hidratacijas-udens-krana-kombinacija\\\/#primaryimage\"},\"thumbnailUrl\":\"https:\\\/\\\/balticoverlanders.eu\\\/wp-content\\\/uploads\\\/2024\\\/02\\\/newwtan075con.jpg\",\"datePublished\":\"2024-02-19T14:24:20+00:00\",\"dateModified\":\"2024-05-06T19:41:48+00:00\",\"description\":\"Dometic hidrat\u0101cijas \u016bdens kr\u016bze 11 l\\\/2,9 gal un kr\u0101ns \u013cauj viegli uzglab\u0101t un ieliet nepiecie\u0161amo \u016bdeni.\",\"breadcrumb\":{\"@id\":\"https:\\\/\\\/balticoverlanders.eu\\\/lv\\\/produkts\\\/dometic-go-hidratacijas-udens-kruze-11l-un-hidratacijas-udens-krana-kombinacija\\\/#breadcrumb\"},\"inLanguage\":\"lv-LV\",\"potentialAction\":[{\"@type\":\"ReadAction\",\"target\":[\"https:\\\/\\\/balticoverlanders.eu\\\/lv\\\/produkts\\\/dometic-go-hidratacijas-udens-kruze-11l-un-hidratacijas-udens-krana-kombinacija\\\/\"]}]},{\"@type\":\"ImageObject\",\"inLanguage\":\"lv-LV\",\"@id\":\"https:\\\/\\\/balticoverlanders.eu\\\/lv\\\/produkts\\\/dometic-go-hidratacijas-udens-kruze-11l-un-hidratacijas-udens-krana-kombinacija\\\/#primaryimage\",\"url\":\"https:\\\/\\\/balticoverlanders.eu\\\/wp-content\\\/uploads\\\/2024\\\/02\\\/newwtan075con.jpg\",\"contentUrl\":\"https:\\\/\\\/balticoverlanders.eu\\\/wp-content\\\/uploads\\\/2024\\\/02\\\/newwtan075con.jpg\",\"width\":1024,\"height\":768},{\"@type\":\"BreadcrumbList\",\"@id\":\"https:\\\/\\\/balticoverlanders.eu\\\/lv\\\/produkts\\\/dometic-go-hidratacijas-udens-kruze-11l-un-hidratacijas-udens-krana-kombinacija\\\/#breadcrumb\",\"itemListElement\":[{\"@type\":\"ListItem\",\"position\":1,\"name\":\"Home\",\"item\":\"https:\\\/\\\/balticoverlanders.eu\\\/lv\\\/\"},{\"@type\":\"ListItem\",\"position\":2,\"name\":\"Veikals\",\"item\":\"https:\\\/\\\/balticoverlanders.eu\\\/lv\\\/veikals\\\/\"},{\"@type\":\"ListItem\",\"position\":3,\"name\":\"Dometic GO hidrat\u0101cijas \u016bdens kr\u016bze 11L un hidrat\u0101cijas \u016bdens kr\u0101na kombin\u0101cija\"}]},{\"@type\":\"WebSite\",\"@id\":\"https:\\\/\\\/balticoverlanders.eu\\\/lv\\\/#website\",\"url\":\"https:\\\/\\\/balticoverlanders.eu\\\/lv\\\/\",\"name\":\"BALTIC OVERLANDERS\",\"description\":\"Your one-stop shop in Latvia, Estonia, and Lithuania for all your car camping, rooftop tent and accessory needs.\",\"publisher\":{\"@id\":\"https:\\\/\\\/balticoverlanders.eu\\\/lv\\\/#organization\"},\"potentialAction\":[{\"@type\":\"SearchAction\",\"target\":{\"@type\":\"EntryPoint\",\"urlTemplate\":\"https:\\\/\\\/balticoverlanders.eu\\\/lv\\\/?s={search_term_string}\"},\"query-input\":{\"@type\":\"PropertyValueSpecification\",\"valueRequired\":true,\"valueName\":\"search_term_string\"}}],\"inLanguage\":\"lv-LV\"},{\"@type\":\"Organization\",\"@id\":\"https:\\\/\\\/balticoverlanders.eu\\\/lv\\\/#organization\",\"name\":\"BALTIC OVERLANDERS\",\"url\":\"https:\\\/\\\/balticoverlanders.eu\\\/lv\\\/\",\"logo\":{\"@type\":\"ImageObject\",\"inLanguage\":\"lv-LV\",\"@id\":\"https:\\\/\\\/balticoverlanders.eu\\\/lv\\\/#\\\/schema\\\/logo\\\/image\\\/\",\"url\":\"https:\\\/\\\/balticoverlanders.eu\\\/wp-content\\\/uploads\\\/2023\\\/04\\\/BALTIC-OVERLANDERS-LOGO.jpg\",\"contentUrl\":\"https:\\\/\\\/balticoverlanders.eu\\\/wp-content\\\/uploads\\\/2023\\\/04\\\/BALTIC-OVERLANDERS-LOGO.jpg\",\"width\":1497,\"height\":310,\"caption\":\"BALTIC OVERLANDERS\"},\"image\":{\"@id\":\"https:\\\/\\\/balticoverlanders.eu\\\/lv\\\/#\\\/schema\\\/logo\\\/image\\\/\"},\"sameAs\":[\"https:\\\/\\\/www.instagram.com\\\/balticoverlanders\\\/\"]}]}<\/script>\n<!-- \/ Yoast SEO plugin. -->","yoast_head_json":{"title":"Dometic GO hidrat\u0101cijas \u016bdens kr\u016bze 11L un hidrat\u0101cijas \u016bdens kr\u0101na kombin\u0101cija - BALTIC OVERLANDERS","description":"Dometic hidrat\u0101cijas \u016bdens kr\u016bze 11 l\/2,9 gal un kr\u0101ns \u013cauj viegli uzglab\u0101t un ieliet nepiecie\u0161amo \u016bdeni.","robots":{"index":"index","follow":"follow","max-snippet":"max-snippet:-1","max-image-preview":"max-image-preview:large","max-video-preview":"max-video-preview:-1"},"canonical":"https:\/\/balticoverlanders.eu\/lv\/produkts\/dometic-go-hidratacijas-udens-kruze-11l-un-hidratacijas-udens-krana-kombinacija\/","og_locale":"lv_LV","og_type":"article","og_title":"Dometic GO hidrat\u0101cijas \u016bdens kr\u016bze 11L un hidrat\u0101cijas \u016bdens kr\u0101na kombin\u0101cija - BALTIC OVERLANDERS","og_description":"Dometic hidrat\u0101cijas \u016bdens kr\u016bze 11 l\/2,9 gal un kr\u0101ns \u013cauj viegli uzglab\u0101t un ieliet nepiecie\u0161amo \u016bdeni.","og_url":"https:\/\/balticoverlanders.eu\/lv\/produkts\/dometic-go-hidratacijas-udens-kruze-11l-un-hidratacijas-udens-krana-kombinacija\/","og_site_name":"BALTIC OVERLANDERS","article_modified_time":"2024-05-06T19:41:48+00:00","og_image":[{"width":1024,"height":768,"url":"https:\/\/balticoverlanders.eu\/wp-content\/uploads\/2024\/02\/newwtan075con.jpg","type":"image\/jpeg"}],"twitter_card":"summary_large_image","twitter_misc":{"Est. reading time":"1 minute"},"schema":{"@context":"https:\/\/schema.org","@graph":[{"@type":"WebPage","@id":"https:\/\/balticoverlanders.eu\/lv\/produkts\/dometic-go-hidratacijas-udens-kruze-11l-un-hidratacijas-udens-krana-kombinacija\/","url":"https:\/\/balticoverlanders.eu\/lv\/produkts\/dometic-go-hidratacijas-udens-kruze-11l-un-hidratacijas-udens-krana-kombinacija\/","name":"Dometic GO hidrat\u0101cijas \u016bdens kr\u016bze 11L un hidrat\u0101cijas \u016bdens kr\u0101na kombin\u0101cija - BALTIC OVERLANDERS","isPartOf":{"@id":"https:\/\/balticoverlanders.eu\/lv\/#website"},"primaryImageOfPage":{"@id":"https:\/\/balticoverlanders.eu\/lv\/produkts\/dometic-go-hidratacijas-udens-kruze-11l-un-hidratacijas-udens-krana-kombinacija\/#primaryimage"},"image":{"@id":"https:\/\/balticoverlanders.eu\/lv\/produkts\/dometic-go-hidratacijas-udens-kruze-11l-un-hidratacijas-udens-krana-kombinacija\/#primaryimage"},"thumbnailUrl":"https:\/\/balticoverlanders.eu\/wp-content\/uploads\/2024\/02\/newwtan075con.jpg","datePublished":"2024-02-19T14:24:20+00:00","dateModified":"2024-05-06T19:41:48+00:00","description":"Dometic hidrat\u0101cijas \u016bdens kr\u016bze 11 l\/2,9 gal un kr\u0101ns \u013cauj viegli uzglab\u0101t un ieliet nepiecie\u0161amo \u016bdeni.","breadcrumb":{"@id":"https:\/\/balticoverlanders.eu\/lv\/produkts\/dometic-go-hidratacijas-udens-kruze-11l-un-hidratacijas-udens-krana-kombinacija\/#breadcrumb"},"inLanguage":"lv-LV","potentialAction":[{"@type":"ReadAction","target":["https:\/\/balticoverlanders.eu\/lv\/produkts\/dometic-go-hidratacijas-udens-kruze-11l-un-hidratacijas-udens-krana-kombinacija\/"]}]},{"@type":"ImageObject","inLanguage":"lv-LV","@id":"https:\/\/balticoverlanders.eu\/lv\/produkts\/dometic-go-hidratacijas-udens-kruze-11l-un-hidratacijas-udens-krana-kombinacija\/#primaryimage","url":"https:\/\/balticoverlanders.eu\/wp-content\/uploads\/2024\/02\/newwtan075con.jpg","contentUrl":"https:\/\/balticoverlanders.eu\/wp-content\/uploads\/2024\/02\/newwtan075con.jpg","width":1024,"height":768},{"@type":"BreadcrumbList","@id":"https:\/\/balticoverlanders.eu\/lv\/produkts\/dometic-go-hidratacijas-udens-kruze-11l-un-hidratacijas-udens-krana-kombinacija\/#breadcrumb","itemListElement":[{"@type":"ListItem","position":1,"name":"Home","item":"https:\/\/balticoverlanders.eu\/lv\/"},{"@type":"ListItem","position":2,"name":"Veikals","item":"https:\/\/balticoverlanders.eu\/lv\/veikals\/"},{"@type":"ListItem","position":3,"name":"Dometic GO hidrat\u0101cijas \u016bdens kr\u016bze 11L un hidrat\u0101cijas \u016bdens kr\u0101na kombin\u0101cija"}]},{"@type":"WebSite","@id":"https:\/\/balticoverlanders.eu\/lv\/#website","url":"https:\/\/balticoverlanders.eu\/lv\/","name":"BALTIC OVERLANDERS","description":"Your one-stop shop in Latvia, Estonia, and Lithuania for all your car camping, rooftop tent and accessory needs.","publisher":{"@id":"https:\/\/balticoverlanders.eu\/lv\/#organization"},"potentialAction":[{"@type":"SearchAction","target":{"@type":"EntryPoint","urlTemplate":"https:\/\/balticoverlanders.eu\/lv\/?s={search_term_string}"},"query-input":{"@type":"PropertyValueSpecification","valueRequired":true,"valueName":"search_term_string"}}],"inLanguage":"lv-LV"},{"@type":"Organization","@id":"https:\/\/balticoverlanders.eu\/lv\/#organization","name":"BALTIC OVERLANDERS","url":"https:\/\/balticoverlanders.eu\/lv\/","logo":{"@type":"ImageObject","inLanguage":"lv-LV","@id":"https:\/\/balticoverlanders.eu\/lv\/#\/schema\/logo\/image\/","url":"https:\/\/balticoverlanders.eu\/wp-content\/uploads\/2023\/04\/BALTIC-OVERLANDERS-LOGO.jpg","contentUrl":"https:\/\/balticoverlanders.eu\/wp-content\/uploads\/2023\/04\/BALTIC-OVERLANDERS-LOGO.jpg","width":1497,"height":310,"caption":"BALTIC OVERLANDERS"},"image":{"@id":"https:\/\/balticoverlanders.eu\/lv\/#\/schema\/logo\/image\/"},"sameAs":["https:\/\/www.instagram.com\/balticoverlanders\/"]}]}},"_links":{"self":[{"href":"https:\/\/balticoverlanders.eu\/lv\/wp-json\/wp\/v2\/product\/39263","targetHints":{"allow":["GET"]}}],"collection":[{"href":"https:\/\/balticoverlanders.eu\/lv\/wp-json\/wp\/v2\/product"}],"about":[{"href":"https:\/\/balticoverlanders.eu\/lv\/wp-json\/wp\/v2\/types\/product"}],"wp:featuredmedia":[{"embeddable":true,"href":"https:\/\/balticoverlanders.eu\/lv\/wp-json\/wp\/v2\/media\/31371"}],"wp:attachment":[{"href":"https:\/\/balticoverlanders.eu\/lv\/wp-json\/wp\/v2\/media?parent=39263"}],"wp:term":[{"taxonomy":"product_brand","embeddable":true,"href":"https:\/\/balticoverlanders.eu\/lv\/wp-json\/wp\/v2\/product_brand?post=39263"},{"taxonomy":"product_cat","embeddable":true,"href":"https:\/\/balticoverlanders.eu\/lv\/wp-json\/wp\/v2\/product_cat?post=39263"},{"taxonomy":"product_tag","embeddable":true,"href":"https:\/\/balticoverlanders.eu\/lv\/wp-json\/wp\/v2\/product_tag?post=39263"}],"curies":[{"name":"wp","href":"https:\/\/api.w.org\/{rel}","templated":true}]}}