{"id":39425,"date":"2024-02-13T17:09:46","date_gmt":"2024-02-13T15:09:46","guid":{"rendered":"https:\/\/balticoverlanders.eu\/product\/dometic-go-hidratacijas-udens-kruze-11l\/"},"modified":"2024-05-06T22:42:37","modified_gmt":"2024-05-06T19:42:37","slug":"dometic-go-hidratacijas-udens-kruze-11l","status":"publish","type":"product","link":"https:\/\/balticoverlanders.eu\/lv\/produkts\/dometic-go-hidratacijas-udens-kruze-11l\/","title":{"rendered":"Dometic GO hidrat\u0101cijas \u016bdens kr\u016bze 11L"},"content":{"rendered":"<div class=\"w-full text-token-text-primary\" data-testid=\"conversation-turn-3\">\n<div class=\"px-4 py-2 justify-center text-base md:gap-6 m-auto\">\n<div class=\"flex flex-1 text-base mx-auto gap-3 md:px-5 lg:px-1 xl:px-5 md:max-w-3xl lg:max-w-[40rem] xl:max-w-[48rem] group final-completion\">\n<div class=\"relative flex w-full flex-col agent-turn\">\n<div class=\"flex-col gap-1 md:gap-3\">\n<div class=\"flex flex-grow flex-col max-w-full\">\n<div class=\"min-h-[20px] text-message flex flex-col items-start gap-3 whitespace-pre-wrap break-words [.text-message+&amp;]:mt-5 overflow-x-auto\" data-message-author-role=\"assistant\" data-message-id=\"1d1e59ca-7415-4ce4-ad6e-b742e75fc7e0\">\n<div class=\"markdown prose w-full break-words dark:prose-invert dark\">\n<p><strong>Iepaz\u012bstin\u0101m ar Dometic GO hidrat\u0101cijas \u016bdens kr\u016bzi 11L<\/strong><\/p>\n<p>Ar Dometic HYD J11 hidrat\u0101cijas \u016bdens kr\u016bzi 11L saglab\u0101jiet mitrin\u0101\u0161anu, lai kur j\u016bs aizvestu j\u016bsu piedz\u012bvojumi. \u0160\u012b \u016bdens kr\u016bze ir izstr\u0101d\u0101ta \u0113rt\u012bbai un iztur\u012bbai, t\u0101p\u0113c t\u0101 ir neaizst\u0101jams pal\u012bgs kemping\u0101, br\u012bvdabas aktivit\u0101t\u0113s vai ar\u012b neatliekamos gad\u012bjumos, kad to var tur\u0113t sav\u0101 transportl\u012bdzekl\u012b.<\/p>\n<p><strong>Funkcijas:<\/strong><\/p>\n<ul>\n<li><strong>Apjomu maksimiz\u0113jo\u0161s dizains:<\/strong> At\u0161\u0137ir\u012bb\u0101 no standarta 10 litru tvertn\u0113m m\u016bsu \u016bdens kr\u016bze ir iespaid\u012bga 11 litru tilpuma, kas nodro\u0161ina pietiekamu \u016bdens kr\u0101jumu, lai kurp j\u016bs dotos.<\/li>\n<li><strong>Vair\u0101kas doz\u0113\u0161anas iesp\u0113jas:<\/strong> Apr\u012bkots ar div\u0101m atver\u0113m, kas nodro\u0161ina vieglu uzpild\u012b\u0161anu, doz\u0113\u0161anu un t\u012br\u012b\u0161anu, padarot hidrat\u0101ciju \u0113rtu.<\/li>\n<li><strong>Viegli transport\u0113jams:<\/strong> Izstr\u0101d\u0101ts t\u0101, lai ietilptu telp\u0101 aiz transportl\u012bdzek\u013ca rite\u0146u nodal\u012bjuma, un apr\u012bkots ar \u0113rtiem, no\u0146emamiem t\u012bmek\u013cveida rokturiem \u0113rtai transport\u0113\u0161anai no automa\u0161\u012bnas uz kempingu.<\/li>\n<li><strong>Iztur\u012bga konstrukcija:<\/strong> Izgatavota no BPA nesaturo\u0161a, p\u0101rtikai piem\u0113rota LDPE, kas nodro\u0161ina dro\u0161\u012bbu un iztur\u012bbu, lai \u016bdens paliktu t\u012brs un svaigs.<\/li>\n<li><strong>Daudzpus\u012bga savienojam\u012bba:<\/strong> Ietver spigotu un \u0101tras savieno\u0161anas savienot\u0101ju piederumu pievieno\u0161anai, kas \u013cauj jums piel\u0101got savu hidrat\u0101cijas pieredzi.<\/li>\n<li><strong>Sader\u012bgs ar hidrat\u0101cijas \u016bdens kr\u0101nu:<\/strong> bez probl\u0113m\u0101m integr\u0113jams ar hidrat\u0101cijas \u016bdens kr\u0101nu, lai nodro\u0161in\u0101tu papildu \u0113rt\u012bbas un funkcionalit\u0101ti.<\/li>\n<\/ul>\n<p>Neatkar\u012bgi no t\u0101, vai esat kemping\u0101, p\u0101rg\u0101jien\u0101 vai vienk\u0101r\u0161i ce\u013c\u0101, Dometic GO hidrat\u0101cijas \u016bdens kr\u016bze 11L ir uzticams risin\u0101jums, lai saglab\u0101tu mitrumu un svaigumu.<\/p>\n<\/div>\n<\/div>\n<\/div>\n<div class=\"mt-1 flex justify-start gap-3 empty:hidden\">\n<div class=\"text-gray-400 flex self-end lg:self-center justify-center lg:justify-start mt-0 -ml-1 visible\">\n<p>&nbsp;<\/p>\n<div class=\"flex items-center gap-1.5 text-xs\"><\/div>\n<div class=\"flex\"><\/div>\n<\/div>\n<\/div>\n<\/div>\n<div class=\"absolute\">\n<div class=\"flex w-full gap-2 items-center justify-center\"><\/div>\n<\/div>\n<\/div>\n<\/div>\n<\/div>\n<\/div>\n<div class=\"mx-auto\">\n<div data-projection-id=\"53\">\n<div class=\"mx-auto mt-2 inline-flex rounded-xl border border-gray-100 dark:border-gray-700\"><\/div>\n<\/div>\n<\/div>\n","protected":false},"excerpt":{"rendered":"<p>Dometic HYD J11 hidrat\u0101cijas \u016bdens kr\u016bze 11L \u013cauj \u0113rti uzglab\u0101t un ieliet nepiecie\u0161amo \u016bdens daudzumu. Glab\u0101jiet to sav\u0101 transportl\u012bdzekl\u012b vai kemping\u0101, lai \u0113rti un dro\u0161i apg\u0101d\u0101tos ar 11 litriem \u016bdens. Iztur\u012bgais un iztur\u012bgais dizains padara to par lielisku \u016bdens kr\u016bzi kempingam vai cit\u0101m br\u012bvdabas aktivit\u0101t\u0113m.<\/p>\n","protected":false},"featured_media":31312,"template":"","meta":[],"product_brand":[],"product_cat":[508,552],"product_tag":[],"class_list":{"0":"post-39425","1":"product","2":"type-product","3":"status-publish","4":"has-post-thumbnail","6":"product_cat-dometic-lv","7":"product_cat-hidratacija","9":"first","10":"onbackorder","11":"taxable","12":"shipping-taxable","13":"purchasable","14":"product-type-variable","15":"has-default-attributes"},"yoast_head":"<!-- This site is optimized with the Yoast SEO plugin v27.3 - https:\/\/yoast.com\/product\/yoast-seo-wordpress\/ -->\n<title>Dometic GO hidrat\u0101cijas \u016bdens kr\u016bze 11L - BALTIC OVERLANDERS<\/title>\n<meta name=\"description\" content=\"Ieg\u0101d\u0101jieties Dometic 11L hidrat\u0101cijas \u016bdens kr\u016bzi \u0113rtai \u016bdens uzglab\u0101\u0161anai \u0101ra aktivit\u0101\u0161u laik\u0101. Iztur\u012bgs dizains nodro\u0161ina iztur\u012bbu hidrat\u0101cijas vajadz\u012bb\u0101m.\" \/>\n<meta name=\"robots\" content=\"index, follow, max-snippet:-1, max-image-preview:large, max-video-preview:-1\" \/>\n<link rel=\"canonical\" href=\"https:\/\/balticoverlanders.eu\/lv\/produkts\/dometic-go-hidratacijas-udens-kruze-11l\/\" \/>\n<meta property=\"og:locale\" content=\"lv_LV\" \/>\n<meta property=\"og:type\" content=\"article\" \/>\n<meta property=\"og:title\" content=\"Dometic GO hidrat\u0101cijas \u016bdens kr\u016bze 11L - BALTIC OVERLANDERS\" \/>\n<meta property=\"og:description\" content=\"Ieg\u0101d\u0101jieties Dometic 11L hidrat\u0101cijas \u016bdens kr\u016bzi \u0113rtai \u016bdens uzglab\u0101\u0161anai \u0101ra aktivit\u0101\u0161u laik\u0101. Iztur\u012bgs dizains nodro\u0161ina iztur\u012bbu hidrat\u0101cijas vajadz\u012bb\u0101m.\" \/>\n<meta property=\"og:url\" content=\"https:\/\/balticoverlanders.eu\/lv\/produkts\/dometic-go-hidratacijas-udens-kruze-11l\/\" \/>\n<meta property=\"og:site_name\" content=\"BALTIC OVERLANDERS\" \/>\n<meta property=\"article:modified_time\" content=\"2024-05-06T19:42:37+00:00\" \/>\n<meta property=\"og:image\" content=\"https:\/\/balticoverlanders.eu\/wp-content\/uploads\/2024\/02\/wtan065-wtan067con.jpg\" \/>\n\t<meta property=\"og:image:width\" content=\"1242\" \/>\n\t<meta property=\"og:image:height\" content=\"1199\" \/>\n\t<meta property=\"og:image:type\" content=\"image\/jpeg\" \/>\n<meta name=\"twitter:card\" content=\"summary_large_image\" \/>\n<meta name=\"twitter:label1\" content=\"Est. reading time\" \/>\n\t<meta name=\"twitter:data1\" content=\"1 minute\" \/>\n<script type=\"application\/ld+json\" class=\"yoast-schema-graph\">{\"@context\":\"https:\\\/\\\/schema.org\",\"@graph\":[{\"@type\":\"WebPage\",\"@id\":\"https:\\\/\\\/balticoverlanders.eu\\\/lv\\\/produkts\\\/dometic-go-hidratacijas-udens-kruze-11l\\\/\",\"url\":\"https:\\\/\\\/balticoverlanders.eu\\\/lv\\\/produkts\\\/dometic-go-hidratacijas-udens-kruze-11l\\\/\",\"name\":\"Dometic GO hidrat\u0101cijas \u016bdens kr\u016bze 11L - BALTIC OVERLANDERS\",\"isPartOf\":{\"@id\":\"https:\\\/\\\/balticoverlanders.eu\\\/lv\\\/#website\"},\"primaryImageOfPage\":{\"@id\":\"https:\\\/\\\/balticoverlanders.eu\\\/lv\\\/produkts\\\/dometic-go-hidratacijas-udens-kruze-11l\\\/#primaryimage\"},\"image\":{\"@id\":\"https:\\\/\\\/balticoverlanders.eu\\\/lv\\\/produkts\\\/dometic-go-hidratacijas-udens-kruze-11l\\\/#primaryimage\"},\"thumbnailUrl\":\"https:\\\/\\\/balticoverlanders.eu\\\/wp-content\\\/uploads\\\/2024\\\/02\\\/wtan065-wtan067con.jpg\",\"datePublished\":\"2024-02-13T15:09:46+00:00\",\"dateModified\":\"2024-05-06T19:42:37+00:00\",\"description\":\"Ieg\u0101d\u0101jieties Dometic 11L hidrat\u0101cijas \u016bdens kr\u016bzi \u0113rtai \u016bdens uzglab\u0101\u0161anai \u0101ra aktivit\u0101\u0161u laik\u0101. Iztur\u012bgs dizains nodro\u0161ina iztur\u012bbu hidrat\u0101cijas vajadz\u012bb\u0101m.\",\"breadcrumb\":{\"@id\":\"https:\\\/\\\/balticoverlanders.eu\\\/lv\\\/produkts\\\/dometic-go-hidratacijas-udens-kruze-11l\\\/#breadcrumb\"},\"inLanguage\":\"lv-LV\",\"potentialAction\":[{\"@type\":\"ReadAction\",\"target\":[\"https:\\\/\\\/balticoverlanders.eu\\\/lv\\\/produkts\\\/dometic-go-hidratacijas-udens-kruze-11l\\\/\"]}]},{\"@type\":\"ImageObject\",\"inLanguage\":\"lv-LV\",\"@id\":\"https:\\\/\\\/balticoverlanders.eu\\\/lv\\\/produkts\\\/dometic-go-hidratacijas-udens-kruze-11l\\\/#primaryimage\",\"url\":\"https:\\\/\\\/balticoverlanders.eu\\\/wp-content\\\/uploads\\\/2024\\\/02\\\/wtan065-wtan067con.jpg\",\"contentUrl\":\"https:\\\/\\\/balticoverlanders.eu\\\/wp-content\\\/uploads\\\/2024\\\/02\\\/wtan065-wtan067con.jpg\",\"width\":1242,\"height\":1199},{\"@type\":\"BreadcrumbList\",\"@id\":\"https:\\\/\\\/balticoverlanders.eu\\\/lv\\\/produkts\\\/dometic-go-hidratacijas-udens-kruze-11l\\\/#breadcrumb\",\"itemListElement\":[{\"@type\":\"ListItem\",\"position\":1,\"name\":\"Home\",\"item\":\"https:\\\/\\\/balticoverlanders.eu\\\/lv\\\/\"},{\"@type\":\"ListItem\",\"position\":2,\"name\":\"Veikals\",\"item\":\"https:\\\/\\\/balticoverlanders.eu\\\/lv\\\/veikals\\\/\"},{\"@type\":\"ListItem\",\"position\":3,\"name\":\"Dometic GO hidrat\u0101cijas \u016bdens kr\u016bze 11L\"}]},{\"@type\":\"WebSite\",\"@id\":\"https:\\\/\\\/balticoverlanders.eu\\\/lv\\\/#website\",\"url\":\"https:\\\/\\\/balticoverlanders.eu\\\/lv\\\/\",\"name\":\"BALTIC OVERLANDERS\",\"description\":\"Your one-stop shop in Latvia, Estonia, and Lithuania for all your car camping, rooftop tent and accessory needs.\",\"publisher\":{\"@id\":\"https:\\\/\\\/balticoverlanders.eu\\\/lv\\\/#organization\"},\"potentialAction\":[{\"@type\":\"SearchAction\",\"target\":{\"@type\":\"EntryPoint\",\"urlTemplate\":\"https:\\\/\\\/balticoverlanders.eu\\\/lv\\\/?s={search_term_string}\"},\"query-input\":{\"@type\":\"PropertyValueSpecification\",\"valueRequired\":true,\"valueName\":\"search_term_string\"}}],\"inLanguage\":\"lv-LV\"},{\"@type\":\"Organization\",\"@id\":\"https:\\\/\\\/balticoverlanders.eu\\\/lv\\\/#organization\",\"name\":\"BALTIC OVERLANDERS\",\"url\":\"https:\\\/\\\/balticoverlanders.eu\\\/lv\\\/\",\"logo\":{\"@type\":\"ImageObject\",\"inLanguage\":\"lv-LV\",\"@id\":\"https:\\\/\\\/balticoverlanders.eu\\\/lv\\\/#\\\/schema\\\/logo\\\/image\\\/\",\"url\":\"https:\\\/\\\/balticoverlanders.eu\\\/wp-content\\\/uploads\\\/2023\\\/04\\\/BALTIC-OVERLANDERS-LOGO.jpg\",\"contentUrl\":\"https:\\\/\\\/balticoverlanders.eu\\\/wp-content\\\/uploads\\\/2023\\\/04\\\/BALTIC-OVERLANDERS-LOGO.jpg\",\"width\":1497,\"height\":310,\"caption\":\"BALTIC OVERLANDERS\"},\"image\":{\"@id\":\"https:\\\/\\\/balticoverlanders.eu\\\/lv\\\/#\\\/schema\\\/logo\\\/image\\\/\"},\"sameAs\":[\"https:\\\/\\\/www.instagram.com\\\/balticoverlanders\\\/\"]}]}<\/script>\n<!-- \/ Yoast SEO plugin. -->","yoast_head_json":{"title":"Dometic GO hidrat\u0101cijas \u016bdens kr\u016bze 11L - BALTIC OVERLANDERS","description":"Ieg\u0101d\u0101jieties Dometic 11L hidrat\u0101cijas \u016bdens kr\u016bzi \u0113rtai \u016bdens uzglab\u0101\u0161anai \u0101ra aktivit\u0101\u0161u laik\u0101. Iztur\u012bgs dizains nodro\u0161ina iztur\u012bbu hidrat\u0101cijas vajadz\u012bb\u0101m.","robots":{"index":"index","follow":"follow","max-snippet":"max-snippet:-1","max-image-preview":"max-image-preview:large","max-video-preview":"max-video-preview:-1"},"canonical":"https:\/\/balticoverlanders.eu\/lv\/produkts\/dometic-go-hidratacijas-udens-kruze-11l\/","og_locale":"lv_LV","og_type":"article","og_title":"Dometic GO hidrat\u0101cijas \u016bdens kr\u016bze 11L - BALTIC OVERLANDERS","og_description":"Ieg\u0101d\u0101jieties Dometic 11L hidrat\u0101cijas \u016bdens kr\u016bzi \u0113rtai \u016bdens uzglab\u0101\u0161anai \u0101ra aktivit\u0101\u0161u laik\u0101. Iztur\u012bgs dizains nodro\u0161ina iztur\u012bbu hidrat\u0101cijas vajadz\u012bb\u0101m.","og_url":"https:\/\/balticoverlanders.eu\/lv\/produkts\/dometic-go-hidratacijas-udens-kruze-11l\/","og_site_name":"BALTIC OVERLANDERS","article_modified_time":"2024-05-06T19:42:37+00:00","og_image":[{"width":1242,"height":1199,"url":"https:\/\/balticoverlanders.eu\/wp-content\/uploads\/2024\/02\/wtan065-wtan067con.jpg","type":"image\/jpeg"}],"twitter_card":"summary_large_image","twitter_misc":{"Est. reading time":"1 minute"},"schema":{"@context":"https:\/\/schema.org","@graph":[{"@type":"WebPage","@id":"https:\/\/balticoverlanders.eu\/lv\/produkts\/dometic-go-hidratacijas-udens-kruze-11l\/","url":"https:\/\/balticoverlanders.eu\/lv\/produkts\/dometic-go-hidratacijas-udens-kruze-11l\/","name":"Dometic GO hidrat\u0101cijas \u016bdens kr\u016bze 11L - BALTIC OVERLANDERS","isPartOf":{"@id":"https:\/\/balticoverlanders.eu\/lv\/#website"},"primaryImageOfPage":{"@id":"https:\/\/balticoverlanders.eu\/lv\/produkts\/dometic-go-hidratacijas-udens-kruze-11l\/#primaryimage"},"image":{"@id":"https:\/\/balticoverlanders.eu\/lv\/produkts\/dometic-go-hidratacijas-udens-kruze-11l\/#primaryimage"},"thumbnailUrl":"https:\/\/balticoverlanders.eu\/wp-content\/uploads\/2024\/02\/wtan065-wtan067con.jpg","datePublished":"2024-02-13T15:09:46+00:00","dateModified":"2024-05-06T19:42:37+00:00","description":"Ieg\u0101d\u0101jieties Dometic 11L hidrat\u0101cijas \u016bdens kr\u016bzi \u0113rtai \u016bdens uzglab\u0101\u0161anai \u0101ra aktivit\u0101\u0161u laik\u0101. Iztur\u012bgs dizains nodro\u0161ina iztur\u012bbu hidrat\u0101cijas vajadz\u012bb\u0101m.","breadcrumb":{"@id":"https:\/\/balticoverlanders.eu\/lv\/produkts\/dometic-go-hidratacijas-udens-kruze-11l\/#breadcrumb"},"inLanguage":"lv-LV","potentialAction":[{"@type":"ReadAction","target":["https:\/\/balticoverlanders.eu\/lv\/produkts\/dometic-go-hidratacijas-udens-kruze-11l\/"]}]},{"@type":"ImageObject","inLanguage":"lv-LV","@id":"https:\/\/balticoverlanders.eu\/lv\/produkts\/dometic-go-hidratacijas-udens-kruze-11l\/#primaryimage","url":"https:\/\/balticoverlanders.eu\/wp-content\/uploads\/2024\/02\/wtan065-wtan067con.jpg","contentUrl":"https:\/\/balticoverlanders.eu\/wp-content\/uploads\/2024\/02\/wtan065-wtan067con.jpg","width":1242,"height":1199},{"@type":"BreadcrumbList","@id":"https:\/\/balticoverlanders.eu\/lv\/produkts\/dometic-go-hidratacijas-udens-kruze-11l\/#breadcrumb","itemListElement":[{"@type":"ListItem","position":1,"name":"Home","item":"https:\/\/balticoverlanders.eu\/lv\/"},{"@type":"ListItem","position":2,"name":"Veikals","item":"https:\/\/balticoverlanders.eu\/lv\/veikals\/"},{"@type":"ListItem","position":3,"name":"Dometic GO hidrat\u0101cijas \u016bdens kr\u016bze 11L"}]},{"@type":"WebSite","@id":"https:\/\/balticoverlanders.eu\/lv\/#website","url":"https:\/\/balticoverlanders.eu\/lv\/","name":"BALTIC OVERLANDERS","description":"Your one-stop shop in Latvia, Estonia, and Lithuania for all your car camping, rooftop tent and accessory needs.","publisher":{"@id":"https:\/\/balticoverlanders.eu\/lv\/#organization"},"potentialAction":[{"@type":"SearchAction","target":{"@type":"EntryPoint","urlTemplate":"https:\/\/balticoverlanders.eu\/lv\/?s={search_term_string}"},"query-input":{"@type":"PropertyValueSpecification","valueRequired":true,"valueName":"search_term_string"}}],"inLanguage":"lv-LV"},{"@type":"Organization","@id":"https:\/\/balticoverlanders.eu\/lv\/#organization","name":"BALTIC OVERLANDERS","url":"https:\/\/balticoverlanders.eu\/lv\/","logo":{"@type":"ImageObject","inLanguage":"lv-LV","@id":"https:\/\/balticoverlanders.eu\/lv\/#\/schema\/logo\/image\/","url":"https:\/\/balticoverlanders.eu\/wp-content\/uploads\/2023\/04\/BALTIC-OVERLANDERS-LOGO.jpg","contentUrl":"https:\/\/balticoverlanders.eu\/wp-content\/uploads\/2023\/04\/BALTIC-OVERLANDERS-LOGO.jpg","width":1497,"height":310,"caption":"BALTIC OVERLANDERS"},"image":{"@id":"https:\/\/balticoverlanders.eu\/lv\/#\/schema\/logo\/image\/"},"sameAs":["https:\/\/www.instagram.com\/balticoverlanders\/"]}]}},"_links":{"self":[{"href":"https:\/\/balticoverlanders.eu\/lv\/wp-json\/wp\/v2\/product\/39425","targetHints":{"allow":["GET"]}}],"collection":[{"href":"https:\/\/balticoverlanders.eu\/lv\/wp-json\/wp\/v2\/product"}],"about":[{"href":"https:\/\/balticoverlanders.eu\/lv\/wp-json\/wp\/v2\/types\/product"}],"wp:featuredmedia":[{"embeddable":true,"href":"https:\/\/balticoverlanders.eu\/lv\/wp-json\/wp\/v2\/media\/31312"}],"wp:attachment":[{"href":"https:\/\/balticoverlanders.eu\/lv\/wp-json\/wp\/v2\/media?parent=39425"}],"wp:term":[{"taxonomy":"product_brand","embeddable":true,"href":"https:\/\/balticoverlanders.eu\/lv\/wp-json\/wp\/v2\/product_brand?post=39425"},{"taxonomy":"product_cat","embeddable":true,"href":"https:\/\/balticoverlanders.eu\/lv\/wp-json\/wp\/v2\/product_cat?post=39425"},{"taxonomy":"product_tag","embeddable":true,"href":"https:\/\/balticoverlanders.eu\/lv\/wp-json\/wp\/v2\/product_tag?post=39425"}],"curies":[{"name":"wp","href":"https:\/\/api.w.org\/{rel}","templated":true}]}}