{"id":39427,"date":"2024-02-13T16:17:21","date_gmt":"2024-02-13T14:17:21","guid":{"rendered":"https:\/\/balticoverlanders.eu\/product\/dometic-cfx3-slide-55-55im-ledusskapja-slaids-cfx3-55-un-cfx3-55im\/"},"modified":"2024-05-06T22:42:36","modified_gmt":"2024-05-06T19:42:36","slug":"dometic-cfx3-slide-55-55im-ledusskapja-slaids-cfx3-55-un-cfx3-55im","status":"publish","type":"product","link":"https:\/\/balticoverlanders.eu\/lv\/produkts\/dometic-cfx3-slide-55-55im-ledusskapja-slaids-cfx3-55-un-cfx3-55im\/","title":{"rendered":"Dometic CFX3 Slide 55\/55IM Ledusskapja slaids CFX3 55 un CFX3 55IM"},"content":{"rendered":"<p><strong>Iepaz\u012bstin\u0101m ar gal\u012bgo ledusskapja sl\u012bdni j\u016bsu CFX s\u0113rijas dzes\u0113t\u0101jam<\/strong><\/p>\n<p>Uzlabojiet savus piedz\u012bvojumus br\u012bv\u0101 dab\u0101 ar m\u016bsu augst\u0101k\u0101s kvalit\u0101tes ledusskapja sl\u012bdni, kas ir r\u016bp\u012bgi izstr\u0101d\u0101ts, lai papildin\u0101tu j\u016bsu CFX3 55, CFX3 55IM un l\u012bdz\u012bgu izm\u0113ru CFX mode\u013cus. M\u016bsu ledusskapja sl\u012bdnis, kas ir izgatavots, lai nodro\u0161in\u0101tu iztur\u012bbu un \u0113rt\u012bbas, ir j\u016bsu ide\u0101ls sabiedrotais, lai saglab\u0101tu savu dzes\u0113t\u0101ju dro\u0161u un pieejamu jebkur\u0101 ce\u013cojum\u0101.<\/p>\n<p><strong>Galven\u0101s funkcijas:<\/strong><\/p>\n<ul>\n<li><strong>Maksim\u0101l\u0101 kravnes\u012bba:<\/strong> M\u016bsu ledusskapja sl\u012bdnis nodro\u0161ina dro\u0161u atbalstu j\u016bsu dzes\u0113t\u0101jam un t\u0101 saturam pat nel\u012bdzen\u0101 apvid\u016b, jo t\u0101 kravnes\u012bba ir l\u012bdz 220 m\u0101rci\u0146\u0101m jeb 100 kg.<\/li>\n<li><strong>Piln\u012bb\u0101 pagarin\u0101ms dizains:<\/strong> Piln\u012bb\u0101 izvelkamais aizb\u012bdnis \u013cauj bez p\u016bl\u0113m piek\u013c\u016bt ledusskapja saturam, t\u0101d\u0113j\u0101di atvieglojot priek\u0161metu iz\u0146em\u0161anu \u0101ra pas\u0101kumu vai kempinga braucienu laik\u0101.<\/li>\n<li><strong>Iztur\u012bga fiks\u0101cijas sist\u0113ma:<\/strong> Atvadieties no kaitino\u0161ajiem trok\u0161\u0146iem, kas rodas brauk\u0161anas laik\u0101. M\u016bsu ledusskapja sl\u012bdnei ir iztur\u012bga fiks\u0101cijas sist\u0113ma, kas izstr\u0101d\u0101ta, lai samazin\u0101tu vibr\u0101ciju un nodro\u0161in\u0101tu klusu braucienu.<\/li>\n<li><strong>Putek\u013cu v\u0101ks:<\/strong> Ieb\u016bv\u0113tais putek\u013cu sargs pasarg\u0101 sl\u012bdceli\u0146us no smilt\u012bm un net\u012brumiem un nodro\u0161ina netrauc\u0113tu darb\u012bbu visu ce\u013cojumu laik\u0101.<\/li>\n<li><strong>Optimiz\u0113ts svara sadal\u012bjums:<\/strong> M\u016bsu ledusskapja sl\u012bdnis ir izstr\u0101d\u0101ts l\u012bdz piln\u012bbai, un t\u0101 optimiz\u0113tais dizains samazina nevajadz\u012bgo svaru, uzlabojot j\u016bsu transportl\u012bdzek\u013ca veiktsp\u0113ju, neapdraudot funkcionalit\u0101ti.<\/li>\n<li><strong>Pilns uzst\u0101d\u012b\u0161anas komplekts:<\/strong> Katrs ledusskapja sl\u012bdnis ir komplekt\u0101 ar stiprin\u0101juma siksn\u0101m un M6 skr\u016bv\u0113m, kas atvieglo uzst\u0101d\u012b\u0161anas procesu un nodro\u0161ina dro\u0161u j\u016bsu dzes\u0113t\u0101ja uzst\u0101d\u012b\u0161anu.<\/li>\n<\/ul>\n<p>Uzlabojiet savu \u0101ra pieredzi ar m\u016bsu ledusskapja slaidu un izbaudiet nep\u0101rsp\u0113jamu \u0113rt\u012bbu un uzticam\u012bbu neatkar\u012bgi no t\u0101, kur j\u016bs aizved\u012bs j\u016bsu piedz\u012bvojumi.<\/p>\n","protected":false},"excerpt":{"rendered":"<p>Kl\u012bstiet bez raiz\u0113m. Dometic CFX3 ledusskapja CFX3 sl\u012bdnis ir izstr\u0101d\u0101ts t\u0101, lai nodro\u0161in\u0101tu \u0113rtu piek\u013cuvi CFX3 dzes\u0113t\u0101jam no j\u016bsu apvidus automobi\u013ca, furgona, kravas automa\u0161\u012bnas, SUV, piekabes vai laivas aizmugures. Stipra konstrukcija, liela maksim\u0101l\u0101 kravnes\u012bba un iztur\u012bga fiks\u0101cijas sist\u0113ma padara CFX3 ledusskapja sl\u012bd\u0146us par oblig\u0101tu apr\u012bkojumu nopietniem \u0101ra piedz\u012bvojumu mekl\u0113t\u0101jiem.<\/p>\n","protected":false},"featured_media":31298,"template":"","meta":[],"product_brand":[],"product_cat":[508],"product_tag":[],"class_list":{"0":"post-39427","1":"product","2":"type-product","3":"status-publish","4":"has-post-thumbnail","6":"product_cat-dometic-lv","8":"first","9":"onbackorder","10":"taxable","11":"shipping-taxable","12":"purchasable","13":"product-type-simple"},"yoast_head":"<!-- This site is optimized with the Yoast SEO plugin v27.3 - https:\/\/yoast.com\/product\/yoast-seo-wordpress\/ -->\n<title>Dometic CFX3 Slide 55\/55IM Ledusskapja slaids CFX3 55 un CFX3 55IM - BALTIC OVERLANDERS<\/title>\n<meta name=\"description\" content=\"Izp\u0113tiet Dometic CFX3 ledusskapja slaidu CFX3 55 un CFX3 55IM, kas ir ide\u0101li piem\u0113rots piedz\u012bvojumu mekl\u0113t\u0101jiem, kuri nov\u0113rt\u0113 vieglu piek\u013cuvi un iztur\u012bgu uzticam\u012bbu.\" \/>\n<meta name=\"robots\" content=\"index, follow, max-snippet:-1, max-image-preview:large, max-video-preview:-1\" \/>\n<link rel=\"canonical\" href=\"https:\/\/balticoverlanders.eu\/lv\/produkts\/dometic-cfx3-slide-55-55im-ledusskapja-slaids-cfx3-55-un-cfx3-55im\/\" \/>\n<meta property=\"og:locale\" content=\"lv_LV\" \/>\n<meta property=\"og:type\" content=\"article\" \/>\n<meta property=\"og:title\" content=\"Dometic CFX3 Slide 55\/55IM Ledusskapja slaids CFX3 55 un CFX3 55IM - BALTIC OVERLANDERS\" \/>\n<meta property=\"og:description\" content=\"Izp\u0113tiet Dometic CFX3 ledusskapja slaidu CFX3 55 un CFX3 55IM, kas ir ide\u0101li piem\u0113rots piedz\u012bvojumu mekl\u0113t\u0101jiem, kuri nov\u0113rt\u0113 vieglu piek\u013cuvi un iztur\u012bgu uzticam\u012bbu.\" \/>\n<meta property=\"og:url\" content=\"https:\/\/balticoverlanders.eu\/lv\/produkts\/dometic-cfx3-slide-55-55im-ledusskapja-slaids-cfx3-55-un-cfx3-55im\/\" \/>\n<meta property=\"og:site_name\" content=\"BALTIC OVERLANDERS\" \/>\n<meta property=\"article:modified_time\" content=\"2024-05-06T19:42:36+00:00\" \/>\n<meta property=\"og:image\" content=\"https:\/\/balticoverlanders.eu\/wp-content\/uploads\/2024\/02\/CFX3-Slide-55-1-1-scaled.jpg\" \/>\n\t<meta property=\"og:image:width\" content=\"2560\" \/>\n\t<meta property=\"og:image:height\" content=\"2560\" \/>\n\t<meta property=\"og:image:type\" content=\"image\/jpeg\" \/>\n<meta name=\"twitter:card\" content=\"summary_large_image\" \/>\n<meta name=\"twitter:label1\" content=\"Est. reading time\" \/>\n\t<meta name=\"twitter:data1\" content=\"2 minutes\" \/>\n<script type=\"application\/ld+json\" class=\"yoast-schema-graph\">{\"@context\":\"https:\\\/\\\/schema.org\",\"@graph\":[{\"@type\":\"WebPage\",\"@id\":\"https:\\\/\\\/balticoverlanders.eu\\\/lv\\\/produkts\\\/dometic-cfx3-slide-55-55im-ledusskapja-slaids-cfx3-55-un-cfx3-55im\\\/\",\"url\":\"https:\\\/\\\/balticoverlanders.eu\\\/lv\\\/produkts\\\/dometic-cfx3-slide-55-55im-ledusskapja-slaids-cfx3-55-un-cfx3-55im\\\/\",\"name\":\"Dometic CFX3 Slide 55\\\/55IM Ledusskapja slaids CFX3 55 un CFX3 55IM - BALTIC OVERLANDERS\",\"isPartOf\":{\"@id\":\"https:\\\/\\\/balticoverlanders.eu\\\/lv\\\/#website\"},\"primaryImageOfPage\":{\"@id\":\"https:\\\/\\\/balticoverlanders.eu\\\/lv\\\/produkts\\\/dometic-cfx3-slide-55-55im-ledusskapja-slaids-cfx3-55-un-cfx3-55im\\\/#primaryimage\"},\"image\":{\"@id\":\"https:\\\/\\\/balticoverlanders.eu\\\/lv\\\/produkts\\\/dometic-cfx3-slide-55-55im-ledusskapja-slaids-cfx3-55-un-cfx3-55im\\\/#primaryimage\"},\"thumbnailUrl\":\"https:\\\/\\\/balticoverlanders.eu\\\/wp-content\\\/uploads\\\/2024\\\/02\\\/CFX3-Slide-55-1-1-scaled.jpg\",\"datePublished\":\"2024-02-13T14:17:21+00:00\",\"dateModified\":\"2024-05-06T19:42:36+00:00\",\"description\":\"Izp\u0113tiet Dometic CFX3 ledusskapja slaidu CFX3 55 un CFX3 55IM, kas ir ide\u0101li piem\u0113rots piedz\u012bvojumu mekl\u0113t\u0101jiem, kuri nov\u0113rt\u0113 vieglu piek\u013cuvi un iztur\u012bgu uzticam\u012bbu.\",\"breadcrumb\":{\"@id\":\"https:\\\/\\\/balticoverlanders.eu\\\/lv\\\/produkts\\\/dometic-cfx3-slide-55-55im-ledusskapja-slaids-cfx3-55-un-cfx3-55im\\\/#breadcrumb\"},\"inLanguage\":\"lv-LV\",\"potentialAction\":[{\"@type\":\"ReadAction\",\"target\":[\"https:\\\/\\\/balticoverlanders.eu\\\/lv\\\/produkts\\\/dometic-cfx3-slide-55-55im-ledusskapja-slaids-cfx3-55-un-cfx3-55im\\\/\"]}]},{\"@type\":\"ImageObject\",\"inLanguage\":\"lv-LV\",\"@id\":\"https:\\\/\\\/balticoverlanders.eu\\\/lv\\\/produkts\\\/dometic-cfx3-slide-55-55im-ledusskapja-slaids-cfx3-55-un-cfx3-55im\\\/#primaryimage\",\"url\":\"https:\\\/\\\/balticoverlanders.eu\\\/wp-content\\\/uploads\\\/2024\\\/02\\\/CFX3-Slide-55-1-1-scaled.jpg\",\"contentUrl\":\"https:\\\/\\\/balticoverlanders.eu\\\/wp-content\\\/uploads\\\/2024\\\/02\\\/CFX3-Slide-55-1-1-scaled.jpg\",\"width\":2560,\"height\":2560},{\"@type\":\"BreadcrumbList\",\"@id\":\"https:\\\/\\\/balticoverlanders.eu\\\/lv\\\/produkts\\\/dometic-cfx3-slide-55-55im-ledusskapja-slaids-cfx3-55-un-cfx3-55im\\\/#breadcrumb\",\"itemListElement\":[{\"@type\":\"ListItem\",\"position\":1,\"name\":\"Home\",\"item\":\"https:\\\/\\\/balticoverlanders.eu\\\/lv\\\/\"},{\"@type\":\"ListItem\",\"position\":2,\"name\":\"Veikals\",\"item\":\"https:\\\/\\\/balticoverlanders.eu\\\/lv\\\/veikals\\\/\"},{\"@type\":\"ListItem\",\"position\":3,\"name\":\"Dometic CFX3 Slide 55\\\/55IM Ledusskapja slaids CFX3 55 un CFX3 55IM\"}]},{\"@type\":\"WebSite\",\"@id\":\"https:\\\/\\\/balticoverlanders.eu\\\/lv\\\/#website\",\"url\":\"https:\\\/\\\/balticoverlanders.eu\\\/lv\\\/\",\"name\":\"BALTIC OVERLANDERS\",\"description\":\"Your one-stop shop in Latvia, Estonia, and Lithuania for all your car camping, rooftop tent and accessory needs.\",\"publisher\":{\"@id\":\"https:\\\/\\\/balticoverlanders.eu\\\/lv\\\/#organization\"},\"potentialAction\":[{\"@type\":\"SearchAction\",\"target\":{\"@type\":\"EntryPoint\",\"urlTemplate\":\"https:\\\/\\\/balticoverlanders.eu\\\/lv\\\/?s={search_term_string}\"},\"query-input\":{\"@type\":\"PropertyValueSpecification\",\"valueRequired\":true,\"valueName\":\"search_term_string\"}}],\"inLanguage\":\"lv-LV\"},{\"@type\":\"Organization\",\"@id\":\"https:\\\/\\\/balticoverlanders.eu\\\/lv\\\/#organization\",\"name\":\"BALTIC OVERLANDERS\",\"url\":\"https:\\\/\\\/balticoverlanders.eu\\\/lv\\\/\",\"logo\":{\"@type\":\"ImageObject\",\"inLanguage\":\"lv-LV\",\"@id\":\"https:\\\/\\\/balticoverlanders.eu\\\/lv\\\/#\\\/schema\\\/logo\\\/image\\\/\",\"url\":\"https:\\\/\\\/balticoverlanders.eu\\\/wp-content\\\/uploads\\\/2023\\\/04\\\/BALTIC-OVERLANDERS-LOGO.jpg\",\"contentUrl\":\"https:\\\/\\\/balticoverlanders.eu\\\/wp-content\\\/uploads\\\/2023\\\/04\\\/BALTIC-OVERLANDERS-LOGO.jpg\",\"width\":1497,\"height\":310,\"caption\":\"BALTIC OVERLANDERS\"},\"image\":{\"@id\":\"https:\\\/\\\/balticoverlanders.eu\\\/lv\\\/#\\\/schema\\\/logo\\\/image\\\/\"},\"sameAs\":[\"https:\\\/\\\/www.instagram.com\\\/balticoverlanders\\\/\"]}]}<\/script>\n<!-- \/ Yoast SEO plugin. -->","yoast_head_json":{"title":"Dometic CFX3 Slide 55\/55IM Ledusskapja slaids CFX3 55 un CFX3 55IM - BALTIC OVERLANDERS","description":"Izp\u0113tiet Dometic CFX3 ledusskapja slaidu CFX3 55 un CFX3 55IM, kas ir ide\u0101li piem\u0113rots piedz\u012bvojumu mekl\u0113t\u0101jiem, kuri nov\u0113rt\u0113 vieglu piek\u013cuvi un iztur\u012bgu uzticam\u012bbu.","robots":{"index":"index","follow":"follow","max-snippet":"max-snippet:-1","max-image-preview":"max-image-preview:large","max-video-preview":"max-video-preview:-1"},"canonical":"https:\/\/balticoverlanders.eu\/lv\/produkts\/dometic-cfx3-slide-55-55im-ledusskapja-slaids-cfx3-55-un-cfx3-55im\/","og_locale":"lv_LV","og_type":"article","og_title":"Dometic CFX3 Slide 55\/55IM Ledusskapja slaids CFX3 55 un CFX3 55IM - BALTIC OVERLANDERS","og_description":"Izp\u0113tiet Dometic CFX3 ledusskapja slaidu CFX3 55 un CFX3 55IM, kas ir ide\u0101li piem\u0113rots piedz\u012bvojumu mekl\u0113t\u0101jiem, kuri nov\u0113rt\u0113 vieglu piek\u013cuvi un iztur\u012bgu uzticam\u012bbu.","og_url":"https:\/\/balticoverlanders.eu\/lv\/produkts\/dometic-cfx3-slide-55-55im-ledusskapja-slaids-cfx3-55-un-cfx3-55im\/","og_site_name":"BALTIC OVERLANDERS","article_modified_time":"2024-05-06T19:42:36+00:00","og_image":[{"width":2560,"height":2560,"url":"https:\/\/balticoverlanders.eu\/wp-content\/uploads\/2024\/02\/CFX3-Slide-55-1-1-scaled.jpg","type":"image\/jpeg"}],"twitter_card":"summary_large_image","twitter_misc":{"Est. reading time":"2 minutes"},"schema":{"@context":"https:\/\/schema.org","@graph":[{"@type":"WebPage","@id":"https:\/\/balticoverlanders.eu\/lv\/produkts\/dometic-cfx3-slide-55-55im-ledusskapja-slaids-cfx3-55-un-cfx3-55im\/","url":"https:\/\/balticoverlanders.eu\/lv\/produkts\/dometic-cfx3-slide-55-55im-ledusskapja-slaids-cfx3-55-un-cfx3-55im\/","name":"Dometic CFX3 Slide 55\/55IM Ledusskapja slaids CFX3 55 un CFX3 55IM - BALTIC OVERLANDERS","isPartOf":{"@id":"https:\/\/balticoverlanders.eu\/lv\/#website"},"primaryImageOfPage":{"@id":"https:\/\/balticoverlanders.eu\/lv\/produkts\/dometic-cfx3-slide-55-55im-ledusskapja-slaids-cfx3-55-un-cfx3-55im\/#primaryimage"},"image":{"@id":"https:\/\/balticoverlanders.eu\/lv\/produkts\/dometic-cfx3-slide-55-55im-ledusskapja-slaids-cfx3-55-un-cfx3-55im\/#primaryimage"},"thumbnailUrl":"https:\/\/balticoverlanders.eu\/wp-content\/uploads\/2024\/02\/CFX3-Slide-55-1-1-scaled.jpg","datePublished":"2024-02-13T14:17:21+00:00","dateModified":"2024-05-06T19:42:36+00:00","description":"Izp\u0113tiet Dometic CFX3 ledusskapja slaidu CFX3 55 un CFX3 55IM, kas ir ide\u0101li piem\u0113rots piedz\u012bvojumu mekl\u0113t\u0101jiem, kuri nov\u0113rt\u0113 vieglu piek\u013cuvi un iztur\u012bgu uzticam\u012bbu.","breadcrumb":{"@id":"https:\/\/balticoverlanders.eu\/lv\/produkts\/dometic-cfx3-slide-55-55im-ledusskapja-slaids-cfx3-55-un-cfx3-55im\/#breadcrumb"},"inLanguage":"lv-LV","potentialAction":[{"@type":"ReadAction","target":["https:\/\/balticoverlanders.eu\/lv\/produkts\/dometic-cfx3-slide-55-55im-ledusskapja-slaids-cfx3-55-un-cfx3-55im\/"]}]},{"@type":"ImageObject","inLanguage":"lv-LV","@id":"https:\/\/balticoverlanders.eu\/lv\/produkts\/dometic-cfx3-slide-55-55im-ledusskapja-slaids-cfx3-55-un-cfx3-55im\/#primaryimage","url":"https:\/\/balticoverlanders.eu\/wp-content\/uploads\/2024\/02\/CFX3-Slide-55-1-1-scaled.jpg","contentUrl":"https:\/\/balticoverlanders.eu\/wp-content\/uploads\/2024\/02\/CFX3-Slide-55-1-1-scaled.jpg","width":2560,"height":2560},{"@type":"BreadcrumbList","@id":"https:\/\/balticoverlanders.eu\/lv\/produkts\/dometic-cfx3-slide-55-55im-ledusskapja-slaids-cfx3-55-un-cfx3-55im\/#breadcrumb","itemListElement":[{"@type":"ListItem","position":1,"name":"Home","item":"https:\/\/balticoverlanders.eu\/lv\/"},{"@type":"ListItem","position":2,"name":"Veikals","item":"https:\/\/balticoverlanders.eu\/lv\/veikals\/"},{"@type":"ListItem","position":3,"name":"Dometic CFX3 Slide 55\/55IM Ledusskapja slaids CFX3 55 un CFX3 55IM"}]},{"@type":"WebSite","@id":"https:\/\/balticoverlanders.eu\/lv\/#website","url":"https:\/\/balticoverlanders.eu\/lv\/","name":"BALTIC OVERLANDERS","description":"Your one-stop shop in Latvia, Estonia, and Lithuania for all your car camping, rooftop tent and accessory needs.","publisher":{"@id":"https:\/\/balticoverlanders.eu\/lv\/#organization"},"potentialAction":[{"@type":"SearchAction","target":{"@type":"EntryPoint","urlTemplate":"https:\/\/balticoverlanders.eu\/lv\/?s={search_term_string}"},"query-input":{"@type":"PropertyValueSpecification","valueRequired":true,"valueName":"search_term_string"}}],"inLanguage":"lv-LV"},{"@type":"Organization","@id":"https:\/\/balticoverlanders.eu\/lv\/#organization","name":"BALTIC OVERLANDERS","url":"https:\/\/balticoverlanders.eu\/lv\/","logo":{"@type":"ImageObject","inLanguage":"lv-LV","@id":"https:\/\/balticoverlanders.eu\/lv\/#\/schema\/logo\/image\/","url":"https:\/\/balticoverlanders.eu\/wp-content\/uploads\/2023\/04\/BALTIC-OVERLANDERS-LOGO.jpg","contentUrl":"https:\/\/balticoverlanders.eu\/wp-content\/uploads\/2023\/04\/BALTIC-OVERLANDERS-LOGO.jpg","width":1497,"height":310,"caption":"BALTIC OVERLANDERS"},"image":{"@id":"https:\/\/balticoverlanders.eu\/lv\/#\/schema\/logo\/image\/"},"sameAs":["https:\/\/www.instagram.com\/balticoverlanders\/"]}]}},"_links":{"self":[{"href":"https:\/\/balticoverlanders.eu\/lv\/wp-json\/wp\/v2\/product\/39427","targetHints":{"allow":["GET"]}}],"collection":[{"href":"https:\/\/balticoverlanders.eu\/lv\/wp-json\/wp\/v2\/product"}],"about":[{"href":"https:\/\/balticoverlanders.eu\/lv\/wp-json\/wp\/v2\/types\/product"}],"wp:featuredmedia":[{"embeddable":true,"href":"https:\/\/balticoverlanders.eu\/lv\/wp-json\/wp\/v2\/media\/31298"}],"wp:attachment":[{"href":"https:\/\/balticoverlanders.eu\/lv\/wp-json\/wp\/v2\/media?parent=39427"}],"wp:term":[{"taxonomy":"product_brand","embeddable":true,"href":"https:\/\/balticoverlanders.eu\/lv\/wp-json\/wp\/v2\/product_brand?post=39427"},{"taxonomy":"product_cat","embeddable":true,"href":"https:\/\/balticoverlanders.eu\/lv\/wp-json\/wp\/v2\/product_cat?post=39427"},{"taxonomy":"product_tag","embeddable":true,"href":"https:\/\/balticoverlanders.eu\/lv\/wp-json\/wp\/v2\/product_tag?post=39427"}],"curies":[{"name":"wp","href":"https:\/\/api.w.org\/{rel}","templated":true}]}}