{"id":39442,"date":"2024-02-12T16:41:14","date_gmt":"2024-02-12T14:41:14","guid":{"rendered":"https:\/\/balticoverlanders.eu\/product\/dometic-cfx3-55im-portativais-kompresora-dzesetajs-ar-ledus-razotaja-funkciju-53-l\/"},"modified":"2024-05-06T22:42:42","modified_gmt":"2024-05-06T19:42:42","slug":"dometic-cfx3-55im-portativais-kompresora-dzesetajs-ar-ledus-razotaja-funkciju-53-l","status":"publish","type":"product","link":"https:\/\/balticoverlanders.eu\/lv\/produkts\/dometic-cfx3-55im-portativais-kompresora-dzesetajs-ar-ledus-razotaja-funkciju-53-l\/","title":{"rendered":"Dometic CFX3 55IM Portat\u012bvais kompresora dzes\u0113t\u0101js ar ledus ra\u017eot\u0101ja funkciju, 53 l"},"content":{"rendered":"<p><strong>Liela kop\u0113j\u0101 ietilp\u012bba<\/strong><\/p>\n<ul>\n<li>Pla\u0161ais 53 litru tilpums nodro\u0161ina pietiekami daudz vietas vis\u0101m nepiecie\u0161amaj\u0101m liet\u0101m neatkar\u012bgi no t\u0101, vai esat devies ned\u0113\u013cas nogales kemping\u0101 vai ilg\u0101k\u0101 ce\u013cojum\u0101.<\/li>\n<\/ul>\n<p><strong>\u0100tra ledus ra\u017eo\u0161ana<\/strong><\/p>\n<ul>\n<li>\u0160is portat\u012bvais kompresora dzes\u0113t\u0101js ar ledus veido\u0161anas funkciju, kas apr\u012bkots ar \u0101tr\u0101s ledus pl\u0101ksni un komplekt\u0101 iek\u013cautaj\u0101m silikona ledus papl\u0101t\u0113m, da\u017eu stundu laik\u0101 sara\u017eo ledu, lai j\u016bsu dz\u0113rieni b\u016btu atspirdzino\u0161i auksti neatkar\u012bgi no t\u0101, kur j\u016bs aizved\u012bs j\u016bsu piedz\u012bvojumi.<\/li>\n<\/ul>\n<p><strong>Iztur\u012bga konstrukcija<\/strong><\/p>\n<ul>\n<li>CFX3 ir izgatavots, lai iztur\u0113tu ce\u013co\u0161anas gr\u016bt\u012bbas, un tam ir iztur\u012bga, bet viegla ExoFrame konstrukcija ar aizsarg\u0101t\u0101m mal\u0101m un alum\u012bnija sakaus\u0113juma rokturiem, kas nodro\u0161ina iztur\u012bbu, neapdraudot p\u0101rn\u0113s\u0101jam\u012bbu.<\/li>\n<\/ul>\n<p><strong>Efekt\u012bva dzes\u0113\u0161anas tehnolo\u0123ija<\/strong><\/p>\n<ul>\n<li>CFX3, ko darbina uzlabota VMSO3 kompresora dzes\u0113\u0161anas tehnolo\u0123ija, efekt\u012bvi dzes\u0113 no +20 \u00b0C l\u012bdz -22 \u00b0C, nodro\u0161inot, ka j\u016bsu \u0113dieni un dz\u0113rieni saglab\u0101jas ide\u0101l\u0101 temperat\u016br\u0101 pat visnelabv\u0113l\u012bg\u0101kaj\u0101 vid\u0113.<\/li>\n<\/ul>\n<p><strong>Intuit\u012bva vad\u012bba un uzraudz\u012bba<\/strong><\/p>\n<ul>\n<li>Saglab\u0101jiet kontroli, izmantojot viegli nolas\u0101mu augstas iz\u0161\u0137irtsp\u0113jas kr\u0101su displeju un m\u012bkstas piesk\u0101rienu pogas, kas nodro\u0161ina nep\u0101rtrauktu dzes\u0113t\u0101ja darb\u012bbas kontroli un uzraudz\u012bbu, lai j\u016bsu piedz\u012bvojumi b\u016btu \u0113rt\u0101ki.<\/li>\n<\/ul>\n<p><strong>Akumulatora aizsardz\u012bbas sist\u0113ma<\/strong><\/p>\n<ul>\n<li>CFX3 ir apr\u012bkots ar 3 pak\u0101pju dinamisko akumulatora aizsardz\u012bbas sist\u0113mu, kas nov\u0113r\u0161 automa\u0161\u012bnas akumulatora izl\u0101d\u0113\u0161anos vai \u013cauj ilgsto\u0161i izmantot divus akumulatorus, t\u0101d\u0113j\u0101di nodro\u0161inot jums sirdsmieru ilg\u0101ku braucienu laik\u0101.<\/li>\n<\/ul>\n<p><strong>Vied\u0101 savienojam\u012bba<\/strong><\/p>\n<ul>\n<li>P\u0101r\u0146emiet kontroli no jebkuras vietas, izmantojot CFX3 lietotni, kas \u013cauj kontrol\u0113t temperat\u016bru, izmantojot WiFi vai Bluetooth, un nodro\u0161ina veiktsp\u0113jas v\u0113sturi, lai j\u016bs var\u0113tu viegli p\u0101rvald\u012bt savu dzes\u0113t\u0101ju.<\/li>\n<\/ul>\n<p><strong>Izbaudiet n\u0101kamo p\u0101rn\u0113s\u0101jam\u0101s dzes\u0113\u0161anas l\u012bmeni<\/strong><\/p>\n<ul>\n<li>Neatkar\u012bgi no t\u0101, vai esat devies kemping\u0101, ce\u013cojum\u0101 vai uz p\u0101rg\u0101jienu, CFX3 p\u0101rn\u0113s\u0101jamais kompresora dzes\u0113t\u0101js ar ledus pagatavo\u0161anas funkciju ir j\u016bsu lab\u0101kais ce\u013cojumu biedrs, kas pied\u0101v\u0101 nep\u0101rsp\u0113jamu \u0113rt\u012bbu, iztur\u012bbu un veiktsp\u0113ju visos j\u016bsu piedz\u012bvojumos.<\/li>\n<\/ul>\n","protected":false},"excerpt":{"rendered":"<p>\u0160is iespaid\u012bgais atdzes\u0113t\u0101js ar akumulatoru \u013cauj pa\u0146emt l\u012bdzi vair\u0101k \u0113dienu un dz\u0113rienu, lai kurp j\u016bs dotos. T\u0101 iztur\u012bg\u0101 konstrukcija ir paredz\u0113ta lieto\u0161anai \u0101rpus telp\u0101m. Izbaudiet efekt\u012bvu dzes\u0113\u0161anu un \u0113rt\u012bbas, pateicoties mobilajai lietotnei, ar kuru j\u016bsu Dometic CFX3 vad\u012bba ir j\u016bsu rokai. Dodieties t\u0101l\u0101k, palieciet ilg\u0101k un izbaudiet vair\u0101k.<\/p>\n","protected":false},"featured_media":31256,"template":"","meta":[],"product_brand":[],"product_cat":[508],"product_tag":[],"class_list":{"0":"post-39442","1":"product","2":"type-product","3":"status-publish","4":"has-post-thumbnail","6":"product_cat-dometic-lv","8":"first","9":"onbackorder","10":"taxable","11":"shipping-taxable","12":"purchasable","13":"product-type-simple"},"yoast_head":"<!-- This site is optimized with the Yoast SEO plugin v27.3 - https:\/\/yoast.com\/product\/yoast-seo-wordpress\/ -->\n<title>Dometic CFX3 55IM Portat\u012bvais kompresora dzes\u0113t\u0101js ar ledus ra\u017eot\u0101ja funkciju, 53 l - BALTIC OVERLANDERS<\/title>\n<meta name=\"description\" content=\"Izbaudiet vislab\u0101ko dzes\u0113\u0161anu \u0101r\u0101 ar Dometic CFX3 ledus dzes\u0113t\u0101ju. Iztur\u012bga konstrukcija, efekt\u012bva dzes\u0113\u0161ana un \u0113rta lietotnes vad\u012bba.\" \/>\n<meta name=\"robots\" content=\"index, follow, max-snippet:-1, max-image-preview:large, max-video-preview:-1\" \/>\n<link rel=\"canonical\" href=\"https:\/\/balticoverlanders.eu\/lv\/produkts\/dometic-cfx3-55im-portativais-kompresora-dzesetajs-ar-ledus-razotaja-funkciju-53-l\/\" \/>\n<meta property=\"og:locale\" content=\"lv_LV\" \/>\n<meta property=\"og:type\" content=\"article\" \/>\n<meta property=\"og:title\" content=\"Dometic CFX3 55IM Portat\u012bvais kompresora dzes\u0113t\u0101js ar ledus ra\u017eot\u0101ja funkciju, 53 l - BALTIC OVERLANDERS\" \/>\n<meta property=\"og:description\" content=\"Izbaudiet vislab\u0101ko dzes\u0113\u0161anu \u0101r\u0101 ar Dometic CFX3 ledus dzes\u0113t\u0101ju. Iztur\u012bga konstrukcija, efekt\u012bva dzes\u0113\u0161ana un \u0113rta lietotnes vad\u012bba.\" \/>\n<meta property=\"og:url\" content=\"https:\/\/balticoverlanders.eu\/lv\/produkts\/dometic-cfx3-55im-portativais-kompresora-dzesetajs-ar-ledus-razotaja-funkciju-53-l\/\" \/>\n<meta property=\"og:site_name\" content=\"BALTIC OVERLANDERS\" \/>\n<meta property=\"article:modified_time\" content=\"2024-05-06T19:42:42+00:00\" \/>\n<meta property=\"og:image\" content=\"https:\/\/balticoverlanders.eu\/wp-content\/uploads\/2024\/02\/cfx3-55-c-9600025328-p401_lowres.jpg\" \/>\n\t<meta property=\"og:image:width\" content=\"650\" \/>\n\t<meta property=\"og:image:height\" content=\"488\" \/>\n\t<meta property=\"og:image:type\" content=\"image\/jpeg\" \/>\n<meta name=\"twitter:card\" content=\"summary_large_image\" \/>\n<meta name=\"twitter:label1\" content=\"Est. reading time\" \/>\n\t<meta name=\"twitter:data1\" content=\"2 minutes\" \/>\n<script type=\"application\/ld+json\" class=\"yoast-schema-graph\">{\"@context\":\"https:\\\/\\\/schema.org\",\"@graph\":[{\"@type\":\"WebPage\",\"@id\":\"https:\\\/\\\/balticoverlanders.eu\\\/lv\\\/produkts\\\/dometic-cfx3-55im-portativais-kompresora-dzesetajs-ar-ledus-razotaja-funkciju-53-l\\\/\",\"url\":\"https:\\\/\\\/balticoverlanders.eu\\\/lv\\\/produkts\\\/dometic-cfx3-55im-portativais-kompresora-dzesetajs-ar-ledus-razotaja-funkciju-53-l\\\/\",\"name\":\"Dometic CFX3 55IM Portat\u012bvais kompresora dzes\u0113t\u0101js ar ledus ra\u017eot\u0101ja funkciju, 53 l - BALTIC OVERLANDERS\",\"isPartOf\":{\"@id\":\"https:\\\/\\\/balticoverlanders.eu\\\/lv\\\/#website\"},\"primaryImageOfPage\":{\"@id\":\"https:\\\/\\\/balticoverlanders.eu\\\/lv\\\/produkts\\\/dometic-cfx3-55im-portativais-kompresora-dzesetajs-ar-ledus-razotaja-funkciju-53-l\\\/#primaryimage\"},\"image\":{\"@id\":\"https:\\\/\\\/balticoverlanders.eu\\\/lv\\\/produkts\\\/dometic-cfx3-55im-portativais-kompresora-dzesetajs-ar-ledus-razotaja-funkciju-53-l\\\/#primaryimage\"},\"thumbnailUrl\":\"https:\\\/\\\/balticoverlanders.eu\\\/wp-content\\\/uploads\\\/2024\\\/02\\\/cfx3-55-c-9600025328-p401_lowres.jpg\",\"datePublished\":\"2024-02-12T14:41:14+00:00\",\"dateModified\":\"2024-05-06T19:42:42+00:00\",\"description\":\"Izbaudiet vislab\u0101ko dzes\u0113\u0161anu \u0101r\u0101 ar Dometic CFX3 ledus dzes\u0113t\u0101ju. Iztur\u012bga konstrukcija, efekt\u012bva dzes\u0113\u0161ana un \u0113rta lietotnes vad\u012bba.\",\"breadcrumb\":{\"@id\":\"https:\\\/\\\/balticoverlanders.eu\\\/lv\\\/produkts\\\/dometic-cfx3-55im-portativais-kompresora-dzesetajs-ar-ledus-razotaja-funkciju-53-l\\\/#breadcrumb\"},\"inLanguage\":\"lv-LV\",\"potentialAction\":[{\"@type\":\"ReadAction\",\"target\":[\"https:\\\/\\\/balticoverlanders.eu\\\/lv\\\/produkts\\\/dometic-cfx3-55im-portativais-kompresora-dzesetajs-ar-ledus-razotaja-funkciju-53-l\\\/\"]}]},{\"@type\":\"ImageObject\",\"inLanguage\":\"lv-LV\",\"@id\":\"https:\\\/\\\/balticoverlanders.eu\\\/lv\\\/produkts\\\/dometic-cfx3-55im-portativais-kompresora-dzesetajs-ar-ledus-razotaja-funkciju-53-l\\\/#primaryimage\",\"url\":\"https:\\\/\\\/balticoverlanders.eu\\\/wp-content\\\/uploads\\\/2024\\\/02\\\/cfx3-55-c-9600025328-p401_lowres.jpg\",\"contentUrl\":\"https:\\\/\\\/balticoverlanders.eu\\\/wp-content\\\/uploads\\\/2024\\\/02\\\/cfx3-55-c-9600025328-p401_lowres.jpg\",\"width\":650,\"height\":488},{\"@type\":\"BreadcrumbList\",\"@id\":\"https:\\\/\\\/balticoverlanders.eu\\\/lv\\\/produkts\\\/dometic-cfx3-55im-portativais-kompresora-dzesetajs-ar-ledus-razotaja-funkciju-53-l\\\/#breadcrumb\",\"itemListElement\":[{\"@type\":\"ListItem\",\"position\":1,\"name\":\"Home\",\"item\":\"https:\\\/\\\/balticoverlanders.eu\\\/lv\\\/\"},{\"@type\":\"ListItem\",\"position\":2,\"name\":\"Veikals\",\"item\":\"https:\\\/\\\/balticoverlanders.eu\\\/lv\\\/veikals\\\/\"},{\"@type\":\"ListItem\",\"position\":3,\"name\":\"Dometic CFX3 55IM Portat\u012bvais kompresora dzes\u0113t\u0101js ar ledus ra\u017eot\u0101ja funkciju, 53 l\"}]},{\"@type\":\"WebSite\",\"@id\":\"https:\\\/\\\/balticoverlanders.eu\\\/lv\\\/#website\",\"url\":\"https:\\\/\\\/balticoverlanders.eu\\\/lv\\\/\",\"name\":\"BALTIC OVERLANDERS\",\"description\":\"Your one-stop shop in Latvia, Estonia, and Lithuania for all your car camping, rooftop tent and accessory needs.\",\"publisher\":{\"@id\":\"https:\\\/\\\/balticoverlanders.eu\\\/lv\\\/#organization\"},\"potentialAction\":[{\"@type\":\"SearchAction\",\"target\":{\"@type\":\"EntryPoint\",\"urlTemplate\":\"https:\\\/\\\/balticoverlanders.eu\\\/lv\\\/?s={search_term_string}\"},\"query-input\":{\"@type\":\"PropertyValueSpecification\",\"valueRequired\":true,\"valueName\":\"search_term_string\"}}],\"inLanguage\":\"lv-LV\"},{\"@type\":\"Organization\",\"@id\":\"https:\\\/\\\/balticoverlanders.eu\\\/lv\\\/#organization\",\"name\":\"BALTIC OVERLANDERS\",\"url\":\"https:\\\/\\\/balticoverlanders.eu\\\/lv\\\/\",\"logo\":{\"@type\":\"ImageObject\",\"inLanguage\":\"lv-LV\",\"@id\":\"https:\\\/\\\/balticoverlanders.eu\\\/lv\\\/#\\\/schema\\\/logo\\\/image\\\/\",\"url\":\"https:\\\/\\\/balticoverlanders.eu\\\/wp-content\\\/uploads\\\/2023\\\/04\\\/BALTIC-OVERLANDERS-LOGO.jpg\",\"contentUrl\":\"https:\\\/\\\/balticoverlanders.eu\\\/wp-content\\\/uploads\\\/2023\\\/04\\\/BALTIC-OVERLANDERS-LOGO.jpg\",\"width\":1497,\"height\":310,\"caption\":\"BALTIC OVERLANDERS\"},\"image\":{\"@id\":\"https:\\\/\\\/balticoverlanders.eu\\\/lv\\\/#\\\/schema\\\/logo\\\/image\\\/\"},\"sameAs\":[\"https:\\\/\\\/www.instagram.com\\\/balticoverlanders\\\/\"]}]}<\/script>\n<!-- \/ Yoast SEO plugin. -->","yoast_head_json":{"title":"Dometic CFX3 55IM Portat\u012bvais kompresora dzes\u0113t\u0101js ar ledus ra\u017eot\u0101ja funkciju, 53 l - BALTIC OVERLANDERS","description":"Izbaudiet vislab\u0101ko dzes\u0113\u0161anu \u0101r\u0101 ar Dometic CFX3 ledus dzes\u0113t\u0101ju. Iztur\u012bga konstrukcija, efekt\u012bva dzes\u0113\u0161ana un \u0113rta lietotnes vad\u012bba.","robots":{"index":"index","follow":"follow","max-snippet":"max-snippet:-1","max-image-preview":"max-image-preview:large","max-video-preview":"max-video-preview:-1"},"canonical":"https:\/\/balticoverlanders.eu\/lv\/produkts\/dometic-cfx3-55im-portativais-kompresora-dzesetajs-ar-ledus-razotaja-funkciju-53-l\/","og_locale":"lv_LV","og_type":"article","og_title":"Dometic CFX3 55IM Portat\u012bvais kompresora dzes\u0113t\u0101js ar ledus ra\u017eot\u0101ja funkciju, 53 l - BALTIC OVERLANDERS","og_description":"Izbaudiet vislab\u0101ko dzes\u0113\u0161anu \u0101r\u0101 ar Dometic CFX3 ledus dzes\u0113t\u0101ju. Iztur\u012bga konstrukcija, efekt\u012bva dzes\u0113\u0161ana un \u0113rta lietotnes vad\u012bba.","og_url":"https:\/\/balticoverlanders.eu\/lv\/produkts\/dometic-cfx3-55im-portativais-kompresora-dzesetajs-ar-ledus-razotaja-funkciju-53-l\/","og_site_name":"BALTIC OVERLANDERS","article_modified_time":"2024-05-06T19:42:42+00:00","og_image":[{"width":650,"height":488,"url":"https:\/\/balticoverlanders.eu\/wp-content\/uploads\/2024\/02\/cfx3-55-c-9600025328-p401_lowres.jpg","type":"image\/jpeg"}],"twitter_card":"summary_large_image","twitter_misc":{"Est. reading time":"2 minutes"},"schema":{"@context":"https:\/\/schema.org","@graph":[{"@type":"WebPage","@id":"https:\/\/balticoverlanders.eu\/lv\/produkts\/dometic-cfx3-55im-portativais-kompresora-dzesetajs-ar-ledus-razotaja-funkciju-53-l\/","url":"https:\/\/balticoverlanders.eu\/lv\/produkts\/dometic-cfx3-55im-portativais-kompresora-dzesetajs-ar-ledus-razotaja-funkciju-53-l\/","name":"Dometic CFX3 55IM Portat\u012bvais kompresora dzes\u0113t\u0101js ar ledus ra\u017eot\u0101ja funkciju, 53 l - BALTIC OVERLANDERS","isPartOf":{"@id":"https:\/\/balticoverlanders.eu\/lv\/#website"},"primaryImageOfPage":{"@id":"https:\/\/balticoverlanders.eu\/lv\/produkts\/dometic-cfx3-55im-portativais-kompresora-dzesetajs-ar-ledus-razotaja-funkciju-53-l\/#primaryimage"},"image":{"@id":"https:\/\/balticoverlanders.eu\/lv\/produkts\/dometic-cfx3-55im-portativais-kompresora-dzesetajs-ar-ledus-razotaja-funkciju-53-l\/#primaryimage"},"thumbnailUrl":"https:\/\/balticoverlanders.eu\/wp-content\/uploads\/2024\/02\/cfx3-55-c-9600025328-p401_lowres.jpg","datePublished":"2024-02-12T14:41:14+00:00","dateModified":"2024-05-06T19:42:42+00:00","description":"Izbaudiet vislab\u0101ko dzes\u0113\u0161anu \u0101r\u0101 ar Dometic CFX3 ledus dzes\u0113t\u0101ju. Iztur\u012bga konstrukcija, efekt\u012bva dzes\u0113\u0161ana un \u0113rta lietotnes vad\u012bba.","breadcrumb":{"@id":"https:\/\/balticoverlanders.eu\/lv\/produkts\/dometic-cfx3-55im-portativais-kompresora-dzesetajs-ar-ledus-razotaja-funkciju-53-l\/#breadcrumb"},"inLanguage":"lv-LV","potentialAction":[{"@type":"ReadAction","target":["https:\/\/balticoverlanders.eu\/lv\/produkts\/dometic-cfx3-55im-portativais-kompresora-dzesetajs-ar-ledus-razotaja-funkciju-53-l\/"]}]},{"@type":"ImageObject","inLanguage":"lv-LV","@id":"https:\/\/balticoverlanders.eu\/lv\/produkts\/dometic-cfx3-55im-portativais-kompresora-dzesetajs-ar-ledus-razotaja-funkciju-53-l\/#primaryimage","url":"https:\/\/balticoverlanders.eu\/wp-content\/uploads\/2024\/02\/cfx3-55-c-9600025328-p401_lowres.jpg","contentUrl":"https:\/\/balticoverlanders.eu\/wp-content\/uploads\/2024\/02\/cfx3-55-c-9600025328-p401_lowres.jpg","width":650,"height":488},{"@type":"BreadcrumbList","@id":"https:\/\/balticoverlanders.eu\/lv\/produkts\/dometic-cfx3-55im-portativais-kompresora-dzesetajs-ar-ledus-razotaja-funkciju-53-l\/#breadcrumb","itemListElement":[{"@type":"ListItem","position":1,"name":"Home","item":"https:\/\/balticoverlanders.eu\/lv\/"},{"@type":"ListItem","position":2,"name":"Veikals","item":"https:\/\/balticoverlanders.eu\/lv\/veikals\/"},{"@type":"ListItem","position":3,"name":"Dometic CFX3 55IM Portat\u012bvais kompresora dzes\u0113t\u0101js ar ledus ra\u017eot\u0101ja funkciju, 53 l"}]},{"@type":"WebSite","@id":"https:\/\/balticoverlanders.eu\/lv\/#website","url":"https:\/\/balticoverlanders.eu\/lv\/","name":"BALTIC OVERLANDERS","description":"Your one-stop shop in Latvia, Estonia, and Lithuania for all your car camping, rooftop tent and accessory needs.","publisher":{"@id":"https:\/\/balticoverlanders.eu\/lv\/#organization"},"potentialAction":[{"@type":"SearchAction","target":{"@type":"EntryPoint","urlTemplate":"https:\/\/balticoverlanders.eu\/lv\/?s={search_term_string}"},"query-input":{"@type":"PropertyValueSpecification","valueRequired":true,"valueName":"search_term_string"}}],"inLanguage":"lv-LV"},{"@type":"Organization","@id":"https:\/\/balticoverlanders.eu\/lv\/#organization","name":"BALTIC OVERLANDERS","url":"https:\/\/balticoverlanders.eu\/lv\/","logo":{"@type":"ImageObject","inLanguage":"lv-LV","@id":"https:\/\/balticoverlanders.eu\/lv\/#\/schema\/logo\/image\/","url":"https:\/\/balticoverlanders.eu\/wp-content\/uploads\/2023\/04\/BALTIC-OVERLANDERS-LOGO.jpg","contentUrl":"https:\/\/balticoverlanders.eu\/wp-content\/uploads\/2023\/04\/BALTIC-OVERLANDERS-LOGO.jpg","width":1497,"height":310,"caption":"BALTIC OVERLANDERS"},"image":{"@id":"https:\/\/balticoverlanders.eu\/lv\/#\/schema\/logo\/image\/"},"sameAs":["https:\/\/www.instagram.com\/balticoverlanders\/"]}]}},"_links":{"self":[{"href":"https:\/\/balticoverlanders.eu\/lv\/wp-json\/wp\/v2\/product\/39442","targetHints":{"allow":["GET"]}}],"collection":[{"href":"https:\/\/balticoverlanders.eu\/lv\/wp-json\/wp\/v2\/product"}],"about":[{"href":"https:\/\/balticoverlanders.eu\/lv\/wp-json\/wp\/v2\/types\/product"}],"wp:featuredmedia":[{"embeddable":true,"href":"https:\/\/balticoverlanders.eu\/lv\/wp-json\/wp\/v2\/media\/31256"}],"wp:attachment":[{"href":"https:\/\/balticoverlanders.eu\/lv\/wp-json\/wp\/v2\/media?parent=39442"}],"wp:term":[{"taxonomy":"product_brand","embeddable":true,"href":"https:\/\/balticoverlanders.eu\/lv\/wp-json\/wp\/v2\/product_brand?post=39442"},{"taxonomy":"product_cat","embeddable":true,"href":"https:\/\/balticoverlanders.eu\/lv\/wp-json\/wp\/v2\/product_cat?post=39442"},{"taxonomy":"product_tag","embeddable":true,"href":"https:\/\/balticoverlanders.eu\/lv\/wp-json\/wp\/v2\/product_tag?post=39442"}],"curies":[{"name":"wp","href":"https:\/\/api.w.org\/{rel}","templated":true}]}}