{"id":39462,"date":"2024-02-12T15:46:55","date_gmt":"2024-02-12T13:46:55","guid":{"rendered":"https:\/\/balticoverlanders.eu\/product\/dometic-cfx3-35-portativais-kompresora-dzesetajs-36-l\/"},"modified":"2024-05-06T22:42:55","modified_gmt":"2024-05-06T19:42:55","slug":"dometic-cfx3-35-portativais-kompresora-dzesetajs-36-l","status":"publish","type":"product","link":"https:\/\/balticoverlanders.eu\/lv\/produkts\/dometic-cfx3-35-portativais-kompresora-dzesetajs-36-l\/","title":{"rendered":"Dometic CFX3 35 Portat\u012bvais kompresora dzes\u0113t\u0101js, 36 l"},"content":{"rendered":"<p><strong>Iepaz\u012bstin\u0101m ar Dometic CFX3: j\u016bsu lielisk\u0101kais dzes\u0113t\u0101js ar elektrisko piedzi\u0146u<\/strong><\/p>\n<p><strong>1. Lieliska jauda<\/strong><\/p>\n<ul>\n<li>Izbaudiet 36 litru lielo kop\u0113jo tilpumu, kas nodro\u0161ina pietiekami daudz vietas visiem j\u016bsu iecien\u012bt\u0101kajiem \u0113dieniem un dz\u0113rieniem.<\/li>\n<\/ul>\n<p><strong>2. Iztur\u012bga konstrukcija<\/strong><\/p>\n<ul>\n<li>Izgatavots vissmag\u0101kajiem piedz\u012bvojumiem br\u012bv\u0101 dab\u0101, un tam ir iztur\u012bga ExoFrame konstrukcija ar aizsarg\u0101t\u0101m mal\u0101m un viegliem alum\u012bnija sakaus\u0113juma rokturiem.<\/li>\n<\/ul>\n<p><strong>3. Uzlabota dzes\u0113\u0161anas tehnolo\u0123ija<\/strong><\/p>\n<ul>\n<li>Izm\u0113\u0123iniet jaud\u012bgo VMSO3 kompresora dzes\u0113\u0161anas tehnolo\u0123iju, kas efekt\u012bvi dzes\u0113 no +20\u00b0C l\u012bdz -22\u00b0C, nodro\u0161inot, ka j\u016bsu preces paliek svaigas jebkur\u0101 vid\u0113.<\/li>\n<\/ul>\n<p><strong>4. Intuit\u012bva vad\u012bba un uzraudz\u012bba<\/strong><\/p>\n<ul>\n<li>Saglab\u0101jiet kontroli, izmantojot viegli nolas\u0101mu augstas iz\u0161\u0137irtsp\u0113jas kr\u0101su displeju un m\u012bkstas sk\u0101rienpogas, kas \u013cauj bez probl\u0113m\u0101m kontrol\u0113t un uzraudz\u012bt dzes\u0113t\u0101ja darb\u012bbu.<\/li>\n<\/ul>\n<p><strong>5. \u0112rta mobil\u0101 lietotne<\/strong><\/p>\n<ul>\n<li>P\u0101r\u0146emiet kontroli, lai kur j\u016bs atrastos, izmantojot CFX3 lietotni, kas \u013cauj regul\u0113t temperat\u016bru, izmantojot WiFi vai Bluetooth, un nodro\u0161ina piek\u013cuvi veiktsp\u0113jas v\u0113sturei, lai nodro\u0161in\u0101tu optim\u0101lu p\u0101rvald\u012bbu.<\/li>\n<\/ul>\n<p><strong>6. Vied\u0101 akumulatora aizsardz\u012bba<\/strong><\/p>\n<ul>\n<li>Esiet mier\u012bgi, zinot, ka 3 pak\u0101pju dinamisk\u0101 akumulatora aizsardz\u012bbas sist\u0113ma nov\u0113r\u0161 automa\u0161\u012bnas akumulatora izl\u0101d\u0113\u0161anos vai \u013cauj dzi\u013ci izmantot divus akumulatorus, nodro\u0161inot uzticamu darb\u012bbu, lai kurp j\u016bs dotos.<\/li>\n<\/ul>\n<p><strong>7. Uzlabota plomba un efektivit\u0101te<\/strong><\/p>\n<ul>\n<li>Izmantojiet Active Gasket tehnolo\u0123iju, kas nodro\u0161ina izcilu bl\u012bv\u0113jumu, lai notur\u0113tu v\u0113su gaisu un samazin\u0101tu ener\u0123ijas pat\u0113ri\u0146u, t\u0101d\u0113j\u0101di ilg\u0101k saglab\u0101jot j\u016bsu priek\u0161metus v\u0113s\u0101kus.<\/li>\n<\/ul>\n<p>Izmantojot Dometic CFX3, dodieties t\u0101l\u0101k, palieciet ilg\u0101k un izbaudiet vair\u0101k piedz\u012bvojumu br\u012bvdabas piedz\u012bvojumos.<\/p>\n","protected":false},"excerpt":{"rendered":"<p>\u0160is jaud\u012bgais dzes\u0113t\u0101js ar ener\u0123ijas padevi \u013cauj jums \u0146emt l\u012bdzi vair\u0101k \u0113dienu un dz\u0113rienu, lai kurp j\u016bs dotos. T\u0101 iztur\u012bg\u0101 konstrukcija ir paredz\u0113ta lieto\u0161anai \u0101rpus telp\u0101m. Izbaudiet efekt\u012bvu dzes\u0113\u0161anu un \u0113rt\u012bbas, pateicoties mobilajai lietotnei, kas nodro\u0161ina j\u016bsu Dometic CFX3 vad\u012bbu j\u016bsu rokai. Dodieties t\u0101l\u0101k, palieciet ilg\u0101k un izbaudiet vair\u0101k.<\/p>\n","protected":false},"featured_media":31228,"template":"","meta":[],"product_brand":[],"product_cat":[508],"product_tag":[],"class_list":{"0":"post-39462","1":"product","2":"type-product","3":"status-publish","4":"has-post-thumbnail","6":"product_cat-dometic-lv","8":"first","9":"onbackorder","10":"taxable","11":"shipping-taxable","12":"purchasable","13":"product-type-simple"},"yoast_head":"<!-- This site is optimized with the Yoast SEO plugin v27.3 - https:\/\/yoast.com\/product\/yoast-seo-wordpress\/ -->\n<title>Dometic CFX3 35 Portat\u012bvais kompresora dzes\u0113t\u0101js, 36 l - BALTIC OVERLANDERS<\/title>\n<meta name=\"description\" content=\"Dometic CFX3: vislab\u0101kais dzes\u0113t\u0101js \u0101ra piedz\u012bvojumiem. Iztur\u012bgs dizains, efekt\u012bva dzes\u0113\u0161ana un \u0113rta p\u0101rvald\u012bba ar mobilo lietotni.\" \/>\n<meta name=\"robots\" content=\"index, follow, max-snippet:-1, max-image-preview:large, max-video-preview:-1\" \/>\n<link rel=\"canonical\" href=\"https:\/\/balticoverlanders.eu\/lv\/produkts\/dometic-cfx3-35-portativais-kompresora-dzesetajs-36-l\/\" \/>\n<meta property=\"og:locale\" content=\"lv_LV\" \/>\n<meta property=\"og:type\" content=\"article\" \/>\n<meta property=\"og:title\" content=\"Dometic CFX3 35 Portat\u012bvais kompresora dzes\u0113t\u0101js, 36 l - BALTIC OVERLANDERS\" \/>\n<meta property=\"og:description\" content=\"Dometic CFX3: vislab\u0101kais dzes\u0113t\u0101js \u0101ra piedz\u012bvojumiem. Iztur\u012bgs dizains, efekt\u012bva dzes\u0113\u0161ana un \u0113rta p\u0101rvald\u012bba ar mobilo lietotni.\" \/>\n<meta property=\"og:url\" content=\"https:\/\/balticoverlanders.eu\/lv\/produkts\/dometic-cfx3-35-portativais-kompresora-dzesetajs-36-l\/\" \/>\n<meta property=\"og:site_name\" content=\"BALTIC OVERLANDERS\" \/>\n<meta property=\"article:modified_time\" content=\"2024-05-06T19:42:55+00:00\" \/>\n<meta property=\"og:image\" content=\"https:\/\/balticoverlanders.eu\/wp-content\/uploads\/2024\/02\/cfx3-45-9600025326-p401_lowres.jpg\" \/>\n\t<meta property=\"og:image:width\" content=\"1024\" \/>\n\t<meta property=\"og:image:height\" content=\"768\" \/>\n\t<meta property=\"og:image:type\" content=\"image\/jpeg\" \/>\n<meta name=\"twitter:card\" content=\"summary_large_image\" \/>\n<meta name=\"twitter:label1\" content=\"Est. reading time\" \/>\n\t<meta name=\"twitter:data1\" content=\"2 minutes\" \/>\n<script type=\"application\/ld+json\" class=\"yoast-schema-graph\">{\"@context\":\"https:\\\/\\\/schema.org\",\"@graph\":[{\"@type\":\"WebPage\",\"@id\":\"https:\\\/\\\/balticoverlanders.eu\\\/lv\\\/produkts\\\/dometic-cfx3-35-portativais-kompresora-dzesetajs-36-l\\\/\",\"url\":\"https:\\\/\\\/balticoverlanders.eu\\\/lv\\\/produkts\\\/dometic-cfx3-35-portativais-kompresora-dzesetajs-36-l\\\/\",\"name\":\"Dometic CFX3 35 Portat\u012bvais kompresora dzes\u0113t\u0101js, 36 l - BALTIC OVERLANDERS\",\"isPartOf\":{\"@id\":\"https:\\\/\\\/balticoverlanders.eu\\\/lv\\\/#website\"},\"primaryImageOfPage\":{\"@id\":\"https:\\\/\\\/balticoverlanders.eu\\\/lv\\\/produkts\\\/dometic-cfx3-35-portativais-kompresora-dzesetajs-36-l\\\/#primaryimage\"},\"image\":{\"@id\":\"https:\\\/\\\/balticoverlanders.eu\\\/lv\\\/produkts\\\/dometic-cfx3-35-portativais-kompresora-dzesetajs-36-l\\\/#primaryimage\"},\"thumbnailUrl\":\"https:\\\/\\\/balticoverlanders.eu\\\/wp-content\\\/uploads\\\/2024\\\/02\\\/cfx3-45-9600025326-p401_lowres.jpg\",\"datePublished\":\"2024-02-12T13:46:55+00:00\",\"dateModified\":\"2024-05-06T19:42:55+00:00\",\"description\":\"Dometic CFX3: vislab\u0101kais dzes\u0113t\u0101js \u0101ra piedz\u012bvojumiem. Iztur\u012bgs dizains, efekt\u012bva dzes\u0113\u0161ana un \u0113rta p\u0101rvald\u012bba ar mobilo lietotni.\",\"breadcrumb\":{\"@id\":\"https:\\\/\\\/balticoverlanders.eu\\\/lv\\\/produkts\\\/dometic-cfx3-35-portativais-kompresora-dzesetajs-36-l\\\/#breadcrumb\"},\"inLanguage\":\"lv-LV\",\"potentialAction\":[{\"@type\":\"ReadAction\",\"target\":[\"https:\\\/\\\/balticoverlanders.eu\\\/lv\\\/produkts\\\/dometic-cfx3-35-portativais-kompresora-dzesetajs-36-l\\\/\"]}]},{\"@type\":\"ImageObject\",\"inLanguage\":\"lv-LV\",\"@id\":\"https:\\\/\\\/balticoverlanders.eu\\\/lv\\\/produkts\\\/dometic-cfx3-35-portativais-kompresora-dzesetajs-36-l\\\/#primaryimage\",\"url\":\"https:\\\/\\\/balticoverlanders.eu\\\/wp-content\\\/uploads\\\/2024\\\/02\\\/cfx3-45-9600025326-p401_lowres.jpg\",\"contentUrl\":\"https:\\\/\\\/balticoverlanders.eu\\\/wp-content\\\/uploads\\\/2024\\\/02\\\/cfx3-45-9600025326-p401_lowres.jpg\",\"width\":1024,\"height\":768},{\"@type\":\"BreadcrumbList\",\"@id\":\"https:\\\/\\\/balticoverlanders.eu\\\/lv\\\/produkts\\\/dometic-cfx3-35-portativais-kompresora-dzesetajs-36-l\\\/#breadcrumb\",\"itemListElement\":[{\"@type\":\"ListItem\",\"position\":1,\"name\":\"Home\",\"item\":\"https:\\\/\\\/balticoverlanders.eu\\\/lv\\\/\"},{\"@type\":\"ListItem\",\"position\":2,\"name\":\"Veikals\",\"item\":\"https:\\\/\\\/balticoverlanders.eu\\\/lv\\\/veikals\\\/\"},{\"@type\":\"ListItem\",\"position\":3,\"name\":\"Dometic CFX3 35 Portat\u012bvais kompresora dzes\u0113t\u0101js, 36 l\"}]},{\"@type\":\"WebSite\",\"@id\":\"https:\\\/\\\/balticoverlanders.eu\\\/lv\\\/#website\",\"url\":\"https:\\\/\\\/balticoverlanders.eu\\\/lv\\\/\",\"name\":\"BALTIC OVERLANDERS\",\"description\":\"Your one-stop shop in Latvia, Estonia, and Lithuania for all your car camping, rooftop tent and accessory needs.\",\"publisher\":{\"@id\":\"https:\\\/\\\/balticoverlanders.eu\\\/lv\\\/#organization\"},\"potentialAction\":[{\"@type\":\"SearchAction\",\"target\":{\"@type\":\"EntryPoint\",\"urlTemplate\":\"https:\\\/\\\/balticoverlanders.eu\\\/lv\\\/?s={search_term_string}\"},\"query-input\":{\"@type\":\"PropertyValueSpecification\",\"valueRequired\":true,\"valueName\":\"search_term_string\"}}],\"inLanguage\":\"lv-LV\"},{\"@type\":\"Organization\",\"@id\":\"https:\\\/\\\/balticoverlanders.eu\\\/lv\\\/#organization\",\"name\":\"BALTIC OVERLANDERS\",\"url\":\"https:\\\/\\\/balticoverlanders.eu\\\/lv\\\/\",\"logo\":{\"@type\":\"ImageObject\",\"inLanguage\":\"lv-LV\",\"@id\":\"https:\\\/\\\/balticoverlanders.eu\\\/lv\\\/#\\\/schema\\\/logo\\\/image\\\/\",\"url\":\"https:\\\/\\\/balticoverlanders.eu\\\/wp-content\\\/uploads\\\/2023\\\/04\\\/BALTIC-OVERLANDERS-LOGO.jpg\",\"contentUrl\":\"https:\\\/\\\/balticoverlanders.eu\\\/wp-content\\\/uploads\\\/2023\\\/04\\\/BALTIC-OVERLANDERS-LOGO.jpg\",\"width\":1497,\"height\":310,\"caption\":\"BALTIC OVERLANDERS\"},\"image\":{\"@id\":\"https:\\\/\\\/balticoverlanders.eu\\\/lv\\\/#\\\/schema\\\/logo\\\/image\\\/\"},\"sameAs\":[\"https:\\\/\\\/www.instagram.com\\\/balticoverlanders\\\/\"]}]}<\/script>\n<!-- \/ Yoast SEO plugin. -->","yoast_head_json":{"title":"Dometic CFX3 35 Portat\u012bvais kompresora dzes\u0113t\u0101js, 36 l - BALTIC OVERLANDERS","description":"Dometic CFX3: vislab\u0101kais dzes\u0113t\u0101js \u0101ra piedz\u012bvojumiem. Iztur\u012bgs dizains, efekt\u012bva dzes\u0113\u0161ana un \u0113rta p\u0101rvald\u012bba ar mobilo lietotni.","robots":{"index":"index","follow":"follow","max-snippet":"max-snippet:-1","max-image-preview":"max-image-preview:large","max-video-preview":"max-video-preview:-1"},"canonical":"https:\/\/balticoverlanders.eu\/lv\/produkts\/dometic-cfx3-35-portativais-kompresora-dzesetajs-36-l\/","og_locale":"lv_LV","og_type":"article","og_title":"Dometic CFX3 35 Portat\u012bvais kompresora dzes\u0113t\u0101js, 36 l - BALTIC OVERLANDERS","og_description":"Dometic CFX3: vislab\u0101kais dzes\u0113t\u0101js \u0101ra piedz\u012bvojumiem. Iztur\u012bgs dizains, efekt\u012bva dzes\u0113\u0161ana un \u0113rta p\u0101rvald\u012bba ar mobilo lietotni.","og_url":"https:\/\/balticoverlanders.eu\/lv\/produkts\/dometic-cfx3-35-portativais-kompresora-dzesetajs-36-l\/","og_site_name":"BALTIC OVERLANDERS","article_modified_time":"2024-05-06T19:42:55+00:00","og_image":[{"width":1024,"height":768,"url":"https:\/\/balticoverlanders.eu\/wp-content\/uploads\/2024\/02\/cfx3-45-9600025326-p401_lowres.jpg","type":"image\/jpeg"}],"twitter_card":"summary_large_image","twitter_misc":{"Est. reading time":"2 minutes"},"schema":{"@context":"https:\/\/schema.org","@graph":[{"@type":"WebPage","@id":"https:\/\/balticoverlanders.eu\/lv\/produkts\/dometic-cfx3-35-portativais-kompresora-dzesetajs-36-l\/","url":"https:\/\/balticoverlanders.eu\/lv\/produkts\/dometic-cfx3-35-portativais-kompresora-dzesetajs-36-l\/","name":"Dometic CFX3 35 Portat\u012bvais kompresora dzes\u0113t\u0101js, 36 l - BALTIC OVERLANDERS","isPartOf":{"@id":"https:\/\/balticoverlanders.eu\/lv\/#website"},"primaryImageOfPage":{"@id":"https:\/\/balticoverlanders.eu\/lv\/produkts\/dometic-cfx3-35-portativais-kompresora-dzesetajs-36-l\/#primaryimage"},"image":{"@id":"https:\/\/balticoverlanders.eu\/lv\/produkts\/dometic-cfx3-35-portativais-kompresora-dzesetajs-36-l\/#primaryimage"},"thumbnailUrl":"https:\/\/balticoverlanders.eu\/wp-content\/uploads\/2024\/02\/cfx3-45-9600025326-p401_lowres.jpg","datePublished":"2024-02-12T13:46:55+00:00","dateModified":"2024-05-06T19:42:55+00:00","description":"Dometic CFX3: vislab\u0101kais dzes\u0113t\u0101js \u0101ra piedz\u012bvojumiem. Iztur\u012bgs dizains, efekt\u012bva dzes\u0113\u0161ana un \u0113rta p\u0101rvald\u012bba ar mobilo lietotni.","breadcrumb":{"@id":"https:\/\/balticoverlanders.eu\/lv\/produkts\/dometic-cfx3-35-portativais-kompresora-dzesetajs-36-l\/#breadcrumb"},"inLanguage":"lv-LV","potentialAction":[{"@type":"ReadAction","target":["https:\/\/balticoverlanders.eu\/lv\/produkts\/dometic-cfx3-35-portativais-kompresora-dzesetajs-36-l\/"]}]},{"@type":"ImageObject","inLanguage":"lv-LV","@id":"https:\/\/balticoverlanders.eu\/lv\/produkts\/dometic-cfx3-35-portativais-kompresora-dzesetajs-36-l\/#primaryimage","url":"https:\/\/balticoverlanders.eu\/wp-content\/uploads\/2024\/02\/cfx3-45-9600025326-p401_lowres.jpg","contentUrl":"https:\/\/balticoverlanders.eu\/wp-content\/uploads\/2024\/02\/cfx3-45-9600025326-p401_lowres.jpg","width":1024,"height":768},{"@type":"BreadcrumbList","@id":"https:\/\/balticoverlanders.eu\/lv\/produkts\/dometic-cfx3-35-portativais-kompresora-dzesetajs-36-l\/#breadcrumb","itemListElement":[{"@type":"ListItem","position":1,"name":"Home","item":"https:\/\/balticoverlanders.eu\/lv\/"},{"@type":"ListItem","position":2,"name":"Veikals","item":"https:\/\/balticoverlanders.eu\/lv\/veikals\/"},{"@type":"ListItem","position":3,"name":"Dometic CFX3 35 Portat\u012bvais kompresora dzes\u0113t\u0101js, 36 l"}]},{"@type":"WebSite","@id":"https:\/\/balticoverlanders.eu\/lv\/#website","url":"https:\/\/balticoverlanders.eu\/lv\/","name":"BALTIC OVERLANDERS","description":"Your one-stop shop in Latvia, Estonia, and Lithuania for all your car camping, rooftop tent and accessory needs.","publisher":{"@id":"https:\/\/balticoverlanders.eu\/lv\/#organization"},"potentialAction":[{"@type":"SearchAction","target":{"@type":"EntryPoint","urlTemplate":"https:\/\/balticoverlanders.eu\/lv\/?s={search_term_string}"},"query-input":{"@type":"PropertyValueSpecification","valueRequired":true,"valueName":"search_term_string"}}],"inLanguage":"lv-LV"},{"@type":"Organization","@id":"https:\/\/balticoverlanders.eu\/lv\/#organization","name":"BALTIC OVERLANDERS","url":"https:\/\/balticoverlanders.eu\/lv\/","logo":{"@type":"ImageObject","inLanguage":"lv-LV","@id":"https:\/\/balticoverlanders.eu\/lv\/#\/schema\/logo\/image\/","url":"https:\/\/balticoverlanders.eu\/wp-content\/uploads\/2023\/04\/BALTIC-OVERLANDERS-LOGO.jpg","contentUrl":"https:\/\/balticoverlanders.eu\/wp-content\/uploads\/2023\/04\/BALTIC-OVERLANDERS-LOGO.jpg","width":1497,"height":310,"caption":"BALTIC OVERLANDERS"},"image":{"@id":"https:\/\/balticoverlanders.eu\/lv\/#\/schema\/logo\/image\/"},"sameAs":["https:\/\/www.instagram.com\/balticoverlanders\/"]}]}},"_links":{"self":[{"href":"https:\/\/balticoverlanders.eu\/lv\/wp-json\/wp\/v2\/product\/39462","targetHints":{"allow":["GET"]}}],"collection":[{"href":"https:\/\/balticoverlanders.eu\/lv\/wp-json\/wp\/v2\/product"}],"about":[{"href":"https:\/\/balticoverlanders.eu\/lv\/wp-json\/wp\/v2\/types\/product"}],"wp:featuredmedia":[{"embeddable":true,"href":"https:\/\/balticoverlanders.eu\/lv\/wp-json\/wp\/v2\/media\/31228"}],"wp:attachment":[{"href":"https:\/\/balticoverlanders.eu\/lv\/wp-json\/wp\/v2\/media?parent=39462"}],"wp:term":[{"taxonomy":"product_brand","embeddable":true,"href":"https:\/\/balticoverlanders.eu\/lv\/wp-json\/wp\/v2\/product_brand?post=39462"},{"taxonomy":"product_cat","embeddable":true,"href":"https:\/\/balticoverlanders.eu\/lv\/wp-json\/wp\/v2\/product_cat?post=39462"},{"taxonomy":"product_tag","embeddable":true,"href":"https:\/\/balticoverlanders.eu\/lv\/wp-json\/wp\/v2\/product_tag?post=39462"}],"curies":[{"name":"wp","href":"https:\/\/api.w.org\/{rel}","templated":true}]}}